{"id":5345,"date":"2026-04-27T04:40:35","date_gmt":"2026-04-27T04:40:35","guid":{"rendered":""},"modified":"2026-04-27T04:40:35","modified_gmt":"2026-04-27T04:40:35","slug":"ksk-belt-hammer-2000-mm-x-6-mm-koupit-online-5345","status":"publish","type":"product","link":"https:\/\/www.domkraftpro.com\/index.php\/produkt\/ksk-belt-hammer-2000-mm-x-6-mm-koupit-online-5345\/","title":{"rendered":"KSK-BELT Hammer 2000 mm x 6 mm Koupit Online"},"content":{"rendered":"<div class=\"detail-description__right\">\n<div class=\"parameters\">\n<div class=\"table table--simple\">\n<table>\n<tbody>\n<tr>\n<td colspan=\"2\">\n<h4>Parametry<\/h4>\n<\/td>\n<\/tr>\n<tr>\n<td>Materi\u00e1l<\/td>\n<td>pry\u017e<\/td>\n<\/tr>\n<tr>\n<td>Z\u00e1klad sm\u011bsi<\/td>\n<td>butadien-styrenov\u00fd kau\u010duk<\/td>\n<\/tr>\n<tr data-perex=\"1\">\n<td>Tlou\u0161\u0165ka<\/td>\n<td>6\u00a0\u2013 10\u00a0mm<\/td>\n<\/tr>\n<tr data-perex=\"1\">\n<td>\u0160\u00ed\u0159ka<\/td>\n<td>2000 mm<\/td>\n<\/tr>\n<tr data-perex=\"1\">\n<td>D\u00e9lka<\/td>\n<td>60000 mm<\/td>\n<\/tr>\n<tr data-perex=\"1\">\n<td>Dez\u00e9n<\/td>\n<td>klad\u00edvkov\u00fd \/ otisk textilu<\/td>\n<\/tr>\n<tr>\n<td>Plo\u0161n\u00e1 hmotnost<\/td>\n<td>8,4\u00a0\u2013 14\u00a0kg\/m<sup>2<\/sup><\/td>\n<\/tr>\n<tr>\n<td>Barva<\/td>\n<td>\u010dern\u00e1<\/td>\n<\/tr>\n<tr>\n<td colspan=\"2\">\n<h4>Fyzik\u00e1ln\u00ed vlastnosti<\/h4>\n<\/td>\n<\/tr>\n<tr>\n<td>Ta\u017enost<\/td>\n<td>170 %<\/td>\n<\/tr>\n<tr>\n<td>Tvrdost<\/td>\n<td>68 \u00b1 5\u00a0Sh\u00b0A<\/td>\n<\/tr>\n<tr>\n<td>Min. pevnost<\/td>\n<td>5 MPa<\/td>\n<\/tr>\n<tr>\n<td>Absorpce vibrac\u00ed<\/td>\n<td>ano<\/td>\n<\/tr>\n<tr>\n<td>Tlumen\u00ed zvuku<\/td>\n<td>ano<\/td>\n<\/tr>\n<tr>\n<td>Ohnivzdornost<\/td>\n<td>F<\/td>\n<\/tr>\n<tr>\n<td>Protiskluznost<\/td>\n<td>ano<\/td>\n<\/tr>\n<tr>\n<td>UV st\u00e1lost<\/td>\n<td>&#8211;<\/td>\n<\/tr>\n<tr>\n<td>Chemick\u00e1 odolnost<\/td>\n<td>&#8211;<\/td>\n<\/tr>\n<tr>\n<td colspan=\"2\">\n<h4>Instalace<\/h4>\n<\/td>\n<\/tr>\n<tr>\n<td>Podklad<\/td>\n<td>rovn\u00fd, such\u00fd a \u010dist\u00fd<\/td>\n<\/tr>\n<tr>\n<td>Pokl\u00e1dka s\u00a0lepen\u00edm<\/td>\n<td>Chemopr\u00e9n, Thomsit R 710, Scobax Tetrapur<\/td>\n<\/tr>\n<tr>\n<td>Pokl\u00e1dka bez lepen\u00ed<\/td>\n<td>ano<\/td>\n<\/tr>\n<tr>\n<td>Instala\u010dn\u00ed teplota<\/td>\n<td>min. +5\u00b0C<\/td>\n<\/tr>\n<tr>\n<td colspan=\"2\">\n<h4>Balen\u00ed<\/h4>\n<\/td>\n<\/tr>\n<tr>\n<td>Po\u010det<\/td>\n<td>1 ks<\/td>\n<\/tr>\n<tr>\n<td>Plocha<\/td>\n<td>1,65\u00a0\u2013 120,00\u00a0m<sup>2<\/sup><\/td>\n<\/tr>\n<tr>\n<td>Hmotnost<\/td>\n<td>&#8211;<\/td>\n<\/tr>\n<tr>\n<td colspan=\"2\">\n<h4>Parametry<\/h4>\n<\/td>\n<\/tr>\n<tr>\n<td>P\u016fvod<\/td>\n<td>Vyrobeno v\u00a0\u010cR<\/td>\n<\/tr>\n<tr>\n<td>Z\u00e1ruka<\/td>\n<td>2 roky<\/td>\n<\/tr>\n<tr>\n<td>Zna\u010dka<\/td>\n<td>KSK-BELT<\/td>\n<\/tr>\n<\/tbody>\n<\/table><\/div>\n<\/div><\/div>\n<div class=\"detail-description__top\">\n<div class=\"rating-promo\">\n<div class=\"raty raty--big\" data-score=\"5\" data-read-only=\"true\" title=\"5\"><\/div>\n<div class=\"rating-promo__number\">\t\t\t<strong>4<\/strong><small>recenze<\/small>\t\t<\/div>\n<div class=\"rating-promo__number\">\t\t\t<strong>4<\/strong><small>z\u00e1kazn\u00edci doporu\u010duj\u00ed<\/small>\t\t<\/div>\n<p>\t\tV\u0161echny recenze\t<\/p><\/div>\n<\/p><\/div>\n<div class=\"detail-description__left\">\n<div class=\"detail-description__left__overflow\">\n<div class=\"detail-description__left__head\">\t\t\t\t\t\tPopis:\t\t\t\t\t<\/div>\n<div class=\"ul-style ul-style--check\">\n<p>Kladivkov\u00fd profil a otisk textilu na rubu u u\u017eitkov\u00e9 pry\u017ee\u00a0<strong>zvy\u0161uje bezpe\u010dnost pou\u017eit\u00ed<\/strong>. Ide\u00e1ln\u00ed pro pou\u017eit\u00ed v prostorech, kde je nutn\u00e1 odolnost a bezpe\u010dnost.\u00a0<strong>Gumov\u00e1 podlaha s klad\u00edvkov\u00fdm profilem<\/strong>\u00a0m\u00e1 vynikaj\u00edc\u00ed protiskluzov\u00e9 i protihlukov\u00e9 vlastnosti a slou\u017e\u00ed jako izolace. Je velice nen\u00e1ro\u010dn\u00e1 na \u00fadr\u017ebu, snadno i rychle se pokl\u00e1d\u00e1 i \u010dist\u00ed.<\/p>\n<ul class=\"plusminus\">\n<li><i class=\"fas fa-check\"><\/i><span>Protihlukov\u00e9 vlastnosti<\/span><\/li>\n<li><i class=\"fas fa-check\"><\/i><span>Protiskluzov\u00fd efekt<\/span><\/li>\n<\/ul>\n<\/div>\n<div class=\"detail-description__left__more\">\t\t\t\t\t\t<span> <\/span><span> <\/span>\t\t\t\t\t<\/div>\n<\/p><\/div>\n<div class=\"extra-note\">\n<p>U men\u0161\u00edch zak\u00e1zek do 10 m\u00b2 je \u00fa\u010dtov\u00e1n manipula\u010dn\u00ed poplatek 250 K\u010d za individu\u00e1ln\u00ed p\u0159\u00edpravu a zpracov\u00e1n\u00ed objedn\u00e1vky. Poplatek bude p\u0159ipo\u010dten po dokon\u010den\u00ed objedn\u00e1vky.<\/p>\n<\/p><\/div>\n<\/p><\/div>\n<div class=\"detail-description__more\"><span> <\/span><span> <\/span><\/div>\n<\/p><\/div>\n<\/p><\/div>\n","protected":false},"excerpt":{"rendered":"<p>Parametry Materi\u00e1l pry\u017e Z\u00e1klad sm\u011bsi butadien-styrenov\u00fd kau\u010duk Tlou\u0161\u0165ka 6\u00a0\u2013 10\u00a0mm \u0160\u00ed\u0159ka 2000 mm D\u00e9lka 60000 mm Dez\u00e9n klad\u00edvkov\u00fd \/ otisk textilu Plo\u0161n\u00e1 hmotnost 8,4\u00a0\u2013 14\u00a0kg\/m2 Barva \u010dern\u00e1 Fyzik\u00e1ln\u00ed vlastnosti Ta\u017enost 170 % Tvrdost 68 \u00b1 5\u00a0Sh\u00b0A Min. pevnost 5 MPa Absorpce vibrac\u00ed ano Tlumen\u00ed zvuku ano Ohnivzdornost F Protiskluznost ano UV st\u00e1lost &#8211; Chemick\u00e1 odolnost [&hellip;]<\/p>\n","protected":false},"featured_media":5445,"comment_status":"open","ping_status":"open","template":"","meta":[],"product_brand":[],"product_cat":[47],"product_tag":[],"class_list":{"0":"post-5345","1":"product","2":"type-product","3":"status-publish","4":"has-post-thumbnail","6":"product_cat-zahrada","8":"first","9":"instock","10":"sale","11":"shipping-taxable","12":"purchasable","13":"product-type-simple"},"yoast_head":"<!-- This site is optimized with the Yoast SEO plugin v26.8 - https:\/\/yoast.com\/product\/yoast-seo-wordpress\/ -->\n<title>KSK-BELT Hammer 2000 mm x 6 mm Koupit Online -<\/title>\n<meta name=\"robots\" content=\"index, follow, max-snippet:-1, max-image-preview:large, max-video-preview:-1\" \/>\n<link rel=\"canonical\" href=\"https:\/\/www.domkraftpro.com\/index.php\/produkt\/ksk-belt-hammer-2000-mm-x-6-mm-koupit-online-5345\/\" \/>\n<meta property=\"og:locale\" content=\"cs_CZ\" \/>\n<meta property=\"og:type\" content=\"article\" \/>\n<meta property=\"og:title\" content=\"KSK-BELT Hammer 2000 mm x 6 mm Koupit Online -\" \/>\n<meta property=\"og:description\" content=\"Parametry Materi\u00e1l pry\u017e Z\u00e1klad sm\u011bsi butadien-styrenov\u00fd kau\u010duk Tlou\u0161\u0165ka 6\u00a0\u2013 10\u00a0mm \u0160\u00ed\u0159ka 2000 mm D\u00e9lka 60000 mm Dez\u00e9n klad\u00edvkov\u00fd \/ otisk textilu Plo\u0161n\u00e1 hmotnost 8,4\u00a0\u2013 14\u00a0kg\/m2 Barva \u010dern\u00e1 Fyzik\u00e1ln\u00ed vlastnosti Ta\u017enost 170 % Tvrdost 68 \u00b1 5\u00a0Sh\u00b0A Min. pevnost 5 MPa Absorpce vibrac\u00ed ano Tlumen\u00ed zvuku ano Ohnivzdornost F Protiskluznost ano UV st\u00e1lost &#8211; Chemick\u00e1 odolnost [&hellip;]\" \/>\n<meta property=\"og:url\" content=\"https:\/\/www.domkraftpro.com\/index.php\/produkt\/ksk-belt-hammer-2000-mm-x-6-mm-koupit-online-5345\/\" \/>\n<meta property=\"og:image\" content=\"https:\/\/www.domkraftpro.com\/wp-content\/uploads\/2026\/SK0009338-CZ20260425-091936-0-1777079982-gumova-podlahovina-s-kladivkovym-profilem-ksk-belt-hammer-w.webp\" \/>\n\t<meta property=\"og:image:width\" content=\"1000\" \/>\n\t<meta property=\"og:image:height\" content=\"523\" \/>\n\t<meta property=\"og:image:type\" content=\"image\/webp\" \/>\n<meta name=\"twitter:card\" content=\"summary_large_image\" \/>\n<meta name=\"twitter:label1\" content=\"Odhadovan\u00e1 doba \u010dten\u00ed\" \/>\n\t<meta name=\"twitter:data1\" content=\"1 minuta\" \/>\n<script type=\"application\/ld+json\" class=\"yoast-schema-graph\">{\"@context\":\"https:\/\/schema.org\",\"@graph\":[{\"@type\":\"WebPage\",\"@id\":\"https:\/\/www.domkraftpro.com\/index.php\/produkt\/ksk-belt-hammer-2000-mm-x-6-mm-koupit-online-5345\/\",\"url\":\"https:\/\/www.domkraftpro.com\/index.php\/produkt\/ksk-belt-hammer-2000-mm-x-6-mm-koupit-online-5345\/\",\"name\":\"KSK-BELT Hammer 2000 mm x 6 mm Koupit Online -\",\"isPartOf\":{\"@id\":\"https:\/\/www.domkraftpro.com\/#website\"},\"primaryImageOfPage\":{\"@id\":\"https:\/\/www.domkraftpro.com\/index.php\/produkt\/ksk-belt-hammer-2000-mm-x-6-mm-koupit-online-5345\/#primaryimage\"},\"image\":{\"@id\":\"https:\/\/www.domkraftpro.com\/index.php\/produkt\/ksk-belt-hammer-2000-mm-x-6-mm-koupit-online-5345\/#primaryimage\"},\"thumbnailUrl\":\"https:\/\/www.domkraftpro.com\/wp-content\/uploads\/2026\/SK0009338-CZ20260425-091936-0-1777079982-gumova-podlahovina-s-kladivkovym-profilem-ksk-belt-hammer-w.webp\",\"datePublished\":\"2026-04-27T04:40:35+00:00\",\"breadcrumb\":{\"@id\":\"https:\/\/www.domkraftpro.com\/index.php\/produkt\/ksk-belt-hammer-2000-mm-x-6-mm-koupit-online-5345\/#breadcrumb\"},\"inLanguage\":\"cs\",\"potentialAction\":[{\"@type\":\"ReadAction\",\"target\":[\"https:\/\/www.domkraftpro.com\/index.php\/produkt\/ksk-belt-hammer-2000-mm-x-6-mm-koupit-online-5345\/\"]}]},{\"@type\":\"ImageObject\",\"inLanguage\":\"cs\",\"@id\":\"https:\/\/www.domkraftpro.com\/index.php\/produkt\/ksk-belt-hammer-2000-mm-x-6-mm-koupit-online-5345\/#primaryimage\",\"url\":\"https:\/\/www.domkraftpro.com\/wp-content\/uploads\/2026\/SK0009338-CZ20260425-091936-0-1777079982-gumova-podlahovina-s-kladivkovym-profilem-ksk-belt-hammer-w.webp\",\"contentUrl\":\"https:\/\/www.domkraftpro.com\/wp-content\/uploads\/2026\/SK0009338-CZ20260425-091936-0-1777079982-gumova-podlahovina-s-kladivkovym-profilem-ksk-belt-hammer-w.webp\",\"width\":1000,\"height\":523},{\"@type\":\"BreadcrumbList\",\"@id\":\"https:\/\/www.domkraftpro.com\/index.php\/produkt\/ksk-belt-hammer-2000-mm-x-6-mm-koupit-online-5345\/#breadcrumb\",\"itemListElement\":[{\"@type\":\"ListItem\",\"position\":1,\"name\":\"Home\",\"item\":\"https:\/\/www.domkraftpro.com\/\"},{\"@type\":\"ListItem\",\"position\":2,\"name\":\"Products\",\"item\":\"https:\/\/www.domkraftpro.com\/index.php\/products\/\"},{\"@type\":\"ListItem\",\"position\":3,\"name\":\"KSK-BELT Hammer 2000 mm x 6 mm Koupit Online\"}]},{\"@type\":\"WebSite\",\"@id\":\"https:\/\/www.domkraftpro.com\/#website\",\"url\":\"https:\/\/www.domkraftpro.com\/\",\"name\":\"\",\"description\":\"\",\"potentialAction\":[{\"@type\":\"SearchAction\",\"target\":{\"@type\":\"EntryPoint\",\"urlTemplate\":\"https:\/\/www.domkraftpro.com\/?s={search_term_string}\"},\"query-input\":{\"@type\":\"PropertyValueSpecification\",\"valueRequired\":true,\"valueName\":\"search_term_string\"}}],\"inLanguage\":\"cs\"}]}<\/script>\n<!-- \/ Yoast SEO plugin. -->","yoast_head_json":{"title":"KSK-BELT Hammer 2000 mm x 6 mm Koupit Online -","robots":{"index":"index","follow":"follow","max-snippet":"max-snippet:-1","max-image-preview":"max-image-preview:large","max-video-preview":"max-video-preview:-1"},"canonical":"https:\/\/www.domkraftpro.com\/index.php\/produkt\/ksk-belt-hammer-2000-mm-x-6-mm-koupit-online-5345\/","og_locale":"cs_CZ","og_type":"article","og_title":"KSK-BELT Hammer 2000 mm x 6 mm Koupit Online -","og_description":"Parametry Materi\u00e1l pry\u017e Z\u00e1klad sm\u011bsi butadien-styrenov\u00fd kau\u010duk Tlou\u0161\u0165ka 6\u00a0\u2013 10\u00a0mm \u0160\u00ed\u0159ka 2000 mm D\u00e9lka 60000 mm Dez\u00e9n klad\u00edvkov\u00fd \/ otisk textilu Plo\u0161n\u00e1 hmotnost 8,4\u00a0\u2013 14\u00a0kg\/m2 Barva \u010dern\u00e1 Fyzik\u00e1ln\u00ed vlastnosti Ta\u017enost 170 % Tvrdost 68 \u00b1 5\u00a0Sh\u00b0A Min. pevnost 5 MPa Absorpce vibrac\u00ed ano Tlumen\u00ed zvuku ano Ohnivzdornost F Protiskluznost ano UV st\u00e1lost &#8211; Chemick\u00e1 odolnost [&hellip;]","og_url":"https:\/\/www.domkraftpro.com\/index.php\/produkt\/ksk-belt-hammer-2000-mm-x-6-mm-koupit-online-5345\/","og_image":[{"width":1000,"height":523,"url":"https:\/\/www.domkraftpro.com\/wp-content\/uploads\/2026\/SK0009338-CZ20260425-091936-0-1777079982-gumova-podlahovina-s-kladivkovym-profilem-ksk-belt-hammer-w.webp","type":"image\/webp"}],"twitter_card":"summary_large_image","twitter_misc":{"Odhadovan\u00e1 doba \u010dten\u00ed":"1 minuta"},"schema":{"@context":"https:\/\/schema.org","@graph":[{"@type":"WebPage","@id":"https:\/\/www.domkraftpro.com\/index.php\/produkt\/ksk-belt-hammer-2000-mm-x-6-mm-koupit-online-5345\/","url":"https:\/\/www.domkraftpro.com\/index.php\/produkt\/ksk-belt-hammer-2000-mm-x-6-mm-koupit-online-5345\/","name":"KSK-BELT Hammer 2000 mm x 6 mm Koupit Online -","isPartOf":{"@id":"https:\/\/www.domkraftpro.com\/#website"},"primaryImageOfPage":{"@id":"https:\/\/www.domkraftpro.com\/index.php\/produkt\/ksk-belt-hammer-2000-mm-x-6-mm-koupit-online-5345\/#primaryimage"},"image":{"@id":"https:\/\/www.domkraftpro.com\/index.php\/produkt\/ksk-belt-hammer-2000-mm-x-6-mm-koupit-online-5345\/#primaryimage"},"thumbnailUrl":"https:\/\/www.domkraftpro.com\/wp-content\/uploads\/2026\/SK0009338-CZ20260425-091936-0-1777079982-gumova-podlahovina-s-kladivkovym-profilem-ksk-belt-hammer-w.webp","datePublished":"2026-04-27T04:40:35+00:00","breadcrumb":{"@id":"https:\/\/www.domkraftpro.com\/index.php\/produkt\/ksk-belt-hammer-2000-mm-x-6-mm-koupit-online-5345\/#breadcrumb"},"inLanguage":"cs","potentialAction":[{"@type":"ReadAction","target":["https:\/\/www.domkraftpro.com\/index.php\/produkt\/ksk-belt-hammer-2000-mm-x-6-mm-koupit-online-5345\/"]}]},{"@type":"ImageObject","inLanguage":"cs","@id":"https:\/\/www.domkraftpro.com\/index.php\/produkt\/ksk-belt-hammer-2000-mm-x-6-mm-koupit-online-5345\/#primaryimage","url":"https:\/\/www.domkraftpro.com\/wp-content\/uploads\/2026\/SK0009338-CZ20260425-091936-0-1777079982-gumova-podlahovina-s-kladivkovym-profilem-ksk-belt-hammer-w.webp","contentUrl":"https:\/\/www.domkraftpro.com\/wp-content\/uploads\/2026\/SK0009338-CZ20260425-091936-0-1777079982-gumova-podlahovina-s-kladivkovym-profilem-ksk-belt-hammer-w.webp","width":1000,"height":523},{"@type":"BreadcrumbList","@id":"https:\/\/www.domkraftpro.com\/index.php\/produkt\/ksk-belt-hammer-2000-mm-x-6-mm-koupit-online-5345\/#breadcrumb","itemListElement":[{"@type":"ListItem","position":1,"name":"Home","item":"https:\/\/www.domkraftpro.com\/"},{"@type":"ListItem","position":2,"name":"Products","item":"https:\/\/www.domkraftpro.com\/index.php\/products\/"},{"@type":"ListItem","position":3,"name":"KSK-BELT Hammer 2000 mm x 6 mm Koupit Online"}]},{"@type":"WebSite","@id":"https:\/\/www.domkraftpro.com\/#website","url":"https:\/\/www.domkraftpro.com\/","name":"","description":"","potentialAction":[{"@type":"SearchAction","target":{"@type":"EntryPoint","urlTemplate":"https:\/\/www.domkraftpro.com\/?s={search_term_string}"},"query-input":{"@type":"PropertyValueSpecification","valueRequired":true,"valueName":"search_term_string"}}],"inLanguage":"cs"}]}},"_links":{"self":[{"href":"https:\/\/www.domkraftpro.com\/index.php\/wp-json\/wp\/v2\/product\/5345","targetHints":{"allow":["GET"]}}],"collection":[{"href":"https:\/\/www.domkraftpro.com\/index.php\/wp-json\/wp\/v2\/product"}],"about":[{"href":"https:\/\/www.domkraftpro.com\/index.php\/wp-json\/wp\/v2\/types\/product"}],"replies":[{"embeddable":true,"href":"https:\/\/www.domkraftpro.com\/index.php\/wp-json\/wp\/v2\/comments?post=5345"}],"wp:featuredmedia":[{"embeddable":true,"href":"https:\/\/www.domkraftpro.com\/index.php\/wp-json\/wp\/v2\/media\/5445"}],"wp:attachment":[{"href":"https:\/\/www.domkraftpro.com\/index.php\/wp-json\/wp\/v2\/media?parent=5345"}],"wp:term":[{"taxonomy":"product_brand","embeddable":true,"href":"https:\/\/www.domkraftpro.com\/index.php\/wp-json\/wp\/v2\/product_brand?post=5345"},{"taxonomy":"product_cat","embeddable":true,"href":"https:\/\/www.domkraftpro.com\/index.php\/wp-json\/wp\/v2\/product_cat?post=5345"},{"taxonomy":"product_tag","embeddable":true,"href":"https:\/\/www.domkraftpro.com\/index.php\/wp-json\/wp\/v2\/product_tag?post=5345"}],"curies":[{"name":"wp","href":"https:\/\/api.w.org\/{rel}","templated":true}]}}