{"id":5344,"date":"2026-04-27T04:40:35","date_gmt":"2026-04-27T04:40:35","guid":{"rendered":""},"modified":"2026-04-27T04:40:35","modified_gmt":"2026-04-27T04:40:35","slug":"znackovy-ideal-box-organizer-l-set-5-ks-5344","status":"publish","type":"product","link":"https:\/\/www.domkraftpro.com\/index.php\/produkt\/znackovy-ideal-box-organizer-l-set-5-ks-5344\/","title":{"rendered":"Zna\u010dkov\u00fd IDEAL BOX Organiz\u00e9r L (Set 5 ks)"},"content":{"rendered":"<div class=\"detail-description__right\">\n<div class=\"parameters\">\n<div class=\"table table--simple\">\n<table>\n<tbody>\n<tr>\n<td colspan=\"2\">\n<h4>Vlastnosti<\/h4>\n<\/td>\n<\/tr>\n<tr>\n<td>Materi\u00e1l<\/td>\n<td>polypropylen<\/td>\n<\/tr>\n<tr>\n<td>Hmotnost<\/td>\n<td>6\u00a0\u00d7\u00a0177 g<\/td>\n<\/tr>\n<tr>\n<td>D\u00e9lka<\/td>\n<td>210 mm<\/td>\n<\/tr>\n<tr>\n<td>\u0160\u00ed\u0159ka<\/td>\n<td>141 mm<\/td>\n<\/tr>\n<tr>\n<td>V\u00fd\u0161ka<\/td>\n<td>46 mm<\/td>\n<\/tr>\n<tr>\n<td colspan=\"2\">\n<h4>V\u00fdbava<\/h4>\n<\/td>\n<\/tr>\n<tr>\n<td>Spodn\u00ed d\u00edl<\/td>\n<td>1 ks<\/td>\n<\/tr>\n<tr>\n<td>V\u00edko<\/td>\n<td>1 ks<\/td>\n<\/tr>\n<tr>\n<td>Rukoje\u0165<\/td>\n<td>ne<\/td>\n<\/tr>\n<tr>\n<td>Uz\u00e1v\u011br<\/td>\n<td>2 ks<\/td>\n<\/tr>\n<tr>\n<td>P\u0159ep\u00e1\u017eka<\/td>\n<td>9 ks<\/td>\n<\/tr>\n<tr>\n<td colspan=\"2\">\n<h4>Parametry<\/h4>\n<\/td>\n<\/tr>\n<tr>\n<td>P\u016fvod<\/td>\n<td>Vyrobeno v\u00a0\u010cR<\/td>\n<\/tr>\n<tr>\n<td>Z\u00e1ruka<\/td>\n<td>2 roky<\/td>\n<\/tr>\n<tr>\n<td>Zna\u010dka<\/td>\n<td>IDEAL BOX<\/td>\n<\/tr>\n<\/tbody>\n<\/table><\/div>\n<\/div><\/div>\n<div class=\"detail-description__top\">\n<div class=\"rating-promo\">\n<div class=\"raty raty--big\" data-score=\"5\" data-read-only=\"true\" title=\"5\"><\/div>\n<div class=\"rating-promo__number\">\t\t\t<strong>3<\/strong><small>recenze<\/small>\t\t<\/div>\n<div class=\"rating-promo__number\">\t\t\t<strong>3<\/strong><small>z\u00e1kazn\u00edci doporu\u010duj\u00ed<\/small>\t\t<\/div>\n<p>\t\tV\u0161echny recenze\t<\/p><\/div>\n<\/p><\/div>\n<div class=\"detail-description__left\">\n<div class=\"detail-description__left__overflow\">\n<div class=\"detail-description__left__head\">\t\t\t\t\t\tPopis:\t\t\t\t\t<\/div>\n<div class=\"ul-style ul-style--check\">\n<p>V\u00fdhodn\u00e9 balen\u00ed 6\u00a0ks plastov\u00fdch organiz\u00e9r\u016f Ideal Box <strong>s variabiln\u00edm uspo\u0159\u00e1d\u00e1n\u00edm vnit\u0159n\u00edch p\u0159ep\u00e1\u017eek<\/strong>. Sestava v\u00edce barevn\u00fdch variant box\u016f. Vnit\u0159n\u00ed prostor boxu je rozd\u011blen na 3 \u0159ady dlouh\u00e9 t\u00e9m\u011b\u0159 20,5 cm, v\u0161echny\u00a0t\u0159i\u00a0\u0159ady maj\u00ed \u0161\u00ed\u0159ku cca 3,7 cm, vnit\u0159n\u00ed v\u00fd\u0161ka krabi\u010dky \u010din\u00ed cca 4 cm. D\u00edky variabiln\u00edm p\u0159ep\u00e1\u017ek\u00e1m\u00a0lze box rozd\u011blit a\u017e na 36\u00a0toto\u017en\u00fdch pol\u00ed\u010dek.<\/p>\n<ul class=\"plusminus\">\n<li><i class=\"fas fa-check\"><\/i><span>Univerz\u00e1ln\u00ed pou\u017eit\u00ed<\/span><\/li>\n<li><i class=\"fas fa-check\"><\/i><span>6 kus\u016f za cenu 5<\/span><\/li>\n<li><i class=\"fas fa-check\"><\/i><span>Stohov\u00e1n\u00ed<\/span><\/li>\n<li><i class=\"fas fa-check\"><\/i><span>Barevn\u00e9 kombinace<\/span><\/li>\n<\/ul>\n<\/div>\n<div class=\"detail-description__left__more\">\t\t\t\t\t\t<span> <\/span><span> <\/span>\t\t\t\t\t<\/div>\n<\/p><\/div>\n<\/p><\/div>\n<div class=\"detail-description__more\"><span> <\/span><span> <\/span><\/div>\n<\/p><\/div>\n<\/p><\/div>\n","protected":false},"excerpt":{"rendered":"<p>Vlastnosti Materi\u00e1l polypropylen Hmotnost 6\u00a0\u00d7\u00a0177 g D\u00e9lka 210 mm \u0160\u00ed\u0159ka 141 mm V\u00fd\u0161ka 46 mm V\u00fdbava Spodn\u00ed d\u00edl 1 ks V\u00edko 1 ks Rukoje\u0165 ne Uz\u00e1v\u011br 2 ks P\u0159ep\u00e1\u017eka 9 ks Parametry P\u016fvod Vyrobeno v\u00a0\u010cR Z\u00e1ruka 2 roky Zna\u010dka IDEAL BOX 3recenze 3z\u00e1kazn\u00edci doporu\u010duj\u00ed V\u0161echny recenze Popis: V\u00fdhodn\u00e9 balen\u00ed 6\u00a0ks plastov\u00fdch organiz\u00e9r\u016f Ideal Box s [&hellip;]<\/p>\n","protected":false},"featured_media":5444,"comment_status":"open","ping_status":"open","template":"","meta":[],"product_brand":[],"product_cat":[44],"product_tag":[],"class_list":{"0":"post-5344","1":"product","2":"type-product","3":"status-publish","4":"has-post-thumbnail","6":"product_cat-stavba","8":"first","9":"instock","10":"sale","11":"shipping-taxable","12":"purchasable","13":"product-type-simple"},"yoast_head":"<!-- This site is optimized with the Yoast SEO plugin v26.8 - https:\/\/yoast.com\/product\/yoast-seo-wordpress\/ -->\n<title>Zna\u010dkov\u00fd IDEAL BOX Organiz\u00e9r L (Set 5 ks) -<\/title>\n<meta name=\"robots\" content=\"index, follow, max-snippet:-1, max-image-preview:large, max-video-preview:-1\" \/>\n<link rel=\"canonical\" href=\"https:\/\/www.domkraftpro.com\/index.php\/produkt\/znackovy-ideal-box-organizer-l-set-5-ks-5344\/\" \/>\n<meta property=\"og:locale\" content=\"cs_CZ\" \/>\n<meta property=\"og:type\" content=\"article\" \/>\n<meta property=\"og:title\" content=\"Zna\u010dkov\u00fd IDEAL BOX Organiz\u00e9r L (Set 5 ks) -\" \/>\n<meta property=\"og:description\" content=\"Vlastnosti Materi\u00e1l polypropylen Hmotnost 6\u00a0\u00d7\u00a0177 g D\u00e9lka 210 mm \u0160\u00ed\u0159ka 141 mm V\u00fd\u0161ka 46 mm V\u00fdbava Spodn\u00ed d\u00edl 1 ks V\u00edko 1 ks Rukoje\u0165 ne Uz\u00e1v\u011br 2 ks P\u0159ep\u00e1\u017eka 9 ks Parametry P\u016fvod Vyrobeno v\u00a0\u010cR Z\u00e1ruka 2 roky Zna\u010dka IDEAL BOX 3recenze 3z\u00e1kazn\u00edci doporu\u010duj\u00ed V\u0161echny recenze Popis: V\u00fdhodn\u00e9 balen\u00ed 6\u00a0ks plastov\u00fdch organiz\u00e9r\u016f Ideal Box s [&hellip;]\" \/>\n<meta property=\"og:url\" content=\"https:\/\/www.domkraftpro.com\/index.php\/produkt\/znackovy-ideal-box-organizer-l-set-5-ks-5344\/\" \/>\n<meta property=\"og:image\" content=\"https:\/\/www.domkraftpro.com\/wp-content\/uploads\/2026\/SK0009337-CZ20260425-091936-0-1777079982-plastovy-organizer-ideal-box-organizer-l-set-5-ks-w1200-h62.webp\" \/>\n\t<meta property=\"og:image:width\" content=\"1000\" \/>\n\t<meta property=\"og:image:height\" content=\"523\" \/>\n\t<meta property=\"og:image:type\" content=\"image\/webp\" \/>\n<meta name=\"twitter:card\" content=\"summary_large_image\" \/>\n<meta name=\"twitter:label1\" content=\"Odhadovan\u00e1 doba \u010dten\u00ed\" \/>\n\t<meta name=\"twitter:data1\" content=\"1 minuta\" \/>\n<script type=\"application\/ld+json\" class=\"yoast-schema-graph\">{\"@context\":\"https:\/\/schema.org\",\"@graph\":[{\"@type\":\"WebPage\",\"@id\":\"https:\/\/www.domkraftpro.com\/index.php\/produkt\/znackovy-ideal-box-organizer-l-set-5-ks-5344\/\",\"url\":\"https:\/\/www.domkraftpro.com\/index.php\/produkt\/znackovy-ideal-box-organizer-l-set-5-ks-5344\/\",\"name\":\"Zna\u010dkov\u00fd IDEAL BOX Organiz\u00e9r L (Set 5 ks) -\",\"isPartOf\":{\"@id\":\"https:\/\/www.domkraftpro.com\/#website\"},\"primaryImageOfPage\":{\"@id\":\"https:\/\/www.domkraftpro.com\/index.php\/produkt\/znackovy-ideal-box-organizer-l-set-5-ks-5344\/#primaryimage\"},\"image\":{\"@id\":\"https:\/\/www.domkraftpro.com\/index.php\/produkt\/znackovy-ideal-box-organizer-l-set-5-ks-5344\/#primaryimage\"},\"thumbnailUrl\":\"https:\/\/www.domkraftpro.com\/wp-content\/uploads\/2026\/SK0009337-CZ20260425-091936-0-1777079982-plastovy-organizer-ideal-box-organizer-l-set-5-ks-w1200-h62.webp\",\"datePublished\":\"2026-04-27T04:40:35+00:00\",\"breadcrumb\":{\"@id\":\"https:\/\/www.domkraftpro.com\/index.php\/produkt\/znackovy-ideal-box-organizer-l-set-5-ks-5344\/#breadcrumb\"},\"inLanguage\":\"cs\",\"potentialAction\":[{\"@type\":\"ReadAction\",\"target\":[\"https:\/\/www.domkraftpro.com\/index.php\/produkt\/znackovy-ideal-box-organizer-l-set-5-ks-5344\/\"]}]},{\"@type\":\"ImageObject\",\"inLanguage\":\"cs\",\"@id\":\"https:\/\/www.domkraftpro.com\/index.php\/produkt\/znackovy-ideal-box-organizer-l-set-5-ks-5344\/#primaryimage\",\"url\":\"https:\/\/www.domkraftpro.com\/wp-content\/uploads\/2026\/SK0009337-CZ20260425-091936-0-1777079982-plastovy-organizer-ideal-box-organizer-l-set-5-ks-w1200-h62.webp\",\"contentUrl\":\"https:\/\/www.domkraftpro.com\/wp-content\/uploads\/2026\/SK0009337-CZ20260425-091936-0-1777079982-plastovy-organizer-ideal-box-organizer-l-set-5-ks-w1200-h62.webp\",\"width\":1000,\"height\":523},{\"@type\":\"BreadcrumbList\",\"@id\":\"https:\/\/www.domkraftpro.com\/index.php\/produkt\/znackovy-ideal-box-organizer-l-set-5-ks-5344\/#breadcrumb\",\"itemListElement\":[{\"@type\":\"ListItem\",\"position\":1,\"name\":\"Home\",\"item\":\"https:\/\/www.domkraftpro.com\/\"},{\"@type\":\"ListItem\",\"position\":2,\"name\":\"Products\",\"item\":\"https:\/\/www.domkraftpro.com\/index.php\/products\/\"},{\"@type\":\"ListItem\",\"position\":3,\"name\":\"Zna\u010dkov\u00fd IDEAL BOX Organiz\u00e9r L (Set 5 ks)\"}]},{\"@type\":\"WebSite\",\"@id\":\"https:\/\/www.domkraftpro.com\/#website\",\"url\":\"https:\/\/www.domkraftpro.com\/\",\"name\":\"\",\"description\":\"\",\"potentialAction\":[{\"@type\":\"SearchAction\",\"target\":{\"@type\":\"EntryPoint\",\"urlTemplate\":\"https:\/\/www.domkraftpro.com\/?s={search_term_string}\"},\"query-input\":{\"@type\":\"PropertyValueSpecification\",\"valueRequired\":true,\"valueName\":\"search_term_string\"}}],\"inLanguage\":\"cs\"}]}<\/script>\n<!-- \/ Yoast SEO plugin. -->","yoast_head_json":{"title":"Zna\u010dkov\u00fd IDEAL BOX Organiz\u00e9r L (Set 5 ks) -","robots":{"index":"index","follow":"follow","max-snippet":"max-snippet:-1","max-image-preview":"max-image-preview:large","max-video-preview":"max-video-preview:-1"},"canonical":"https:\/\/www.domkraftpro.com\/index.php\/produkt\/znackovy-ideal-box-organizer-l-set-5-ks-5344\/","og_locale":"cs_CZ","og_type":"article","og_title":"Zna\u010dkov\u00fd IDEAL BOX Organiz\u00e9r L (Set 5 ks) -","og_description":"Vlastnosti Materi\u00e1l polypropylen Hmotnost 6\u00a0\u00d7\u00a0177 g D\u00e9lka 210 mm \u0160\u00ed\u0159ka 141 mm V\u00fd\u0161ka 46 mm V\u00fdbava Spodn\u00ed d\u00edl 1 ks V\u00edko 1 ks Rukoje\u0165 ne Uz\u00e1v\u011br 2 ks P\u0159ep\u00e1\u017eka 9 ks Parametry P\u016fvod Vyrobeno v\u00a0\u010cR Z\u00e1ruka 2 roky Zna\u010dka IDEAL BOX 3recenze 3z\u00e1kazn\u00edci doporu\u010duj\u00ed V\u0161echny recenze Popis: V\u00fdhodn\u00e9 balen\u00ed 6\u00a0ks plastov\u00fdch organiz\u00e9r\u016f Ideal Box s [&hellip;]","og_url":"https:\/\/www.domkraftpro.com\/index.php\/produkt\/znackovy-ideal-box-organizer-l-set-5-ks-5344\/","og_image":[{"width":1000,"height":523,"url":"https:\/\/www.domkraftpro.com\/wp-content\/uploads\/2026\/SK0009337-CZ20260425-091936-0-1777079982-plastovy-organizer-ideal-box-organizer-l-set-5-ks-w1200-h62.webp","type":"image\/webp"}],"twitter_card":"summary_large_image","twitter_misc":{"Odhadovan\u00e1 doba \u010dten\u00ed":"1 minuta"},"schema":{"@context":"https:\/\/schema.org","@graph":[{"@type":"WebPage","@id":"https:\/\/www.domkraftpro.com\/index.php\/produkt\/znackovy-ideal-box-organizer-l-set-5-ks-5344\/","url":"https:\/\/www.domkraftpro.com\/index.php\/produkt\/znackovy-ideal-box-organizer-l-set-5-ks-5344\/","name":"Zna\u010dkov\u00fd IDEAL BOX Organiz\u00e9r L (Set 5 ks) -","isPartOf":{"@id":"https:\/\/www.domkraftpro.com\/#website"},"primaryImageOfPage":{"@id":"https:\/\/www.domkraftpro.com\/index.php\/produkt\/znackovy-ideal-box-organizer-l-set-5-ks-5344\/#primaryimage"},"image":{"@id":"https:\/\/www.domkraftpro.com\/index.php\/produkt\/znackovy-ideal-box-organizer-l-set-5-ks-5344\/#primaryimage"},"thumbnailUrl":"https:\/\/www.domkraftpro.com\/wp-content\/uploads\/2026\/SK0009337-CZ20260425-091936-0-1777079982-plastovy-organizer-ideal-box-organizer-l-set-5-ks-w1200-h62.webp","datePublished":"2026-04-27T04:40:35+00:00","breadcrumb":{"@id":"https:\/\/www.domkraftpro.com\/index.php\/produkt\/znackovy-ideal-box-organizer-l-set-5-ks-5344\/#breadcrumb"},"inLanguage":"cs","potentialAction":[{"@type":"ReadAction","target":["https:\/\/www.domkraftpro.com\/index.php\/produkt\/znackovy-ideal-box-organizer-l-set-5-ks-5344\/"]}]},{"@type":"ImageObject","inLanguage":"cs","@id":"https:\/\/www.domkraftpro.com\/index.php\/produkt\/znackovy-ideal-box-organizer-l-set-5-ks-5344\/#primaryimage","url":"https:\/\/www.domkraftpro.com\/wp-content\/uploads\/2026\/SK0009337-CZ20260425-091936-0-1777079982-plastovy-organizer-ideal-box-organizer-l-set-5-ks-w1200-h62.webp","contentUrl":"https:\/\/www.domkraftpro.com\/wp-content\/uploads\/2026\/SK0009337-CZ20260425-091936-0-1777079982-plastovy-organizer-ideal-box-organizer-l-set-5-ks-w1200-h62.webp","width":1000,"height":523},{"@type":"BreadcrumbList","@id":"https:\/\/www.domkraftpro.com\/index.php\/produkt\/znackovy-ideal-box-organizer-l-set-5-ks-5344\/#breadcrumb","itemListElement":[{"@type":"ListItem","position":1,"name":"Home","item":"https:\/\/www.domkraftpro.com\/"},{"@type":"ListItem","position":2,"name":"Products","item":"https:\/\/www.domkraftpro.com\/index.php\/products\/"},{"@type":"ListItem","position":3,"name":"Zna\u010dkov\u00fd IDEAL BOX Organiz\u00e9r L (Set 5 ks)"}]},{"@type":"WebSite","@id":"https:\/\/www.domkraftpro.com\/#website","url":"https:\/\/www.domkraftpro.com\/","name":"","description":"","potentialAction":[{"@type":"SearchAction","target":{"@type":"EntryPoint","urlTemplate":"https:\/\/www.domkraftpro.com\/?s={search_term_string}"},"query-input":{"@type":"PropertyValueSpecification","valueRequired":true,"valueName":"search_term_string"}}],"inLanguage":"cs"}]}},"_links":{"self":[{"href":"https:\/\/www.domkraftpro.com\/index.php\/wp-json\/wp\/v2\/product\/5344","targetHints":{"allow":["GET"]}}],"collection":[{"href":"https:\/\/www.domkraftpro.com\/index.php\/wp-json\/wp\/v2\/product"}],"about":[{"href":"https:\/\/www.domkraftpro.com\/index.php\/wp-json\/wp\/v2\/types\/product"}],"replies":[{"embeddable":true,"href":"https:\/\/www.domkraftpro.com\/index.php\/wp-json\/wp\/v2\/comments?post=5344"}],"wp:featuredmedia":[{"embeddable":true,"href":"https:\/\/www.domkraftpro.com\/index.php\/wp-json\/wp\/v2\/media\/5444"}],"wp:attachment":[{"href":"https:\/\/www.domkraftpro.com\/index.php\/wp-json\/wp\/v2\/media?parent=5344"}],"wp:term":[{"taxonomy":"product_brand","embeddable":true,"href":"https:\/\/www.domkraftpro.com\/index.php\/wp-json\/wp\/v2\/product_brand?post=5344"},{"taxonomy":"product_cat","embeddable":true,"href":"https:\/\/www.domkraftpro.com\/index.php\/wp-json\/wp\/v2\/product_cat?post=5344"},{"taxonomy":"product_tag","embeddable":true,"href":"https:\/\/www.domkraftpro.com\/index.php\/wp-json\/wp\/v2\/product_tag?post=5344"}],"curies":[{"name":"wp","href":"https:\/\/api.w.org\/{rel}","templated":true}]}}