{"id":53375,"date":"2026-04-27T04:42:47","date_gmt":"2026-04-27T04:42:47","guid":{"rendered":""},"modified":"2026-04-27T04:42:47","modified_gmt":"2026-04-27T04:42:47","slug":"znackovy-radiator-korado-radik-plan-klasik-r-22-550x700-1072w-53375","status":"publish","type":"product","link":"https:\/\/www.domkraftpro.com\/index.php\/produkt\/znackovy-radiator-korado-radik-plan-klasik-r-22-550x700-1072w-53375\/","title":{"rendered":"Zna\u010dkov\u00fd Radi\u00e1tor Korado Radik Plan Klasik R 22-550&#215;700 (1072W)"},"content":{"rendered":"<div class=\"ProductDetail-content NoFixImageContainer\" id=\"productDescription\">\n<div class=\"Heading\">\n<h2 class=\"Heading-title\">Popis produktu <span class=''>Radi\u00e1tor Korado Radik Plan Klasik R 22-550&#215;700 (1072W)<\/span><\/h2>\n<\/p><\/div>\n<div class=\"ProductDetailContent\">\n<p><span style=\"font-size:16px\">Model<strong>&nbsp;RADIK PLAN KLASIK &ndash; R<\/strong>&nbsp;je&nbsp;deskov&eacute; otopn&eacute; t\u011bleso v&nbsp;proveden&iacute; PLAN s&nbsp;hladkou \u010deln&iacute; deskou&nbsp;<strong>upraven&eacute; pro rychlou n&aacute;hradu \u010dl&aacute;nkov&yacute;ch litinov&yacute;ch nebo ocelov&yacute;ch radi&aacute;tor\u016f s&nbsp;p\u0159ipojovac&iacute; rozte\u010d&iacute; 500 mm<\/strong>. V&yacute;&scaron;ka H = 554 mm zaru\u010duje&nbsp;jeho bezprobl&eacute;movou mont&aacute;\u017e na&nbsp;m&iacute;sto star&eacute;ho radi&aacute;toru.<\/span><\/p>\n<p><span style=\"font-size:16px\">Umo\u017e\u0148uje&nbsp;<strong>lev&eacute; nebo prav&eacute; bo\u010dn&iacute; p\u0159ipojen&iacute;<\/strong>&nbsp;na&nbsp;rozvod otopn&eacute; soustavy a&nbsp;konstrukc&iacute; je&nbsp;ur\u010deno&nbsp;<strong>pro otopn&eacute; soustavy s&nbsp;nucen&yacute;m nebo samot&iacute;\u017en&yacute;m ob\u011bhem<\/strong>. Ze zadn&iacute; strany jsou p\u0159iva\u0159eny dv\u011b horn&iacute; a&nbsp;doln&iacute; p\u0159&iacute;chytky, otopn&aacute; t\u011blesa o&nbsp;d&eacute;lce 1800 mm a&nbsp;del&scaron;&iacute; maj&iacute; nava\u0159ena&nbsp;&scaron;est p\u0159&iacute;chytek. &Scaron;irok&yacute; typov&yacute; sortiment RADIK PLAN KLASIK &#8211; R umo\u017e\u0148uje&nbsp;v\u017edy vybrat tu nejvhodn\u011bj&scaron;&iacute; adekv&aacute;tn&iacute; d&eacute;lku.<\/span><\/p>\n<ul>\n<li><span style=\"font-size:16px\">V&yacute;&scaron;ka (H) 554<\/span><\/li>\n<li><span style=\"font-size:16px\">D&eacute;lka (L) 400, 500, 600, 700, 800, 900, 1000, 1100, 1200, 1400, 1600, 1800, 2000 mm<\/span><\/li>\n<li><span style=\"font-size:16px\">P\u0159ipojovac&iacute; rozte\u010d 500 mm<\/span><\/li>\n<li><span style=\"font-size:16px\">P\u0159ipojovac&iacute; z&aacute;vit 4 x G&frac12; vnit\u0159n&iacute;<\/span><\/li>\n<li><span style=\"font-size:16px\">Nejvy&scaron;&scaron;&iacute; p\u0159&iacute;pustn&yacute; provozn&iacute; p\u0159etlak 1,0 MPa<\/span><\/li>\n<li><span style=\"font-size:16px\">Nejvy&scaron;&scaron;&iacute; p\u0159&iacute;pustn&aacute; provozn&iacute; teplota (&deg;C) 110 &deg;C<\/span><\/li>\n<li><span style=\"font-size:16px\">P\u0159ipojen&iacute; otopn&eacute;ho t\u011blesa lev&eacute; nebo prav&eacute; bo\u010dn&iacute;<\/span><\/li>\n<\/ul>\n<p><span style=\"font-size:16px\"><strong>Hloubka (B)<\/strong><\/span><\/p>\n<ul>\n<li><span style=\"font-size:16px\">Typ 20 PLAN &#8211; R 68 mm<\/span><\/li>\n<li><span style=\"font-size:16px\">Typ 21 PLAN &#8211; R 68 mm<\/span><\/li>\n<li><span style=\"font-size:16px\">Typ 22 PLAN &#8211; R 102 mm<\/span><\/li>\n<li><span style=\"font-size:16px\">Typ 33 PLAN &#8211; R 157 mm<\/span><\/li>\n<\/ul>\n<div><span style=\"font-size:16px\">Tlakov&aacute; ztr&aacute;ta Tlakov&aacute; ztr&aacute;ta otopn&eacute;ho t\u011blesa pro dan&eacute; provozn&iacute; podm&iacute;nky se stanov&iacute; v&yacute;po\u010dtem pomoc&iacute; hodnoty pr\u016ftokov&eacute;ho sou\u010dinitele AT pop\u0159. sou\u010dinitele odporu &xi;T<\/span><\/div>\n<div>\n<h3><span style=\"font-size:16px\">V&scaron;echna&nbsp;otopn&aacute; t\u011blesa jsou dod&aacute;v&aacute;na&nbsp;s:<\/span><\/h3>\n<ul>\n<li><span style=\"font-size:16px\">odvzdu&scaron;\u0148ovac&iacute; z&aacute;tkou<\/span><\/li>\n<li><span style=\"font-size:16px\">zaslepovac&iacute; z&aacute;tkou<\/span><\/li>\n<li><span style=\"font-size:16px\">horn&iacute; m\u0159&iacute;\u017ekou<\/span><\/li>\n<li><span style=\"font-size:16px\">bo\u010dn&iacute;mi kryty<\/span><\/li>\n<li><span style=\"font-size:16px\">pot\u0159ebn&yacute;m po\u010dtem sad navrt&aacute;vac&iacute;ch konzol<\/span><\/li>\n<\/ul>\n<\/div><\/div>\n<div class=\"ProductDetailContent\">                                                                    <\/div>\n<\/p><\/div>\n<\/p><\/div>\n<\/p><\/div>\n","protected":false},"excerpt":{"rendered":"<p>Popis produktu Radi\u00e1tor Korado Radik Plan Klasik R 22-550&#215;700 (1072W) Model&nbsp;RADIK PLAN KLASIK &ndash; R&nbsp;je&nbsp;deskov&eacute; otopn&eacute; t\u011bleso v&nbsp;proveden&iacute; PLAN s&nbsp;hladkou \u010deln&iacute; deskou&nbsp;upraven&eacute; pro rychlou n&aacute;hradu \u010dl&aacute;nkov&yacute;ch litinov&yacute;ch nebo ocelov&yacute;ch radi&aacute;tor\u016f s&nbsp;p\u0159ipojovac&iacute; rozte\u010d&iacute; 500 mm. V&yacute;&scaron;ka H = 554 mm zaru\u010duje&nbsp;jeho bezprobl&eacute;movou mont&aacute;\u017e na&nbsp;m&iacute;sto star&eacute;ho radi&aacute;toru. Umo\u017e\u0148uje&nbsp;lev&eacute; nebo prav&eacute; bo\u010dn&iacute; p\u0159ipojen&iacute;&nbsp;na&nbsp;rozvod otopn&eacute; soustavy a&nbsp;konstrukc&iacute; je&nbsp;ur\u010deno&nbsp;pro otopn&eacute; [&hellip;]<\/p>\n","protected":false},"featured_media":53475,"comment_status":"open","ping_status":"open","template":"","meta":[],"product_brand":[],"product_cat":[91],"product_tag":[],"class_list":{"0":"post-53375","1":"product","2":"type-product","3":"status-publish","4":"has-post-thumbnail","6":"product_cat-topeni","8":"first","9":"instock","10":"sale","11":"shipping-taxable","12":"purchasable","13":"product-type-simple"},"yoast_head":"<!-- This site is optimized with the Yoast SEO plugin v26.8 - https:\/\/yoast.com\/product\/yoast-seo-wordpress\/ -->\n<title>Zna\u010dkov\u00fd Radi\u00e1tor Korado Radik Plan Klasik R 22-550x700 (1072W) -<\/title>\n<meta name=\"robots\" content=\"index, follow, max-snippet:-1, max-image-preview:large, max-video-preview:-1\" \/>\n<link rel=\"canonical\" href=\"https:\/\/www.domkraftpro.com\/index.php\/produkt\/znackovy-radiator-korado-radik-plan-klasik-r-22-550x700-1072w-53375\/\" \/>\n<meta property=\"og:locale\" content=\"cs_CZ\" \/>\n<meta property=\"og:type\" content=\"article\" \/>\n<meta property=\"og:title\" content=\"Zna\u010dkov\u00fd Radi\u00e1tor Korado Radik Plan Klasik R 22-550x700 (1072W) -\" \/>\n<meta property=\"og:description\" content=\"Popis produktu Radi\u00e1tor Korado Radik Plan Klasik R 22-550&#215;700 (1072W) Model&nbsp;RADIK PLAN KLASIK &ndash; R&nbsp;je&nbsp;deskov&eacute; otopn&eacute; t\u011bleso v&nbsp;proveden&iacute; PLAN s&nbsp;hladkou \u010deln&iacute; deskou&nbsp;upraven&eacute; pro rychlou n&aacute;hradu \u010dl&aacute;nkov&yacute;ch litinov&yacute;ch nebo ocelov&yacute;ch radi&aacute;tor\u016f s&nbsp;p\u0159ipojovac&iacute; rozte\u010d&iacute; 500 mm. V&yacute;&scaron;ka H = 554 mm zaru\u010duje&nbsp;jeho bezprobl&eacute;movou mont&aacute;\u017e na&nbsp;m&iacute;sto star&eacute;ho radi&aacute;toru. Umo\u017e\u0148uje&nbsp;lev&eacute; nebo prav&eacute; bo\u010dn&iacute; p\u0159ipojen&iacute;&nbsp;na&nbsp;rozvod otopn&eacute; soustavy a&nbsp;konstrukc&iacute; je&nbsp;ur\u010deno&nbsp;pro otopn&eacute; [&hellip;]\" \/>\n<meta property=\"og:url\" content=\"https:\/\/www.domkraftpro.com\/index.php\/produkt\/znackovy-radiator-korado-radik-plan-klasik-r-22-550x700-1072w-53375\/\" \/>\n<meta property=\"og:image\" content=\"https:\/\/www.domkraftpro.com\/wp-content\/uploads\/2026\/SK0008515-CZ20260425-092632-0-1777080397-radiator-korado-radik-plan-klasik-r-22-550x700-1072w-139498.webp\" \/>\n\t<meta property=\"og:image:width\" content=\"397\" \/>\n\t<meta property=\"og:image:height\" content=\"397\" \/>\n\t<meta property=\"og:image:type\" content=\"image\/webp\" \/>\n<meta name=\"twitter:card\" content=\"summary_large_image\" \/>\n<meta name=\"twitter:label1\" content=\"Odhadovan\u00e1 doba \u010dten\u00ed\" \/>\n\t<meta name=\"twitter:data1\" content=\"2 minuty\" \/>\n<script type=\"application\/ld+json\" class=\"yoast-schema-graph\">{\"@context\":\"https:\/\/schema.org\",\"@graph\":[{\"@type\":\"WebPage\",\"@id\":\"https:\/\/www.domkraftpro.com\/index.php\/produkt\/znackovy-radiator-korado-radik-plan-klasik-r-22-550x700-1072w-53375\/\",\"url\":\"https:\/\/www.domkraftpro.com\/index.php\/produkt\/znackovy-radiator-korado-radik-plan-klasik-r-22-550x700-1072w-53375\/\",\"name\":\"Zna\u010dkov\u00fd Radi\u00e1tor Korado Radik Plan Klasik R 22-550x700 (1072W) -\",\"isPartOf\":{\"@id\":\"https:\/\/www.domkraftpro.com\/#website\"},\"primaryImageOfPage\":{\"@id\":\"https:\/\/www.domkraftpro.com\/index.php\/produkt\/znackovy-radiator-korado-radik-plan-klasik-r-22-550x700-1072w-53375\/#primaryimage\"},\"image\":{\"@id\":\"https:\/\/www.domkraftpro.com\/index.php\/produkt\/znackovy-radiator-korado-radik-plan-klasik-r-22-550x700-1072w-53375\/#primaryimage\"},\"thumbnailUrl\":\"https:\/\/www.domkraftpro.com\/wp-content\/uploads\/2026\/SK0008515-CZ20260425-092632-0-1777080397-radiator-korado-radik-plan-klasik-r-22-550x700-1072w-139498.webp\",\"datePublished\":\"2026-04-27T04:42:47+00:00\",\"breadcrumb\":{\"@id\":\"https:\/\/www.domkraftpro.com\/index.php\/produkt\/znackovy-radiator-korado-radik-plan-klasik-r-22-550x700-1072w-53375\/#breadcrumb\"},\"inLanguage\":\"cs\",\"potentialAction\":[{\"@type\":\"ReadAction\",\"target\":[\"https:\/\/www.domkraftpro.com\/index.php\/produkt\/znackovy-radiator-korado-radik-plan-klasik-r-22-550x700-1072w-53375\/\"]}]},{\"@type\":\"ImageObject\",\"inLanguage\":\"cs\",\"@id\":\"https:\/\/www.domkraftpro.com\/index.php\/produkt\/znackovy-radiator-korado-radik-plan-klasik-r-22-550x700-1072w-53375\/#primaryimage\",\"url\":\"https:\/\/www.domkraftpro.com\/wp-content\/uploads\/2026\/SK0008515-CZ20260425-092632-0-1777080397-radiator-korado-radik-plan-klasik-r-22-550x700-1072w-139498.webp\",\"contentUrl\":\"https:\/\/www.domkraftpro.com\/wp-content\/uploads\/2026\/SK0008515-CZ20260425-092632-0-1777080397-radiator-korado-radik-plan-klasik-r-22-550x700-1072w-139498.webp\",\"width\":397,\"height\":397},{\"@type\":\"BreadcrumbList\",\"@id\":\"https:\/\/www.domkraftpro.com\/index.php\/produkt\/znackovy-radiator-korado-radik-plan-klasik-r-22-550x700-1072w-53375\/#breadcrumb\",\"itemListElement\":[{\"@type\":\"ListItem\",\"position\":1,\"name\":\"Home\",\"item\":\"https:\/\/www.domkraftpro.com\/\"},{\"@type\":\"ListItem\",\"position\":2,\"name\":\"Products\",\"item\":\"https:\/\/www.domkraftpro.com\/index.php\/products\/\"},{\"@type\":\"ListItem\",\"position\":3,\"name\":\"Zna\u010dkov\u00fd Radi\u00e1tor Korado Radik Plan Klasik R 22-550&#215;700 (1072W)\"}]},{\"@type\":\"WebSite\",\"@id\":\"https:\/\/www.domkraftpro.com\/#website\",\"url\":\"https:\/\/www.domkraftpro.com\/\",\"name\":\"\",\"description\":\"\",\"potentialAction\":[{\"@type\":\"SearchAction\",\"target\":{\"@type\":\"EntryPoint\",\"urlTemplate\":\"https:\/\/www.domkraftpro.com\/?s={search_term_string}\"},\"query-input\":{\"@type\":\"PropertyValueSpecification\",\"valueRequired\":true,\"valueName\":\"search_term_string\"}}],\"inLanguage\":\"cs\"}]}<\/script>\n<!-- \/ Yoast SEO plugin. -->","yoast_head_json":{"title":"Zna\u010dkov\u00fd Radi\u00e1tor Korado Radik Plan Klasik R 22-550x700 (1072W) -","robots":{"index":"index","follow":"follow","max-snippet":"max-snippet:-1","max-image-preview":"max-image-preview:large","max-video-preview":"max-video-preview:-1"},"canonical":"https:\/\/www.domkraftpro.com\/index.php\/produkt\/znackovy-radiator-korado-radik-plan-klasik-r-22-550x700-1072w-53375\/","og_locale":"cs_CZ","og_type":"article","og_title":"Zna\u010dkov\u00fd Radi\u00e1tor Korado Radik Plan Klasik R 22-550x700 (1072W) -","og_description":"Popis produktu Radi\u00e1tor Korado Radik Plan Klasik R 22-550&#215;700 (1072W) Model&nbsp;RADIK PLAN KLASIK &ndash; R&nbsp;je&nbsp;deskov&eacute; otopn&eacute; t\u011bleso v&nbsp;proveden&iacute; PLAN s&nbsp;hladkou \u010deln&iacute; deskou&nbsp;upraven&eacute; pro rychlou n&aacute;hradu \u010dl&aacute;nkov&yacute;ch litinov&yacute;ch nebo ocelov&yacute;ch radi&aacute;tor\u016f s&nbsp;p\u0159ipojovac&iacute; rozte\u010d&iacute; 500 mm. V&yacute;&scaron;ka H = 554 mm zaru\u010duje&nbsp;jeho bezprobl&eacute;movou mont&aacute;\u017e na&nbsp;m&iacute;sto star&eacute;ho radi&aacute;toru. Umo\u017e\u0148uje&nbsp;lev&eacute; nebo prav&eacute; bo\u010dn&iacute; p\u0159ipojen&iacute;&nbsp;na&nbsp;rozvod otopn&eacute; soustavy a&nbsp;konstrukc&iacute; je&nbsp;ur\u010deno&nbsp;pro otopn&eacute; [&hellip;]","og_url":"https:\/\/www.domkraftpro.com\/index.php\/produkt\/znackovy-radiator-korado-radik-plan-klasik-r-22-550x700-1072w-53375\/","og_image":[{"width":397,"height":397,"url":"https:\/\/www.domkraftpro.com\/wp-content\/uploads\/2026\/SK0008515-CZ20260425-092632-0-1777080397-radiator-korado-radik-plan-klasik-r-22-550x700-1072w-139498.webp","type":"image\/webp"}],"twitter_card":"summary_large_image","twitter_misc":{"Odhadovan\u00e1 doba \u010dten\u00ed":"2 minuty"},"schema":{"@context":"https:\/\/schema.org","@graph":[{"@type":"WebPage","@id":"https:\/\/www.domkraftpro.com\/index.php\/produkt\/znackovy-radiator-korado-radik-plan-klasik-r-22-550x700-1072w-53375\/","url":"https:\/\/www.domkraftpro.com\/index.php\/produkt\/znackovy-radiator-korado-radik-plan-klasik-r-22-550x700-1072w-53375\/","name":"Zna\u010dkov\u00fd Radi\u00e1tor Korado Radik Plan Klasik R 22-550x700 (1072W) -","isPartOf":{"@id":"https:\/\/www.domkraftpro.com\/#website"},"primaryImageOfPage":{"@id":"https:\/\/www.domkraftpro.com\/index.php\/produkt\/znackovy-radiator-korado-radik-plan-klasik-r-22-550x700-1072w-53375\/#primaryimage"},"image":{"@id":"https:\/\/www.domkraftpro.com\/index.php\/produkt\/znackovy-radiator-korado-radik-plan-klasik-r-22-550x700-1072w-53375\/#primaryimage"},"thumbnailUrl":"https:\/\/www.domkraftpro.com\/wp-content\/uploads\/2026\/SK0008515-CZ20260425-092632-0-1777080397-radiator-korado-radik-plan-klasik-r-22-550x700-1072w-139498.webp","datePublished":"2026-04-27T04:42:47+00:00","breadcrumb":{"@id":"https:\/\/www.domkraftpro.com\/index.php\/produkt\/znackovy-radiator-korado-radik-plan-klasik-r-22-550x700-1072w-53375\/#breadcrumb"},"inLanguage":"cs","potentialAction":[{"@type":"ReadAction","target":["https:\/\/www.domkraftpro.com\/index.php\/produkt\/znackovy-radiator-korado-radik-plan-klasik-r-22-550x700-1072w-53375\/"]}]},{"@type":"ImageObject","inLanguage":"cs","@id":"https:\/\/www.domkraftpro.com\/index.php\/produkt\/znackovy-radiator-korado-radik-plan-klasik-r-22-550x700-1072w-53375\/#primaryimage","url":"https:\/\/www.domkraftpro.com\/wp-content\/uploads\/2026\/SK0008515-CZ20260425-092632-0-1777080397-radiator-korado-radik-plan-klasik-r-22-550x700-1072w-139498.webp","contentUrl":"https:\/\/www.domkraftpro.com\/wp-content\/uploads\/2026\/SK0008515-CZ20260425-092632-0-1777080397-radiator-korado-radik-plan-klasik-r-22-550x700-1072w-139498.webp","width":397,"height":397},{"@type":"BreadcrumbList","@id":"https:\/\/www.domkraftpro.com\/index.php\/produkt\/znackovy-radiator-korado-radik-plan-klasik-r-22-550x700-1072w-53375\/#breadcrumb","itemListElement":[{"@type":"ListItem","position":1,"name":"Home","item":"https:\/\/www.domkraftpro.com\/"},{"@type":"ListItem","position":2,"name":"Products","item":"https:\/\/www.domkraftpro.com\/index.php\/products\/"},{"@type":"ListItem","position":3,"name":"Zna\u010dkov\u00fd Radi\u00e1tor Korado Radik Plan Klasik R 22-550&#215;700 (1072W)"}]},{"@type":"WebSite","@id":"https:\/\/www.domkraftpro.com\/#website","url":"https:\/\/www.domkraftpro.com\/","name":"","description":"","potentialAction":[{"@type":"SearchAction","target":{"@type":"EntryPoint","urlTemplate":"https:\/\/www.domkraftpro.com\/?s={search_term_string}"},"query-input":{"@type":"PropertyValueSpecification","valueRequired":true,"valueName":"search_term_string"}}],"inLanguage":"cs"}]}},"_links":{"self":[{"href":"https:\/\/www.domkraftpro.com\/index.php\/wp-json\/wp\/v2\/product\/53375","targetHints":{"allow":["GET"]}}],"collection":[{"href":"https:\/\/www.domkraftpro.com\/index.php\/wp-json\/wp\/v2\/product"}],"about":[{"href":"https:\/\/www.domkraftpro.com\/index.php\/wp-json\/wp\/v2\/types\/product"}],"replies":[{"embeddable":true,"href":"https:\/\/www.domkraftpro.com\/index.php\/wp-json\/wp\/v2\/comments?post=53375"}],"wp:featuredmedia":[{"embeddable":true,"href":"https:\/\/www.domkraftpro.com\/index.php\/wp-json\/wp\/v2\/media\/53475"}],"wp:attachment":[{"href":"https:\/\/www.domkraftpro.com\/index.php\/wp-json\/wp\/v2\/media?parent=53375"}],"wp:term":[{"taxonomy":"product_brand","embeddable":true,"href":"https:\/\/www.domkraftpro.com\/index.php\/wp-json\/wp\/v2\/product_brand?post=53375"},{"taxonomy":"product_cat","embeddable":true,"href":"https:\/\/www.domkraftpro.com\/index.php\/wp-json\/wp\/v2\/product_cat?post=53375"},{"taxonomy":"product_tag","embeddable":true,"href":"https:\/\/www.domkraftpro.com\/index.php\/wp-json\/wp\/v2\/product_tag?post=53375"}],"curies":[{"name":"wp","href":"https:\/\/api.w.org\/{rel}","templated":true}]}}