{"id":53299,"date":"2026-04-27T04:42:47","date_gmt":"2026-04-27T04:42:47","guid":{"rendered":""},"modified":"2026-04-27T04:42:47","modified_gmt":"2026-04-27T04:42:47","slug":"znackovy-drezova-baterie-axe-33-chrom-53299","status":"publish","type":"product","link":"https:\/\/www.domkraftpro.com\/index.php\/produkt\/znackovy-drezova-baterie-axe-33-chrom-53299\/","title":{"rendered":"Zna\u010dkov\u00fd D\u0159ezov\u00e1 baterie AXE-33 Chrom"},"content":{"rendered":"<div class=\"basic-description\">\n<h3>Detailn\u00ed popis produktu<\/h3>\n<p>                                    <html><body><\/p>\n<p><strong>D\u0159ezov\u00e1 stoj\u00e1nkov\u00e1 vodovodn\u00ed baterie AXE-33<strong>\u00a0<\/strong><\/strong>vynik\u00e1 vysoce kvalitn\u00edm zpracov\u00e1n\u00edm a spolehlivou funk\u010dnost\u00ed v\u0161ech sou\u010d\u00e1st\u00ed a materi\u00e1l\u016f.\u00a0<\/p>\n<ul style=\"list-style-type:disc;\">\n<li>Nejmodern\u011bj\u0161\u00ed, udr\u017eiteln\u00e9 technologie optimalizace slitin nejen sni\u017euj\u00ed n\u00e1klady na produkt, ale tak\u00e9 poskytuj\u00ed spolehlivost a odolnost, kter\u00e1 byla d\u0159\u00edve dostupn\u00e1 pouze v dra\u017e\u0161\u00edch cenov\u00fdch segmentech.<\/li>\n<li>RubiBrass je patentovan\u00e1 a speci\u00e1ln\u011b slo\u017een\u00e1 slitina mosazi. Tato odoln\u00e1 slitina mosazi je bezpe\u010dn\u00e1 pro lidsk\u00e9 zdrav\u00ed a \u017eivotn\u00ed prost\u0159ed\u00ed. RubiBrass m\u00e1 m\u00e9n\u011b olova a dal\u0161\u00edch nepot\u0159ebn\u00fdch slou\u010denin, kter\u00e9 mohou reagovat s pitnou vodou.<\/li>\n<li>SolidChrom je odoln\u00fd a dlouhotrvaj\u00edc\u00ed chromov\u00fd povlak nejvy\u0161\u0161\u00ed kvality. Tento chromov\u00fd povlak odoln\u00fd proti od\u011bru (20-25 mikron\u016f) bude nejen z\u00e1\u0159it ve va\u0161\u00ed koupeln\u011b po mnoho let, ale bude t\u011b\u017eit tak\u00e9 z repelentn\u00edch vlastnost\u00ed proti bakteri\u00edm.<\/li>\n<li>V t\u00e9to baterii je pou\u017eit perl\u00e1tor Rubineta Spider \u2013 speci\u00e1ln\u00ed mikrotechnologie sni\u017euj\u00ed hladinu hluku, tvo\u0159\u00ed dokonal\u00fd proud vody, \u0161et\u0159\u00ed vodu.<\/li>\n<li>Kazeta RubiSTANDARD. Spolehliv\u00fd a odoln\u00fd. Standardn\u00ed kazeta \u2013 35 mm.<\/li>\n<li>Vysokotlak\u00e9 p\u0159ipojovac\u00ed hadice 45 cm pro instalaci va\u0161\u00ed baterie ji\u017e v balen\u00ed.<\/li>\n<\/ul>\n<p><strong>P\u0159ednosti d<strong>\u0159ezov\u00e9 stoj\u00e1nkov\u00e9 vodovodn\u00ed baterie AXE-33 chrom<\/strong><\/strong><\/p>\n<ul>\n<li>d\u0159ezov\u00e1<strong>\u00a0stoj\u00e1nkov\u00e1\u00a0<\/strong>baterie<\/li>\n<li><strong>v \u0161esti barevn\u00e9 varianty<\/strong>\u00a0(chrom, \u010dern\u00fd granit, b\u00e9\u017eov\u00fd granit, nerez, bronz a \u010dern\u00e1 barva)<\/li>\n<li><strong>prov\u011b\u0159en\u00e1<\/strong>\u00a0technologie<\/li>\n<li><strong>modern\u00ed<\/strong> design<\/li>\n<li>v\u0161e testov\u00e1no se\u00a0<strong>100% \u00fasp\u011b\u0161nost\u00ed<\/strong><\/li>\n<\/ul>\n<p><strong>Z\u00c1RUKA 5 let<\/strong><\/p>\n<p><\/body><\/html>                            <\/div>\n<div class=\"extended-description\">\n<h3>Dopl\u0148kov\u00e9 parametry<\/h3>\n<table class=\"detail-parameters\">\n<tbody>\n<tr>\n<th>        <span class=\"row-header-label\">            Kategorie<span class=\"row-header-label-colon\">:<\/span>        <\/span>    <\/th>\n<td>            <\/td>\n<\/tr>\n<tr>\n<th>            <span class=\"row-header-label\">                Z\u00e1ruka<span class=\"row-header-label-colon\">:<\/span>            <\/span>        <\/th>\n<td>            5 let t\u011blo baterie        <\/td>\n<\/tr>\n<tr>\n<th>            <span class=\"row-header-label\">                Hmotnost<span class=\"row-header-label-colon\">:<\/span>            <\/span>        <\/th>\n<td>            1.6 kg        <\/td>\n<\/tr>\n<tr class=\"productEan\">\n<th>          <span class=\"row-header-label productEan__label\">              EAN<span class=\"row-header-label-colon\">:<\/span>          <\/span>      <\/th>\n<td>          <span class=\"productEan__value\">4772034001082<\/span>      <\/td>\n<\/tr>\n<tr>\n<th>                <span class=\"row-header-label\">                                            Barva<span class=\"row-header-label-colon\">:<\/span>                                    <\/span>            <\/th>\n<td>                                                            Chrom                                                <\/td>\n<\/tr>\n<tr>\n<th>                <span class=\"row-header-label\">                                            Katalog<span class=\"row-header-label-colon\">:<\/span>                                    <\/span>            <\/th>\n<td>                                                            Olsen-Spa                                                <\/td>\n<\/tr>\n<tr>\n<th>                <span class=\"row-header-label\">                                            Materi\u00e1l<span class=\"row-header-label-colon\">:<\/span>                                    <\/span>            <\/th>\n<td>                                                            Mosaz                                                <\/td>\n<\/tr>\n<tr>\n<th>                <span class=\"row-header-label\">                                            Ovl\u00e1d\u00e1n\u00ed baterie<span class=\"row-header-label-colon\">:<\/span>                                    <\/span>            <\/th>\n<td>                                                            P\u00e1kov\u00e9                                                <\/td>\n<\/tr>\n<tr>\n<th>                <span class=\"row-header-label\">                                            S\u00e9rie<span class=\"row-header-label-colon\">:<\/span>                                    <\/span>            <\/th>\n<td>                                                            AXE                                                <\/td>\n<\/tr>\n<tr>\n<th>                <span class=\"row-header-label\">                                            Skupina artiklu<span class=\"row-header-label-colon\">:<\/span>                                    <\/span>            <\/th>\n<td>                                                            S23BR                                                <\/td>\n<\/tr>\n<tr>\n<th>                <span class=\"row-header-label\">                                            Typ<span class=\"row-header-label-colon\">:<\/span>                                    <\/span>            <\/th>\n<td>                                                            D\u0159ezov\u00e1 baterie                                                <\/td>\n<\/tr>\n<tr>\n<th>                <span class=\"row-header-label\">                                            Um\u00edst\u011bn\u00ed baterie<span class=\"row-header-label-colon\">:<\/span>                                    <\/span>            <\/th>\n<td>                                                            Stoj\u00e1nkov\u00e9                                                <\/td>\n<\/tr>\n<tr>\n<th>                <span class=\"row-header-label\">                                            Vyu\u017eit\u00ed baterie<span class=\"row-header-label-colon\">:<\/span>                                    <\/span>            <\/th>\n<td>                                                            Kuchy\u0148sk\u00e9                                                <\/td>\n<\/tr>\n<tr>\n<th>                <span class=\"row-header-label\">                                            Z\u00e1ruka<span class=\"row-header-label-colon\">:<\/span>                                    <\/span>            <\/th>\n<td>                                                            5 let t\u011blo baterie                                                <\/td>\n<\/tr>\n<\/tbody>\n<\/table><\/div>\n<\/p><\/div>\n<\/p><\/div>\n","protected":false},"excerpt":{"rendered":"<p>Detailn\u00ed popis produktu D\u0159ezov\u00e1 stoj\u00e1nkov\u00e1 vodovodn\u00ed baterie AXE-33\u00a0vynik\u00e1 vysoce kvalitn\u00edm zpracov\u00e1n\u00edm a spolehlivou funk\u010dnost\u00ed v\u0161ech sou\u010d\u00e1st\u00ed a materi\u00e1l\u016f.\u00a0 Nejmodern\u011bj\u0161\u00ed, udr\u017eiteln\u00e9 technologie optimalizace slitin nejen sni\u017euj\u00ed n\u00e1klady na produkt, ale tak\u00e9 poskytuj\u00ed spolehlivost a odolnost, kter\u00e1 byla d\u0159\u00edve dostupn\u00e1 pouze v dra\u017e\u0161\u00edch cenov\u00fdch segmentech. RubiBrass je patentovan\u00e1 a speci\u00e1ln\u011b slo\u017een\u00e1 slitina mosazi. Tato odoln\u00e1 slitina mosazi [&hellip;]<\/p>\n","protected":false},"featured_media":53399,"comment_status":"open","ping_status":"open","template":"","meta":[],"product_brand":[],"product_cat":[75],"product_tag":[],"class_list":{"0":"post-53299","1":"product","2":"type-product","3":"status-publish","4":"has-post-thumbnail","6":"product_cat-vodovodni-baterie","8":"first","9":"instock","10":"sale","11":"shipping-taxable","12":"purchasable","13":"product-type-simple"},"yoast_head":"<!-- This site is optimized with the Yoast SEO plugin v26.8 - https:\/\/yoast.com\/product\/yoast-seo-wordpress\/ -->\n<title>Zna\u010dkov\u00fd D\u0159ezov\u00e1 baterie AXE-33 Chrom -<\/title>\n<meta name=\"robots\" content=\"index, follow, max-snippet:-1, max-image-preview:large, max-video-preview:-1\" \/>\n<link rel=\"canonical\" href=\"https:\/\/www.domkraftpro.com\/index.php\/produkt\/znackovy-drezova-baterie-axe-33-chrom-53299\/\" \/>\n<meta property=\"og:locale\" content=\"cs_CZ\" \/>\n<meta property=\"og:type\" content=\"article\" \/>\n<meta property=\"og:title\" content=\"Zna\u010dkov\u00fd D\u0159ezov\u00e1 baterie AXE-33 Chrom -\" \/>\n<meta property=\"og:description\" content=\"Detailn\u00ed popis produktu D\u0159ezov\u00e1 stoj\u00e1nkov\u00e1 vodovodn\u00ed baterie AXE-33\u00a0vynik\u00e1 vysoce kvalitn\u00edm zpracov\u00e1n\u00edm a spolehlivou funk\u010dnost\u00ed v\u0161ech sou\u010d\u00e1st\u00ed a materi\u00e1l\u016f.\u00a0 Nejmodern\u011bj\u0161\u00ed, udr\u017eiteln\u00e9 technologie optimalizace slitin nejen sni\u017euj\u00ed n\u00e1klady na produkt, ale tak\u00e9 poskytuj\u00ed spolehlivost a odolnost, kter\u00e1 byla d\u0159\u00edve dostupn\u00e1 pouze v dra\u017e\u0161\u00edch cenov\u00fdch segmentech. RubiBrass je patentovan\u00e1 a speci\u00e1ln\u011b slo\u017een\u00e1 slitina mosazi. Tato odoln\u00e1 slitina mosazi [&hellip;]\" \/>\n<meta property=\"og:url\" content=\"https:\/\/www.domkraftpro.com\/index.php\/produkt\/znackovy-drezova-baterie-axe-33-chrom-53299\/\" \/>\n<meta property=\"og:image\" content=\"https:\/\/www.domkraftpro.com\/wp-content\/uploads\/2026\/SK0009924-CZ20260425-092556-0-1777080363-830388_drezova-baterie-axe-33-chrom.webp\" \/>\n\t<meta property=\"og:image:width\" content=\"1000\" \/>\n\t<meta property=\"og:image:height\" content=\"750\" \/>\n\t<meta property=\"og:image:type\" content=\"image\/webp\" \/>\n<meta name=\"twitter:card\" content=\"summary_large_image\" \/>\n<meta name=\"twitter:label1\" content=\"Odhadovan\u00e1 doba \u010dten\u00ed\" \/>\n\t<meta name=\"twitter:data1\" content=\"1 minuta\" \/>\n<script type=\"application\/ld+json\" class=\"yoast-schema-graph\">{\"@context\":\"https:\/\/schema.org\",\"@graph\":[{\"@type\":\"WebPage\",\"@id\":\"https:\/\/www.domkraftpro.com\/index.php\/produkt\/znackovy-drezova-baterie-axe-33-chrom-53299\/\",\"url\":\"https:\/\/www.domkraftpro.com\/index.php\/produkt\/znackovy-drezova-baterie-axe-33-chrom-53299\/\",\"name\":\"Zna\u010dkov\u00fd D\u0159ezov\u00e1 baterie AXE-33 Chrom -\",\"isPartOf\":{\"@id\":\"https:\/\/www.domkraftpro.com\/#website\"},\"primaryImageOfPage\":{\"@id\":\"https:\/\/www.domkraftpro.com\/index.php\/produkt\/znackovy-drezova-baterie-axe-33-chrom-53299\/#primaryimage\"},\"image\":{\"@id\":\"https:\/\/www.domkraftpro.com\/index.php\/produkt\/znackovy-drezova-baterie-axe-33-chrom-53299\/#primaryimage\"},\"thumbnailUrl\":\"https:\/\/www.domkraftpro.com\/wp-content\/uploads\/2026\/SK0009924-CZ20260425-092556-0-1777080363-830388_drezova-baterie-axe-33-chrom.webp\",\"datePublished\":\"2026-04-27T04:42:47+00:00\",\"breadcrumb\":{\"@id\":\"https:\/\/www.domkraftpro.com\/index.php\/produkt\/znackovy-drezova-baterie-axe-33-chrom-53299\/#breadcrumb\"},\"inLanguage\":\"cs\",\"potentialAction\":[{\"@type\":\"ReadAction\",\"target\":[\"https:\/\/www.domkraftpro.com\/index.php\/produkt\/znackovy-drezova-baterie-axe-33-chrom-53299\/\"]}]},{\"@type\":\"ImageObject\",\"inLanguage\":\"cs\",\"@id\":\"https:\/\/www.domkraftpro.com\/index.php\/produkt\/znackovy-drezova-baterie-axe-33-chrom-53299\/#primaryimage\",\"url\":\"https:\/\/www.domkraftpro.com\/wp-content\/uploads\/2026\/SK0009924-CZ20260425-092556-0-1777080363-830388_drezova-baterie-axe-33-chrom.webp\",\"contentUrl\":\"https:\/\/www.domkraftpro.com\/wp-content\/uploads\/2026\/SK0009924-CZ20260425-092556-0-1777080363-830388_drezova-baterie-axe-33-chrom.webp\",\"width\":1000,\"height\":750},{\"@type\":\"BreadcrumbList\",\"@id\":\"https:\/\/www.domkraftpro.com\/index.php\/produkt\/znackovy-drezova-baterie-axe-33-chrom-53299\/#breadcrumb\",\"itemListElement\":[{\"@type\":\"ListItem\",\"position\":1,\"name\":\"Home\",\"item\":\"https:\/\/www.domkraftpro.com\/\"},{\"@type\":\"ListItem\",\"position\":2,\"name\":\"Products\",\"item\":\"https:\/\/www.domkraftpro.com\/index.php\/products\/\"},{\"@type\":\"ListItem\",\"position\":3,\"name\":\"Zna\u010dkov\u00fd D\u0159ezov\u00e1 baterie AXE-33 Chrom\"}]},{\"@type\":\"WebSite\",\"@id\":\"https:\/\/www.domkraftpro.com\/#website\",\"url\":\"https:\/\/www.domkraftpro.com\/\",\"name\":\"\",\"description\":\"\",\"potentialAction\":[{\"@type\":\"SearchAction\",\"target\":{\"@type\":\"EntryPoint\",\"urlTemplate\":\"https:\/\/www.domkraftpro.com\/?s={search_term_string}\"},\"query-input\":{\"@type\":\"PropertyValueSpecification\",\"valueRequired\":true,\"valueName\":\"search_term_string\"}}],\"inLanguage\":\"cs\"}]}<\/script>\n<!-- \/ Yoast SEO plugin. -->","yoast_head_json":{"title":"Zna\u010dkov\u00fd D\u0159ezov\u00e1 baterie AXE-33 Chrom -","robots":{"index":"index","follow":"follow","max-snippet":"max-snippet:-1","max-image-preview":"max-image-preview:large","max-video-preview":"max-video-preview:-1"},"canonical":"https:\/\/www.domkraftpro.com\/index.php\/produkt\/znackovy-drezova-baterie-axe-33-chrom-53299\/","og_locale":"cs_CZ","og_type":"article","og_title":"Zna\u010dkov\u00fd D\u0159ezov\u00e1 baterie AXE-33 Chrom -","og_description":"Detailn\u00ed popis produktu D\u0159ezov\u00e1 stoj\u00e1nkov\u00e1 vodovodn\u00ed baterie AXE-33\u00a0vynik\u00e1 vysoce kvalitn\u00edm zpracov\u00e1n\u00edm a spolehlivou funk\u010dnost\u00ed v\u0161ech sou\u010d\u00e1st\u00ed a materi\u00e1l\u016f.\u00a0 Nejmodern\u011bj\u0161\u00ed, udr\u017eiteln\u00e9 technologie optimalizace slitin nejen sni\u017euj\u00ed n\u00e1klady na produkt, ale tak\u00e9 poskytuj\u00ed spolehlivost a odolnost, kter\u00e1 byla d\u0159\u00edve dostupn\u00e1 pouze v dra\u017e\u0161\u00edch cenov\u00fdch segmentech. RubiBrass je patentovan\u00e1 a speci\u00e1ln\u011b slo\u017een\u00e1 slitina mosazi. Tato odoln\u00e1 slitina mosazi [&hellip;]","og_url":"https:\/\/www.domkraftpro.com\/index.php\/produkt\/znackovy-drezova-baterie-axe-33-chrom-53299\/","og_image":[{"width":1000,"height":750,"url":"https:\/\/www.domkraftpro.com\/wp-content\/uploads\/2026\/SK0009924-CZ20260425-092556-0-1777080363-830388_drezova-baterie-axe-33-chrom.webp","type":"image\/webp"}],"twitter_card":"summary_large_image","twitter_misc":{"Odhadovan\u00e1 doba \u010dten\u00ed":"1 minuta"},"schema":{"@context":"https:\/\/schema.org","@graph":[{"@type":"WebPage","@id":"https:\/\/www.domkraftpro.com\/index.php\/produkt\/znackovy-drezova-baterie-axe-33-chrom-53299\/","url":"https:\/\/www.domkraftpro.com\/index.php\/produkt\/znackovy-drezova-baterie-axe-33-chrom-53299\/","name":"Zna\u010dkov\u00fd D\u0159ezov\u00e1 baterie AXE-33 Chrom -","isPartOf":{"@id":"https:\/\/www.domkraftpro.com\/#website"},"primaryImageOfPage":{"@id":"https:\/\/www.domkraftpro.com\/index.php\/produkt\/znackovy-drezova-baterie-axe-33-chrom-53299\/#primaryimage"},"image":{"@id":"https:\/\/www.domkraftpro.com\/index.php\/produkt\/znackovy-drezova-baterie-axe-33-chrom-53299\/#primaryimage"},"thumbnailUrl":"https:\/\/www.domkraftpro.com\/wp-content\/uploads\/2026\/SK0009924-CZ20260425-092556-0-1777080363-830388_drezova-baterie-axe-33-chrom.webp","datePublished":"2026-04-27T04:42:47+00:00","breadcrumb":{"@id":"https:\/\/www.domkraftpro.com\/index.php\/produkt\/znackovy-drezova-baterie-axe-33-chrom-53299\/#breadcrumb"},"inLanguage":"cs","potentialAction":[{"@type":"ReadAction","target":["https:\/\/www.domkraftpro.com\/index.php\/produkt\/znackovy-drezova-baterie-axe-33-chrom-53299\/"]}]},{"@type":"ImageObject","inLanguage":"cs","@id":"https:\/\/www.domkraftpro.com\/index.php\/produkt\/znackovy-drezova-baterie-axe-33-chrom-53299\/#primaryimage","url":"https:\/\/www.domkraftpro.com\/wp-content\/uploads\/2026\/SK0009924-CZ20260425-092556-0-1777080363-830388_drezova-baterie-axe-33-chrom.webp","contentUrl":"https:\/\/www.domkraftpro.com\/wp-content\/uploads\/2026\/SK0009924-CZ20260425-092556-0-1777080363-830388_drezova-baterie-axe-33-chrom.webp","width":1000,"height":750},{"@type":"BreadcrumbList","@id":"https:\/\/www.domkraftpro.com\/index.php\/produkt\/znackovy-drezova-baterie-axe-33-chrom-53299\/#breadcrumb","itemListElement":[{"@type":"ListItem","position":1,"name":"Home","item":"https:\/\/www.domkraftpro.com\/"},{"@type":"ListItem","position":2,"name":"Products","item":"https:\/\/www.domkraftpro.com\/index.php\/products\/"},{"@type":"ListItem","position":3,"name":"Zna\u010dkov\u00fd D\u0159ezov\u00e1 baterie AXE-33 Chrom"}]},{"@type":"WebSite","@id":"https:\/\/www.domkraftpro.com\/#website","url":"https:\/\/www.domkraftpro.com\/","name":"","description":"","potentialAction":[{"@type":"SearchAction","target":{"@type":"EntryPoint","urlTemplate":"https:\/\/www.domkraftpro.com\/?s={search_term_string}"},"query-input":{"@type":"PropertyValueSpecification","valueRequired":true,"valueName":"search_term_string"}}],"inLanguage":"cs"}]}},"_links":{"self":[{"href":"https:\/\/www.domkraftpro.com\/index.php\/wp-json\/wp\/v2\/product\/53299","targetHints":{"allow":["GET"]}}],"collection":[{"href":"https:\/\/www.domkraftpro.com\/index.php\/wp-json\/wp\/v2\/product"}],"about":[{"href":"https:\/\/www.domkraftpro.com\/index.php\/wp-json\/wp\/v2\/types\/product"}],"replies":[{"embeddable":true,"href":"https:\/\/www.domkraftpro.com\/index.php\/wp-json\/wp\/v2\/comments?post=53299"}],"wp:featuredmedia":[{"embeddable":true,"href":"https:\/\/www.domkraftpro.com\/index.php\/wp-json\/wp\/v2\/media\/53399"}],"wp:attachment":[{"href":"https:\/\/www.domkraftpro.com\/index.php\/wp-json\/wp\/v2\/media?parent=53299"}],"wp:term":[{"taxonomy":"product_brand","embeddable":true,"href":"https:\/\/www.domkraftpro.com\/index.php\/wp-json\/wp\/v2\/product_brand?post=53299"},{"taxonomy":"product_cat","embeddable":true,"href":"https:\/\/www.domkraftpro.com\/index.php\/wp-json\/wp\/v2\/product_cat?post=53299"},{"taxonomy":"product_tag","embeddable":true,"href":"https:\/\/www.domkraftpro.com\/index.php\/wp-json\/wp\/v2\/product_tag?post=53299"}],"curies":[{"name":"wp","href":"https:\/\/api.w.org\/{rel}","templated":true}]}}