{"id":53111,"date":"2026-04-27T04:42:47","date_gmt":"2026-04-27T04:42:47","guid":{"rendered":""},"modified":"2026-04-27T04:42:47","modified_gmt":"2026-04-27T04:42:47","slug":"znackovy-asymetricka-ctvrtkruhova-sprchova-vanicka-laka-120-cm-80-cm-leva-53111","status":"publish","type":"product","link":"https:\/\/www.domkraftpro.com\/produkt\/znackovy-asymetricka-ctvrtkruhova-sprchova-vanicka-laka-120-cm-80-cm-leva-53111\/","title":{"rendered":"Zna\u010dkov\u00fd Asymetrick\u00e1 \u010dtvrtkruhov\u00e1 sprchov\u00e1 vani\u010dka LAKA, 120 cm, 80 cm, Lev\u00e1"},"content":{"rendered":"<div class=\"basic-description\">\n<h3>Detailn\u00ed popis produktu<\/h3>\n<p>Pr\u00e9miov\u00fdm\u00a0materi\u00e1lem, kter\u00fd se pou\u017e\u00edv\u00e1 pro v\u00fdrobu\u00a0<strong>sprchov\u00fdch vani\u010dek<\/strong>\u00a0a jeho\u017e obliba roste, je <b>Lit\u00fd mramor &#8211; Mineral Durabe<\/b>. Je tvo\u0159en sm\u011bs\u00ed p\u0159\u00edrodn\u00edho mlet\u00e9ho dolomitu a polyesterov\u00e9 prysky\u0159ice. Pro lit\u00fd mramor je charakteristick\u00e1 rovnost povrchu, vysok\u00e1 pevnost a stabilita a minim\u00e1ln\u00ed p\u0159enos zvuku. V\u0161echny vani\u010dky maj\u00ed rovn\u011b\u017e protiskluzovou \u00fapravu.<\/p>\n<p><strong>No\u017ei\u010dky a sif\u00f3n nen\u00ed sou\u010d\u00e1st\u00ed balen\u00ed.<\/strong><strong>\u00a0<\/strong><\/p>\n<p><b>Do rozm\u011bru 120&#215;90 cm\u00a0je pot\u0159eba\u00a05 ks no\u017ei\u010dek, nad rozm\u011br 120&#215;90 cm je vy\u017eadov\u00e1no 8 ks no\u017ei\u010dek.<\/b><\/p>\n<p>Vani\u010dka je vhodn\u00e1 k osazen\u00ed na modern\u00ed\u00a0obd\u00e9ln\u00edkov\u00e9 sprchov\u00e9 kouty\u00a0<\/p>\n<p>Jako skv\u011bl\u00fd dopln\u011bk pro sprchov\u00fd kout m\u016f\u017ee slou\u017eit\u00a0sprchov\u00e1 baterie\u00a0,\u00a0sprchov\u00e1 r\u016f\u017eice,\u00a0dr\u017e\u00e1k ru\u010dn\u00ed sprchy\u00a0a\u00a0sprchov\u00e9 poli\u010dky. Modern\u00ed\u00a0instala\u010dn\u00ed materi\u00e1l\u00a0zajist\u00ed snadnou mont\u00e1\u017e Va\u0161eho sprchov\u00e9ho koutu. <strong>Otvor pro sifon<\/strong>\u00a090 mm, vyberte si\u00a0sifon pro sprchovou vani\u010dku\u00a0z nab\u00eddky.\u00a0<\/p>\n<\/p>\n<p><strong>P\u0159ednosti\u00a0\u010dtvrtkruhov\u00e9\u00a0<strong>mramorov\u00e9 sprchov\u00e9<\/strong>\u00a0vani\u010dky LAKA:<\/strong><\/p>\n<ul>\n<li><strong>Materi\u00e1l:\u00a0<\/strong>Lit\u00fd mramor &#8211; Mineral Durabe<\/li>\n<li><strong>Pr\u016fm\u011br otvoru\u00a0<\/strong>pro\u00a0sifon\u00a0&#8211; 90 mm<\/li>\n<li><strong>Protiskluzov\u00e1 \u00faprava<\/strong><\/li>\n<li><strong>Vysok\u00e1<\/strong>\u00a0odolnost<\/li>\n<li><strong>Luxusn\u00ed\u00a0elegantn\u00ed vzhled<\/strong><\/li>\n<li><b>Designov\u00e1 krytka sifonu sou\u010d\u00e1st\u00ed vani\u010dky<\/b><\/li>\n<\/ul>\n<p><strong>Rozm\u011bry vani\u010dky:<\/strong><\/p>\n<ul>\n<li>100\u00d780\u00d73 cm &#8211; lev\u00e1<\/li>\n<li>100\u00d780\u00d73 cm &#8211; prav\u00e1<\/li>\n<li>120\u00d780\u00d73 cm &#8211; lev\u00e1<\/li>\n<li>120\u00d780\u00d73 cm &#8211; prav\u00e1<\/li>\n<li>120\u00d790\u00d73 cm &#8211; lev\u00e1<\/li>\n<li>120\u00d790\u00d73 cm &#8211; prav\u00e1<\/li>\n<\/ul>\n<ul>\n<li><strong>Z\u00e1ruka 5 let<\/strong><\/li>\n<\/ul>\n<p><strong>MINERAL DURABE (LIT\u00dd MRAMOR)<\/strong><\/p>\n<p>V\u00fdrobky vytvo\u0159en\u00e9 technologi\u00ed Miner\u00e1l DuraBe jsou opat\u0159eny extr\u00e9mn\u011b odoln\u00fdm gelcoatov\u00fdm povlakem. D\u00edky tomuto \u0159e\u0161en\u00ed maj\u00ed vany a sprchov\u00e9 vani\u010dky velmi dobr\u00e9 u\u017eitn\u00e9 a estetick\u00e9 vlastnosti. V\u00fdrobky vyroben\u00e9 z miner\u00e1ln\u00edho odlitku, kter\u00fd je sm\u011bs\u00ed p\u0159\u00edrodn\u00edch kamen\u016f, jako je mramor nebo dolomit, a prysky\u0159ice, maj\u00ed dokonale hladk\u00fd nepor\u00e9zn\u00ed povrch s velmi vysokou trvanlivost\u00ed a odolnost\u00ed v\u016f\u010di zabarven\u00ed. Antibakteri\u00e1ln\u00ed vlastnosti vrstvy Gelcoat pom\u00e1haj\u00ed udr\u017eovat produkt v \u010distot\u011b a zabra\u0148uj\u00ed v\u00fdvoji bakteri\u00ed, kter\u00e9 jsou zdrav\u00ed \u0161kodliv\u00e9, co\u017e je v koupeln\u011b \u010dasto velk\u00fd probl\u00e9m.<\/p>\n<p>\u00a0<\/p>\n<\/p><\/div>\n<div class=\"extended-description\">\n<h3>Dopl\u0148kov\u00e9 parametry<\/h3>\n<table class=\"detail-parameters\">\n<tbody>\n<tr>\n<th>        <span class=\"row-header-label\">            Kategorie<span class=\"row-header-label-colon\">:<\/span>        <\/span>    <\/th>\n<td>            <\/td>\n<\/tr>\n<tr>\n<th>            <span class=\"row-header-label\">                Z\u00e1ruka<span class=\"row-header-label-colon\">:<\/span>            <\/span>        <\/th>\n<td>            5 let        <\/td>\n<\/tr>\n<tr>\n<th>            <span class=\"row-header-label\">                Hmotnost<span class=\"row-header-label-colon\">:<\/span>            <\/span>        <\/th>\n<td>            41 kg        <\/td>\n<\/tr>\n<tr class=\"productEan\">\n<th>          <span class=\"row-header-label productEan__label\">              EAN<span class=\"row-header-label-colon\">:<\/span>          <\/span>      <\/th>\n<td>          <span class=\"productEan__value\">5903163207895<\/span>      <\/td>\n<\/tr>\n<tr>\n<th>                <span class=\"row-header-label\">                                            Barva<span class=\"row-header-label-colon\">:<\/span>                                    <\/span>            <\/th>\n<td>                                                            B\u00edl\u00e1 leskl\u00e1                                                <\/td>\n<\/tr>\n<tr>\n<th>                <span class=\"row-header-label\">                                            Hlouba<span class=\"row-header-label-colon\">:<\/span>                                    <\/span>            <\/th>\n<td>                                                            80                                                <\/td>\n<\/tr>\n<tr>\n<th>                <span class=\"row-header-label\">                                            Katalog<span class=\"row-header-label-colon\">:<\/span>                                    <\/span>            <\/th>\n<td>                                                            Olsen-Spa,HOPA Koupelny                                                <\/td>\n<\/tr>\n<tr>\n<th>                <span class=\"row-header-label\">                                            Materi\u00e1l<span class=\"row-header-label-colon\">:<\/span>                                    <\/span>            <\/th>\n<td>                                                            Lit\u00fd mramor &#8211; Mineral Durabe                                                <\/td>\n<\/tr>\n<tr>\n<th>                <span class=\"row-header-label\">                                            \u00d8 Sifonu<span class=\"row-header-label-colon\">:<\/span>                                    <\/span>            <\/th>\n<td>                                                            9 cm                                                <\/td>\n<\/tr>\n<tr>\n<th>                <span class=\"row-header-label\">                                            R\u00e1dius<span class=\"row-header-label-colon\">:<\/span>                                    <\/span>            <\/th>\n<td>                                                            R 550                                                <\/td>\n<\/tr>\n<tr>\n<th>                <span class=\"row-header-label\">                                            Rozm\u011br A<span class=\"row-header-label-colon\">:<\/span>                                    <\/span>            <\/th>\n<td>                                                            100 cm,120 cm                                                <\/td>\n<\/tr>\n<tr>\n<th>                <span class=\"row-header-label\">                                            Rozm\u011br B<span class=\"row-header-label-colon\">:<\/span>                                    <\/span>            <\/th>\n<td>                                                            80 cm,90 cm                                                <\/td>\n<\/tr>\n<tr>\n<th>                <span class=\"row-header-label\">                                            Rozm\u011br C<span class=\"row-header-label-colon\">:<\/span>                                    <\/span>            <\/th>\n<td>                                                            3 cm                                                <\/td>\n<\/tr>\n<tr>\n<th>                <span class=\"row-header-label\">                                            S\u00e9rie<span class=\"row-header-label-colon\">:<\/span>                                    <\/span>            <\/th>\n<td>                                                            Laka                                                <\/td>\n<\/tr>\n<tr>\n<th>                <span class=\"row-header-label\">                                            Skupina artiklu<span class=\"row-header-label-colon\">:<\/span>                                    <\/span>            <\/th>\n<td>                                                            S06C                                                <\/td>\n<\/tr>\n<tr>\n<th>                <span class=\"row-header-label\">                                            \u0160\u00ed\u0159ka<span class=\"row-header-label-colon\">:<\/span>                                    <\/span>            <\/th>\n<td>                                                            120                                                <\/td>\n<\/tr>\n<tr>\n<th>                <span class=\"row-header-label\">                                            Top Produkt<span class=\"row-header-label-colon\">:<\/span>                                    <\/span>            <\/th>\n<td>                                                            Ano                                                <\/td>\n<\/tr>\n<tr>\n<th>                <span class=\"row-header-label\">                                            Tvar<span class=\"row-header-label-colon\">:<\/span>                                    <\/span>            <\/th>\n<td>                                                            Asymetrick\u00fd                                                <\/td>\n<\/tr>\n<tr>\n<th>                <span class=\"row-header-label\">                                            Z\u00e1ruka<span class=\"row-header-label-colon\">:<\/span>                                    <\/span>            <\/th>\n<td>                                                            5 let                                                <\/td>\n<\/tr>\n<tr>\n<th>                <span class=\"row-header-label\">                                            Zp\u016fsob proveden\u00ed<span class=\"row-header-label-colon\">:<\/span>                                    <\/span>            <\/th>\n<td>                                                            Lev\u00e1                                                <\/td>\n<\/tr>\n<\/tbody>\n<\/table><\/div>\n<\/p><\/div>\n<\/p><\/div>\n","protected":false},"excerpt":{"rendered":"<p>Detailn\u00ed popis produktu Pr\u00e9miov\u00fdm\u00a0materi\u00e1lem, kter\u00fd se pou\u017e\u00edv\u00e1 pro v\u00fdrobu\u00a0sprchov\u00fdch vani\u010dek\u00a0a jeho\u017e obliba roste, je Lit\u00fd mramor &#8211; Mineral Durabe. Je tvo\u0159en sm\u011bs\u00ed p\u0159\u00edrodn\u00edho mlet\u00e9ho dolomitu a polyesterov\u00e9 prysky\u0159ice. Pro lit\u00fd mramor je charakteristick\u00e1 rovnost povrchu, vysok\u00e1 pevnost a stabilita a minim\u00e1ln\u00ed p\u0159enos zvuku. V\u0161echny vani\u010dky maj\u00ed rovn\u011b\u017e protiskluzovou \u00fapravu. No\u017ei\u010dky a sif\u00f3n nen\u00ed sou\u010d\u00e1st\u00ed balen\u00ed.\u00a0 [&hellip;]<\/p>\n","protected":false},"featured_media":53211,"comment_status":"open","ping_status":"open","template":"","meta":[],"product_brand":[],"product_cat":[79],"product_tag":[],"class_list":{"0":"post-53111","1":"product","2":"type-product","3":"status-publish","4":"has-post-thumbnail","6":"product_cat-sprchove-vanicky","8":"first","9":"instock","10":"sale","11":"shipping-taxable","12":"purchasable","13":"product-type-simple"},"yoast_head":"<!-- This site is optimized with the Yoast SEO plugin v26.8 - https:\/\/yoast.com\/product\/yoast-seo-wordpress\/ -->\n<title>Zna\u010dkov\u00fd Asymetrick\u00e1 \u010dtvrtkruhov\u00e1 sprchov\u00e1 vani\u010dka LAKA, 120 cm, 80 cm, Lev\u00e1 -<\/title>\n<meta name=\"robots\" content=\"index, follow, max-snippet:-1, max-image-preview:large, max-video-preview:-1\" \/>\n<link rel=\"canonical\" href=\"https:\/\/www.domkraftpro.com\/index.php\/produkt\/znackovy-asymetricka-ctvrtkruhova-sprchova-vanicka-laka-120-cm-80-cm-leva-53111\/\" \/>\n<meta property=\"og:locale\" content=\"cs_CZ\" \/>\n<meta property=\"og:type\" content=\"article\" \/>\n<meta property=\"og:title\" content=\"Zna\u010dkov\u00fd Asymetrick\u00e1 \u010dtvrtkruhov\u00e1 sprchov\u00e1 vani\u010dka LAKA, 120 cm, 80 cm, Lev\u00e1 -\" \/>\n<meta property=\"og:description\" content=\"Detailn\u00ed popis produktu Pr\u00e9miov\u00fdm\u00a0materi\u00e1lem, kter\u00fd se pou\u017e\u00edv\u00e1 pro v\u00fdrobu\u00a0sprchov\u00fdch vani\u010dek\u00a0a jeho\u017e obliba roste, je Lit\u00fd mramor &#8211; Mineral Durabe. Je tvo\u0159en sm\u011bs\u00ed p\u0159\u00edrodn\u00edho mlet\u00e9ho dolomitu a polyesterov\u00e9 prysky\u0159ice. Pro lit\u00fd mramor je charakteristick\u00e1 rovnost povrchu, vysok\u00e1 pevnost a stabilita a minim\u00e1ln\u00ed p\u0159enos zvuku. V\u0161echny vani\u010dky maj\u00ed rovn\u011b\u017e protiskluzovou \u00fapravu. No\u017ei\u010dky a sif\u00f3n nen\u00ed sou\u010d\u00e1st\u00ed balen\u00ed.\u00a0 [&hellip;]\" \/>\n<meta property=\"og:url\" content=\"https:\/\/www.domkraftpro.com\/index.php\/produkt\/znackovy-asymetricka-ctvrtkruhova-sprchova-vanicka-laka-120-cm-80-cm-leva-53111\/\" \/>\n<meta property=\"og:image\" content=\"https:\/\/www.domkraftpro.com\/wp-content\/uploads\/2026\/SK0009836-CZ20260425-092556-0-1777080363-829959_asymetricka-ctvrtkruhova-sprchova-vanicka-laka.webp\" \/>\n\t<meta property=\"og:image:width\" content=\"1000\" \/>\n\t<meta property=\"og:image:height\" content=\"750\" \/>\n\t<meta property=\"og:image:type\" content=\"image\/webp\" \/>\n<meta name=\"twitter:card\" content=\"summary_large_image\" \/>\n<meta name=\"twitter:label1\" content=\"Odhadovan\u00e1 doba \u010dten\u00ed\" \/>\n\t<meta name=\"twitter:data1\" content=\"2 minuty\" \/>\n<script type=\"application\/ld+json\" class=\"yoast-schema-graph\">{\"@context\":\"https:\/\/schema.org\",\"@graph\":[{\"@type\":\"WebPage\",\"@id\":\"https:\/\/www.domkraftpro.com\/index.php\/produkt\/znackovy-asymetricka-ctvrtkruhova-sprchova-vanicka-laka-120-cm-80-cm-leva-53111\/\",\"url\":\"https:\/\/www.domkraftpro.com\/index.php\/produkt\/znackovy-asymetricka-ctvrtkruhova-sprchova-vanicka-laka-120-cm-80-cm-leva-53111\/\",\"name\":\"Zna\u010dkov\u00fd Asymetrick\u00e1 \u010dtvrtkruhov\u00e1 sprchov\u00e1 vani\u010dka LAKA, 120 cm, 80 cm, Lev\u00e1 -\",\"isPartOf\":{\"@id\":\"https:\/\/www.domkraftpro.com\/#website\"},\"primaryImageOfPage\":{\"@id\":\"https:\/\/www.domkraftpro.com\/index.php\/produkt\/znackovy-asymetricka-ctvrtkruhova-sprchova-vanicka-laka-120-cm-80-cm-leva-53111\/#primaryimage\"},\"image\":{\"@id\":\"https:\/\/www.domkraftpro.com\/index.php\/produkt\/znackovy-asymetricka-ctvrtkruhova-sprchova-vanicka-laka-120-cm-80-cm-leva-53111\/#primaryimage\"},\"thumbnailUrl\":\"https:\/\/www.domkraftpro.com\/wp-content\/uploads\/2026\/SK0009836-CZ20260425-092556-0-1777080363-829959_asymetricka-ctvrtkruhova-sprchova-vanicka-laka.webp\",\"datePublished\":\"2026-04-27T04:42:47+00:00\",\"breadcrumb\":{\"@id\":\"https:\/\/www.domkraftpro.com\/index.php\/produkt\/znackovy-asymetricka-ctvrtkruhova-sprchova-vanicka-laka-120-cm-80-cm-leva-53111\/#breadcrumb\"},\"inLanguage\":\"cs\",\"potentialAction\":[{\"@type\":\"ReadAction\",\"target\":[\"https:\/\/www.domkraftpro.com\/index.php\/produkt\/znackovy-asymetricka-ctvrtkruhova-sprchova-vanicka-laka-120-cm-80-cm-leva-53111\/\"]}]},{\"@type\":\"ImageObject\",\"inLanguage\":\"cs\",\"@id\":\"https:\/\/www.domkraftpro.com\/index.php\/produkt\/znackovy-asymetricka-ctvrtkruhova-sprchova-vanicka-laka-120-cm-80-cm-leva-53111\/#primaryimage\",\"url\":\"https:\/\/www.domkraftpro.com\/wp-content\/uploads\/2026\/SK0009836-CZ20260425-092556-0-1777080363-829959_asymetricka-ctvrtkruhova-sprchova-vanicka-laka.webp\",\"contentUrl\":\"https:\/\/www.domkraftpro.com\/wp-content\/uploads\/2026\/SK0009836-CZ20260425-092556-0-1777080363-829959_asymetricka-ctvrtkruhova-sprchova-vanicka-laka.webp\",\"width\":1000,\"height\":750},{\"@type\":\"BreadcrumbList\",\"@id\":\"https:\/\/www.domkraftpro.com\/index.php\/produkt\/znackovy-asymetricka-ctvrtkruhova-sprchova-vanicka-laka-120-cm-80-cm-leva-53111\/#breadcrumb\",\"itemListElement\":[{\"@type\":\"ListItem\",\"position\":1,\"name\":\"Home\",\"item\":\"https:\/\/www.domkraftpro.com\/\"},{\"@type\":\"ListItem\",\"position\":2,\"name\":\"Products\",\"item\":\"https:\/\/www.domkraftpro.com\/products\/\"},{\"@type\":\"ListItem\",\"position\":3,\"name\":\"Zna\u010dkov\u00fd Asymetrick\u00e1 \u010dtvrtkruhov\u00e1 sprchov\u00e1 vani\u010dka LAKA, 120 cm, 80 cm, Lev\u00e1\"}]},{\"@type\":\"WebSite\",\"@id\":\"https:\/\/www.domkraftpro.com\/#website\",\"url\":\"https:\/\/www.domkraftpro.com\/\",\"name\":\"\",\"description\":\"\",\"potentialAction\":[{\"@type\":\"SearchAction\",\"target\":{\"@type\":\"EntryPoint\",\"urlTemplate\":\"https:\/\/www.domkraftpro.com\/?s={search_term_string}\"},\"query-input\":{\"@type\":\"PropertyValueSpecification\",\"valueRequired\":true,\"valueName\":\"search_term_string\"}}],\"inLanguage\":\"cs\"}]}<\/script>\n<!-- \/ Yoast SEO plugin. -->","yoast_head_json":{"title":"Zna\u010dkov\u00fd Asymetrick\u00e1 \u010dtvrtkruhov\u00e1 sprchov\u00e1 vani\u010dka LAKA, 120 cm, 80 cm, Lev\u00e1 -","robots":{"index":"index","follow":"follow","max-snippet":"max-snippet:-1","max-image-preview":"max-image-preview:large","max-video-preview":"max-video-preview:-1"},"canonical":"https:\/\/www.domkraftpro.com\/index.php\/produkt\/znackovy-asymetricka-ctvrtkruhova-sprchova-vanicka-laka-120-cm-80-cm-leva-53111\/","og_locale":"cs_CZ","og_type":"article","og_title":"Zna\u010dkov\u00fd Asymetrick\u00e1 \u010dtvrtkruhov\u00e1 sprchov\u00e1 vani\u010dka LAKA, 120 cm, 80 cm, Lev\u00e1 -","og_description":"Detailn\u00ed popis produktu Pr\u00e9miov\u00fdm\u00a0materi\u00e1lem, kter\u00fd se pou\u017e\u00edv\u00e1 pro v\u00fdrobu\u00a0sprchov\u00fdch vani\u010dek\u00a0a jeho\u017e obliba roste, je Lit\u00fd mramor &#8211; Mineral Durabe. Je tvo\u0159en sm\u011bs\u00ed p\u0159\u00edrodn\u00edho mlet\u00e9ho dolomitu a polyesterov\u00e9 prysky\u0159ice. Pro lit\u00fd mramor je charakteristick\u00e1 rovnost povrchu, vysok\u00e1 pevnost a stabilita a minim\u00e1ln\u00ed p\u0159enos zvuku. V\u0161echny vani\u010dky maj\u00ed rovn\u011b\u017e protiskluzovou \u00fapravu. No\u017ei\u010dky a sif\u00f3n nen\u00ed sou\u010d\u00e1st\u00ed balen\u00ed.\u00a0 [&hellip;]","og_url":"https:\/\/www.domkraftpro.com\/index.php\/produkt\/znackovy-asymetricka-ctvrtkruhova-sprchova-vanicka-laka-120-cm-80-cm-leva-53111\/","og_image":[{"width":1000,"height":750,"url":"https:\/\/www.domkraftpro.com\/wp-content\/uploads\/2026\/SK0009836-CZ20260425-092556-0-1777080363-829959_asymetricka-ctvrtkruhova-sprchova-vanicka-laka.webp","type":"image\/webp"}],"twitter_card":"summary_large_image","twitter_misc":{"Odhadovan\u00e1 doba \u010dten\u00ed":"2 minuty"},"schema":{"@context":"https:\/\/schema.org","@graph":[{"@type":"WebPage","@id":"https:\/\/www.domkraftpro.com\/index.php\/produkt\/znackovy-asymetricka-ctvrtkruhova-sprchova-vanicka-laka-120-cm-80-cm-leva-53111\/","url":"https:\/\/www.domkraftpro.com\/index.php\/produkt\/znackovy-asymetricka-ctvrtkruhova-sprchova-vanicka-laka-120-cm-80-cm-leva-53111\/","name":"Zna\u010dkov\u00fd Asymetrick\u00e1 \u010dtvrtkruhov\u00e1 sprchov\u00e1 vani\u010dka LAKA, 120 cm, 80 cm, Lev\u00e1 -","isPartOf":{"@id":"https:\/\/www.domkraftpro.com\/#website"},"primaryImageOfPage":{"@id":"https:\/\/www.domkraftpro.com\/index.php\/produkt\/znackovy-asymetricka-ctvrtkruhova-sprchova-vanicka-laka-120-cm-80-cm-leva-53111\/#primaryimage"},"image":{"@id":"https:\/\/www.domkraftpro.com\/index.php\/produkt\/znackovy-asymetricka-ctvrtkruhova-sprchova-vanicka-laka-120-cm-80-cm-leva-53111\/#primaryimage"},"thumbnailUrl":"https:\/\/www.domkraftpro.com\/wp-content\/uploads\/2026\/SK0009836-CZ20260425-092556-0-1777080363-829959_asymetricka-ctvrtkruhova-sprchova-vanicka-laka.webp","datePublished":"2026-04-27T04:42:47+00:00","breadcrumb":{"@id":"https:\/\/www.domkraftpro.com\/index.php\/produkt\/znackovy-asymetricka-ctvrtkruhova-sprchova-vanicka-laka-120-cm-80-cm-leva-53111\/#breadcrumb"},"inLanguage":"cs","potentialAction":[{"@type":"ReadAction","target":["https:\/\/www.domkraftpro.com\/index.php\/produkt\/znackovy-asymetricka-ctvrtkruhova-sprchova-vanicka-laka-120-cm-80-cm-leva-53111\/"]}]},{"@type":"ImageObject","inLanguage":"cs","@id":"https:\/\/www.domkraftpro.com\/index.php\/produkt\/znackovy-asymetricka-ctvrtkruhova-sprchova-vanicka-laka-120-cm-80-cm-leva-53111\/#primaryimage","url":"https:\/\/www.domkraftpro.com\/wp-content\/uploads\/2026\/SK0009836-CZ20260425-092556-0-1777080363-829959_asymetricka-ctvrtkruhova-sprchova-vanicka-laka.webp","contentUrl":"https:\/\/www.domkraftpro.com\/wp-content\/uploads\/2026\/SK0009836-CZ20260425-092556-0-1777080363-829959_asymetricka-ctvrtkruhova-sprchova-vanicka-laka.webp","width":1000,"height":750},{"@type":"BreadcrumbList","@id":"https:\/\/www.domkraftpro.com\/index.php\/produkt\/znackovy-asymetricka-ctvrtkruhova-sprchova-vanicka-laka-120-cm-80-cm-leva-53111\/#breadcrumb","itemListElement":[{"@type":"ListItem","position":1,"name":"Home","item":"https:\/\/www.domkraftpro.com\/"},{"@type":"ListItem","position":2,"name":"Products","item":"https:\/\/www.domkraftpro.com\/products\/"},{"@type":"ListItem","position":3,"name":"Zna\u010dkov\u00fd Asymetrick\u00e1 \u010dtvrtkruhov\u00e1 sprchov\u00e1 vani\u010dka LAKA, 120 cm, 80 cm, Lev\u00e1"}]},{"@type":"WebSite","@id":"https:\/\/www.domkraftpro.com\/#website","url":"https:\/\/www.domkraftpro.com\/","name":"","description":"","potentialAction":[{"@type":"SearchAction","target":{"@type":"EntryPoint","urlTemplate":"https:\/\/www.domkraftpro.com\/?s={search_term_string}"},"query-input":{"@type":"PropertyValueSpecification","valueRequired":true,"valueName":"search_term_string"}}],"inLanguage":"cs"}]}},"_links":{"self":[{"href":"https:\/\/www.domkraftpro.com\/wp-json\/wp\/v2\/product\/53111","targetHints":{"allow":["GET"]}}],"collection":[{"href":"https:\/\/www.domkraftpro.com\/wp-json\/wp\/v2\/product"}],"about":[{"href":"https:\/\/www.domkraftpro.com\/wp-json\/wp\/v2\/types\/product"}],"replies":[{"embeddable":true,"href":"https:\/\/www.domkraftpro.com\/wp-json\/wp\/v2\/comments?post=53111"}],"wp:featuredmedia":[{"embeddable":true,"href":"https:\/\/www.domkraftpro.com\/wp-json\/wp\/v2\/media\/53211"}],"wp:attachment":[{"href":"https:\/\/www.domkraftpro.com\/wp-json\/wp\/v2\/media?parent=53111"}],"wp:term":[{"taxonomy":"product_brand","embeddable":true,"href":"https:\/\/www.domkraftpro.com\/wp-json\/wp\/v2\/product_brand?post=53111"},{"taxonomy":"product_cat","embeddable":true,"href":"https:\/\/www.domkraftpro.com\/wp-json\/wp\/v2\/product_cat?post=53111"},{"taxonomy":"product_tag","embeddable":true,"href":"https:\/\/www.domkraftpro.com\/wp-json\/wp\/v2\/product_tag?post=53111"}],"curies":[{"name":"wp","href":"https:\/\/api.w.org\/{rel}","templated":true}]}}