{"id":5307,"date":"2026-04-27T04:40:35","date_gmt":"2026-04-27T04:40:35","guid":{"rendered":""},"modified":"2026-04-27T04:40:35","modified_gmt":"2026-04-27T04:40:35","slug":"horka-nabidka-ceska-manufaktura-fiona-prirodni-230-x-120-cm-stredni-plemena-75-x-75-cm-5307","status":"publish","type":"product","link":"https:\/\/www.domkraftpro.com\/index.php\/produkt\/horka-nabidka-ceska-manufaktura-fiona-prirodni-230-x-120-cm-stredni-plemena-75-x-75-cm-5307\/","title":{"rendered":"Hork\u00e1 Nab\u00eddka \u010cesk\u00e1 Manufaktura Fiona p\u0159\u00edrodn\u00ed 230 x 120 cm St\u0159edn\u00ed plemena 75 x 75 cm"},"content":{"rendered":"<div class=\"detail-description__right\">\n<div class=\"parameters\">\n<div class=\"table\">\n<table>\n<tbody>\n<tr class=\"parameters-switch-tr\">\n<td colspan=\"2\" class=\"parameters-switch\">\n<h4>Konstrukce<\/h4>\n<\/td>\n<\/tr>\n<tr>\n<th>\t\t\t\t\t\t\tMateri\u00e1l konstrukce \t\t\t\t\t\t<\/th>\n<td>\t\t\t\t\t\t\t\t\tsmrkov\u00e9 d\u0159evo\t\t\t\t\t\t<\/td>\n<\/tr>\n<tr>\n<th>\t\t\t\t\t\t\tPovrchov\u00e1 \u00faprava \t\t\t\t\t\t<\/th>\n<td>\t\t\t\t\t\t\t\t\thoblov\u00e1n\u00ed\t\t\t\t\t\t<\/td>\n<\/tr>\n<tr>\n<th>\t\t\t\t\t\t\tImpregnace \t\t\t\t\t\t<\/th>\n<td>\t\t\t\t\t\t\t\t\tne (lze dokoupit)\t\t\t\t\t\t<\/td>\n<\/tr>\n<tr>\n<th>\t\t\t\t\t\t\tV\u00fd\u0161ka \t\t\t\t\t\t<\/th>\n<td>\t\t\t\t\t\t\t\t\t1600\u00a0mm\t\t\t\t\t\t<\/td>\n<\/tr>\n<tr>\n<th>\t\t\t\t\t\t\t\u0160\u00ed\u0159ka \t\t\t\t\t\t<\/th>\n<td>\t\t\t\t\t\t\t\t\t2000\u00a0\u2013 2600\u00a0mm\t\t\t\t\t\t<\/td>\n<\/tr>\n<tr>\n<th>\t\t\t\t\t\t\tHloubka \t\t\t\t\t\t<\/th>\n<td>\t\t\t\t\t\t\t\t\t1000\u00a0\u2013 1200\u00a0mm\t\t\t\t\t\t<\/td>\n<\/tr>\n<tr class=\"parameters-switch-tr\">\n<td colspan=\"2\" class=\"parameters-switch\">\n<h4>Dve\u0159e<\/h4>\n<\/td>\n<\/tr>\n<tr>\n<th>\t\t\t\t\t\t\tOtev\u00edr\u00e1n\u00ed \t\t\t\t\t\t<\/th>\n<td>\t\t\t\t\t\t\t\t\tpanty\t\t\t\t\t\t<\/td>\n<\/tr>\n<tr>\n<th>\t\t\t\t\t\t\tPo\u010det \t\t\t\t\t\t<\/th>\n<td>\t\t\t\t\t\t\t\t\t5\u00a0ks\t\t\t\t\t\t<\/td>\n<\/tr>\n<tr>\n<th>\t\t\t\t\t\t\tTyp \t\t\t\t\t\t<\/th>\n<td>\t\t\t\t\t\t\t\t\tjednok\u0159\u00eddl\u00e9\t\t\t\t\t\t<\/td>\n<\/tr>\n<tr>\n<th>\t\t\t\t\t\t\tMateri\u00e1l \t\t\t\t\t\t<\/th>\n<td>\t\t\t\t\t\t\t\t\tocelov\u00e9 pletivo\t\t\t\t\t\t<\/td>\n<\/tr>\n<tr>\n<th>\t\t\t\t\t\t\tZ\u00e1padka \t\t\t\t\t\t<\/th>\n<td>\t\t\t\t\t\t\t\t\tano\t\t\t\t\t\t<\/td>\n<\/tr>\n<tr class=\"parameters-switch-tr\">\n<td colspan=\"2\" class=\"parameters-switch\">\n<h4>Parametry<\/h4>\n<\/td>\n<\/tr>\n<tr>\n<th>\t\t\t\t\t\t\tModel \t\t\t\t\t\t<\/th>\n<td>\t\t\t\t\t\t\t\t\tFiona\t\t\t\t\t\t<\/td>\n<\/tr>\n<tr>\n<th>\t\t\t\t\t\t\tVyrobeno \t\t\t\t\t\t<\/th>\n<td>\t\t\t\t\t\t\t\t\t\u010cesk\u00e1 republika\t\t\t\t\t\t<\/td>\n<\/tr>\n<tr>\n<th>\t\t\t\t\t\t\tZ\u00e1ruka \t\t\t\t\t\t<\/th>\n<td>\t\t\t\t\t\t\t\t\t2\u00a0roky\t\t\t\t\t\t<\/td>\n<\/tr>\n<tr>\n<th>\t\t\t\t\t\t\tV\u00fdrobce \t\t\t\t\t\t<\/th>\n<td>\t\t\t\t\t\t\t\t\t\u010cesk\u00e1 Manufaktura\t\t\t\t\t\t<\/td>\n<\/tr>\n<tr class=\"parameters-switch-tr\">\n<td colspan=\"2\" class=\"parameters-switch\">\n<h4>V\u00fdbava<\/h4>\n<\/td>\n<\/tr>\n<tr>\n<th>\t\t\t\t\t\t\tLak \t\t\t\t\t\t<\/th>\n<td>\t\t\t\t\t\t\t\t\tne (lze dokoupit)\t\t\t\t\t\t<\/td>\n<\/tr>\n<tr>\n<th>\t\t\t\t\t\t\tRo\u0161ty \t\t\t\t\t\t<\/th>\n<td>\t\t\t\t\t\t\t\t\tne\t\t\t\t\t\t<\/td>\n<\/tr>\n<tr>\n<th>\t\t\t\t\t\t\tKrm\u00edc\u00ed chodbi\u010dka \t\t\t\t\t\t<\/th>\n<td>\t\t\t\t\t\t\t\t\tne\t\t\t\t\t\t<\/td>\n<\/tr>\n<tr>\n<th>\t\t\t\t\t\t\tJesle \t\t\t\t\t\t<\/th>\n<td>\t\t\t\t\t\t\t\t\tne\t\t\t\t\t\t<\/td>\n<\/tr>\n<tr>\n<th>\t\t\t\t\t\t\tV\u00fdb\u011bh \t\t\t\t\t\t<\/th>\n<td>\t\t\t\t\t\t\t\t\tne\t\t\t\t\t\t<\/td>\n<\/tr>\n<tr>\n<th>\t\t\t\t\t\t\tOdd\u011bliteln\u00e9 kotce \t\t\t\t\t\t<\/th>\n<td>\t\t\t\t\t\t\t\t\tne\t\t\t\t\t\t<\/td>\n<\/tr>\n<tr>\n<th>\t\t\t\t\t\t\tKoti\u0161t\u011b \t\t\t\t\t\t<\/th>\n<td>\t\t\t\t\t\t\t\t\tano\t\t\t\t\t\t<\/td>\n<\/tr>\n<tr class=\"parameters-switch-tr\">\n<td colspan=\"2\" class=\"parameters-switch\">\n<h4>St\u0159echa<\/h4>\n<\/td>\n<\/tr>\n<tr>\n<th>\t\t\t\t\t\t\tTyp \t\t\t\t\t\t<\/th>\n<td>\t\t\t\t\t\t\t\t\tpultov\u00e1\t\t\t\t\t\t<\/td>\n<\/tr>\n<tr>\n<th>\t\t\t\t\t\t\tSklon \t\t\t\t\t\t<\/th>\n<td>\t\t\t\t\t\t\t\t\t\u2013\t\t\t\t\t\t<\/td>\n<\/tr>\n<tr>\n<th>\t\t\t\t\t\t\tKrytina \t\t\t\t\t\t<\/th>\n<td>\t\t\t\t\t\t\t\t\tne (lze zakoupit)\t\t\t\t\t\t<\/td>\n<\/tr>\n<tr class=\"parameters-switch-tr\">\n<td colspan=\"2\" class=\"parameters-switch\">\n<h4>Kotec<\/h4>\n<\/td>\n<\/tr>\n<tr>\n<th>\t\t\t\t\t\t\tPo\u010det kotc\u016f \t\t\t\t\t\t<\/th>\n<td>\t\t\t\t\t\t\t\t\t5\u00a0ks\t\t\t\t\t\t<\/td>\n<\/tr>\n<tr>\n<th>\t\t\t\t\t\t\t\u0160\u00ed\u0159ka \t\t\t\t\t\t<\/th>\n<td>\t\t\t\t\t\t\t\t\t650\u00a0\u2013 850\u00a0mm\t\t\t\t\t\t<\/td>\n<\/tr>\n<tr>\n<th>\t\t\t\t\t\t\tHloubka \t\t\t\t\t\t<\/th>\n<td>\t\t\t\t\t\t\t\t\t650\u00a0\u2013 850\u00a0mm\t\t\t\t\t\t<\/td>\n<\/tr>\n<tr>\n<th>\t\t\t\t\t\t\tV\u00fd\u0161ka \t\t\t\t\t\t<\/th>\n<td>\t\t\t\t\t\t\t\t\t500\u00a0mm\t\t\t\t\t\t<\/td>\n<\/tr>\n<tr class=\"parameters-switch-tr\">\n<td colspan=\"2\" class=\"parameters-switch\">\n<h4>Parametry<\/h4>\n<\/td>\n<\/tr>\n<tr>\n<th>P\u016fvod<\/th>\n<td>Vyrobeno v \u010cR<\/td>\n<\/tr>\n<tr>\n<th>Z\u00e1ruka<\/th>\n<td>2 roky<\/td>\n<\/tr>\n<tr>\n<th>Zna\u010dka<\/th>\n<td>\u010cesk\u00e1 Manufaktura<\/td>\n<\/tr>\n<tr class=\"parameters-switch-tr-last\">\n<th colspan=\"2\"><\/th>\n<\/tr>\n<\/tbody>\n<thead>\n<tr>\n<th colspan=\"2\">Parametry produktu:<\/th>\n<\/tr>\n<\/thead>\n<\/table><\/div>\n<\/div><\/div>\n<div class=\"detail-description__top\">\n<div class=\"rating-promo\">\n<div class=\"raty raty--big\" data-score=\"5\" data-read-only=\"true\" title=\"5\"><\/div>\n<div class=\"rating-promo__number\">\t\t\t<strong>1<\/strong><small>recenze<\/small>\t\t<\/div>\n<div class=\"rating-promo__number\">\t\t\t<strong>1<\/strong><small>z\u00e1kazn\u00edk doporu\u010duje<\/small>\t\t<\/div>\n<p>\t\tV\u0161echny recenze\t<\/p><\/div>\n<\/p><\/div>\n<div class=\"detail-description__left\">\n<div class=\"detail-description__left__overflow\">\n<div class=\"detail-description__left__head\">\t\t\t\t\t\tPopis:\t\t\t\t\t<\/div>\n<div class=\"ul-style ul-style--check\">\n<p>Kr\u00e1l\u00edk\u00e1rna \u010desk\u00e9 v\u00fdroby <strong>z kvalitn\u00edho smrkov\u00e9ho d\u0159eva<\/strong> s p\u011bti kotci ve dvou podla\u017e\u00edch. Horn\u00ed \u0159ada se skl\u00e1d\u00e1 ze dvou kotc\u016f a koti\u0161tat, spodn\u00ed \u0159ada ze t\u0159\u00ed vet\u0161\u00edch kotc\u016f. D\u0159ev\u011bn\u00e1 dv\u00ed\u0159ka jsou vypln\u011bna ocelov\u00fdm pletivem a daj\u00ed se uzav\u0159\u00edt pomoc\u00ed n\u00e1bytkov\u00e9 z\u00e1str\u010dky. Kostra kr\u00e1l\u00edk\u00e1rny je tvo\u0159ena\u00a0masivn\u00edmi d\u0159ev\u011bn\u00fdmi hranoly, na kter\u00e9 jsou p\u0159ipevn\u011bny st\u011bny z\u00a0palubek.<\/p>\n<ul class=\"plusminus\">\n<li><i class=\"fas fa-check\"><\/i><span>Kvalitn\u00ed smrkov\u00e9 d\u0159evo<\/span><\/li>\n<li><i class=\"fas fa-check\"><\/i><span>P\u011bt\u00a0samostatn\u00fdch kotc\u016f<\/span><\/li>\n<li><i class=\"fas fa-check\"><\/i><span>\u010cesk\u00e1 v\u00fdroba<\/span><\/li>\n<li><i class=\"fas fa-check\"><\/i><span>Impregnace proti hnilob\u00e1m<\/span><\/li>\n<li><i class=\"fas fa-check\"><\/i><span>Mo\u017enost krm\u00edc\u00edch chodbi\u010dek<\/span><\/li>\n<\/ul>\n<p>Siln\u00e9 palubky mohou b\u00fdt\u00a0<strong>o\u0161et\u0159eny proti pl\u00edsn\u00edm a hnilob\u00e1m<\/strong>\u00a0impregna\u010dn\u00edm n\u00e1t\u011brem, kter\u00fd je sou\u010d\u00e1st\u00ed dvouvrstv\u00e9ho lazurov\u00e9ho laku. Barvu laku lze libovoln\u011b zvolit ze t\u0159\u00ed variant:\u00a0B\u0159\u00edza, Dub, Teak. Masivn\u00ed pultov\u00e1 st\u0159echa s m\u00edrn\u00fdm sklonem v zadn\u00ed \u010d\u00e1sti p\u0159esahuje ze v\u0161ech stran p\u016fdorys podlahy.\u00a0Konstrukci st\u0159echy lze nechat doplnit modifikovan\u00fdm asfaltov\u00fdm p\u00e1sem.<\/p>\n<div class='videoWrapper'><\/div>\n<\/div>\n<div class=\"detail-description__left__more\">\t\t\t\t\t\t<span> <\/span><span> <\/span>\t\t\t\t\t<\/div>\n<\/p><\/div>\n<div class=\"extra-note\">\n<p>Kotec pro mal\u00e9 kr\u00e1l\u00edky je vhodn\u00fd pro mal\u00e1 plemena o hmotnosti 1,5 &#8211; 2 kg. Jde nap\u0159\u00edklad o Mal\u00e9ho berana, Holandsk\u00e9ho zakrsl\u00e9ho kr\u00e1l\u00edka, \u010cesk\u00e9ho \u010derven\u00e9ho kr\u00e1l\u00edka a dal\u0161\u00ed. Kotec pro kr\u00e1l\u00edky st\u0159edn\u00ed velikosti, kter\u00e9 maj\u00ed hmotnost 3,5 &#8211; 5 kg, je ide\u00e1ln\u00ed pro plemena jako nap\u0159\u00edklad Anglick\u00fd beran, \u010cesk\u00fd alb\u00edn, \u010cesk\u00fd strak\u00e1\u010d a dal\u0161\u00ed. Kotec pro velk\u00e9 kr\u00e1l\u00edky je vhodn\u00fd pro plemena o hmotnosti 6 kg a v\u00edce. Pat\u0159\u00ed sem nap\u0159\u00edklad Moravsk\u00fd modr\u00fd kr\u00e1l\u00edk, N\u011bmeck\u00fd obrovit\u00fd strak\u00e1\u010d, Belgick\u00fd obr, Francouzsk\u00fd beran a dal\u0161\u00ed.<\/p>\n<p>V\u00e1\u017een\u00ed z\u00e1kazn\u00edci, uveden\u00e1 doba \u201edod\u00e1n\u00ed\u201c zde odpov\u00edd\u00e1 \u010dasu, za kter\u00fd bude V\u00e1\u0161 produkt vyroben od momentu uhrazen\u00ed objedn\u00e1vky. Term\u00edn z\u00e1vozu V\u00e1m ozn\u00e1m\u00edme, jakmile bude po p\u0159ijet\u00ed \u010d\u00e1stky za\u0159azen do rozvozov\u00e9ho pl\u00e1nu.<\/p>\n<\/p><\/div>\n<\/p><\/div>\n<div class=\"detail-description__more\"><span> <\/span><span> <\/span><\/div>\n<\/p><\/div>\n<\/p><\/div>\n<div class=\"tab tab-detail-7\">\n<div class=\"table-size-classic  table-size--selectable\">\n<table>\n<thead>\n<tr>\n<th>Rozm\u011br\u00a0kr\u00e1l\u00edk\u00e1rny<\/th>\n<th>[\u0161 x h x v]<\/th>\n<th>[mm]<\/th>\n<th>2000 x 1000 x 1600<\/th>\n<th>2300 x 1200 x 1600<\/th>\n<th>2600 x 1200 x 1600<\/th>\n<\/tr>\n<\/thead>\n<tbody>\n<tr class=\"space\">\n<td><\/td>\n<td><\/td>\n<td><\/td>\n<td><\/td>\n<td><\/td>\n<td><\/td>\n<\/tr>\n<tr>\n<td><strong>Rozm\u011br kotce<\/strong><\/td>\n<td><\/td>\n<td>[mm]<\/td>\n<td>650 x 650 x 500<\/td>\n<td>750 x 750 x 500<\/td>\n<td>850 x 850 x 500<\/td>\n<\/tr>\n<tr>\n<td><strong>Objem kotce<\/strong><\/td>\n<td><\/td>\n<td>[m<sup>3<\/sup>]<\/td>\n<td>0,2<\/td>\n<td>0,3<\/td>\n<td>0,4<\/td>\n<\/tr>\n<tr>\n<td><strong>\u0160\u00ed\u0159ka<\/strong><\/td>\n<td><\/td>\n<td>[mm]<\/td>\n<td>650<\/td>\n<td>750<\/td>\n<td>850<\/td>\n<\/tr>\n<tr>\n<td><strong>Hloubka<\/strong><\/td>\n<td><\/td>\n<td>[mm]<\/td>\n<td>650<\/td>\n<td>750<\/td>\n<td>850<\/td>\n<\/tr>\n<tr>\n<td><strong>V\u00fd\u0161ka<\/strong><\/td>\n<td><\/td>\n<td>[mm]<\/td>\n<td>500<\/td>\n<td>500<\/td>\n<td>500<\/td>\n<\/tr>\n<tr>\n<td><strong>\u0160\u00ed\u0159ka koti\u0161t\u011b<\/strong><\/td>\n<td><\/td>\n<td>[mm]<\/td>\n<td>500<\/td>\n<td>500<\/td>\n<td>500<\/td>\n<\/tr>\n<tr>\n<td><strong>Hloubka koti\u0161t\u011b<\/strong><\/td>\n<td><\/td>\n<td>[mm]<\/td>\n<td>350<\/td>\n<td>350<\/td>\n<td>350<\/td>\n<\/tr>\n<tr>\n<td><strong>V\u00fd\u0161ka koti\u0161t\u011b<\/strong><\/td>\n<td><\/td>\n<td>[mm]<\/td>\n<td>350<\/td>\n<td>350<\/td>\n<td>350<\/td>\n<\/tr>\n<tr>\n<td><strong>S\u00edla palubky<\/strong><\/td>\n<td><\/td>\n<td>[mm]<\/td>\n<td>15<\/td>\n<td>15<\/td>\n<td>15<\/td>\n<\/tr>\n<tr>\n<td><strong>Vhodn\u00e9 pro<\/strong><\/td>\n<td><\/td>\n<td><\/td>\n<td>mal\u00e1 plemena<\/td>\n<td>st\u0159edn\u00ed plemena<\/td>\n<td>st\u0159edn\u00ed plemena<\/td>\n<\/tr>\n<\/tbody>\n<\/table>\n<\/div><\/div>\n","protected":false},"excerpt":{"rendered":"<p>Konstrukce Materi\u00e1l konstrukce smrkov\u00e9 d\u0159evo Povrchov\u00e1 \u00faprava hoblov\u00e1n\u00ed Impregnace ne (lze dokoupit) V\u00fd\u0161ka 1600\u00a0mm \u0160\u00ed\u0159ka 2000\u00a0\u2013 2600\u00a0mm Hloubka 1000\u00a0\u2013 1200\u00a0mm Dve\u0159e Otev\u00edr\u00e1n\u00ed panty Po\u010det 5\u00a0ks Typ jednok\u0159\u00eddl\u00e9 Materi\u00e1l ocelov\u00e9 pletivo Z\u00e1padka ano Parametry Model Fiona Vyrobeno \u010cesk\u00e1 republika Z\u00e1ruka 2\u00a0roky V\u00fdrobce \u010cesk\u00e1 Manufaktura V\u00fdbava Lak ne (lze dokoupit) Ro\u0161ty ne Krm\u00edc\u00ed chodbi\u010dka ne Jesle ne [&hellip;]<\/p>\n","protected":false},"featured_media":5407,"comment_status":"open","ping_status":"open","template":"","meta":[],"product_brand":[],"product_cat":[47],"product_tag":[],"class_list":{"0":"post-5307","1":"product","2":"type-product","3":"status-publish","4":"has-post-thumbnail","6":"product_cat-zahrada","8":"first","9":"instock","10":"sale","11":"shipping-taxable","12":"purchasable","13":"product-type-simple"},"yoast_head":"<!-- This site is optimized with the Yoast SEO plugin v26.8 - https:\/\/yoast.com\/product\/yoast-seo-wordpress\/ -->\n<title>Hork\u00e1 Nab\u00eddka \u010cesk\u00e1 Manufaktura Fiona p\u0159\u00edrodn\u00ed 230 x 120 cm St\u0159edn\u00ed plemena 75 x 75 cm -<\/title>\n<meta name=\"robots\" content=\"index, follow, max-snippet:-1, max-image-preview:large, max-video-preview:-1\" \/>\n<link rel=\"canonical\" href=\"https:\/\/www.domkraftpro.com\/index.php\/produkt\/horka-nabidka-ceska-manufaktura-fiona-prirodni-230-x-120-cm-stredni-plemena-75-x-75-cm-5307\/\" \/>\n<meta property=\"og:locale\" content=\"cs_CZ\" \/>\n<meta property=\"og:type\" content=\"article\" \/>\n<meta property=\"og:title\" content=\"Hork\u00e1 Nab\u00eddka \u010cesk\u00e1 Manufaktura Fiona p\u0159\u00edrodn\u00ed 230 x 120 cm St\u0159edn\u00ed plemena 75 x 75 cm -\" \/>\n<meta property=\"og:description\" content=\"Konstrukce Materi\u00e1l konstrukce smrkov\u00e9 d\u0159evo Povrchov\u00e1 \u00faprava hoblov\u00e1n\u00ed Impregnace ne (lze dokoupit) V\u00fd\u0161ka 1600\u00a0mm \u0160\u00ed\u0159ka 2000\u00a0\u2013 2600\u00a0mm Hloubka 1000\u00a0\u2013 1200\u00a0mm Dve\u0159e Otev\u00edr\u00e1n\u00ed panty Po\u010det 5\u00a0ks Typ jednok\u0159\u00eddl\u00e9 Materi\u00e1l ocelov\u00e9 pletivo Z\u00e1padka ano Parametry Model Fiona Vyrobeno \u010cesk\u00e1 republika Z\u00e1ruka 2\u00a0roky V\u00fdrobce \u010cesk\u00e1 Manufaktura V\u00fdbava Lak ne (lze dokoupit) Ro\u0161ty ne Krm\u00edc\u00ed chodbi\u010dka ne Jesle ne [&hellip;]\" \/>\n<meta property=\"og:url\" content=\"https:\/\/www.domkraftpro.com\/index.php\/produkt\/horka-nabidka-ceska-manufaktura-fiona-prirodni-230-x-120-cm-stredni-plemena-75-x-75-cm-5307\/\" \/>\n<meta property=\"og:image\" content=\"https:\/\/www.domkraftpro.com\/wp-content\/uploads\/2026\/SK0009298-CZ20260425-091936-0-1777079982-kralikarna-ceska-manufaktura-fiona-prirodni-230-x-120-cm-st.webp\" \/>\n\t<meta property=\"og:image:width\" content=\"1000\" \/>\n\t<meta property=\"og:image:height\" content=\"523\" \/>\n\t<meta property=\"og:image:type\" content=\"image\/webp\" \/>\n<meta name=\"twitter:card\" content=\"summary_large_image\" \/>\n<meta name=\"twitter:label1\" content=\"Odhadovan\u00e1 doba \u010dten\u00ed\" \/>\n\t<meta name=\"twitter:data1\" content=\"3 minuty\" \/>\n<script type=\"application\/ld+json\" class=\"yoast-schema-graph\">{\"@context\":\"https:\/\/schema.org\",\"@graph\":[{\"@type\":\"WebPage\",\"@id\":\"https:\/\/www.domkraftpro.com\/index.php\/produkt\/horka-nabidka-ceska-manufaktura-fiona-prirodni-230-x-120-cm-stredni-plemena-75-x-75-cm-5307\/\",\"url\":\"https:\/\/www.domkraftpro.com\/index.php\/produkt\/horka-nabidka-ceska-manufaktura-fiona-prirodni-230-x-120-cm-stredni-plemena-75-x-75-cm-5307\/\",\"name\":\"Hork\u00e1 Nab\u00eddka \u010cesk\u00e1 Manufaktura Fiona p\u0159\u00edrodn\u00ed 230 x 120 cm St\u0159edn\u00ed plemena 75 x 75 cm -\",\"isPartOf\":{\"@id\":\"https:\/\/www.domkraftpro.com\/#website\"},\"primaryImageOfPage\":{\"@id\":\"https:\/\/www.domkraftpro.com\/index.php\/produkt\/horka-nabidka-ceska-manufaktura-fiona-prirodni-230-x-120-cm-stredni-plemena-75-x-75-cm-5307\/#primaryimage\"},\"image\":{\"@id\":\"https:\/\/www.domkraftpro.com\/index.php\/produkt\/horka-nabidka-ceska-manufaktura-fiona-prirodni-230-x-120-cm-stredni-plemena-75-x-75-cm-5307\/#primaryimage\"},\"thumbnailUrl\":\"https:\/\/www.domkraftpro.com\/wp-content\/uploads\/2026\/SK0009298-CZ20260425-091936-0-1777079982-kralikarna-ceska-manufaktura-fiona-prirodni-230-x-120-cm-st.webp\",\"datePublished\":\"2026-04-27T04:40:35+00:00\",\"breadcrumb\":{\"@id\":\"https:\/\/www.domkraftpro.com\/index.php\/produkt\/horka-nabidka-ceska-manufaktura-fiona-prirodni-230-x-120-cm-stredni-plemena-75-x-75-cm-5307\/#breadcrumb\"},\"inLanguage\":\"cs\",\"potentialAction\":[{\"@type\":\"ReadAction\",\"target\":[\"https:\/\/www.domkraftpro.com\/index.php\/produkt\/horka-nabidka-ceska-manufaktura-fiona-prirodni-230-x-120-cm-stredni-plemena-75-x-75-cm-5307\/\"]}]},{\"@type\":\"ImageObject\",\"inLanguage\":\"cs\",\"@id\":\"https:\/\/www.domkraftpro.com\/index.php\/produkt\/horka-nabidka-ceska-manufaktura-fiona-prirodni-230-x-120-cm-stredni-plemena-75-x-75-cm-5307\/#primaryimage\",\"url\":\"https:\/\/www.domkraftpro.com\/wp-content\/uploads\/2026\/SK0009298-CZ20260425-091936-0-1777079982-kralikarna-ceska-manufaktura-fiona-prirodni-230-x-120-cm-st.webp\",\"contentUrl\":\"https:\/\/www.domkraftpro.com\/wp-content\/uploads\/2026\/SK0009298-CZ20260425-091936-0-1777079982-kralikarna-ceska-manufaktura-fiona-prirodni-230-x-120-cm-st.webp\",\"width\":1000,\"height\":523},{\"@type\":\"BreadcrumbList\",\"@id\":\"https:\/\/www.domkraftpro.com\/index.php\/produkt\/horka-nabidka-ceska-manufaktura-fiona-prirodni-230-x-120-cm-stredni-plemena-75-x-75-cm-5307\/#breadcrumb\",\"itemListElement\":[{\"@type\":\"ListItem\",\"position\":1,\"name\":\"Home\",\"item\":\"https:\/\/www.domkraftpro.com\/\"},{\"@type\":\"ListItem\",\"position\":2,\"name\":\"Products\",\"item\":\"https:\/\/www.domkraftpro.com\/index.php\/products\/\"},{\"@type\":\"ListItem\",\"position\":3,\"name\":\"Hork\u00e1 Nab\u00eddka \u010cesk\u00e1 Manufaktura Fiona p\u0159\u00edrodn\u00ed 230 x 120 cm St\u0159edn\u00ed plemena 75 x 75 cm\"}]},{\"@type\":\"WebSite\",\"@id\":\"https:\/\/www.domkraftpro.com\/#website\",\"url\":\"https:\/\/www.domkraftpro.com\/\",\"name\":\"\",\"description\":\"\",\"potentialAction\":[{\"@type\":\"SearchAction\",\"target\":{\"@type\":\"EntryPoint\",\"urlTemplate\":\"https:\/\/www.domkraftpro.com\/?s={search_term_string}\"},\"query-input\":{\"@type\":\"PropertyValueSpecification\",\"valueRequired\":true,\"valueName\":\"search_term_string\"}}],\"inLanguage\":\"cs\"}]}<\/script>\n<!-- \/ Yoast SEO plugin. -->","yoast_head_json":{"title":"Hork\u00e1 Nab\u00eddka \u010cesk\u00e1 Manufaktura Fiona p\u0159\u00edrodn\u00ed 230 x 120 cm St\u0159edn\u00ed plemena 75 x 75 cm -","robots":{"index":"index","follow":"follow","max-snippet":"max-snippet:-1","max-image-preview":"max-image-preview:large","max-video-preview":"max-video-preview:-1"},"canonical":"https:\/\/www.domkraftpro.com\/index.php\/produkt\/horka-nabidka-ceska-manufaktura-fiona-prirodni-230-x-120-cm-stredni-plemena-75-x-75-cm-5307\/","og_locale":"cs_CZ","og_type":"article","og_title":"Hork\u00e1 Nab\u00eddka \u010cesk\u00e1 Manufaktura Fiona p\u0159\u00edrodn\u00ed 230 x 120 cm St\u0159edn\u00ed plemena 75 x 75 cm -","og_description":"Konstrukce Materi\u00e1l konstrukce smrkov\u00e9 d\u0159evo Povrchov\u00e1 \u00faprava hoblov\u00e1n\u00ed Impregnace ne (lze dokoupit) V\u00fd\u0161ka 1600\u00a0mm \u0160\u00ed\u0159ka 2000\u00a0\u2013 2600\u00a0mm Hloubka 1000\u00a0\u2013 1200\u00a0mm Dve\u0159e Otev\u00edr\u00e1n\u00ed panty Po\u010det 5\u00a0ks Typ jednok\u0159\u00eddl\u00e9 Materi\u00e1l ocelov\u00e9 pletivo Z\u00e1padka ano Parametry Model Fiona Vyrobeno \u010cesk\u00e1 republika Z\u00e1ruka 2\u00a0roky V\u00fdrobce \u010cesk\u00e1 Manufaktura V\u00fdbava Lak ne (lze dokoupit) Ro\u0161ty ne Krm\u00edc\u00ed chodbi\u010dka ne Jesle ne [&hellip;]","og_url":"https:\/\/www.domkraftpro.com\/index.php\/produkt\/horka-nabidka-ceska-manufaktura-fiona-prirodni-230-x-120-cm-stredni-plemena-75-x-75-cm-5307\/","og_image":[{"width":1000,"height":523,"url":"https:\/\/www.domkraftpro.com\/wp-content\/uploads\/2026\/SK0009298-CZ20260425-091936-0-1777079982-kralikarna-ceska-manufaktura-fiona-prirodni-230-x-120-cm-st.webp","type":"image\/webp"}],"twitter_card":"summary_large_image","twitter_misc":{"Odhadovan\u00e1 doba \u010dten\u00ed":"3 minuty"},"schema":{"@context":"https:\/\/schema.org","@graph":[{"@type":"WebPage","@id":"https:\/\/www.domkraftpro.com\/index.php\/produkt\/horka-nabidka-ceska-manufaktura-fiona-prirodni-230-x-120-cm-stredni-plemena-75-x-75-cm-5307\/","url":"https:\/\/www.domkraftpro.com\/index.php\/produkt\/horka-nabidka-ceska-manufaktura-fiona-prirodni-230-x-120-cm-stredni-plemena-75-x-75-cm-5307\/","name":"Hork\u00e1 Nab\u00eddka \u010cesk\u00e1 Manufaktura Fiona p\u0159\u00edrodn\u00ed 230 x 120 cm St\u0159edn\u00ed plemena 75 x 75 cm -","isPartOf":{"@id":"https:\/\/www.domkraftpro.com\/#website"},"primaryImageOfPage":{"@id":"https:\/\/www.domkraftpro.com\/index.php\/produkt\/horka-nabidka-ceska-manufaktura-fiona-prirodni-230-x-120-cm-stredni-plemena-75-x-75-cm-5307\/#primaryimage"},"image":{"@id":"https:\/\/www.domkraftpro.com\/index.php\/produkt\/horka-nabidka-ceska-manufaktura-fiona-prirodni-230-x-120-cm-stredni-plemena-75-x-75-cm-5307\/#primaryimage"},"thumbnailUrl":"https:\/\/www.domkraftpro.com\/wp-content\/uploads\/2026\/SK0009298-CZ20260425-091936-0-1777079982-kralikarna-ceska-manufaktura-fiona-prirodni-230-x-120-cm-st.webp","datePublished":"2026-04-27T04:40:35+00:00","breadcrumb":{"@id":"https:\/\/www.domkraftpro.com\/index.php\/produkt\/horka-nabidka-ceska-manufaktura-fiona-prirodni-230-x-120-cm-stredni-plemena-75-x-75-cm-5307\/#breadcrumb"},"inLanguage":"cs","potentialAction":[{"@type":"ReadAction","target":["https:\/\/www.domkraftpro.com\/index.php\/produkt\/horka-nabidka-ceska-manufaktura-fiona-prirodni-230-x-120-cm-stredni-plemena-75-x-75-cm-5307\/"]}]},{"@type":"ImageObject","inLanguage":"cs","@id":"https:\/\/www.domkraftpro.com\/index.php\/produkt\/horka-nabidka-ceska-manufaktura-fiona-prirodni-230-x-120-cm-stredni-plemena-75-x-75-cm-5307\/#primaryimage","url":"https:\/\/www.domkraftpro.com\/wp-content\/uploads\/2026\/SK0009298-CZ20260425-091936-0-1777079982-kralikarna-ceska-manufaktura-fiona-prirodni-230-x-120-cm-st.webp","contentUrl":"https:\/\/www.domkraftpro.com\/wp-content\/uploads\/2026\/SK0009298-CZ20260425-091936-0-1777079982-kralikarna-ceska-manufaktura-fiona-prirodni-230-x-120-cm-st.webp","width":1000,"height":523},{"@type":"BreadcrumbList","@id":"https:\/\/www.domkraftpro.com\/index.php\/produkt\/horka-nabidka-ceska-manufaktura-fiona-prirodni-230-x-120-cm-stredni-plemena-75-x-75-cm-5307\/#breadcrumb","itemListElement":[{"@type":"ListItem","position":1,"name":"Home","item":"https:\/\/www.domkraftpro.com\/"},{"@type":"ListItem","position":2,"name":"Products","item":"https:\/\/www.domkraftpro.com\/index.php\/products\/"},{"@type":"ListItem","position":3,"name":"Hork\u00e1 Nab\u00eddka \u010cesk\u00e1 Manufaktura Fiona p\u0159\u00edrodn\u00ed 230 x 120 cm St\u0159edn\u00ed plemena 75 x 75 cm"}]},{"@type":"WebSite","@id":"https:\/\/www.domkraftpro.com\/#website","url":"https:\/\/www.domkraftpro.com\/","name":"","description":"","potentialAction":[{"@type":"SearchAction","target":{"@type":"EntryPoint","urlTemplate":"https:\/\/www.domkraftpro.com\/?s={search_term_string}"},"query-input":{"@type":"PropertyValueSpecification","valueRequired":true,"valueName":"search_term_string"}}],"inLanguage":"cs"}]}},"_links":{"self":[{"href":"https:\/\/www.domkraftpro.com\/index.php\/wp-json\/wp\/v2\/product\/5307","targetHints":{"allow":["GET"]}}],"collection":[{"href":"https:\/\/www.domkraftpro.com\/index.php\/wp-json\/wp\/v2\/product"}],"about":[{"href":"https:\/\/www.domkraftpro.com\/index.php\/wp-json\/wp\/v2\/types\/product"}],"replies":[{"embeddable":true,"href":"https:\/\/www.domkraftpro.com\/index.php\/wp-json\/wp\/v2\/comments?post=5307"}],"wp:featuredmedia":[{"embeddable":true,"href":"https:\/\/www.domkraftpro.com\/index.php\/wp-json\/wp\/v2\/media\/5407"}],"wp:attachment":[{"href":"https:\/\/www.domkraftpro.com\/index.php\/wp-json\/wp\/v2\/media?parent=5307"}],"wp:term":[{"taxonomy":"product_brand","embeddable":true,"href":"https:\/\/www.domkraftpro.com\/index.php\/wp-json\/wp\/v2\/product_brand?post=5307"},{"taxonomy":"product_cat","embeddable":true,"href":"https:\/\/www.domkraftpro.com\/index.php\/wp-json\/wp\/v2\/product_cat?post=5307"},{"taxonomy":"product_tag","embeddable":true,"href":"https:\/\/www.domkraftpro.com\/index.php\/wp-json\/wp\/v2\/product_tag?post=5307"}],"curies":[{"name":"wp","href":"https:\/\/api.w.org\/{rel}","templated":true}]}}