{"id":5297,"date":"2026-04-27T04:40:35","date_gmt":"2026-04-27T04:40:35","guid":{"rendered":""},"modified":"2026-04-27T04:40:35","modified_gmt":"2026-04-27T04:40:35","slug":"pouze-dnes-ceska-manufaktura-hay-80-cm-x-60-cm-prirodni-5297","status":"publish","type":"product","link":"https:\/\/www.domkraftpro.com\/index.php\/produkt\/pouze-dnes-ceska-manufaktura-hay-80-cm-x-60-cm-prirodni-5297\/","title":{"rendered":"Pouze Dnes \u010cesk\u00e1 Manufaktura Hay 80 cm x 60 cm p\u0159\u00edrodn\u00ed"},"content":{"rendered":"<div class=\"detail-description__right\">\n<div class=\"parameters\">\n<div class=\"table table--simple\">\n<table>\n<tbody>\n<tr>\n<td colspan=\"2\">\n<h4>Vlastnosti<\/h4>\n<\/td>\n<\/tr>\n<tr>\n<td>Materi\u00e1l konstrukce<\/td>\n<td>d\u0159evo<\/td>\n<\/tr>\n<tr>\n<td>Povrchov\u00e1 \u00faprava<\/td>\n<td>hoblov\u00e1n\u00ed<\/td>\n<\/tr>\n<tr>\n<td>Impregnace<\/td>\n<td>ano<\/td>\n<\/tr>\n<tr>\n<td>V\u00fd\u0161ka<\/td>\n<td>600 mm<\/td>\n<\/tr>\n<tr>\n<td>\u0160\u00ed\u0159ka<\/td>\n<td>800 mm<\/td>\n<\/tr>\n<tr>\n<td>Hloubka<\/td>\n<td>400 mm<\/td>\n<\/tr>\n<tr>\n<td colspan=\"2\">\n<h4>Parametry<\/h4>\n<\/td>\n<\/tr>\n<tr>\n<td>P\u016fvod<\/td>\n<td>Vyrobeno v\u00a0\u010cR<\/td>\n<\/tr>\n<tr>\n<td>Z\u00e1ruka<\/td>\n<td>2 roky<\/td>\n<\/tr>\n<tr>\n<td>Zna\u010dka<\/td>\n<td>\u010cesk\u00e1 Manufaktura<\/td>\n<\/tr>\n<\/tbody>\n<\/table><\/div>\n<\/div><\/div>\n<div class=\"detail-description__top\">\t\t\t\t<\/div>\n<div class=\"detail-description__left\">\n<div class=\"detail-description__left__overflow\">\n<div class=\"detail-description__left__head\">\t\t\t\t\t\tPopis:\t\t\t\t\t<\/div>\n<div class=\"ul-style ul-style--check\">\n<p>Jesle na seno \u0161\u00ed\u0159ky 80 cm a v\u00fd\u0161ky 60 cm jsou vyrobeny z vysu\u0161en\u00e9ho smrkov\u00e9ho d\u0159eva. Slou\u017e\u00ed k uchov\u00e1v\u00e1n\u00ed potravy na m\u00edst\u011b, aby si po n\u00ed zv\u00ed\u0159ata nepo\u0161lapala. Seno, p\u0159\u00edpadn\u011b\u00a0tr\u00e1va, nebude le\u017eet na zemi a budou tak ochr\u00e1n\u011bny p\u0159ed zne\u010di\u0161t\u011bn\u00edm.\u00a0Vhodn\u00e9<strong> pro kr\u00e1l\u00edky nebo i mor\u010data<\/strong>.<\/p>\n<ul class=\"plusminus\">\n<li><i class=\"fas fa-check\"><\/i><span>\u010cesk\u00fd v\u00fdrobcek<\/span><\/li>\n<li><i class=\"fas fa-check\"><\/i><span>Kvalitn\u00ed smrkov\u00e9 d\u0159evo<\/span><\/li>\n<li><i class=\"fas fa-check\"><\/i><span>Ru\u010dn\u00ed zpracov\u00e1n\u00ed<\/span><\/li>\n<\/ul>\n<div class='videoWrapper'><\/div>\n<\/div>\n<div class=\"detail-description__left__more\">\t\t\t\t\t\t<span> <\/span><span> <\/span>\t\t\t\t\t<\/div>\n<\/p><\/div>\n<div class=\"extra-note\">\n<p>V\u00e1\u017een\u00ed z\u00e1kazn\u00edci, uveden\u00e1 doba \u201edod\u00e1n\u00ed\u201c zde odpov\u00edd\u00e1 \u010dasu, za kter\u00fd bude V\u00e1\u0161 produkt vyroben od momentu uhrazen\u00ed objedn\u00e1vky. Term\u00edn z\u00e1vozu V\u00e1m ozn\u00e1m\u00edme, jakmile bude po p\u0159ijet\u00ed \u010d\u00e1stky za\u0159azen do rozvozov\u00e9ho pl\u00e1nu.<\/p>\n<\/p><\/div>\n<\/p><\/div>\n<div class=\"detail-description__more\"><span> <\/span><span> <\/span><\/div>\n<\/p><\/div>\n<\/p><\/div>\n","protected":false},"excerpt":{"rendered":"<p>Vlastnosti Materi\u00e1l konstrukce d\u0159evo Povrchov\u00e1 \u00faprava hoblov\u00e1n\u00ed Impregnace ano V\u00fd\u0161ka 600 mm \u0160\u00ed\u0159ka 800 mm Hloubka 400 mm Parametry P\u016fvod Vyrobeno v\u00a0\u010cR Z\u00e1ruka 2 roky Zna\u010dka \u010cesk\u00e1 Manufaktura Popis: Jesle na seno \u0161\u00ed\u0159ky 80 cm a v\u00fd\u0161ky 60 cm jsou vyrobeny z vysu\u0161en\u00e9ho smrkov\u00e9ho d\u0159eva. Slou\u017e\u00ed k uchov\u00e1v\u00e1n\u00ed potravy na m\u00edst\u011b, aby si po n\u00ed [&hellip;]<\/p>\n","protected":false},"featured_media":5397,"comment_status":"open","ping_status":"open","template":"","meta":[],"product_brand":[],"product_cat":[47],"product_tag":[],"class_list":{"0":"post-5297","1":"product","2":"type-product","3":"status-publish","4":"has-post-thumbnail","6":"product_cat-zahrada","8":"first","9":"instock","10":"sale","11":"shipping-taxable","12":"purchasable","13":"product-type-simple"},"yoast_head":"<!-- This site is optimized with the Yoast SEO plugin v26.8 - https:\/\/yoast.com\/product\/yoast-seo-wordpress\/ -->\n<title>Pouze Dnes \u010cesk\u00e1 Manufaktura Hay 80 cm x 60 cm p\u0159\u00edrodn\u00ed -<\/title>\n<meta name=\"robots\" content=\"index, follow, max-snippet:-1, max-image-preview:large, max-video-preview:-1\" \/>\n<link rel=\"canonical\" href=\"https:\/\/www.domkraftpro.com\/index.php\/produkt\/pouze-dnes-ceska-manufaktura-hay-80-cm-x-60-cm-prirodni-5297\/\" \/>\n<meta property=\"og:locale\" content=\"cs_CZ\" \/>\n<meta property=\"og:type\" content=\"article\" \/>\n<meta property=\"og:title\" content=\"Pouze Dnes \u010cesk\u00e1 Manufaktura Hay 80 cm x 60 cm p\u0159\u00edrodn\u00ed -\" \/>\n<meta property=\"og:description\" content=\"Vlastnosti Materi\u00e1l konstrukce d\u0159evo Povrchov\u00e1 \u00faprava hoblov\u00e1n\u00ed Impregnace ano V\u00fd\u0161ka 600 mm \u0160\u00ed\u0159ka 800 mm Hloubka 400 mm Parametry P\u016fvod Vyrobeno v\u00a0\u010cR Z\u00e1ruka 2 roky Zna\u010dka \u010cesk\u00e1 Manufaktura Popis: Jesle na seno \u0161\u00ed\u0159ky 80 cm a v\u00fd\u0161ky 60 cm jsou vyrobeny z vysu\u0161en\u00e9ho smrkov\u00e9ho d\u0159eva. Slou\u017e\u00ed k uchov\u00e1v\u00e1n\u00ed potravy na m\u00edst\u011b, aby si po n\u00ed [&hellip;]\" \/>\n<meta property=\"og:url\" content=\"https:\/\/www.domkraftpro.com\/index.php\/produkt\/pouze-dnes-ceska-manufaktura-hay-80-cm-x-60-cm-prirodni-5297\/\" \/>\n<meta property=\"og:image\" content=\"https:\/\/www.domkraftpro.com\/wp-content\/uploads\/2026\/SK0009288-CZ20260425-091936-0-1777079982-jesle-pro-kraliky-ceska-manufaktura-hay-80-cm-x-60-cm-priro.webp\" \/>\n\t<meta property=\"og:image:width\" content=\"1000\" \/>\n\t<meta property=\"og:image:height\" content=\"523\" \/>\n\t<meta property=\"og:image:type\" content=\"image\/webp\" \/>\n<meta name=\"twitter:card\" content=\"summary_large_image\" \/>\n<meta name=\"twitter:label1\" content=\"Odhadovan\u00e1 doba \u010dten\u00ed\" \/>\n\t<meta name=\"twitter:data1\" content=\"1 minuta\" \/>\n<script type=\"application\/ld+json\" class=\"yoast-schema-graph\">{\"@context\":\"https:\/\/schema.org\",\"@graph\":[{\"@type\":\"WebPage\",\"@id\":\"https:\/\/www.domkraftpro.com\/index.php\/produkt\/pouze-dnes-ceska-manufaktura-hay-80-cm-x-60-cm-prirodni-5297\/\",\"url\":\"https:\/\/www.domkraftpro.com\/index.php\/produkt\/pouze-dnes-ceska-manufaktura-hay-80-cm-x-60-cm-prirodni-5297\/\",\"name\":\"Pouze Dnes \u010cesk\u00e1 Manufaktura Hay 80 cm x 60 cm p\u0159\u00edrodn\u00ed -\",\"isPartOf\":{\"@id\":\"https:\/\/www.domkraftpro.com\/#website\"},\"primaryImageOfPage\":{\"@id\":\"https:\/\/www.domkraftpro.com\/index.php\/produkt\/pouze-dnes-ceska-manufaktura-hay-80-cm-x-60-cm-prirodni-5297\/#primaryimage\"},\"image\":{\"@id\":\"https:\/\/www.domkraftpro.com\/index.php\/produkt\/pouze-dnes-ceska-manufaktura-hay-80-cm-x-60-cm-prirodni-5297\/#primaryimage\"},\"thumbnailUrl\":\"https:\/\/www.domkraftpro.com\/wp-content\/uploads\/2026\/SK0009288-CZ20260425-091936-0-1777079982-jesle-pro-kraliky-ceska-manufaktura-hay-80-cm-x-60-cm-priro.webp\",\"datePublished\":\"2026-04-27T04:40:35+00:00\",\"breadcrumb\":{\"@id\":\"https:\/\/www.domkraftpro.com\/index.php\/produkt\/pouze-dnes-ceska-manufaktura-hay-80-cm-x-60-cm-prirodni-5297\/#breadcrumb\"},\"inLanguage\":\"cs\",\"potentialAction\":[{\"@type\":\"ReadAction\",\"target\":[\"https:\/\/www.domkraftpro.com\/index.php\/produkt\/pouze-dnes-ceska-manufaktura-hay-80-cm-x-60-cm-prirodni-5297\/\"]}]},{\"@type\":\"ImageObject\",\"inLanguage\":\"cs\",\"@id\":\"https:\/\/www.domkraftpro.com\/index.php\/produkt\/pouze-dnes-ceska-manufaktura-hay-80-cm-x-60-cm-prirodni-5297\/#primaryimage\",\"url\":\"https:\/\/www.domkraftpro.com\/wp-content\/uploads\/2026\/SK0009288-CZ20260425-091936-0-1777079982-jesle-pro-kraliky-ceska-manufaktura-hay-80-cm-x-60-cm-priro.webp\",\"contentUrl\":\"https:\/\/www.domkraftpro.com\/wp-content\/uploads\/2026\/SK0009288-CZ20260425-091936-0-1777079982-jesle-pro-kraliky-ceska-manufaktura-hay-80-cm-x-60-cm-priro.webp\",\"width\":1000,\"height\":523},{\"@type\":\"BreadcrumbList\",\"@id\":\"https:\/\/www.domkraftpro.com\/index.php\/produkt\/pouze-dnes-ceska-manufaktura-hay-80-cm-x-60-cm-prirodni-5297\/#breadcrumb\",\"itemListElement\":[{\"@type\":\"ListItem\",\"position\":1,\"name\":\"Home\",\"item\":\"https:\/\/www.domkraftpro.com\/\"},{\"@type\":\"ListItem\",\"position\":2,\"name\":\"Products\",\"item\":\"https:\/\/www.domkraftpro.com\/index.php\/products\/\"},{\"@type\":\"ListItem\",\"position\":3,\"name\":\"Pouze Dnes \u010cesk\u00e1 Manufaktura Hay 80 cm x 60 cm p\u0159\u00edrodn\u00ed\"}]},{\"@type\":\"WebSite\",\"@id\":\"https:\/\/www.domkraftpro.com\/#website\",\"url\":\"https:\/\/www.domkraftpro.com\/\",\"name\":\"\",\"description\":\"\",\"potentialAction\":[{\"@type\":\"SearchAction\",\"target\":{\"@type\":\"EntryPoint\",\"urlTemplate\":\"https:\/\/www.domkraftpro.com\/?s={search_term_string}\"},\"query-input\":{\"@type\":\"PropertyValueSpecification\",\"valueRequired\":true,\"valueName\":\"search_term_string\"}}],\"inLanguage\":\"cs\"}]}<\/script>\n<!-- \/ Yoast SEO plugin. -->","yoast_head_json":{"title":"Pouze Dnes \u010cesk\u00e1 Manufaktura Hay 80 cm x 60 cm p\u0159\u00edrodn\u00ed -","robots":{"index":"index","follow":"follow","max-snippet":"max-snippet:-1","max-image-preview":"max-image-preview:large","max-video-preview":"max-video-preview:-1"},"canonical":"https:\/\/www.domkraftpro.com\/index.php\/produkt\/pouze-dnes-ceska-manufaktura-hay-80-cm-x-60-cm-prirodni-5297\/","og_locale":"cs_CZ","og_type":"article","og_title":"Pouze Dnes \u010cesk\u00e1 Manufaktura Hay 80 cm x 60 cm p\u0159\u00edrodn\u00ed -","og_description":"Vlastnosti Materi\u00e1l konstrukce d\u0159evo Povrchov\u00e1 \u00faprava hoblov\u00e1n\u00ed Impregnace ano V\u00fd\u0161ka 600 mm \u0160\u00ed\u0159ka 800 mm Hloubka 400 mm Parametry P\u016fvod Vyrobeno v\u00a0\u010cR Z\u00e1ruka 2 roky Zna\u010dka \u010cesk\u00e1 Manufaktura Popis: Jesle na seno \u0161\u00ed\u0159ky 80 cm a v\u00fd\u0161ky 60 cm jsou vyrobeny z vysu\u0161en\u00e9ho smrkov\u00e9ho d\u0159eva. Slou\u017e\u00ed k uchov\u00e1v\u00e1n\u00ed potravy na m\u00edst\u011b, aby si po n\u00ed [&hellip;]","og_url":"https:\/\/www.domkraftpro.com\/index.php\/produkt\/pouze-dnes-ceska-manufaktura-hay-80-cm-x-60-cm-prirodni-5297\/","og_image":[{"width":1000,"height":523,"url":"https:\/\/www.domkraftpro.com\/wp-content\/uploads\/2026\/SK0009288-CZ20260425-091936-0-1777079982-jesle-pro-kraliky-ceska-manufaktura-hay-80-cm-x-60-cm-priro.webp","type":"image\/webp"}],"twitter_card":"summary_large_image","twitter_misc":{"Odhadovan\u00e1 doba \u010dten\u00ed":"1 minuta"},"schema":{"@context":"https:\/\/schema.org","@graph":[{"@type":"WebPage","@id":"https:\/\/www.domkraftpro.com\/index.php\/produkt\/pouze-dnes-ceska-manufaktura-hay-80-cm-x-60-cm-prirodni-5297\/","url":"https:\/\/www.domkraftpro.com\/index.php\/produkt\/pouze-dnes-ceska-manufaktura-hay-80-cm-x-60-cm-prirodni-5297\/","name":"Pouze Dnes \u010cesk\u00e1 Manufaktura Hay 80 cm x 60 cm p\u0159\u00edrodn\u00ed -","isPartOf":{"@id":"https:\/\/www.domkraftpro.com\/#website"},"primaryImageOfPage":{"@id":"https:\/\/www.domkraftpro.com\/index.php\/produkt\/pouze-dnes-ceska-manufaktura-hay-80-cm-x-60-cm-prirodni-5297\/#primaryimage"},"image":{"@id":"https:\/\/www.domkraftpro.com\/index.php\/produkt\/pouze-dnes-ceska-manufaktura-hay-80-cm-x-60-cm-prirodni-5297\/#primaryimage"},"thumbnailUrl":"https:\/\/www.domkraftpro.com\/wp-content\/uploads\/2026\/SK0009288-CZ20260425-091936-0-1777079982-jesle-pro-kraliky-ceska-manufaktura-hay-80-cm-x-60-cm-priro.webp","datePublished":"2026-04-27T04:40:35+00:00","breadcrumb":{"@id":"https:\/\/www.domkraftpro.com\/index.php\/produkt\/pouze-dnes-ceska-manufaktura-hay-80-cm-x-60-cm-prirodni-5297\/#breadcrumb"},"inLanguage":"cs","potentialAction":[{"@type":"ReadAction","target":["https:\/\/www.domkraftpro.com\/index.php\/produkt\/pouze-dnes-ceska-manufaktura-hay-80-cm-x-60-cm-prirodni-5297\/"]}]},{"@type":"ImageObject","inLanguage":"cs","@id":"https:\/\/www.domkraftpro.com\/index.php\/produkt\/pouze-dnes-ceska-manufaktura-hay-80-cm-x-60-cm-prirodni-5297\/#primaryimage","url":"https:\/\/www.domkraftpro.com\/wp-content\/uploads\/2026\/SK0009288-CZ20260425-091936-0-1777079982-jesle-pro-kraliky-ceska-manufaktura-hay-80-cm-x-60-cm-priro.webp","contentUrl":"https:\/\/www.domkraftpro.com\/wp-content\/uploads\/2026\/SK0009288-CZ20260425-091936-0-1777079982-jesle-pro-kraliky-ceska-manufaktura-hay-80-cm-x-60-cm-priro.webp","width":1000,"height":523},{"@type":"BreadcrumbList","@id":"https:\/\/www.domkraftpro.com\/index.php\/produkt\/pouze-dnes-ceska-manufaktura-hay-80-cm-x-60-cm-prirodni-5297\/#breadcrumb","itemListElement":[{"@type":"ListItem","position":1,"name":"Home","item":"https:\/\/www.domkraftpro.com\/"},{"@type":"ListItem","position":2,"name":"Products","item":"https:\/\/www.domkraftpro.com\/index.php\/products\/"},{"@type":"ListItem","position":3,"name":"Pouze Dnes \u010cesk\u00e1 Manufaktura Hay 80 cm x 60 cm p\u0159\u00edrodn\u00ed"}]},{"@type":"WebSite","@id":"https:\/\/www.domkraftpro.com\/#website","url":"https:\/\/www.domkraftpro.com\/","name":"","description":"","potentialAction":[{"@type":"SearchAction","target":{"@type":"EntryPoint","urlTemplate":"https:\/\/www.domkraftpro.com\/?s={search_term_string}"},"query-input":{"@type":"PropertyValueSpecification","valueRequired":true,"valueName":"search_term_string"}}],"inLanguage":"cs"}]}},"_links":{"self":[{"href":"https:\/\/www.domkraftpro.com\/index.php\/wp-json\/wp\/v2\/product\/5297","targetHints":{"allow":["GET"]}}],"collection":[{"href":"https:\/\/www.domkraftpro.com\/index.php\/wp-json\/wp\/v2\/product"}],"about":[{"href":"https:\/\/www.domkraftpro.com\/index.php\/wp-json\/wp\/v2\/types\/product"}],"replies":[{"embeddable":true,"href":"https:\/\/www.domkraftpro.com\/index.php\/wp-json\/wp\/v2\/comments?post=5297"}],"wp:featuredmedia":[{"embeddable":true,"href":"https:\/\/www.domkraftpro.com\/index.php\/wp-json\/wp\/v2\/media\/5397"}],"wp:attachment":[{"href":"https:\/\/www.domkraftpro.com\/index.php\/wp-json\/wp\/v2\/media?parent=5297"}],"wp:term":[{"taxonomy":"product_brand","embeddable":true,"href":"https:\/\/www.domkraftpro.com\/index.php\/wp-json\/wp\/v2\/product_brand?post=5297"},{"taxonomy":"product_cat","embeddable":true,"href":"https:\/\/www.domkraftpro.com\/index.php\/wp-json\/wp\/v2\/product_cat?post=5297"},{"taxonomy":"product_tag","embeddable":true,"href":"https:\/\/www.domkraftpro.com\/index.php\/wp-json\/wp\/v2\/product_tag?post=5297"}],"curies":[{"name":"wp","href":"https:\/\/api.w.org\/{rel}","templated":true}]}}