{"id":52969,"date":"2026-04-27T04:42:46","date_gmt":"2026-04-27T04:42:46","guid":{"rendered":""},"modified":"2026-04-27T04:42:46","modified_gmt":"2026-04-27T04:42:46","slug":"znackovy-ctvercovy-sprchovy-kout-pixa-prave-dx-52969","status":"publish","type":"product","link":"https:\/\/www.domkraftpro.com\/index.php\/produkt\/znackovy-ctvercovy-sprchovy-kout-pixa-prave-dx-52969\/","title":{"rendered":"Zna\u010dkov\u00fd \u010ctvercov\u00fd sprchov\u00fd kout PIXA, Prav\u00e9 (DX)"},"content":{"rendered":"<div class=\"basic-description\">\n<h3>Detailn\u00ed popis produktu<\/h3>\n<p><strong>\u010ctvercov\u00fd celosklen\u011bn\u00fd sprchov\u00fd kout\u00a0<\/strong><b>PIXA\u00a0<\/b>v rozm\u011bru\u00a0<strong>90&#215;90 cm<\/strong>\u00a0vynik\u00e1 vysoce kvalitn\u00edm zpracov\u00e1n\u00edm a spolehlivou funk\u010dnost\u00ed v\u0161ech sou\u010d\u00e1st\u00ed a materi\u00e1l\u016f.\u00a0Kout se skl\u00e1d\u00e1 z pevn\u00fdch skel a zalamovac\u00edch dve\u0159\u00ed, kter\u00e9 se otev\u00edraj\u00ed do prostoru. Spodn\u00ed hrana dve\u0159n\u00ed skla je opat\u0159ena\u00a0<strong>okapni\u010dkou<\/strong>, d\u00edky n\u00ed\u017e voda ze skla p\u0159i otev\u0159en\u00ed\u00a0<strong>nezte\u010de do prostoru koupelny<\/strong>, ale do vnit\u0159n\u00edho prostoru koutu.<\/p>\n<p><strong>Z\u00e1st\u011bna se dod\u00e1v\u00e1 v prav\u00e9m nebo lev\u00e9m proveden\u00ed.<\/strong><\/p>\n<p>Pod\u00edvejte se na nab\u00eddku dopl\u0148k\u016f pro\u00a0tento elegantn\u00ed\u00a0<strong>sprchov\u00fd kout<\/strong>. A vybavte si kompletn\u011b Va\u0161i novou modern\u00ed koupelnu. Vyberte si z na\u0161\u00ed bohat\u00e9 nab\u00eddky\u00a0sprchov\u00fdch bateri\u00ed,\u00a0sprchov\u00fdch r\u016f\u017eic\u00a0a jejich\u00a0dr\u017e\u00e1k\u016f,\u00a0sprchov\u00fdch poli\u010dek\u00a0a\u00a0dopl\u0148k\u016f\u00a0pro snadnou instalaci a \u00fadr\u017ebu\u00a0cel\u00e9 va\u0161\u00ed koupelny.\u00a0<\/p>\n<p>Pro V\u00e1\u0161 maxim\u00e1ln\u00ed komfort doporu\u010dujeme tak\u00e9\u00a0sprchov\u00e1 madla, kter\u00e9 tak\u00e9 zvy\u0161uj\u00ed bezpe\u010dnost Va\u0161eho sprchov\u00e1n\u00ed.<\/p>\n<h3><b>P\u0159ednosti a rozm\u011bry sprchov\u00e9ho koutu PIXA:<\/b><\/h3>\n<ul>\n<li><strong>R\u00e1m:<\/strong>\u00a0hlin\u00edkov\u00fd v barv\u011b\u00a0chrom<\/li>\n<li>Rozm\u011br: <strong>90 x90 x 195 cm<\/strong> (mont\u00e1\u017en\u00ed rozm\u011br 88 &#8211; 89 cm)<\/li>\n<li>Kovov\u00e9\u00a0<strong>panty<\/strong>\u00a0u dve\u0159n\u00edch\u00a0skel s p\u0159\u00edzdvihem<\/li>\n<li><strong>Sklo:\u00a0<\/strong>bezpe\u010dnostn\u00ed 6 mm\u00a0\u010dir\u00e9<\/li>\n<li><strong>Otev\u00edr\u00e1n\u00ed:\u00a0<\/strong>do prostoru<\/li>\n<li><strong>Proveden\u00ed:<\/strong> lev\u00e9\/prav\u00e9<\/li>\n<li><strong>V\u00fd\u0161ka<\/strong>: 195 cm<\/li>\n<li><strong>\u0160\u00ed\u0159ka vstupu: 64,7<\/strong>\u00a0cm<\/li>\n<\/ul>\n<h3><strong>Z\u00c1RUKA 3\u00a0ROKY<\/strong><\/h3>\n<h3><strong>Video mont\u00e1\u017en\u00ed n\u00e1vod<\/strong><\/h3>\n<\/p>\n<p><video width=\"300\" height=\"150\" controls=\"\"><strong><\/strong><source src=\"\/img\/cms\/VIDEO\/PIXA_n%C3%A1vod%20na%20mont%C3%A1%C5%BE.mp4\" type=\"video\/mp4\"><strong><\/strong><\/source><strong><\/strong><\/video><strong><\/strong><\/p>\n<div id=\"gtx-trans\">\n<div class=\"gtx-trans-icon\"><\/div>\n<\/div><\/div>\n<div class=\"extended-description\">\n<h3>Dopl\u0148kov\u00e9 parametry<\/h3>\n<table class=\"detail-parameters\">\n<tbody>\n<tr>\n<th>        <span class=\"row-header-label\">            Kategorie<span class=\"row-header-label-colon\">:<\/span>        <\/span>    <\/th>\n<td>            <\/td>\n<\/tr>\n<tr>\n<th>            <span class=\"row-header-label\">                Z\u00e1ruka<span class=\"row-header-label-colon\">:<\/span>            <\/span>        <\/th>\n<td>            3 roky        <\/td>\n<\/tr>\n<tr>\n<th>            <span class=\"row-header-label\">                Hmotnost<span class=\"row-header-label-colon\">:<\/span>            <\/span>        <\/th>\n<td>            56 kg        <\/td>\n<\/tr>\n<tr class=\"productEan\">\n<th>          <span class=\"row-header-label productEan__label\">              EAN<span class=\"row-header-label-colon\">:<\/span>          <\/span>      <\/th>\n<td>          <span class=\"productEan__value\">5907483470984<\/span>      <\/td>\n<\/tr>\n<tr>\n<th>                <span class=\"row-header-label\">                                            Barva<span class=\"row-header-label-colon\">:<\/span>                                    <\/span>            <\/th>\n<td>                                                            Chrom                                                <\/td>\n<\/tr>\n<tr>\n<th>                <span class=\"row-header-label\">                                            Bezbari\u00e9rov\u00e9<span class=\"row-header-label-colon\">:<\/span>                                    <\/span>            <\/th>\n<td>                                                            Ano                                                <\/td>\n<\/tr>\n<tr>\n<th>                <span class=\"row-header-label\">                                            Bezr\u00e1mov\u00e9<span class=\"row-header-label-colon\">:<\/span>                                    <\/span>            <\/th>\n<td>                                                            Ano                                                <\/td>\n<\/tr>\n<tr>\n<th>                <span class=\"row-header-label\">                                            Hlouba<span class=\"row-header-label-colon\">:<\/span>                                    <\/span>            <\/th>\n<td>                                                            90                                                <\/td>\n<\/tr>\n<tr>\n<th>                <span class=\"row-header-label\">                                            Katalog<span class=\"row-header-label-colon\">:<\/span>                                    <\/span>            <\/th>\n<td>                                                            HOPA Koupelny                                                <\/td>\n<\/tr>\n<tr>\n<th>                <span class=\"row-header-label\">                                            Materi\u00e1l<span class=\"row-header-label-colon\">:<\/span>                                    <\/span>            <\/th>\n<td>                                                            Hlin\u00edk                                                <\/td>\n<\/tr>\n<tr>\n<th>                <span class=\"row-header-label\">                                            Rozm\u011br A<span class=\"row-header-label-colon\">:<\/span>                                    <\/span>            <\/th>\n<td>                                                            90 cm                                                <\/td>\n<\/tr>\n<tr>\n<th>                <span class=\"row-header-label\">                                            Rozm\u011br B<span class=\"row-header-label-colon\">:<\/span>                                    <\/span>            <\/th>\n<td>                                                            90 cm                                                <\/td>\n<\/tr>\n<tr>\n<th>                <span class=\"row-header-label\">                                            Rozm\u011br C<span class=\"row-header-label-colon\">:<\/span>                                    <\/span>            <\/th>\n<td>                                                            195 cm                                                <\/td>\n<\/tr>\n<tr>\n<th>                <span class=\"row-header-label\">                                            S\u00e9rie<span class=\"row-header-label-colon\">:<\/span>                                    <\/span>            <\/th>\n<td>                                                            PIXA                                                <\/td>\n<\/tr>\n<tr>\n<th>                <span class=\"row-header-label\">                                            Skupina artiklu<span class=\"row-header-label-colon\">:<\/span>                                    <\/span>            <\/th>\n<td>                                                            S05B                                                <\/td>\n<\/tr>\n<tr>\n<th>                <span class=\"row-header-label\">                                            Sm\u011br zav\u00edr\u00e1n\u00ed<span class=\"row-header-label-colon\">:<\/span>                                    <\/span>            <\/th>\n<td>                                                            Prav\u00e9 (DX)                                                <\/td>\n<\/tr>\n<tr>\n<th>                <span class=\"row-header-label\">                                            \u0160\u00ed\u0159ka<span class=\"row-header-label-colon\">:<\/span>                                    <\/span>            <\/th>\n<td>                                                            90                                                <\/td>\n<\/tr>\n<tr>\n<th>                <span class=\"row-header-label\">                                            \u0160\u00ed\u0159ka vstupu<span class=\"row-header-label-colon\">:<\/span>                                    <\/span>            <\/th>\n<td>                                                            64.7 cm                                                <\/td>\n<\/tr>\n<tr>\n<th>                <span class=\"row-header-label\">                                            Top Produkt<span class=\"row-header-label-colon\">:<\/span>                                    <\/span>            <\/th>\n<td>                                                            Ano                                                <\/td>\n<\/tr>\n<tr>\n<th>                <span class=\"row-header-label\">                                            Tvar<span class=\"row-header-label-colon\">:<\/span>                                    <\/span>            <\/th>\n<td>                                                            \u010ctvercov\u00fd                                                <\/td>\n<\/tr>\n<tr>\n<th>                <span class=\"row-header-label\">                                            Typ otv\u00edr\u00e1n\u00ed<span class=\"row-header-label-colon\">:<\/span>                                    <\/span>            <\/th>\n<td>                                                            Do prostoru                                                <\/td>\n<\/tr>\n<tr>\n<th>                <span class=\"row-header-label\">                                            Vani\u010dka<span class=\"row-header-label-colon\">:<\/span>                                    <\/span>            <\/th>\n<td>                                                            Bez vani\u010dky                                                <\/td>\n<\/tr>\n<tr>\n<th>                <span class=\"row-header-label\">                                            V\u00fdpl\u0148<span class=\"row-header-label-colon\">:<\/span>                                    <\/span>            <\/th>\n<td>                                                            \u010cir\u00e9 bezpe\u010dnostn\u00ed sklo &#8211; 6 mm                                                <\/td>\n<\/tr>\n<tr>\n<th>                <span class=\"row-header-label\">                                            V\u00fdroba na m\u00edru<span class=\"row-header-label-colon\">:<\/span>                                    <\/span>            <\/th>\n<td>                                                            Ne                                                <\/td>\n<\/tr>\n<tr>\n<th>                <span class=\"row-header-label\">                                            Z\u00e1ruka<span class=\"row-header-label-colon\">:<\/span>                                    <\/span>            <\/th>\n<td>                                                            3 roky                                                <\/td>\n<\/tr>\n<\/tbody>\n<\/table><\/div>\n<\/p><\/div>\n<\/p><\/div>\n","protected":false},"excerpt":{"rendered":"<p>Detailn\u00ed popis produktu \u010ctvercov\u00fd celosklen\u011bn\u00fd sprchov\u00fd kout\u00a0PIXA\u00a0v rozm\u011bru\u00a090&#215;90 cm\u00a0vynik\u00e1 vysoce kvalitn\u00edm zpracov\u00e1n\u00edm a spolehlivou funk\u010dnost\u00ed v\u0161ech sou\u010d\u00e1st\u00ed a materi\u00e1l\u016f.\u00a0Kout se skl\u00e1d\u00e1 z pevn\u00fdch skel a zalamovac\u00edch dve\u0159\u00ed, kter\u00e9 se otev\u00edraj\u00ed do prostoru. Spodn\u00ed hrana dve\u0159n\u00ed skla je opat\u0159ena\u00a0okapni\u010dkou, d\u00edky n\u00ed\u017e voda ze skla p\u0159i otev\u0159en\u00ed\u00a0nezte\u010de do prostoru koupelny, ale do vnit\u0159n\u00edho prostoru koutu. Z\u00e1st\u011bna se [&hellip;]<\/p>\n","protected":false},"featured_media":53069,"comment_status":"open","ping_status":"open","template":"","meta":[],"product_brand":[],"product_cat":[67],"product_tag":[],"class_list":{"0":"post-52969","1":"product","2":"type-product","3":"status-publish","4":"has-post-thumbnail","6":"product_cat-sprchove-kouty","8":"first","9":"instock","10":"sale","11":"shipping-taxable","12":"purchasable","13":"product-type-simple"},"yoast_head":"<!-- This site is optimized with the Yoast SEO plugin v26.8 - https:\/\/yoast.com\/product\/yoast-seo-wordpress\/ -->\n<title>Zna\u010dkov\u00fd \u010ctvercov\u00fd sprchov\u00fd kout PIXA, Prav\u00e9 (DX) -<\/title>\n<meta name=\"robots\" content=\"index, follow, max-snippet:-1, max-image-preview:large, max-video-preview:-1\" \/>\n<link rel=\"canonical\" href=\"https:\/\/www.domkraftpro.com\/index.php\/produkt\/znackovy-ctvercovy-sprchovy-kout-pixa-prave-dx-52969\/\" \/>\n<meta property=\"og:locale\" content=\"cs_CZ\" \/>\n<meta property=\"og:type\" content=\"article\" \/>\n<meta property=\"og:title\" content=\"Zna\u010dkov\u00fd \u010ctvercov\u00fd sprchov\u00fd kout PIXA, Prav\u00e9 (DX) -\" \/>\n<meta property=\"og:description\" content=\"Detailn\u00ed popis produktu \u010ctvercov\u00fd celosklen\u011bn\u00fd sprchov\u00fd kout\u00a0PIXA\u00a0v rozm\u011bru\u00a090&#215;90 cm\u00a0vynik\u00e1 vysoce kvalitn\u00edm zpracov\u00e1n\u00edm a spolehlivou funk\u010dnost\u00ed v\u0161ech sou\u010d\u00e1st\u00ed a materi\u00e1l\u016f.\u00a0Kout se skl\u00e1d\u00e1 z pevn\u00fdch skel a zalamovac\u00edch dve\u0159\u00ed, kter\u00e9 se otev\u00edraj\u00ed do prostoru. Spodn\u00ed hrana dve\u0159n\u00ed skla je opat\u0159ena\u00a0okapni\u010dkou, d\u00edky n\u00ed\u017e voda ze skla p\u0159i otev\u0159en\u00ed\u00a0nezte\u010de do prostoru koupelny, ale do vnit\u0159n\u00edho prostoru koutu. Z\u00e1st\u011bna se [&hellip;]\" \/>\n<meta property=\"og:url\" content=\"https:\/\/www.domkraftpro.com\/index.php\/produkt\/znackovy-ctvercovy-sprchovy-kout-pixa-prave-dx-52969\/\" \/>\n<meta property=\"og:image\" content=\"https:\/\/www.domkraftpro.com\/wp-content\/uploads\/2026\/SK0009773-CZ20260425-092556-0-1777080363-829752_ctvercovy-sprchovy-kout-pixa.webp\" \/>\n\t<meta property=\"og:image:width\" content=\"1000\" \/>\n\t<meta property=\"og:image:height\" content=\"750\" \/>\n\t<meta property=\"og:image:type\" content=\"image\/webp\" \/>\n<meta name=\"twitter:card\" content=\"summary_large_image\" \/>\n<meta name=\"twitter:label1\" content=\"Odhadovan\u00e1 doba \u010dten\u00ed\" \/>\n\t<meta name=\"twitter:data1\" content=\"2 minuty\" \/>\n<script type=\"application\/ld+json\" class=\"yoast-schema-graph\">{\"@context\":\"https:\/\/schema.org\",\"@graph\":[{\"@type\":\"WebPage\",\"@id\":\"https:\/\/www.domkraftpro.com\/index.php\/produkt\/znackovy-ctvercovy-sprchovy-kout-pixa-prave-dx-52969\/\",\"url\":\"https:\/\/www.domkraftpro.com\/index.php\/produkt\/znackovy-ctvercovy-sprchovy-kout-pixa-prave-dx-52969\/\",\"name\":\"Zna\u010dkov\u00fd \u010ctvercov\u00fd sprchov\u00fd kout PIXA, Prav\u00e9 (DX) -\",\"isPartOf\":{\"@id\":\"https:\/\/www.domkraftpro.com\/#website\"},\"primaryImageOfPage\":{\"@id\":\"https:\/\/www.domkraftpro.com\/index.php\/produkt\/znackovy-ctvercovy-sprchovy-kout-pixa-prave-dx-52969\/#primaryimage\"},\"image\":{\"@id\":\"https:\/\/www.domkraftpro.com\/index.php\/produkt\/znackovy-ctvercovy-sprchovy-kout-pixa-prave-dx-52969\/#primaryimage\"},\"thumbnailUrl\":\"https:\/\/www.domkraftpro.com\/wp-content\/uploads\/2026\/SK0009773-CZ20260425-092556-0-1777080363-829752_ctvercovy-sprchovy-kout-pixa.webp\",\"datePublished\":\"2026-04-27T04:42:46+00:00\",\"breadcrumb\":{\"@id\":\"https:\/\/www.domkraftpro.com\/index.php\/produkt\/znackovy-ctvercovy-sprchovy-kout-pixa-prave-dx-52969\/#breadcrumb\"},\"inLanguage\":\"cs\",\"potentialAction\":[{\"@type\":\"ReadAction\",\"target\":[\"https:\/\/www.domkraftpro.com\/index.php\/produkt\/znackovy-ctvercovy-sprchovy-kout-pixa-prave-dx-52969\/\"]}]},{\"@type\":\"ImageObject\",\"inLanguage\":\"cs\",\"@id\":\"https:\/\/www.domkraftpro.com\/index.php\/produkt\/znackovy-ctvercovy-sprchovy-kout-pixa-prave-dx-52969\/#primaryimage\",\"url\":\"https:\/\/www.domkraftpro.com\/wp-content\/uploads\/2026\/SK0009773-CZ20260425-092556-0-1777080363-829752_ctvercovy-sprchovy-kout-pixa.webp\",\"contentUrl\":\"https:\/\/www.domkraftpro.com\/wp-content\/uploads\/2026\/SK0009773-CZ20260425-092556-0-1777080363-829752_ctvercovy-sprchovy-kout-pixa.webp\",\"width\":1000,\"height\":750},{\"@type\":\"BreadcrumbList\",\"@id\":\"https:\/\/www.domkraftpro.com\/index.php\/produkt\/znackovy-ctvercovy-sprchovy-kout-pixa-prave-dx-52969\/#breadcrumb\",\"itemListElement\":[{\"@type\":\"ListItem\",\"position\":1,\"name\":\"Home\",\"item\":\"https:\/\/www.domkraftpro.com\/\"},{\"@type\":\"ListItem\",\"position\":2,\"name\":\"Products\",\"item\":\"https:\/\/www.domkraftpro.com\/index.php\/products\/\"},{\"@type\":\"ListItem\",\"position\":3,\"name\":\"Zna\u010dkov\u00fd \u010ctvercov\u00fd sprchov\u00fd kout PIXA, Prav\u00e9 (DX)\"}]},{\"@type\":\"WebSite\",\"@id\":\"https:\/\/www.domkraftpro.com\/#website\",\"url\":\"https:\/\/www.domkraftpro.com\/\",\"name\":\"\",\"description\":\"\",\"potentialAction\":[{\"@type\":\"SearchAction\",\"target\":{\"@type\":\"EntryPoint\",\"urlTemplate\":\"https:\/\/www.domkraftpro.com\/?s={search_term_string}\"},\"query-input\":{\"@type\":\"PropertyValueSpecification\",\"valueRequired\":true,\"valueName\":\"search_term_string\"}}],\"inLanguage\":\"cs\"}]}<\/script>\n<!-- \/ Yoast SEO plugin. -->","yoast_head_json":{"title":"Zna\u010dkov\u00fd \u010ctvercov\u00fd sprchov\u00fd kout PIXA, Prav\u00e9 (DX) -","robots":{"index":"index","follow":"follow","max-snippet":"max-snippet:-1","max-image-preview":"max-image-preview:large","max-video-preview":"max-video-preview:-1"},"canonical":"https:\/\/www.domkraftpro.com\/index.php\/produkt\/znackovy-ctvercovy-sprchovy-kout-pixa-prave-dx-52969\/","og_locale":"cs_CZ","og_type":"article","og_title":"Zna\u010dkov\u00fd \u010ctvercov\u00fd sprchov\u00fd kout PIXA, Prav\u00e9 (DX) -","og_description":"Detailn\u00ed popis produktu \u010ctvercov\u00fd celosklen\u011bn\u00fd sprchov\u00fd kout\u00a0PIXA\u00a0v rozm\u011bru\u00a090&#215;90 cm\u00a0vynik\u00e1 vysoce kvalitn\u00edm zpracov\u00e1n\u00edm a spolehlivou funk\u010dnost\u00ed v\u0161ech sou\u010d\u00e1st\u00ed a materi\u00e1l\u016f.\u00a0Kout se skl\u00e1d\u00e1 z pevn\u00fdch skel a zalamovac\u00edch dve\u0159\u00ed, kter\u00e9 se otev\u00edraj\u00ed do prostoru. Spodn\u00ed hrana dve\u0159n\u00ed skla je opat\u0159ena\u00a0okapni\u010dkou, d\u00edky n\u00ed\u017e voda ze skla p\u0159i otev\u0159en\u00ed\u00a0nezte\u010de do prostoru koupelny, ale do vnit\u0159n\u00edho prostoru koutu. Z\u00e1st\u011bna se [&hellip;]","og_url":"https:\/\/www.domkraftpro.com\/index.php\/produkt\/znackovy-ctvercovy-sprchovy-kout-pixa-prave-dx-52969\/","og_image":[{"width":1000,"height":750,"url":"https:\/\/www.domkraftpro.com\/wp-content\/uploads\/2026\/SK0009773-CZ20260425-092556-0-1777080363-829752_ctvercovy-sprchovy-kout-pixa.webp","type":"image\/webp"}],"twitter_card":"summary_large_image","twitter_misc":{"Odhadovan\u00e1 doba \u010dten\u00ed":"2 minuty"},"schema":{"@context":"https:\/\/schema.org","@graph":[{"@type":"WebPage","@id":"https:\/\/www.domkraftpro.com\/index.php\/produkt\/znackovy-ctvercovy-sprchovy-kout-pixa-prave-dx-52969\/","url":"https:\/\/www.domkraftpro.com\/index.php\/produkt\/znackovy-ctvercovy-sprchovy-kout-pixa-prave-dx-52969\/","name":"Zna\u010dkov\u00fd \u010ctvercov\u00fd sprchov\u00fd kout PIXA, Prav\u00e9 (DX) -","isPartOf":{"@id":"https:\/\/www.domkraftpro.com\/#website"},"primaryImageOfPage":{"@id":"https:\/\/www.domkraftpro.com\/index.php\/produkt\/znackovy-ctvercovy-sprchovy-kout-pixa-prave-dx-52969\/#primaryimage"},"image":{"@id":"https:\/\/www.domkraftpro.com\/index.php\/produkt\/znackovy-ctvercovy-sprchovy-kout-pixa-prave-dx-52969\/#primaryimage"},"thumbnailUrl":"https:\/\/www.domkraftpro.com\/wp-content\/uploads\/2026\/SK0009773-CZ20260425-092556-0-1777080363-829752_ctvercovy-sprchovy-kout-pixa.webp","datePublished":"2026-04-27T04:42:46+00:00","breadcrumb":{"@id":"https:\/\/www.domkraftpro.com\/index.php\/produkt\/znackovy-ctvercovy-sprchovy-kout-pixa-prave-dx-52969\/#breadcrumb"},"inLanguage":"cs","potentialAction":[{"@type":"ReadAction","target":["https:\/\/www.domkraftpro.com\/index.php\/produkt\/znackovy-ctvercovy-sprchovy-kout-pixa-prave-dx-52969\/"]}]},{"@type":"ImageObject","inLanguage":"cs","@id":"https:\/\/www.domkraftpro.com\/index.php\/produkt\/znackovy-ctvercovy-sprchovy-kout-pixa-prave-dx-52969\/#primaryimage","url":"https:\/\/www.domkraftpro.com\/wp-content\/uploads\/2026\/SK0009773-CZ20260425-092556-0-1777080363-829752_ctvercovy-sprchovy-kout-pixa.webp","contentUrl":"https:\/\/www.domkraftpro.com\/wp-content\/uploads\/2026\/SK0009773-CZ20260425-092556-0-1777080363-829752_ctvercovy-sprchovy-kout-pixa.webp","width":1000,"height":750},{"@type":"BreadcrumbList","@id":"https:\/\/www.domkraftpro.com\/index.php\/produkt\/znackovy-ctvercovy-sprchovy-kout-pixa-prave-dx-52969\/#breadcrumb","itemListElement":[{"@type":"ListItem","position":1,"name":"Home","item":"https:\/\/www.domkraftpro.com\/"},{"@type":"ListItem","position":2,"name":"Products","item":"https:\/\/www.domkraftpro.com\/index.php\/products\/"},{"@type":"ListItem","position":3,"name":"Zna\u010dkov\u00fd \u010ctvercov\u00fd sprchov\u00fd kout PIXA, Prav\u00e9 (DX)"}]},{"@type":"WebSite","@id":"https:\/\/www.domkraftpro.com\/#website","url":"https:\/\/www.domkraftpro.com\/","name":"","description":"","potentialAction":[{"@type":"SearchAction","target":{"@type":"EntryPoint","urlTemplate":"https:\/\/www.domkraftpro.com\/?s={search_term_string}"},"query-input":{"@type":"PropertyValueSpecification","valueRequired":true,"valueName":"search_term_string"}}],"inLanguage":"cs"}]}},"_links":{"self":[{"href":"https:\/\/www.domkraftpro.com\/index.php\/wp-json\/wp\/v2\/product\/52969","targetHints":{"allow":["GET"]}}],"collection":[{"href":"https:\/\/www.domkraftpro.com\/index.php\/wp-json\/wp\/v2\/product"}],"about":[{"href":"https:\/\/www.domkraftpro.com\/index.php\/wp-json\/wp\/v2\/types\/product"}],"replies":[{"embeddable":true,"href":"https:\/\/www.domkraftpro.com\/index.php\/wp-json\/wp\/v2\/comments?post=52969"}],"wp:featuredmedia":[{"embeddable":true,"href":"https:\/\/www.domkraftpro.com\/index.php\/wp-json\/wp\/v2\/media\/53069"}],"wp:attachment":[{"href":"https:\/\/www.domkraftpro.com\/index.php\/wp-json\/wp\/v2\/media?parent=52969"}],"wp:term":[{"taxonomy":"product_brand","embeddable":true,"href":"https:\/\/www.domkraftpro.com\/index.php\/wp-json\/wp\/v2\/product_brand?post=52969"},{"taxonomy":"product_cat","embeddable":true,"href":"https:\/\/www.domkraftpro.com\/index.php\/wp-json\/wp\/v2\/product_cat?post=52969"},{"taxonomy":"product_tag","embeddable":true,"href":"https:\/\/www.domkraftpro.com\/index.php\/wp-json\/wp\/v2\/product_tag?post=52969"}],"curies":[{"name":"wp","href":"https:\/\/api.w.org\/{rel}","templated":true}]}}