{"id":5184,"date":"2026-04-27T04:40:34","date_gmt":"2026-04-27T04:40:34","guid":{"rendered":""},"modified":"2026-04-27T04:40:34","modified_gmt":"2026-04-27T04:40:34","slug":"znackovy-marcopol-mpz-8-s-14-s-16-25-0-mm-stribrna-s-16-5184","status":"publish","type":"product","link":"https:\/\/www.domkraftpro.com\/index.php\/produkt\/znackovy-marcopol-mpz-8-s-14-s-16-25-0-mm-stribrna-s-16-5184\/","title":{"rendered":"Zna\u010dkov\u00fd Marcopol MPZ 8 + S 14 \/ S 16 25,0 mm st\u0159\u00edbrn\u00e1 S 16"},"content":{"rendered":"<div class=\"detail-description__right\">\n<div class=\"parameters\">\n<div class=\"table table--simple\">\n<table>\n<tbody>\n<tr>\n<td colspan=\"2\">\n<h4>Vlastnosti<\/h4>\n<\/td>\n<\/tr>\n<tr>\n<td>Materi\u00e1l<\/td>\n<td>uhl\u00edkov\u00e1 ocel<\/td>\n<\/tr>\n<tr data-perex=\"1\">\n<td>Pr\u016fm\u011br<\/td>\n<td>5,5\u00a0mm<\/td>\n<\/tr>\n<tr data-perex=\"1\">\n<td>Pr\u016fm\u011br hlavy<\/td>\n<td>11,0\u00a0mm<\/td>\n<\/tr>\n<tr data-perex=\"1\">\n<td>D\u00e9lka<\/td>\n<td>25,0\u00a0mm<\/td>\n<\/tr>\n<tr>\n<td>Velikost podlo\u017eky<\/td>\n<td>14,0\u00a0mm\u00a0\u2013 16,0\u00a0mm<\/td>\n<\/tr>\n<tr>\n<td>Povrchov\u00e1 \u00faprava<\/td>\n<td>pozinkov\u00e1n\u00ed<\/td>\n<\/tr>\n<tr>\n<td>Vrtac\u00ed kapacita<\/td>\n<td>tmax  4,5\u00a0mm\u00a0\u2013 tmax  12,5\u00a0mm<\/td>\n<\/tr>\n<tr>\n<td>Korozn\u00ed t\u0159\u00edda<\/td>\n<td>C1<\/td>\n<\/tr>\n<tr>\n<td>Ur\u010den\u00ed<\/td>\n<td>interi\u00e9r<\/td>\n<\/tr>\n<tr>\n<td>Odolnost spoje v\u00a0tahu<\/td>\n<td>1500 rpm<\/td>\n<\/tr>\n<tr>\n<td>Smykov\u00e1 \u00fanosnost spoje<\/td>\n<td>5 Nm<\/td>\n<\/tr>\n<tr data-perex=\"1\">\n<td>Balen\u00ed<\/td>\n<td>250 ks<\/td>\n<\/tr>\n<tr>\n<td colspan=\"2\">\n<h4>Parametry<\/h4>\n<\/td>\n<\/tr>\n<tr>\n<td>P\u016fvod<\/td>\n<td>Vyrobeno v\u00a0PL<\/td>\n<\/tr>\n<tr>\n<td>Z\u00e1ruka<\/td>\n<td>2 roky<\/td>\n<\/tr>\n<tr>\n<td>Zna\u010dka<\/td>\n<td>Marcopol<\/td>\n<\/tr>\n<\/tbody>\n<\/table><\/div>\n<\/div><\/div>\n<div class=\"detail-description__top\">\n<div class=\"rating-promo\">\n<div class=\"raty raty--big\" data-score=\"5\" data-read-only=\"true\" title=\"5\"><\/div>\n<div class=\"rating-promo__number\">\t\t\t<strong>1<\/strong><small>recenze<\/small>\t\t<\/div>\n<div class=\"rating-promo__number\">\t\t\t<strong>1<\/strong><small>z\u00e1kazn\u00edk doporu\u010duje<\/small>\t\t<\/div>\n<p>\t\tV\u0161echny recenze\t<\/p><\/div>\n<\/p><\/div>\n<div class=\"detail-description__left\">\n<div class=\"detail-description__left__overflow\">\n<div class=\"detail-description__left__head\">\t\t\t\t\t\tPopis:\t\t\t\t\t<\/div>\n<div class=\"ul-style ul-style--check\">\n<p>Samovrtn\u00fd \u0161roub\u00a0samovrtn\u00fd \u0161roub se \u0161estihrannou hlavou a <strong>s podlo\u017ekou vyroben\u00fd z uhl\u00edkov\u00e9 oceli<\/strong> s pozinkov\u00e1n\u00edm.\u00a0Rozm\u011bry \u0161roubu jsou 5,5 x 25 mm, pr\u016fm\u011br hlavy je 11 mm. Je mo\u017en\u00e9 jej zakoupit s dv\u011bma velikostmi podlo\u017eky. Spad\u00e1 do\u00a0korozn\u00ed t\u0159\u00eddy C1, je ur\u010den prim\u00e1rn\u011b do interi\u00e9r\u016f. Funkce \u0161roubu\u00a0je p\u0159ekr\u00fdv\u00e1n\u00ed ocelov\u00fdch plech\u016f a spojov\u00e1n\u00ed kovov\u00fdch prvk\u016f.<\/p>\n<ul class=\"plusminus\">\n<li><i class=\"fas fa-check\"><\/i><span>Certifikovan\u00e1 kvalita<\/span><\/li>\n<li><i class=\"fas fa-check\"><\/i><span>Speci\u00e1ln\u011b pozinkovan\u00fd povrch<\/span><\/li>\n<li><i class=\"fas fa-check\"><\/i><span>Mo\u017enost v\u00fdb\u011bru velikosti podlo\u017eky<\/span><\/li>\n<\/ul>\n<\/div>\n<div class=\"detail-description__left__more\">\t\t\t\t\t\t<span> <\/span><span> <\/span>\t\t\t\t\t<\/div>\n<\/p><\/div>\n<\/p><\/div>\n<div class=\"detail-description__more\"><span> <\/span><span> <\/span><\/div>\n<\/p><\/div>\n<\/p><\/div>\n","protected":false},"excerpt":{"rendered":"<p>Vlastnosti Materi\u00e1l uhl\u00edkov\u00e1 ocel Pr\u016fm\u011br 5,5\u00a0mm Pr\u016fm\u011br hlavy 11,0\u00a0mm D\u00e9lka 25,0\u00a0mm Velikost podlo\u017eky 14,0\u00a0mm\u00a0\u2013 16,0\u00a0mm Povrchov\u00e1 \u00faprava pozinkov\u00e1n\u00ed Vrtac\u00ed kapacita tmax 4,5\u00a0mm\u00a0\u2013 tmax 12,5\u00a0mm Korozn\u00ed t\u0159\u00edda C1 Ur\u010den\u00ed interi\u00e9r Odolnost spoje v\u00a0tahu 1500 rpm Smykov\u00e1 \u00fanosnost spoje 5 Nm Balen\u00ed 250 ks Parametry P\u016fvod Vyrobeno v\u00a0PL Z\u00e1ruka 2 roky Zna\u010dka Marcopol 1recenze 1z\u00e1kazn\u00edk doporu\u010duje V\u0161echny [&hellip;]<\/p>\n","protected":false},"featured_media":5284,"comment_status":"open","ping_status":"open","template":"","meta":[],"product_brand":[],"product_cat":[44],"product_tag":[],"class_list":{"0":"post-5184","1":"product","2":"type-product","3":"status-publish","4":"has-post-thumbnail","6":"product_cat-stavba","8":"first","9":"instock","10":"sale","11":"shipping-taxable","12":"purchasable","13":"product-type-simple"},"yoast_head":"<!-- This site is optimized with the Yoast SEO plugin v26.8 - https:\/\/yoast.com\/product\/yoast-seo-wordpress\/ -->\n<title>Zna\u010dkov\u00fd Marcopol MPZ 8 + S 14 \/ S 16 25,0 mm st\u0159\u00edbrn\u00e1 S 16 -<\/title>\n<meta name=\"robots\" content=\"index, follow, max-snippet:-1, max-image-preview:large, max-video-preview:-1\" \/>\n<link rel=\"canonical\" href=\"https:\/\/www.domkraftpro.com\/index.php\/produkt\/znackovy-marcopol-mpz-8-s-14-s-16-25-0-mm-stribrna-s-16-5184\/\" \/>\n<meta property=\"og:locale\" content=\"cs_CZ\" \/>\n<meta property=\"og:type\" content=\"article\" \/>\n<meta property=\"og:title\" content=\"Zna\u010dkov\u00fd Marcopol MPZ 8 + S 14 \/ S 16 25,0 mm st\u0159\u00edbrn\u00e1 S 16 -\" \/>\n<meta property=\"og:description\" content=\"Vlastnosti Materi\u00e1l uhl\u00edkov\u00e1 ocel Pr\u016fm\u011br 5,5\u00a0mm Pr\u016fm\u011br hlavy 11,0\u00a0mm D\u00e9lka 25,0\u00a0mm Velikost podlo\u017eky 14,0\u00a0mm\u00a0\u2013 16,0\u00a0mm Povrchov\u00e1 \u00faprava pozinkov\u00e1n\u00ed Vrtac\u00ed kapacita tmax 4,5\u00a0mm\u00a0\u2013 tmax 12,5\u00a0mm Korozn\u00ed t\u0159\u00edda C1 Ur\u010den\u00ed interi\u00e9r Odolnost spoje v\u00a0tahu 1500 rpm Smykov\u00e1 \u00fanosnost spoje 5 Nm Balen\u00ed 250 ks Parametry P\u016fvod Vyrobeno v\u00a0PL Z\u00e1ruka 2 roky Zna\u010dka Marcopol 1recenze 1z\u00e1kazn\u00edk doporu\u010duje V\u0161echny [&hellip;]\" \/>\n<meta property=\"og:url\" content=\"https:\/\/www.domkraftpro.com\/index.php\/produkt\/znackovy-marcopol-mpz-8-s-14-s-16-25-0-mm-stribrna-s-16-5184\/\" \/>\n<meta property=\"og:image\" content=\"https:\/\/www.domkraftpro.com\/wp-content\/uploads\/2026\/SK0009275-CZ20260425-091936-0-1777079982-samovrtny-sroub-s-podlozkou-marcopol-mpz-8-s-14-s-16-w1200-.webp\" \/>\n\t<meta property=\"og:image:width\" content=\"1000\" \/>\n\t<meta property=\"og:image:height\" content=\"523\" \/>\n\t<meta property=\"og:image:type\" content=\"image\/webp\" \/>\n<meta name=\"twitter:card\" content=\"summary_large_image\" \/>\n<meta name=\"twitter:label1\" content=\"Odhadovan\u00e1 doba \u010dten\u00ed\" \/>\n\t<meta name=\"twitter:data1\" content=\"1 minuta\" \/>\n<script type=\"application\/ld+json\" class=\"yoast-schema-graph\">{\"@context\":\"https:\/\/schema.org\",\"@graph\":[{\"@type\":\"WebPage\",\"@id\":\"https:\/\/www.domkraftpro.com\/index.php\/produkt\/znackovy-marcopol-mpz-8-s-14-s-16-25-0-mm-stribrna-s-16-5184\/\",\"url\":\"https:\/\/www.domkraftpro.com\/index.php\/produkt\/znackovy-marcopol-mpz-8-s-14-s-16-25-0-mm-stribrna-s-16-5184\/\",\"name\":\"Zna\u010dkov\u00fd Marcopol MPZ 8 + S 14 \/ S 16 25,0 mm st\u0159\u00edbrn\u00e1 S 16 -\",\"isPartOf\":{\"@id\":\"https:\/\/www.domkraftpro.com\/#website\"},\"primaryImageOfPage\":{\"@id\":\"https:\/\/www.domkraftpro.com\/index.php\/produkt\/znackovy-marcopol-mpz-8-s-14-s-16-25-0-mm-stribrna-s-16-5184\/#primaryimage\"},\"image\":{\"@id\":\"https:\/\/www.domkraftpro.com\/index.php\/produkt\/znackovy-marcopol-mpz-8-s-14-s-16-25-0-mm-stribrna-s-16-5184\/#primaryimage\"},\"thumbnailUrl\":\"https:\/\/www.domkraftpro.com\/wp-content\/uploads\/2026\/SK0009275-CZ20260425-091936-0-1777079982-samovrtny-sroub-s-podlozkou-marcopol-mpz-8-s-14-s-16-w1200-.webp\",\"datePublished\":\"2026-04-27T04:40:34+00:00\",\"breadcrumb\":{\"@id\":\"https:\/\/www.domkraftpro.com\/index.php\/produkt\/znackovy-marcopol-mpz-8-s-14-s-16-25-0-mm-stribrna-s-16-5184\/#breadcrumb\"},\"inLanguage\":\"cs\",\"potentialAction\":[{\"@type\":\"ReadAction\",\"target\":[\"https:\/\/www.domkraftpro.com\/index.php\/produkt\/znackovy-marcopol-mpz-8-s-14-s-16-25-0-mm-stribrna-s-16-5184\/\"]}]},{\"@type\":\"ImageObject\",\"inLanguage\":\"cs\",\"@id\":\"https:\/\/www.domkraftpro.com\/index.php\/produkt\/znackovy-marcopol-mpz-8-s-14-s-16-25-0-mm-stribrna-s-16-5184\/#primaryimage\",\"url\":\"https:\/\/www.domkraftpro.com\/wp-content\/uploads\/2026\/SK0009275-CZ20260425-091936-0-1777079982-samovrtny-sroub-s-podlozkou-marcopol-mpz-8-s-14-s-16-w1200-.webp\",\"contentUrl\":\"https:\/\/www.domkraftpro.com\/wp-content\/uploads\/2026\/SK0009275-CZ20260425-091936-0-1777079982-samovrtny-sroub-s-podlozkou-marcopol-mpz-8-s-14-s-16-w1200-.webp\",\"width\":1000,\"height\":523},{\"@type\":\"BreadcrumbList\",\"@id\":\"https:\/\/www.domkraftpro.com\/index.php\/produkt\/znackovy-marcopol-mpz-8-s-14-s-16-25-0-mm-stribrna-s-16-5184\/#breadcrumb\",\"itemListElement\":[{\"@type\":\"ListItem\",\"position\":1,\"name\":\"Home\",\"item\":\"https:\/\/www.domkraftpro.com\/\"},{\"@type\":\"ListItem\",\"position\":2,\"name\":\"Products\",\"item\":\"https:\/\/www.domkraftpro.com\/index.php\/products\/\"},{\"@type\":\"ListItem\",\"position\":3,\"name\":\"Zna\u010dkov\u00fd Marcopol MPZ 8 + S 14 \/ S 16 25,0 mm st\u0159\u00edbrn\u00e1 S 16\"}]},{\"@type\":\"WebSite\",\"@id\":\"https:\/\/www.domkraftpro.com\/#website\",\"url\":\"https:\/\/www.domkraftpro.com\/\",\"name\":\"\",\"description\":\"\",\"potentialAction\":[{\"@type\":\"SearchAction\",\"target\":{\"@type\":\"EntryPoint\",\"urlTemplate\":\"https:\/\/www.domkraftpro.com\/?s={search_term_string}\"},\"query-input\":{\"@type\":\"PropertyValueSpecification\",\"valueRequired\":true,\"valueName\":\"search_term_string\"}}],\"inLanguage\":\"cs\"}]}<\/script>\n<!-- \/ Yoast SEO plugin. -->","yoast_head_json":{"title":"Zna\u010dkov\u00fd Marcopol MPZ 8 + S 14 \/ S 16 25,0 mm st\u0159\u00edbrn\u00e1 S 16 -","robots":{"index":"index","follow":"follow","max-snippet":"max-snippet:-1","max-image-preview":"max-image-preview:large","max-video-preview":"max-video-preview:-1"},"canonical":"https:\/\/www.domkraftpro.com\/index.php\/produkt\/znackovy-marcopol-mpz-8-s-14-s-16-25-0-mm-stribrna-s-16-5184\/","og_locale":"cs_CZ","og_type":"article","og_title":"Zna\u010dkov\u00fd Marcopol MPZ 8 + S 14 \/ S 16 25,0 mm st\u0159\u00edbrn\u00e1 S 16 -","og_description":"Vlastnosti Materi\u00e1l uhl\u00edkov\u00e1 ocel Pr\u016fm\u011br 5,5\u00a0mm Pr\u016fm\u011br hlavy 11,0\u00a0mm D\u00e9lka 25,0\u00a0mm Velikost podlo\u017eky 14,0\u00a0mm\u00a0\u2013 16,0\u00a0mm Povrchov\u00e1 \u00faprava pozinkov\u00e1n\u00ed Vrtac\u00ed kapacita tmax 4,5\u00a0mm\u00a0\u2013 tmax 12,5\u00a0mm Korozn\u00ed t\u0159\u00edda C1 Ur\u010den\u00ed interi\u00e9r Odolnost spoje v\u00a0tahu 1500 rpm Smykov\u00e1 \u00fanosnost spoje 5 Nm Balen\u00ed 250 ks Parametry P\u016fvod Vyrobeno v\u00a0PL Z\u00e1ruka 2 roky Zna\u010dka Marcopol 1recenze 1z\u00e1kazn\u00edk doporu\u010duje V\u0161echny [&hellip;]","og_url":"https:\/\/www.domkraftpro.com\/index.php\/produkt\/znackovy-marcopol-mpz-8-s-14-s-16-25-0-mm-stribrna-s-16-5184\/","og_image":[{"width":1000,"height":523,"url":"https:\/\/www.domkraftpro.com\/wp-content\/uploads\/2026\/SK0009275-CZ20260425-091936-0-1777079982-samovrtny-sroub-s-podlozkou-marcopol-mpz-8-s-14-s-16-w1200-.webp","type":"image\/webp"}],"twitter_card":"summary_large_image","twitter_misc":{"Odhadovan\u00e1 doba \u010dten\u00ed":"1 minuta"},"schema":{"@context":"https:\/\/schema.org","@graph":[{"@type":"WebPage","@id":"https:\/\/www.domkraftpro.com\/index.php\/produkt\/znackovy-marcopol-mpz-8-s-14-s-16-25-0-mm-stribrna-s-16-5184\/","url":"https:\/\/www.domkraftpro.com\/index.php\/produkt\/znackovy-marcopol-mpz-8-s-14-s-16-25-0-mm-stribrna-s-16-5184\/","name":"Zna\u010dkov\u00fd Marcopol MPZ 8 + S 14 \/ S 16 25,0 mm st\u0159\u00edbrn\u00e1 S 16 -","isPartOf":{"@id":"https:\/\/www.domkraftpro.com\/#website"},"primaryImageOfPage":{"@id":"https:\/\/www.domkraftpro.com\/index.php\/produkt\/znackovy-marcopol-mpz-8-s-14-s-16-25-0-mm-stribrna-s-16-5184\/#primaryimage"},"image":{"@id":"https:\/\/www.domkraftpro.com\/index.php\/produkt\/znackovy-marcopol-mpz-8-s-14-s-16-25-0-mm-stribrna-s-16-5184\/#primaryimage"},"thumbnailUrl":"https:\/\/www.domkraftpro.com\/wp-content\/uploads\/2026\/SK0009275-CZ20260425-091936-0-1777079982-samovrtny-sroub-s-podlozkou-marcopol-mpz-8-s-14-s-16-w1200-.webp","datePublished":"2026-04-27T04:40:34+00:00","breadcrumb":{"@id":"https:\/\/www.domkraftpro.com\/index.php\/produkt\/znackovy-marcopol-mpz-8-s-14-s-16-25-0-mm-stribrna-s-16-5184\/#breadcrumb"},"inLanguage":"cs","potentialAction":[{"@type":"ReadAction","target":["https:\/\/www.domkraftpro.com\/index.php\/produkt\/znackovy-marcopol-mpz-8-s-14-s-16-25-0-mm-stribrna-s-16-5184\/"]}]},{"@type":"ImageObject","inLanguage":"cs","@id":"https:\/\/www.domkraftpro.com\/index.php\/produkt\/znackovy-marcopol-mpz-8-s-14-s-16-25-0-mm-stribrna-s-16-5184\/#primaryimage","url":"https:\/\/www.domkraftpro.com\/wp-content\/uploads\/2026\/SK0009275-CZ20260425-091936-0-1777079982-samovrtny-sroub-s-podlozkou-marcopol-mpz-8-s-14-s-16-w1200-.webp","contentUrl":"https:\/\/www.domkraftpro.com\/wp-content\/uploads\/2026\/SK0009275-CZ20260425-091936-0-1777079982-samovrtny-sroub-s-podlozkou-marcopol-mpz-8-s-14-s-16-w1200-.webp","width":1000,"height":523},{"@type":"BreadcrumbList","@id":"https:\/\/www.domkraftpro.com\/index.php\/produkt\/znackovy-marcopol-mpz-8-s-14-s-16-25-0-mm-stribrna-s-16-5184\/#breadcrumb","itemListElement":[{"@type":"ListItem","position":1,"name":"Home","item":"https:\/\/www.domkraftpro.com\/"},{"@type":"ListItem","position":2,"name":"Products","item":"https:\/\/www.domkraftpro.com\/index.php\/products\/"},{"@type":"ListItem","position":3,"name":"Zna\u010dkov\u00fd Marcopol MPZ 8 + S 14 \/ S 16 25,0 mm st\u0159\u00edbrn\u00e1 S 16"}]},{"@type":"WebSite","@id":"https:\/\/www.domkraftpro.com\/#website","url":"https:\/\/www.domkraftpro.com\/","name":"","description":"","potentialAction":[{"@type":"SearchAction","target":{"@type":"EntryPoint","urlTemplate":"https:\/\/www.domkraftpro.com\/?s={search_term_string}"},"query-input":{"@type":"PropertyValueSpecification","valueRequired":true,"valueName":"search_term_string"}}],"inLanguage":"cs"}]}},"_links":{"self":[{"href":"https:\/\/www.domkraftpro.com\/index.php\/wp-json\/wp\/v2\/product\/5184","targetHints":{"allow":["GET"]}}],"collection":[{"href":"https:\/\/www.domkraftpro.com\/index.php\/wp-json\/wp\/v2\/product"}],"about":[{"href":"https:\/\/www.domkraftpro.com\/index.php\/wp-json\/wp\/v2\/types\/product"}],"replies":[{"embeddable":true,"href":"https:\/\/www.domkraftpro.com\/index.php\/wp-json\/wp\/v2\/comments?post=5184"}],"wp:featuredmedia":[{"embeddable":true,"href":"https:\/\/www.domkraftpro.com\/index.php\/wp-json\/wp\/v2\/media\/5284"}],"wp:attachment":[{"href":"https:\/\/www.domkraftpro.com\/index.php\/wp-json\/wp\/v2\/media?parent=5184"}],"wp:term":[{"taxonomy":"product_brand","embeddable":true,"href":"https:\/\/www.domkraftpro.com\/index.php\/wp-json\/wp\/v2\/product_brand?post=5184"},{"taxonomy":"product_cat","embeddable":true,"href":"https:\/\/www.domkraftpro.com\/index.php\/wp-json\/wp\/v2\/product_cat?post=5184"},{"taxonomy":"product_tag","embeddable":true,"href":"https:\/\/www.domkraftpro.com\/index.php\/wp-json\/wp\/v2\/product_tag?post=5184"}],"curies":[{"name":"wp","href":"https:\/\/api.w.org\/{rel}","templated":true}]}}