{"id":5103,"date":"2026-04-27T04:40:34","date_gmt":"2026-04-27T04:40:34","guid":{"rendered":""},"modified":"2026-04-27T04:40:34","modified_gmt":"2026-04-27T04:40:34","slug":"akce-marcopol-tx-30-260-0-mm-6-0-mm-5103","status":"publish","type":"product","link":"https:\/\/www.domkraftpro.com\/index.php\/produkt\/akce-marcopol-tx-30-260-0-mm-6-0-mm-5103\/","title":{"rendered":"Akce Marcopol TX 30 260,0 mm 6,0 mm"},"content":{"rendered":"<div class=\"detail-description__right\">\n<div class=\"parameters\">\n<div class=\"table table--simple\">\n<table>\n<tbody>\n<tr>\n<td colspan=\"2\">\n<h4>Vlastnosti<\/h4>\n<\/td>\n<\/tr>\n<tr>\n<td>Materi\u00e1l<\/td>\n<td>ocel<\/td>\n<\/tr>\n<tr data-perex=\"1\">\n<td>Pr\u016fm\u011br<\/td>\n<td>6,0\u00a0\u2013 10,0\u00a0mm<\/td>\n<\/tr>\n<tr data-perex=\"1\">\n<td>D\u00e9lka<\/td>\n<td>80,0\u00a0\u2013 400,0\u00a0mm<\/td>\n<\/tr>\n<tr data-perex=\"1\">\n<td>Ur\u010den\u00ed<\/td>\n<td>d\u0159evo<\/td>\n<\/tr>\n<tr>\n<td>Tvar hlavy<\/td>\n<td>tal\u00ed\u0159ov\u00e1<\/td>\n<\/tr>\n<tr>\n<td>Typ z\u00e1vitu<\/td>\n<td>&#8211;<\/td>\n<\/tr>\n<tr>\n<td>Typ hrotu<\/td>\n<td>TORX<\/td>\n<\/tr>\n<tr>\n<td>Povrchov\u00e1 \u00faprava<\/td>\n<td>\u017elut\u00fd pozink<\/td>\n<\/tr>\n<tr>\n<td>Reakce na ohe\u0148<\/td>\n<td>&#8211;<\/td>\n<\/tr>\n<tr>\n<td>Balen\u00ed<\/td>\n<td>100 ks<\/td>\n<\/tr>\n<tr>\n<td colspan=\"2\">\n<h4>Parametry<\/h4>\n<\/td>\n<\/tr>\n<tr>\n<td>P\u016fvod<\/td>\n<td>Vyrobeno v\u00a0PL<\/td>\n<\/tr>\n<tr>\n<td>Z\u00e1ruka<\/td>\n<td>2 roky<\/td>\n<\/tr>\n<tr>\n<td>Zna\u010dka<\/td>\n<td>Marcopol<\/td>\n<\/tr>\n<\/tbody>\n<\/table><\/div>\n<\/div><\/div>\n<div class=\"detail-description__top\">\n<div class=\"rating-promo\">\n<div class=\"raty raty--big\" data-score=\"4.25\" data-read-only=\"true\" title=\"4.25\"><\/div>\n<div class=\"rating-promo__number\">\t\t\t<strong>2<\/strong><small>recenze<\/small>\t\t<\/div>\n<div class=\"rating-promo__number\">\t\t\t<strong>2<\/strong><small>z\u00e1kazn\u00edci doporu\u010duj\u00ed<\/small>\t\t<\/div>\n<p>\t\tV\u0161echny recenze\t<\/p><\/div>\n<\/p><\/div>\n<div class=\"detail-description__left\">\n<div class=\"detail-description__left__overflow\">\n<div class=\"detail-description__left__head\">\t\t\t\t\t\tPopis:\t\t\t\t\t<\/div>\n<div class=\"ul-style ul-style--check\">\n<p>Tal\u00ed\u0159ov\u00fd vrut do d\u0159ev\u011bn\u00fdch konstrukc\u00ed s tal\u00ed\u0159ovou hlavou slou\u017e\u00ed pro spojov\u00e1n\u00ed d\u0159ev\u011bn\u00fdch prvk\u016f a panel\u016f na b\u00e1zi d\u0159eva. Konstrukce je navr\u017eena<strong> pro snadn\u00e9 zav\u00e1d\u011bn\u00ed<\/strong> do d\u0159ev\u011bn\u00e9ho podkladu.\u00a0\u010cepel na za\u010d\u00e1tku\u00a0usnad\u0148uje \u0161roubov\u00e1n\u00ed a zabra\u0148uje prask\u00e1n\u00ed d\u0159eva, nastavovac\u00ed fr\u00e9za odstra\u0148uje od\u0159ezky a p\u0159isp\u00edv\u00e1 k roz\u0161\u00ed\u0159en\u00ed otvoru pod hlavou.<\/p>\n<ul class=\"plusminus\">\n<li><i class=\"fas fa-check\"><\/i><span>Pro pou\u017eit\u00ed do d\u0159eva<\/span><\/li>\n<li><i class=\"fas fa-check\"><\/i><span>Snadn\u00e9 z\u00e1v\u00e1d\u011bn\u00ed<\/span><\/li>\n<li><i class=\"fas fa-check\"><\/i><span>Lep\u0161\u00ed nosnost<\/span><\/li>\n<li><i class=\"fas fa-check\"><\/i><span>Do vlhk\u00fdch m\u00edst<\/span><\/li>\n<\/ul>\n<p>Speci\u00e1ln\u00ed voskov\u00fd povlak pro v\u00fdrazn\u00e9 sn\u00ed\u017een\u00ed<strong>\u00a0<\/strong>\u0161roubovac\u00edho momentu,\u00a0pro rychlej\u0161\u00ed, snadn\u011bj\u0161\u00ed mont\u00e1\u017ee a sn\u00ed\u017een\u00ed spot\u0159eby energie u akumul\u00e1torov\u00e9ho n\u00e1\u0159ad\u00ed. TORX hlava zaru\u010duje\u00a0<strong>optim\u00e1ln\u00ed p\u0159enos kroutic\u00edho momentu<\/strong>\u00a0a zaji\u0161\u0165uje spr\u00e1vn\u00e9 zapu\u0161t\u011bn\u00ed vrutu do upevn\u011bn\u00e9ho prvku.\u00a0D\u00edky speci\u00e1ln\u00edmu\u00a0pozinkov\u00e1n\u00ed\u00a0\u017elut\u00fdm zinkem\u00a0jsou vhodn\u00e9 do\u00a0m\u00edst vystaven\u00fdch mimo\u0159\u00e1dn\u00e9 vlhkosti.<\/p>\n<p>Tento vrut je vhodn\u00fd k\u00a0pou\u017eit\u00ed do masivn\u00edho, lepen\u00e9ho \u010di d\u00fdhovan\u00e9ho d\u0159eva. D\u0159evot\u0159\u00edsky, p\u0159ekli\u017eky, a tak\u00e9 OSB a MDF desek. Hod\u00ed se tak pro d\u0159ev\u011bn\u00e9 stavby, zahradn\u00ed dopl\u0148ky, desky na b\u00e1zi d\u0159eva, d\u0159ev\u011bn\u00e9 p\u00e1sy a dokon\u010dovac\u00ed prvky, n\u00e1bytek a dal\u0161\u00ed.<\/p>\n<\/div>\n<div class=\"detail-description__left__more\">\t\t\t\t\t\t<span> <\/span><span> <\/span>\t\t\t\t\t<\/div>\n<\/p><\/div>\n<\/p><\/div>\n<div class=\"detail-description__more\"><span> <\/span><span> <\/span><\/div>\n<\/p><\/div>\n<\/p><\/div>\n","protected":false},"excerpt":{"rendered":"<p>Vlastnosti Materi\u00e1l ocel Pr\u016fm\u011br 6,0\u00a0\u2013 10,0\u00a0mm D\u00e9lka 80,0\u00a0\u2013 400,0\u00a0mm Ur\u010den\u00ed d\u0159evo Tvar hlavy tal\u00ed\u0159ov\u00e1 Typ z\u00e1vitu &#8211; Typ hrotu TORX Povrchov\u00e1 \u00faprava \u017elut\u00fd pozink Reakce na ohe\u0148 &#8211; Balen\u00ed 100 ks Parametry P\u016fvod Vyrobeno v\u00a0PL Z\u00e1ruka 2 roky Zna\u010dka Marcopol 2recenze 2z\u00e1kazn\u00edci doporu\u010duj\u00ed V\u0161echny recenze Popis: Tal\u00ed\u0159ov\u00fd vrut do d\u0159ev\u011bn\u00fdch konstrukc\u00ed s tal\u00ed\u0159ovou hlavou slou\u017e\u00ed [&hellip;]<\/p>\n","protected":false},"featured_media":5203,"comment_status":"open","ping_status":"open","template":"","meta":[],"product_brand":[],"product_cat":[44],"product_tag":[],"class_list":{"0":"post-5103","1":"product","2":"type-product","3":"status-publish","4":"has-post-thumbnail","6":"product_cat-stavba","8":"first","9":"instock","10":"sale","11":"shipping-taxable","12":"purchasable","13":"product-type-simple"},"yoast_head":"<!-- This site is optimized with the Yoast SEO plugin v26.8 - https:\/\/yoast.com\/product\/yoast-seo-wordpress\/ -->\n<title>Akce Marcopol TX 30 260,0 mm 6,0 mm -<\/title>\n<meta name=\"robots\" content=\"index, follow, max-snippet:-1, max-image-preview:large, max-video-preview:-1\" \/>\n<link rel=\"canonical\" href=\"https:\/\/www.domkraftpro.com\/index.php\/produkt\/akce-marcopol-tx-30-260-0-mm-6-0-mm-5103\/\" \/>\n<meta property=\"og:locale\" content=\"cs_CZ\" \/>\n<meta property=\"og:type\" content=\"article\" \/>\n<meta property=\"og:title\" content=\"Akce Marcopol TX 30 260,0 mm 6,0 mm -\" \/>\n<meta property=\"og:description\" content=\"Vlastnosti Materi\u00e1l ocel Pr\u016fm\u011br 6,0\u00a0\u2013 10,0\u00a0mm D\u00e9lka 80,0\u00a0\u2013 400,0\u00a0mm Ur\u010den\u00ed d\u0159evo Tvar hlavy tal\u00ed\u0159ov\u00e1 Typ z\u00e1vitu &#8211; Typ hrotu TORX Povrchov\u00e1 \u00faprava \u017elut\u00fd pozink Reakce na ohe\u0148 &#8211; Balen\u00ed 100 ks Parametry P\u016fvod Vyrobeno v\u00a0PL Z\u00e1ruka 2 roky Zna\u010dka Marcopol 2recenze 2z\u00e1kazn\u00edci doporu\u010duj\u00ed V\u0161echny recenze Popis: Tal\u00ed\u0159ov\u00fd vrut do d\u0159ev\u011bn\u00fdch konstrukc\u00ed s tal\u00ed\u0159ovou hlavou slou\u017e\u00ed [&hellip;]\" \/>\n<meta property=\"og:url\" content=\"https:\/\/www.domkraftpro.com\/index.php\/produkt\/akce-marcopol-tx-30-260-0-mm-6-0-mm-5103\/\" \/>\n<meta property=\"og:image\" content=\"https:\/\/www.domkraftpro.com\/wp-content\/uploads\/2026\/SK0009194-CZ20260425-091936-0-1777079982-talirovy-vrut-do-drevenych-konstrukci-marcopol-tx-30-260-0-.webp\" \/>\n\t<meta property=\"og:image:width\" content=\"1000\" \/>\n\t<meta property=\"og:image:height\" content=\"523\" \/>\n\t<meta property=\"og:image:type\" content=\"image\/webp\" \/>\n<meta name=\"twitter:card\" content=\"summary_large_image\" \/>\n<meta name=\"twitter:label1\" content=\"Odhadovan\u00e1 doba \u010dten\u00ed\" \/>\n\t<meta name=\"twitter:data1\" content=\"1 minuta\" \/>\n<script type=\"application\/ld+json\" class=\"yoast-schema-graph\">{\"@context\":\"https:\/\/schema.org\",\"@graph\":[{\"@type\":\"WebPage\",\"@id\":\"https:\/\/www.domkraftpro.com\/index.php\/produkt\/akce-marcopol-tx-30-260-0-mm-6-0-mm-5103\/\",\"url\":\"https:\/\/www.domkraftpro.com\/index.php\/produkt\/akce-marcopol-tx-30-260-0-mm-6-0-mm-5103\/\",\"name\":\"Akce Marcopol TX 30 260,0 mm 6,0 mm -\",\"isPartOf\":{\"@id\":\"https:\/\/www.domkraftpro.com\/#website\"},\"primaryImageOfPage\":{\"@id\":\"https:\/\/www.domkraftpro.com\/index.php\/produkt\/akce-marcopol-tx-30-260-0-mm-6-0-mm-5103\/#primaryimage\"},\"image\":{\"@id\":\"https:\/\/www.domkraftpro.com\/index.php\/produkt\/akce-marcopol-tx-30-260-0-mm-6-0-mm-5103\/#primaryimage\"},\"thumbnailUrl\":\"https:\/\/www.domkraftpro.com\/wp-content\/uploads\/2026\/SK0009194-CZ20260425-091936-0-1777079982-talirovy-vrut-do-drevenych-konstrukci-marcopol-tx-30-260-0-.webp\",\"datePublished\":\"2026-04-27T04:40:34+00:00\",\"breadcrumb\":{\"@id\":\"https:\/\/www.domkraftpro.com\/index.php\/produkt\/akce-marcopol-tx-30-260-0-mm-6-0-mm-5103\/#breadcrumb\"},\"inLanguage\":\"cs\",\"potentialAction\":[{\"@type\":\"ReadAction\",\"target\":[\"https:\/\/www.domkraftpro.com\/index.php\/produkt\/akce-marcopol-tx-30-260-0-mm-6-0-mm-5103\/\"]}]},{\"@type\":\"ImageObject\",\"inLanguage\":\"cs\",\"@id\":\"https:\/\/www.domkraftpro.com\/index.php\/produkt\/akce-marcopol-tx-30-260-0-mm-6-0-mm-5103\/#primaryimage\",\"url\":\"https:\/\/www.domkraftpro.com\/wp-content\/uploads\/2026\/SK0009194-CZ20260425-091936-0-1777079982-talirovy-vrut-do-drevenych-konstrukci-marcopol-tx-30-260-0-.webp\",\"contentUrl\":\"https:\/\/www.domkraftpro.com\/wp-content\/uploads\/2026\/SK0009194-CZ20260425-091936-0-1777079982-talirovy-vrut-do-drevenych-konstrukci-marcopol-tx-30-260-0-.webp\",\"width\":1000,\"height\":523},{\"@type\":\"BreadcrumbList\",\"@id\":\"https:\/\/www.domkraftpro.com\/index.php\/produkt\/akce-marcopol-tx-30-260-0-mm-6-0-mm-5103\/#breadcrumb\",\"itemListElement\":[{\"@type\":\"ListItem\",\"position\":1,\"name\":\"Home\",\"item\":\"https:\/\/www.domkraftpro.com\/\"},{\"@type\":\"ListItem\",\"position\":2,\"name\":\"Products\",\"item\":\"https:\/\/www.domkraftpro.com\/index.php\/products\/\"},{\"@type\":\"ListItem\",\"position\":3,\"name\":\"Akce Marcopol TX 30 260,0 mm 6,0 mm\"}]},{\"@type\":\"WebSite\",\"@id\":\"https:\/\/www.domkraftpro.com\/#website\",\"url\":\"https:\/\/www.domkraftpro.com\/\",\"name\":\"\",\"description\":\"\",\"potentialAction\":[{\"@type\":\"SearchAction\",\"target\":{\"@type\":\"EntryPoint\",\"urlTemplate\":\"https:\/\/www.domkraftpro.com\/?s={search_term_string}\"},\"query-input\":{\"@type\":\"PropertyValueSpecification\",\"valueRequired\":true,\"valueName\":\"search_term_string\"}}],\"inLanguage\":\"cs\"}]}<\/script>\n<!-- \/ Yoast SEO plugin. -->","yoast_head_json":{"title":"Akce Marcopol TX 30 260,0 mm 6,0 mm -","robots":{"index":"index","follow":"follow","max-snippet":"max-snippet:-1","max-image-preview":"max-image-preview:large","max-video-preview":"max-video-preview:-1"},"canonical":"https:\/\/www.domkraftpro.com\/index.php\/produkt\/akce-marcopol-tx-30-260-0-mm-6-0-mm-5103\/","og_locale":"cs_CZ","og_type":"article","og_title":"Akce Marcopol TX 30 260,0 mm 6,0 mm -","og_description":"Vlastnosti Materi\u00e1l ocel Pr\u016fm\u011br 6,0\u00a0\u2013 10,0\u00a0mm D\u00e9lka 80,0\u00a0\u2013 400,0\u00a0mm Ur\u010den\u00ed d\u0159evo Tvar hlavy tal\u00ed\u0159ov\u00e1 Typ z\u00e1vitu &#8211; Typ hrotu TORX Povrchov\u00e1 \u00faprava \u017elut\u00fd pozink Reakce na ohe\u0148 &#8211; Balen\u00ed 100 ks Parametry P\u016fvod Vyrobeno v\u00a0PL Z\u00e1ruka 2 roky Zna\u010dka Marcopol 2recenze 2z\u00e1kazn\u00edci doporu\u010duj\u00ed V\u0161echny recenze Popis: Tal\u00ed\u0159ov\u00fd vrut do d\u0159ev\u011bn\u00fdch konstrukc\u00ed s tal\u00ed\u0159ovou hlavou slou\u017e\u00ed [&hellip;]","og_url":"https:\/\/www.domkraftpro.com\/index.php\/produkt\/akce-marcopol-tx-30-260-0-mm-6-0-mm-5103\/","og_image":[{"width":1000,"height":523,"url":"https:\/\/www.domkraftpro.com\/wp-content\/uploads\/2026\/SK0009194-CZ20260425-091936-0-1777079982-talirovy-vrut-do-drevenych-konstrukci-marcopol-tx-30-260-0-.webp","type":"image\/webp"}],"twitter_card":"summary_large_image","twitter_misc":{"Odhadovan\u00e1 doba \u010dten\u00ed":"1 minuta"},"schema":{"@context":"https:\/\/schema.org","@graph":[{"@type":"WebPage","@id":"https:\/\/www.domkraftpro.com\/index.php\/produkt\/akce-marcopol-tx-30-260-0-mm-6-0-mm-5103\/","url":"https:\/\/www.domkraftpro.com\/index.php\/produkt\/akce-marcopol-tx-30-260-0-mm-6-0-mm-5103\/","name":"Akce Marcopol TX 30 260,0 mm 6,0 mm -","isPartOf":{"@id":"https:\/\/www.domkraftpro.com\/#website"},"primaryImageOfPage":{"@id":"https:\/\/www.domkraftpro.com\/index.php\/produkt\/akce-marcopol-tx-30-260-0-mm-6-0-mm-5103\/#primaryimage"},"image":{"@id":"https:\/\/www.domkraftpro.com\/index.php\/produkt\/akce-marcopol-tx-30-260-0-mm-6-0-mm-5103\/#primaryimage"},"thumbnailUrl":"https:\/\/www.domkraftpro.com\/wp-content\/uploads\/2026\/SK0009194-CZ20260425-091936-0-1777079982-talirovy-vrut-do-drevenych-konstrukci-marcopol-tx-30-260-0-.webp","datePublished":"2026-04-27T04:40:34+00:00","breadcrumb":{"@id":"https:\/\/www.domkraftpro.com\/index.php\/produkt\/akce-marcopol-tx-30-260-0-mm-6-0-mm-5103\/#breadcrumb"},"inLanguage":"cs","potentialAction":[{"@type":"ReadAction","target":["https:\/\/www.domkraftpro.com\/index.php\/produkt\/akce-marcopol-tx-30-260-0-mm-6-0-mm-5103\/"]}]},{"@type":"ImageObject","inLanguage":"cs","@id":"https:\/\/www.domkraftpro.com\/index.php\/produkt\/akce-marcopol-tx-30-260-0-mm-6-0-mm-5103\/#primaryimage","url":"https:\/\/www.domkraftpro.com\/wp-content\/uploads\/2026\/SK0009194-CZ20260425-091936-0-1777079982-talirovy-vrut-do-drevenych-konstrukci-marcopol-tx-30-260-0-.webp","contentUrl":"https:\/\/www.domkraftpro.com\/wp-content\/uploads\/2026\/SK0009194-CZ20260425-091936-0-1777079982-talirovy-vrut-do-drevenych-konstrukci-marcopol-tx-30-260-0-.webp","width":1000,"height":523},{"@type":"BreadcrumbList","@id":"https:\/\/www.domkraftpro.com\/index.php\/produkt\/akce-marcopol-tx-30-260-0-mm-6-0-mm-5103\/#breadcrumb","itemListElement":[{"@type":"ListItem","position":1,"name":"Home","item":"https:\/\/www.domkraftpro.com\/"},{"@type":"ListItem","position":2,"name":"Products","item":"https:\/\/www.domkraftpro.com\/index.php\/products\/"},{"@type":"ListItem","position":3,"name":"Akce Marcopol TX 30 260,0 mm 6,0 mm"}]},{"@type":"WebSite","@id":"https:\/\/www.domkraftpro.com\/#website","url":"https:\/\/www.domkraftpro.com\/","name":"","description":"","potentialAction":[{"@type":"SearchAction","target":{"@type":"EntryPoint","urlTemplate":"https:\/\/www.domkraftpro.com\/?s={search_term_string}"},"query-input":{"@type":"PropertyValueSpecification","valueRequired":true,"valueName":"search_term_string"}}],"inLanguage":"cs"}]}},"_links":{"self":[{"href":"https:\/\/www.domkraftpro.com\/index.php\/wp-json\/wp\/v2\/product\/5103","targetHints":{"allow":["GET"]}}],"collection":[{"href":"https:\/\/www.domkraftpro.com\/index.php\/wp-json\/wp\/v2\/product"}],"about":[{"href":"https:\/\/www.domkraftpro.com\/index.php\/wp-json\/wp\/v2\/types\/product"}],"replies":[{"embeddable":true,"href":"https:\/\/www.domkraftpro.com\/index.php\/wp-json\/wp\/v2\/comments?post=5103"}],"wp:featuredmedia":[{"embeddable":true,"href":"https:\/\/www.domkraftpro.com\/index.php\/wp-json\/wp\/v2\/media\/5203"}],"wp:attachment":[{"href":"https:\/\/www.domkraftpro.com\/index.php\/wp-json\/wp\/v2\/media?parent=5103"}],"wp:term":[{"taxonomy":"product_brand","embeddable":true,"href":"https:\/\/www.domkraftpro.com\/index.php\/wp-json\/wp\/v2\/product_brand?post=5103"},{"taxonomy":"product_cat","embeddable":true,"href":"https:\/\/www.domkraftpro.com\/index.php\/wp-json\/wp\/v2\/product_cat?post=5103"},{"taxonomy":"product_tag","embeddable":true,"href":"https:\/\/www.domkraftpro.com\/index.php\/wp-json\/wp\/v2\/product_tag?post=5103"}],"curies":[{"name":"wp","href":"https:\/\/api.w.org\/{rel}","templated":true}]}}