{"id":50947,"date":"2026-04-27T04:42:41","date_gmt":"2026-04-27T04:42:41","guid":{"rendered":""},"modified":"2026-04-27T04:42:41","modified_gmt":"2026-04-27T04:42:41","slug":"odtokovy-zlab-standardline-black-80-cm-harmony-rychle-dodani-50947","status":"publish","type":"product","link":"https:\/\/www.domkraftpro.com\/index.php\/produkt\/odtokovy-zlab-standardline-black-80-cm-harmony-rychle-dodani-50947\/","title":{"rendered":"Odtokov\u00fd \u017elab STANDARDline BLACK, 80 cm, Harmony Rychl\u00e9 Dod\u00e1n\u00ed"},"content":{"rendered":"<div class=\"basic-description\">\n<h3>Detailn\u00ed popis produktu<\/h3>\n<p><span>Kvalitn\u011b a modern\u011b zpracovan\u00fd<strong> odtokov\u00fd \u017elab<\/strong>, vyroben kombinac\u00ed <strong>pevn\u00e9ho plastu a nerezov\u00e9ho ro\u0161tu <\/strong>s povrchovou \u00fapravou v<strong> \u010dern\u00e9 barv\u011b<\/strong>, obohat\u00ed ka\u017edou koupelnu o n\u00e1dech luxusu.<\/span><\/p>\n<h3><strong><span><span>\u00a0<\/span>Pro\u010d po\u0159\u00eddit \u017elab STANDARDline BLACK:<\/span><\/strong><\/h3>\n<ul>\n<li><span><strong>Odtok<\/strong> 50 mm<\/span><\/li>\n<li><span><strong>Tlou\u0161\u0165ka nerez ro\u0161tu<\/strong> 1,2 mm<\/span><\/li>\n<li><strong>N\u00edzk\u00e1 stavebn\u00ed hloubka<\/strong><\/li>\n<li><span>Certifikovan\u00fd <strong>pr\u016ftok 60 l \/ min<\/strong><\/span><\/li>\n<li><span><strong>Dvojit\u00e1 z\u00e1pachov\u00e1 uz\u00e1v\u011bra, vodn\u00ed sloupec a kuli\u010dka.<\/strong> Tzn. V p\u0159\u00edpad\u011b odpa\u0159en\u00ed vody (podlahov\u00e9 topen\u00ed, \u00a0nepou\u017e\u00edvan\u00e9 byty atd.) kuli\u010dka zaklapne otvor a <strong>zabra\u0148uje vzl\u00edn\u00e1n\u00ed pachu<\/strong><\/span><\/li>\n<li><span><strong>Elegantn\u00ed \u010dern\u00e1 barva<\/strong><\/span><\/li>\n<\/ul>\n<h3><strong><span>Rozm\u011bry podlahov\u00fdch \u017elab\u016f a jejich ro\u0161t\u016f:\u00a0<\/span><\/strong><\/h3>\n<p><strong>Odtokov\u00fd \u017elab MEDIUM &#8211; 500:<\/strong><span>\u00a0ROZM\u011aR A ro\u0161tu 50 cm, d\u00e9lka \u017elabu 53 cm\u00a0<\/span><\/p>\n<p><strong>Odtokov\u00fd \u017elab MEDIUM &#8211; 700:<\/strong><span>\u00a0<\/span>ROZM\u011aR A<span>\u00a0ro\u0161tu 70 cm, d\u00e9lka \u017elabu 76 cm\u00a0<\/span><\/p>\n<p><strong>Odtokov\u00fd \u017elab MEDIUM &#8211; 800:<\/strong>\u00a0ROZM\u011aR A\u00a0ro\u0161tu 80 cm, d\u00e9lka \u017elabu 86 cm\u00a0<\/p>\n<p><strong>Odtokov\u00fd \u017elab MEDIUM &#8211; 900:<\/strong>\u00a0ROZM\u011aR A\u00a0ro\u0161tu 90 cm, d\u00e9lka \u017elabu 96 cm\u00a0<\/p>\n<p><strong>Odtokov\u00fd \u017elab MEDIUM &#8211; 1000:<\/strong> ROZM\u011aR A ro\u0161tu 100 cm, d\u00e9lka \u017elabu 106 cm\u00a0<\/p>\n<p><strong><span>Odtokov\u00fd \u017elab HARMONY &#8211; 500<\/span>:<\/strong>\u00a0ROZM\u011aR A\u00a0ro\u0161tu 50 cm, d\u00e9lka \u017elabu 53 cm\u00a0<\/p>\n<p><strong><span>Odtokov\u00fd \u017elab HARMONY &#8211; 700<\/span>:<\/strong>\u00a0ROZM\u011aR A\u00a0ro\u0161tu 70 cm, d\u00e9lka \u017elabu 76 cm\u00a0<\/p>\n<p><strong>Odtokov\u00fd \u017elab\u00a0<\/strong><strong>HARMONY\u00a0<\/strong><strong>&#8211; 800:<\/strong>\u00a0ROZM\u011aR A\u00a0ro\u0161tu 80 cm, d\u00e9lka \u017elabu 86 cm\u00a0<\/p>\n<p><strong>Odtokov\u00fd \u017elab\u00a0<\/strong><strong>HARMONY\u00a0<\/strong><strong>&#8211; 900:<\/strong>\u00a0ROZM\u011aR A\u00a0ro\u0161tu 90 cm, d\u00e9lka \u017elabu 96 cm\u00a0<\/p>\n<p><strong>Odtokov\u00fd \u017elab\u00a0<\/strong><strong>HARMONY\u00a0<\/strong><strong>&#8211; 1000:<\/strong> ROZM\u011aR A ro\u0161tu 100 cm, d\u00e9lka \u017elabu 106 cm\u00a0<\/p>\n<\/p>\n<h3><strong>Z\u00c1RUKA 2 roky<\/strong><strong><span style=\"color:#d0121a;\"><\/span><\/strong><\/h3>\n<\/p><\/div>\n<div class=\"extended-description\">\n<h3>Dopl\u0148kov\u00e9 parametry<\/h3>\n<table class=\"detail-parameters\">\n<tbody>\n<tr>\n<th>        <span class=\"row-header-label\">            Kategorie<span class=\"row-header-label-colon\">:<\/span>        <\/span>    <\/th>\n<td>            <\/td>\n<\/tr>\n<tr>\n<th>            <span class=\"row-header-label\">                Z\u00e1ruka<span class=\"row-header-label-colon\">:<\/span>            <\/span>        <\/th>\n<td>            2 roky        <\/td>\n<\/tr>\n<tr>\n<th>            <span class=\"row-header-label\">                Hmotnost<span class=\"row-header-label-colon\">:<\/span>            <\/span>        <\/th>\n<td>            1.7 kg        <\/td>\n<\/tr>\n<tr class=\"productEan\">\n<th>          <span class=\"row-header-label productEan__label\">              EAN<span class=\"row-header-label-colon\">:<\/span>          <\/span>      <\/th>\n<td>          <span class=\"productEan__value\">5998607308627<\/span>      <\/td>\n<\/tr>\n<tr>\n<th>                <span class=\"row-header-label\">                                            Barva<span class=\"row-header-label-colon\">:<\/span>                                    <\/span>            <\/th>\n<td>                                                            \u010cern\u00e1                                                <\/td>\n<\/tr>\n<tr>\n<th>                <span class=\"row-header-label\">                                            Instalace<span class=\"row-header-label-colon\">:<\/span>                                    <\/span>            <\/th>\n<td>                                                            Do prostoru                                                <\/td>\n<\/tr>\n<tr>\n<th>                <span class=\"row-header-label\">                                            Katalog<span class=\"row-header-label-colon\">:<\/span>                                    <\/span>            <\/th>\n<td>                                                            Olsen-Spa                                                <\/td>\n<\/tr>\n<tr>\n<th>                <span class=\"row-header-label\">                                            Materi\u00e1l<span class=\"row-header-label-colon\">:<\/span>                                    <\/span>            <\/th>\n<td>                                                            Termoplast                                                <\/td>\n<\/tr>\n<tr>\n<th>                <span class=\"row-header-label\">                                            Materi\u00e1l ro\u0161tu<span class=\"row-header-label-colon\">:<\/span>                                    <\/span>            <\/th>\n<td>                                                            Nerez                                                <\/td>\n<\/tr>\n<tr>\n<th>                <span class=\"row-header-label\">                                            Rozm\u011br A<span class=\"row-header-label-colon\">:<\/span>                                    <\/span>            <\/th>\n<td>                                                            76 cm,53 cm,86 cm,96 cm,106 cm,43 cm                                                <\/td>\n<\/tr>\n<tr>\n<th>                <span class=\"row-header-label\">                                            Rozm\u011br B<span class=\"row-header-label-colon\">:<\/span>                                    <\/span>            <\/th>\n<td>                                                            13.5 cm                                                <\/td>\n<\/tr>\n<tr>\n<th>                <span class=\"row-header-label\">                                            Rozm\u011br C<span class=\"row-header-label-colon\">:<\/span>                                    <\/span>            <\/th>\n<td>                                                            7.2 cm                                                <\/td>\n<\/tr>\n<tr>\n<th>                <span class=\"row-header-label\">                                            \u0160\u00ed\u0159ka<span class=\"row-header-label-colon\">:<\/span>                                    <\/span>            <\/th>\n<td>                                                            80                                                <\/td>\n<\/tr>\n<tr>\n<th>                <span class=\"row-header-label\">                                            Varianta ro\u0161tu<span class=\"row-header-label-colon\">:<\/span>                                    <\/span>            <\/th>\n<td>                                                            Harmony                                                <\/td>\n<\/tr>\n<tr>\n<th>                <span class=\"row-header-label\">                                            Vybaven\u00ed<span class=\"row-header-label-colon\">:<\/span>                                    <\/span>            <\/th>\n<td>                                                            M\u0159\u00ed\u017eka                                                <\/td>\n<\/tr>\n<tr>\n<th>                <span class=\"row-header-label\">                                            Z\u00e1ruka<span class=\"row-header-label-colon\">:<\/span>                                    <\/span>            <\/th>\n<td>                                                            2 roky                                                <\/td>\n<\/tr>\n<\/tbody>\n<\/table><\/div>\n<\/p><\/div>\n<\/p><\/div>\n","protected":false},"excerpt":{"rendered":"<p>Detailn\u00ed popis produktu Kvalitn\u011b a modern\u011b zpracovan\u00fd odtokov\u00fd \u017elab, vyroben kombinac\u00ed pevn\u00e9ho plastu a nerezov\u00e9ho ro\u0161tu s povrchovou \u00fapravou v \u010dern\u00e9 barv\u011b, obohat\u00ed ka\u017edou koupelnu o n\u00e1dech luxusu. \u00a0Pro\u010d po\u0159\u00eddit \u017elab STANDARDline BLACK: Odtok 50 mm Tlou\u0161\u0165ka nerez ro\u0161tu 1,2 mm N\u00edzk\u00e1 stavebn\u00ed hloubka Certifikovan\u00fd pr\u016ftok 60 l \/ min Dvojit\u00e1 z\u00e1pachov\u00e1 uz\u00e1v\u011bra, vodn\u00ed sloupec [&hellip;]<\/p>\n","protected":false},"featured_media":51047,"comment_status":"open","ping_status":"open","template":"","meta":[],"product_brand":[],"product_cat":[89],"product_tag":[],"class_list":{"0":"post-50947","1":"product","2":"type-product","3":"status-publish","4":"has-post-thumbnail","6":"product_cat-odtokove-kanalky","8":"first","9":"instock","10":"sale","11":"shipping-taxable","12":"purchasable","13":"product-type-simple"},"yoast_head":"<!-- This site is optimized with the Yoast SEO plugin v26.8 - https:\/\/yoast.com\/product\/yoast-seo-wordpress\/ -->\n<title>Odtokov\u00fd \u017elab STANDARDline BLACK, 80 cm, Harmony Rychl\u00e9 Dod\u00e1n\u00ed -<\/title>\n<meta name=\"robots\" content=\"index, follow, max-snippet:-1, max-image-preview:large, max-video-preview:-1\" \/>\n<link rel=\"canonical\" href=\"https:\/\/www.domkraftpro.com\/index.php\/produkt\/odtokovy-zlab-standardline-black-80-cm-harmony-rychle-dodani-50947\/\" \/>\n<meta property=\"og:locale\" content=\"cs_CZ\" \/>\n<meta property=\"og:type\" content=\"article\" \/>\n<meta property=\"og:title\" content=\"Odtokov\u00fd \u017elab STANDARDline BLACK, 80 cm, Harmony Rychl\u00e9 Dod\u00e1n\u00ed -\" \/>\n<meta property=\"og:description\" content=\"Detailn\u00ed popis produktu Kvalitn\u011b a modern\u011b zpracovan\u00fd odtokov\u00fd \u017elab, vyroben kombinac\u00ed pevn\u00e9ho plastu a nerezov\u00e9ho ro\u0161tu s povrchovou \u00fapravou v \u010dern\u00e9 barv\u011b, obohat\u00ed ka\u017edou koupelnu o n\u00e1dech luxusu. \u00a0Pro\u010d po\u0159\u00eddit \u017elab STANDARDline BLACK: Odtok 50 mm Tlou\u0161\u0165ka nerez ro\u0161tu 1,2 mm N\u00edzk\u00e1 stavebn\u00ed hloubka Certifikovan\u00fd pr\u016ftok 60 l \/ min Dvojit\u00e1 z\u00e1pachov\u00e1 uz\u00e1v\u011bra, vodn\u00ed sloupec [&hellip;]\" \/>\n<meta property=\"og:url\" content=\"https:\/\/www.domkraftpro.com\/index.php\/produkt\/odtokovy-zlab-standardline-black-80-cm-harmony-rychle-dodani-50947\/\" \/>\n<meta property=\"og:image\" content=\"https:\/\/www.domkraftpro.com\/wp-content\/uploads\/2026\/SK0008630-CZ20260425-092556-0-1777080363-823491_odtokovy-zlab-standardline-black.webp\" \/>\n\t<meta property=\"og:image:width\" content=\"1000\" \/>\n\t<meta property=\"og:image:height\" content=\"750\" \/>\n\t<meta property=\"og:image:type\" content=\"image\/webp\" \/>\n<meta name=\"twitter:card\" content=\"summary_large_image\" \/>\n<meta name=\"twitter:label1\" content=\"Odhadovan\u00e1 doba \u010dten\u00ed\" \/>\n\t<meta name=\"twitter:data1\" content=\"1 minuta\" \/>\n<script type=\"application\/ld+json\" class=\"yoast-schema-graph\">{\"@context\":\"https:\/\/schema.org\",\"@graph\":[{\"@type\":\"WebPage\",\"@id\":\"https:\/\/www.domkraftpro.com\/index.php\/produkt\/odtokovy-zlab-standardline-black-80-cm-harmony-rychle-dodani-50947\/\",\"url\":\"https:\/\/www.domkraftpro.com\/index.php\/produkt\/odtokovy-zlab-standardline-black-80-cm-harmony-rychle-dodani-50947\/\",\"name\":\"Odtokov\u00fd \u017elab STANDARDline BLACK, 80 cm, Harmony Rychl\u00e9 Dod\u00e1n\u00ed -\",\"isPartOf\":{\"@id\":\"https:\/\/www.domkraftpro.com\/#website\"},\"primaryImageOfPage\":{\"@id\":\"https:\/\/www.domkraftpro.com\/index.php\/produkt\/odtokovy-zlab-standardline-black-80-cm-harmony-rychle-dodani-50947\/#primaryimage\"},\"image\":{\"@id\":\"https:\/\/www.domkraftpro.com\/index.php\/produkt\/odtokovy-zlab-standardline-black-80-cm-harmony-rychle-dodani-50947\/#primaryimage\"},\"thumbnailUrl\":\"https:\/\/www.domkraftpro.com\/wp-content\/uploads\/2026\/SK0008630-CZ20260425-092556-0-1777080363-823491_odtokovy-zlab-standardline-black.webp\",\"datePublished\":\"2026-04-27T04:42:41+00:00\",\"breadcrumb\":{\"@id\":\"https:\/\/www.domkraftpro.com\/index.php\/produkt\/odtokovy-zlab-standardline-black-80-cm-harmony-rychle-dodani-50947\/#breadcrumb\"},\"inLanguage\":\"cs\",\"potentialAction\":[{\"@type\":\"ReadAction\",\"target\":[\"https:\/\/www.domkraftpro.com\/index.php\/produkt\/odtokovy-zlab-standardline-black-80-cm-harmony-rychle-dodani-50947\/\"]}]},{\"@type\":\"ImageObject\",\"inLanguage\":\"cs\",\"@id\":\"https:\/\/www.domkraftpro.com\/index.php\/produkt\/odtokovy-zlab-standardline-black-80-cm-harmony-rychle-dodani-50947\/#primaryimage\",\"url\":\"https:\/\/www.domkraftpro.com\/wp-content\/uploads\/2026\/SK0008630-CZ20260425-092556-0-1777080363-823491_odtokovy-zlab-standardline-black.webp\",\"contentUrl\":\"https:\/\/www.domkraftpro.com\/wp-content\/uploads\/2026\/SK0008630-CZ20260425-092556-0-1777080363-823491_odtokovy-zlab-standardline-black.webp\",\"width\":1000,\"height\":750},{\"@type\":\"BreadcrumbList\",\"@id\":\"https:\/\/www.domkraftpro.com\/index.php\/produkt\/odtokovy-zlab-standardline-black-80-cm-harmony-rychle-dodani-50947\/#breadcrumb\",\"itemListElement\":[{\"@type\":\"ListItem\",\"position\":1,\"name\":\"Home\",\"item\":\"https:\/\/www.domkraftpro.com\/\"},{\"@type\":\"ListItem\",\"position\":2,\"name\":\"Products\",\"item\":\"https:\/\/www.domkraftpro.com\/index.php\/products\/\"},{\"@type\":\"ListItem\",\"position\":3,\"name\":\"Odtokov\u00fd \u017elab STANDARDline BLACK, 80 cm, Harmony Rychl\u00e9 Dod\u00e1n\u00ed\"}]},{\"@type\":\"WebSite\",\"@id\":\"https:\/\/www.domkraftpro.com\/#website\",\"url\":\"https:\/\/www.domkraftpro.com\/\",\"name\":\"\",\"description\":\"\",\"potentialAction\":[{\"@type\":\"SearchAction\",\"target\":{\"@type\":\"EntryPoint\",\"urlTemplate\":\"https:\/\/www.domkraftpro.com\/?s={search_term_string}\"},\"query-input\":{\"@type\":\"PropertyValueSpecification\",\"valueRequired\":true,\"valueName\":\"search_term_string\"}}],\"inLanguage\":\"cs\"}]}<\/script>\n<!-- \/ Yoast SEO plugin. -->","yoast_head_json":{"title":"Odtokov\u00fd \u017elab STANDARDline BLACK, 80 cm, Harmony Rychl\u00e9 Dod\u00e1n\u00ed -","robots":{"index":"index","follow":"follow","max-snippet":"max-snippet:-1","max-image-preview":"max-image-preview:large","max-video-preview":"max-video-preview:-1"},"canonical":"https:\/\/www.domkraftpro.com\/index.php\/produkt\/odtokovy-zlab-standardline-black-80-cm-harmony-rychle-dodani-50947\/","og_locale":"cs_CZ","og_type":"article","og_title":"Odtokov\u00fd \u017elab STANDARDline BLACK, 80 cm, Harmony Rychl\u00e9 Dod\u00e1n\u00ed -","og_description":"Detailn\u00ed popis produktu Kvalitn\u011b a modern\u011b zpracovan\u00fd odtokov\u00fd \u017elab, vyroben kombinac\u00ed pevn\u00e9ho plastu a nerezov\u00e9ho ro\u0161tu s povrchovou \u00fapravou v \u010dern\u00e9 barv\u011b, obohat\u00ed ka\u017edou koupelnu o n\u00e1dech luxusu. \u00a0Pro\u010d po\u0159\u00eddit \u017elab STANDARDline BLACK: Odtok 50 mm Tlou\u0161\u0165ka nerez ro\u0161tu 1,2 mm N\u00edzk\u00e1 stavebn\u00ed hloubka Certifikovan\u00fd pr\u016ftok 60 l \/ min Dvojit\u00e1 z\u00e1pachov\u00e1 uz\u00e1v\u011bra, vodn\u00ed sloupec [&hellip;]","og_url":"https:\/\/www.domkraftpro.com\/index.php\/produkt\/odtokovy-zlab-standardline-black-80-cm-harmony-rychle-dodani-50947\/","og_image":[{"width":1000,"height":750,"url":"https:\/\/www.domkraftpro.com\/wp-content\/uploads\/2026\/SK0008630-CZ20260425-092556-0-1777080363-823491_odtokovy-zlab-standardline-black.webp","type":"image\/webp"}],"twitter_card":"summary_large_image","twitter_misc":{"Odhadovan\u00e1 doba \u010dten\u00ed":"1 minuta"},"schema":{"@context":"https:\/\/schema.org","@graph":[{"@type":"WebPage","@id":"https:\/\/www.domkraftpro.com\/index.php\/produkt\/odtokovy-zlab-standardline-black-80-cm-harmony-rychle-dodani-50947\/","url":"https:\/\/www.domkraftpro.com\/index.php\/produkt\/odtokovy-zlab-standardline-black-80-cm-harmony-rychle-dodani-50947\/","name":"Odtokov\u00fd \u017elab STANDARDline BLACK, 80 cm, Harmony Rychl\u00e9 Dod\u00e1n\u00ed -","isPartOf":{"@id":"https:\/\/www.domkraftpro.com\/#website"},"primaryImageOfPage":{"@id":"https:\/\/www.domkraftpro.com\/index.php\/produkt\/odtokovy-zlab-standardline-black-80-cm-harmony-rychle-dodani-50947\/#primaryimage"},"image":{"@id":"https:\/\/www.domkraftpro.com\/index.php\/produkt\/odtokovy-zlab-standardline-black-80-cm-harmony-rychle-dodani-50947\/#primaryimage"},"thumbnailUrl":"https:\/\/www.domkraftpro.com\/wp-content\/uploads\/2026\/SK0008630-CZ20260425-092556-0-1777080363-823491_odtokovy-zlab-standardline-black.webp","datePublished":"2026-04-27T04:42:41+00:00","breadcrumb":{"@id":"https:\/\/www.domkraftpro.com\/index.php\/produkt\/odtokovy-zlab-standardline-black-80-cm-harmony-rychle-dodani-50947\/#breadcrumb"},"inLanguage":"cs","potentialAction":[{"@type":"ReadAction","target":["https:\/\/www.domkraftpro.com\/index.php\/produkt\/odtokovy-zlab-standardline-black-80-cm-harmony-rychle-dodani-50947\/"]}]},{"@type":"ImageObject","inLanguage":"cs","@id":"https:\/\/www.domkraftpro.com\/index.php\/produkt\/odtokovy-zlab-standardline-black-80-cm-harmony-rychle-dodani-50947\/#primaryimage","url":"https:\/\/www.domkraftpro.com\/wp-content\/uploads\/2026\/SK0008630-CZ20260425-092556-0-1777080363-823491_odtokovy-zlab-standardline-black.webp","contentUrl":"https:\/\/www.domkraftpro.com\/wp-content\/uploads\/2026\/SK0008630-CZ20260425-092556-0-1777080363-823491_odtokovy-zlab-standardline-black.webp","width":1000,"height":750},{"@type":"BreadcrumbList","@id":"https:\/\/www.domkraftpro.com\/index.php\/produkt\/odtokovy-zlab-standardline-black-80-cm-harmony-rychle-dodani-50947\/#breadcrumb","itemListElement":[{"@type":"ListItem","position":1,"name":"Home","item":"https:\/\/www.domkraftpro.com\/"},{"@type":"ListItem","position":2,"name":"Products","item":"https:\/\/www.domkraftpro.com\/index.php\/products\/"},{"@type":"ListItem","position":3,"name":"Odtokov\u00fd \u017elab STANDARDline BLACK, 80 cm, Harmony Rychl\u00e9 Dod\u00e1n\u00ed"}]},{"@type":"WebSite","@id":"https:\/\/www.domkraftpro.com\/#website","url":"https:\/\/www.domkraftpro.com\/","name":"","description":"","potentialAction":[{"@type":"SearchAction","target":{"@type":"EntryPoint","urlTemplate":"https:\/\/www.domkraftpro.com\/?s={search_term_string}"},"query-input":{"@type":"PropertyValueSpecification","valueRequired":true,"valueName":"search_term_string"}}],"inLanguage":"cs"}]}},"_links":{"self":[{"href":"https:\/\/www.domkraftpro.com\/index.php\/wp-json\/wp\/v2\/product\/50947","targetHints":{"allow":["GET"]}}],"collection":[{"href":"https:\/\/www.domkraftpro.com\/index.php\/wp-json\/wp\/v2\/product"}],"about":[{"href":"https:\/\/www.domkraftpro.com\/index.php\/wp-json\/wp\/v2\/types\/product"}],"replies":[{"embeddable":true,"href":"https:\/\/www.domkraftpro.com\/index.php\/wp-json\/wp\/v2\/comments?post=50947"}],"wp:featuredmedia":[{"embeddable":true,"href":"https:\/\/www.domkraftpro.com\/index.php\/wp-json\/wp\/v2\/media\/51047"}],"wp:attachment":[{"href":"https:\/\/www.domkraftpro.com\/index.php\/wp-json\/wp\/v2\/media?parent=50947"}],"wp:term":[{"taxonomy":"product_brand","embeddable":true,"href":"https:\/\/www.domkraftpro.com\/index.php\/wp-json\/wp\/v2\/product_brand?post=50947"},{"taxonomy":"product_cat","embeddable":true,"href":"https:\/\/www.domkraftpro.com\/index.php\/wp-json\/wp\/v2\/product_cat?post=50947"},{"taxonomy":"product_tag","embeddable":true,"href":"https:\/\/www.domkraftpro.com\/index.php\/wp-json\/wp\/v2\/product_tag?post=50947"}],"curies":[{"name":"wp","href":"https:\/\/api.w.org\/{rel}","templated":true}]}}