{"id":50922,"date":"2026-04-27T04:42:41","date_gmt":"2026-04-27T04:42:41","guid":{"rendered":""},"modified":"2026-04-27T04:42:41","modified_gmt":"2026-04-27T04:42:41","slug":"doprava-zdarma-sprchova-ruzice-oxy-50922","status":"publish","type":"product","link":"https:\/\/www.domkraftpro.com\/index.php\/produkt\/doprava-zdarma-sprchova-ruzice-oxy-50922\/","title":{"rendered":"Doprava Zdarma Sprchov\u00e1 r\u016f\u017eice OXY"},"content":{"rendered":"<div class=\"basic-description\">\n<h3>Detailn\u00ed popis produktu<\/h3>\n<p>                                    <html><body><\/p>\n<p><strong>Sprchov\u00e1 r\u016f\u017eice p\u011btipolohov\u00e1\u00a0<strong>\u00a0RUBINETA OXY\u00a0<\/strong><\/strong>vynik\u00e1 vysoce kvalitn\u00edm zpracov\u00e1n\u00edm a spolehlivou funk\u010dnost\u00ed v\u0161ech sou\u010d\u00e1st\u00ed a materi\u00e1l\u016f.\u00a0<\/p>\n<p>Zv\u00fdrazn\u011bte modern\u00ed design va\u0161\u00ed koupelny pomoc\u00ed sprchov\u00e9 r\u016f\u017eice a nechte ji podtrhnout elegantn\u00ed rysy\u00a0sprchov\u00e9 baterie,\u00a0vanov\u00e9 baterie\u00a0z na\u0161\u00ed bohat\u00e9 nab\u00eddky. Pro pohodln\u00e9 pou\u017eit\u00ed a V\u00e1\u0161 maxim\u00e1ln\u00ed komfort m\u00e1me v na\u0161\u00ed nab\u00eddce\u00a0dr\u017e\u00e1ky sprchov\u00fdch r\u016f\u017eic. \u00a0<\/p>\n<p><strong>P\u0159ednosti s<strong>prchov\u00e9\u00a0<strong>r\u016f\u017eice\u00a0p\u011btipolohov\u00e1\u00a0RUBINETA OXY:<\/strong><\/strong><\/strong><\/p>\n<ul>\n<li><strong>P\u011bt druh\u016f\u00a0<\/strong>proudu<\/li>\n<li><strong>Rozm\u011bry:<\/strong>\u00a0\u00d8\u00a09,5 cm<\/li>\n<li>Atraktivn\u00ed ploch\u00fd design<\/li>\n<li><strong>Materi\u00e1l: masivn\u00ed plast<\/strong>, kter\u00fd je celoplo\u0161n\u011b<strong>\u00a0pochromov\u00e1n<\/strong><\/li>\n<li>Libovoln\u00e1 kombinace se standardn\u00edm p\u0159\u00edslu\u0161enstv\u00edm vodovodn\u00edch bateri\u00ed<\/li>\n<li>Funkce\u00a0<strong>SAVE WATER<\/strong>, kter\u00e1 umo\u017e\u0148uje a\u017e\u00a0<strong>40% \u00fasporu<\/strong>\u00a0vody<\/li>\n<\/ul>\n<ul>\n<li><strong>Z\u00c1RUKA 2 ROKY<\/strong><\/li>\n<\/ul>\n<div id=\"gtx-trans\">\n<div class=\"gtx-trans-icon\"><\/div>\n<\/div>\n<p><\/body><\/html>                            <\/div>\n<div class=\"extended-description\">\n<h3>Dopl\u0148kov\u00e9 parametry<\/h3>\n<table class=\"detail-parameters\">\n<tbody>\n<tr>\n<th>        <span class=\"row-header-label\">            Kategorie<span class=\"row-header-label-colon\">:<\/span>        <\/span>    <\/th>\n<td>            <\/td>\n<\/tr>\n<tr>\n<th>            <span class=\"row-header-label\">                Z\u00e1ruka<span class=\"row-header-label-colon\">:<\/span>            <\/span>        <\/th>\n<td>            2 roky        <\/td>\n<\/tr>\n<tr>\n<th>            <span class=\"row-header-label\">                Hmotnost<span class=\"row-header-label-colon\">:<\/span>            <\/span>        <\/th>\n<td>            5 kg        <\/td>\n<\/tr>\n<tr class=\"productEan\">\n<th>          <span class=\"row-header-label productEan__label\">              EAN<span class=\"row-header-label-colon\">:<\/span>          <\/span>      <\/th>\n<td>          <span class=\"productEan__value\">4772034011555<\/span>      <\/td>\n<\/tr>\n<tr>\n<th>                <span class=\"row-header-label\">                                            Barva<span class=\"row-header-label-colon\">:<\/span>                                    <\/span>            <\/th>\n<td>                                                            Chrom                                                <\/td>\n<\/tr>\n<tr>\n<th>                <span class=\"row-header-label\">                                            Katalog<span class=\"row-header-label-colon\">:<\/span>                                    <\/span>            <\/th>\n<td>                                                            Olsen-Spa                                                <\/td>\n<\/tr>\n<tr>\n<th>                <span class=\"row-header-label\">                                            Materi\u00e1l<span class=\"row-header-label-colon\">:<\/span>                                    <\/span>            <\/th>\n<td>                                                            Plast                                                <\/td>\n<\/tr>\n<tr>\n<th>                <span class=\"row-header-label\">                                            S\u00e9rie<span class=\"row-header-label-colon\">:<\/span>                                    <\/span>            <\/th>\n<td>                                                            OXY                                                <\/td>\n<\/tr>\n<tr>\n<th>                <span class=\"row-header-label\">                                            Skupina artiklu<span class=\"row-header-label-colon\">:<\/span>                                    <\/span>            <\/th>\n<td>                                                            S23BR                                                <\/td>\n<\/tr>\n<tr>\n<th>                <span class=\"row-header-label\">                                            Typ<span class=\"row-header-label-colon\">:<\/span>                                    <\/span>            <\/th>\n<td>                                                            Ru\u010dn\u00ed                                                <\/td>\n<\/tr>\n<tr>\n<th>                <span class=\"row-header-label\">                                            Typ p\u0159ipojen\u00ed<span class=\"row-header-label-colon\">:<\/span>                                    <\/span>            <\/th>\n<td>                                                            G 1\/2                                                <\/td>\n<\/tr>\n<tr>\n<th>                <span class=\"row-header-label\">                                            Z\u00e1ruka<span class=\"row-header-label-colon\">:<\/span>                                    <\/span>            <\/th>\n<td>                                                            2 roky                                                <\/td>\n<\/tr>\n<\/tbody>\n<\/table><\/div>\n<\/p><\/div>\n<\/p><\/div>\n","protected":false},"excerpt":{"rendered":"<p>Detailn\u00ed popis produktu Sprchov\u00e1 r\u016f\u017eice p\u011btipolohov\u00e1\u00a0\u00a0RUBINETA OXY\u00a0vynik\u00e1 vysoce kvalitn\u00edm zpracov\u00e1n\u00edm a spolehlivou funk\u010dnost\u00ed v\u0161ech sou\u010d\u00e1st\u00ed a materi\u00e1l\u016f.\u00a0 Zv\u00fdrazn\u011bte modern\u00ed design va\u0161\u00ed koupelny pomoc\u00ed sprchov\u00e9 r\u016f\u017eice a nechte ji podtrhnout elegantn\u00ed rysy\u00a0sprchov\u00e9 baterie,\u00a0vanov\u00e9 baterie\u00a0z na\u0161\u00ed bohat\u00e9 nab\u00eddky. Pro pohodln\u00e9 pou\u017eit\u00ed a V\u00e1\u0161 maxim\u00e1ln\u00ed komfort m\u00e1me v na\u0161\u00ed nab\u00eddce\u00a0dr\u017e\u00e1ky sprchov\u00fdch r\u016f\u017eic. \u00a0 P\u0159ednosti sprchov\u00e9\u00a0r\u016f\u017eice\u00a0p\u011btipolohov\u00e1\u00a0RUBINETA OXY: P\u011bt druh\u016f\u00a0proudu [&hellip;]<\/p>\n","protected":false},"featured_media":51022,"comment_status":"open","ping_status":"open","template":"","meta":[],"product_brand":[],"product_cat":[65],"product_tag":[],"class_list":{"0":"post-50922","1":"product","2":"type-product","3":"status-publish","4":"has-post-thumbnail","6":"product_cat-prislusenstvi-do-sprch","8":"first","9":"instock","10":"sale","11":"shipping-taxable","12":"purchasable","13":"product-type-simple"},"yoast_head":"<!-- This site is optimized with the Yoast SEO plugin v26.8 - https:\/\/yoast.com\/product\/yoast-seo-wordpress\/ -->\n<title>Doprava Zdarma Sprchov\u00e1 r\u016f\u017eice OXY -<\/title>\n<meta name=\"robots\" content=\"index, follow, max-snippet:-1, max-image-preview:large, max-video-preview:-1\" \/>\n<link rel=\"canonical\" href=\"https:\/\/www.domkraftpro.com\/index.php\/produkt\/doprava-zdarma-sprchova-ruzice-oxy-50922\/\" \/>\n<meta property=\"og:locale\" content=\"cs_CZ\" \/>\n<meta property=\"og:type\" content=\"article\" \/>\n<meta property=\"og:title\" content=\"Doprava Zdarma Sprchov\u00e1 r\u016f\u017eice OXY -\" \/>\n<meta property=\"og:description\" content=\"Detailn\u00ed popis produktu Sprchov\u00e1 r\u016f\u017eice p\u011btipolohov\u00e1\u00a0\u00a0RUBINETA OXY\u00a0vynik\u00e1 vysoce kvalitn\u00edm zpracov\u00e1n\u00edm a spolehlivou funk\u010dnost\u00ed v\u0161ech sou\u010d\u00e1st\u00ed a materi\u00e1l\u016f.\u00a0 Zv\u00fdrazn\u011bte modern\u00ed design va\u0161\u00ed koupelny pomoc\u00ed sprchov\u00e9 r\u016f\u017eice a nechte ji podtrhnout elegantn\u00ed rysy\u00a0sprchov\u00e9 baterie,\u00a0vanov\u00e9 baterie\u00a0z na\u0161\u00ed bohat\u00e9 nab\u00eddky. Pro pohodln\u00e9 pou\u017eit\u00ed a V\u00e1\u0161 maxim\u00e1ln\u00ed komfort m\u00e1me v na\u0161\u00ed nab\u00eddce\u00a0dr\u017e\u00e1ky sprchov\u00fdch r\u016f\u017eic. \u00a0 P\u0159ednosti sprchov\u00e9\u00a0r\u016f\u017eice\u00a0p\u011btipolohov\u00e1\u00a0RUBINETA OXY: P\u011bt druh\u016f\u00a0proudu [&hellip;]\" \/>\n<meta property=\"og:url\" content=\"https:\/\/www.domkraftpro.com\/index.php\/produkt\/doprava-zdarma-sprchova-ruzice-oxy-50922\/\" \/>\n<meta property=\"og:image\" content=\"https:\/\/www.domkraftpro.com\/wp-content\/uploads\/2026\/SK0008605-CZ20260425-092556-0-1777080363-823347_sprchova-ruzice-oxy.webp\" \/>\n\t<meta property=\"og:image:width\" content=\"1000\" \/>\n\t<meta property=\"og:image:height\" content=\"750\" \/>\n\t<meta property=\"og:image:type\" content=\"image\/webp\" \/>\n<meta name=\"twitter:card\" content=\"summary_large_image\" \/>\n<meta name=\"twitter:label1\" content=\"Odhadovan\u00e1 doba \u010dten\u00ed\" \/>\n\t<meta name=\"twitter:data1\" content=\"1 minuta\" \/>\n<script type=\"application\/ld+json\" class=\"yoast-schema-graph\">{\"@context\":\"https:\/\/schema.org\",\"@graph\":[{\"@type\":\"WebPage\",\"@id\":\"https:\/\/www.domkraftpro.com\/index.php\/produkt\/doprava-zdarma-sprchova-ruzice-oxy-50922\/\",\"url\":\"https:\/\/www.domkraftpro.com\/index.php\/produkt\/doprava-zdarma-sprchova-ruzice-oxy-50922\/\",\"name\":\"Doprava Zdarma Sprchov\u00e1 r\u016f\u017eice OXY -\",\"isPartOf\":{\"@id\":\"https:\/\/www.domkraftpro.com\/#website\"},\"primaryImageOfPage\":{\"@id\":\"https:\/\/www.domkraftpro.com\/index.php\/produkt\/doprava-zdarma-sprchova-ruzice-oxy-50922\/#primaryimage\"},\"image\":{\"@id\":\"https:\/\/www.domkraftpro.com\/index.php\/produkt\/doprava-zdarma-sprchova-ruzice-oxy-50922\/#primaryimage\"},\"thumbnailUrl\":\"https:\/\/www.domkraftpro.com\/wp-content\/uploads\/2026\/SK0008605-CZ20260425-092556-0-1777080363-823347_sprchova-ruzice-oxy.webp\",\"datePublished\":\"2026-04-27T04:42:41+00:00\",\"breadcrumb\":{\"@id\":\"https:\/\/www.domkraftpro.com\/index.php\/produkt\/doprava-zdarma-sprchova-ruzice-oxy-50922\/#breadcrumb\"},\"inLanguage\":\"cs\",\"potentialAction\":[{\"@type\":\"ReadAction\",\"target\":[\"https:\/\/www.domkraftpro.com\/index.php\/produkt\/doprava-zdarma-sprchova-ruzice-oxy-50922\/\"]}]},{\"@type\":\"ImageObject\",\"inLanguage\":\"cs\",\"@id\":\"https:\/\/www.domkraftpro.com\/index.php\/produkt\/doprava-zdarma-sprchova-ruzice-oxy-50922\/#primaryimage\",\"url\":\"https:\/\/www.domkraftpro.com\/wp-content\/uploads\/2026\/SK0008605-CZ20260425-092556-0-1777080363-823347_sprchova-ruzice-oxy.webp\",\"contentUrl\":\"https:\/\/www.domkraftpro.com\/wp-content\/uploads\/2026\/SK0008605-CZ20260425-092556-0-1777080363-823347_sprchova-ruzice-oxy.webp\",\"width\":1000,\"height\":750},{\"@type\":\"BreadcrumbList\",\"@id\":\"https:\/\/www.domkraftpro.com\/index.php\/produkt\/doprava-zdarma-sprchova-ruzice-oxy-50922\/#breadcrumb\",\"itemListElement\":[{\"@type\":\"ListItem\",\"position\":1,\"name\":\"Home\",\"item\":\"https:\/\/www.domkraftpro.com\/\"},{\"@type\":\"ListItem\",\"position\":2,\"name\":\"Products\",\"item\":\"https:\/\/www.domkraftpro.com\/index.php\/products\/\"},{\"@type\":\"ListItem\",\"position\":3,\"name\":\"Doprava Zdarma Sprchov\u00e1 r\u016f\u017eice OXY\"}]},{\"@type\":\"WebSite\",\"@id\":\"https:\/\/www.domkraftpro.com\/#website\",\"url\":\"https:\/\/www.domkraftpro.com\/\",\"name\":\"\",\"description\":\"\",\"potentialAction\":[{\"@type\":\"SearchAction\",\"target\":{\"@type\":\"EntryPoint\",\"urlTemplate\":\"https:\/\/www.domkraftpro.com\/?s={search_term_string}\"},\"query-input\":{\"@type\":\"PropertyValueSpecification\",\"valueRequired\":true,\"valueName\":\"search_term_string\"}}],\"inLanguage\":\"cs\"}]}<\/script>\n<!-- \/ Yoast SEO plugin. -->","yoast_head_json":{"title":"Doprava Zdarma Sprchov\u00e1 r\u016f\u017eice OXY -","robots":{"index":"index","follow":"follow","max-snippet":"max-snippet:-1","max-image-preview":"max-image-preview:large","max-video-preview":"max-video-preview:-1"},"canonical":"https:\/\/www.domkraftpro.com\/index.php\/produkt\/doprava-zdarma-sprchova-ruzice-oxy-50922\/","og_locale":"cs_CZ","og_type":"article","og_title":"Doprava Zdarma Sprchov\u00e1 r\u016f\u017eice OXY -","og_description":"Detailn\u00ed popis produktu Sprchov\u00e1 r\u016f\u017eice p\u011btipolohov\u00e1\u00a0\u00a0RUBINETA OXY\u00a0vynik\u00e1 vysoce kvalitn\u00edm zpracov\u00e1n\u00edm a spolehlivou funk\u010dnost\u00ed v\u0161ech sou\u010d\u00e1st\u00ed a materi\u00e1l\u016f.\u00a0 Zv\u00fdrazn\u011bte modern\u00ed design va\u0161\u00ed koupelny pomoc\u00ed sprchov\u00e9 r\u016f\u017eice a nechte ji podtrhnout elegantn\u00ed rysy\u00a0sprchov\u00e9 baterie,\u00a0vanov\u00e9 baterie\u00a0z na\u0161\u00ed bohat\u00e9 nab\u00eddky. Pro pohodln\u00e9 pou\u017eit\u00ed a V\u00e1\u0161 maxim\u00e1ln\u00ed komfort m\u00e1me v na\u0161\u00ed nab\u00eddce\u00a0dr\u017e\u00e1ky sprchov\u00fdch r\u016f\u017eic. \u00a0 P\u0159ednosti sprchov\u00e9\u00a0r\u016f\u017eice\u00a0p\u011btipolohov\u00e1\u00a0RUBINETA OXY: P\u011bt druh\u016f\u00a0proudu [&hellip;]","og_url":"https:\/\/www.domkraftpro.com\/index.php\/produkt\/doprava-zdarma-sprchova-ruzice-oxy-50922\/","og_image":[{"width":1000,"height":750,"url":"https:\/\/www.domkraftpro.com\/wp-content\/uploads\/2026\/SK0008605-CZ20260425-092556-0-1777080363-823347_sprchova-ruzice-oxy.webp","type":"image\/webp"}],"twitter_card":"summary_large_image","twitter_misc":{"Odhadovan\u00e1 doba \u010dten\u00ed":"1 minuta"},"schema":{"@context":"https:\/\/schema.org","@graph":[{"@type":"WebPage","@id":"https:\/\/www.domkraftpro.com\/index.php\/produkt\/doprava-zdarma-sprchova-ruzice-oxy-50922\/","url":"https:\/\/www.domkraftpro.com\/index.php\/produkt\/doprava-zdarma-sprchova-ruzice-oxy-50922\/","name":"Doprava Zdarma Sprchov\u00e1 r\u016f\u017eice OXY -","isPartOf":{"@id":"https:\/\/www.domkraftpro.com\/#website"},"primaryImageOfPage":{"@id":"https:\/\/www.domkraftpro.com\/index.php\/produkt\/doprava-zdarma-sprchova-ruzice-oxy-50922\/#primaryimage"},"image":{"@id":"https:\/\/www.domkraftpro.com\/index.php\/produkt\/doprava-zdarma-sprchova-ruzice-oxy-50922\/#primaryimage"},"thumbnailUrl":"https:\/\/www.domkraftpro.com\/wp-content\/uploads\/2026\/SK0008605-CZ20260425-092556-0-1777080363-823347_sprchova-ruzice-oxy.webp","datePublished":"2026-04-27T04:42:41+00:00","breadcrumb":{"@id":"https:\/\/www.domkraftpro.com\/index.php\/produkt\/doprava-zdarma-sprchova-ruzice-oxy-50922\/#breadcrumb"},"inLanguage":"cs","potentialAction":[{"@type":"ReadAction","target":["https:\/\/www.domkraftpro.com\/index.php\/produkt\/doprava-zdarma-sprchova-ruzice-oxy-50922\/"]}]},{"@type":"ImageObject","inLanguage":"cs","@id":"https:\/\/www.domkraftpro.com\/index.php\/produkt\/doprava-zdarma-sprchova-ruzice-oxy-50922\/#primaryimage","url":"https:\/\/www.domkraftpro.com\/wp-content\/uploads\/2026\/SK0008605-CZ20260425-092556-0-1777080363-823347_sprchova-ruzice-oxy.webp","contentUrl":"https:\/\/www.domkraftpro.com\/wp-content\/uploads\/2026\/SK0008605-CZ20260425-092556-0-1777080363-823347_sprchova-ruzice-oxy.webp","width":1000,"height":750},{"@type":"BreadcrumbList","@id":"https:\/\/www.domkraftpro.com\/index.php\/produkt\/doprava-zdarma-sprchova-ruzice-oxy-50922\/#breadcrumb","itemListElement":[{"@type":"ListItem","position":1,"name":"Home","item":"https:\/\/www.domkraftpro.com\/"},{"@type":"ListItem","position":2,"name":"Products","item":"https:\/\/www.domkraftpro.com\/index.php\/products\/"},{"@type":"ListItem","position":3,"name":"Doprava Zdarma Sprchov\u00e1 r\u016f\u017eice OXY"}]},{"@type":"WebSite","@id":"https:\/\/www.domkraftpro.com\/#website","url":"https:\/\/www.domkraftpro.com\/","name":"","description":"","potentialAction":[{"@type":"SearchAction","target":{"@type":"EntryPoint","urlTemplate":"https:\/\/www.domkraftpro.com\/?s={search_term_string}"},"query-input":{"@type":"PropertyValueSpecification","valueRequired":true,"valueName":"search_term_string"}}],"inLanguage":"cs"}]}},"_links":{"self":[{"href":"https:\/\/www.domkraftpro.com\/index.php\/wp-json\/wp\/v2\/product\/50922","targetHints":{"allow":["GET"]}}],"collection":[{"href":"https:\/\/www.domkraftpro.com\/index.php\/wp-json\/wp\/v2\/product"}],"about":[{"href":"https:\/\/www.domkraftpro.com\/index.php\/wp-json\/wp\/v2\/types\/product"}],"replies":[{"embeddable":true,"href":"https:\/\/www.domkraftpro.com\/index.php\/wp-json\/wp\/v2\/comments?post=50922"}],"wp:featuredmedia":[{"embeddable":true,"href":"https:\/\/www.domkraftpro.com\/index.php\/wp-json\/wp\/v2\/media\/51022"}],"wp:attachment":[{"href":"https:\/\/www.domkraftpro.com\/index.php\/wp-json\/wp\/v2\/media?parent=50922"}],"wp:term":[{"taxonomy":"product_brand","embeddable":true,"href":"https:\/\/www.domkraftpro.com\/index.php\/wp-json\/wp\/v2\/product_brand?post=50922"},{"taxonomy":"product_cat","embeddable":true,"href":"https:\/\/www.domkraftpro.com\/index.php\/wp-json\/wp\/v2\/product_cat?post=50922"},{"taxonomy":"product_tag","embeddable":true,"href":"https:\/\/www.domkraftpro.com\/index.php\/wp-json\/wp\/v2\/product_tag?post=50922"}],"curies":[{"name":"wp","href":"https:\/\/api.w.org\/{rel}","templated":true}]}}