{"id":50897,"date":"2026-04-27T04:42:41","date_gmt":"2026-04-27T04:42:41","guid":{"rendered":""},"modified":"2026-04-27T04:42:41","modified_gmt":"2026-04-27T04:42:41","slug":"znackovy-umyvadlova-vysoka-baterie-modena-18d-50897","status":"publish","type":"product","link":"https:\/\/www.domkraftpro.com\/index.php\/produkt\/znackovy-umyvadlova-vysoka-baterie-modena-18d-50897\/","title":{"rendered":"Zna\u010dkov\u00fd Umyvadlov\u00e1 vysok\u00e1 baterie MODENA-18D"},"content":{"rendered":"<div class=\"basic-description\">\n<h3>Detailn\u00ed popis produktu<\/h3>\n<p>                                    <html><body><\/p>\n<p><strong>Vodovodn\u00ed baterie MODENA<\/strong>, sv\u011b\u017e\u00ed design pro modern\u00ed prostory koupelen. Jednoduch\u00e9 tvary t\u011bchto bateri\u00ed do koupelny si zamilujete na prvn\u00ed pohled. <strong>Umyvadlov\u00e9 baterie<\/strong> jsou vyrobeny z prvot\u0159\u00eddn\u00ed mosazi, kter\u00e1 je povrchov\u011b pochromov\u00e1na. Dlouhou \u017eivotnost zaji\u0161\u0165uje keramick\u00e1 kartu\u0161e.\u00a0<\/p>\n<p><strong>RubiBrass<\/strong>\u00a0 je patentovan\u00e1 a speci\u00e1ln\u011b slo\u017een\u00e1 slitina mosazi. Tato odoln\u00e1 slitina mosazi\u00a0<strong>je bezpe\u010dn\u00e1 pro lidsk\u00e9 zdrav\u00ed a \u017eivotn\u00ed prost\u0159ed\u00ed<\/strong>.\u00a0<strong>RubiBrass\u00a0<\/strong>\u00a0m\u00e1 m\u00e9n\u011b olova a dal\u0161\u00edch nepot\u0159ebn\u00fdch slou\u010denin, kter\u00e9 mohou reagovat s pitnou vodou.<\/p>\n<p><strong>SolidChrom<\/strong>\u00a0 je odoln\u00fd a dlouhotrvaj\u00edc\u00ed chromov\u00fd povlak nejvy\u0161\u0161\u00ed kvality. Tento chromov\u00fd povlak odoln\u00fd proti od\u011bru (<strong>20-25 mikron\u016f<\/strong>) bude nejen z\u00e1\u0159it ve va\u0161\u00ed koupeln\u011b po mnoho let, ale bude t\u011b\u017eit tak\u00e9 z repelentn\u00edch vlastnost\u00ed proti bakteri\u00edm.<\/p>\n<p><strong>Cartridge\u00a0 CITEC<\/strong>\u00a0Rubineta\u00a0 (\u0160pan\u011blsko). Spolehliv\u00fd a dlouho vydr\u017e\u00ed. Standardn\u00ed kazeta \u2013 35 mm.<\/p>\n<p>Perl\u00e1tor Neoperl\u00a0 : n\u00edzk\u00e1 hlu\u010dnost, del\u0161\u00ed \u017eivotnost, perfektn\u00ed kvalita pr\u016ftoku vody, zlep\u0161en\u00e1 odolnost proti v\u00e1pn\u011bn\u00ed. Neoperl\u00a0 je p\u0159edn\u00ed sv\u011btov\u00fd v\u00fdrobce perl\u00e1tor\u016f se s\u00eddlem v N\u011bmecku.<\/p>\n<p>Sada obsahuje flexibiln\u00ed 60 cm hadice\u00a0 Fliesser z polyesteru s vnit\u0159n\u00ed du\u0161\u00ed z PeX. Vyrobeno podle nejnov\u011bj\u0161\u00ed evropsk\u00e9 normy EN 13618: 2016.<\/p>\n<p><strong>Umyvadlov\u00e1 baterie MODENA-18D:\u00a0<\/strong><\/p>\n<ul>\n<li>Z\u00e1ruka 5 let<\/li>\n<li>35 mm keramick\u00e1 kartu\u0161e<\/li>\n<li>Odpov\u00edd\u00e1 evropsk\u00fdm p\u0159edpis\u016fm EN817<\/li>\n<li>V\u0161echny v\u00fdrobky jsou 100% testov\u00e1ny<\/li>\n<\/ul>\n<p><\/body><\/html>                            <\/div>\n<div class=\"extended-description\">\n<h3>Dopl\u0148kov\u00e9 parametry<\/h3>\n<table class=\"detail-parameters\">\n<tbody>\n<tr>\n<th>        <span class=\"row-header-label\">            Kategorie<span class=\"row-header-label-colon\">:<\/span>        <\/span>    <\/th>\n<td>            <\/td>\n<\/tr>\n<tr>\n<th>            <span class=\"row-header-label\">                Z\u00e1ruka<span class=\"row-header-label-colon\">:<\/span>            <\/span>        <\/th>\n<td>            5 let t\u011blo baterie        <\/td>\n<\/tr>\n<tr>\n<th>            <span class=\"row-header-label\">                Hmotnost<span class=\"row-header-label-colon\">:<\/span>            <\/span>        <\/th>\n<td>            2.41 kg        <\/td>\n<\/tr>\n<tr class=\"productEan\">\n<th>          <span class=\"row-header-label productEan__label\">              EAN<span class=\"row-header-label-colon\">:<\/span>          <\/span>      <\/th>\n<td>          <span class=\"productEan__value\">4772034006247<\/span>      <\/td>\n<\/tr>\n<tr>\n<th>                <span class=\"row-header-label\">                                            Barva<span class=\"row-header-label-colon\">:<\/span>                                    <\/span>            <\/th>\n<td>                                                            Chrom                                                <\/td>\n<\/tr>\n<tr>\n<th>                <span class=\"row-header-label\">                                            Katalog<span class=\"row-header-label-colon\">:<\/span>                                    <\/span>            <\/th>\n<td>                                                            Olsen-Spa                                                <\/td>\n<\/tr>\n<tr>\n<th>                <span class=\"row-header-label\">                                            Materi\u00e1l<span class=\"row-header-label-colon\">:<\/span>                                    <\/span>            <\/th>\n<td>                                                            Mosaz                                                <\/td>\n<\/tr>\n<tr>\n<th>                <span class=\"row-header-label\">                                            Ovl\u00e1d\u00e1n\u00ed baterie<span class=\"row-header-label-colon\">:<\/span>                                    <\/span>            <\/th>\n<td>                                                            P\u00e1kov\u00e9                                                <\/td>\n<\/tr>\n<tr>\n<th>                <span class=\"row-header-label\">                                            S\u00e9rie<span class=\"row-header-label-colon\">:<\/span>                                    <\/span>            <\/th>\n<td>                                                            MODENA                                                <\/td>\n<\/tr>\n<tr>\n<th>                <span class=\"row-header-label\">                                            Skupina artiklu<span class=\"row-header-label-colon\">:<\/span>                                    <\/span>            <\/th>\n<td>                                                            S23BR                                                <\/td>\n<\/tr>\n<tr>\n<th>                <span class=\"row-header-label\">                                            Top Produkt<span class=\"row-header-label-colon\">:<\/span>                                    <\/span>            <\/th>\n<td>                                                            Ano                                                <\/td>\n<\/tr>\n<tr>\n<th>                <span class=\"row-header-label\">                                            Typ<span class=\"row-header-label-colon\">:<\/span>                                    <\/span>            <\/th>\n<td>                                                            Baterie bez p\u0159\u00edslu\u0161enstv\u00ed                                                <\/td>\n<\/tr>\n<tr>\n<th>                <span class=\"row-header-label\">                                            Um\u00edst\u011bn\u00ed baterie<span class=\"row-header-label-colon\">:<\/span>                                    <\/span>            <\/th>\n<td>                                                            Stoj\u00e1nkov\u00e9                                                <\/td>\n<\/tr>\n<tr>\n<th>                <span class=\"row-header-label\">                                            Vyu\u017eit\u00ed baterie<span class=\"row-header-label-colon\">:<\/span>                                    <\/span>            <\/th>\n<td>                                                            Koupelnov\u00e9                                                <\/td>\n<\/tr>\n<tr>\n<th>                <span class=\"row-header-label\">                                            Z\u00e1ruka<span class=\"row-header-label-colon\">:<\/span>                                    <\/span>            <\/th>\n<td>                                                            5 let t\u011blo baterie                                                <\/td>\n<\/tr>\n<\/tbody>\n<\/table><\/div>\n<\/p><\/div>\n<\/p><\/div>\n","protected":false},"excerpt":{"rendered":"<p>Detailn\u00ed popis produktu Vodovodn\u00ed baterie MODENA, sv\u011b\u017e\u00ed design pro modern\u00ed prostory koupelen. Jednoduch\u00e9 tvary t\u011bchto bateri\u00ed do koupelny si zamilujete na prvn\u00ed pohled. Umyvadlov\u00e9 baterie jsou vyrobeny z prvot\u0159\u00eddn\u00ed mosazi, kter\u00e1 je povrchov\u011b pochromov\u00e1na. Dlouhou \u017eivotnost zaji\u0161\u0165uje keramick\u00e1 kartu\u0161e.\u00a0 RubiBrass\u00a0 je patentovan\u00e1 a speci\u00e1ln\u011b slo\u017een\u00e1 slitina mosazi. Tato odoln\u00e1 slitina mosazi\u00a0je bezpe\u010dn\u00e1 pro lidsk\u00e9 zdrav\u00ed [&hellip;]<\/p>\n","protected":false},"featured_media":50997,"comment_status":"open","ping_status":"open","template":"","meta":[],"product_brand":[],"product_cat":[75],"product_tag":[],"class_list":{"0":"post-50897","1":"product","2":"type-product","3":"status-publish","4":"has-post-thumbnail","6":"product_cat-vodovodni-baterie","8":"first","9":"instock","10":"sale","11":"shipping-taxable","12":"purchasable","13":"product-type-simple"},"yoast_head":"<!-- This site is optimized with the Yoast SEO plugin v26.8 - https:\/\/yoast.com\/product\/yoast-seo-wordpress\/ -->\n<title>Zna\u010dkov\u00fd Umyvadlov\u00e1 vysok\u00e1 baterie MODENA-18D -<\/title>\n<meta name=\"robots\" content=\"index, follow, max-snippet:-1, max-image-preview:large, max-video-preview:-1\" \/>\n<link rel=\"canonical\" href=\"https:\/\/www.domkraftpro.com\/index.php\/produkt\/znackovy-umyvadlova-vysoka-baterie-modena-18d-50897\/\" \/>\n<meta property=\"og:locale\" content=\"cs_CZ\" \/>\n<meta property=\"og:type\" content=\"article\" \/>\n<meta property=\"og:title\" content=\"Zna\u010dkov\u00fd Umyvadlov\u00e1 vysok\u00e1 baterie MODENA-18D -\" \/>\n<meta property=\"og:description\" content=\"Detailn\u00ed popis produktu Vodovodn\u00ed baterie MODENA, sv\u011b\u017e\u00ed design pro modern\u00ed prostory koupelen. Jednoduch\u00e9 tvary t\u011bchto bateri\u00ed do koupelny si zamilujete na prvn\u00ed pohled. Umyvadlov\u00e9 baterie jsou vyrobeny z prvot\u0159\u00eddn\u00ed mosazi, kter\u00e1 je povrchov\u011b pochromov\u00e1na. Dlouhou \u017eivotnost zaji\u0161\u0165uje keramick\u00e1 kartu\u0161e.\u00a0 RubiBrass\u00a0 je patentovan\u00e1 a speci\u00e1ln\u011b slo\u017een\u00e1 slitina mosazi. Tato odoln\u00e1 slitina mosazi\u00a0je bezpe\u010dn\u00e1 pro lidsk\u00e9 zdrav\u00ed [&hellip;]\" \/>\n<meta property=\"og:url\" content=\"https:\/\/www.domkraftpro.com\/index.php\/produkt\/znackovy-umyvadlova-vysoka-baterie-modena-18d-50897\/\" \/>\n<meta property=\"og:image\" content=\"https:\/\/www.domkraftpro.com\/wp-content\/uploads\/2026\/SK0008580-CZ20260425-092556-0-1777080363-823245_umyvadlova-vysoka-baterie-modena-18d.webp\" \/>\n\t<meta property=\"og:image:width\" content=\"1000\" \/>\n\t<meta property=\"og:image:height\" content=\"750\" \/>\n\t<meta property=\"og:image:type\" content=\"image\/webp\" \/>\n<meta name=\"twitter:card\" content=\"summary_large_image\" \/>\n<meta name=\"twitter:label1\" content=\"Odhadovan\u00e1 doba \u010dten\u00ed\" \/>\n\t<meta name=\"twitter:data1\" content=\"1 minuta\" \/>\n<script type=\"application\/ld+json\" class=\"yoast-schema-graph\">{\"@context\":\"https:\/\/schema.org\",\"@graph\":[{\"@type\":\"WebPage\",\"@id\":\"https:\/\/www.domkraftpro.com\/index.php\/produkt\/znackovy-umyvadlova-vysoka-baterie-modena-18d-50897\/\",\"url\":\"https:\/\/www.domkraftpro.com\/index.php\/produkt\/znackovy-umyvadlova-vysoka-baterie-modena-18d-50897\/\",\"name\":\"Zna\u010dkov\u00fd Umyvadlov\u00e1 vysok\u00e1 baterie MODENA-18D -\",\"isPartOf\":{\"@id\":\"https:\/\/www.domkraftpro.com\/#website\"},\"primaryImageOfPage\":{\"@id\":\"https:\/\/www.domkraftpro.com\/index.php\/produkt\/znackovy-umyvadlova-vysoka-baterie-modena-18d-50897\/#primaryimage\"},\"image\":{\"@id\":\"https:\/\/www.domkraftpro.com\/index.php\/produkt\/znackovy-umyvadlova-vysoka-baterie-modena-18d-50897\/#primaryimage\"},\"thumbnailUrl\":\"https:\/\/www.domkraftpro.com\/wp-content\/uploads\/2026\/SK0008580-CZ20260425-092556-0-1777080363-823245_umyvadlova-vysoka-baterie-modena-18d.webp\",\"datePublished\":\"2026-04-27T04:42:41+00:00\",\"breadcrumb\":{\"@id\":\"https:\/\/www.domkraftpro.com\/index.php\/produkt\/znackovy-umyvadlova-vysoka-baterie-modena-18d-50897\/#breadcrumb\"},\"inLanguage\":\"cs\",\"potentialAction\":[{\"@type\":\"ReadAction\",\"target\":[\"https:\/\/www.domkraftpro.com\/index.php\/produkt\/znackovy-umyvadlova-vysoka-baterie-modena-18d-50897\/\"]}]},{\"@type\":\"ImageObject\",\"inLanguage\":\"cs\",\"@id\":\"https:\/\/www.domkraftpro.com\/index.php\/produkt\/znackovy-umyvadlova-vysoka-baterie-modena-18d-50897\/#primaryimage\",\"url\":\"https:\/\/www.domkraftpro.com\/wp-content\/uploads\/2026\/SK0008580-CZ20260425-092556-0-1777080363-823245_umyvadlova-vysoka-baterie-modena-18d.webp\",\"contentUrl\":\"https:\/\/www.domkraftpro.com\/wp-content\/uploads\/2026\/SK0008580-CZ20260425-092556-0-1777080363-823245_umyvadlova-vysoka-baterie-modena-18d.webp\",\"width\":1000,\"height\":750},{\"@type\":\"BreadcrumbList\",\"@id\":\"https:\/\/www.domkraftpro.com\/index.php\/produkt\/znackovy-umyvadlova-vysoka-baterie-modena-18d-50897\/#breadcrumb\",\"itemListElement\":[{\"@type\":\"ListItem\",\"position\":1,\"name\":\"Home\",\"item\":\"https:\/\/www.domkraftpro.com\/\"},{\"@type\":\"ListItem\",\"position\":2,\"name\":\"Products\",\"item\":\"https:\/\/www.domkraftpro.com\/index.php\/products\/\"},{\"@type\":\"ListItem\",\"position\":3,\"name\":\"Zna\u010dkov\u00fd Umyvadlov\u00e1 vysok\u00e1 baterie MODENA-18D\"}]},{\"@type\":\"WebSite\",\"@id\":\"https:\/\/www.domkraftpro.com\/#website\",\"url\":\"https:\/\/www.domkraftpro.com\/\",\"name\":\"\",\"description\":\"\",\"potentialAction\":[{\"@type\":\"SearchAction\",\"target\":{\"@type\":\"EntryPoint\",\"urlTemplate\":\"https:\/\/www.domkraftpro.com\/?s={search_term_string}\"},\"query-input\":{\"@type\":\"PropertyValueSpecification\",\"valueRequired\":true,\"valueName\":\"search_term_string\"}}],\"inLanguage\":\"cs\"}]}<\/script>\n<!-- \/ Yoast SEO plugin. -->","yoast_head_json":{"title":"Zna\u010dkov\u00fd Umyvadlov\u00e1 vysok\u00e1 baterie MODENA-18D -","robots":{"index":"index","follow":"follow","max-snippet":"max-snippet:-1","max-image-preview":"max-image-preview:large","max-video-preview":"max-video-preview:-1"},"canonical":"https:\/\/www.domkraftpro.com\/index.php\/produkt\/znackovy-umyvadlova-vysoka-baterie-modena-18d-50897\/","og_locale":"cs_CZ","og_type":"article","og_title":"Zna\u010dkov\u00fd Umyvadlov\u00e1 vysok\u00e1 baterie MODENA-18D -","og_description":"Detailn\u00ed popis produktu Vodovodn\u00ed baterie MODENA, sv\u011b\u017e\u00ed design pro modern\u00ed prostory koupelen. Jednoduch\u00e9 tvary t\u011bchto bateri\u00ed do koupelny si zamilujete na prvn\u00ed pohled. Umyvadlov\u00e9 baterie jsou vyrobeny z prvot\u0159\u00eddn\u00ed mosazi, kter\u00e1 je povrchov\u011b pochromov\u00e1na. Dlouhou \u017eivotnost zaji\u0161\u0165uje keramick\u00e1 kartu\u0161e.\u00a0 RubiBrass\u00a0 je patentovan\u00e1 a speci\u00e1ln\u011b slo\u017een\u00e1 slitina mosazi. Tato odoln\u00e1 slitina mosazi\u00a0je bezpe\u010dn\u00e1 pro lidsk\u00e9 zdrav\u00ed [&hellip;]","og_url":"https:\/\/www.domkraftpro.com\/index.php\/produkt\/znackovy-umyvadlova-vysoka-baterie-modena-18d-50897\/","og_image":[{"width":1000,"height":750,"url":"https:\/\/www.domkraftpro.com\/wp-content\/uploads\/2026\/SK0008580-CZ20260425-092556-0-1777080363-823245_umyvadlova-vysoka-baterie-modena-18d.webp","type":"image\/webp"}],"twitter_card":"summary_large_image","twitter_misc":{"Odhadovan\u00e1 doba \u010dten\u00ed":"1 minuta"},"schema":{"@context":"https:\/\/schema.org","@graph":[{"@type":"WebPage","@id":"https:\/\/www.domkraftpro.com\/index.php\/produkt\/znackovy-umyvadlova-vysoka-baterie-modena-18d-50897\/","url":"https:\/\/www.domkraftpro.com\/index.php\/produkt\/znackovy-umyvadlova-vysoka-baterie-modena-18d-50897\/","name":"Zna\u010dkov\u00fd Umyvadlov\u00e1 vysok\u00e1 baterie MODENA-18D -","isPartOf":{"@id":"https:\/\/www.domkraftpro.com\/#website"},"primaryImageOfPage":{"@id":"https:\/\/www.domkraftpro.com\/index.php\/produkt\/znackovy-umyvadlova-vysoka-baterie-modena-18d-50897\/#primaryimage"},"image":{"@id":"https:\/\/www.domkraftpro.com\/index.php\/produkt\/znackovy-umyvadlova-vysoka-baterie-modena-18d-50897\/#primaryimage"},"thumbnailUrl":"https:\/\/www.domkraftpro.com\/wp-content\/uploads\/2026\/SK0008580-CZ20260425-092556-0-1777080363-823245_umyvadlova-vysoka-baterie-modena-18d.webp","datePublished":"2026-04-27T04:42:41+00:00","breadcrumb":{"@id":"https:\/\/www.domkraftpro.com\/index.php\/produkt\/znackovy-umyvadlova-vysoka-baterie-modena-18d-50897\/#breadcrumb"},"inLanguage":"cs","potentialAction":[{"@type":"ReadAction","target":["https:\/\/www.domkraftpro.com\/index.php\/produkt\/znackovy-umyvadlova-vysoka-baterie-modena-18d-50897\/"]}]},{"@type":"ImageObject","inLanguage":"cs","@id":"https:\/\/www.domkraftpro.com\/index.php\/produkt\/znackovy-umyvadlova-vysoka-baterie-modena-18d-50897\/#primaryimage","url":"https:\/\/www.domkraftpro.com\/wp-content\/uploads\/2026\/SK0008580-CZ20260425-092556-0-1777080363-823245_umyvadlova-vysoka-baterie-modena-18d.webp","contentUrl":"https:\/\/www.domkraftpro.com\/wp-content\/uploads\/2026\/SK0008580-CZ20260425-092556-0-1777080363-823245_umyvadlova-vysoka-baterie-modena-18d.webp","width":1000,"height":750},{"@type":"BreadcrumbList","@id":"https:\/\/www.domkraftpro.com\/index.php\/produkt\/znackovy-umyvadlova-vysoka-baterie-modena-18d-50897\/#breadcrumb","itemListElement":[{"@type":"ListItem","position":1,"name":"Home","item":"https:\/\/www.domkraftpro.com\/"},{"@type":"ListItem","position":2,"name":"Products","item":"https:\/\/www.domkraftpro.com\/index.php\/products\/"},{"@type":"ListItem","position":3,"name":"Zna\u010dkov\u00fd Umyvadlov\u00e1 vysok\u00e1 baterie MODENA-18D"}]},{"@type":"WebSite","@id":"https:\/\/www.domkraftpro.com\/#website","url":"https:\/\/www.domkraftpro.com\/","name":"","description":"","potentialAction":[{"@type":"SearchAction","target":{"@type":"EntryPoint","urlTemplate":"https:\/\/www.domkraftpro.com\/?s={search_term_string}"},"query-input":{"@type":"PropertyValueSpecification","valueRequired":true,"valueName":"search_term_string"}}],"inLanguage":"cs"}]}},"_links":{"self":[{"href":"https:\/\/www.domkraftpro.com\/index.php\/wp-json\/wp\/v2\/product\/50897","targetHints":{"allow":["GET"]}}],"collection":[{"href":"https:\/\/www.domkraftpro.com\/index.php\/wp-json\/wp\/v2\/product"}],"about":[{"href":"https:\/\/www.domkraftpro.com\/index.php\/wp-json\/wp\/v2\/types\/product"}],"replies":[{"embeddable":true,"href":"https:\/\/www.domkraftpro.com\/index.php\/wp-json\/wp\/v2\/comments?post=50897"}],"wp:featuredmedia":[{"embeddable":true,"href":"https:\/\/www.domkraftpro.com\/index.php\/wp-json\/wp\/v2\/media\/50997"}],"wp:attachment":[{"href":"https:\/\/www.domkraftpro.com\/index.php\/wp-json\/wp\/v2\/media?parent=50897"}],"wp:term":[{"taxonomy":"product_brand","embeddable":true,"href":"https:\/\/www.domkraftpro.com\/index.php\/wp-json\/wp\/v2\/product_brand?post=50897"},{"taxonomy":"product_cat","embeddable":true,"href":"https:\/\/www.domkraftpro.com\/index.php\/wp-json\/wp\/v2\/product_cat?post=50897"},{"taxonomy":"product_tag","embeddable":true,"href":"https:\/\/www.domkraftpro.com\/index.php\/wp-json\/wp\/v2\/product_tag?post=50897"}],"curies":[{"name":"wp","href":"https:\/\/api.w.org\/{rel}","templated":true}]}}