{"id":50773,"date":"2026-04-27T04:42:40","date_gmt":"2026-04-27T04:42:40","guid":{"rendered":""},"modified":"2026-04-27T04:42:40","modified_gmt":"2026-04-27T04:42:40","slug":"znackovy-sprchove-dvere-do-niky-smart-alaro-80-cm-univerzalni-leve-prave-grape-bezpecnostni-sklo-6-mm-chrom-lesteny-hlinik-alu-50773","status":"publish","type":"product","link":"https:\/\/www.domkraftpro.com\/index.php\/produkt\/znackovy-sprchove-dvere-do-niky-smart-alaro-80-cm-univerzalni-leve-prave-grape-bezpecnostni-sklo-6-mm-chrom-lesteny-hlinik-alu-50773\/","title":{"rendered":"Zna\u010dkov\u00fd Sprchov\u00e9 dve\u0159e do niky SMART &#8211; ALARO, 80 cm, Univerz\u00e1ln\u00ed Lev\u00e9 \/ Prav\u00e9, Grape bezpe\u010dnostn\u00ed sklo &#8211; 6 mm, Chrom\/Le\u0161t\u011bn\u00fd hlin\u00edk (ALU)"},"content":{"rendered":"<div class=\"basic-description\">\n<h3>Detailn\u00ed popis produktu<\/h3>\n<p><strong>Dve\u0159e jsou v univers\u00e1ln\u00edm lev\u00e9m \/ prav\u00e9m proveden\u00ed.<\/strong><\/p>\n<p>Mont\u00e1\u017e\u00a0<strong>sprchov\u00fdch dve\u0159\u00ed<\/strong>\u00a0je mo\u017en\u00e1 jak na vani\u010dku (standardn\u011b dod\u00e1v\u00e1no bez vani\u010dky) nebo p\u0159\u00edmo na podlahu. P\u0159i pou\u017eit\u00ed p\u0159\u00edmo na podlahu jsou velmi elegantn\u00edm \u0159e\u0161en\u00edm pro odvod vody podlahov\u00fd odtokov\u00fd \u017elab.\u00a0<\/p>\n<p>Pod\u00edvejte se na bohatou nab\u00eddku designov\u00fdch dopl\u0148k\u016f pro\u00a0tyto elegantn\u00ed\u00a0<strong>sprchov\u00e9 dve\u0159e<\/strong>. A zpest\u0159ete\u00a0design\u00a0nov\u00e9 modern\u00ed koupelny. Vyberte si z na\u0161\u00ed bohat\u00e9 nab\u00eddky,\u00a0sprchov\u00e9 baterie,\u00a0sprchov\u00e9 r\u016f\u017eice\u00a0a\u00a0dr\u017e\u00e1ky sprchov\u00fdch r\u016f\u017eic.\u00a0Sprchov\u00e9 poli\u010dky\u00a0a\u00a0koupelnov\u00e1 chemie\u00a0pro snadnou \u00fadr\u017ebu a po\u0159\u00e1dek v cel\u00e9 va\u0161\u00ed koupeln\u011b.\u00a0Vanov\u00e9 vodop\u00e1dy\u00a0posunou Va\u0161e sprchov\u00e1n\u00ed na zcela novou \u00farove\u0148 a stane se opravdov\u00fdm z\u00e1\u017eitkem.\u00a0<\/p>\n<p><strong><strong>Rozm\u011bry a parametry sprchov\u00e9ho koutu SMART<\/strong>\u00a0&#8211;\u00a0ALARO:<\/strong><\/p>\n<ul>\n<li>Barva hlin\u00edkov\u00e9ho r\u00e1mu:\u00a0<strong>chrom<\/strong><\/li>\n<li>Bezpe\u010dnostn\u00ed \u010dir\u00e9 \/ GRAPE (sklo 6 mm)<\/li>\n<li>Jako\u00a0<strong>madlo<\/strong>\u00a0slou\u017e\u00ed hlin\u00edkov\u00fd profil, kter\u00fd je na celou v\u00fd\u0161ku dve\u0159n\u00edho skla<\/li>\n<li><strong><strong>Mont\u00e1\u017en\u00ed rozm\u011br pro velikost 70 cm: 68,5 &#8211; 70,5 \u00d7 190 cm,\u00a0<\/strong><\/strong><strong>\u0161\u00ed\u0159ka vstupu 45 cm<\/strong><\/li>\n<li><strong>Mont\u00e1\u017en\u00ed rozm\u011br pro velikost 80 cm: 78,5 &#8211; 80,5\u00a0\u00d7 190 cm<strong><strong>,\u00a0<\/strong><\/strong><strong>\u0161\u00ed\u0159ka vstupu 55 cm<\/strong><\/strong><\/li>\n<li><strong>Mont\u00e1\u017en\u00ed rozm\u011br pro velikost 90 cm:\u00a088,5 &#8211; 90,5\u00a0\u00d7 190 cm<strong><strong>,\u00a0<\/strong><\/strong><strong>\u0161\u00ed\u0159ka vstupu 65 cm<\/strong><\/strong><\/li>\n<li><strong>Mont\u00e1\u017en\u00ed rozm\u011br pro velikost 100 cm: 98,5 &#8211; 100,5\u00a0\u00d7 190 cm<strong><strong>,\u00a0<\/strong><\/strong><strong>\u0161\u00ed\u0159ka vstupu 75 cm<\/strong><\/strong><\/li>\n<li><b>Univerz\u00e1ln\u00ed prav\u00e9 \/ lev\u00e9 proveden\u00ed<\/b><\/li>\n<\/ul>\n<h3><strong>Z\u00c1RUKA 2 ROKY<\/strong><\/h3>\n<\/p>\n<div id=\"gtx-trans\">\n<div class=\"gtx-trans-icon\"><\/div>\n<\/div><\/div>\n<div class=\"extended-description\">\n<h3>Dopl\u0148kov\u00e9 parametry<\/h3>\n<table class=\"detail-parameters\">\n<tbody>\n<tr>\n<th>        <span class=\"row-header-label\">            Kategorie<span class=\"row-header-label-colon\">:<\/span>        <\/span>    <\/th>\n<td>            <\/td>\n<\/tr>\n<tr>\n<th>            <span class=\"row-header-label\">                Z\u00e1ruka<span class=\"row-header-label-colon\">:<\/span>            <\/span>        <\/th>\n<td>            2 roky        <\/td>\n<\/tr>\n<tr>\n<th>            <span class=\"row-header-label\">                Hmotnost<span class=\"row-header-label-colon\">:<\/span>            <\/span>        <\/th>\n<td>            31 kg        <\/td>\n<\/tr>\n<tr class=\"productEan\">\n<th>          <span class=\"row-header-label productEan__label\">              EAN<span class=\"row-header-label-colon\">:<\/span>          <\/span>      <\/th>\n<td>          <span class=\"productEan__value\">8595141933079<\/span>      <\/td>\n<\/tr>\n<tr>\n<th>                <span class=\"row-header-label\">                                            Barva<span class=\"row-header-label-colon\">:<\/span>                                    <\/span>            <\/th>\n<td>                                                            Chrom                                                <\/td>\n<\/tr>\n<tr>\n<th>                <span class=\"row-header-label\">                                            BARVA r\u00e1mu<span class=\"row-header-label-colon\">:<\/span>                                    <\/span>            <\/th>\n<td>                                                            Chrom\/Le\u0161t\u011bn\u00fd hlin\u00edk (ALU)                                                <\/td>\n<\/tr>\n<tr>\n<th>                <span class=\"row-header-label\">                                            Bezbari\u00e9rov\u00e9<span class=\"row-header-label-colon\">:<\/span>                                    <\/span>            <\/th>\n<td>                                                            Ne                                                <\/td>\n<\/tr>\n<tr>\n<th>                <span class=\"row-header-label\">                                            Bezr\u00e1mov\u00e9<span class=\"row-header-label-colon\">:<\/span>                                    <\/span>            <\/th>\n<td>                                                            Ne                                                <\/td>\n<\/tr>\n<tr>\n<th>                <span class=\"row-header-label\">                                            Katalog<span class=\"row-header-label-colon\">:<\/span>                                    <\/span>            <\/th>\n<td>                                                            Olsen-Spa                                                <\/td>\n<\/tr>\n<tr>\n<th>                <span class=\"row-header-label\">                                            Materi\u00e1l<span class=\"row-header-label-colon\">:<\/span>                                    <\/span>            <\/th>\n<td>                                                            Hlin\u00edk                                                <\/td>\n<\/tr>\n<tr>\n<th>                <span class=\"row-header-label\">                                            Mont\u00e1\u017en\u00ed rozm\u011br<span class=\"row-header-label-colon\">:<\/span>                                    <\/span>            <\/th>\n<td>                                                            68,5 &#8211; 70,5 cm,78,5 &#8211; 80,5 cm,88,5 &#8211; 90,5 cm,98,5 &#8211; 100,5 cm                                                <\/td>\n<\/tr>\n<tr>\n<th>                <span class=\"row-header-label\">                                            Rozm\u011br A<span class=\"row-header-label-colon\">:<\/span>                                    <\/span>            <\/th>\n<td>                                                            90 cm,100 cm,70 cm,80 cm                                                <\/td>\n<\/tr>\n<tr>\n<th>                <span class=\"row-header-label\">                                            Rozm\u011br C<span class=\"row-header-label-colon\">:<\/span>                                    <\/span>            <\/th>\n<td>                                                            190 cm                                                <\/td>\n<\/tr>\n<tr>\n<th>                <span class=\"row-header-label\">                                            S\u00e9rie<span class=\"row-header-label-colon\">:<\/span>                                    <\/span>            <\/th>\n<td>                                                            SMART                                                <\/td>\n<\/tr>\n<tr>\n<th>                <span class=\"row-header-label\">                                            Skupina artiklu<span class=\"row-header-label-colon\">:<\/span>                                    <\/span>            <\/th>\n<td>                                                            S23B1                                                <\/td>\n<\/tr>\n<tr>\n<th>                <span class=\"row-header-label\">                                            Sm\u011br zav\u00edr\u00e1n\u00ed<span class=\"row-header-label-colon\">:<\/span>                                    <\/span>            <\/th>\n<td>                                                            Univerz\u00e1ln\u00ed Lev\u00e9 \/ Prav\u00e9                                                <\/td>\n<\/tr>\n<tr>\n<th>                <span class=\"row-header-label\">                                            \u0160\u00ed\u0159ka<span class=\"row-header-label-colon\">:<\/span>                                    <\/span>            <\/th>\n<td>                                                            80                                                <\/td>\n<\/tr>\n<tr>\n<th>                <span class=\"row-header-label\">                                            \u0160\u00ed\u0159ka vstupu<span class=\"row-header-label-colon\">:<\/span>                                    <\/span>            <\/th>\n<td>                                                            65 cm,75 cm,45 cm                                                <\/td>\n<\/tr>\n<tr>\n<th>                <span class=\"row-header-label\">                                            Top Produkt<span class=\"row-header-label-colon\">:<\/span>                                    <\/span>            <\/th>\n<td>                                                            Ano                                                <\/td>\n<\/tr>\n<tr>\n<th>                <span class=\"row-header-label\">                                            Typ otv\u00edr\u00e1n\u00ed<span class=\"row-header-label-colon\">:<\/span>                                    <\/span>            <\/th>\n<td>                                                            K\u0159\u00eddlov\u00e9                                                <\/td>\n<\/tr>\n<tr>\n<th>                <span class=\"row-header-label\">                                            V\u00fdpl\u0148<span class=\"row-header-label-colon\">:<\/span>                                    <\/span>            <\/th>\n<td>                                                            Grape bezpe\u010dnostn\u00ed sklo &#8211; 6 mm                                                <\/td>\n<\/tr>\n<tr>\n<th>                <span class=\"row-header-label\">                                            V\u00fdroba na m\u00edru<span class=\"row-header-label-colon\">:<\/span>                                    <\/span>            <\/th>\n<td>                                                            Ne                                                <\/td>\n<\/tr>\n<tr>\n<th>                <span class=\"row-header-label\">                                            Z\u00e1ruka<span class=\"row-header-label-colon\">:<\/span>                                    <\/span>            <\/th>\n<td>                                                            2 roky                                                <\/td>\n<\/tr>\n<\/tbody>\n<\/table><\/div>\n<\/p><\/div>\n<\/p><\/div>\n","protected":false},"excerpt":{"rendered":"<p>Detailn\u00ed popis produktu Dve\u0159e jsou v univers\u00e1ln\u00edm lev\u00e9m \/ prav\u00e9m proveden\u00ed. Mont\u00e1\u017e\u00a0sprchov\u00fdch dve\u0159\u00ed\u00a0je mo\u017en\u00e1 jak na vani\u010dku (standardn\u011b dod\u00e1v\u00e1no bez vani\u010dky) nebo p\u0159\u00edmo na podlahu. P\u0159i pou\u017eit\u00ed p\u0159\u00edmo na podlahu jsou velmi elegantn\u00edm \u0159e\u0161en\u00edm pro odvod vody podlahov\u00fd odtokov\u00fd \u017elab.\u00a0 Pod\u00edvejte se na bohatou nab\u00eddku designov\u00fdch dopl\u0148k\u016f pro\u00a0tyto elegantn\u00ed\u00a0sprchov\u00e9 dve\u0159e. A zpest\u0159ete\u00a0design\u00a0nov\u00e9 modern\u00ed koupelny. Vyberte [&hellip;]<\/p>\n","protected":false},"featured_media":50873,"comment_status":"open","ping_status":"open","template":"","meta":[],"product_brand":[],"product_cat":[67],"product_tag":[],"class_list":{"0":"post-50773","1":"product","2":"type-product","3":"status-publish","4":"has-post-thumbnail","6":"product_cat-sprchove-kouty","8":"first","9":"instock","10":"sale","11":"shipping-taxable","12":"purchasable","13":"product-type-simple"},"yoast_head":"<!-- This site is optimized with the Yoast SEO plugin v26.8 - https:\/\/yoast.com\/product\/yoast-seo-wordpress\/ -->\n<title>Zna\u010dkov\u00fd Sprchov\u00e9 dve\u0159e do niky SMART - ALARO, 80 cm, Univerz\u00e1ln\u00ed Lev\u00e9 \/ Prav\u00e9, Grape bezpe\u010dnostn\u00ed sklo - 6 mm, Chrom\/Le\u0161t\u011bn\u00fd hlin\u00edk (ALU) -<\/title>\n<meta name=\"robots\" content=\"index, follow, max-snippet:-1, max-image-preview:large, max-video-preview:-1\" \/>\n<link rel=\"canonical\" href=\"https:\/\/www.domkraftpro.com\/index.php\/produkt\/znackovy-sprchove-dvere-do-niky-smart-alaro-80-cm-univerzalni-leve-prave-grape-bezpecnostni-sklo-6-mm-chrom-lesteny-hlinik-alu-50773\/\" \/>\n<meta property=\"og:locale\" content=\"cs_CZ\" \/>\n<meta property=\"og:type\" content=\"article\" \/>\n<meta property=\"og:title\" content=\"Zna\u010dkov\u00fd Sprchov\u00e9 dve\u0159e do niky SMART - ALARO, 80 cm, Univerz\u00e1ln\u00ed Lev\u00e9 \/ Prav\u00e9, Grape bezpe\u010dnostn\u00ed sklo - 6 mm, Chrom\/Le\u0161t\u011bn\u00fd hlin\u00edk (ALU) -\" \/>\n<meta property=\"og:description\" content=\"Detailn\u00ed popis produktu Dve\u0159e jsou v univers\u00e1ln\u00edm lev\u00e9m \/ prav\u00e9m proveden\u00ed. Mont\u00e1\u017e\u00a0sprchov\u00fdch dve\u0159\u00ed\u00a0je mo\u017en\u00e1 jak na vani\u010dku (standardn\u011b dod\u00e1v\u00e1no bez vani\u010dky) nebo p\u0159\u00edmo na podlahu. P\u0159i pou\u017eit\u00ed p\u0159\u00edmo na podlahu jsou velmi elegantn\u00edm \u0159e\u0161en\u00edm pro odvod vody podlahov\u00fd odtokov\u00fd \u017elab.\u00a0 Pod\u00edvejte se na bohatou nab\u00eddku designov\u00fdch dopl\u0148k\u016f pro\u00a0tyto elegantn\u00ed\u00a0sprchov\u00e9 dve\u0159e. A zpest\u0159ete\u00a0design\u00a0nov\u00e9 modern\u00ed koupelny. Vyberte [&hellip;]\" \/>\n<meta property=\"og:url\" content=\"https:\/\/www.domkraftpro.com\/index.php\/produkt\/znackovy-sprchove-dvere-do-niky-smart-alaro-80-cm-univerzalni-leve-prave-grape-bezpecnostni-sklo-6-mm-chrom-lesteny-hlinik-alu-50773\/\" \/>\n<meta property=\"og:image\" content=\"https:\/\/www.domkraftpro.com\/wp-content\/uploads\/2026\/SK0008556-CZ20260425-092556-0-1777080363-822987_sprchove-dvere-do-niky-smart-alaro.webp\" \/>\n\t<meta property=\"og:image:width\" content=\"1000\" \/>\n\t<meta property=\"og:image:height\" content=\"750\" \/>\n\t<meta property=\"og:image:type\" content=\"image\/webp\" \/>\n<meta name=\"twitter:card\" content=\"summary_large_image\" \/>\n<meta name=\"twitter:label1\" content=\"Odhadovan\u00e1 doba \u010dten\u00ed\" \/>\n\t<meta name=\"twitter:data1\" content=\"2 minuty\" \/>\n<script type=\"application\/ld+json\" class=\"yoast-schema-graph\">{\"@context\":\"https:\/\/schema.org\",\"@graph\":[{\"@type\":\"WebPage\",\"@id\":\"https:\/\/www.domkraftpro.com\/index.php\/produkt\/znackovy-sprchove-dvere-do-niky-smart-alaro-80-cm-univerzalni-leve-prave-grape-bezpecnostni-sklo-6-mm-chrom-lesteny-hlinik-alu-50773\/\",\"url\":\"https:\/\/www.domkraftpro.com\/index.php\/produkt\/znackovy-sprchove-dvere-do-niky-smart-alaro-80-cm-univerzalni-leve-prave-grape-bezpecnostni-sklo-6-mm-chrom-lesteny-hlinik-alu-50773\/\",\"name\":\"Zna\u010dkov\u00fd Sprchov\u00e9 dve\u0159e do niky SMART - ALARO, 80 cm, Univerz\u00e1ln\u00ed Lev\u00e9 \/ Prav\u00e9, Grape bezpe\u010dnostn\u00ed sklo - 6 mm, Chrom\/Le\u0161t\u011bn\u00fd hlin\u00edk (ALU) -\",\"isPartOf\":{\"@id\":\"https:\/\/www.domkraftpro.com\/#website\"},\"primaryImageOfPage\":{\"@id\":\"https:\/\/www.domkraftpro.com\/index.php\/produkt\/znackovy-sprchove-dvere-do-niky-smart-alaro-80-cm-univerzalni-leve-prave-grape-bezpecnostni-sklo-6-mm-chrom-lesteny-hlinik-alu-50773\/#primaryimage\"},\"image\":{\"@id\":\"https:\/\/www.domkraftpro.com\/index.php\/produkt\/znackovy-sprchove-dvere-do-niky-smart-alaro-80-cm-univerzalni-leve-prave-grape-bezpecnostni-sklo-6-mm-chrom-lesteny-hlinik-alu-50773\/#primaryimage\"},\"thumbnailUrl\":\"https:\/\/www.domkraftpro.com\/wp-content\/uploads\/2026\/SK0008556-CZ20260425-092556-0-1777080363-822987_sprchove-dvere-do-niky-smart-alaro.webp\",\"datePublished\":\"2026-04-27T04:42:40+00:00\",\"breadcrumb\":{\"@id\":\"https:\/\/www.domkraftpro.com\/index.php\/produkt\/znackovy-sprchove-dvere-do-niky-smart-alaro-80-cm-univerzalni-leve-prave-grape-bezpecnostni-sklo-6-mm-chrom-lesteny-hlinik-alu-50773\/#breadcrumb\"},\"inLanguage\":\"cs\",\"potentialAction\":[{\"@type\":\"ReadAction\",\"target\":[\"https:\/\/www.domkraftpro.com\/index.php\/produkt\/znackovy-sprchove-dvere-do-niky-smart-alaro-80-cm-univerzalni-leve-prave-grape-bezpecnostni-sklo-6-mm-chrom-lesteny-hlinik-alu-50773\/\"]}]},{\"@type\":\"ImageObject\",\"inLanguage\":\"cs\",\"@id\":\"https:\/\/www.domkraftpro.com\/index.php\/produkt\/znackovy-sprchove-dvere-do-niky-smart-alaro-80-cm-univerzalni-leve-prave-grape-bezpecnostni-sklo-6-mm-chrom-lesteny-hlinik-alu-50773\/#primaryimage\",\"url\":\"https:\/\/www.domkraftpro.com\/wp-content\/uploads\/2026\/SK0008556-CZ20260425-092556-0-1777080363-822987_sprchove-dvere-do-niky-smart-alaro.webp\",\"contentUrl\":\"https:\/\/www.domkraftpro.com\/wp-content\/uploads\/2026\/SK0008556-CZ20260425-092556-0-1777080363-822987_sprchove-dvere-do-niky-smart-alaro.webp\",\"width\":1000,\"height\":750},{\"@type\":\"BreadcrumbList\",\"@id\":\"https:\/\/www.domkraftpro.com\/index.php\/produkt\/znackovy-sprchove-dvere-do-niky-smart-alaro-80-cm-univerzalni-leve-prave-grape-bezpecnostni-sklo-6-mm-chrom-lesteny-hlinik-alu-50773\/#breadcrumb\",\"itemListElement\":[{\"@type\":\"ListItem\",\"position\":1,\"name\":\"Home\",\"item\":\"https:\/\/www.domkraftpro.com\/\"},{\"@type\":\"ListItem\",\"position\":2,\"name\":\"Products\",\"item\":\"https:\/\/www.domkraftpro.com\/index.php\/products\/\"},{\"@type\":\"ListItem\",\"position\":3,\"name\":\"Zna\u010dkov\u00fd Sprchov\u00e9 dve\u0159e do niky SMART &#8211; ALARO, 80 cm, Univerz\u00e1ln\u00ed Lev\u00e9 \/ Prav\u00e9, Grape bezpe\u010dnostn\u00ed sklo &#8211; 6 mm, Chrom\/Le\u0161t\u011bn\u00fd hlin\u00edk (ALU)\"}]},{\"@type\":\"WebSite\",\"@id\":\"https:\/\/www.domkraftpro.com\/#website\",\"url\":\"https:\/\/www.domkraftpro.com\/\",\"name\":\"\",\"description\":\"\",\"potentialAction\":[{\"@type\":\"SearchAction\",\"target\":{\"@type\":\"EntryPoint\",\"urlTemplate\":\"https:\/\/www.domkraftpro.com\/?s={search_term_string}\"},\"query-input\":{\"@type\":\"PropertyValueSpecification\",\"valueRequired\":true,\"valueName\":\"search_term_string\"}}],\"inLanguage\":\"cs\"}]}<\/script>\n<!-- \/ Yoast SEO plugin. -->","yoast_head_json":{"title":"Zna\u010dkov\u00fd Sprchov\u00e9 dve\u0159e do niky SMART - ALARO, 80 cm, Univerz\u00e1ln\u00ed Lev\u00e9 \/ Prav\u00e9, Grape bezpe\u010dnostn\u00ed sklo - 6 mm, Chrom\/Le\u0161t\u011bn\u00fd hlin\u00edk (ALU) -","robots":{"index":"index","follow":"follow","max-snippet":"max-snippet:-1","max-image-preview":"max-image-preview:large","max-video-preview":"max-video-preview:-1"},"canonical":"https:\/\/www.domkraftpro.com\/index.php\/produkt\/znackovy-sprchove-dvere-do-niky-smart-alaro-80-cm-univerzalni-leve-prave-grape-bezpecnostni-sklo-6-mm-chrom-lesteny-hlinik-alu-50773\/","og_locale":"cs_CZ","og_type":"article","og_title":"Zna\u010dkov\u00fd Sprchov\u00e9 dve\u0159e do niky SMART - ALARO, 80 cm, Univerz\u00e1ln\u00ed Lev\u00e9 \/ Prav\u00e9, Grape bezpe\u010dnostn\u00ed sklo - 6 mm, Chrom\/Le\u0161t\u011bn\u00fd hlin\u00edk (ALU) -","og_description":"Detailn\u00ed popis produktu Dve\u0159e jsou v univers\u00e1ln\u00edm lev\u00e9m \/ prav\u00e9m proveden\u00ed. Mont\u00e1\u017e\u00a0sprchov\u00fdch dve\u0159\u00ed\u00a0je mo\u017en\u00e1 jak na vani\u010dku (standardn\u011b dod\u00e1v\u00e1no bez vani\u010dky) nebo p\u0159\u00edmo na podlahu. P\u0159i pou\u017eit\u00ed p\u0159\u00edmo na podlahu jsou velmi elegantn\u00edm \u0159e\u0161en\u00edm pro odvod vody podlahov\u00fd odtokov\u00fd \u017elab.\u00a0 Pod\u00edvejte se na bohatou nab\u00eddku designov\u00fdch dopl\u0148k\u016f pro\u00a0tyto elegantn\u00ed\u00a0sprchov\u00e9 dve\u0159e. A zpest\u0159ete\u00a0design\u00a0nov\u00e9 modern\u00ed koupelny. Vyberte [&hellip;]","og_url":"https:\/\/www.domkraftpro.com\/index.php\/produkt\/znackovy-sprchove-dvere-do-niky-smart-alaro-80-cm-univerzalni-leve-prave-grape-bezpecnostni-sklo-6-mm-chrom-lesteny-hlinik-alu-50773\/","og_image":[{"width":1000,"height":750,"url":"https:\/\/www.domkraftpro.com\/wp-content\/uploads\/2026\/SK0008556-CZ20260425-092556-0-1777080363-822987_sprchove-dvere-do-niky-smart-alaro.webp","type":"image\/webp"}],"twitter_card":"summary_large_image","twitter_misc":{"Odhadovan\u00e1 doba \u010dten\u00ed":"2 minuty"},"schema":{"@context":"https:\/\/schema.org","@graph":[{"@type":"WebPage","@id":"https:\/\/www.domkraftpro.com\/index.php\/produkt\/znackovy-sprchove-dvere-do-niky-smart-alaro-80-cm-univerzalni-leve-prave-grape-bezpecnostni-sklo-6-mm-chrom-lesteny-hlinik-alu-50773\/","url":"https:\/\/www.domkraftpro.com\/index.php\/produkt\/znackovy-sprchove-dvere-do-niky-smart-alaro-80-cm-univerzalni-leve-prave-grape-bezpecnostni-sklo-6-mm-chrom-lesteny-hlinik-alu-50773\/","name":"Zna\u010dkov\u00fd Sprchov\u00e9 dve\u0159e do niky SMART - ALARO, 80 cm, Univerz\u00e1ln\u00ed Lev\u00e9 \/ Prav\u00e9, Grape bezpe\u010dnostn\u00ed sklo - 6 mm, Chrom\/Le\u0161t\u011bn\u00fd hlin\u00edk (ALU) -","isPartOf":{"@id":"https:\/\/www.domkraftpro.com\/#website"},"primaryImageOfPage":{"@id":"https:\/\/www.domkraftpro.com\/index.php\/produkt\/znackovy-sprchove-dvere-do-niky-smart-alaro-80-cm-univerzalni-leve-prave-grape-bezpecnostni-sklo-6-mm-chrom-lesteny-hlinik-alu-50773\/#primaryimage"},"image":{"@id":"https:\/\/www.domkraftpro.com\/index.php\/produkt\/znackovy-sprchove-dvere-do-niky-smart-alaro-80-cm-univerzalni-leve-prave-grape-bezpecnostni-sklo-6-mm-chrom-lesteny-hlinik-alu-50773\/#primaryimage"},"thumbnailUrl":"https:\/\/www.domkraftpro.com\/wp-content\/uploads\/2026\/SK0008556-CZ20260425-092556-0-1777080363-822987_sprchove-dvere-do-niky-smart-alaro.webp","datePublished":"2026-04-27T04:42:40+00:00","breadcrumb":{"@id":"https:\/\/www.domkraftpro.com\/index.php\/produkt\/znackovy-sprchove-dvere-do-niky-smart-alaro-80-cm-univerzalni-leve-prave-grape-bezpecnostni-sklo-6-mm-chrom-lesteny-hlinik-alu-50773\/#breadcrumb"},"inLanguage":"cs","potentialAction":[{"@type":"ReadAction","target":["https:\/\/www.domkraftpro.com\/index.php\/produkt\/znackovy-sprchove-dvere-do-niky-smart-alaro-80-cm-univerzalni-leve-prave-grape-bezpecnostni-sklo-6-mm-chrom-lesteny-hlinik-alu-50773\/"]}]},{"@type":"ImageObject","inLanguage":"cs","@id":"https:\/\/www.domkraftpro.com\/index.php\/produkt\/znackovy-sprchove-dvere-do-niky-smart-alaro-80-cm-univerzalni-leve-prave-grape-bezpecnostni-sklo-6-mm-chrom-lesteny-hlinik-alu-50773\/#primaryimage","url":"https:\/\/www.domkraftpro.com\/wp-content\/uploads\/2026\/SK0008556-CZ20260425-092556-0-1777080363-822987_sprchove-dvere-do-niky-smart-alaro.webp","contentUrl":"https:\/\/www.domkraftpro.com\/wp-content\/uploads\/2026\/SK0008556-CZ20260425-092556-0-1777080363-822987_sprchove-dvere-do-niky-smart-alaro.webp","width":1000,"height":750},{"@type":"BreadcrumbList","@id":"https:\/\/www.domkraftpro.com\/index.php\/produkt\/znackovy-sprchove-dvere-do-niky-smart-alaro-80-cm-univerzalni-leve-prave-grape-bezpecnostni-sklo-6-mm-chrom-lesteny-hlinik-alu-50773\/#breadcrumb","itemListElement":[{"@type":"ListItem","position":1,"name":"Home","item":"https:\/\/www.domkraftpro.com\/"},{"@type":"ListItem","position":2,"name":"Products","item":"https:\/\/www.domkraftpro.com\/index.php\/products\/"},{"@type":"ListItem","position":3,"name":"Zna\u010dkov\u00fd Sprchov\u00e9 dve\u0159e do niky SMART &#8211; ALARO, 80 cm, Univerz\u00e1ln\u00ed Lev\u00e9 \/ Prav\u00e9, Grape bezpe\u010dnostn\u00ed sklo &#8211; 6 mm, Chrom\/Le\u0161t\u011bn\u00fd hlin\u00edk (ALU)"}]},{"@type":"WebSite","@id":"https:\/\/www.domkraftpro.com\/#website","url":"https:\/\/www.domkraftpro.com\/","name":"","description":"","potentialAction":[{"@type":"SearchAction","target":{"@type":"EntryPoint","urlTemplate":"https:\/\/www.domkraftpro.com\/?s={search_term_string}"},"query-input":{"@type":"PropertyValueSpecification","valueRequired":true,"valueName":"search_term_string"}}],"inLanguage":"cs"}]}},"_links":{"self":[{"href":"https:\/\/www.domkraftpro.com\/index.php\/wp-json\/wp\/v2\/product\/50773","targetHints":{"allow":["GET"]}}],"collection":[{"href":"https:\/\/www.domkraftpro.com\/index.php\/wp-json\/wp\/v2\/product"}],"about":[{"href":"https:\/\/www.domkraftpro.com\/index.php\/wp-json\/wp\/v2\/types\/product"}],"replies":[{"embeddable":true,"href":"https:\/\/www.domkraftpro.com\/index.php\/wp-json\/wp\/v2\/comments?post=50773"}],"wp:featuredmedia":[{"embeddable":true,"href":"https:\/\/www.domkraftpro.com\/index.php\/wp-json\/wp\/v2\/media\/50873"}],"wp:attachment":[{"href":"https:\/\/www.domkraftpro.com\/index.php\/wp-json\/wp\/v2\/media?parent=50773"}],"wp:term":[{"taxonomy":"product_brand","embeddable":true,"href":"https:\/\/www.domkraftpro.com\/index.php\/wp-json\/wp\/v2\/product_brand?post=50773"},{"taxonomy":"product_cat","embeddable":true,"href":"https:\/\/www.domkraftpro.com\/index.php\/wp-json\/wp\/v2\/product_cat?post=50773"},{"taxonomy":"product_tag","embeddable":true,"href":"https:\/\/www.domkraftpro.com\/index.php\/wp-json\/wp\/v2\/product_tag?post=50773"}],"curies":[{"name":"wp","href":"https:\/\/api.w.org\/{rel}","templated":true}]}}