{"id":50758,"date":"2026-04-27T04:42:40","date_gmt":"2026-04-27T04:42:40","guid":{"rendered":""},"modified":"2026-04-27T04:42:40","modified_gmt":"2026-04-27T04:42:40","slug":"vyvod-ze-steny-s-drzakem-sprchy-re336l-cenove-vyhodny-50758","status":"publish","type":"product","link":"https:\/\/www.domkraftpro.com\/index.php\/produkt\/vyvod-ze-steny-s-drzakem-sprchy-re336l-cenove-vyhodny-50758\/","title":{"rendered":"V\u00fdvod ze st\u011bny s dr\u017e\u00e1kem sprchy RE336L Cenov\u011b V\u00fdhodn\u00fd"},"content":{"rendered":"<div class=\"basic-description\">\n<h3>Detailn\u00ed popis produktu<\/h3>\n<p>                                    <html><body><\/p>\n<p><strong>St\u011bnov\u00fd v\u00fdvod sprchy<\/strong>\u00a0je ur\u010den pro\u00a0podom\u00edtkov\u00e9 baterie. Nepostradateln\u00fd dopln\u011bk pro \u0159e\u0161en\u00ed ru\u010dn\u00ed sprchy ve va\u0161\u00ed koupeln\u011b. Pod\u00edvejte se tak\u00e9 na\u00a0sprchov\u00e9 hadice\u00a0a\u00a0sprchov\u00e9 hlavice. V\u00fdvod ze zdi se bez nich neobejde.<\/p>\n<p>Pokud p\u0159em\u00fd\u0161l\u00edte nad koup\u00ed podom\u00edtkov\u00e9 baterie, nep\u0159ehl\u00e9dn\u011bte\u00a0hlavov\u00e9 sprchy. Ty pom\u016f\u017eou ve va\u0161\u00ed spr\u0161e vytvo\u0159it dom\u00e1c\u00ed wellness.\u00a0<\/p>\n<ul>\n<li><strong>Rozm\u011br p\u0159ipojen\u00ed:<\/strong>\u00a01\/2&#8243; (vstup i v\u00fdstup)<\/li>\n<li><strong>S dr\u017e\u00e1kem<\/strong> pro sprchu<\/li>\n<li><strong>Materi\u00e1l:<\/strong>\u00a0pochromovan\u00e1 mosaz\u00a0<\/li>\n<\/ul>\n<p><strong>Z\u00c1RUKA 2 ROKY<\/strong><\/p>\n<p><\/body><\/html>                            <\/div>\n<div class=\"extended-description\">\n<h3>Dopl\u0148kov\u00e9 parametry<\/h3>\n<table class=\"detail-parameters\">\n<tbody>\n<tr>\n<th>        <span class=\"row-header-label\">            Kategorie<span class=\"row-header-label-colon\">:<\/span>        <\/span>    <\/th>\n<td>            <\/td>\n<\/tr>\n<tr>\n<th>            <span class=\"row-header-label\">                Z\u00e1ruka<span class=\"row-header-label-colon\">:<\/span>            <\/span>        <\/th>\n<td>            2 roky        <\/td>\n<\/tr>\n<tr>\n<th>            <span class=\"row-header-label\">                Hmotnost<span class=\"row-header-label-colon\">:<\/span>            <\/span>        <\/th>\n<td>            5 kg        <\/td>\n<\/tr>\n<tr class=\"productEan\">\n<th>          <span class=\"row-header-label productEan__label\">              EAN<span class=\"row-header-label-colon\">:<\/span>          <\/span>      <\/th>\n<td>          <span class=\"productEan__value\">8030099158810<\/span>      <\/td>\n<\/tr>\n<tr>\n<th>                <span class=\"row-header-label\">                                            Barva<span class=\"row-header-label-colon\">:<\/span>                                    <\/span>            <\/th>\n<td>                                                            Chrom                                                <\/td>\n<\/tr>\n<tr>\n<th>                <span class=\"row-header-label\">                                            Katalog<span class=\"row-header-label-colon\">:<\/span>                                    <\/span>            <\/th>\n<td>                                                            Olsen-Spa,HOPA Koupelny                                                <\/td>\n<\/tr>\n<tr>\n<th>                <span class=\"row-header-label\">                                            Materi\u00e1l<span class=\"row-header-label-colon\">:<\/span>                                    <\/span>            <\/th>\n<td>                                                            Mosaz                                                <\/td>\n<\/tr>\n<tr>\n<th>                <span class=\"row-header-label\">                                            S\u00e9rie<span class=\"row-header-label-colon\">:<\/span>                                    <\/span>            <\/th>\n<td>                                                            HOPA                                                <\/td>\n<\/tr>\n<tr>\n<th>                <span class=\"row-header-label\">                                            Skupina artiklu<span class=\"row-header-label-colon\">:<\/span>                                    <\/span>            <\/th>\n<td>                                                            S09                                                <\/td>\n<\/tr>\n<tr>\n<th>                <span class=\"row-header-label\">                                            Typ p\u0159ipojen\u00ed<span class=\"row-header-label-colon\">:<\/span>                                    <\/span>            <\/th>\n<td>                                                            G 1\/2                                                <\/td>\n<\/tr>\n<tr>\n<th>                <span class=\"row-header-label\">                                            Z\u00e1ruka<span class=\"row-header-label-colon\">:<\/span>                                    <\/span>            <\/th>\n<td>                                                            2 roky                                                <\/td>\n<\/tr>\n<\/tbody>\n<\/table><\/div>\n<\/p><\/div>\n<\/p><\/div>\n","protected":false},"excerpt":{"rendered":"<p>Detailn\u00ed popis produktu St\u011bnov\u00fd v\u00fdvod sprchy\u00a0je ur\u010den pro\u00a0podom\u00edtkov\u00e9 baterie. Nepostradateln\u00fd dopln\u011bk pro \u0159e\u0161en\u00ed ru\u010dn\u00ed sprchy ve va\u0161\u00ed koupeln\u011b. Pod\u00edvejte se tak\u00e9 na\u00a0sprchov\u00e9 hadice\u00a0a\u00a0sprchov\u00e9 hlavice. V\u00fdvod ze zdi se bez nich neobejde. Pokud p\u0159em\u00fd\u0161l\u00edte nad koup\u00ed podom\u00edtkov\u00e9 baterie, nep\u0159ehl\u00e9dn\u011bte\u00a0hlavov\u00e9 sprchy. Ty pom\u016f\u017eou ve va\u0161\u00ed spr\u0161e vytvo\u0159it dom\u00e1c\u00ed wellness.\u00a0 Rozm\u011br p\u0159ipojen\u00ed:\u00a01\/2&#8243; (vstup i v\u00fdstup) S dr\u017e\u00e1kem pro [&hellip;]<\/p>\n","protected":false},"featured_media":50858,"comment_status":"open","ping_status":"open","template":"","meta":[],"product_brand":[],"product_cat":[65],"product_tag":[],"class_list":{"0":"post-50758","1":"product","2":"type-product","3":"status-publish","4":"has-post-thumbnail","6":"product_cat-prislusenstvi-do-sprch","8":"first","9":"instock","10":"sale","11":"shipping-taxable","12":"purchasable","13":"product-type-simple"},"yoast_head":"<!-- This site is optimized with the Yoast SEO plugin v26.8 - https:\/\/yoast.com\/product\/yoast-seo-wordpress\/ -->\n<title>V\u00fdvod ze st\u011bny s dr\u017e\u00e1kem sprchy RE336L Cenov\u011b V\u00fdhodn\u00fd -<\/title>\n<meta name=\"robots\" content=\"index, follow, max-snippet:-1, max-image-preview:large, max-video-preview:-1\" \/>\n<link rel=\"canonical\" href=\"https:\/\/www.domkraftpro.com\/index.php\/produkt\/vyvod-ze-steny-s-drzakem-sprchy-re336l-cenove-vyhodny-50758\/\" \/>\n<meta property=\"og:locale\" content=\"cs_CZ\" \/>\n<meta property=\"og:type\" content=\"article\" \/>\n<meta property=\"og:title\" content=\"V\u00fdvod ze st\u011bny s dr\u017e\u00e1kem sprchy RE336L Cenov\u011b V\u00fdhodn\u00fd -\" \/>\n<meta property=\"og:description\" content=\"Detailn\u00ed popis produktu St\u011bnov\u00fd v\u00fdvod sprchy\u00a0je ur\u010den pro\u00a0podom\u00edtkov\u00e9 baterie. Nepostradateln\u00fd dopln\u011bk pro \u0159e\u0161en\u00ed ru\u010dn\u00ed sprchy ve va\u0161\u00ed koupeln\u011b. Pod\u00edvejte se tak\u00e9 na\u00a0sprchov\u00e9 hadice\u00a0a\u00a0sprchov\u00e9 hlavice. V\u00fdvod ze zdi se bez nich neobejde. Pokud p\u0159em\u00fd\u0161l\u00edte nad koup\u00ed podom\u00edtkov\u00e9 baterie, nep\u0159ehl\u00e9dn\u011bte\u00a0hlavov\u00e9 sprchy. Ty pom\u016f\u017eou ve va\u0161\u00ed spr\u0161e vytvo\u0159it dom\u00e1c\u00ed wellness.\u00a0 Rozm\u011br p\u0159ipojen\u00ed:\u00a01\/2&#8243; (vstup i v\u00fdstup) S dr\u017e\u00e1kem pro [&hellip;]\" \/>\n<meta property=\"og:url\" content=\"https:\/\/www.domkraftpro.com\/index.php\/produkt\/vyvod-ze-steny-s-drzakem-sprchy-re336l-cenove-vyhodny-50758\/\" \/>\n<meta property=\"og:image\" content=\"https:\/\/www.domkraftpro.com\/wp-content\/uploads\/2026\/SK0008541-CZ20260425-092556-0-1777080363-822939_vyvod-ze-steny-s-drzakem-sprchy-re336l.webp\" \/>\n\t<meta property=\"og:image:width\" content=\"1000\" \/>\n\t<meta property=\"og:image:height\" content=\"750\" \/>\n\t<meta property=\"og:image:type\" content=\"image\/webp\" \/>\n<meta name=\"twitter:card\" content=\"summary_large_image\" \/>\n<meta name=\"twitter:label1\" content=\"Odhadovan\u00e1 doba \u010dten\u00ed\" \/>\n\t<meta name=\"twitter:data1\" content=\"1 minuta\" \/>\n<script type=\"application\/ld+json\" class=\"yoast-schema-graph\">{\"@context\":\"https:\/\/schema.org\",\"@graph\":[{\"@type\":\"WebPage\",\"@id\":\"https:\/\/www.domkraftpro.com\/index.php\/produkt\/vyvod-ze-steny-s-drzakem-sprchy-re336l-cenove-vyhodny-50758\/\",\"url\":\"https:\/\/www.domkraftpro.com\/index.php\/produkt\/vyvod-ze-steny-s-drzakem-sprchy-re336l-cenove-vyhodny-50758\/\",\"name\":\"V\u00fdvod ze st\u011bny s dr\u017e\u00e1kem sprchy RE336L Cenov\u011b V\u00fdhodn\u00fd -\",\"isPartOf\":{\"@id\":\"https:\/\/www.domkraftpro.com\/#website\"},\"primaryImageOfPage\":{\"@id\":\"https:\/\/www.domkraftpro.com\/index.php\/produkt\/vyvod-ze-steny-s-drzakem-sprchy-re336l-cenove-vyhodny-50758\/#primaryimage\"},\"image\":{\"@id\":\"https:\/\/www.domkraftpro.com\/index.php\/produkt\/vyvod-ze-steny-s-drzakem-sprchy-re336l-cenove-vyhodny-50758\/#primaryimage\"},\"thumbnailUrl\":\"https:\/\/www.domkraftpro.com\/wp-content\/uploads\/2026\/SK0008541-CZ20260425-092556-0-1777080363-822939_vyvod-ze-steny-s-drzakem-sprchy-re336l.webp\",\"datePublished\":\"2026-04-27T04:42:40+00:00\",\"breadcrumb\":{\"@id\":\"https:\/\/www.domkraftpro.com\/index.php\/produkt\/vyvod-ze-steny-s-drzakem-sprchy-re336l-cenove-vyhodny-50758\/#breadcrumb\"},\"inLanguage\":\"cs\",\"potentialAction\":[{\"@type\":\"ReadAction\",\"target\":[\"https:\/\/www.domkraftpro.com\/index.php\/produkt\/vyvod-ze-steny-s-drzakem-sprchy-re336l-cenove-vyhodny-50758\/\"]}]},{\"@type\":\"ImageObject\",\"inLanguage\":\"cs\",\"@id\":\"https:\/\/www.domkraftpro.com\/index.php\/produkt\/vyvod-ze-steny-s-drzakem-sprchy-re336l-cenove-vyhodny-50758\/#primaryimage\",\"url\":\"https:\/\/www.domkraftpro.com\/wp-content\/uploads\/2026\/SK0008541-CZ20260425-092556-0-1777080363-822939_vyvod-ze-steny-s-drzakem-sprchy-re336l.webp\",\"contentUrl\":\"https:\/\/www.domkraftpro.com\/wp-content\/uploads\/2026\/SK0008541-CZ20260425-092556-0-1777080363-822939_vyvod-ze-steny-s-drzakem-sprchy-re336l.webp\",\"width\":1000,\"height\":750},{\"@type\":\"BreadcrumbList\",\"@id\":\"https:\/\/www.domkraftpro.com\/index.php\/produkt\/vyvod-ze-steny-s-drzakem-sprchy-re336l-cenove-vyhodny-50758\/#breadcrumb\",\"itemListElement\":[{\"@type\":\"ListItem\",\"position\":1,\"name\":\"Home\",\"item\":\"https:\/\/www.domkraftpro.com\/\"},{\"@type\":\"ListItem\",\"position\":2,\"name\":\"Products\",\"item\":\"https:\/\/www.domkraftpro.com\/index.php\/products\/\"},{\"@type\":\"ListItem\",\"position\":3,\"name\":\"V\u00fdvod ze st\u011bny s dr\u017e\u00e1kem sprchy RE336L Cenov\u011b V\u00fdhodn\u00fd\"}]},{\"@type\":\"WebSite\",\"@id\":\"https:\/\/www.domkraftpro.com\/#website\",\"url\":\"https:\/\/www.domkraftpro.com\/\",\"name\":\"\",\"description\":\"\",\"potentialAction\":[{\"@type\":\"SearchAction\",\"target\":{\"@type\":\"EntryPoint\",\"urlTemplate\":\"https:\/\/www.domkraftpro.com\/?s={search_term_string}\"},\"query-input\":{\"@type\":\"PropertyValueSpecification\",\"valueRequired\":true,\"valueName\":\"search_term_string\"}}],\"inLanguage\":\"cs\"}]}<\/script>\n<!-- \/ Yoast SEO plugin. -->","yoast_head_json":{"title":"V\u00fdvod ze st\u011bny s dr\u017e\u00e1kem sprchy RE336L Cenov\u011b V\u00fdhodn\u00fd -","robots":{"index":"index","follow":"follow","max-snippet":"max-snippet:-1","max-image-preview":"max-image-preview:large","max-video-preview":"max-video-preview:-1"},"canonical":"https:\/\/www.domkraftpro.com\/index.php\/produkt\/vyvod-ze-steny-s-drzakem-sprchy-re336l-cenove-vyhodny-50758\/","og_locale":"cs_CZ","og_type":"article","og_title":"V\u00fdvod ze st\u011bny s dr\u017e\u00e1kem sprchy RE336L Cenov\u011b V\u00fdhodn\u00fd -","og_description":"Detailn\u00ed popis produktu St\u011bnov\u00fd v\u00fdvod sprchy\u00a0je ur\u010den pro\u00a0podom\u00edtkov\u00e9 baterie. Nepostradateln\u00fd dopln\u011bk pro \u0159e\u0161en\u00ed ru\u010dn\u00ed sprchy ve va\u0161\u00ed koupeln\u011b. Pod\u00edvejte se tak\u00e9 na\u00a0sprchov\u00e9 hadice\u00a0a\u00a0sprchov\u00e9 hlavice. V\u00fdvod ze zdi se bez nich neobejde. Pokud p\u0159em\u00fd\u0161l\u00edte nad koup\u00ed podom\u00edtkov\u00e9 baterie, nep\u0159ehl\u00e9dn\u011bte\u00a0hlavov\u00e9 sprchy. Ty pom\u016f\u017eou ve va\u0161\u00ed spr\u0161e vytvo\u0159it dom\u00e1c\u00ed wellness.\u00a0 Rozm\u011br p\u0159ipojen\u00ed:\u00a01\/2&#8243; (vstup i v\u00fdstup) S dr\u017e\u00e1kem pro [&hellip;]","og_url":"https:\/\/www.domkraftpro.com\/index.php\/produkt\/vyvod-ze-steny-s-drzakem-sprchy-re336l-cenove-vyhodny-50758\/","og_image":[{"width":1000,"height":750,"url":"https:\/\/www.domkraftpro.com\/wp-content\/uploads\/2026\/SK0008541-CZ20260425-092556-0-1777080363-822939_vyvod-ze-steny-s-drzakem-sprchy-re336l.webp","type":"image\/webp"}],"twitter_card":"summary_large_image","twitter_misc":{"Odhadovan\u00e1 doba \u010dten\u00ed":"1 minuta"},"schema":{"@context":"https:\/\/schema.org","@graph":[{"@type":"WebPage","@id":"https:\/\/www.domkraftpro.com\/index.php\/produkt\/vyvod-ze-steny-s-drzakem-sprchy-re336l-cenove-vyhodny-50758\/","url":"https:\/\/www.domkraftpro.com\/index.php\/produkt\/vyvod-ze-steny-s-drzakem-sprchy-re336l-cenove-vyhodny-50758\/","name":"V\u00fdvod ze st\u011bny s dr\u017e\u00e1kem sprchy RE336L Cenov\u011b V\u00fdhodn\u00fd -","isPartOf":{"@id":"https:\/\/www.domkraftpro.com\/#website"},"primaryImageOfPage":{"@id":"https:\/\/www.domkraftpro.com\/index.php\/produkt\/vyvod-ze-steny-s-drzakem-sprchy-re336l-cenove-vyhodny-50758\/#primaryimage"},"image":{"@id":"https:\/\/www.domkraftpro.com\/index.php\/produkt\/vyvod-ze-steny-s-drzakem-sprchy-re336l-cenove-vyhodny-50758\/#primaryimage"},"thumbnailUrl":"https:\/\/www.domkraftpro.com\/wp-content\/uploads\/2026\/SK0008541-CZ20260425-092556-0-1777080363-822939_vyvod-ze-steny-s-drzakem-sprchy-re336l.webp","datePublished":"2026-04-27T04:42:40+00:00","breadcrumb":{"@id":"https:\/\/www.domkraftpro.com\/index.php\/produkt\/vyvod-ze-steny-s-drzakem-sprchy-re336l-cenove-vyhodny-50758\/#breadcrumb"},"inLanguage":"cs","potentialAction":[{"@type":"ReadAction","target":["https:\/\/www.domkraftpro.com\/index.php\/produkt\/vyvod-ze-steny-s-drzakem-sprchy-re336l-cenove-vyhodny-50758\/"]}]},{"@type":"ImageObject","inLanguage":"cs","@id":"https:\/\/www.domkraftpro.com\/index.php\/produkt\/vyvod-ze-steny-s-drzakem-sprchy-re336l-cenove-vyhodny-50758\/#primaryimage","url":"https:\/\/www.domkraftpro.com\/wp-content\/uploads\/2026\/SK0008541-CZ20260425-092556-0-1777080363-822939_vyvod-ze-steny-s-drzakem-sprchy-re336l.webp","contentUrl":"https:\/\/www.domkraftpro.com\/wp-content\/uploads\/2026\/SK0008541-CZ20260425-092556-0-1777080363-822939_vyvod-ze-steny-s-drzakem-sprchy-re336l.webp","width":1000,"height":750},{"@type":"BreadcrumbList","@id":"https:\/\/www.domkraftpro.com\/index.php\/produkt\/vyvod-ze-steny-s-drzakem-sprchy-re336l-cenove-vyhodny-50758\/#breadcrumb","itemListElement":[{"@type":"ListItem","position":1,"name":"Home","item":"https:\/\/www.domkraftpro.com\/"},{"@type":"ListItem","position":2,"name":"Products","item":"https:\/\/www.domkraftpro.com\/index.php\/products\/"},{"@type":"ListItem","position":3,"name":"V\u00fdvod ze st\u011bny s dr\u017e\u00e1kem sprchy RE336L Cenov\u011b V\u00fdhodn\u00fd"}]},{"@type":"WebSite","@id":"https:\/\/www.domkraftpro.com\/#website","url":"https:\/\/www.domkraftpro.com\/","name":"","description":"","potentialAction":[{"@type":"SearchAction","target":{"@type":"EntryPoint","urlTemplate":"https:\/\/www.domkraftpro.com\/?s={search_term_string}"},"query-input":{"@type":"PropertyValueSpecification","valueRequired":true,"valueName":"search_term_string"}}],"inLanguage":"cs"}]}},"_links":{"self":[{"href":"https:\/\/www.domkraftpro.com\/index.php\/wp-json\/wp\/v2\/product\/50758","targetHints":{"allow":["GET"]}}],"collection":[{"href":"https:\/\/www.domkraftpro.com\/index.php\/wp-json\/wp\/v2\/product"}],"about":[{"href":"https:\/\/www.domkraftpro.com\/index.php\/wp-json\/wp\/v2\/types\/product"}],"replies":[{"embeddable":true,"href":"https:\/\/www.domkraftpro.com\/index.php\/wp-json\/wp\/v2\/comments?post=50758"}],"wp:featuredmedia":[{"embeddable":true,"href":"https:\/\/www.domkraftpro.com\/index.php\/wp-json\/wp\/v2\/media\/50858"}],"wp:attachment":[{"href":"https:\/\/www.domkraftpro.com\/index.php\/wp-json\/wp\/v2\/media?parent=50758"}],"wp:term":[{"taxonomy":"product_brand","embeddable":true,"href":"https:\/\/www.domkraftpro.com\/index.php\/wp-json\/wp\/v2\/product_brand?post=50758"},{"taxonomy":"product_cat","embeddable":true,"href":"https:\/\/www.domkraftpro.com\/index.php\/wp-json\/wp\/v2\/product_cat?post=50758"},{"taxonomy":"product_tag","embeddable":true,"href":"https:\/\/www.domkraftpro.com\/index.php\/wp-json\/wp\/v2\/product_tag?post=50758"}],"curies":[{"name":"wp","href":"https:\/\/api.w.org\/{rel}","templated":true}]}}