{"id":50707,"date":"2026-04-27T04:42:40","date_gmt":"2026-04-27T04:42:40","guid":{"rendered":""},"modified":"2026-04-27T04:42:40","modified_gmt":"2026-04-27T04:42:40","slug":"akce-koupelnovy-radiator-nameless-bila-60-cm-120-cm-50707","status":"publish","type":"product","link":"https:\/\/www.domkraftpro.com\/index.php\/produkt\/akce-koupelnovy-radiator-nameless-bila-60-cm-120-cm-50707\/","title":{"rendered":"Akce Koupelnov\u00fd radi\u00e1tor NAMELESS, B\u00edl\u00e1, 60 cm, 120 cm"},"content":{"rendered":"<div class=\"basic-description\">\n<h3>Detailn\u00ed popis produktu<\/h3>\n<p><span style=\"font-family:'Segoe UI', 'system-ui', 'Apple Color Emoji', 'Segoe UI Emoji', sans-serif;font-size:13.4px;\">Radi\u00e1tor lze\u00a0<\/span><strong style=\"font-family:'Segoe UI', 'system-ui', 'Apple Color Emoji', 'Segoe UI Emoji', sans-serif;font-size:13.4px;\">objednat s p\u0159\u00edplatkovou v\u00fdbavou<\/strong><span style=\"font-family:'Segoe UI', 'system-ui', 'Apple Color Emoji', 'Segoe UI Emoji', sans-serif;font-size:13.4px;\">\u00a0<\/span>P\u0159\u00edplatek &#8211; Elektrick\u00fd radi\u00e1tor<span style=\"font-family:'Segoe UI', 'system-ui', 'Apple Color Emoji', 'Segoe UI Emoji', sans-serif;font-size:13.4px;\">\u00a0a d\u00edky tomu dostanete \u010dist\u011b elektrick\u00fd radi\u00e1tor (<\/span><strong style=\"font-family:'Segoe UI', 'system-ui', 'Apple Color Emoji', 'Segoe UI Emoji', sans-serif;font-size:13.4px;\">s ji\u017e osazenou topnou ty\u010d\u00ed HOT a napln\u011bn\u00fd speci\u00e1ln\u00ed nemrznouc\u00ed teplonosnou sm\u011bs\u00ed do otopn\u00fdch t\u011bles<\/strong><span style=\"font-family:'Segoe UI', 'system-ui', 'Apple Color Emoji', 'Segoe UI Emoji', sans-serif;font-size:13.4px;\">). Elektrick\u00e9 radi\u00e1tory nejsou p\u0159ipojeny na rozvody TUV, snadno ho\u00a0<\/span><strong style=\"font-family:'Segoe UI', 'system-ui', 'Apple Color Emoji', 'Segoe UI Emoji', sans-serif;font-size:13.4px;\">zapoj\u00edte pouze do elektrick\u00e9 z\u00e1suvky<\/strong><span style=\"font-family:'Segoe UI', 'system-ui', 'Apple Color Emoji', 'Segoe UI Emoji', sans-serif;font-size:13.4px;\"> a u\u017e\u00edv\u00e1te si teplo v koupeln\u011b kdykoliv chcete.<\/span><\/p>\n<p><strong>Koupelnov\u00e9 radi\u00e1tory HOPA<\/strong>\u00a0kompletn\u011b zm\u011bn\u00ed va\u0161e p\u0159edstavy o radi\u00e1torech jak je zn\u00e1te. <strong>Radi\u00e1tory do koupelny<\/strong>\u00a0jsou opat\u0159eny dokonalou antikorozn\u00ed vrstvou. A\u017e na antikorozn\u00ed \u00fapravu je teprve nan\u00e1\u0161ena pr\u00e1\u0161kov\u00e1 barva.\u00a0<\/p>\n<p><strong>Koupelnov\u00fd radi\u00e1tor<\/strong>\u00a0je vhodn\u00fd k jedno i dvoutrubkov\u00fdm vyt\u00e1p\u011bc\u00edm syst\u00e9m\u016fm s \u010derpadlem. Nebo jako samostatn\u00e9 vyh\u0159\u00edvac\u00ed t\u011bleso s elektrickou otopnou ty\u010d\u00ed.\u00a0<strong>Radi\u00e1tory<\/strong>\u00a0maj\u00ed\u00a0men\u0161\u00ed objem vody, velmi rychle se zah\u0159\u00edvaj\u00ed a jsou v\u00fdborn\u011b regulovateln\u00e9, tak\u017ee si snadno nastav\u00edte tu spr\u00e1vnou teplotu pro v\u00e1\u0161 dokonal\u00fd komfort.<\/p>\n<p><strong>Radi\u00e1tory jsou dod\u00e1v\u00e1ny BEZ topn\u00e9 ty\u010de, za rozm\u011brem je pouze uveden vhodn\u00fd v\u00fdkon ty\u010de pro pat\u0159i\u010dn\u00fd rozm\u011br. <\/strong><b>Standardn\u00ed <\/b><b>barva C35 white silk (b\u00edl\u00e1 leskl\u00e1).<\/b><\/p>\n<p><strong>Dostupn\u00e9 rozm\u011bry radi\u00e1toru do koupelny:\u00a0<\/strong><\/p>\n<ul>\n<li>400 \u00d7 930 mm, v\u00fdkon 305\u00a0W, topn\u00e1 ty\u010d 300 W<\/li>\n<li>400 \u00d7 1186 mm, v\u00fdkon 380 W, topn\u00e1 ty\u010d 400 W<\/li>\n<li>400 \u00d7 1610 mm, v\u00fdkon 480 W, topn\u00e1 ty\u010d 400 W<\/li>\n<li>400 \u00d7 1824 mm, v\u00fdkon 532 W, topn\u00e1 ty\u010d 600 W<\/li>\n<li>500 \u00d7 930 mm, v\u00fdkon 366 W, topn\u00e1 ty\u010d 400 W<\/li>\n<li>500 \u00d7 1186 mm, v\u00fdkon 455 W, topn\u00e1 ty\u010d 400 W<\/li>\n<li>500 \u00d7 1610 mm, v\u00fdkon 575 W, topn\u00e1 ty\u010d 600 W<\/li>\n<li>500 \u00d7 1824 mm, v\u00fdkon 638 W, topn\u00e1 ty\u010d 600 W<\/li>\n<li>600 \u00d7 930 mm, v\u00fdkon 424 W, topn\u00e1 ty\u010d 400 W<\/li>\n<li>600 \u00d7 1186 mm, v\u00fdkon 528 W, topn\u00e1 ty\u010d 600 W<\/li>\n<li>600 \u00d7 1610 mm, v\u00fdkon 667 W, topn\u00e1 ty\u010d 600 W<\/li>\n<li>600 \u00d7 1824 mm, v\u00fdkon 740 W, topn\u00e1 ty\u010d 600 W<\/li>\n<\/ul>\n<h3 class=\"MsoNoSpacing\"><strong><span style=\"font-size:10pt;\">Barvy dle vzorn\u00edku v\u00fdrobce:<\/span><\/strong><\/h3>\n<p><strong><\/strong><\/p>\n<p><strong><\/strong><\/p>\n<h3 class=\"MsoNoSpacing\"><strong><span style=\"font-size:10pt;\">Barva dle vzorn\u00edku BEZ P\u0158\u00cdPLATKU<\/span><\/strong><span style=\"font-size:10pt;\"><\/span><\/h3>\n<\/p>\n<ul>\n<li class=\"MsoNoSpacing\"><span style=\"font-size:10pt;\">C12 graphite \u2013 BEZ P\u0158\u00cdPLATKU<\/span>\n<\/p>\n<\/li>\n<li class=\"MsoNoSpacing\"><span style=\"font-size:10pt;\">C31 black mat &#8211; BEZ P\u0158\u00cdPLATKU<\/span>\n<\/p>\n<\/li>\n<li class=\"MsoNoSpacing\"><span style=\"font-size:10pt;\">C34 white mat &#8211; BEZ P\u0158\u00cdPLATKU<\/span>\n<\/p>\n<\/li>\n<li class=\"MsoNoSpacing\"><span style=\"font-size:10pt;\">C35 white silk &#8211; BEZ P\u0158\u00cdPLATKU<\/span>\n<\/p>\n<\/li>\n<li class=\"MsoNoSpacing\"><span style=\"font-size:10pt;\">C57 creamy structure &#8211; BEZ P\u0158\u00cdPLATKU<\/span>\n<\/p>\n<\/li>\n<li class=\"MsoNoSpacing\"><span style=\"font-size:10pt;\">C75 black structure &#8211; BEZ P\u0158\u00cdPLATKU<\/span>\n<\/p>\n<\/li>\n<li class=\"MsoNoSpacing\"><span style=\"font-size:10pt;\">C83 buttermilk &#8211; BEZ P\u0158\u00cdPLATKU<\/span>\n<\/p>\n<\/li>\n<li class=\"MsoNoSpacing\"><span style=\"font-size:10pt;\">C85 light grey &#8211; BEZ P\u0158\u00cdPLATKU<\/span>\n<\/p>\n<\/li>\n<li class=\"MsoNoSpacing\"><span style=\"font-size:10pt;\">C87 grey ash &#8211; BEZ P\u0158\u00cdPLATKU<\/span>\n<\/p>\n<\/li>\n<li class=\"MsoNoSpacing\"><span style=\"font-size:10pt;\">C92 moss &#8211; BEZ P\u0158\u00cdPLATKU<\/span>\n<\/p>\n<\/li>\n<li class=\"MsoNoSpacing\"><span style=\"font-size:10pt;\">C93 butter yellow &#8211; BEZ P\u0158\u00cdPLATKU<\/span>\n<\/p>\n<\/li>\n<li class=\"MsoNoSpacing\"><span style=\"font-size:10pt;\">C97 rosewood &#8211; BEZ P\u0158\u00cdPLATKU<\/span>\n<\/p>\n<\/li>\n<li class=\"MsoNoSpacing\"><span style=\"font-size:10pt;\">C100 anthracite &#8211; BEZ P\u0158\u00cdPLATKU\u00a0<\/span>\n<\/p>\n<\/li>\n<\/ul>\n<h3 class=\"MsoNoSpacing\"><b><span style=\"font-size:10pt;\">Barva dle vzorn\u00edku S\u00a0P\u0158\u00cdPLATKEM 15%<\/span><\/b><span style=\"font-size:10pt;\"><\/span><\/h3>\n<\/p>\n<ul>\n<li class=\"MsoNoSpacing\"><span style=\"font-size:10pt;\">C16 anthracite old &#8211; S P\u0158\u00cdPLATKEM 15%<\/span>\n<\/p>\n<\/li>\n<li class=\"MsoNoSpacing\"><span style=\"font-size:10pt;\">C42 cappuccino &#8211; S P\u0158\u00cdPLATKEM 15%<\/span>\n<\/p>\n<\/li>\n<li class=\"MsoNoSpacing\"><span style=\"font-size:10pt;\">C84 gold old &#8211; S P\u0158\u00cdPLATKEM 15%<\/span>\n<\/p>\n<\/li>\n<li class=\"MsoNoSpacing\"><span style=\"font-size:10pt;\">C86 dove silver &#8211; S P\u0158\u00cdPLATKEM 15%<\/span>\n<\/p>\n<\/li>\n<li class=\"MsoNoSpacing\"><span style=\"font-size:10pt;\">C88 sage grey &#8211; S P\u0158\u00cdPLATKEM 15%<\/span>\n<\/p>\n<\/li>\n<li class=\"MsoNoSpacing\"><span style=\"font-size:10pt;\">C89 stone &#8211; S P\u0158\u00cdPLATKEM 15%<\/span>\n<\/p>\n<\/li>\n<li class=\"MsoNoSpacing\"><span style=\"font-size:10pt;\">C90 steel &#8211; S P\u0158\u00cdPLATKEM 15%<\/span>\n<\/p>\n<\/li>\n<li class=\"MsoNoSpacing\"><span style=\"font-size:10pt;\">C91 rustic taupe &#8211; S P\u0158\u00cdPLATKEM 15%<\/span>\n<\/p>\n<\/li>\n<li class=\"MsoNoSpacing\"><span style=\"font-size:10pt;\">C94 peanut butter &#8211; S P\u0158\u00cdPLATKEM 15%<\/span>\n<\/p>\n<\/li>\n<li class=\"MsoNoSpacing\"><span style=\"font-size:10pt;\">C95 gold &#8211; S P\u0158\u00cdPLATKEM 15%<\/span>\n<\/p>\n<\/li>\n<li class=\"MsoNoSpacing\"><span style=\"font-size:10pt;\">C96 chestnut &#8211; S P\u0158\u00cdPLATKEM 15%<\/span>\n<\/p>\n<\/li>\n<li class=\"MsoNoSpacing\"><span style=\"font-size:10pt;\">C98 earth brown &#8211; S P\u0158\u00cdPLATKEM 15%<\/span>\n<\/p>\n<\/li>\n<li class=\"MsoNoSpacing\"><span style=\"font-size:10pt;\">C99 copper glow &#8211; S P\u0158\u00cdPLATKEM 15%<\/span>\n<\/p>\n<\/li>\n<li class=\"MsoNoSpacing\"><span style=\"font-size:10pt;\">C101 ultramarine &#8211; S P\u0158\u00cdPLATKEM 15%<\/span>\n<\/p>\n<\/li>\n<\/ul>\n<p class=\"MsoNoSpacing\"><b><span style=\"font-size:10pt;\">Pokud se tedy rozhodnete pro barevn\u00e9 proveden\u00ed radi\u00e1toru, tak si pros\u00edm ve vzorn\u00edku (na str\u00e1nk\u00e1ch ke sta\u017een\u00ed) vyberte barvu a n\u00e1zev s \u010d\u00edseln\u00fdm ozna\u010den\u00edm barvy vlo\u017e\u00edte do pozn\u00e1mky p\u0159i objedn\u00e1vce. Radi\u00e1tory v takto zvolen\u00e9 variant\u011b jsou pouze na objedn\u00e1vku, dodac\u00ed doba \u010din\u00ed 4 a\u017e 6 t\u00fddn\u016f.\u00a0<\/span><\/b><\/p>\n<p><b><\/b><\/p>\n<p><b><\/b><\/p>\n<h2><strong>Z\u00c1RUKA 15 LET<\/strong><\/h2>\n<\/p><\/div>\n<div class=\"extended-description\">\n<h3>Dopl\u0148kov\u00e9 parametry<\/h3>\n<table class=\"detail-parameters\">\n<tbody>\n<tr>\n<th>        <span class=\"row-header-label\">            Kategorie<span class=\"row-header-label-colon\">:<\/span>        <\/span>    <\/th>\n<td>            <\/td>\n<\/tr>\n<tr>\n<th>            <span class=\"row-header-label\">                Z\u00e1ruka<span class=\"row-header-label-colon\">:<\/span>            <\/span>        <\/th>\n<td>            15 let        <\/td>\n<\/tr>\n<tr>\n<th>            <span class=\"row-header-label\">                Hmotnost<span class=\"row-header-label-colon\">:<\/span>            <\/span>        <\/th>\n<td>            15 kg        <\/td>\n<\/tr>\n<tr class=\"productEan\">\n<th>          <span class=\"row-header-label productEan__label\">              EAN<span class=\"row-header-label-colon\">:<\/span>          <\/span>      <\/th>\n<td>          <span class=\"productEan__value\">5905253236075<\/span>      <\/td>\n<\/tr>\n<tr>\n<th>                <span class=\"row-header-label\">                                            Barva<span class=\"row-header-label-colon\">:<\/span>                                    <\/span>            <\/th>\n<td>                                                            B\u00edl\u00e1                                                <\/td>\n<\/tr>\n<tr>\n<th>                <span class=\"row-header-label\">                                            Katalog<span class=\"row-header-label-colon\">:<\/span>                                    <\/span>            <\/th>\n<td>                                                            HOPA Koupelny                                                <\/td>\n<\/tr>\n<tr>\n<th>                <span class=\"row-header-label\">                                            Materi\u00e1l<span class=\"row-header-label-colon\">:<\/span>                                    <\/span>            <\/th>\n<td>                                                            Ocel                                                <\/td>\n<\/tr>\n<tr>\n<th>                <span class=\"row-header-label\">                                            Rozm\u011br A<span class=\"row-header-label-colon\">:<\/span>                                    <\/span>            <\/th>\n<td>                                                            400 mm,500 mm,600 mm                                                <\/td>\n<\/tr>\n<tr>\n<th>                <span class=\"row-header-label\">                                            Rozm\u011br C<span class=\"row-header-label-colon\">:<\/span>                                    <\/span>            <\/th>\n<td>                                                            930 mm,1186 mm,1610 mm,1824 mm                                                <\/td>\n<\/tr>\n<tr>\n<th>                <span class=\"row-header-label\">                                            S\u00e9rie<span class=\"row-header-label-colon\">:<\/span>                                    <\/span>            <\/th>\n<td>                                                            Nameless                                                <\/td>\n<\/tr>\n<tr>\n<th>                <span class=\"row-header-label\">                                            Skupina artiklu<span class=\"row-header-label-colon\">:<\/span>                                    <\/span>            <\/th>\n<td>                                                            S19A                                                <\/td>\n<\/tr>\n<tr>\n<th>                <span class=\"row-header-label\">                                            \u0160\u00ed\u0159ka<span class=\"row-header-label-colon\">:<\/span>                                    <\/span>            <\/th>\n<td>                                                            60                                                <\/td>\n<\/tr>\n<tr>\n<th>                <span class=\"row-header-label\">                                            Typ p\u0159ipojen\u00ed<span class=\"row-header-label-colon\">:<\/span>                                    <\/span>            <\/th>\n<td>                                                            St\u0159edov\u00e9 50 mm,Jednobodov\u00e9                                                <\/td>\n<\/tr>\n<tr>\n<th>                <span class=\"row-header-label\">                                            V\u00fdkon<span class=\"row-header-label-colon\">:<\/span>                                    <\/span>            <\/th>\n<td>                                                            380 W,532 W,638 W,528 W,740 W,480 W,305 W,575 W,366 W,667 W,424 W                                                <\/td>\n<\/tr>\n<tr>\n<th>                <span class=\"row-header-label\">                                            V\u00fd\u0161ka<span class=\"row-header-label-colon\">:<\/span>                                    <\/span>            <\/th>\n<td>                                                            120                                                <\/td>\n<\/tr>\n<tr>\n<th>                <span class=\"row-header-label\">                                            Z\u00e1ruka<span class=\"row-header-label-colon\">:<\/span>                                    <\/span>            <\/th>\n<td>                                                            15 let                                                <\/td>\n<\/tr>\n<\/tbody>\n<\/table><\/div>\n<\/p><\/div>\n<\/p><\/div>\n","protected":false},"excerpt":{"rendered":"<p>Detailn\u00ed popis produktu Radi\u00e1tor lze\u00a0objednat s p\u0159\u00edplatkovou v\u00fdbavou\u00a0P\u0159\u00edplatek &#8211; Elektrick\u00fd radi\u00e1tor\u00a0a d\u00edky tomu dostanete \u010dist\u011b elektrick\u00fd radi\u00e1tor (s ji\u017e osazenou topnou ty\u010d\u00ed HOT a napln\u011bn\u00fd speci\u00e1ln\u00ed nemrznouc\u00ed teplonosnou sm\u011bs\u00ed do otopn\u00fdch t\u011bles). Elektrick\u00e9 radi\u00e1tory nejsou p\u0159ipojeny na rozvody TUV, snadno ho\u00a0zapoj\u00edte pouze do elektrick\u00e9 z\u00e1suvky a u\u017e\u00edv\u00e1te si teplo v koupeln\u011b kdykoliv chcete. Koupelnov\u00e9 radi\u00e1tory [&hellip;]<\/p>\n","protected":false},"featured_media":50807,"comment_status":"open","ping_status":"open","template":"","meta":[],"product_brand":[],"product_cat":[66],"product_tag":[],"class_list":{"0":"post-50707","1":"product","2":"type-product","3":"status-publish","4":"has-post-thumbnail","6":"product_cat-koupelnove-radiatory","8":"first","9":"instock","10":"sale","11":"shipping-taxable","12":"purchasable","13":"product-type-simple"},"yoast_head":"<!-- This site is optimized with the Yoast SEO plugin v26.8 - https:\/\/yoast.com\/product\/yoast-seo-wordpress\/ -->\n<title>Akce Koupelnov\u00fd radi\u00e1tor NAMELESS, B\u00edl\u00e1, 60 cm, 120 cm -<\/title>\n<meta name=\"robots\" content=\"index, follow, max-snippet:-1, max-image-preview:large, max-video-preview:-1\" \/>\n<link rel=\"canonical\" href=\"https:\/\/www.domkraftpro.com\/index.php\/produkt\/akce-koupelnovy-radiator-nameless-bila-60-cm-120-cm-50707\/\" \/>\n<meta property=\"og:locale\" content=\"cs_CZ\" \/>\n<meta property=\"og:type\" content=\"article\" \/>\n<meta property=\"og:title\" content=\"Akce Koupelnov\u00fd radi\u00e1tor NAMELESS, B\u00edl\u00e1, 60 cm, 120 cm -\" \/>\n<meta property=\"og:description\" content=\"Detailn\u00ed popis produktu Radi\u00e1tor lze\u00a0objednat s p\u0159\u00edplatkovou v\u00fdbavou\u00a0P\u0159\u00edplatek &#8211; Elektrick\u00fd radi\u00e1tor\u00a0a d\u00edky tomu dostanete \u010dist\u011b elektrick\u00fd radi\u00e1tor (s ji\u017e osazenou topnou ty\u010d\u00ed HOT a napln\u011bn\u00fd speci\u00e1ln\u00ed nemrznouc\u00ed teplonosnou sm\u011bs\u00ed do otopn\u00fdch t\u011bles). Elektrick\u00e9 radi\u00e1tory nejsou p\u0159ipojeny na rozvody TUV, snadno ho\u00a0zapoj\u00edte pouze do elektrick\u00e9 z\u00e1suvky a u\u017e\u00edv\u00e1te si teplo v koupeln\u011b kdykoliv chcete. Koupelnov\u00e9 radi\u00e1tory [&hellip;]\" \/>\n<meta property=\"og:url\" content=\"https:\/\/www.domkraftpro.com\/index.php\/produkt\/akce-koupelnovy-radiator-nameless-bila-60-cm-120-cm-50707\/\" \/>\n<meta property=\"og:image\" content=\"https:\/\/www.domkraftpro.com\/wp-content\/uploads\/2026\/SK0008483-CZ20260425-092556-0-1777080363-822747-6_koupelnovy-radiator-nameless.webp\" \/>\n\t<meta property=\"og:image:width\" content=\"1000\" \/>\n\t<meta property=\"og:image:height\" content=\"750\" \/>\n\t<meta property=\"og:image:type\" content=\"image\/webp\" \/>\n<meta name=\"twitter:card\" content=\"summary_large_image\" \/>\n<meta name=\"twitter:label1\" content=\"Odhadovan\u00e1 doba \u010dten\u00ed\" \/>\n\t<meta name=\"twitter:data1\" content=\"3 minuty\" \/>\n<script type=\"application\/ld+json\" class=\"yoast-schema-graph\">{\"@context\":\"https:\/\/schema.org\",\"@graph\":[{\"@type\":\"WebPage\",\"@id\":\"https:\/\/www.domkraftpro.com\/index.php\/produkt\/akce-koupelnovy-radiator-nameless-bila-60-cm-120-cm-50707\/\",\"url\":\"https:\/\/www.domkraftpro.com\/index.php\/produkt\/akce-koupelnovy-radiator-nameless-bila-60-cm-120-cm-50707\/\",\"name\":\"Akce Koupelnov\u00fd radi\u00e1tor NAMELESS, B\u00edl\u00e1, 60 cm, 120 cm -\",\"isPartOf\":{\"@id\":\"https:\/\/www.domkraftpro.com\/#website\"},\"primaryImageOfPage\":{\"@id\":\"https:\/\/www.domkraftpro.com\/index.php\/produkt\/akce-koupelnovy-radiator-nameless-bila-60-cm-120-cm-50707\/#primaryimage\"},\"image\":{\"@id\":\"https:\/\/www.domkraftpro.com\/index.php\/produkt\/akce-koupelnovy-radiator-nameless-bila-60-cm-120-cm-50707\/#primaryimage\"},\"thumbnailUrl\":\"https:\/\/www.domkraftpro.com\/wp-content\/uploads\/2026\/SK0008483-CZ20260425-092556-0-1777080363-822747-6_koupelnovy-radiator-nameless.webp\",\"datePublished\":\"2026-04-27T04:42:40+00:00\",\"breadcrumb\":{\"@id\":\"https:\/\/www.domkraftpro.com\/index.php\/produkt\/akce-koupelnovy-radiator-nameless-bila-60-cm-120-cm-50707\/#breadcrumb\"},\"inLanguage\":\"cs\",\"potentialAction\":[{\"@type\":\"ReadAction\",\"target\":[\"https:\/\/www.domkraftpro.com\/index.php\/produkt\/akce-koupelnovy-radiator-nameless-bila-60-cm-120-cm-50707\/\"]}]},{\"@type\":\"ImageObject\",\"inLanguage\":\"cs\",\"@id\":\"https:\/\/www.domkraftpro.com\/index.php\/produkt\/akce-koupelnovy-radiator-nameless-bila-60-cm-120-cm-50707\/#primaryimage\",\"url\":\"https:\/\/www.domkraftpro.com\/wp-content\/uploads\/2026\/SK0008483-CZ20260425-092556-0-1777080363-822747-6_koupelnovy-radiator-nameless.webp\",\"contentUrl\":\"https:\/\/www.domkraftpro.com\/wp-content\/uploads\/2026\/SK0008483-CZ20260425-092556-0-1777080363-822747-6_koupelnovy-radiator-nameless.webp\",\"width\":1000,\"height\":750},{\"@type\":\"BreadcrumbList\",\"@id\":\"https:\/\/www.domkraftpro.com\/index.php\/produkt\/akce-koupelnovy-radiator-nameless-bila-60-cm-120-cm-50707\/#breadcrumb\",\"itemListElement\":[{\"@type\":\"ListItem\",\"position\":1,\"name\":\"Home\",\"item\":\"https:\/\/www.domkraftpro.com\/\"},{\"@type\":\"ListItem\",\"position\":2,\"name\":\"Products\",\"item\":\"https:\/\/www.domkraftpro.com\/index.php\/products\/\"},{\"@type\":\"ListItem\",\"position\":3,\"name\":\"Akce Koupelnov\u00fd radi\u00e1tor NAMELESS, B\u00edl\u00e1, 60 cm, 120 cm\"}]},{\"@type\":\"WebSite\",\"@id\":\"https:\/\/www.domkraftpro.com\/#website\",\"url\":\"https:\/\/www.domkraftpro.com\/\",\"name\":\"\",\"description\":\"\",\"potentialAction\":[{\"@type\":\"SearchAction\",\"target\":{\"@type\":\"EntryPoint\",\"urlTemplate\":\"https:\/\/www.domkraftpro.com\/?s={search_term_string}\"},\"query-input\":{\"@type\":\"PropertyValueSpecification\",\"valueRequired\":true,\"valueName\":\"search_term_string\"}}],\"inLanguage\":\"cs\"}]}<\/script>\n<!-- \/ Yoast SEO plugin. -->","yoast_head_json":{"title":"Akce Koupelnov\u00fd radi\u00e1tor NAMELESS, B\u00edl\u00e1, 60 cm, 120 cm -","robots":{"index":"index","follow":"follow","max-snippet":"max-snippet:-1","max-image-preview":"max-image-preview:large","max-video-preview":"max-video-preview:-1"},"canonical":"https:\/\/www.domkraftpro.com\/index.php\/produkt\/akce-koupelnovy-radiator-nameless-bila-60-cm-120-cm-50707\/","og_locale":"cs_CZ","og_type":"article","og_title":"Akce Koupelnov\u00fd radi\u00e1tor NAMELESS, B\u00edl\u00e1, 60 cm, 120 cm -","og_description":"Detailn\u00ed popis produktu Radi\u00e1tor lze\u00a0objednat s p\u0159\u00edplatkovou v\u00fdbavou\u00a0P\u0159\u00edplatek &#8211; Elektrick\u00fd radi\u00e1tor\u00a0a d\u00edky tomu dostanete \u010dist\u011b elektrick\u00fd radi\u00e1tor (s ji\u017e osazenou topnou ty\u010d\u00ed HOT a napln\u011bn\u00fd speci\u00e1ln\u00ed nemrznouc\u00ed teplonosnou sm\u011bs\u00ed do otopn\u00fdch t\u011bles). Elektrick\u00e9 radi\u00e1tory nejsou p\u0159ipojeny na rozvody TUV, snadno ho\u00a0zapoj\u00edte pouze do elektrick\u00e9 z\u00e1suvky a u\u017e\u00edv\u00e1te si teplo v koupeln\u011b kdykoliv chcete. Koupelnov\u00e9 radi\u00e1tory [&hellip;]","og_url":"https:\/\/www.domkraftpro.com\/index.php\/produkt\/akce-koupelnovy-radiator-nameless-bila-60-cm-120-cm-50707\/","og_image":[{"width":1000,"height":750,"url":"https:\/\/www.domkraftpro.com\/wp-content\/uploads\/2026\/SK0008483-CZ20260425-092556-0-1777080363-822747-6_koupelnovy-radiator-nameless.webp","type":"image\/webp"}],"twitter_card":"summary_large_image","twitter_misc":{"Odhadovan\u00e1 doba \u010dten\u00ed":"3 minuty"},"schema":{"@context":"https:\/\/schema.org","@graph":[{"@type":"WebPage","@id":"https:\/\/www.domkraftpro.com\/index.php\/produkt\/akce-koupelnovy-radiator-nameless-bila-60-cm-120-cm-50707\/","url":"https:\/\/www.domkraftpro.com\/index.php\/produkt\/akce-koupelnovy-radiator-nameless-bila-60-cm-120-cm-50707\/","name":"Akce Koupelnov\u00fd radi\u00e1tor NAMELESS, B\u00edl\u00e1, 60 cm, 120 cm -","isPartOf":{"@id":"https:\/\/www.domkraftpro.com\/#website"},"primaryImageOfPage":{"@id":"https:\/\/www.domkraftpro.com\/index.php\/produkt\/akce-koupelnovy-radiator-nameless-bila-60-cm-120-cm-50707\/#primaryimage"},"image":{"@id":"https:\/\/www.domkraftpro.com\/index.php\/produkt\/akce-koupelnovy-radiator-nameless-bila-60-cm-120-cm-50707\/#primaryimage"},"thumbnailUrl":"https:\/\/www.domkraftpro.com\/wp-content\/uploads\/2026\/SK0008483-CZ20260425-092556-0-1777080363-822747-6_koupelnovy-radiator-nameless.webp","datePublished":"2026-04-27T04:42:40+00:00","breadcrumb":{"@id":"https:\/\/www.domkraftpro.com\/index.php\/produkt\/akce-koupelnovy-radiator-nameless-bila-60-cm-120-cm-50707\/#breadcrumb"},"inLanguage":"cs","potentialAction":[{"@type":"ReadAction","target":["https:\/\/www.domkraftpro.com\/index.php\/produkt\/akce-koupelnovy-radiator-nameless-bila-60-cm-120-cm-50707\/"]}]},{"@type":"ImageObject","inLanguage":"cs","@id":"https:\/\/www.domkraftpro.com\/index.php\/produkt\/akce-koupelnovy-radiator-nameless-bila-60-cm-120-cm-50707\/#primaryimage","url":"https:\/\/www.domkraftpro.com\/wp-content\/uploads\/2026\/SK0008483-CZ20260425-092556-0-1777080363-822747-6_koupelnovy-radiator-nameless.webp","contentUrl":"https:\/\/www.domkraftpro.com\/wp-content\/uploads\/2026\/SK0008483-CZ20260425-092556-0-1777080363-822747-6_koupelnovy-radiator-nameless.webp","width":1000,"height":750},{"@type":"BreadcrumbList","@id":"https:\/\/www.domkraftpro.com\/index.php\/produkt\/akce-koupelnovy-radiator-nameless-bila-60-cm-120-cm-50707\/#breadcrumb","itemListElement":[{"@type":"ListItem","position":1,"name":"Home","item":"https:\/\/www.domkraftpro.com\/"},{"@type":"ListItem","position":2,"name":"Products","item":"https:\/\/www.domkraftpro.com\/index.php\/products\/"},{"@type":"ListItem","position":3,"name":"Akce Koupelnov\u00fd radi\u00e1tor NAMELESS, B\u00edl\u00e1, 60 cm, 120 cm"}]},{"@type":"WebSite","@id":"https:\/\/www.domkraftpro.com\/#website","url":"https:\/\/www.domkraftpro.com\/","name":"","description":"","potentialAction":[{"@type":"SearchAction","target":{"@type":"EntryPoint","urlTemplate":"https:\/\/www.domkraftpro.com\/?s={search_term_string}"},"query-input":{"@type":"PropertyValueSpecification","valueRequired":true,"valueName":"search_term_string"}}],"inLanguage":"cs"}]}},"_links":{"self":[{"href":"https:\/\/www.domkraftpro.com\/index.php\/wp-json\/wp\/v2\/product\/50707","targetHints":{"allow":["GET"]}}],"collection":[{"href":"https:\/\/www.domkraftpro.com\/index.php\/wp-json\/wp\/v2\/product"}],"about":[{"href":"https:\/\/www.domkraftpro.com\/index.php\/wp-json\/wp\/v2\/types\/product"}],"replies":[{"embeddable":true,"href":"https:\/\/www.domkraftpro.com\/index.php\/wp-json\/wp\/v2\/comments?post=50707"}],"wp:featuredmedia":[{"embeddable":true,"href":"https:\/\/www.domkraftpro.com\/index.php\/wp-json\/wp\/v2\/media\/50807"}],"wp:attachment":[{"href":"https:\/\/www.domkraftpro.com\/index.php\/wp-json\/wp\/v2\/media?parent=50707"}],"wp:term":[{"taxonomy":"product_brand","embeddable":true,"href":"https:\/\/www.domkraftpro.com\/index.php\/wp-json\/wp\/v2\/product_brand?post=50707"},{"taxonomy":"product_cat","embeddable":true,"href":"https:\/\/www.domkraftpro.com\/index.php\/wp-json\/wp\/v2\/product_cat?post=50707"},{"taxonomy":"product_tag","embeddable":true,"href":"https:\/\/www.domkraftpro.com\/index.php\/wp-json\/wp\/v2\/product_tag?post=50707"}],"curies":[{"name":"wp","href":"https:\/\/api.w.org\/{rel}","templated":true}]}}