{"id":50342,"date":"2026-04-27T04:42:39","date_gmt":"2026-04-27T04:42:39","guid":{"rendered":""},"modified":"2026-04-27T04:42:39","modified_gmt":"2026-04-27T04:42:39","slug":"znackovy-pilovy-list-do-ocasky-na-porobeton-a-cihly-550x2-7mm-37t-sk-festa-element-shop-cz-50342","status":"publish","type":"product","link":"https:\/\/www.domkraftpro.com\/index.php\/produkt\/znackovy-pilovy-list-do-ocasky-na-porobeton-a-cihly-550x2-7mm-37t-sk-festa-element-shop-cz-50342\/","title":{"rendered":"Zna\u010dkov\u00fd Pilov\u00fd list do ocasky na porobeton a cihly, 550&#215;2,7mm, 37T, SK, FESTA | element-shop.cz"},"content":{"rendered":"<div class=\"basic-description\">\n<h3>Detailn\u00ed popis produktu<\/h3>\n<p>                                    Pilov\u00fd pl\u00e1tek do ocasky na p\u00f3robeton a <span class=\"show-tooltip\" title=\"Cihla je stavebn\u00ed materi\u00e1l, obvykle obd\u00e9ln\u00edkov\u00fd \u010di kv\u00e1drov\u00fd tvar, vyr\u00e1b\u011bn\u00fd z p\u00e1len\u00e9 hl\u00edny nebo jin\u00fdch materi\u00e1l\u016f. Cihly jsou b\u011b\u017en\u011b pou\u017e\u00edv\u00e1ny p\u0159i stavb\u011b zd\u00ed a dal\u0161\u00edch konstrukc\u00ed. Existuj\u00ed r\u016fzn\u00e9 druhy cihel s r\u016fzn\u00fdmi vlastnostmi a ur\u010den\u00edm, v\u010detn\u011b cihel&amp;hellip;\">cihly<\/span>, s SK pl\u00e1tky, 550x50x2,7mm, 37T, FESTASpeci\u00e1ln\u00ed pilov\u00fd pl\u00e1tek do elektrick\u00e9 nebo AKU pily ocasky od zna\u010dky FESTA je navr\u017een pro rychl\u00e9 a p\u0159esn\u00e9 \u0159ez\u00e1n\u00ed zdic\u00edch materi\u00e1l\u016f. D\u00edky zub\u016fm osazen\u00fdm tvrdokovem (SK pl\u00e1tky) si snadno porad\u00ed s p\u00f3robetonem, dutinov\u00fdmi cihlami i dal\u0161\u00edmi <span class=\"show-tooltip\" title=\"Abraze, neboli od\u011br je mechanick\u00e9 opot\u0159eben\u00ed nebo eroze l\u00e1tky \u010di materi\u00e1lu t\u0159en\u00edm, \u0161kr\u00e1b\u00e1n\u00edm nebo t\u0159en\u00edm. Je to povrchov\u00fd jev, kter\u00fd vede k postupn\u00e9mu odstra\u0148ov\u00e1n\u00ed materi\u00e1lu a m\u011bn\u00ed tvar, texturu a n\u011bkdy i vlastnosti posti\u017een\u00e9ho povrchu. Pochopen\u00ed&amp;hellip;\">abrazivn\u00edmi<\/span> materi\u00e1ly. Jedn\u00e1 se o nezbytn\u00fd <span class=\"show-tooltip\" title=\"N\u00e1stroj&amp;nbsp;je pracovn\u00ed prost\u0159edek, pom\u016fcka k zpracov\u00e1n\u00ed n\u011b\u010deho (pracovn\u00ed n\u00e1stroj, \u0159emeslnick\u00fd n\u00e1stroj, chirurgick\u00fd n\u00e1stroj aj.), p\u0159\u00edp. v\u00fdrobn\u00ed pom\u016fcka slou\u017e\u00edc\u00ed p\u0159i ru\u010dn\u00edm nebo strojn\u00edm obr\u00e1b\u011bn\u00ed ke zm\u011bn\u011b velikosti nebo tvaru opracov\u00e1van\u00e9ho&amp;hellip;\">n\u00e1stroj<\/span> pro zedn\u00edky, stavebn\u00edky i kutily p\u0159i rekonstrukc\u00edch a hrub\u00fdch stavb\u00e1ch, kde v\u00fdrazn\u011b \u0161et\u0159\u00ed <span class=\"show-tooltip\" title=\"\u010cas&amp;nbsp;(zna\u010dka&amp;nbsp;t) je jednou ze z\u00e1kladn\u00edch&amp;nbsp;fyzik\u00e1ln\u00edch veli\u010din&amp;nbsp;soustavy SI, kter\u00e1 se m\u011b\u0159\u00ed v&amp;nbsp;sekund\u00e1ch&amp;nbsp;(s) pomoc\u00ed&amp;nbsp;hodin. \u010cas ozna\u010duje&amp;nbsp;dobu, kter\u00e1 uplyne mezi dv\u011bma okam\u017eiky. V&amp;nbsp;jin\u00e9m ch\u00e1p\u00e1n\u00ed je \u010das poj\u00edm\u00e1n&amp;hellip;\">\u010das<\/span> i n\u00e1mahu p\u0159i tvarov\u00e1n\u00ed a za\u0159ez\u00e1v\u00e1n\u00ed blok\u016f.Kl\u00ed\u010dov\u00e9 vlastnosti:&#8226; Zuby s SK pl\u00e1tky: B\u0159ity ze slinut\u00e9ho karbidu zaru\u010duj\u00ed vysokou \u0159eznou rychlost a dlouhou \u017eivotnost ost\u0159\u00ed i p\u0159i \u0159ez\u00e1n\u00ed vysoce abrazivn\u00edch materi\u00e1l\u016f.&#8226; Robustn\u00ed <span class=\"show-tooltip\" title=\"Konstrukce je proces tvorby a sestaven\u00ed r\u016fzn\u00fdch prvk\u016f nebo sou\u010d\u00e1st\u00ed do funk\u010dn\u00edho celku, kter\u00fd m\u016f\u017ee slou\u017eit k ur\u010dit\u00e9mu \u00fa\u010delu. V kontextu stavebnictv\u00ed a in\u017een\u00fdrstv\u00ed zahrnuje konstrukce tvorbu budov, most\u016f, silnic, pr\u016fmyslov\u00fdch za\u0159\u00edzen\u00ed,&amp;hellip;\">konstrukce<\/span>: Tlou\u0161\u0165ka zub\u016f 2,7 mm zaji\u0161\u0165uje jeho stabilitu b\u011bhem \u0159ezu, zabra\u0148uje <span class=\"show-tooltip\" title=\"Ohyb je mechanick\u00fd jev, p\u0159i kter\u00e9m se materi\u00e1l deformuje pod vlivem s\u00edly nebo zat\u00ed\u017een\u00ed, kter\u00e9 p\u016fsob\u00ed kolmo na jeho osu. Tento proces je kl\u00ed\u010dov\u00fd v oblasti mechaniky a in\u017een\u00fdrstv\u00ed, a m\u016f\u017ee b\u00fdt zkoum\u00e1n z hlediska elasticity, pevnosti a stability&amp;hellip;\">oh\u00fdb\u00e1n\u00ed<\/span> do stran a umo\u017e\u0148uje p\u0159esn\u00e9 veden\u00ed pily.&#8226; Vysok\u00e1 efektivita: Rozte\u010d a tvar 37 zub\u016f jsou optimalizov\u00e1ny pro rychl\u00fd \u00fab\u011br materi\u00e1lu a plynul\u00fd chod bez ne\u017e\u00e1douc\u00edho zasek\u00e1v\u00e1n\u00ed.&#8226; Univerz\u00e1ln\u00ed up\u00edn\u00e1n\u00ed: Pl\u00e1tek je <span class=\"show-tooltip\" title=\"Kompatibilita ozna\u010duje schopnost dvou nebo v\u00edce prvk\u016f, syst\u00e9m\u016f nebo za\u0159\u00edzen\u00ed pracovat spolu bezkonfliktn\u011b nebo vz\u00e1jemn\u011b se dopl\u0148ovat. V kontextu technologi\u00ed nebo za\u0159\u00edzen\u00ed to znamen\u00e1, \u017ee jsou schopny spolupracovat a vz\u00e1jemn\u011b&amp;hellip;\">kompatibiln\u00ed<\/span> s drtivou v\u011bt\u0161inou b\u011b\u017en\u00fdch elektrick\u00fdch i akumul\u00e1torov\u00fdch \u0161avlov\u00fdch pil (ocasek) na trhu.Pou\u017eit\u00ed:&#10004; Ide\u00e1ln\u00ed pro d\u011blen\u00ed a \u00fapravu p\u00f3robetonov\u00fdch tv\u00e1rnic (nap\u0159. Ytong, Porfix).&#10004; Vhodn\u00fd pro \u0159ez\u00e1n\u00ed p\u00e1len\u00fdch dutinov\u00fdch cihel typu Porotherm.&#10004; D\u011blen\u00ed cementot\u0159\u00edskov\u00fdch desek a dal\u0161\u00edch lehk\u00fdch stavebn\u00edch materi\u00e1l\u016f.&#10004; Skv\u011ble se uplatn\u00ed p\u0159i vytv\u00e1\u0159en\u00ed stavebn\u00edch otvor\u016f, za\u0159ez\u00e1v\u00e1n\u00ed p\u0159\u00ed\u010dek nebo p\u0159i \u00faprav\u00e1ch blok\u016f p\u0159\u00edmo na stavb\u011b.Technick\u00e9 parametry:&#8226; Typ n\u00e1stroje: pilov\u00fd pl\u00e1tek pro \u0161avlov\u00e9 pily (ocasky)&#8226; Ur\u010den\u00ed: p\u00f3robeton, cihly, cementot\u0159\u00edskov\u00e9 desky&#8226; Materi\u00e1l b\u0159it\u016f: SK (slinut\u00fd karbid \/ tvrdokov)&#8226; Celkov\u00e1 <span class=\"show-tooltip\" title=\"D\u00e9lka&amp;nbsp;je jedna ze z\u00e1kladn\u00edch&amp;nbsp;fyzik\u00e1ln\u00edch veli\u010din. Pomoc\u00ed d\u00e9lky se vyjad\u0159uje vz\u00e1jemn\u00e1 poloha a rozprostran\u011bnost objekt\u016f v prostoru. D\u00e9lka jako fyzik\u00e1ln\u00ed veli\u010dina vych\u00e1z\u00ed z geometrick\u00e9ho pojmu&amp;nbsp;d\u00e9lky&amp;nbsp;jako&amp;nbsp;m\u00edry&amp;nbsp;ohrani\u010den\u00e9&amp;hellip;\">d\u00e9lka<\/span>: 550 mm&#8226; \u0160\u00ed\u0159ka listu: 50 mm&#8226; Tlou\u0161\u0165ka \u0159ezu: 2,7 mm &#8226; Po\u010det zub\u016f: 37&#9888; Upozorn\u011bn\u00ed:\u017divotnost ost\u0159\u00ed pl\u00e1tku je p\u0159\u00edmo z\u00e1visl\u00e1 na typu a tvrdosti \u0159ezan\u00e9ho materi\u00e1lu. P\u0159i \u0159ez\u00e1n\u00ed abrazivn\u00edch materi\u00e1l\u016f udr\u017eujte p\u0159im\u011b\u0159en\u00fd <span class=\"show-tooltip\" title=\"Tlak je fyzik\u00e1ln\u00ed veli\u010dina, kter\u00e1 vyjad\u0159uje s\u00edlu p\u016fsob\u00edc\u00ed na ur\u010ditou plochu. Matematicky je tlak definov\u00e1n jako s\u00edla d\u011blen\u00e1 plochou, na kterou p\u016fsob\u00ed. Z\u00e1kladn\u00ed jednotkou tlaku v mezin\u00e1rodn\u00edm syst\u00e9mu jednotek (SI) je pascal (Pa), co\u017e je newton na metr&amp;hellip;\">tlak<\/span> a tempo \u0159ezu, aby nedo\u0161lo k p\u0159eh\u0159\u00e1t\u00ed a p\u0159ed\u010dasn\u00e9mu <span class=\"show-tooltip\" title=\"Opot\u0159eben\u00ed je proces postupn\u00e9ho sni\u017eov\u00e1n\u00ed kvality, \u00fa\u010dinnosti a funk\u010dnosti materi\u00e1l\u016f, za\u0159\u00edzen\u00ed nebo komponent\u016f v d\u016fsledku jejich pou\u017e\u00edv\u00e1n\u00ed a vystaven\u00ed vn\u011bj\u0161\u00edm podm\u00ednk\u00e1m. Tento jev m\u016f\u017ee m\u00edt r\u016fzn\u00e1 specifika v z\u00e1vislosti na typu materi\u00e1lu, zp\u016fsobu&amp;hellip;\">opot\u0159eben\u00ed<\/span> zub\u016f.Pilov\u00fd pl\u00e1tek FESTA 550 mm s SK pl\u00e1tky je profesion\u00e1ln\u00ed a vysoce odoln\u00fd n\u00e1stroj pro ka\u017edodenn\u00ed nasazen\u00ed na hrub\u00e9 stavb\u011b. P\u0159edstavuje ide\u00e1ln\u00ed volbu pro \u0159emesln\u00edky a stava\u0159e, kte\u0159\u00ed pot\u0159ebuj\u00ed spolehliv\u011b a efektivn\u011b \u0159ezat <span class=\"show-tooltip\" title=\"Stavba je proces tvorby a vytv\u00e1\u0159en\u00ed r\u016fzn\u00fdch stavebn\u00edch objekt\u016f nebo konstrukc\u00ed. Stavba m\u016f\u017ee zahrnovat v\u00fdstavbu budov, most\u016f, silnic, tunel\u016f, hr\u00e1z\u00ed, pr\u016fmyslov\u00fdch za\u0159\u00edzen\u00ed, vodn\u00edch n\u00e1dr\u017e\u00ed, sportovn\u00edch za\u0159\u00edzen\u00ed a dal\u0161\u00edch&amp;hellip;\">stavebn\u00ed<\/span> bloky pomoc\u00ed pily ocasky.                            <\/div>\n","protected":false},"excerpt":{"rendered":"<p>Detailn\u00ed popis produktu Pilov\u00fd pl\u00e1tek do ocasky na p\u00f3robeton a cihly, s SK pl\u00e1tky, 550x50x2,7mm, 37T, FESTASpeci\u00e1ln\u00ed pilov\u00fd pl\u00e1tek do elektrick\u00e9 nebo AKU pily ocasky od zna\u010dky FESTA je navr\u017een pro rychl\u00e9 a p\u0159esn\u00e9 \u0159ez\u00e1n\u00ed zdic\u00edch materi\u00e1l\u016f. D\u00edky zub\u016fm osazen\u00fdm tvrdokovem (SK pl\u00e1tky) si snadno porad\u00ed s p\u00f3robetonem, dutinov\u00fdmi cihlami i dal\u0161\u00edmi abrazivn\u00edmi materi\u00e1ly. Jedn\u00e1 [&hellip;]<\/p>\n","protected":false},"featured_media":50442,"comment_status":"open","ping_status":"open","template":"","meta":[],"product_brand":[],"product_cat":[52],"product_tag":[],"class_list":{"0":"post-50342","1":"product","2":"type-product","3":"status-publish","4":"has-post-thumbnail","6":"product_cat-naradi","8":"first","9":"instock","10":"sale","11":"shipping-taxable","12":"purchasable","13":"product-type-simple"},"yoast_head":"<!-- This site is optimized with the Yoast SEO plugin v26.8 - https:\/\/yoast.com\/product\/yoast-seo-wordpress\/ -->\n<title>Zna\u010dkov\u00fd Pilov\u00fd list do ocasky na porobeton a cihly, 550x2,7mm, 37T, SK, FESTA | element-shop.cz -<\/title>\n<meta name=\"robots\" content=\"index, follow, max-snippet:-1, max-image-preview:large, max-video-preview:-1\" \/>\n<link rel=\"canonical\" href=\"https:\/\/www.domkraftpro.com\/index.php\/produkt\/znackovy-pilovy-list-do-ocasky-na-porobeton-a-cihly-550x2-7mm-37t-sk-festa-element-shop-cz-50342\/\" \/>\n<meta property=\"og:locale\" content=\"cs_CZ\" \/>\n<meta property=\"og:type\" content=\"article\" \/>\n<meta property=\"og:title\" content=\"Zna\u010dkov\u00fd Pilov\u00fd list do ocasky na porobeton a cihly, 550x2,7mm, 37T, SK, FESTA | element-shop.cz -\" \/>\n<meta property=\"og:description\" content=\"Detailn\u00ed popis produktu Pilov\u00fd pl\u00e1tek do ocasky na p\u00f3robeton a cihly, s SK pl\u00e1tky, 550x50x2,7mm, 37T, FESTASpeci\u00e1ln\u00ed pilov\u00fd pl\u00e1tek do elektrick\u00e9 nebo AKU pily ocasky od zna\u010dky FESTA je navr\u017een pro rychl\u00e9 a p\u0159esn\u00e9 \u0159ez\u00e1n\u00ed zdic\u00edch materi\u00e1l\u016f. D\u00edky zub\u016fm osazen\u00fdm tvrdokovem (SK pl\u00e1tky) si snadno porad\u00ed s p\u00f3robetonem, dutinov\u00fdmi cihlami i dal\u0161\u00edmi abrazivn\u00edmi materi\u00e1ly. Jedn\u00e1 [&hellip;]\" \/>\n<meta property=\"og:url\" content=\"https:\/\/www.domkraftpro.com\/index.php\/produkt\/znackovy-pilovy-list-do-ocasky-na-porobeton-a-cihly-550x2-7mm-37t-sk-festa-element-shop-cz-50342\/\" \/>\n<meta property=\"og:image\" content=\"https:\/\/www.domkraftpro.com\/wp-content\/uploads\/2026\/SK0008458-CZ20260425-092522-0-1777080324-123640_rewrite-66105-24318.webp\" \/>\n\t<meta property=\"og:image:width\" content=\"1000\" \/>\n\t<meta property=\"og:image:height\" content=\"750\" \/>\n\t<meta property=\"og:image:type\" content=\"image\/webp\" \/>\n<meta name=\"twitter:card\" content=\"summary_large_image\" \/>\n<meta name=\"twitter:label1\" content=\"Odhadovan\u00e1 doba \u010dten\u00ed\" \/>\n\t<meta name=\"twitter:data1\" content=\"2 minuty\" \/>\n<script type=\"application\/ld+json\" class=\"yoast-schema-graph\">{\"@context\":\"https:\/\/schema.org\",\"@graph\":[{\"@type\":\"WebPage\",\"@id\":\"https:\/\/www.domkraftpro.com\/index.php\/produkt\/znackovy-pilovy-list-do-ocasky-na-porobeton-a-cihly-550x2-7mm-37t-sk-festa-element-shop-cz-50342\/\",\"url\":\"https:\/\/www.domkraftpro.com\/index.php\/produkt\/znackovy-pilovy-list-do-ocasky-na-porobeton-a-cihly-550x2-7mm-37t-sk-festa-element-shop-cz-50342\/\",\"name\":\"Zna\u010dkov\u00fd Pilov\u00fd list do ocasky na porobeton a cihly, 550x2,7mm, 37T, SK, FESTA | element-shop.cz -\",\"isPartOf\":{\"@id\":\"https:\/\/www.domkraftpro.com\/#website\"},\"primaryImageOfPage\":{\"@id\":\"https:\/\/www.domkraftpro.com\/index.php\/produkt\/znackovy-pilovy-list-do-ocasky-na-porobeton-a-cihly-550x2-7mm-37t-sk-festa-element-shop-cz-50342\/#primaryimage\"},\"image\":{\"@id\":\"https:\/\/www.domkraftpro.com\/index.php\/produkt\/znackovy-pilovy-list-do-ocasky-na-porobeton-a-cihly-550x2-7mm-37t-sk-festa-element-shop-cz-50342\/#primaryimage\"},\"thumbnailUrl\":\"https:\/\/www.domkraftpro.com\/wp-content\/uploads\/2026\/SK0008458-CZ20260425-092522-0-1777080324-123640_rewrite-66105-24318.webp\",\"datePublished\":\"2026-04-27T04:42:39+00:00\",\"breadcrumb\":{\"@id\":\"https:\/\/www.domkraftpro.com\/index.php\/produkt\/znackovy-pilovy-list-do-ocasky-na-porobeton-a-cihly-550x2-7mm-37t-sk-festa-element-shop-cz-50342\/#breadcrumb\"},\"inLanguage\":\"cs\",\"potentialAction\":[{\"@type\":\"ReadAction\",\"target\":[\"https:\/\/www.domkraftpro.com\/index.php\/produkt\/znackovy-pilovy-list-do-ocasky-na-porobeton-a-cihly-550x2-7mm-37t-sk-festa-element-shop-cz-50342\/\"]}]},{\"@type\":\"ImageObject\",\"inLanguage\":\"cs\",\"@id\":\"https:\/\/www.domkraftpro.com\/index.php\/produkt\/znackovy-pilovy-list-do-ocasky-na-porobeton-a-cihly-550x2-7mm-37t-sk-festa-element-shop-cz-50342\/#primaryimage\",\"url\":\"https:\/\/www.domkraftpro.com\/wp-content\/uploads\/2026\/SK0008458-CZ20260425-092522-0-1777080324-123640_rewrite-66105-24318.webp\",\"contentUrl\":\"https:\/\/www.domkraftpro.com\/wp-content\/uploads\/2026\/SK0008458-CZ20260425-092522-0-1777080324-123640_rewrite-66105-24318.webp\",\"width\":1000,\"height\":750},{\"@type\":\"BreadcrumbList\",\"@id\":\"https:\/\/www.domkraftpro.com\/index.php\/produkt\/znackovy-pilovy-list-do-ocasky-na-porobeton-a-cihly-550x2-7mm-37t-sk-festa-element-shop-cz-50342\/#breadcrumb\",\"itemListElement\":[{\"@type\":\"ListItem\",\"position\":1,\"name\":\"Home\",\"item\":\"https:\/\/www.domkraftpro.com\/\"},{\"@type\":\"ListItem\",\"position\":2,\"name\":\"Products\",\"item\":\"https:\/\/www.domkraftpro.com\/index.php\/products\/\"},{\"@type\":\"ListItem\",\"position\":3,\"name\":\"Zna\u010dkov\u00fd Pilov\u00fd list do ocasky na porobeton a cihly, 550&#215;2,7mm, 37T, SK, FESTA | element-shop.cz\"}]},{\"@type\":\"WebSite\",\"@id\":\"https:\/\/www.domkraftpro.com\/#website\",\"url\":\"https:\/\/www.domkraftpro.com\/\",\"name\":\"\",\"description\":\"\",\"potentialAction\":[{\"@type\":\"SearchAction\",\"target\":{\"@type\":\"EntryPoint\",\"urlTemplate\":\"https:\/\/www.domkraftpro.com\/?s={search_term_string}\"},\"query-input\":{\"@type\":\"PropertyValueSpecification\",\"valueRequired\":true,\"valueName\":\"search_term_string\"}}],\"inLanguage\":\"cs\"}]}<\/script>\n<!-- \/ Yoast SEO plugin. -->","yoast_head_json":{"title":"Zna\u010dkov\u00fd Pilov\u00fd list do ocasky na porobeton a cihly, 550x2,7mm, 37T, SK, FESTA | element-shop.cz -","robots":{"index":"index","follow":"follow","max-snippet":"max-snippet:-1","max-image-preview":"max-image-preview:large","max-video-preview":"max-video-preview:-1"},"canonical":"https:\/\/www.domkraftpro.com\/index.php\/produkt\/znackovy-pilovy-list-do-ocasky-na-porobeton-a-cihly-550x2-7mm-37t-sk-festa-element-shop-cz-50342\/","og_locale":"cs_CZ","og_type":"article","og_title":"Zna\u010dkov\u00fd Pilov\u00fd list do ocasky na porobeton a cihly, 550x2,7mm, 37T, SK, FESTA | element-shop.cz -","og_description":"Detailn\u00ed popis produktu Pilov\u00fd pl\u00e1tek do ocasky na p\u00f3robeton a cihly, s SK pl\u00e1tky, 550x50x2,7mm, 37T, FESTASpeci\u00e1ln\u00ed pilov\u00fd pl\u00e1tek do elektrick\u00e9 nebo AKU pily ocasky od zna\u010dky FESTA je navr\u017een pro rychl\u00e9 a p\u0159esn\u00e9 \u0159ez\u00e1n\u00ed zdic\u00edch materi\u00e1l\u016f. D\u00edky zub\u016fm osazen\u00fdm tvrdokovem (SK pl\u00e1tky) si snadno porad\u00ed s p\u00f3robetonem, dutinov\u00fdmi cihlami i dal\u0161\u00edmi abrazivn\u00edmi materi\u00e1ly. Jedn\u00e1 [&hellip;]","og_url":"https:\/\/www.domkraftpro.com\/index.php\/produkt\/znackovy-pilovy-list-do-ocasky-na-porobeton-a-cihly-550x2-7mm-37t-sk-festa-element-shop-cz-50342\/","og_image":[{"width":1000,"height":750,"url":"https:\/\/www.domkraftpro.com\/wp-content\/uploads\/2026\/SK0008458-CZ20260425-092522-0-1777080324-123640_rewrite-66105-24318.webp","type":"image\/webp"}],"twitter_card":"summary_large_image","twitter_misc":{"Odhadovan\u00e1 doba \u010dten\u00ed":"2 minuty"},"schema":{"@context":"https:\/\/schema.org","@graph":[{"@type":"WebPage","@id":"https:\/\/www.domkraftpro.com\/index.php\/produkt\/znackovy-pilovy-list-do-ocasky-na-porobeton-a-cihly-550x2-7mm-37t-sk-festa-element-shop-cz-50342\/","url":"https:\/\/www.domkraftpro.com\/index.php\/produkt\/znackovy-pilovy-list-do-ocasky-na-porobeton-a-cihly-550x2-7mm-37t-sk-festa-element-shop-cz-50342\/","name":"Zna\u010dkov\u00fd Pilov\u00fd list do ocasky na porobeton a cihly, 550x2,7mm, 37T, SK, FESTA | element-shop.cz -","isPartOf":{"@id":"https:\/\/www.domkraftpro.com\/#website"},"primaryImageOfPage":{"@id":"https:\/\/www.domkraftpro.com\/index.php\/produkt\/znackovy-pilovy-list-do-ocasky-na-porobeton-a-cihly-550x2-7mm-37t-sk-festa-element-shop-cz-50342\/#primaryimage"},"image":{"@id":"https:\/\/www.domkraftpro.com\/index.php\/produkt\/znackovy-pilovy-list-do-ocasky-na-porobeton-a-cihly-550x2-7mm-37t-sk-festa-element-shop-cz-50342\/#primaryimage"},"thumbnailUrl":"https:\/\/www.domkraftpro.com\/wp-content\/uploads\/2026\/SK0008458-CZ20260425-092522-0-1777080324-123640_rewrite-66105-24318.webp","datePublished":"2026-04-27T04:42:39+00:00","breadcrumb":{"@id":"https:\/\/www.domkraftpro.com\/index.php\/produkt\/znackovy-pilovy-list-do-ocasky-na-porobeton-a-cihly-550x2-7mm-37t-sk-festa-element-shop-cz-50342\/#breadcrumb"},"inLanguage":"cs","potentialAction":[{"@type":"ReadAction","target":["https:\/\/www.domkraftpro.com\/index.php\/produkt\/znackovy-pilovy-list-do-ocasky-na-porobeton-a-cihly-550x2-7mm-37t-sk-festa-element-shop-cz-50342\/"]}]},{"@type":"ImageObject","inLanguage":"cs","@id":"https:\/\/www.domkraftpro.com\/index.php\/produkt\/znackovy-pilovy-list-do-ocasky-na-porobeton-a-cihly-550x2-7mm-37t-sk-festa-element-shop-cz-50342\/#primaryimage","url":"https:\/\/www.domkraftpro.com\/wp-content\/uploads\/2026\/SK0008458-CZ20260425-092522-0-1777080324-123640_rewrite-66105-24318.webp","contentUrl":"https:\/\/www.domkraftpro.com\/wp-content\/uploads\/2026\/SK0008458-CZ20260425-092522-0-1777080324-123640_rewrite-66105-24318.webp","width":1000,"height":750},{"@type":"BreadcrumbList","@id":"https:\/\/www.domkraftpro.com\/index.php\/produkt\/znackovy-pilovy-list-do-ocasky-na-porobeton-a-cihly-550x2-7mm-37t-sk-festa-element-shop-cz-50342\/#breadcrumb","itemListElement":[{"@type":"ListItem","position":1,"name":"Home","item":"https:\/\/www.domkraftpro.com\/"},{"@type":"ListItem","position":2,"name":"Products","item":"https:\/\/www.domkraftpro.com\/index.php\/products\/"},{"@type":"ListItem","position":3,"name":"Zna\u010dkov\u00fd Pilov\u00fd list do ocasky na porobeton a cihly, 550&#215;2,7mm, 37T, SK, FESTA | element-shop.cz"}]},{"@type":"WebSite","@id":"https:\/\/www.domkraftpro.com\/#website","url":"https:\/\/www.domkraftpro.com\/","name":"","description":"","potentialAction":[{"@type":"SearchAction","target":{"@type":"EntryPoint","urlTemplate":"https:\/\/www.domkraftpro.com\/?s={search_term_string}"},"query-input":{"@type":"PropertyValueSpecification","valueRequired":true,"valueName":"search_term_string"}}],"inLanguage":"cs"}]}},"_links":{"self":[{"href":"https:\/\/www.domkraftpro.com\/index.php\/wp-json\/wp\/v2\/product\/50342","targetHints":{"allow":["GET"]}}],"collection":[{"href":"https:\/\/www.domkraftpro.com\/index.php\/wp-json\/wp\/v2\/product"}],"about":[{"href":"https:\/\/www.domkraftpro.com\/index.php\/wp-json\/wp\/v2\/types\/product"}],"replies":[{"embeddable":true,"href":"https:\/\/www.domkraftpro.com\/index.php\/wp-json\/wp\/v2\/comments?post=50342"}],"wp:featuredmedia":[{"embeddable":true,"href":"https:\/\/www.domkraftpro.com\/index.php\/wp-json\/wp\/v2\/media\/50442"}],"wp:attachment":[{"href":"https:\/\/www.domkraftpro.com\/index.php\/wp-json\/wp\/v2\/media?parent=50342"}],"wp:term":[{"taxonomy":"product_brand","embeddable":true,"href":"https:\/\/www.domkraftpro.com\/index.php\/wp-json\/wp\/v2\/product_brand?post=50342"},{"taxonomy":"product_cat","embeddable":true,"href":"https:\/\/www.domkraftpro.com\/index.php\/wp-json\/wp\/v2\/product_cat?post=50342"},{"taxonomy":"product_tag","embeddable":true,"href":"https:\/\/www.domkraftpro.com\/index.php\/wp-json\/wp\/v2\/product_tag?post=50342"}],"curies":[{"name":"wp","href":"https:\/\/api.w.org\/{rel}","templated":true}]}}