{"id":50152,"date":"2026-04-27T04:42:38","date_gmt":"2026-04-27T04:42:38","guid":{"rendered":""},"modified":"2026-04-27T04:42:38","modified_gmt":"2026-04-27T04:42:38","slug":"znackovy-sprchova-hadice-nerezova-dvouzamkova-180cm-freshhh-element-shop-cz-50152","status":"publish","type":"product","link":"https:\/\/www.domkraftpro.com\/index.php\/produkt\/znackovy-sprchova-hadice-nerezova-dvouzamkova-180cm-freshhh-element-shop-cz-50152\/","title":{"rendered":"Zna\u010dkov\u00fd Sprchov\u00e1 hadice nerezov\u00e1, dvouz\u00e1mkov\u00e1, 180cm, FRESHHH | element-shop.cz"},"content":{"rendered":"<div class=\"basic-description\">\n<h3>Detailn\u00ed popis produktu<\/h3>\n<p>                                    Sprchov\u00e1 hadice, nerezov\u00e1, 180 cm Sprchov\u00e1 hadice o <span class=\"show-tooltip\" title=\"D\u00e9lka&amp;nbsp;je jedna ze z\u00e1kladn\u00edch&amp;nbsp;fyzik\u00e1ln\u00edch veli\u010din. Pomoc\u00ed d\u00e9lky se vyjad\u0159uje vz\u00e1jemn\u00e1 poloha a rozprostran\u011bnost objekt\u016f v prostoru. D\u00e9lka jako fyzik\u00e1ln\u00ed veli\u010dina vych\u00e1z\u00ed z geometrick\u00e9ho pojmu&amp;nbsp;d\u00e9lky&amp;nbsp;jako&amp;nbsp;m\u00edry&amp;nbsp;ohrani\u010den\u00e9&amp;hellip;\">d\u00e9lce<\/span> 180 cm s nerezov\u00fdm opletem je ur\u010dena pro p\u0159ipojen\u00ed ru\u010dn\u00ed sprchy ke sprchov\u00e9 nebo vanov\u00e9 baterii. D\u00edky dvouz\u00e1mkov\u00e9 konstrukci opletu poskytuje vy\u0161\u0161\u00ed <span class=\"show-tooltip\" title=\"Mechanika je v\u011bdn\u00ed obor, kter\u00fd se zab\u00fdv\u00e1 studiem pohybu a rovnov\u00e1hy t\u011bles, a to jak v klidu, tak v pohybu. Tento obor se rozd\u011bluje do n\u011bkolika hlavn\u00edch oblast\u00ed, kter\u00e9 se li\u0161\u00ed podle typ\u016f sil, pohybov\u00fdch vzorc\u016f a aplikac\u00ed.&amp;nbsp;Mechanika je&amp;hellip;\">mechanickou<\/span> odolnost, omezuje p\u0159et\u00e1\u010den\u00ed hadice a prodlu\u017euje jej\u00ed \u017eivotnost p\u0159i ka\u017edodenn\u00edm pou\u017e\u00edv\u00e1n\u00ed.Hadice je opat\u0159ena chromovou povrchovou \u00fapravou, kter\u00e1 zaji\u0161\u0165uje odolnost proti korozi a snadnou \u00fadr\u017ebu. Standardn\u00ed proveden\u00ed umo\u017e\u0148uje rychlou a bezprobl\u00e9movou mont\u00e1\u017e na b\u011b\u017en\u00e9 sprchov\u00e9 p\u0159\u00edslu\u0161enstv\u00ed bez nutnosti pou\u017eit\u00ed speci\u00e1ln\u00edho <span class=\"show-tooltip\" title=\"N\u00e1stroj&amp;nbsp;je pracovn\u00ed prost\u0159edek, pom\u016fcka k zpracov\u00e1n\u00ed n\u011b\u010deho (pracovn\u00ed n\u00e1stroj, \u0159emeslnick\u00fd n\u00e1stroj, chirurgick\u00fd n\u00e1stroj aj.), p\u0159\u00edp. v\u00fdrobn\u00ed pom\u016fcka slou\u017e\u00edc\u00ed p\u0159i ru\u010dn\u00edm nebo strojn\u00edm obr\u00e1b\u011bn\u00ed ke zm\u011bn\u011b velikosti nebo tvaru opracov\u00e1van\u00e9ho&amp;hellip;\">n\u00e1\u0159ad\u00ed<\/span>.Kl\u00ed\u010dov\u00e9 vlastnosti:&#8226; sprchov\u00e1 hadice z nerezov\u00e9ho opletu&#8226; dvouz\u00e1mkov\u00e1 <span class=\"show-tooltip\" title=\"Konstrukce je proces tvorby a sestaven\u00ed r\u016fzn\u00fdch prvk\u016f nebo sou\u010d\u00e1st\u00ed do funk\u010dn\u00edho celku, kter\u00fd m\u016f\u017ee slou\u017eit k ur\u010dit\u00e9mu \u00fa\u010delu. V kontextu stavebnictv\u00ed a in\u017een\u00fdrstv\u00ed zahrnuje konstrukce tvorbu budov, most\u016f, silnic, pr\u016fmyslov\u00fdch za\u0159\u00edzen\u00ed,&amp;hellip;\">konstrukce<\/span> pro vy\u0161\u0161\u00ed <span class=\"show-tooltip\" title=\"Pevnost je materi\u00e1lov\u00e1 vlastnost charakterizuj\u00edc\u00ed schopnost materi\u00e1lu odol\u00e1vat vn\u011bj\u0161\u00edm sil\u00e1m, kter\u00e9 by mohly zp\u016fsobit jeho deformaci, roztr\u017een\u00ed nebo jin\u00e9 formy selh\u00e1n\u00ed.Pevnost je z\u00e1kladn\u00edm parametrem pro posouzen\u00ed odolnosti materi\u00e1l\u016f v konstrukci a&amp;hellip;\">pevnost<\/span>&#8226; odolnost proti zlomen\u00ed a p\u0159eto\u010den\u00ed&#8226; chromov\u00e1 povrchov\u00e1 \u00faprava&#8226; snadn\u00e1 mont\u00e1\u017e na standardn\u00ed sprchov\u00e9 p\u0159\u00edslu\u0161enstv\u00ed&#8226; vhodn\u00e1 pro ka\u017edodenn\u00ed provoz&#10004; sprchov\u00e9 kouty&#10004; vany se sprchovou bateri\u00ed&#10004; koupelnov\u00e9 a sanit\u00e1rn\u00ed instalace&#10004; dom\u00e1c\u00ed i b\u011b\u017en\u00e9 provozn\u00ed pou\u017eit\u00edTechnick\u00e9 parametry:&#8226; typ: sprchov\u00e1 hadice&#8226; d\u00e9lka: 180 cm &#8226; materi\u00e1l opletu: nerez \/ <span class=\"show-tooltip\" title=\"Kovy&amp;nbsp;tvo\u0159\u00ed spole\u010dn\u011b s&amp;nbsp;polokovy&amp;nbsp;a&amp;nbsp;nekovy&amp;nbsp;t\u0159i hlavn\u00ed skupiny&amp;nbsp;chemick\u00fdch prvk\u016f. Rozd\u011blen\u00ed je prov\u00e1d\u011bno s ohledem na&amp;nbsp;vazebn\u00e9&amp;nbsp;a&amp;nbsp;ioniza\u010dn\u00ed&amp;nbsp;vlastnosti prvk\u016f. Kovy jsou charakterizovan\u00e9&amp;hellip;\">kov<\/span> &#8226; povrchov\u00e1 \u00faprava: chrom &#8226; konstrukce: dvouz\u00e1mkov\u00e1 Nerezov\u00e1 sprchov\u00e1 hadice 180 cm je spolehliv\u00fdm a odoln\u00fdm \u0159e\u0161en\u00edm pro standardn\u00ed koupelnov\u00e9 instalace. Nab\u00edz\u00ed pevnou konstrukci, dlouhou \u017eivotnost a jednoduchou \u00fadr\u017ebu, d\u00edky \u010demu\u017e je vhodn\u00e1 pro b\u011b\u017en\u00e9 dom\u00e1c\u00ed pou\u017e\u00edv\u00e1n\u00ed i \u010dast\u00fd provoz.                            <\/div>\n","protected":false},"excerpt":{"rendered":"<p>Detailn\u00ed popis produktu Sprchov\u00e1 hadice, nerezov\u00e1, 180 cm Sprchov\u00e1 hadice o d\u00e9lce 180 cm s nerezov\u00fdm opletem je ur\u010dena pro p\u0159ipojen\u00ed ru\u010dn\u00ed sprchy ke sprchov\u00e9 nebo vanov\u00e9 baterii. D\u00edky dvouz\u00e1mkov\u00e9 konstrukci opletu poskytuje vy\u0161\u0161\u00ed mechanickou odolnost, omezuje p\u0159et\u00e1\u010den\u00ed hadice a prodlu\u017euje jej\u00ed \u017eivotnost p\u0159i ka\u017edodenn\u00edm pou\u017e\u00edv\u00e1n\u00ed.Hadice je opat\u0159ena chromovou povrchovou \u00fapravou, kter\u00e1 zaji\u0161\u0165uje odolnost proti [&hellip;]<\/p>\n","protected":false},"featured_media":50252,"comment_status":"open","ping_status":"open","template":"","meta":[],"product_brand":[],"product_cat":[58],"product_tag":[],"class_list":{"0":"post-50152","1":"product","2":"type-product","3":"status-publish","4":"has-post-thumbnail","6":"product_cat-dum-a-zahrada","8":"first","9":"instock","10":"sale","11":"shipping-taxable","12":"purchasable","13":"product-type-simple"},"yoast_head":"<!-- This site is optimized with the Yoast SEO plugin v26.8 - https:\/\/yoast.com\/product\/yoast-seo-wordpress\/ -->\n<title>Zna\u010dkov\u00fd Sprchov\u00e1 hadice nerezov\u00e1, dvouz\u00e1mkov\u00e1, 180cm, FRESHHH | element-shop.cz -<\/title>\n<meta name=\"robots\" content=\"index, follow, max-snippet:-1, max-image-preview:large, max-video-preview:-1\" \/>\n<link rel=\"canonical\" href=\"https:\/\/www.domkraftpro.com\/index.php\/produkt\/znackovy-sprchova-hadice-nerezova-dvouzamkova-180cm-freshhh-element-shop-cz-50152\/\" \/>\n<meta property=\"og:locale\" content=\"cs_CZ\" \/>\n<meta property=\"og:type\" content=\"article\" \/>\n<meta property=\"og:title\" content=\"Zna\u010dkov\u00fd Sprchov\u00e1 hadice nerezov\u00e1, dvouz\u00e1mkov\u00e1, 180cm, FRESHHH | element-shop.cz -\" \/>\n<meta property=\"og:description\" content=\"Detailn\u00ed popis produktu Sprchov\u00e1 hadice, nerezov\u00e1, 180 cm Sprchov\u00e1 hadice o d\u00e9lce 180 cm s nerezov\u00fdm opletem je ur\u010dena pro p\u0159ipojen\u00ed ru\u010dn\u00ed sprchy ke sprchov\u00e9 nebo vanov\u00e9 baterii. D\u00edky dvouz\u00e1mkov\u00e9 konstrukci opletu poskytuje vy\u0161\u0161\u00ed mechanickou odolnost, omezuje p\u0159et\u00e1\u010den\u00ed hadice a prodlu\u017euje jej\u00ed \u017eivotnost p\u0159i ka\u017edodenn\u00edm pou\u017e\u00edv\u00e1n\u00ed.Hadice je opat\u0159ena chromovou povrchovou \u00fapravou, kter\u00e1 zaji\u0161\u0165uje odolnost proti [&hellip;]\" \/>\n<meta property=\"og:url\" content=\"https:\/\/www.domkraftpro.com\/index.php\/produkt\/znackovy-sprchova-hadice-nerezova-dvouzamkova-180cm-freshhh-element-shop-cz-50152\/\" \/>\n<meta property=\"og:image\" content=\"https:\/\/www.domkraftpro.com\/wp-content\/uploads\/2026\/SK0008368-CZ20260425-092522-0-1777080324-123319_rewrite-65064-830225.webp\" \/>\n\t<meta property=\"og:image:width\" content=\"1000\" \/>\n\t<meta property=\"og:image:height\" content=\"750\" \/>\n\t<meta property=\"og:image:type\" content=\"image\/webp\" \/>\n<meta name=\"twitter:card\" content=\"summary_large_image\" \/>\n<meta name=\"twitter:label1\" content=\"Odhadovan\u00e1 doba \u010dten\u00ed\" \/>\n\t<meta name=\"twitter:data1\" content=\"1 minuta\" \/>\n<script type=\"application\/ld+json\" class=\"yoast-schema-graph\">{\"@context\":\"https:\/\/schema.org\",\"@graph\":[{\"@type\":\"WebPage\",\"@id\":\"https:\/\/www.domkraftpro.com\/index.php\/produkt\/znackovy-sprchova-hadice-nerezova-dvouzamkova-180cm-freshhh-element-shop-cz-50152\/\",\"url\":\"https:\/\/www.domkraftpro.com\/index.php\/produkt\/znackovy-sprchova-hadice-nerezova-dvouzamkova-180cm-freshhh-element-shop-cz-50152\/\",\"name\":\"Zna\u010dkov\u00fd Sprchov\u00e1 hadice nerezov\u00e1, dvouz\u00e1mkov\u00e1, 180cm, FRESHHH | element-shop.cz -\",\"isPartOf\":{\"@id\":\"https:\/\/www.domkraftpro.com\/#website\"},\"primaryImageOfPage\":{\"@id\":\"https:\/\/www.domkraftpro.com\/index.php\/produkt\/znackovy-sprchova-hadice-nerezova-dvouzamkova-180cm-freshhh-element-shop-cz-50152\/#primaryimage\"},\"image\":{\"@id\":\"https:\/\/www.domkraftpro.com\/index.php\/produkt\/znackovy-sprchova-hadice-nerezova-dvouzamkova-180cm-freshhh-element-shop-cz-50152\/#primaryimage\"},\"thumbnailUrl\":\"https:\/\/www.domkraftpro.com\/wp-content\/uploads\/2026\/SK0008368-CZ20260425-092522-0-1777080324-123319_rewrite-65064-830225.webp\",\"datePublished\":\"2026-04-27T04:42:38+00:00\",\"breadcrumb\":{\"@id\":\"https:\/\/www.domkraftpro.com\/index.php\/produkt\/znackovy-sprchova-hadice-nerezova-dvouzamkova-180cm-freshhh-element-shop-cz-50152\/#breadcrumb\"},\"inLanguage\":\"cs\",\"potentialAction\":[{\"@type\":\"ReadAction\",\"target\":[\"https:\/\/www.domkraftpro.com\/index.php\/produkt\/znackovy-sprchova-hadice-nerezova-dvouzamkova-180cm-freshhh-element-shop-cz-50152\/\"]}]},{\"@type\":\"ImageObject\",\"inLanguage\":\"cs\",\"@id\":\"https:\/\/www.domkraftpro.com\/index.php\/produkt\/znackovy-sprchova-hadice-nerezova-dvouzamkova-180cm-freshhh-element-shop-cz-50152\/#primaryimage\",\"url\":\"https:\/\/www.domkraftpro.com\/wp-content\/uploads\/2026\/SK0008368-CZ20260425-092522-0-1777080324-123319_rewrite-65064-830225.webp\",\"contentUrl\":\"https:\/\/www.domkraftpro.com\/wp-content\/uploads\/2026\/SK0008368-CZ20260425-092522-0-1777080324-123319_rewrite-65064-830225.webp\",\"width\":1000,\"height\":750},{\"@type\":\"BreadcrumbList\",\"@id\":\"https:\/\/www.domkraftpro.com\/index.php\/produkt\/znackovy-sprchova-hadice-nerezova-dvouzamkova-180cm-freshhh-element-shop-cz-50152\/#breadcrumb\",\"itemListElement\":[{\"@type\":\"ListItem\",\"position\":1,\"name\":\"Home\",\"item\":\"https:\/\/www.domkraftpro.com\/\"},{\"@type\":\"ListItem\",\"position\":2,\"name\":\"Products\",\"item\":\"https:\/\/www.domkraftpro.com\/index.php\/products\/\"},{\"@type\":\"ListItem\",\"position\":3,\"name\":\"Zna\u010dkov\u00fd Sprchov\u00e1 hadice nerezov\u00e1, dvouz\u00e1mkov\u00e1, 180cm, FRESHHH | element-shop.cz\"}]},{\"@type\":\"WebSite\",\"@id\":\"https:\/\/www.domkraftpro.com\/#website\",\"url\":\"https:\/\/www.domkraftpro.com\/\",\"name\":\"\",\"description\":\"\",\"potentialAction\":[{\"@type\":\"SearchAction\",\"target\":{\"@type\":\"EntryPoint\",\"urlTemplate\":\"https:\/\/www.domkraftpro.com\/?s={search_term_string}\"},\"query-input\":{\"@type\":\"PropertyValueSpecification\",\"valueRequired\":true,\"valueName\":\"search_term_string\"}}],\"inLanguage\":\"cs\"}]}<\/script>\n<!-- \/ Yoast SEO plugin. -->","yoast_head_json":{"title":"Zna\u010dkov\u00fd Sprchov\u00e1 hadice nerezov\u00e1, dvouz\u00e1mkov\u00e1, 180cm, FRESHHH | element-shop.cz -","robots":{"index":"index","follow":"follow","max-snippet":"max-snippet:-1","max-image-preview":"max-image-preview:large","max-video-preview":"max-video-preview:-1"},"canonical":"https:\/\/www.domkraftpro.com\/index.php\/produkt\/znackovy-sprchova-hadice-nerezova-dvouzamkova-180cm-freshhh-element-shop-cz-50152\/","og_locale":"cs_CZ","og_type":"article","og_title":"Zna\u010dkov\u00fd Sprchov\u00e1 hadice nerezov\u00e1, dvouz\u00e1mkov\u00e1, 180cm, FRESHHH | element-shop.cz -","og_description":"Detailn\u00ed popis produktu Sprchov\u00e1 hadice, nerezov\u00e1, 180 cm Sprchov\u00e1 hadice o d\u00e9lce 180 cm s nerezov\u00fdm opletem je ur\u010dena pro p\u0159ipojen\u00ed ru\u010dn\u00ed sprchy ke sprchov\u00e9 nebo vanov\u00e9 baterii. D\u00edky dvouz\u00e1mkov\u00e9 konstrukci opletu poskytuje vy\u0161\u0161\u00ed mechanickou odolnost, omezuje p\u0159et\u00e1\u010den\u00ed hadice a prodlu\u017euje jej\u00ed \u017eivotnost p\u0159i ka\u017edodenn\u00edm pou\u017e\u00edv\u00e1n\u00ed.Hadice je opat\u0159ena chromovou povrchovou \u00fapravou, kter\u00e1 zaji\u0161\u0165uje odolnost proti [&hellip;]","og_url":"https:\/\/www.domkraftpro.com\/index.php\/produkt\/znackovy-sprchova-hadice-nerezova-dvouzamkova-180cm-freshhh-element-shop-cz-50152\/","og_image":[{"width":1000,"height":750,"url":"https:\/\/www.domkraftpro.com\/wp-content\/uploads\/2026\/SK0008368-CZ20260425-092522-0-1777080324-123319_rewrite-65064-830225.webp","type":"image\/webp"}],"twitter_card":"summary_large_image","twitter_misc":{"Odhadovan\u00e1 doba \u010dten\u00ed":"1 minuta"},"schema":{"@context":"https:\/\/schema.org","@graph":[{"@type":"WebPage","@id":"https:\/\/www.domkraftpro.com\/index.php\/produkt\/znackovy-sprchova-hadice-nerezova-dvouzamkova-180cm-freshhh-element-shop-cz-50152\/","url":"https:\/\/www.domkraftpro.com\/index.php\/produkt\/znackovy-sprchova-hadice-nerezova-dvouzamkova-180cm-freshhh-element-shop-cz-50152\/","name":"Zna\u010dkov\u00fd Sprchov\u00e1 hadice nerezov\u00e1, dvouz\u00e1mkov\u00e1, 180cm, FRESHHH | element-shop.cz -","isPartOf":{"@id":"https:\/\/www.domkraftpro.com\/#website"},"primaryImageOfPage":{"@id":"https:\/\/www.domkraftpro.com\/index.php\/produkt\/znackovy-sprchova-hadice-nerezova-dvouzamkova-180cm-freshhh-element-shop-cz-50152\/#primaryimage"},"image":{"@id":"https:\/\/www.domkraftpro.com\/index.php\/produkt\/znackovy-sprchova-hadice-nerezova-dvouzamkova-180cm-freshhh-element-shop-cz-50152\/#primaryimage"},"thumbnailUrl":"https:\/\/www.domkraftpro.com\/wp-content\/uploads\/2026\/SK0008368-CZ20260425-092522-0-1777080324-123319_rewrite-65064-830225.webp","datePublished":"2026-04-27T04:42:38+00:00","breadcrumb":{"@id":"https:\/\/www.domkraftpro.com\/index.php\/produkt\/znackovy-sprchova-hadice-nerezova-dvouzamkova-180cm-freshhh-element-shop-cz-50152\/#breadcrumb"},"inLanguage":"cs","potentialAction":[{"@type":"ReadAction","target":["https:\/\/www.domkraftpro.com\/index.php\/produkt\/znackovy-sprchova-hadice-nerezova-dvouzamkova-180cm-freshhh-element-shop-cz-50152\/"]}]},{"@type":"ImageObject","inLanguage":"cs","@id":"https:\/\/www.domkraftpro.com\/index.php\/produkt\/znackovy-sprchova-hadice-nerezova-dvouzamkova-180cm-freshhh-element-shop-cz-50152\/#primaryimage","url":"https:\/\/www.domkraftpro.com\/wp-content\/uploads\/2026\/SK0008368-CZ20260425-092522-0-1777080324-123319_rewrite-65064-830225.webp","contentUrl":"https:\/\/www.domkraftpro.com\/wp-content\/uploads\/2026\/SK0008368-CZ20260425-092522-0-1777080324-123319_rewrite-65064-830225.webp","width":1000,"height":750},{"@type":"BreadcrumbList","@id":"https:\/\/www.domkraftpro.com\/index.php\/produkt\/znackovy-sprchova-hadice-nerezova-dvouzamkova-180cm-freshhh-element-shop-cz-50152\/#breadcrumb","itemListElement":[{"@type":"ListItem","position":1,"name":"Home","item":"https:\/\/www.domkraftpro.com\/"},{"@type":"ListItem","position":2,"name":"Products","item":"https:\/\/www.domkraftpro.com\/index.php\/products\/"},{"@type":"ListItem","position":3,"name":"Zna\u010dkov\u00fd Sprchov\u00e1 hadice nerezov\u00e1, dvouz\u00e1mkov\u00e1, 180cm, FRESHHH | element-shop.cz"}]},{"@type":"WebSite","@id":"https:\/\/www.domkraftpro.com\/#website","url":"https:\/\/www.domkraftpro.com\/","name":"","description":"","potentialAction":[{"@type":"SearchAction","target":{"@type":"EntryPoint","urlTemplate":"https:\/\/www.domkraftpro.com\/?s={search_term_string}"},"query-input":{"@type":"PropertyValueSpecification","valueRequired":true,"valueName":"search_term_string"}}],"inLanguage":"cs"}]}},"_links":{"self":[{"href":"https:\/\/www.domkraftpro.com\/index.php\/wp-json\/wp\/v2\/product\/50152","targetHints":{"allow":["GET"]}}],"collection":[{"href":"https:\/\/www.domkraftpro.com\/index.php\/wp-json\/wp\/v2\/product"}],"about":[{"href":"https:\/\/www.domkraftpro.com\/index.php\/wp-json\/wp\/v2\/types\/product"}],"replies":[{"embeddable":true,"href":"https:\/\/www.domkraftpro.com\/index.php\/wp-json\/wp\/v2\/comments?post=50152"}],"wp:featuredmedia":[{"embeddable":true,"href":"https:\/\/www.domkraftpro.com\/index.php\/wp-json\/wp\/v2\/media\/50252"}],"wp:attachment":[{"href":"https:\/\/www.domkraftpro.com\/index.php\/wp-json\/wp\/v2\/media?parent=50152"}],"wp:term":[{"taxonomy":"product_brand","embeddable":true,"href":"https:\/\/www.domkraftpro.com\/index.php\/wp-json\/wp\/v2\/product_brand?post=50152"},{"taxonomy":"product_cat","embeddable":true,"href":"https:\/\/www.domkraftpro.com\/index.php\/wp-json\/wp\/v2\/product_cat?post=50152"},{"taxonomy":"product_tag","embeddable":true,"href":"https:\/\/www.domkraftpro.com\/index.php\/wp-json\/wp\/v2\/product_tag?post=50152"}],"curies":[{"name":"wp","href":"https:\/\/api.w.org\/{rel}","templated":true}]}}