{"id":50128,"date":"2026-04-27T04:42:38","date_gmt":"2026-04-27T04:42:38","guid":{"rendered":""},"modified":"2026-04-27T04:42:38","modified_gmt":"2026-04-27T04:42:38","slug":"zrcatko-teleskopicke-s-led-svetlem-290-880mm-westberg-element-shop-cz-vyprodej-50128","status":"publish","type":"product","link":"https:\/\/www.domkraftpro.com\/index.php\/produkt\/zrcatko-teleskopicke-s-led-svetlem-290-880mm-westberg-element-shop-cz-vyprodej-50128\/","title":{"rendered":"Zrc\u00e1tko teleskopick\u00e9 s LED sv\u011btlem, 290-880mm, WESTBERG | element-shop.cz V\u00fdprodej"},"content":{"rendered":"<div class=\"basic-description\">\n<h3>Detailn\u00ed popis produktu<\/h3>\n<p>                                    Teleskopick\u00e9 inspek\u010dn\u00ed zrc\u00e1tko WESTBERG je praktick\u00fd <span class=\"show-tooltip\" title=\"N\u00e1stroj&amp;nbsp;je pracovn\u00ed prost\u0159edek, pom\u016fcka k zpracov\u00e1n\u00ed n\u011b\u010deho (pracovn\u00ed n\u00e1stroj, \u0159emeslnick\u00fd n\u00e1stroj, chirurgick\u00fd n\u00e1stroj aj.), p\u0159\u00edp. v\u00fdrobn\u00ed pom\u016fcka slou\u017e\u00edc\u00ed p\u0159i ru\u010dn\u00edm nebo strojn\u00edm obr\u00e1b\u011bn\u00ed ke zm\u011bn\u011b velikosti nebo tvaru opracov\u00e1van\u00e9ho&amp;hellip;\">n\u00e1stroj<\/span> ur\u010den\u00fd pro kontrolu a prohl\u00ed\u017een\u00ed \u0161patn\u011b p\u0159\u00edstupn\u00fdch m\u00edst v d\u00edln\u00e1ch, servisech \u010di p\u0159i mont\u00e1\u017en\u00edch prac\u00edch.Zrc\u00e1tko je opat\u0159eno oto\u010dn\u00fdm kloubem, kter\u00fd umo\u017e\u0148uje variabiln\u00ed nastaven\u00ed \u00fahlu pohledu a\u017e o 360\u00b0, a t\u00edm v\u00fdrazn\u011b usnad\u0148uje pr\u00e1ci v \u00fazk\u00fdch \u010di zakryt\u00fdch prostorech.D\u00edky teleskopick\u00e9 rukojeti s <span class=\"show-tooltip\" title=\"D\u00e9lka&amp;nbsp;je jedna ze z\u00e1kladn\u00edch&amp;nbsp;fyzik\u00e1ln\u00edch veli\u010din. Pomoc\u00ed d\u00e9lky se vyjad\u0159uje vz\u00e1jemn\u00e1 poloha a rozprostran\u011bnost objekt\u016f v prostoru. D\u00e9lka jako fyzik\u00e1ln\u00ed veli\u010dina vych\u00e1z\u00ed z geometrick\u00e9ho pojmu&amp;nbsp;d\u00e9lky&amp;nbsp;jako&amp;nbsp;m\u00edry&amp;nbsp;ohrani\u010den\u00e9&amp;hellip;\">d\u00e9lkou<\/span> v\u00fdsuvu od 17 do 49 cm lze zrc\u00e1tko pohodln\u011b p\u0159izp\u016fsobit aktu\u00e1ln\u00ed pot\u0159eb\u011b.Rukoje\u0165 je pogumovan\u00e1 pro jist\u00fd a pohodln\u00fd \u00fachop, nav\u00edc vybaven\u00e1 klipem pro uchycen\u00ed na od\u011bv \u010di kapsu, co\u017e usnad\u0148uje manipulaci i p\u0159en\u00e1\u0161en\u00ed.Zrc\u00e1tko o pr\u016fm\u011bru 30 mm poskytuje \u010dist\u00fd obraz a p\u0159esn\u00e9 zobrazen\u00ed detail\u016f i v t\u011b\u017eko dostupn\u00fdch m\u00edstech.Kl\u00ed\u010dov\u00e9 vlastnosti:&#8226; vhodn\u00e9 pro inspek\u010dn\u00ed pr\u00e1ce v d\u00edln\u011b, servisu, autoservisu i dom\u00e1cnosti &#8226; oto\u010dn\u00fd kloub umo\u017e\u0148uje nastaven\u00ed \u00fahlu zrc\u00e1tka podle pot\u0159eby&#8226; teleskopick\u00e1 rukoje\u0165 s rozsahem 17 \u2013 49 cm&#8226; pogumovan\u00e1 protiskluzov\u00e1 rukoje\u0165 pro pohodln\u00e9 dr\u017een\u00ed&#8226; praktick\u00fd klip pro uchycen\u00ed k od\u011bvu&#8226; <span class=\"show-tooltip\" title=\"Pr\u016fm\u011br kruhu a kru\u017enice je d\u00e9lka \u00fase\u010dky, kter\u00e1 proch\u00e1z\u00ed st\u0159edem kruhu a spojuje dva body na jeho obvodu. Zkr\u00e1cen\u011b se pr\u016fm\u011br kruhu ozna\u010duje symbolem &quot;d&quot;.Vztah mezi pr\u016fm\u011brem kruhu a jeho polom\u011brem &quot;r&quot; je n\u00e1sleduj\u00edc\u00ed: d = 2 * rKde &quot;d&quot; je&amp;hellip;\">pr\u016fm\u011br<\/span> zrc\u00e1tka: 30 mm                            <\/div>\n","protected":false},"excerpt":{"rendered":"<p>Detailn\u00ed popis produktu Teleskopick\u00e9 inspek\u010dn\u00ed zrc\u00e1tko WESTBERG je praktick\u00fd n\u00e1stroj ur\u010den\u00fd pro kontrolu a prohl\u00ed\u017een\u00ed \u0161patn\u011b p\u0159\u00edstupn\u00fdch m\u00edst v d\u00edln\u00e1ch, servisech \u010di p\u0159i mont\u00e1\u017en\u00edch prac\u00edch.Zrc\u00e1tko je opat\u0159eno oto\u010dn\u00fdm kloubem, kter\u00fd umo\u017e\u0148uje variabiln\u00ed nastaven\u00ed \u00fahlu pohledu a\u017e o 360\u00b0, a t\u00edm v\u00fdrazn\u011b usnad\u0148uje pr\u00e1ci v \u00fazk\u00fdch \u010di zakryt\u00fdch prostorech.D\u00edky teleskopick\u00e9 rukojeti s d\u00e9lkou v\u00fdsuvu od 17 [&hellip;]<\/p>\n","protected":false},"featured_media":50228,"comment_status":"open","ping_status":"open","template":"","meta":[],"product_brand":[],"product_cat":[58],"product_tag":[],"class_list":{"0":"post-50128","1":"product","2":"type-product","3":"status-publish","4":"has-post-thumbnail","6":"product_cat-dum-a-zahrada","8":"first","9":"instock","10":"sale","11":"shipping-taxable","12":"purchasable","13":"product-type-simple"},"yoast_head":"<!-- This site is optimized with the Yoast SEO plugin v26.8 - https:\/\/yoast.com\/product\/yoast-seo-wordpress\/ -->\n<title>Zrc\u00e1tko teleskopick\u00e9 s LED sv\u011btlem, 290-880mm, WESTBERG | element-shop.cz V\u00fdprodej -<\/title>\n<meta name=\"robots\" content=\"index, follow, max-snippet:-1, max-image-preview:large, max-video-preview:-1\" \/>\n<link rel=\"canonical\" href=\"https:\/\/www.domkraftpro.com\/index.php\/produkt\/zrcatko-teleskopicke-s-led-svetlem-290-880mm-westberg-element-shop-cz-vyprodej-50128\/\" \/>\n<meta property=\"og:locale\" content=\"cs_CZ\" \/>\n<meta property=\"og:type\" content=\"article\" \/>\n<meta property=\"og:title\" content=\"Zrc\u00e1tko teleskopick\u00e9 s LED sv\u011btlem, 290-880mm, WESTBERG | element-shop.cz V\u00fdprodej -\" \/>\n<meta property=\"og:description\" content=\"Detailn\u00ed popis produktu Teleskopick\u00e9 inspek\u010dn\u00ed zrc\u00e1tko WESTBERG je praktick\u00fd n\u00e1stroj ur\u010den\u00fd pro kontrolu a prohl\u00ed\u017een\u00ed \u0161patn\u011b p\u0159\u00edstupn\u00fdch m\u00edst v d\u00edln\u00e1ch, servisech \u010di p\u0159i mont\u00e1\u017en\u00edch prac\u00edch.Zrc\u00e1tko je opat\u0159eno oto\u010dn\u00fdm kloubem, kter\u00fd umo\u017e\u0148uje variabiln\u00ed nastaven\u00ed \u00fahlu pohledu a\u017e o 360\u00b0, a t\u00edm v\u00fdrazn\u011b usnad\u0148uje pr\u00e1ci v \u00fazk\u00fdch \u010di zakryt\u00fdch prostorech.D\u00edky teleskopick\u00e9 rukojeti s d\u00e9lkou v\u00fdsuvu od 17 [&hellip;]\" \/>\n<meta property=\"og:url\" content=\"https:\/\/www.domkraftpro.com\/index.php\/produkt\/zrcatko-teleskopicke-s-led-svetlem-290-880mm-westberg-element-shop-cz-vyprodej-50128\/\" \/>\n<meta property=\"og:image\" content=\"https:\/\/www.domkraftpro.com\/wp-content\/uploads\/2026\/SK0008344-CZ20260425-092522-0-1777080324-123211_rewrite-57255-13291.webp\" \/>\n\t<meta property=\"og:image:width\" content=\"1000\" \/>\n\t<meta property=\"og:image:height\" content=\"750\" \/>\n\t<meta property=\"og:image:type\" content=\"image\/webp\" \/>\n<meta name=\"twitter:card\" content=\"summary_large_image\" \/>\n<meta name=\"twitter:label1\" content=\"Odhadovan\u00e1 doba \u010dten\u00ed\" \/>\n\t<meta name=\"twitter:data1\" content=\"1 minuta\" \/>\n<script type=\"application\/ld+json\" class=\"yoast-schema-graph\">{\"@context\":\"https:\/\/schema.org\",\"@graph\":[{\"@type\":\"WebPage\",\"@id\":\"https:\/\/www.domkraftpro.com\/index.php\/produkt\/zrcatko-teleskopicke-s-led-svetlem-290-880mm-westberg-element-shop-cz-vyprodej-50128\/\",\"url\":\"https:\/\/www.domkraftpro.com\/index.php\/produkt\/zrcatko-teleskopicke-s-led-svetlem-290-880mm-westberg-element-shop-cz-vyprodej-50128\/\",\"name\":\"Zrc\u00e1tko teleskopick\u00e9 s LED sv\u011btlem, 290-880mm, WESTBERG | element-shop.cz V\u00fdprodej -\",\"isPartOf\":{\"@id\":\"https:\/\/www.domkraftpro.com\/#website\"},\"primaryImageOfPage\":{\"@id\":\"https:\/\/www.domkraftpro.com\/index.php\/produkt\/zrcatko-teleskopicke-s-led-svetlem-290-880mm-westberg-element-shop-cz-vyprodej-50128\/#primaryimage\"},\"image\":{\"@id\":\"https:\/\/www.domkraftpro.com\/index.php\/produkt\/zrcatko-teleskopicke-s-led-svetlem-290-880mm-westberg-element-shop-cz-vyprodej-50128\/#primaryimage\"},\"thumbnailUrl\":\"https:\/\/www.domkraftpro.com\/wp-content\/uploads\/2026\/SK0008344-CZ20260425-092522-0-1777080324-123211_rewrite-57255-13291.webp\",\"datePublished\":\"2026-04-27T04:42:38+00:00\",\"breadcrumb\":{\"@id\":\"https:\/\/www.domkraftpro.com\/index.php\/produkt\/zrcatko-teleskopicke-s-led-svetlem-290-880mm-westberg-element-shop-cz-vyprodej-50128\/#breadcrumb\"},\"inLanguage\":\"cs\",\"potentialAction\":[{\"@type\":\"ReadAction\",\"target\":[\"https:\/\/www.domkraftpro.com\/index.php\/produkt\/zrcatko-teleskopicke-s-led-svetlem-290-880mm-westberg-element-shop-cz-vyprodej-50128\/\"]}]},{\"@type\":\"ImageObject\",\"inLanguage\":\"cs\",\"@id\":\"https:\/\/www.domkraftpro.com\/index.php\/produkt\/zrcatko-teleskopicke-s-led-svetlem-290-880mm-westberg-element-shop-cz-vyprodej-50128\/#primaryimage\",\"url\":\"https:\/\/www.domkraftpro.com\/wp-content\/uploads\/2026\/SK0008344-CZ20260425-092522-0-1777080324-123211_rewrite-57255-13291.webp\",\"contentUrl\":\"https:\/\/www.domkraftpro.com\/wp-content\/uploads\/2026\/SK0008344-CZ20260425-092522-0-1777080324-123211_rewrite-57255-13291.webp\",\"width\":1000,\"height\":750},{\"@type\":\"BreadcrumbList\",\"@id\":\"https:\/\/www.domkraftpro.com\/index.php\/produkt\/zrcatko-teleskopicke-s-led-svetlem-290-880mm-westberg-element-shop-cz-vyprodej-50128\/#breadcrumb\",\"itemListElement\":[{\"@type\":\"ListItem\",\"position\":1,\"name\":\"Home\",\"item\":\"https:\/\/www.domkraftpro.com\/\"},{\"@type\":\"ListItem\",\"position\":2,\"name\":\"Products\",\"item\":\"https:\/\/www.domkraftpro.com\/index.php\/products\/\"},{\"@type\":\"ListItem\",\"position\":3,\"name\":\"Zrc\u00e1tko teleskopick\u00e9 s LED sv\u011btlem, 290-880mm, WESTBERG | element-shop.cz V\u00fdprodej\"}]},{\"@type\":\"WebSite\",\"@id\":\"https:\/\/www.domkraftpro.com\/#website\",\"url\":\"https:\/\/www.domkraftpro.com\/\",\"name\":\"\",\"description\":\"\",\"potentialAction\":[{\"@type\":\"SearchAction\",\"target\":{\"@type\":\"EntryPoint\",\"urlTemplate\":\"https:\/\/www.domkraftpro.com\/?s={search_term_string}\"},\"query-input\":{\"@type\":\"PropertyValueSpecification\",\"valueRequired\":true,\"valueName\":\"search_term_string\"}}],\"inLanguage\":\"cs\"}]}<\/script>\n<!-- \/ Yoast SEO plugin. -->","yoast_head_json":{"title":"Zrc\u00e1tko teleskopick\u00e9 s LED sv\u011btlem, 290-880mm, WESTBERG | element-shop.cz V\u00fdprodej -","robots":{"index":"index","follow":"follow","max-snippet":"max-snippet:-1","max-image-preview":"max-image-preview:large","max-video-preview":"max-video-preview:-1"},"canonical":"https:\/\/www.domkraftpro.com\/index.php\/produkt\/zrcatko-teleskopicke-s-led-svetlem-290-880mm-westberg-element-shop-cz-vyprodej-50128\/","og_locale":"cs_CZ","og_type":"article","og_title":"Zrc\u00e1tko teleskopick\u00e9 s LED sv\u011btlem, 290-880mm, WESTBERG | element-shop.cz V\u00fdprodej -","og_description":"Detailn\u00ed popis produktu Teleskopick\u00e9 inspek\u010dn\u00ed zrc\u00e1tko WESTBERG je praktick\u00fd n\u00e1stroj ur\u010den\u00fd pro kontrolu a prohl\u00ed\u017een\u00ed \u0161patn\u011b p\u0159\u00edstupn\u00fdch m\u00edst v d\u00edln\u00e1ch, servisech \u010di p\u0159i mont\u00e1\u017en\u00edch prac\u00edch.Zrc\u00e1tko je opat\u0159eno oto\u010dn\u00fdm kloubem, kter\u00fd umo\u017e\u0148uje variabiln\u00ed nastaven\u00ed \u00fahlu pohledu a\u017e o 360\u00b0, a t\u00edm v\u00fdrazn\u011b usnad\u0148uje pr\u00e1ci v \u00fazk\u00fdch \u010di zakryt\u00fdch prostorech.D\u00edky teleskopick\u00e9 rukojeti s d\u00e9lkou v\u00fdsuvu od 17 [&hellip;]","og_url":"https:\/\/www.domkraftpro.com\/index.php\/produkt\/zrcatko-teleskopicke-s-led-svetlem-290-880mm-westberg-element-shop-cz-vyprodej-50128\/","og_image":[{"width":1000,"height":750,"url":"https:\/\/www.domkraftpro.com\/wp-content\/uploads\/2026\/SK0008344-CZ20260425-092522-0-1777080324-123211_rewrite-57255-13291.webp","type":"image\/webp"}],"twitter_card":"summary_large_image","twitter_misc":{"Odhadovan\u00e1 doba \u010dten\u00ed":"1 minuta"},"schema":{"@context":"https:\/\/schema.org","@graph":[{"@type":"WebPage","@id":"https:\/\/www.domkraftpro.com\/index.php\/produkt\/zrcatko-teleskopicke-s-led-svetlem-290-880mm-westberg-element-shop-cz-vyprodej-50128\/","url":"https:\/\/www.domkraftpro.com\/index.php\/produkt\/zrcatko-teleskopicke-s-led-svetlem-290-880mm-westberg-element-shop-cz-vyprodej-50128\/","name":"Zrc\u00e1tko teleskopick\u00e9 s LED sv\u011btlem, 290-880mm, WESTBERG | element-shop.cz V\u00fdprodej -","isPartOf":{"@id":"https:\/\/www.domkraftpro.com\/#website"},"primaryImageOfPage":{"@id":"https:\/\/www.domkraftpro.com\/index.php\/produkt\/zrcatko-teleskopicke-s-led-svetlem-290-880mm-westberg-element-shop-cz-vyprodej-50128\/#primaryimage"},"image":{"@id":"https:\/\/www.domkraftpro.com\/index.php\/produkt\/zrcatko-teleskopicke-s-led-svetlem-290-880mm-westberg-element-shop-cz-vyprodej-50128\/#primaryimage"},"thumbnailUrl":"https:\/\/www.domkraftpro.com\/wp-content\/uploads\/2026\/SK0008344-CZ20260425-092522-0-1777080324-123211_rewrite-57255-13291.webp","datePublished":"2026-04-27T04:42:38+00:00","breadcrumb":{"@id":"https:\/\/www.domkraftpro.com\/index.php\/produkt\/zrcatko-teleskopicke-s-led-svetlem-290-880mm-westberg-element-shop-cz-vyprodej-50128\/#breadcrumb"},"inLanguage":"cs","potentialAction":[{"@type":"ReadAction","target":["https:\/\/www.domkraftpro.com\/index.php\/produkt\/zrcatko-teleskopicke-s-led-svetlem-290-880mm-westberg-element-shop-cz-vyprodej-50128\/"]}]},{"@type":"ImageObject","inLanguage":"cs","@id":"https:\/\/www.domkraftpro.com\/index.php\/produkt\/zrcatko-teleskopicke-s-led-svetlem-290-880mm-westberg-element-shop-cz-vyprodej-50128\/#primaryimage","url":"https:\/\/www.domkraftpro.com\/wp-content\/uploads\/2026\/SK0008344-CZ20260425-092522-0-1777080324-123211_rewrite-57255-13291.webp","contentUrl":"https:\/\/www.domkraftpro.com\/wp-content\/uploads\/2026\/SK0008344-CZ20260425-092522-0-1777080324-123211_rewrite-57255-13291.webp","width":1000,"height":750},{"@type":"BreadcrumbList","@id":"https:\/\/www.domkraftpro.com\/index.php\/produkt\/zrcatko-teleskopicke-s-led-svetlem-290-880mm-westberg-element-shop-cz-vyprodej-50128\/#breadcrumb","itemListElement":[{"@type":"ListItem","position":1,"name":"Home","item":"https:\/\/www.domkraftpro.com\/"},{"@type":"ListItem","position":2,"name":"Products","item":"https:\/\/www.domkraftpro.com\/index.php\/products\/"},{"@type":"ListItem","position":3,"name":"Zrc\u00e1tko teleskopick\u00e9 s LED sv\u011btlem, 290-880mm, WESTBERG | element-shop.cz V\u00fdprodej"}]},{"@type":"WebSite","@id":"https:\/\/www.domkraftpro.com\/#website","url":"https:\/\/www.domkraftpro.com\/","name":"","description":"","potentialAction":[{"@type":"SearchAction","target":{"@type":"EntryPoint","urlTemplate":"https:\/\/www.domkraftpro.com\/?s={search_term_string}"},"query-input":{"@type":"PropertyValueSpecification","valueRequired":true,"valueName":"search_term_string"}}],"inLanguage":"cs"}]}},"_links":{"self":[{"href":"https:\/\/www.domkraftpro.com\/index.php\/wp-json\/wp\/v2\/product\/50128","targetHints":{"allow":["GET"]}}],"collection":[{"href":"https:\/\/www.domkraftpro.com\/index.php\/wp-json\/wp\/v2\/product"}],"about":[{"href":"https:\/\/www.domkraftpro.com\/index.php\/wp-json\/wp\/v2\/types\/product"}],"replies":[{"embeddable":true,"href":"https:\/\/www.domkraftpro.com\/index.php\/wp-json\/wp\/v2\/comments?post=50128"}],"wp:featuredmedia":[{"embeddable":true,"href":"https:\/\/www.domkraftpro.com\/index.php\/wp-json\/wp\/v2\/media\/50228"}],"wp:attachment":[{"href":"https:\/\/www.domkraftpro.com\/index.php\/wp-json\/wp\/v2\/media?parent=50128"}],"wp:term":[{"taxonomy":"product_brand","embeddable":true,"href":"https:\/\/www.domkraftpro.com\/index.php\/wp-json\/wp\/v2\/product_brand?post=50128"},{"taxonomy":"product_cat","embeddable":true,"href":"https:\/\/www.domkraftpro.com\/index.php\/wp-json\/wp\/v2\/product_cat?post=50128"},{"taxonomy":"product_tag","embeddable":true,"href":"https:\/\/www.domkraftpro.com\/index.php\/wp-json\/wp\/v2\/product_tag?post=50128"}],"curies":[{"name":"wp","href":"https:\/\/api.w.org\/{rel}","templated":true}]}}