{"id":49916,"date":"2026-04-27T04:42:38","date_gmt":"2026-04-27T04:42:38","guid":{"rendered":""},"modified":"2026-04-27T04:42:38","modified_gmt":"2026-04-27T04:42:38","slug":"akce-kladivo-pokryvacske-600g-fg-nasada-33cm-strend-pro-element-shop-cz-49916","status":"publish","type":"product","link":"https:\/\/www.domkraftpro.com\/index.php\/produkt\/akce-kladivo-pokryvacske-600g-fg-nasada-33cm-strend-pro-element-shop-cz-49916\/","title":{"rendered":"Akce Kladivo pokr\u00fdva\u010dsk\u00e9 600g, FG n\u00e1sada 33cm, STREND PRO | element-shop.cz"},"content":{"rendered":"<div class=\"basic-description\">\n<h3>Detailn\u00ed popis produktu<\/h3>\n<p>                                    Tesa\u0159sk\u00e9 <span class=\"show-tooltip\" title=\"Kladivo,&amp;nbsp;klad\u00edvko, je mechanick\u00fd ru\u010dn\u00ed&amp;nbsp;n\u00e1stroj, kter\u00fd umo\u017e\u0148uje p\u0159edat&amp;nbsp;r\u00e1zem&amp;nbsp;kinetickou energii&amp;nbsp;n\u011bjak\u00e9mu jin\u00e9mu t\u011blesu. Je pou\u017e\u00edv\u00e1no k deformac\u00edm jin\u00fdch t\u011bles \u010di p\u0159edm\u011bt\u016f nap\u0159. vyklep\u00e1v\u00e1n\u00edm \u010di rozklep\u00e1v\u00e1n\u00edm. Pou\u017e\u00edv\u00e1&amp;hellip;\">kladivo<\/span> STREND PRO HM303 600 g je kvalitn\u00ed a odoln\u00fd <span class=\"show-tooltip\" title=\"N\u00e1stroj&amp;nbsp;je pracovn\u00ed prost\u0159edek, pom\u016fcka k zpracov\u00e1n\u00ed n\u011b\u010deho (pracovn\u00ed n\u00e1stroj, \u0159emeslnick\u00fd n\u00e1stroj, chirurgick\u00fd n\u00e1stroj aj.), p\u0159\u00edp. v\u00fdrobn\u00ed pom\u016fcka slou\u017e\u00edc\u00ed p\u0159i ru\u010dn\u00edm nebo strojn\u00edm obr\u00e1b\u011bn\u00ed ke zm\u011bn\u011b velikosti nebo tvaru opracov\u00e1van\u00e9ho&amp;hellip;\">n\u00e1stroj<\/span> ur\u010den\u00fd pro tesa\u0159sk\u00e9, mont\u00e1\u017en\u00ed a <span class=\"show-tooltip\" title=\"Stavba je proces tvorby a vytv\u00e1\u0159en\u00ed r\u016fzn\u00fdch stavebn\u00edch objekt\u016f nebo konstrukc\u00ed. Stavba m\u016f\u017ee zahrnovat v\u00fdstavbu budov, most\u016f, silnic, tunel\u016f, hr\u00e1z\u00ed, pr\u016fmyslov\u00fdch za\u0159\u00edzen\u00ed, vodn\u00edch n\u00e1dr\u017e\u00ed, sportovn\u00edch za\u0159\u00edzen\u00ed a dal\u0161\u00edch&amp;hellip;\">stavebn\u00ed<\/span> pr\u00e1ce. Kovan\u00e1 hlava z <span class=\"show-tooltip\" title=\"Pevnost je materi\u00e1lov\u00e1 vlastnost charakterizuj\u00edc\u00ed schopnost materi\u00e1lu odol\u00e1vat vn\u011bj\u0161\u00edm sil\u00e1m, kter\u00e9 by mohly zp\u016fsobit jeho deformaci, roztr\u017een\u00ed nebo jin\u00e9 formy selh\u00e1n\u00ed.Pevnost je z\u00e1kladn\u00edm parametrem pro posouzen\u00ed odolnosti materi\u00e1l\u016f v konstrukci a&amp;hellip;\">pevn\u00e9<\/span> <span class=\"show-tooltip\" title=\"Ocel je slitina \u017eeleza s mal\u00fdm obsahem uhl\u00edku a dal\u0161\u00edmi p\u0159\u00edm\u011bsemi. Je to jeden z nejb\u011b\u017en\u011bji pou\u017e\u00edvan\u00fdch materi\u00e1l\u016f v pr\u016fmyslu a&amp;nbsp;stavebnictv\u00ed d\u00edky sv\u00fdm vlastnostem, kter\u00e9 zahrnuj\u00ed pevnost, tv\u00e1rnost a odolnost.&amp;nbsp;Z\u00e1kladn\u00ed slo\u017ekou&amp;hellip;\">oceli<\/span> poskytuje vysokou \u00fadernou <span class=\"show-tooltip\" title=\"S\u00edla je fyzik\u00e1ln\u00ed veli\u010dina, kter\u00e1 popisuje interakci mezi t\u011blesy nebo objekty. Je to vektorov\u00e1 veli\u010dina, co\u017e znamen\u00e1, \u017ee krom\u011b velikosti m\u00e1 tak\u00e9 sm\u011br a smysl (sm\u011br, kter\u00fdm s\u00edla p\u016fsob\u00ed). Jednotkou s\u00edly v mezin\u00e1rodn\u00edm syst\u00e9mu jednotek (SI) je newton&amp;hellip;\">s\u00edlu<\/span> a dlouhou \u017eivotnost, zat\u00edmco kompaktn\u00ed 330 mm sklolamin\u00e1tov\u00e1 n\u00e1sada s TPR povrchem zaji\u0161\u0165uje v\u00fdborn\u00e9 tlumen\u00ed n\u00e1raz\u016f a bezpe\u010dn\u00fd protiskluzov\u00fd \u00fachop. D\u00edky dobr\u00e9mu vyv\u00e1\u017een\u00ed je kladivo ide\u00e1ln\u00ed pro p\u0159esnou pr\u00e1ci v d\u00edln\u011b i na stavb\u011b.Kl\u00ed\u010dov\u00e9 vlastnosti:&#8226; Tesa\u0159sk\u00e9 kladivo 600 g \u2013 vhodn\u00e9 pro tesa\u0159sk\u00e9, mont\u00e1\u017en\u00ed a \u0159emesln\u00e9 pr\u00e1ce&#8226; Kovan\u00e1 ocelov\u00e1 hlava \u2013 vysok\u00e1 odolnost a dlouh\u00e1 \u017eivotnost hlavy&#8226; FIBERGLASS n\u00e1sada \u2013 pevn\u00e1, lehk\u00e1 a v\u00fdborn\u011b absorbuje <span class=\"show-tooltip\" title=\"Vibrace se v\u011bt\u0161inou vztahuj\u00ed k periodick\u00e9mu pohybu nebo oscilaci objektu nebo \u010d\u00e1sti objektu kolem sv\u00e9 rovnov\u00e1\u017en\u00e9 polohy. Tyto periodick\u00e9 pohyby vytv\u00e1\u0159ej\u00ed st\u0159\u00eddav\u00e9 zm\u011bny mezi dv\u011bma opa\u010dn\u00fdmi krajn\u00edmi body.Vibrace jsou v\u0161udyp\u0159\u00edtomn\u00e9 v&amp;hellip;\">vibrace<\/span>&#8226; Protiskluzov\u00e1 ergonomick\u00e1 rukoje\u0165 s roz\u0161\u00ed\u0159en\u00edm na konci&#8226; Kompaktn\u00ed <span class=\"show-tooltip\" title=\"D\u00e9lka&amp;nbsp;je jedna ze z\u00e1kladn\u00edch&amp;nbsp;fyzik\u00e1ln\u00edch veli\u010din. Pomoc\u00ed d\u00e9lky se vyjad\u0159uje vz\u00e1jemn\u00e1 poloha a rozprostran\u011bnost objekt\u016f v prostoru. D\u00e9lka jako fyzik\u00e1ln\u00ed veli\u010dina vych\u00e1z\u00ed z geometrick\u00e9ho pojmu&amp;nbsp;d\u00e9lky&amp;nbsp;jako&amp;nbsp;m\u00edry&amp;nbsp;ohrani\u010den\u00e9&amp;hellip;\">d\u00e9lka<\/span> 330 mm \u2013 ide\u00e1ln\u00ed pro p\u0159esn\u00e9 \u00fadery a snadn\u00e9 ovl\u00e1d\u00e1n\u00ed&#10004; Tesa\u0159sk\u00e9 pr\u00e1ce a pr\u00e1ce se <span class=\"show-tooltip\" title=\"D\u0159evo&amp;nbsp;je tvrd\u00e9 a p\u00f3rovit\u00e9&amp;nbsp;rostlinn\u00e9 pletivo&amp;nbsp;(tk\u00e1\u0148), je\u017e tvo\u0159\u00ed kmeny, ko\u0159eny a v\u011btve strom\u016f, ke\u0159\u016f a dal\u0161\u00edch&amp;nbsp;d\u0159evin. Skl\u00e1d\u00e1 se z&amp;nbsp;celul\u00f3zov\u00fdch&amp;nbsp;vl\u00e1ken s vysokou pevnost\u00ed v tahu a&amp;nbsp;ligninov\u00e9&amp;nbsp;v\u00fdpln\u011b, kter\u00e1&amp;hellip;\">d\u0159evem<\/span> &#10004; Mont\u00e1\u017en\u00ed a stavebn\u00ed \u00fakony&#10004; D\u00edlensk\u00e9 a \u00fadr\u017eb\u00e1\u0159sk\u00e9 pr\u00e1ce&#10004; Univerz\u00e1ln\u00ed dom\u00e1c\u00ed i profesion\u00e1ln\u00ed pou\u017eit\u00edTechnick\u00e9 parametry:&#8226; <span class=\"show-tooltip\" title=\"Hmotnost&amp;nbsp;je d\u016fle\u017eit\u00e1 fyzik\u00e1ln\u00ed veli\u010dina, aditivn\u00ed vlastnost&amp;nbsp;hmoty&amp;nbsp;(tedy vlastnost jednotliv\u00fdch hmotn\u00fdch&amp;nbsp;t\u011bles), kter\u00e1 vyjad\u0159uje m\u00edru&amp;nbsp;setrva\u010dn\u00fdch&amp;nbsp;\u00fa\u010dink\u016f \u010di m\u00edru&amp;nbsp;gravita\u010dn\u00edch&amp;nbsp;\u00fa\u010dink\u016f hmoty. Ekvivalence setrva\u010dn\u00fdch&amp;hellip;\">Hmotnost<\/span> hlavy: 600 g&#8226; Celkov\u00e1 d\u00e9lka: 330 mm&#8226; Materi\u00e1l hlavy: kovan\u00e1 uhl\u00edkov\u00e1 ocel&#8226; Materi\u00e1l rukojeti: FIBERGLASS (sklolamin\u00e1t) + protiskluzov\u00e1 <span class=\"show-tooltip\" title=\"Kau\u010duk&amp;nbsp;je&amp;nbsp;polymern\u00ed materi\u00e1l&amp;nbsp;p\u0159\u00edrodn\u00edho nebo syntetick\u00e9ho p\u016fvodu, vyzna\u010duj\u00edc\u00ed se velkou&amp;nbsp;pru\u017enost\u00ed, tedy schopnost\u00ed se \u00fa\u010dinkem vn\u011bj\u0161\u00ed s\u00edly v\u00fdrazn\u011b deformovat a pot\u00e9 op\u011bt zaujmout p\u016fvodn\u00ed tvar. Je to tedy tzv.&amp;nbsp;elastomer.&amp;hellip;\">guma<\/span>&#8226; \u00dachop: ergonomick\u00fd, tvarovan\u00fd, s koncov\u00fdm roz\u0161\u00ed\u0159en\u00edmTesa\u0159sk\u00e9 kladivo 600 g je spolehliv\u00fd a kvalitn\u00ed n\u00e1stroj s pevnou ocelovou hlavou a sklolamin\u00e1tovou rukojet\u00ed, kter\u00e1 poskytuje komfort i p\u0159i dlouhodob\u00e9 pr\u00e1ci. Protiskluzov\u00fd TPR povrch zvy\u0161uje bezpe\u010dnost a jistotu \u00fachopu, zat\u00edmco kompaktn\u00ed <span class=\"show-tooltip\" title=\"Konstrukce je proces tvorby a sestaven\u00ed r\u016fzn\u00fdch prvk\u016f nebo sou\u010d\u00e1st\u00ed do funk\u010dn\u00edho celku, kter\u00fd m\u016f\u017ee slou\u017eit k ur\u010dit\u00e9mu \u00fa\u010delu. V kontextu stavebnictv\u00ed a in\u017een\u00fdrstv\u00ed zahrnuje konstrukce tvorbu budov, most\u016f, silnic, pr\u016fmyslov\u00fdch za\u0159\u00edzen\u00ed,&amp;hellip;\">konstrukce<\/span> umo\u017e\u0148uje p\u0159esn\u00e9 veden\u00ed \u00faderu. Skv\u011bl\u00e1 volba pro ka\u017ed\u00e9ho, kdo hled\u00e1 odoln\u00e9 tesa\u0159sk\u00e9 kladivo pro d\u00edlnu, stavbu nebo dom\u00e1c\u00ed pou\u017eit\u00ed.                            <\/div>\n","protected":false},"excerpt":{"rendered":"<p>Detailn\u00ed popis produktu Tesa\u0159sk\u00e9 kladivo STREND PRO HM303 600 g je kvalitn\u00ed a odoln\u00fd n\u00e1stroj ur\u010den\u00fd pro tesa\u0159sk\u00e9, mont\u00e1\u017en\u00ed a stavebn\u00ed pr\u00e1ce. Kovan\u00e1 hlava z pevn\u00e9 oceli poskytuje vysokou \u00fadernou s\u00edlu a dlouhou \u017eivotnost, zat\u00edmco kompaktn\u00ed 330 mm sklolamin\u00e1tov\u00e1 n\u00e1sada s TPR povrchem zaji\u0161\u0165uje v\u00fdborn\u00e9 tlumen\u00ed n\u00e1raz\u016f a bezpe\u010dn\u00fd protiskluzov\u00fd \u00fachop. D\u00edky dobr\u00e9mu vyv\u00e1\u017een\u00ed je [&hellip;]<\/p>\n","protected":false},"featured_media":50016,"comment_status":"open","ping_status":"open","template":"","meta":[],"product_brand":[],"product_cat":[52],"product_tag":[],"class_list":{"0":"post-49916","1":"product","2":"type-product","3":"status-publish","4":"has-post-thumbnail","6":"product_cat-naradi","8":"first","9":"instock","10":"sale","11":"shipping-taxable","12":"purchasable","13":"product-type-simple"},"yoast_head":"<!-- This site is optimized with the Yoast SEO plugin v26.8 - https:\/\/yoast.com\/product\/yoast-seo-wordpress\/ -->\n<title>Akce Kladivo pokr\u00fdva\u010dsk\u00e9 600g, FG n\u00e1sada 33cm, STREND PRO | element-shop.cz -<\/title>\n<meta name=\"robots\" content=\"index, follow, max-snippet:-1, max-image-preview:large, max-video-preview:-1\" \/>\n<link rel=\"canonical\" href=\"https:\/\/www.domkraftpro.com\/index.php\/produkt\/akce-kladivo-pokryvacske-600g-fg-nasada-33cm-strend-pro-element-shop-cz-49916\/\" \/>\n<meta property=\"og:locale\" content=\"cs_CZ\" \/>\n<meta property=\"og:type\" content=\"article\" \/>\n<meta property=\"og:title\" content=\"Akce Kladivo pokr\u00fdva\u010dsk\u00e9 600g, FG n\u00e1sada 33cm, STREND PRO | element-shop.cz -\" \/>\n<meta property=\"og:description\" content=\"Detailn\u00ed popis produktu Tesa\u0159sk\u00e9 kladivo STREND PRO HM303 600 g je kvalitn\u00ed a odoln\u00fd n\u00e1stroj ur\u010den\u00fd pro tesa\u0159sk\u00e9, mont\u00e1\u017en\u00ed a stavebn\u00ed pr\u00e1ce. Kovan\u00e1 hlava z pevn\u00e9 oceli poskytuje vysokou \u00fadernou s\u00edlu a dlouhou \u017eivotnost, zat\u00edmco kompaktn\u00ed 330 mm sklolamin\u00e1tov\u00e1 n\u00e1sada s TPR povrchem zaji\u0161\u0165uje v\u00fdborn\u00e9 tlumen\u00ed n\u00e1raz\u016f a bezpe\u010dn\u00fd protiskluzov\u00fd \u00fachop. D\u00edky dobr\u00e9mu vyv\u00e1\u017een\u00ed je [&hellip;]\" \/>\n<meta property=\"og:url\" content=\"https:\/\/www.domkraftpro.com\/index.php\/produkt\/akce-kladivo-pokryvacske-600g-fg-nasada-33cm-strend-pro-element-shop-cz-49916\/\" \/>\n<meta property=\"og:image\" content=\"https:\/\/www.domkraftpro.com\/wp-content\/uploads\/2026\/SK0008232-CZ20260425-092522-0-1777080324-122566-1_rewrite-108138-230160.webp\" \/>\n\t<meta property=\"og:image:width\" content=\"1000\" \/>\n\t<meta property=\"og:image:height\" content=\"750\" \/>\n\t<meta property=\"og:image:type\" content=\"image\/webp\" \/>\n<meta name=\"twitter:card\" content=\"summary_large_image\" \/>\n<meta name=\"twitter:label1\" content=\"Odhadovan\u00e1 doba \u010dten\u00ed\" \/>\n\t<meta name=\"twitter:data1\" content=\"1 minuta\" \/>\n<script type=\"application\/ld+json\" class=\"yoast-schema-graph\">{\"@context\":\"https:\/\/schema.org\",\"@graph\":[{\"@type\":\"WebPage\",\"@id\":\"https:\/\/www.domkraftpro.com\/index.php\/produkt\/akce-kladivo-pokryvacske-600g-fg-nasada-33cm-strend-pro-element-shop-cz-49916\/\",\"url\":\"https:\/\/www.domkraftpro.com\/index.php\/produkt\/akce-kladivo-pokryvacske-600g-fg-nasada-33cm-strend-pro-element-shop-cz-49916\/\",\"name\":\"Akce Kladivo pokr\u00fdva\u010dsk\u00e9 600g, FG n\u00e1sada 33cm, STREND PRO | element-shop.cz -\",\"isPartOf\":{\"@id\":\"https:\/\/www.domkraftpro.com\/#website\"},\"primaryImageOfPage\":{\"@id\":\"https:\/\/www.domkraftpro.com\/index.php\/produkt\/akce-kladivo-pokryvacske-600g-fg-nasada-33cm-strend-pro-element-shop-cz-49916\/#primaryimage\"},\"image\":{\"@id\":\"https:\/\/www.domkraftpro.com\/index.php\/produkt\/akce-kladivo-pokryvacske-600g-fg-nasada-33cm-strend-pro-element-shop-cz-49916\/#primaryimage\"},\"thumbnailUrl\":\"https:\/\/www.domkraftpro.com\/wp-content\/uploads\/2026\/SK0008232-CZ20260425-092522-0-1777080324-122566-1_rewrite-108138-230160.webp\",\"datePublished\":\"2026-04-27T04:42:38+00:00\",\"breadcrumb\":{\"@id\":\"https:\/\/www.domkraftpro.com\/index.php\/produkt\/akce-kladivo-pokryvacske-600g-fg-nasada-33cm-strend-pro-element-shop-cz-49916\/#breadcrumb\"},\"inLanguage\":\"cs\",\"potentialAction\":[{\"@type\":\"ReadAction\",\"target\":[\"https:\/\/www.domkraftpro.com\/index.php\/produkt\/akce-kladivo-pokryvacske-600g-fg-nasada-33cm-strend-pro-element-shop-cz-49916\/\"]}]},{\"@type\":\"ImageObject\",\"inLanguage\":\"cs\",\"@id\":\"https:\/\/www.domkraftpro.com\/index.php\/produkt\/akce-kladivo-pokryvacske-600g-fg-nasada-33cm-strend-pro-element-shop-cz-49916\/#primaryimage\",\"url\":\"https:\/\/www.domkraftpro.com\/wp-content\/uploads\/2026\/SK0008232-CZ20260425-092522-0-1777080324-122566-1_rewrite-108138-230160.webp\",\"contentUrl\":\"https:\/\/www.domkraftpro.com\/wp-content\/uploads\/2026\/SK0008232-CZ20260425-092522-0-1777080324-122566-1_rewrite-108138-230160.webp\",\"width\":1000,\"height\":750},{\"@type\":\"BreadcrumbList\",\"@id\":\"https:\/\/www.domkraftpro.com\/index.php\/produkt\/akce-kladivo-pokryvacske-600g-fg-nasada-33cm-strend-pro-element-shop-cz-49916\/#breadcrumb\",\"itemListElement\":[{\"@type\":\"ListItem\",\"position\":1,\"name\":\"Home\",\"item\":\"https:\/\/www.domkraftpro.com\/\"},{\"@type\":\"ListItem\",\"position\":2,\"name\":\"Products\",\"item\":\"https:\/\/www.domkraftpro.com\/index.php\/products\/\"},{\"@type\":\"ListItem\",\"position\":3,\"name\":\"Akce Kladivo pokr\u00fdva\u010dsk\u00e9 600g, FG n\u00e1sada 33cm, STREND PRO | element-shop.cz\"}]},{\"@type\":\"WebSite\",\"@id\":\"https:\/\/www.domkraftpro.com\/#website\",\"url\":\"https:\/\/www.domkraftpro.com\/\",\"name\":\"\",\"description\":\"\",\"potentialAction\":[{\"@type\":\"SearchAction\",\"target\":{\"@type\":\"EntryPoint\",\"urlTemplate\":\"https:\/\/www.domkraftpro.com\/?s={search_term_string}\"},\"query-input\":{\"@type\":\"PropertyValueSpecification\",\"valueRequired\":true,\"valueName\":\"search_term_string\"}}],\"inLanguage\":\"cs\"}]}<\/script>\n<!-- \/ Yoast SEO plugin. -->","yoast_head_json":{"title":"Akce Kladivo pokr\u00fdva\u010dsk\u00e9 600g, FG n\u00e1sada 33cm, STREND PRO | element-shop.cz -","robots":{"index":"index","follow":"follow","max-snippet":"max-snippet:-1","max-image-preview":"max-image-preview:large","max-video-preview":"max-video-preview:-1"},"canonical":"https:\/\/www.domkraftpro.com\/index.php\/produkt\/akce-kladivo-pokryvacske-600g-fg-nasada-33cm-strend-pro-element-shop-cz-49916\/","og_locale":"cs_CZ","og_type":"article","og_title":"Akce Kladivo pokr\u00fdva\u010dsk\u00e9 600g, FG n\u00e1sada 33cm, STREND PRO | element-shop.cz -","og_description":"Detailn\u00ed popis produktu Tesa\u0159sk\u00e9 kladivo STREND PRO HM303 600 g je kvalitn\u00ed a odoln\u00fd n\u00e1stroj ur\u010den\u00fd pro tesa\u0159sk\u00e9, mont\u00e1\u017en\u00ed a stavebn\u00ed pr\u00e1ce. Kovan\u00e1 hlava z pevn\u00e9 oceli poskytuje vysokou \u00fadernou s\u00edlu a dlouhou \u017eivotnost, zat\u00edmco kompaktn\u00ed 330 mm sklolamin\u00e1tov\u00e1 n\u00e1sada s TPR povrchem zaji\u0161\u0165uje v\u00fdborn\u00e9 tlumen\u00ed n\u00e1raz\u016f a bezpe\u010dn\u00fd protiskluzov\u00fd \u00fachop. D\u00edky dobr\u00e9mu vyv\u00e1\u017een\u00ed je [&hellip;]","og_url":"https:\/\/www.domkraftpro.com\/index.php\/produkt\/akce-kladivo-pokryvacske-600g-fg-nasada-33cm-strend-pro-element-shop-cz-49916\/","og_image":[{"width":1000,"height":750,"url":"https:\/\/www.domkraftpro.com\/wp-content\/uploads\/2026\/SK0008232-CZ20260425-092522-0-1777080324-122566-1_rewrite-108138-230160.webp","type":"image\/webp"}],"twitter_card":"summary_large_image","twitter_misc":{"Odhadovan\u00e1 doba \u010dten\u00ed":"1 minuta"},"schema":{"@context":"https:\/\/schema.org","@graph":[{"@type":"WebPage","@id":"https:\/\/www.domkraftpro.com\/index.php\/produkt\/akce-kladivo-pokryvacske-600g-fg-nasada-33cm-strend-pro-element-shop-cz-49916\/","url":"https:\/\/www.domkraftpro.com\/index.php\/produkt\/akce-kladivo-pokryvacske-600g-fg-nasada-33cm-strend-pro-element-shop-cz-49916\/","name":"Akce Kladivo pokr\u00fdva\u010dsk\u00e9 600g, FG n\u00e1sada 33cm, STREND PRO | element-shop.cz -","isPartOf":{"@id":"https:\/\/www.domkraftpro.com\/#website"},"primaryImageOfPage":{"@id":"https:\/\/www.domkraftpro.com\/index.php\/produkt\/akce-kladivo-pokryvacske-600g-fg-nasada-33cm-strend-pro-element-shop-cz-49916\/#primaryimage"},"image":{"@id":"https:\/\/www.domkraftpro.com\/index.php\/produkt\/akce-kladivo-pokryvacske-600g-fg-nasada-33cm-strend-pro-element-shop-cz-49916\/#primaryimage"},"thumbnailUrl":"https:\/\/www.domkraftpro.com\/wp-content\/uploads\/2026\/SK0008232-CZ20260425-092522-0-1777080324-122566-1_rewrite-108138-230160.webp","datePublished":"2026-04-27T04:42:38+00:00","breadcrumb":{"@id":"https:\/\/www.domkraftpro.com\/index.php\/produkt\/akce-kladivo-pokryvacske-600g-fg-nasada-33cm-strend-pro-element-shop-cz-49916\/#breadcrumb"},"inLanguage":"cs","potentialAction":[{"@type":"ReadAction","target":["https:\/\/www.domkraftpro.com\/index.php\/produkt\/akce-kladivo-pokryvacske-600g-fg-nasada-33cm-strend-pro-element-shop-cz-49916\/"]}]},{"@type":"ImageObject","inLanguage":"cs","@id":"https:\/\/www.domkraftpro.com\/index.php\/produkt\/akce-kladivo-pokryvacske-600g-fg-nasada-33cm-strend-pro-element-shop-cz-49916\/#primaryimage","url":"https:\/\/www.domkraftpro.com\/wp-content\/uploads\/2026\/SK0008232-CZ20260425-092522-0-1777080324-122566-1_rewrite-108138-230160.webp","contentUrl":"https:\/\/www.domkraftpro.com\/wp-content\/uploads\/2026\/SK0008232-CZ20260425-092522-0-1777080324-122566-1_rewrite-108138-230160.webp","width":1000,"height":750},{"@type":"BreadcrumbList","@id":"https:\/\/www.domkraftpro.com\/index.php\/produkt\/akce-kladivo-pokryvacske-600g-fg-nasada-33cm-strend-pro-element-shop-cz-49916\/#breadcrumb","itemListElement":[{"@type":"ListItem","position":1,"name":"Home","item":"https:\/\/www.domkraftpro.com\/"},{"@type":"ListItem","position":2,"name":"Products","item":"https:\/\/www.domkraftpro.com\/index.php\/products\/"},{"@type":"ListItem","position":3,"name":"Akce Kladivo pokr\u00fdva\u010dsk\u00e9 600g, FG n\u00e1sada 33cm, STREND PRO | element-shop.cz"}]},{"@type":"WebSite","@id":"https:\/\/www.domkraftpro.com\/#website","url":"https:\/\/www.domkraftpro.com\/","name":"","description":"","potentialAction":[{"@type":"SearchAction","target":{"@type":"EntryPoint","urlTemplate":"https:\/\/www.domkraftpro.com\/?s={search_term_string}"},"query-input":{"@type":"PropertyValueSpecification","valueRequired":true,"valueName":"search_term_string"}}],"inLanguage":"cs"}]}},"_links":{"self":[{"href":"https:\/\/www.domkraftpro.com\/index.php\/wp-json\/wp\/v2\/product\/49916","targetHints":{"allow":["GET"]}}],"collection":[{"href":"https:\/\/www.domkraftpro.com\/index.php\/wp-json\/wp\/v2\/product"}],"about":[{"href":"https:\/\/www.domkraftpro.com\/index.php\/wp-json\/wp\/v2\/types\/product"}],"replies":[{"embeddable":true,"href":"https:\/\/www.domkraftpro.com\/index.php\/wp-json\/wp\/v2\/comments?post=49916"}],"wp:featuredmedia":[{"embeddable":true,"href":"https:\/\/www.domkraftpro.com\/index.php\/wp-json\/wp\/v2\/media\/50016"}],"wp:attachment":[{"href":"https:\/\/www.domkraftpro.com\/index.php\/wp-json\/wp\/v2\/media?parent=49916"}],"wp:term":[{"taxonomy":"product_brand","embeddable":true,"href":"https:\/\/www.domkraftpro.com\/index.php\/wp-json\/wp\/v2\/product_brand?post=49916"},{"taxonomy":"product_cat","embeddable":true,"href":"https:\/\/www.domkraftpro.com\/index.php\/wp-json\/wp\/v2\/product_cat?post=49916"},{"taxonomy":"product_tag","embeddable":true,"href":"https:\/\/www.domkraftpro.com\/index.php\/wp-json\/wp\/v2\/product_tag?post=49916"}],"curies":[{"name":"wp","href":"https:\/\/api.w.org\/{rel}","templated":true}]}}