{"id":49902,"date":"2026-04-27T04:42:38","date_gmt":"2026-04-27T04:42:38","guid":{"rendered":""},"modified":"2026-04-27T04:42:38","modified_gmt":"2026-04-27T04:42:38","slug":"originalni-cleanfox-r-cockpit-sprej-jablko-amp-skorice-400-ml-49902","status":"publish","type":"product","link":"https:\/\/www.domkraftpro.com\/index.php\/produkt\/originalni-cleanfox-r-cockpit-sprej-jablko-amp-skorice-400-ml-49902\/","title":{"rendered":"Origin\u00e1ln\u00ed CLEANFOX\u00ae Cockpit sprej Jablko &amp; sko\u0159ice, 400 ml"},"content":{"rendered":"<div class=\"basic-description\">\n<h3>Detailn\u00ed popis produktu<\/h3>\n<div id=\"pobo-all-content\" data-pobo-content=\"product\" data-pobo-config=\"{&quot;product_id&quot;:3870914,&quot;value_lang&quot;:&quot;default&quot;,&quot;enable_marketplace&quot;:false}\">\n<div id=\"pobo-standard-widget\">\n<div data-pobo-widget-id=\"5\">\n<div class=\"widget-projector\">\n<div class=\"empty\">\n<ul>\n<li><span style=\"font-size: 12pt; font-family: inherit;\"><strong>Cockpit <span class=\"show-tooltip\" title=\"Sprej je za\u0159\u00edzen\u00ed nebo produkt, kter\u00fd umo\u017e\u0148uje rozpra\u0161ov\u00e1n\u00ed kapaliny nebo suspenze do vzduchu ve form\u011b jemn\u00e9 mlhy.Spreje jsou praktick\u00fdm a efektivn\u00edm zp\u016fsobem, jak aplikovat r\u016fzn\u00e9 l\u00e1tky v mnoha odv\u011btv\u00edch, a jejich design a technologie se neust\u00e1le&amp;hellip;\">spray<\/span> CLEANFOX je p\u0159\u00edpravek s antistatick\u00fdmi \u00fa\u010dinky.<\/strong><\/span><\/li>\n<li><span style=\"font-size: 12pt; font-family: inherit;\"><strong>Je ur\u010den k \u010di\u0161t\u011bn\u00ed, <span class=\"show-tooltip\" title=\"Le\u0161t\u011bn\u00ed je proces nebo \u010dinnost, p\u0159i kter\u00e9 se povrchov\u00fd materi\u00e1l nebo p\u0159edm\u011bt zjem\u0148uje a z\u00edsk\u00e1v\u00e1 hladk\u00fd, leskl\u00fd nebo hladk\u00fd vzhled. Tento postup m\u016f\u017ee b\u00fdt pou\u017eit na r\u016fzn\u00e9 materi\u00e1ly, v\u010detn\u011b kov\u016f, skla, d\u0159eva, plast\u016f a dal\u0161\u00edch. C\u00edlem le\u0161t\u011bn\u00ed je odstranit&amp;hellip;\">le\u0161t\u011bn\u00ed<\/span> a o\u0161et\u0159ov\u00e1n\u00ed <span class=\"show-tooltip\" title=\"Plastyn\u011bkdy tak\u00e9 naz\u00fdvan\u00e9 plastick\u00e9 \u010di um\u011bl\u00e9 hmoty, p\u0159edstavuj\u00ed \u0161irokou \u0161k\u00e1lu syntetick\u00fdch nebo \u010d\u00e1ste\u010dn\u011b syntetick\u00fdch organick\u00fdch slou\u010denin a polymern\u00edch materi\u00e1l\u016f. \u010casto obsahuj\u00ed p\u0159\u00edsady zlep\u0161uj\u00edc\u00ed jejich funk\u010dn\u00ed vlastnosti, nap\u0159\u00edklad&amp;hellip;\">plastov\u00fdch<\/span>, ko\u017eenkov\u00fdch, vinilov\u00fdch, <span class=\"show-tooltip\" title=\"Pry\u017e, zn\u00e1m\u00e1 t\u00e9\u017e jako guma, je elastick\u00fd polymern\u00ed materi\u00e1l, kter\u00fd se z\u00edsk\u00e1v\u00e1 z latexu n\u011bkter\u00fdch rostlin nebo synteticky vyr\u00e1b\u011bn\u00fd.&amp;nbsp;Latexov\u00e1 pry\u017e je p\u0159irozen\u00fd materi\u00e1l z\u00edsk\u00e1van\u00fd z latexu strom\u016f, zejm\u00e9na kau\u010dukovn\u00edk\u016f. Syntetick\u00e1 pry\u017e je vytv\u00e1\u0159ena&amp;hellip;\">gumov\u00fdch<\/span>, ko\u017een\u00fdch a&nbsp;<span class=\"show-tooltip\" title=\"D\u0159evo&amp;nbsp;je tvrd\u00e9 a p\u00f3rovit\u00e9&amp;nbsp;rostlinn\u00e9 pletivo&amp;nbsp;(tk\u00e1\u0148), je\u017e tvo\u0159\u00ed kmeny, ko\u0159eny a v\u011btve strom\u016f, ke\u0159\u016f a dal\u0161\u00edch&amp;nbsp;d\u0159evin. Skl\u00e1d\u00e1 se z&amp;nbsp;celul\u00f3zov\u00fdch&amp;nbsp;vl\u00e1ken s vysokou pevnost\u00ed v tahu a&amp;nbsp;ligninov\u00e9&amp;nbsp;v\u00fdpln\u011b, kter\u00e1&amp;hellip;\">d\u0159ev\u011bn\u00fdch<\/span> sou\u010d\u00e1st\u00ed interi\u00e9ru Va\u0161eho vozidla.<\/strong><\/span><\/li>\n<li><span style=\"font-size: 12pt; font-family: inherit;\"><strong>U pravideln\u011b a dlouhodob\u011b o\u0161et\u0159ovan\u00fdch sou\u010d\u00e1st\u00ed prodlu\u017euje jejich \u017eivotnost a odolnost proti p\u016fsoben\u00ed <span class=\"show-tooltip\" title=\"Vlhkost je m\u011brn\u00e1 fyzik\u00e1ln\u00ed veli\u010dina vyjad\u0159uj\u00edc\u00ed mno\u017estv\u00ed \u010d\u00e1stic vody p\u0159\u00edtomn\u00e9 v atmosf\u00e9\u0159e nebo v materi\u00e1lu. M\u016f\u017ee se jednat o d\u016fle\u017eit\u00fd faktor v mnoha r\u016fzn\u00fdch kontextech a ovliv\u0148ovat r\u016fzn\u00e9 aspekty prost\u0159ed\u00ed, kvality materi\u00e1l\u016f, a dokonce i lidsk\u00e9ho&amp;hellip;\">vlhkosti<\/span>, UV z\u00e1\u0159en\u00ed, teploty, ozonu a <span class=\"show-tooltip\" title=\"Kysl\u00edk&amp;nbsp;(lat. oxygenium)&amp;nbsp;je chemick\u00fd prvek, kter\u00fd je zna\u010den symbolem &quot;O&quot; v periodick\u00e9 tabulce prvk\u016f a m\u00e1 atomov\u00e9 \u010d\u00edslo 8.&amp;nbsp;\u058d Kysl\u00edk je plyn bezbarv\u00fd, bez chuti a bez z\u00e1pachu, kter\u00fd tvo\u0159\u00ed asi 21 % atmosf\u00e9rick\u00e9ho vzduchu Zem\u011b.\u058d&amp;hellip;\">kysl\u00edku<\/span>.<\/strong><\/span><\/li>\n<li><span style=\"font-size: 12pt; font-family: inherit;\"><strong>Osv\u011b\u017euje barvy a navrac\u00ed p\u0159irozen\u00fd <span class=\"show-tooltip\" title=\"Lesk povrchu barvy je srovn\u00e1v\u00e1n s mno\u017estv\u00edm sv\u011btla odrazen\u00e9ho \u010dernou le\u0161t\u011bnou sklen\u011bnou deskou s ozna\u010den\u00edm 100, tedy s maxim\u00e1ln\u00edm leskem. Barvy a laky jsou rozd\u011bleny do skupin podle lesku m\u011b\u0159en\u00e9ho v \u00fahlu odrazu 60 stup\u0148\u016f podle n\u00ed\u017ee uveden\u00e9&amp;hellip;\">lesk<\/span>.&nbsp;<\/strong><\/span><\/li>\n<li><span style=\"font-size: 12pt; font-family: inherit;\"><strong>Neutralizuje nikotinov\u00fd z\u00e1pach a vn\u00e1\u0161\u00ed sv\u011b\u017e\u00ed v\u016fni &nbsp;do interi\u00e9ru.<\/strong><\/span><\/li>\n<li><span style=\"font-size: 12pt; font-family: inherit;\"><strong>Po aplikaci a rozet\u0159en\u00ed nezanech\u00e1v\u00e1 skvrny, mastn\u00fd povrch a nesm\u00fdv\u00e1 se.<\/strong><\/span><\/li>\n<li><span style=\"font-size: 12pt; font-family: inherit;\"><strong>Na o\u0161et\u0159ovan\u00e9 povrchy nast\u0159\u00edkejte rovnom\u011brn\u011b vrstvu cockpit spraye ze vzd\u00e1lenosti cca 8 &#8211; 15 cm.<\/strong><\/span><\/li>\n<li><span style=\"font-size: 12pt; font-family: inherit;\"><strong>Nechte n\u011bkolik sekund p\u016fsobit a vyle\u0161t\u011bte such\u00fdm m\u011bkk\u00fdm had\u0159\u00edkem.<\/strong><\/span><\/li>\n<li><span style=\"font-size: 12pt; font-family: inherit;\"><strong>Neaplikujte na ped\u00e1ly, v\u011bnec volantu, ru\u010dn\u00ed brzdu, \u0159ad\u00edc\u00ed p\u00e1ku apod.- p\u0159\u00edpravek m\u016f\u017ee vytvo\u0159it kluznou vrstvu.&nbsp;<\/strong><\/span><\/li>\n<li><span style=\"font-size: 12pt; font-family: inherit;\"><strong>Takt\u00e9\u017e nepou\u017e\u00edvejte na <span class=\"show-tooltip\" title=\"Sklo&amp;nbsp;je homogenn\u00ed,&amp;nbsp;amorfn\u00ed&amp;nbsp;(tj. nekrystalick\u00e1) pevn\u00e1 l\u00e1tka, kter\u00e1 se vyzna\u010duje tvrdost\u00ed, k\u0159ehkost\u00ed a pr\u016fhlednost\u00ed. Hlavn\u00ed slo\u017ekou skla je&amp;nbsp;oxid k\u0159emi\u010dit\u00fd&amp;nbsp;(SiO2) a vyr\u00e1b\u00ed se taven\u00edm k\u0159emi\u010dit\u00e9ho&amp;nbsp;skl\u00e1\u0159sk\u00e9ho&amp;hellip;\">sklo<\/span>, transparentn\u00ed plasty a <span class=\"show-tooltip\" title=\"Lak je povlak nebo n\u00e1t\u011br, kter\u00fd se nan\u00e1\u0161\u00ed na povrchy s c\u00edlem zv\u00fd\u0161it jejich odolnost, estetick\u00fd vzhled nebo ochranu. Existuje mnoho r\u016fzn\u00fdch typ\u016f lak\u016f, z nich\u017e ka\u017ed\u00fd je ur\u010den pro specifick\u00e9 pou\u017eit\u00ed a materi\u00e1ly:Vodou \u0159editeln\u00fd lak: Typ&amp;hellip;\">lak<\/span> karoserie.<\/strong><\/span><\/li>\n<li><span style=\"font-size: 12pt; font-family: inherit;\"><strong>V bl\u00edzkosti oken nast\u0159\u00edkejte p\u0159\u00edpravek na had\u0159\u00edk a pot\u00e9 rozle\u0161t\u011bte po povrchu.<\/strong><\/span><\/li>\n<li><span style=\"font-size: 12pt; font-family: inherit;\"><strong>Pou\u017e\u00edvejte pouze k ur\u010den\u00e9mu \u00fa\u010delu.<\/strong><\/span><\/li>\n<\/ul>\n<p><span style=\"font-size: 12pt; font-family: inherit;\"><strong>Balen\u00ed: sprej 400 ml &nbsp;<\/strong><\/span><span class=\"rc-advantages-four__info-text\"> <\/span><\/p>\n<\/div>\n<\/div>\n<\/div>\n<\/div>\n<div id=\"pobo-share-widget\">&nbsp;<\/div>\n<\/div><\/div>\n","protected":false},"excerpt":{"rendered":"<p>Detailn\u00ed popis produktu Cockpit spray CLEANFOX je p\u0159\u00edpravek s antistatick\u00fdmi \u00fa\u010dinky. Je ur\u010den k \u010di\u0161t\u011bn\u00ed, le\u0161t\u011bn\u00ed a o\u0161et\u0159ov\u00e1n\u00ed plastov\u00fdch, ko\u017eenkov\u00fdch, vinilov\u00fdch, gumov\u00fdch, ko\u017een\u00fdch a&nbsp;d\u0159ev\u011bn\u00fdch sou\u010d\u00e1st\u00ed interi\u00e9ru Va\u0161eho vozidla. U pravideln\u011b a dlouhodob\u011b o\u0161et\u0159ovan\u00fdch sou\u010d\u00e1st\u00ed prodlu\u017euje jejich \u017eivotnost a odolnost proti p\u016fsoben\u00ed vlhkosti, UV z\u00e1\u0159en\u00ed, teploty, ozonu a kysl\u00edku. Osv\u011b\u017euje barvy a navrac\u00ed p\u0159irozen\u00fd lesk.&nbsp; Neutralizuje [&hellip;]<\/p>\n","protected":false},"featured_media":50002,"comment_status":"open","ping_status":"open","template":"","meta":[],"product_brand":[],"product_cat":[63],"product_tag":[],"class_list":{"0":"post-49902","1":"product","2":"type-product","3":"status-publish","4":"has-post-thumbnail","6":"product_cat-automotive","8":"first","9":"instock","10":"sale","11":"shipping-taxable","12":"purchasable","13":"product-type-simple"},"yoast_head":"<!-- This site is optimized with the Yoast SEO plugin v26.8 - https:\/\/yoast.com\/product\/yoast-seo-wordpress\/ -->\n<title>Origin\u00e1ln\u00ed CLEANFOX\u00ae Cockpit sprej Jablko &amp; sko\u0159ice, 400 ml -<\/title>\n<meta name=\"robots\" content=\"index, follow, max-snippet:-1, max-image-preview:large, max-video-preview:-1\" \/>\n<link rel=\"canonical\" href=\"https:\/\/www.domkraftpro.com\/index.php\/produkt\/originalni-cleanfox-r-cockpit-sprej-jablko-amp-skorice-400-ml-49902\/\" \/>\n<meta property=\"og:locale\" content=\"cs_CZ\" \/>\n<meta property=\"og:type\" content=\"article\" \/>\n<meta property=\"og:title\" content=\"Origin\u00e1ln\u00ed CLEANFOX\u00ae Cockpit sprej Jablko &amp; sko\u0159ice, 400 ml -\" \/>\n<meta property=\"og:description\" content=\"Detailn\u00ed popis produktu Cockpit spray CLEANFOX je p\u0159\u00edpravek s antistatick\u00fdmi \u00fa\u010dinky. Je ur\u010den k \u010di\u0161t\u011bn\u00ed, le\u0161t\u011bn\u00ed a o\u0161et\u0159ov\u00e1n\u00ed plastov\u00fdch, ko\u017eenkov\u00fdch, vinilov\u00fdch, gumov\u00fdch, ko\u017een\u00fdch a&nbsp;d\u0159ev\u011bn\u00fdch sou\u010d\u00e1st\u00ed interi\u00e9ru Va\u0161eho vozidla. U pravideln\u011b a dlouhodob\u011b o\u0161et\u0159ovan\u00fdch sou\u010d\u00e1st\u00ed prodlu\u017euje jejich \u017eivotnost a odolnost proti p\u016fsoben\u00ed vlhkosti, UV z\u00e1\u0159en\u00ed, teploty, ozonu a kysl\u00edku. Osv\u011b\u017euje barvy a navrac\u00ed p\u0159irozen\u00fd lesk.&nbsp; Neutralizuje [&hellip;]\" \/>\n<meta property=\"og:url\" content=\"https:\/\/www.domkraftpro.com\/index.php\/produkt\/originalni-cleanfox-r-cockpit-sprej-jablko-amp-skorice-400-ml-49902\/\" \/>\n<meta property=\"og:image\" content=\"https:\/\/www.domkraftpro.com\/wp-content\/uploads\/2026\/SK0008218-CZ20260425-092522-0-1777080324-122488_cleanfox-cockpit-spray-jablko.webp\" \/>\n\t<meta property=\"og:image:width\" content=\"1000\" \/>\n\t<meta property=\"og:image:height\" content=\"750\" \/>\n\t<meta property=\"og:image:type\" content=\"image\/webp\" \/>\n<meta name=\"twitter:card\" content=\"summary_large_image\" \/>\n<meta name=\"twitter:label1\" content=\"Odhadovan\u00e1 doba \u010dten\u00ed\" \/>\n\t<meta name=\"twitter:data1\" content=\"1 minuta\" \/>\n<script type=\"application\/ld+json\" class=\"yoast-schema-graph\">{\"@context\":\"https:\/\/schema.org\",\"@graph\":[{\"@type\":\"WebPage\",\"@id\":\"https:\/\/www.domkraftpro.com\/index.php\/produkt\/originalni-cleanfox-r-cockpit-sprej-jablko-amp-skorice-400-ml-49902\/\",\"url\":\"https:\/\/www.domkraftpro.com\/index.php\/produkt\/originalni-cleanfox-r-cockpit-sprej-jablko-amp-skorice-400-ml-49902\/\",\"name\":\"Origin\u00e1ln\u00ed CLEANFOX\u00ae Cockpit sprej Jablko &amp; sko\u0159ice, 400 ml -\",\"isPartOf\":{\"@id\":\"https:\/\/www.domkraftpro.com\/#website\"},\"primaryImageOfPage\":{\"@id\":\"https:\/\/www.domkraftpro.com\/index.php\/produkt\/originalni-cleanfox-r-cockpit-sprej-jablko-amp-skorice-400-ml-49902\/#primaryimage\"},\"image\":{\"@id\":\"https:\/\/www.domkraftpro.com\/index.php\/produkt\/originalni-cleanfox-r-cockpit-sprej-jablko-amp-skorice-400-ml-49902\/#primaryimage\"},\"thumbnailUrl\":\"https:\/\/www.domkraftpro.com\/wp-content\/uploads\/2026\/SK0008218-CZ20260425-092522-0-1777080324-122488_cleanfox-cockpit-spray-jablko.webp\",\"datePublished\":\"2026-04-27T04:42:38+00:00\",\"breadcrumb\":{\"@id\":\"https:\/\/www.domkraftpro.com\/index.php\/produkt\/originalni-cleanfox-r-cockpit-sprej-jablko-amp-skorice-400-ml-49902\/#breadcrumb\"},\"inLanguage\":\"cs\",\"potentialAction\":[{\"@type\":\"ReadAction\",\"target\":[\"https:\/\/www.domkraftpro.com\/index.php\/produkt\/originalni-cleanfox-r-cockpit-sprej-jablko-amp-skorice-400-ml-49902\/\"]}]},{\"@type\":\"ImageObject\",\"inLanguage\":\"cs\",\"@id\":\"https:\/\/www.domkraftpro.com\/index.php\/produkt\/originalni-cleanfox-r-cockpit-sprej-jablko-amp-skorice-400-ml-49902\/#primaryimage\",\"url\":\"https:\/\/www.domkraftpro.com\/wp-content\/uploads\/2026\/SK0008218-CZ20260425-092522-0-1777080324-122488_cleanfox-cockpit-spray-jablko.webp\",\"contentUrl\":\"https:\/\/www.domkraftpro.com\/wp-content\/uploads\/2026\/SK0008218-CZ20260425-092522-0-1777080324-122488_cleanfox-cockpit-spray-jablko.webp\",\"width\":1000,\"height\":750},{\"@type\":\"BreadcrumbList\",\"@id\":\"https:\/\/www.domkraftpro.com\/index.php\/produkt\/originalni-cleanfox-r-cockpit-sprej-jablko-amp-skorice-400-ml-49902\/#breadcrumb\",\"itemListElement\":[{\"@type\":\"ListItem\",\"position\":1,\"name\":\"Home\",\"item\":\"https:\/\/www.domkraftpro.com\/\"},{\"@type\":\"ListItem\",\"position\":2,\"name\":\"Products\",\"item\":\"https:\/\/www.domkraftpro.com\/index.php\/products\/\"},{\"@type\":\"ListItem\",\"position\":3,\"name\":\"Origin\u00e1ln\u00ed CLEANFOX\u00ae Cockpit sprej Jablko &amp; sko\u0159ice, 400 ml\"}]},{\"@type\":\"WebSite\",\"@id\":\"https:\/\/www.domkraftpro.com\/#website\",\"url\":\"https:\/\/www.domkraftpro.com\/\",\"name\":\"\",\"description\":\"\",\"potentialAction\":[{\"@type\":\"SearchAction\",\"target\":{\"@type\":\"EntryPoint\",\"urlTemplate\":\"https:\/\/www.domkraftpro.com\/?s={search_term_string}\"},\"query-input\":{\"@type\":\"PropertyValueSpecification\",\"valueRequired\":true,\"valueName\":\"search_term_string\"}}],\"inLanguage\":\"cs\"}]}<\/script>\n<!-- \/ Yoast SEO plugin. -->","yoast_head_json":{"title":"Origin\u00e1ln\u00ed CLEANFOX\u00ae Cockpit sprej Jablko &amp; sko\u0159ice, 400 ml -","robots":{"index":"index","follow":"follow","max-snippet":"max-snippet:-1","max-image-preview":"max-image-preview:large","max-video-preview":"max-video-preview:-1"},"canonical":"https:\/\/www.domkraftpro.com\/index.php\/produkt\/originalni-cleanfox-r-cockpit-sprej-jablko-amp-skorice-400-ml-49902\/","og_locale":"cs_CZ","og_type":"article","og_title":"Origin\u00e1ln\u00ed CLEANFOX\u00ae Cockpit sprej Jablko &amp; sko\u0159ice, 400 ml -","og_description":"Detailn\u00ed popis produktu Cockpit spray CLEANFOX je p\u0159\u00edpravek s antistatick\u00fdmi \u00fa\u010dinky. Je ur\u010den k \u010di\u0161t\u011bn\u00ed, le\u0161t\u011bn\u00ed a o\u0161et\u0159ov\u00e1n\u00ed plastov\u00fdch, ko\u017eenkov\u00fdch, vinilov\u00fdch, gumov\u00fdch, ko\u017een\u00fdch a&nbsp;d\u0159ev\u011bn\u00fdch sou\u010d\u00e1st\u00ed interi\u00e9ru Va\u0161eho vozidla. U pravideln\u011b a dlouhodob\u011b o\u0161et\u0159ovan\u00fdch sou\u010d\u00e1st\u00ed prodlu\u017euje jejich \u017eivotnost a odolnost proti p\u016fsoben\u00ed vlhkosti, UV z\u00e1\u0159en\u00ed, teploty, ozonu a kysl\u00edku. Osv\u011b\u017euje barvy a navrac\u00ed p\u0159irozen\u00fd lesk.&nbsp; Neutralizuje [&hellip;]","og_url":"https:\/\/www.domkraftpro.com\/index.php\/produkt\/originalni-cleanfox-r-cockpit-sprej-jablko-amp-skorice-400-ml-49902\/","og_image":[{"width":1000,"height":750,"url":"https:\/\/www.domkraftpro.com\/wp-content\/uploads\/2026\/SK0008218-CZ20260425-092522-0-1777080324-122488_cleanfox-cockpit-spray-jablko.webp","type":"image\/webp"}],"twitter_card":"summary_large_image","twitter_misc":{"Odhadovan\u00e1 doba \u010dten\u00ed":"1 minuta"},"schema":{"@context":"https:\/\/schema.org","@graph":[{"@type":"WebPage","@id":"https:\/\/www.domkraftpro.com\/index.php\/produkt\/originalni-cleanfox-r-cockpit-sprej-jablko-amp-skorice-400-ml-49902\/","url":"https:\/\/www.domkraftpro.com\/index.php\/produkt\/originalni-cleanfox-r-cockpit-sprej-jablko-amp-skorice-400-ml-49902\/","name":"Origin\u00e1ln\u00ed CLEANFOX\u00ae Cockpit sprej Jablko &amp; sko\u0159ice, 400 ml -","isPartOf":{"@id":"https:\/\/www.domkraftpro.com\/#website"},"primaryImageOfPage":{"@id":"https:\/\/www.domkraftpro.com\/index.php\/produkt\/originalni-cleanfox-r-cockpit-sprej-jablko-amp-skorice-400-ml-49902\/#primaryimage"},"image":{"@id":"https:\/\/www.domkraftpro.com\/index.php\/produkt\/originalni-cleanfox-r-cockpit-sprej-jablko-amp-skorice-400-ml-49902\/#primaryimage"},"thumbnailUrl":"https:\/\/www.domkraftpro.com\/wp-content\/uploads\/2026\/SK0008218-CZ20260425-092522-0-1777080324-122488_cleanfox-cockpit-spray-jablko.webp","datePublished":"2026-04-27T04:42:38+00:00","breadcrumb":{"@id":"https:\/\/www.domkraftpro.com\/index.php\/produkt\/originalni-cleanfox-r-cockpit-sprej-jablko-amp-skorice-400-ml-49902\/#breadcrumb"},"inLanguage":"cs","potentialAction":[{"@type":"ReadAction","target":["https:\/\/www.domkraftpro.com\/index.php\/produkt\/originalni-cleanfox-r-cockpit-sprej-jablko-amp-skorice-400-ml-49902\/"]}]},{"@type":"ImageObject","inLanguage":"cs","@id":"https:\/\/www.domkraftpro.com\/index.php\/produkt\/originalni-cleanfox-r-cockpit-sprej-jablko-amp-skorice-400-ml-49902\/#primaryimage","url":"https:\/\/www.domkraftpro.com\/wp-content\/uploads\/2026\/SK0008218-CZ20260425-092522-0-1777080324-122488_cleanfox-cockpit-spray-jablko.webp","contentUrl":"https:\/\/www.domkraftpro.com\/wp-content\/uploads\/2026\/SK0008218-CZ20260425-092522-0-1777080324-122488_cleanfox-cockpit-spray-jablko.webp","width":1000,"height":750},{"@type":"BreadcrumbList","@id":"https:\/\/www.domkraftpro.com\/index.php\/produkt\/originalni-cleanfox-r-cockpit-sprej-jablko-amp-skorice-400-ml-49902\/#breadcrumb","itemListElement":[{"@type":"ListItem","position":1,"name":"Home","item":"https:\/\/www.domkraftpro.com\/"},{"@type":"ListItem","position":2,"name":"Products","item":"https:\/\/www.domkraftpro.com\/index.php\/products\/"},{"@type":"ListItem","position":3,"name":"Origin\u00e1ln\u00ed CLEANFOX\u00ae Cockpit sprej Jablko &amp; sko\u0159ice, 400 ml"}]},{"@type":"WebSite","@id":"https:\/\/www.domkraftpro.com\/#website","url":"https:\/\/www.domkraftpro.com\/","name":"","description":"","potentialAction":[{"@type":"SearchAction","target":{"@type":"EntryPoint","urlTemplate":"https:\/\/www.domkraftpro.com\/?s={search_term_string}"},"query-input":{"@type":"PropertyValueSpecification","valueRequired":true,"valueName":"search_term_string"}}],"inLanguage":"cs"}]}},"_links":{"self":[{"href":"https:\/\/www.domkraftpro.com\/index.php\/wp-json\/wp\/v2\/product\/49902","targetHints":{"allow":["GET"]}}],"collection":[{"href":"https:\/\/www.domkraftpro.com\/index.php\/wp-json\/wp\/v2\/product"}],"about":[{"href":"https:\/\/www.domkraftpro.com\/index.php\/wp-json\/wp\/v2\/types\/product"}],"replies":[{"embeddable":true,"href":"https:\/\/www.domkraftpro.com\/index.php\/wp-json\/wp\/v2\/comments?post=49902"}],"wp:featuredmedia":[{"embeddable":true,"href":"https:\/\/www.domkraftpro.com\/index.php\/wp-json\/wp\/v2\/media\/50002"}],"wp:attachment":[{"href":"https:\/\/www.domkraftpro.com\/index.php\/wp-json\/wp\/v2\/media?parent=49902"}],"wp:term":[{"taxonomy":"product_brand","embeddable":true,"href":"https:\/\/www.domkraftpro.com\/index.php\/wp-json\/wp\/v2\/product_brand?post=49902"},{"taxonomy":"product_cat","embeddable":true,"href":"https:\/\/www.domkraftpro.com\/index.php\/wp-json\/wp\/v2\/product_cat?post=49902"},{"taxonomy":"product_tag","embeddable":true,"href":"https:\/\/www.domkraftpro.com\/index.php\/wp-json\/wp\/v2\/product_tag?post=49902"}],"curies":[{"name":"wp","href":"https:\/\/api.w.org\/{rel}","templated":true}]}}