{"id":49760,"date":"2026-04-27T04:42:37","date_gmt":"2026-04-27T04:42:37","guid":{"rendered":""},"modified":"2026-04-27T04:42:37","modified_gmt":"2026-04-27T04:42:37","slug":"cenovy-hit-jednorazovy-pp-overal-andrew-vel-xxxl-ardon-r-element-shop-cz-49760","status":"publish","type":"product","link":"https:\/\/www.domkraftpro.com\/index.php\/produkt\/cenovy-hit-jednorazovy-pp-overal-andrew-vel-xxxl-ardon-r-element-shop-cz-49760\/","title":{"rendered":"Cenov\u00fd Hit Jednor\u00e1zov\u00fd PP overal, ANDREW, vel. XXXL, ARDON\u00ae | element-shop.cz"},"content":{"rendered":"<div class=\"basic-description\">\n<h3>Detailn\u00ed popis produktu<\/h3>\n<p>                                    Ochrann\u00e1 kombin\u00e9za ARDON ANDREW velikosti XXXL je lehk\u00fd a prody\u0161n\u00fd jednor\u00e1zov\u00fd pracovn\u00ed od\u011bv ur\u010den\u00fd k ochran\u011b proti prachu, ne\u010distot\u00e1m a minim\u00e1ln\u00edm rizik\u016fm.Vyrobena z kvalitn\u00edho polypropylenu o gram\u00e1\u017ei 40 g\/m2, zaru\u010duje optim\u00e1ln\u00ed <span class=\"show-tooltip\" title=\"Pevnost je materi\u00e1lov\u00e1 vlastnost charakterizuj\u00edc\u00ed schopnost materi\u00e1lu odol\u00e1vat vn\u011bj\u0161\u00edm sil\u00e1m, kter\u00e9 by mohly zp\u016fsobit jeho deformaci, roztr\u017een\u00ed nebo jin\u00e9 formy selh\u00e1n\u00ed.Pevnost je z\u00e1kladn\u00edm parametrem pro posouzen\u00ed odolnosti materi\u00e1l\u016f v konstrukci a&amp;hellip;\">pevnost<\/span>, <span class=\"show-tooltip\" title=\"Pru\u017enost je vlastnost materi\u00e1l\u016f, kter\u00e1 se projevuje jejich schopnost\u00ed vracet se do p\u016fvodn\u00edho tvaru po odstran\u011bn\u00ed vn\u011bj\u0161\u00edch sil, kter\u00e9 na n\u011b p\u016fsobily. Pru\u017en\u00e9 materi\u00e1ly se deformuj\u00ed, kdy\u017e jsou vystaveny zat\u00ed\u017een\u00ed, a po odstran\u011bn\u00ed tohoto zat\u00ed\u017een\u00ed se op\u011bt&amp;hellip;\">pru\u017enost<\/span> a volnost pohybu i p\u0159i del\u0161\u00edm no\u0161en\u00ed.Kombin\u00e9za je vybavena elastickou kapuc\u00ed, man\u017eetami na ruk\u00e1vech i nohavic\u00edch a zap\u00edn\u00e1n\u00edm na zip, co\u017e zaji\u0161\u0165uje rychl\u00e9 obl\u00e9k\u00e1n\u00ed, bezpe\u010dn\u00e9 uzav\u0159en\u00ed a pohodl\u00ed p\u0159i pr\u00e1ci.Je ide\u00e1ln\u00ed pro mal\u00ed\u0159sk\u00e9, \u00faklidov\u00e9, servisn\u00ed, mont\u00e1\u017en\u00ed a skladov\u00e9 pr\u00e1ce, kde je t\u0159eba chr\u00e1nit od\u011bv a poko\u017eku p\u0159ed ne\u010distotami.Od\u011bv je ur\u010den na jedno pou\u017eit\u00ed (nelze pr\u00e1t ani opakovan\u011b pou\u017e\u00edvat).Kl\u00ed\u010dov\u00e9 vlastnosti:&#8226; Velikost XXXL \u2013 vhodn\u00e1 pro komfortn\u00ed pohyb i p\u0159i pr\u00e1ci&#8226; Materi\u00e1l: 100% polypropylen, gram\u00e1\u017e 40 g\/m2 &#8226; Zap\u00edn\u00e1n\u00ed na zip \u2013 rychl\u00e9 a praktick\u00e9 obl\u00e9knut\u00ed&#8226; Elastick\u00e1 kapuce, pas, ruk\u00e1vy i nohavice \u2013 dokonal\u00e9 p\u0159izp\u016fsoben\u00ed postav\u011b&#8226; Lehk\u00fd, vzdu\u0161n\u00fd a pohodln\u00fd materi\u00e1l &#8226; Jednor\u00e1zov\u00e9 pou\u017eit\u00ed \u2013 zaru\u010den\u00e1 hygiena a \u010distota p\u0159i ka\u017ed\u00e9m pou\u017eit\u00ed&#8226; Spl\u0148uje normu <span class=\"show-tooltip\" title=\"\u010cSN je \u010desk\u00fd standard pro stupnici&amp;nbsp;barevn\u00fdch odst\u00edn\u016f&amp;nbsp;n\u00e1t\u011brov\u00fdch hmot.&amp;nbsp;Je zalo\u017een na \u010deskoslovensk\u00e9, resp.&amp;nbsp;\u010desk\u00e9 technick\u00e9 norm\u011b&amp;nbsp;\u010cSN 67&amp;nbsp;3067. Norma byla zru\u0161ena k 1. 6. 2012.&amp;nbsp;Ka\u017ed\u00e1 barva palety RAL m\u00e1 odpov\u00eddaj\u00edc\u00ed&amp;hellip;\">\u010cSN<\/span> EN <span class=\"show-tooltip\" title=\"ISO (International Organization for Standardization) \u2013&amp;nbsp;Mezin\u00e1rodn\u00ed organizace pro normalizaciNez\u00e1visl\u00e1, nevl\u00e1dn\u00ed mezin\u00e1rodn\u00ed organizace&amp;nbsp;sdru\u017euj\u00edc\u00ed n\u00e1rodn\u00ed normaliza\u010dn\u00ed organizace z jednotliv\u00fdch st\u00e1t\u016f sv\u011bta se s\u00eddlem v \u017denev\u011b. V roce 1947&amp;hellip;\">ISO<\/span> 13688:2013 \u2013 ochrana proti minim\u00e1ln\u00edm rizik\u016fm&#10004; Ochrana od\u011bvu p\u0159i malov\u00e1n\u00ed, \u00faklidu a renovac\u00edch &#10004; Vhodn\u00e1 pro mont\u00e1\u017en\u00ed, skladov\u00e9 a servisn\u00ed pr\u00e1ce &#10004; Zem\u011bd\u011blstv\u00ed, \u00fadr\u017eba, autoservis, dom\u00e1c\u00ed d\u00edlna &#10004; Tam, kde je pot\u0159eba \u010dist\u00e9 a hygienick\u00e9 prost\u0159ed\u00ed Technick\u00e9 parametry:&#8226; Materi\u00e1l: polypropylen&#8226; Gram\u00e1\u017e: 40 g\/m2&#8226; Velikost: XXXL&#8226; Barva: <span class=\"show-tooltip\" title=\"B\u00edl\u00e1 je barva, kter\u00e1 vznik\u00e1 odrazem v\u0161ech viditeln\u00fdch vlnov\u00fdch d\u00e9lek sv\u011btla v p\u0159ibli\u017en\u011b stejn\u00e9m pom\u011bru. V d\u016fsledku tohoto odrazu se jev\u00ed lidsk\u00e9mu oku jako nejjasn\u011bj\u0161\u00ed barva a p\u0159edstavuje naprostou neutralitu. Na barevn\u00e9m spektru b\u00edl\u00e1 barva&amp;hellip;\">b\u00edl\u00e1<\/span>&#8226; Zap\u00edn\u00e1n\u00ed: zip&#8226; Man\u017eety: elastick\u00e9 (ruk\u00e1vy, nohavice, pas, kapuce)&#8226; Norma: \u010cSN EN ISO 13688:2013                            <\/div>\n","protected":false},"excerpt":{"rendered":"<p>Detailn\u00ed popis produktu Ochrann\u00e1 kombin\u00e9za ARDON ANDREW velikosti XXXL je lehk\u00fd a prody\u0161n\u00fd jednor\u00e1zov\u00fd pracovn\u00ed od\u011bv ur\u010den\u00fd k ochran\u011b proti prachu, ne\u010distot\u00e1m a minim\u00e1ln\u00edm rizik\u016fm.Vyrobena z kvalitn\u00edho polypropylenu o gram\u00e1\u017ei 40 g\/m2, zaru\u010duje optim\u00e1ln\u00ed pevnost, pru\u017enost a volnost pohybu i p\u0159i del\u0161\u00edm no\u0161en\u00ed.Kombin\u00e9za je vybavena elastickou kapuc\u00ed, man\u017eetami na ruk\u00e1vech i nohavic\u00edch a zap\u00edn\u00e1n\u00edm na [&hellip;]<\/p>\n","protected":false},"featured_media":49860,"comment_status":"open","ping_status":"open","template":"","meta":[],"product_brand":[],"product_cat":[59],"product_tag":[],"class_list":{"0":"post-49760","1":"product","2":"type-product","3":"status-publish","4":"has-post-thumbnail","6":"product_cat-ochranne-pomucky","8":"first","9":"instock","10":"sale","11":"shipping-taxable","12":"purchasable","13":"product-type-simple"},"yoast_head":"<!-- This site is optimized with the Yoast SEO plugin v26.8 - https:\/\/yoast.com\/product\/yoast-seo-wordpress\/ -->\n<title>Cenov\u00fd Hit Jednor\u00e1zov\u00fd PP overal, ANDREW, vel. XXXL, ARDON\u00ae | element-shop.cz -<\/title>\n<meta name=\"robots\" content=\"index, follow, max-snippet:-1, max-image-preview:large, max-video-preview:-1\" \/>\n<link rel=\"canonical\" href=\"https:\/\/www.domkraftpro.com\/index.php\/produkt\/cenovy-hit-jednorazovy-pp-overal-andrew-vel-xxxl-ardon-r-element-shop-cz-49760\/\" \/>\n<meta property=\"og:locale\" content=\"cs_CZ\" \/>\n<meta property=\"og:type\" content=\"article\" \/>\n<meta property=\"og:title\" content=\"Cenov\u00fd Hit Jednor\u00e1zov\u00fd PP overal, ANDREW, vel. XXXL, ARDON\u00ae | element-shop.cz -\" \/>\n<meta property=\"og:description\" content=\"Detailn\u00ed popis produktu Ochrann\u00e1 kombin\u00e9za ARDON ANDREW velikosti XXXL je lehk\u00fd a prody\u0161n\u00fd jednor\u00e1zov\u00fd pracovn\u00ed od\u011bv ur\u010den\u00fd k ochran\u011b proti prachu, ne\u010distot\u00e1m a minim\u00e1ln\u00edm rizik\u016fm.Vyrobena z kvalitn\u00edho polypropylenu o gram\u00e1\u017ei 40 g\/m2, zaru\u010duje optim\u00e1ln\u00ed pevnost, pru\u017enost a volnost pohybu i p\u0159i del\u0161\u00edm no\u0161en\u00ed.Kombin\u00e9za je vybavena elastickou kapuc\u00ed, man\u017eetami na ruk\u00e1vech i nohavic\u00edch a zap\u00edn\u00e1n\u00edm na [&hellip;]\" \/>\n<meta property=\"og:url\" content=\"https:\/\/www.domkraftpro.com\/index.php\/produkt\/cenovy-hit-jednorazovy-pp-overal-andrew-vel-xxxl-ardon-r-element-shop-cz-49760\/\" \/>\n<meta property=\"og:image\" content=\"https:\/\/www.domkraftpro.com\/wp-content\/uploads\/2026\/SK0008176-CZ20260425-092522-0-1777080324-122281_rewrite-26695-h4042xxxl.webp\" \/>\n\t<meta property=\"og:image:width\" content=\"1000\" \/>\n\t<meta property=\"og:image:height\" content=\"750\" \/>\n\t<meta property=\"og:image:type\" content=\"image\/webp\" \/>\n<meta name=\"twitter:card\" content=\"summary_large_image\" \/>\n<meta name=\"twitter:label1\" content=\"Odhadovan\u00e1 doba \u010dten\u00ed\" \/>\n\t<meta name=\"twitter:data1\" content=\"1 minuta\" \/>\n<script type=\"application\/ld+json\" class=\"yoast-schema-graph\">{\"@context\":\"https:\/\/schema.org\",\"@graph\":[{\"@type\":\"WebPage\",\"@id\":\"https:\/\/www.domkraftpro.com\/index.php\/produkt\/cenovy-hit-jednorazovy-pp-overal-andrew-vel-xxxl-ardon-r-element-shop-cz-49760\/\",\"url\":\"https:\/\/www.domkraftpro.com\/index.php\/produkt\/cenovy-hit-jednorazovy-pp-overal-andrew-vel-xxxl-ardon-r-element-shop-cz-49760\/\",\"name\":\"Cenov\u00fd Hit Jednor\u00e1zov\u00fd PP overal, ANDREW, vel. XXXL, ARDON\u00ae | element-shop.cz -\",\"isPartOf\":{\"@id\":\"https:\/\/www.domkraftpro.com\/#website\"},\"primaryImageOfPage\":{\"@id\":\"https:\/\/www.domkraftpro.com\/index.php\/produkt\/cenovy-hit-jednorazovy-pp-overal-andrew-vel-xxxl-ardon-r-element-shop-cz-49760\/#primaryimage\"},\"image\":{\"@id\":\"https:\/\/www.domkraftpro.com\/index.php\/produkt\/cenovy-hit-jednorazovy-pp-overal-andrew-vel-xxxl-ardon-r-element-shop-cz-49760\/#primaryimage\"},\"thumbnailUrl\":\"https:\/\/www.domkraftpro.com\/wp-content\/uploads\/2026\/SK0008176-CZ20260425-092522-0-1777080324-122281_rewrite-26695-h4042xxxl.webp\",\"datePublished\":\"2026-04-27T04:42:37+00:00\",\"breadcrumb\":{\"@id\":\"https:\/\/www.domkraftpro.com\/index.php\/produkt\/cenovy-hit-jednorazovy-pp-overal-andrew-vel-xxxl-ardon-r-element-shop-cz-49760\/#breadcrumb\"},\"inLanguage\":\"cs\",\"potentialAction\":[{\"@type\":\"ReadAction\",\"target\":[\"https:\/\/www.domkraftpro.com\/index.php\/produkt\/cenovy-hit-jednorazovy-pp-overal-andrew-vel-xxxl-ardon-r-element-shop-cz-49760\/\"]}]},{\"@type\":\"ImageObject\",\"inLanguage\":\"cs\",\"@id\":\"https:\/\/www.domkraftpro.com\/index.php\/produkt\/cenovy-hit-jednorazovy-pp-overal-andrew-vel-xxxl-ardon-r-element-shop-cz-49760\/#primaryimage\",\"url\":\"https:\/\/www.domkraftpro.com\/wp-content\/uploads\/2026\/SK0008176-CZ20260425-092522-0-1777080324-122281_rewrite-26695-h4042xxxl.webp\",\"contentUrl\":\"https:\/\/www.domkraftpro.com\/wp-content\/uploads\/2026\/SK0008176-CZ20260425-092522-0-1777080324-122281_rewrite-26695-h4042xxxl.webp\",\"width\":1000,\"height\":750},{\"@type\":\"BreadcrumbList\",\"@id\":\"https:\/\/www.domkraftpro.com\/index.php\/produkt\/cenovy-hit-jednorazovy-pp-overal-andrew-vel-xxxl-ardon-r-element-shop-cz-49760\/#breadcrumb\",\"itemListElement\":[{\"@type\":\"ListItem\",\"position\":1,\"name\":\"Home\",\"item\":\"https:\/\/www.domkraftpro.com\/\"},{\"@type\":\"ListItem\",\"position\":2,\"name\":\"Products\",\"item\":\"https:\/\/www.domkraftpro.com\/index.php\/products\/\"},{\"@type\":\"ListItem\",\"position\":3,\"name\":\"Cenov\u00fd Hit Jednor\u00e1zov\u00fd PP overal, ANDREW, vel. XXXL, ARDON\u00ae | element-shop.cz\"}]},{\"@type\":\"WebSite\",\"@id\":\"https:\/\/www.domkraftpro.com\/#website\",\"url\":\"https:\/\/www.domkraftpro.com\/\",\"name\":\"\",\"description\":\"\",\"potentialAction\":[{\"@type\":\"SearchAction\",\"target\":{\"@type\":\"EntryPoint\",\"urlTemplate\":\"https:\/\/www.domkraftpro.com\/?s={search_term_string}\"},\"query-input\":{\"@type\":\"PropertyValueSpecification\",\"valueRequired\":true,\"valueName\":\"search_term_string\"}}],\"inLanguage\":\"cs\"}]}<\/script>\n<!-- \/ Yoast SEO plugin. -->","yoast_head_json":{"title":"Cenov\u00fd Hit Jednor\u00e1zov\u00fd PP overal, ANDREW, vel. XXXL, ARDON\u00ae | element-shop.cz -","robots":{"index":"index","follow":"follow","max-snippet":"max-snippet:-1","max-image-preview":"max-image-preview:large","max-video-preview":"max-video-preview:-1"},"canonical":"https:\/\/www.domkraftpro.com\/index.php\/produkt\/cenovy-hit-jednorazovy-pp-overal-andrew-vel-xxxl-ardon-r-element-shop-cz-49760\/","og_locale":"cs_CZ","og_type":"article","og_title":"Cenov\u00fd Hit Jednor\u00e1zov\u00fd PP overal, ANDREW, vel. XXXL, ARDON\u00ae | element-shop.cz -","og_description":"Detailn\u00ed popis produktu Ochrann\u00e1 kombin\u00e9za ARDON ANDREW velikosti XXXL je lehk\u00fd a prody\u0161n\u00fd jednor\u00e1zov\u00fd pracovn\u00ed od\u011bv ur\u010den\u00fd k ochran\u011b proti prachu, ne\u010distot\u00e1m a minim\u00e1ln\u00edm rizik\u016fm.Vyrobena z kvalitn\u00edho polypropylenu o gram\u00e1\u017ei 40 g\/m2, zaru\u010duje optim\u00e1ln\u00ed pevnost, pru\u017enost a volnost pohybu i p\u0159i del\u0161\u00edm no\u0161en\u00ed.Kombin\u00e9za je vybavena elastickou kapuc\u00ed, man\u017eetami na ruk\u00e1vech i nohavic\u00edch a zap\u00edn\u00e1n\u00edm na [&hellip;]","og_url":"https:\/\/www.domkraftpro.com\/index.php\/produkt\/cenovy-hit-jednorazovy-pp-overal-andrew-vel-xxxl-ardon-r-element-shop-cz-49760\/","og_image":[{"width":1000,"height":750,"url":"https:\/\/www.domkraftpro.com\/wp-content\/uploads\/2026\/SK0008176-CZ20260425-092522-0-1777080324-122281_rewrite-26695-h4042xxxl.webp","type":"image\/webp"}],"twitter_card":"summary_large_image","twitter_misc":{"Odhadovan\u00e1 doba \u010dten\u00ed":"1 minuta"},"schema":{"@context":"https:\/\/schema.org","@graph":[{"@type":"WebPage","@id":"https:\/\/www.domkraftpro.com\/index.php\/produkt\/cenovy-hit-jednorazovy-pp-overal-andrew-vel-xxxl-ardon-r-element-shop-cz-49760\/","url":"https:\/\/www.domkraftpro.com\/index.php\/produkt\/cenovy-hit-jednorazovy-pp-overal-andrew-vel-xxxl-ardon-r-element-shop-cz-49760\/","name":"Cenov\u00fd Hit Jednor\u00e1zov\u00fd PP overal, ANDREW, vel. XXXL, ARDON\u00ae | element-shop.cz -","isPartOf":{"@id":"https:\/\/www.domkraftpro.com\/#website"},"primaryImageOfPage":{"@id":"https:\/\/www.domkraftpro.com\/index.php\/produkt\/cenovy-hit-jednorazovy-pp-overal-andrew-vel-xxxl-ardon-r-element-shop-cz-49760\/#primaryimage"},"image":{"@id":"https:\/\/www.domkraftpro.com\/index.php\/produkt\/cenovy-hit-jednorazovy-pp-overal-andrew-vel-xxxl-ardon-r-element-shop-cz-49760\/#primaryimage"},"thumbnailUrl":"https:\/\/www.domkraftpro.com\/wp-content\/uploads\/2026\/SK0008176-CZ20260425-092522-0-1777080324-122281_rewrite-26695-h4042xxxl.webp","datePublished":"2026-04-27T04:42:37+00:00","breadcrumb":{"@id":"https:\/\/www.domkraftpro.com\/index.php\/produkt\/cenovy-hit-jednorazovy-pp-overal-andrew-vel-xxxl-ardon-r-element-shop-cz-49760\/#breadcrumb"},"inLanguage":"cs","potentialAction":[{"@type":"ReadAction","target":["https:\/\/www.domkraftpro.com\/index.php\/produkt\/cenovy-hit-jednorazovy-pp-overal-andrew-vel-xxxl-ardon-r-element-shop-cz-49760\/"]}]},{"@type":"ImageObject","inLanguage":"cs","@id":"https:\/\/www.domkraftpro.com\/index.php\/produkt\/cenovy-hit-jednorazovy-pp-overal-andrew-vel-xxxl-ardon-r-element-shop-cz-49760\/#primaryimage","url":"https:\/\/www.domkraftpro.com\/wp-content\/uploads\/2026\/SK0008176-CZ20260425-092522-0-1777080324-122281_rewrite-26695-h4042xxxl.webp","contentUrl":"https:\/\/www.domkraftpro.com\/wp-content\/uploads\/2026\/SK0008176-CZ20260425-092522-0-1777080324-122281_rewrite-26695-h4042xxxl.webp","width":1000,"height":750},{"@type":"BreadcrumbList","@id":"https:\/\/www.domkraftpro.com\/index.php\/produkt\/cenovy-hit-jednorazovy-pp-overal-andrew-vel-xxxl-ardon-r-element-shop-cz-49760\/#breadcrumb","itemListElement":[{"@type":"ListItem","position":1,"name":"Home","item":"https:\/\/www.domkraftpro.com\/"},{"@type":"ListItem","position":2,"name":"Products","item":"https:\/\/www.domkraftpro.com\/index.php\/products\/"},{"@type":"ListItem","position":3,"name":"Cenov\u00fd Hit Jednor\u00e1zov\u00fd PP overal, ANDREW, vel. XXXL, ARDON\u00ae | element-shop.cz"}]},{"@type":"WebSite","@id":"https:\/\/www.domkraftpro.com\/#website","url":"https:\/\/www.domkraftpro.com\/","name":"","description":"","potentialAction":[{"@type":"SearchAction","target":{"@type":"EntryPoint","urlTemplate":"https:\/\/www.domkraftpro.com\/?s={search_term_string}"},"query-input":{"@type":"PropertyValueSpecification","valueRequired":true,"valueName":"search_term_string"}}],"inLanguage":"cs"}]}},"_links":{"self":[{"href":"https:\/\/www.domkraftpro.com\/index.php\/wp-json\/wp\/v2\/product\/49760","targetHints":{"allow":["GET"]}}],"collection":[{"href":"https:\/\/www.domkraftpro.com\/index.php\/wp-json\/wp\/v2\/product"}],"about":[{"href":"https:\/\/www.domkraftpro.com\/index.php\/wp-json\/wp\/v2\/types\/product"}],"replies":[{"embeddable":true,"href":"https:\/\/www.domkraftpro.com\/index.php\/wp-json\/wp\/v2\/comments?post=49760"}],"wp:featuredmedia":[{"embeddable":true,"href":"https:\/\/www.domkraftpro.com\/index.php\/wp-json\/wp\/v2\/media\/49860"}],"wp:attachment":[{"href":"https:\/\/www.domkraftpro.com\/index.php\/wp-json\/wp\/v2\/media?parent=49760"}],"wp:term":[{"taxonomy":"product_brand","embeddable":true,"href":"https:\/\/www.domkraftpro.com\/index.php\/wp-json\/wp\/v2\/product_brand?post=49760"},{"taxonomy":"product_cat","embeddable":true,"href":"https:\/\/www.domkraftpro.com\/index.php\/wp-json\/wp\/v2\/product_cat?post=49760"},{"taxonomy":"product_tag","embeddable":true,"href":"https:\/\/www.domkraftpro.com\/index.php\/wp-json\/wp\/v2\/product_tag?post=49760"}],"curies":[{"name":"wp","href":"https:\/\/api.w.org\/{rel}","templated":true}]}}