{"id":49759,"date":"2026-04-27T04:42:37","date_gmt":"2026-04-27T04:42:37","guid":{"rendered":""},"modified":"2026-04-27T04:42:37","modified_gmt":"2026-04-27T04:42:37","slug":"znackovy-uhelnik-t-multifunkcni-350x190mm-hlinikovy-fortum-element-shop-cz-49759","status":"publish","type":"product","link":"https:\/\/www.domkraftpro.com\/index.php\/produkt\/znackovy-uhelnik-t-multifunkcni-350x190mm-hlinikovy-fortum-element-shop-cz-49759\/","title":{"rendered":"Zna\u010dkov\u00fd \u00daheln\u00edk T-multifunk\u010dn\u00ed, 350\u00d7190mm, hlin\u00edkov\u00fd, FORTUM | element-shop.cz"},"content":{"rendered":"<div class=\"basic-description\">\n<h3>Detailn\u00ed popis produktu<\/h3>\n<p>                                    Multifunk\u010dn\u00ed T-\u00faheln\u00edk FORTUM 350\u00d7190 mm je precizn\u00ed m\u011b\u0159ic\u00ed a r\u00fdsovac\u00ed <span class=\"show-tooltip\" title=\"N\u00e1stroj&amp;nbsp;je pracovn\u00ed prost\u0159edek, pom\u016fcka k zpracov\u00e1n\u00ed n\u011b\u010deho (pracovn\u00ed n\u00e1stroj, \u0159emeslnick\u00fd n\u00e1stroj, chirurgick\u00fd n\u00e1stroj aj.), p\u0159\u00edp. v\u00fdrobn\u00ed pom\u016fcka slou\u017e\u00edc\u00ed p\u0159i ru\u010dn\u00edm nebo strojn\u00edm obr\u00e1b\u011bn\u00ed ke zm\u011bn\u011b velikosti nebo tvaru opracov\u00e1van\u00e9ho&amp;hellip;\">n\u00e1stroj<\/span> pro profesion\u00e1ln\u00ed \u0159emesln\u00edky i n\u00e1ro\u010dn\u00e9 kutily.Je ide\u00e1ln\u00ed pro rychl\u00e9 m\u011b\u0159en\u00ed, zna\u010den\u00ed a p\u0159en\u00e1\u0161en\u00ed \u00fahl\u016f p\u0159i truhl\u00e1\u0159sk\u00fdch, mont\u00e1\u017en\u00edch \u010di stavebn\u00edch prac\u00edch.D\u00edky p\u0159ednastaven\u00fdm \u00fahl\u016fm 15\u00b0, 30\u00b0, 45\u00b0, 60\u00b0, 75\u00b0 a 90\u00b0 lze snadno a p\u0159esn\u011b vyzna\u010dit po\u017eadovan\u00e9 \u0159ezy.#Str10Posuvn\u00fd zna\u010dkovac\u00ed jezdec umo\u017e\u0148uje r\u00fdsov\u00e1n\u00ed pomoc\u00ed tu\u017eky \u010di zna\u010dkova\u010de s pr\u016fm\u011brem tuhy 2,8 mm a zaru\u010duje p\u0159esn\u00e9 veden\u00ed linie po cel\u00e9 <span class=\"show-tooltip\" title=\"D\u00e9lka&amp;nbsp;je jedna ze z\u00e1kladn\u00edch&amp;nbsp;fyzik\u00e1ln\u00edch veli\u010din. Pomoc\u00ed d\u00e9lky se vyjad\u0159uje vz\u00e1jemn\u00e1 poloha a rozprostran\u011bnost objekt\u016f v prostoru. D\u00e9lka jako fyzik\u00e1ln\u00ed veli\u010dina vych\u00e1z\u00ed z geometrick\u00e9ho pojmu&amp;nbsp;d\u00e9lky&amp;nbsp;jako&amp;nbsp;m\u00edry&amp;nbsp;ohrani\u010den\u00e9&amp;hellip;\">d\u00e9lce<\/span> prav\u00edtka.Robustn\u00ed <span class=\"show-tooltip\" title=\"Hlin\u00edk&amp;nbsp;(lat. aluminium) je chemick\u00fd prvek s atomov\u00fdm \u010d\u00edslem 13 a chemick\u00fdm symbolem Al.Pat\u0159\u00ed mezi kovy a je lehk\u00fd, st\u0159\u00edbrn\u00fd a v\u00fdborn\u00fd vodi\u010d tepla i elektrick\u00e9ho proudu.Hlin\u00edk je t\u0159et\u00edm nej\u010dast\u011bji se vyskytuj\u00edc\u00edm prvkem v zemsk\u00e9 k\u016f\u0159e, a\u010dkoliv&amp;hellip;\">hlin\u00edkov\u00e9<\/span> proveden\u00ed s anodizovan\u00fdm povrchem o tlou\u0161\u0165ce 0,5 mm a laserem vyzna\u010den\u00fdmi stupnicemi zaru\u010duje dlouhou \u017eivotnost a odolnost v\u016f\u010di <span class=\"show-tooltip\" title=\"Opot\u0159eben\u00ed je proces postupn\u00e9ho sni\u017eov\u00e1n\u00ed kvality, \u00fa\u010dinnosti a funk\u010dnosti materi\u00e1l\u016f, za\u0159\u00edzen\u00ed nebo komponent\u016f v d\u016fsledku jejich pou\u017e\u00edv\u00e1n\u00ed a vystaven\u00ed vn\u011bj\u0161\u00edm podm\u00ednk\u00e1m. Tento jev m\u016f\u017ee m\u00edt r\u016fzn\u00e1 specifika v z\u00e1vislosti na typu materi\u00e1lu, zp\u016fsobu&amp;hellip;\">opot\u0159eben\u00ed<\/span>.Kl\u00ed\u010dov\u00e9 vlastnosti:&#8226; P\u0159ednastaven\u00e9 \u00fahly: 15\u00b0, 30\u00b0, 45\u00b0, 60\u00b0, 75\u00b0, 90\u00b0&#8226; Posuvn\u00fd zna\u010dkovac\u00ed jezdec pro p\u0159esn\u00e9 r\u00fdsov\u00e1n\u00ed&#8226; <span class=\"show-tooltip\" title=\"Kompatibilita ozna\u010duje schopnost dvou nebo v\u00edce prvk\u016f, syst\u00e9m\u016f nebo za\u0159\u00edzen\u00ed pracovat spolu bezkonfliktn\u011b nebo vz\u00e1jemn\u011b se dopl\u0148ovat. V kontextu technologi\u00ed nebo za\u0159\u00edzen\u00ed to znamen\u00e1, \u017ee jsou schopny spolupracovat a vz\u00e1jemn\u011b&amp;hellip;\">Kompatibiln\u00ed<\/span> s tu\u017ekami a zna\u010dkova\u010di (pr. 2,8 mm)&#8226; Masivn\u00ed hlin\u00edkov\u00e9 t\u011blo s anodizovan\u00fdm povrchem (0,5 mm)&#8226; Laserem grav\u00edrovan\u00e1 stupnice \u2013 vysok\u00e1 \u010ditelnost a p\u0159esnost&#8226; <span class=\"show-tooltip\" title=\"Pevnost je materi\u00e1lov\u00e1 vlastnost charakterizuj\u00edc\u00ed schopnost materi\u00e1lu odol\u00e1vat vn\u011bj\u0161\u00edm sil\u00e1m, kter\u00e9 by mohly zp\u016fsobit jeho deformaci, roztr\u017een\u00ed nebo jin\u00e9 formy selh\u00e1n\u00ed.Pevnost je z\u00e1kladn\u00edm parametrem pro posouzen\u00ed odolnosti materi\u00e1l\u016f v konstrukci a&amp;hellip;\">Pevn\u00e1<\/span> aretace \u00fahlu pomoc\u00ed \u0161roubovac\u00ed matice &#8226; Odoln\u00fd a p\u0159esn\u00fd n\u00e1stroj pro profesion\u00e1ln\u00ed pou\u017eit\u00ed&#10004; P\u0159esn\u00e9 m\u011b\u0159en\u00ed a zna\u010den\u00ed \u00fahl\u016f a d\u00e9lek &#10004; Truhl\u00e1\u0159sk\u00e9, <span class=\"show-tooltip\" title=\"Stavba je proces tvorby a vytv\u00e1\u0159en\u00ed r\u016fzn\u00fdch stavebn\u00edch objekt\u016f nebo konstrukc\u00ed. Stavba m\u016f\u017ee zahrnovat v\u00fdstavbu budov, most\u016f, silnic, tunel\u016f, hr\u00e1z\u00ed, pr\u016fmyslov\u00fdch za\u0159\u00edzen\u00ed, vodn\u00edch n\u00e1dr\u017e\u00ed, sportovn\u00edch za\u0159\u00edzen\u00ed a dal\u0161\u00edch&amp;hellip;\">stavebn\u00ed<\/span> a mont\u00e1\u017en\u00ed pr\u00e1ce &#10004; Ide\u00e1ln\u00ed pro \u0159ez\u00e1n\u00ed <span class=\"show-tooltip\" title=\"D\u0159evo&amp;nbsp;je tvrd\u00e9 a p\u00f3rovit\u00e9&amp;nbsp;rostlinn\u00e9 pletivo&amp;nbsp;(tk\u00e1\u0148), je\u017e tvo\u0159\u00ed kmeny, ko\u0159eny a v\u011btve strom\u016f, ke\u0159\u016f a dal\u0161\u00edch&amp;nbsp;d\u0159evin. Skl\u00e1d\u00e1 se z&amp;nbsp;celul\u00f3zov\u00fdch&amp;nbsp;vl\u00e1ken s vysokou pevnost\u00ed v tahu a&amp;nbsp;ligninov\u00e9&amp;nbsp;v\u00fdpln\u011b, kter\u00e1&amp;hellip;\">d\u0159eva<\/span>, <span class=\"show-tooltip\" title=\"Plastyn\u011bkdy tak\u00e9 naz\u00fdvan\u00e9 plastick\u00e9 \u010di um\u011bl\u00e9 hmoty, p\u0159edstavuj\u00ed \u0161irokou \u0161k\u00e1lu syntetick\u00fdch nebo \u010d\u00e1ste\u010dn\u011b syntetick\u00fdch organick\u00fdch slou\u010denin a polymern\u00edch materi\u00e1l\u016f. \u010casto obsahuj\u00ed p\u0159\u00edsady zlep\u0161uj\u00edc\u00ed jejich funk\u010dn\u00ed vlastnosti, nap\u0159\u00edklad&amp;hellip;\">plast\u016f<\/span> a <span class=\"show-tooltip\" title=\"S\u00e1drokarton je stavebn\u00ed materi\u00e1l slo\u017een\u00fd z vrstev s\u00e1dry (gipsu) spojen\u00fdch mezi dv\u011bma vrstvami pevn\u00e9ho pap\u00edru.&amp;nbsp;Tento materi\u00e1l kombinuje lehkost, pevnost a snadnou manipulaci, co\u017e ho \u010din\u00ed popul\u00e1rn\u00edm pro vnit\u0159n\u00ed stavebn\u00ed \u00fapravy.S\u00e1drokarton se&amp;hellip;\">s\u00e1drokarton\u016f<\/span> &#10004; P\u0159en\u00e1\u0161en\u00ed a kontrola \u00fahl\u016f p\u0159i v\u00fdrob\u011b \u010di instalaciTechnick\u00e9 parametry:&#8226; Rozm\u011br: 350 \u00d7 190 mm&#8226; Materi\u00e1l: hlin\u00edk, anodizovan\u00fd povrch (0,5 mm)&#8226; \u00dahly: 15\u00b0, 30\u00b0, 45\u00b0, 60\u00b0, 75\u00b0, 90\u00b0&#8226; Zna\u010dkovac\u00ed jezdec: posuvn\u00fd, pro tu\u017eky o pr\u016fm\u011bru 2,8 mm&#8226; Povrchov\u00e9 zpracov\u00e1n\u00ed: laserem zna\u010den\u00e1 stupniceT-\u00faheln\u00edk FORTUM 350\u00d7190 mm kombinuje preciznost, odolnost a univerz\u00e1lnost.Umo\u017e\u0148uje snadn\u00e9 m\u011b\u0159en\u00ed i zna\u010den\u00ed \u00fahl\u016f p\u0159i v\u0161ech typech mont\u00e1\u017en\u00edch \u010di truhl\u00e1\u0159sk\u00fdch prac\u00ed.D\u00edky robustn\u00ed konstrukci, kvalitn\u00ed aretaci a \u010diteln\u00e9 stupnici je spolehliv\u00fdm pomocn\u00edkem pro ka\u017ed\u00e9ho, kdo po\u017eaduje maxim\u00e1ln\u00ed p\u0159esnost a dlouhou \u017eivotnost n\u00e1\u0159ad\u00ed.                            <\/div>\n","protected":false},"excerpt":{"rendered":"<p>Detailn\u00ed popis produktu Multifunk\u010dn\u00ed T-\u00faheln\u00edk FORTUM 350\u00d7190 mm je precizn\u00ed m\u011b\u0159ic\u00ed a r\u00fdsovac\u00ed n\u00e1stroj pro profesion\u00e1ln\u00ed \u0159emesln\u00edky i n\u00e1ro\u010dn\u00e9 kutily.Je ide\u00e1ln\u00ed pro rychl\u00e9 m\u011b\u0159en\u00ed, zna\u010den\u00ed a p\u0159en\u00e1\u0161en\u00ed \u00fahl\u016f p\u0159i truhl\u00e1\u0159sk\u00fdch, mont\u00e1\u017en\u00edch \u010di stavebn\u00edch prac\u00edch.D\u00edky p\u0159ednastaven\u00fdm \u00fahl\u016fm 15\u00b0, 30\u00b0, 45\u00b0, 60\u00b0, 75\u00b0 a 90\u00b0 lze snadno a p\u0159esn\u011b vyzna\u010dit po\u017eadovan\u00e9 \u0159ezy.#Str10Posuvn\u00fd zna\u010dkovac\u00ed jezdec umo\u017e\u0148uje r\u00fdsov\u00e1n\u00ed pomoc\u00ed [&hellip;]<\/p>\n","protected":false},"featured_media":49859,"comment_status":"open","ping_status":"open","template":"","meta":[],"product_brand":[],"product_cat":[52],"product_tag":[],"class_list":{"0":"post-49759","1":"product","2":"type-product","3":"status-publish","4":"has-post-thumbnail","6":"product_cat-naradi","8":"first","9":"instock","10":"sale","11":"shipping-taxable","12":"purchasable","13":"product-type-simple"},"yoast_head":"<!-- This site is optimized with the Yoast SEO plugin v26.8 - https:\/\/yoast.com\/product\/yoast-seo-wordpress\/ -->\n<title>Zna\u010dkov\u00fd \u00daheln\u00edk T-multifunk\u010dn\u00ed, 350\u00d7190mm, hlin\u00edkov\u00fd, FORTUM | element-shop.cz -<\/title>\n<meta name=\"robots\" content=\"index, follow, max-snippet:-1, max-image-preview:large, max-video-preview:-1\" \/>\n<link rel=\"canonical\" href=\"https:\/\/www.domkraftpro.com\/index.php\/produkt\/znackovy-uhelnik-t-multifunkcni-350x190mm-hlinikovy-fortum-element-shop-cz-49759\/\" \/>\n<meta property=\"og:locale\" content=\"cs_CZ\" \/>\n<meta property=\"og:type\" content=\"article\" \/>\n<meta property=\"og:title\" content=\"Zna\u010dkov\u00fd \u00daheln\u00edk T-multifunk\u010dn\u00ed, 350\u00d7190mm, hlin\u00edkov\u00fd, FORTUM | element-shop.cz -\" \/>\n<meta property=\"og:description\" content=\"Detailn\u00ed popis produktu Multifunk\u010dn\u00ed T-\u00faheln\u00edk FORTUM 350\u00d7190 mm je precizn\u00ed m\u011b\u0159ic\u00ed a r\u00fdsovac\u00ed n\u00e1stroj pro profesion\u00e1ln\u00ed \u0159emesln\u00edky i n\u00e1ro\u010dn\u00e9 kutily.Je ide\u00e1ln\u00ed pro rychl\u00e9 m\u011b\u0159en\u00ed, zna\u010den\u00ed a p\u0159en\u00e1\u0161en\u00ed \u00fahl\u016f p\u0159i truhl\u00e1\u0159sk\u00fdch, mont\u00e1\u017en\u00edch \u010di stavebn\u00edch prac\u00edch.D\u00edky p\u0159ednastaven\u00fdm \u00fahl\u016fm 15\u00b0, 30\u00b0, 45\u00b0, 60\u00b0, 75\u00b0 a 90\u00b0 lze snadno a p\u0159esn\u011b vyzna\u010dit po\u017eadovan\u00e9 \u0159ezy.#Str10Posuvn\u00fd zna\u010dkovac\u00ed jezdec umo\u017e\u0148uje r\u00fdsov\u00e1n\u00ed pomoc\u00ed [&hellip;]\" \/>\n<meta property=\"og:url\" content=\"https:\/\/www.domkraftpro.com\/index.php\/produkt\/znackovy-uhelnik-t-multifunkcni-350x190mm-hlinikovy-fortum-element-shop-cz-49759\/\" \/>\n<meta property=\"og:image\" content=\"https:\/\/www.domkraftpro.com\/wp-content\/uploads\/2026\/SK0008175-CZ20260425-092522-0-1777080324-122278_rewrite-175695-4784110.webp\" \/>\n\t<meta property=\"og:image:width\" content=\"1000\" \/>\n\t<meta property=\"og:image:height\" content=\"750\" \/>\n\t<meta property=\"og:image:type\" content=\"image\/webp\" \/>\n<meta name=\"twitter:card\" content=\"summary_large_image\" \/>\n<meta name=\"twitter:label1\" content=\"Odhadovan\u00e1 doba \u010dten\u00ed\" \/>\n\t<meta name=\"twitter:data1\" content=\"2 minuty\" \/>\n<script type=\"application\/ld+json\" class=\"yoast-schema-graph\">{\"@context\":\"https:\/\/schema.org\",\"@graph\":[{\"@type\":\"WebPage\",\"@id\":\"https:\/\/www.domkraftpro.com\/index.php\/produkt\/znackovy-uhelnik-t-multifunkcni-350x190mm-hlinikovy-fortum-element-shop-cz-49759\/\",\"url\":\"https:\/\/www.domkraftpro.com\/index.php\/produkt\/znackovy-uhelnik-t-multifunkcni-350x190mm-hlinikovy-fortum-element-shop-cz-49759\/\",\"name\":\"Zna\u010dkov\u00fd \u00daheln\u00edk T-multifunk\u010dn\u00ed, 350\u00d7190mm, hlin\u00edkov\u00fd, FORTUM | element-shop.cz -\",\"isPartOf\":{\"@id\":\"https:\/\/www.domkraftpro.com\/#website\"},\"primaryImageOfPage\":{\"@id\":\"https:\/\/www.domkraftpro.com\/index.php\/produkt\/znackovy-uhelnik-t-multifunkcni-350x190mm-hlinikovy-fortum-element-shop-cz-49759\/#primaryimage\"},\"image\":{\"@id\":\"https:\/\/www.domkraftpro.com\/index.php\/produkt\/znackovy-uhelnik-t-multifunkcni-350x190mm-hlinikovy-fortum-element-shop-cz-49759\/#primaryimage\"},\"thumbnailUrl\":\"https:\/\/www.domkraftpro.com\/wp-content\/uploads\/2026\/SK0008175-CZ20260425-092522-0-1777080324-122278_rewrite-175695-4784110.webp\",\"datePublished\":\"2026-04-27T04:42:37+00:00\",\"breadcrumb\":{\"@id\":\"https:\/\/www.domkraftpro.com\/index.php\/produkt\/znackovy-uhelnik-t-multifunkcni-350x190mm-hlinikovy-fortum-element-shop-cz-49759\/#breadcrumb\"},\"inLanguage\":\"cs\",\"potentialAction\":[{\"@type\":\"ReadAction\",\"target\":[\"https:\/\/www.domkraftpro.com\/index.php\/produkt\/znackovy-uhelnik-t-multifunkcni-350x190mm-hlinikovy-fortum-element-shop-cz-49759\/\"]}]},{\"@type\":\"ImageObject\",\"inLanguage\":\"cs\",\"@id\":\"https:\/\/www.domkraftpro.com\/index.php\/produkt\/znackovy-uhelnik-t-multifunkcni-350x190mm-hlinikovy-fortum-element-shop-cz-49759\/#primaryimage\",\"url\":\"https:\/\/www.domkraftpro.com\/wp-content\/uploads\/2026\/SK0008175-CZ20260425-092522-0-1777080324-122278_rewrite-175695-4784110.webp\",\"contentUrl\":\"https:\/\/www.domkraftpro.com\/wp-content\/uploads\/2026\/SK0008175-CZ20260425-092522-0-1777080324-122278_rewrite-175695-4784110.webp\",\"width\":1000,\"height\":750},{\"@type\":\"BreadcrumbList\",\"@id\":\"https:\/\/www.domkraftpro.com\/index.php\/produkt\/znackovy-uhelnik-t-multifunkcni-350x190mm-hlinikovy-fortum-element-shop-cz-49759\/#breadcrumb\",\"itemListElement\":[{\"@type\":\"ListItem\",\"position\":1,\"name\":\"Home\",\"item\":\"https:\/\/www.domkraftpro.com\/\"},{\"@type\":\"ListItem\",\"position\":2,\"name\":\"Products\",\"item\":\"https:\/\/www.domkraftpro.com\/index.php\/products\/\"},{\"@type\":\"ListItem\",\"position\":3,\"name\":\"Zna\u010dkov\u00fd \u00daheln\u00edk T-multifunk\u010dn\u00ed, 350\u00d7190mm, hlin\u00edkov\u00fd, FORTUM | element-shop.cz\"}]},{\"@type\":\"WebSite\",\"@id\":\"https:\/\/www.domkraftpro.com\/#website\",\"url\":\"https:\/\/www.domkraftpro.com\/\",\"name\":\"\",\"description\":\"\",\"potentialAction\":[{\"@type\":\"SearchAction\",\"target\":{\"@type\":\"EntryPoint\",\"urlTemplate\":\"https:\/\/www.domkraftpro.com\/?s={search_term_string}\"},\"query-input\":{\"@type\":\"PropertyValueSpecification\",\"valueRequired\":true,\"valueName\":\"search_term_string\"}}],\"inLanguage\":\"cs\"}]}<\/script>\n<!-- \/ Yoast SEO plugin. -->","yoast_head_json":{"title":"Zna\u010dkov\u00fd \u00daheln\u00edk T-multifunk\u010dn\u00ed, 350\u00d7190mm, hlin\u00edkov\u00fd, FORTUM | element-shop.cz -","robots":{"index":"index","follow":"follow","max-snippet":"max-snippet:-1","max-image-preview":"max-image-preview:large","max-video-preview":"max-video-preview:-1"},"canonical":"https:\/\/www.domkraftpro.com\/index.php\/produkt\/znackovy-uhelnik-t-multifunkcni-350x190mm-hlinikovy-fortum-element-shop-cz-49759\/","og_locale":"cs_CZ","og_type":"article","og_title":"Zna\u010dkov\u00fd \u00daheln\u00edk T-multifunk\u010dn\u00ed, 350\u00d7190mm, hlin\u00edkov\u00fd, FORTUM | element-shop.cz -","og_description":"Detailn\u00ed popis produktu Multifunk\u010dn\u00ed T-\u00faheln\u00edk FORTUM 350\u00d7190 mm je precizn\u00ed m\u011b\u0159ic\u00ed a r\u00fdsovac\u00ed n\u00e1stroj pro profesion\u00e1ln\u00ed \u0159emesln\u00edky i n\u00e1ro\u010dn\u00e9 kutily.Je ide\u00e1ln\u00ed pro rychl\u00e9 m\u011b\u0159en\u00ed, zna\u010den\u00ed a p\u0159en\u00e1\u0161en\u00ed \u00fahl\u016f p\u0159i truhl\u00e1\u0159sk\u00fdch, mont\u00e1\u017en\u00edch \u010di stavebn\u00edch prac\u00edch.D\u00edky p\u0159ednastaven\u00fdm \u00fahl\u016fm 15\u00b0, 30\u00b0, 45\u00b0, 60\u00b0, 75\u00b0 a 90\u00b0 lze snadno a p\u0159esn\u011b vyzna\u010dit po\u017eadovan\u00e9 \u0159ezy.#Str10Posuvn\u00fd zna\u010dkovac\u00ed jezdec umo\u017e\u0148uje r\u00fdsov\u00e1n\u00ed pomoc\u00ed [&hellip;]","og_url":"https:\/\/www.domkraftpro.com\/index.php\/produkt\/znackovy-uhelnik-t-multifunkcni-350x190mm-hlinikovy-fortum-element-shop-cz-49759\/","og_image":[{"width":1000,"height":750,"url":"https:\/\/www.domkraftpro.com\/wp-content\/uploads\/2026\/SK0008175-CZ20260425-092522-0-1777080324-122278_rewrite-175695-4784110.webp","type":"image\/webp"}],"twitter_card":"summary_large_image","twitter_misc":{"Odhadovan\u00e1 doba \u010dten\u00ed":"2 minuty"},"schema":{"@context":"https:\/\/schema.org","@graph":[{"@type":"WebPage","@id":"https:\/\/www.domkraftpro.com\/index.php\/produkt\/znackovy-uhelnik-t-multifunkcni-350x190mm-hlinikovy-fortum-element-shop-cz-49759\/","url":"https:\/\/www.domkraftpro.com\/index.php\/produkt\/znackovy-uhelnik-t-multifunkcni-350x190mm-hlinikovy-fortum-element-shop-cz-49759\/","name":"Zna\u010dkov\u00fd \u00daheln\u00edk T-multifunk\u010dn\u00ed, 350\u00d7190mm, hlin\u00edkov\u00fd, FORTUM | element-shop.cz -","isPartOf":{"@id":"https:\/\/www.domkraftpro.com\/#website"},"primaryImageOfPage":{"@id":"https:\/\/www.domkraftpro.com\/index.php\/produkt\/znackovy-uhelnik-t-multifunkcni-350x190mm-hlinikovy-fortum-element-shop-cz-49759\/#primaryimage"},"image":{"@id":"https:\/\/www.domkraftpro.com\/index.php\/produkt\/znackovy-uhelnik-t-multifunkcni-350x190mm-hlinikovy-fortum-element-shop-cz-49759\/#primaryimage"},"thumbnailUrl":"https:\/\/www.domkraftpro.com\/wp-content\/uploads\/2026\/SK0008175-CZ20260425-092522-0-1777080324-122278_rewrite-175695-4784110.webp","datePublished":"2026-04-27T04:42:37+00:00","breadcrumb":{"@id":"https:\/\/www.domkraftpro.com\/index.php\/produkt\/znackovy-uhelnik-t-multifunkcni-350x190mm-hlinikovy-fortum-element-shop-cz-49759\/#breadcrumb"},"inLanguage":"cs","potentialAction":[{"@type":"ReadAction","target":["https:\/\/www.domkraftpro.com\/index.php\/produkt\/znackovy-uhelnik-t-multifunkcni-350x190mm-hlinikovy-fortum-element-shop-cz-49759\/"]}]},{"@type":"ImageObject","inLanguage":"cs","@id":"https:\/\/www.domkraftpro.com\/index.php\/produkt\/znackovy-uhelnik-t-multifunkcni-350x190mm-hlinikovy-fortum-element-shop-cz-49759\/#primaryimage","url":"https:\/\/www.domkraftpro.com\/wp-content\/uploads\/2026\/SK0008175-CZ20260425-092522-0-1777080324-122278_rewrite-175695-4784110.webp","contentUrl":"https:\/\/www.domkraftpro.com\/wp-content\/uploads\/2026\/SK0008175-CZ20260425-092522-0-1777080324-122278_rewrite-175695-4784110.webp","width":1000,"height":750},{"@type":"BreadcrumbList","@id":"https:\/\/www.domkraftpro.com\/index.php\/produkt\/znackovy-uhelnik-t-multifunkcni-350x190mm-hlinikovy-fortum-element-shop-cz-49759\/#breadcrumb","itemListElement":[{"@type":"ListItem","position":1,"name":"Home","item":"https:\/\/www.domkraftpro.com\/"},{"@type":"ListItem","position":2,"name":"Products","item":"https:\/\/www.domkraftpro.com\/index.php\/products\/"},{"@type":"ListItem","position":3,"name":"Zna\u010dkov\u00fd \u00daheln\u00edk T-multifunk\u010dn\u00ed, 350\u00d7190mm, hlin\u00edkov\u00fd, FORTUM | element-shop.cz"}]},{"@type":"WebSite","@id":"https:\/\/www.domkraftpro.com\/#website","url":"https:\/\/www.domkraftpro.com\/","name":"","description":"","potentialAction":[{"@type":"SearchAction","target":{"@type":"EntryPoint","urlTemplate":"https:\/\/www.domkraftpro.com\/?s={search_term_string}"},"query-input":{"@type":"PropertyValueSpecification","valueRequired":true,"valueName":"search_term_string"}}],"inLanguage":"cs"}]}},"_links":{"self":[{"href":"https:\/\/www.domkraftpro.com\/index.php\/wp-json\/wp\/v2\/product\/49759","targetHints":{"allow":["GET"]}}],"collection":[{"href":"https:\/\/www.domkraftpro.com\/index.php\/wp-json\/wp\/v2\/product"}],"about":[{"href":"https:\/\/www.domkraftpro.com\/index.php\/wp-json\/wp\/v2\/types\/product"}],"replies":[{"embeddable":true,"href":"https:\/\/www.domkraftpro.com\/index.php\/wp-json\/wp\/v2\/comments?post=49759"}],"wp:featuredmedia":[{"embeddable":true,"href":"https:\/\/www.domkraftpro.com\/index.php\/wp-json\/wp\/v2\/media\/49859"}],"wp:attachment":[{"href":"https:\/\/www.domkraftpro.com\/index.php\/wp-json\/wp\/v2\/media?parent=49759"}],"wp:term":[{"taxonomy":"product_brand","embeddable":true,"href":"https:\/\/www.domkraftpro.com\/index.php\/wp-json\/wp\/v2\/product_brand?post=49759"},{"taxonomy":"product_cat","embeddable":true,"href":"https:\/\/www.domkraftpro.com\/index.php\/wp-json\/wp\/v2\/product_cat?post=49759"},{"taxonomy":"product_tag","embeddable":true,"href":"https:\/\/www.domkraftpro.com\/index.php\/wp-json\/wp\/v2\/product_tag?post=49759"}],"curies":[{"name":"wp","href":"https:\/\/api.w.org\/{rel}","templated":true}]}}