{"id":49738,"date":"2026-04-27T04:42:37","date_gmt":"2026-04-27T04:42:37","guid":{"rendered":""},"modified":"2026-04-27T04:42:37","modified_gmt":"2026-04-27T04:42:37","slug":"znackovy-matice-sestihranna-m-5-din-934-tr-8-zb-blistr-200ks-element-shop-cz-49738","status":"publish","type":"product","link":"https:\/\/www.domkraftpro.com\/index.php\/produkt\/znackovy-matice-sestihranna-m-5-din-934-tr-8-zb-blistr-200ks-element-shop-cz-49738\/","title":{"rendered":"Zna\u010dkov\u00fd Matice \u0161estihrann\u00e1, M 5, DIN 934, t\u0159.8, ZB, blistr 200ks | element-shop.cz"},"content":{"rendered":"<div class=\"basic-description\">\n<h3>Detailn\u00ed popis produktu<\/h3>\n<p>                                    \u0160estihrann\u00e1 matice DIN 934 M5 z kvalitn\u00ed <span class=\"show-tooltip\" title=\"Ocel je slitina \u017eeleza s mal\u00fdm obsahem uhl\u00edku a dal\u0161\u00edmi p\u0159\u00edm\u011bsemi. Je to jeden z nejb\u011b\u017en\u011bji pou\u017e\u00edvan\u00fdch materi\u00e1l\u016f v pr\u016fmyslu a&amp;nbsp;stavebnictv\u00ed d\u00edky sv\u00fdm vlastnostem, kter\u00e9 zahrnuj\u00ed pevnost, tv\u00e1rnost a odolnost.&amp;nbsp;Z\u00e1kladn\u00ed slo\u017ekou&amp;hellip;\">oceli<\/span> t\u0159\u00eddy 8 s povrchovou \u00fapravou zinek <span class=\"show-tooltip\" title=\"B\u00edl\u00e1 je barva, kter\u00e1 vznik\u00e1 odrazem v\u0161ech viditeln\u00fdch vlnov\u00fdch d\u00e9lek sv\u011btla v p\u0159ibli\u017en\u011b stejn\u00e9m pom\u011bru. V d\u016fsledku tohoto odrazu se jev\u00ed lidsk\u00e9mu oku jako nejjasn\u011bj\u0161\u00ed barva a p\u0159edstavuje naprostou neutralitu. Na barevn\u00e9m spektru b\u00edl\u00e1 barva&amp;hellip;\">b\u00edl\u00fd<\/span> (ZB) je ur\u010dena pro \u0161irok\u00e9 spektrum spojovac\u00edch aplikac\u00ed. Nab\u00edz\u00ed vysokou <span class=\"show-tooltip\" title=\"Pevnost je materi\u00e1lov\u00e1 vlastnost charakterizuj\u00edc\u00ed schopnost materi\u00e1lu odol\u00e1vat vn\u011bj\u0161\u00edm sil\u00e1m, kter\u00e9 by mohly zp\u016fsobit jeho deformaci, roztr\u017een\u00ed nebo jin\u00e9 formy selh\u00e1n\u00ed.Pevnost je z\u00e1kladn\u00edm parametrem pro posouzen\u00ed odolnosti materi\u00e1l\u016f v konstrukci a&amp;hellip;\">pevnost<\/span>, p\u0159esn\u00e9 zpracov\u00e1n\u00ed z\u00e1vitu a odolnost proti korozi, co\u017e ji \u010din\u00ed vhodnou pro pr\u016fmyslov\u00e9 i dom\u00e1c\u00ed pou\u017eit\u00ed.D\u00edky norm\u011b DIN 934 \/ <span class=\"show-tooltip\" title=\"\u010cSN je \u010desk\u00fd standard pro stupnici&amp;nbsp;barevn\u00fdch odst\u00edn\u016f&amp;nbsp;n\u00e1t\u011brov\u00fdch hmot.&amp;nbsp;Je zalo\u017een na \u010deskoslovensk\u00e9, resp.&amp;nbsp;\u010desk\u00e9 technick\u00e9 norm\u011b&amp;nbsp;\u010cSN 67&amp;nbsp;3067. Norma byla zru\u0161ena k 1. 6. 2012.&amp;nbsp;Ka\u017ed\u00e1 barva palety RAL m\u00e1 odpov\u00eddaj\u00edc\u00ed&amp;hellip;\">\u010cSN<\/span> 021401 je <span class=\"show-tooltip\" title=\"Kompatibilita ozna\u010duje schopnost dvou nebo v\u00edce prvk\u016f, syst\u00e9m\u016f nebo za\u0159\u00edzen\u00ed pracovat spolu bezkonfliktn\u011b nebo vz\u00e1jemn\u011b se dopl\u0148ovat. V kontextu technologi\u00ed nebo za\u0159\u00edzen\u00ed to znamen\u00e1, \u017ee jsou schopny spolupracovat a vz\u00e1jemn\u011b&amp;hellip;\">kompatibiln\u00ed<\/span> s b\u011b\u017en\u00fdmi <span class=\"show-tooltip\" title=\"\u0160rouby jsou kovov\u00e9 prvky, kter\u00e9 maj\u00ed v podstat\u011b v\u00e1lcovit\u00fd tvar s dr\u00e1\u017ekou nebo \u017el\u00e1bkem na jejich povrchu a jsou ur\u010deny k upevn\u011bn\u00ed dvou nebo v\u00edce materi\u00e1l\u016f nebo sou\u010d\u00e1stek dohromady. Maj\u00ed hroty na jednom konci, kter\u00e9 umo\u017e\u0148uj\u00ed snadn\u00e9 zasunut\u00ed&amp;hellip;\">\u0161rouby<\/span> a z\u00e1vitov\u00fdmi ty\u010demi se stejn\u00fdm z\u00e1vitem M5. Povrchov\u00e1 \u00faprava zinkem zaru\u010duje dlouhou \u017eivotnost a spolehliv\u00e9 spojen\u00ed i ve vlhk\u00e9m prost\u0159ed\u00ed.Kl\u00ed\u010dov\u00e9 vlastnosti:\u2022 matice DIN 934 \u2013 standardizovan\u00fd tvar a rozm\u011bry\u2022 z\u00e1vit M5 s p\u0159esn\u00fdm stoup\u00e1n\u00edm dle metrick\u00e9 normy\u2022 t\u0159\u00edda pevnosti 8 \u2013 vhodn\u00e1 pro n\u00e1ro\u010dn\u00e9 <span class=\"show-tooltip\" title=\"Mechanika je v\u011bdn\u00ed obor, kter\u00fd se zab\u00fdv\u00e1 studiem pohybu a rovnov\u00e1hy t\u011bles, a to jak v klidu, tak v pohybu. Tento obor se rozd\u011bluje do n\u011bkolika hlavn\u00edch oblast\u00ed, kter\u00e9 se li\u0161\u00ed podle typ\u016f sil, pohybov\u00fdch vzorc\u016f a aplikac\u00ed.&amp;nbsp;Mechanika je&amp;hellip;\">mechanick\u00e9<\/span> spoje\u2022 povrchov\u00e1 \u00faprava: zinek b\u00edl\u00fd (ZB) \u2013 ochrana proti korozi\u2022 materi\u00e1l: ocel \u2013 vysok\u00e1 pevnost a odolnost\u2022 vhodn\u00e1 pro \u0161rouby, z\u00e1vitov\u00e9 ty\u010de, <span class=\"show-tooltip\" title=\"Konstrukce je proces tvorby a sestaven\u00ed r\u016fzn\u00fdch prvk\u016f nebo sou\u010d\u00e1st\u00ed do funk\u010dn\u00edho celku, kter\u00fd m\u016f\u017ee slou\u017eit k ur\u010dit\u00e9mu \u00fa\u010delu. V kontextu stavebnictv\u00ed a in\u017een\u00fdrstv\u00ed zahrnuje konstrukce tvorbu budov, most\u016f, silnic, pr\u016fmyslov\u00fdch za\u0159\u00edzen\u00ed,&amp;hellip;\">konstruk\u010dn\u00ed<\/span> spoje, mont\u00e1\u017ee i opravy Vyu\u017eit\u00ed:Ide\u00e1ln\u00ed pro mechanick\u00e9 spoje, kovov\u00e9 konstrukce, mont\u00e1\u017ee stroj\u016f, n\u00e1bytek, auto-moto i dom\u00e1c\u00ed d\u00edlny.                            <\/div>\n","protected":false},"excerpt":{"rendered":"<p>Detailn\u00ed popis produktu \u0160estihrann\u00e1 matice DIN 934 M5 z kvalitn\u00ed oceli t\u0159\u00eddy 8 s povrchovou \u00fapravou zinek b\u00edl\u00fd (ZB) je ur\u010dena pro \u0161irok\u00e9 spektrum spojovac\u00edch aplikac\u00ed. Nab\u00edz\u00ed vysokou pevnost, p\u0159esn\u00e9 zpracov\u00e1n\u00ed z\u00e1vitu a odolnost proti korozi, co\u017e ji \u010din\u00ed vhodnou pro pr\u016fmyslov\u00e9 i dom\u00e1c\u00ed pou\u017eit\u00ed.D\u00edky norm\u011b DIN 934 \/ \u010cSN 021401 je kompatibiln\u00ed s b\u011b\u017en\u00fdmi [&hellip;]<\/p>\n","protected":false},"featured_media":49838,"comment_status":"open","ping_status":"open","template":"","meta":[],"product_brand":[],"product_cat":[44],"product_tag":[],"class_list":{"0":"post-49738","1":"product","2":"type-product","3":"status-publish","4":"has-post-thumbnail","6":"product_cat-stavba","8":"first","9":"instock","10":"sale","11":"shipping-taxable","12":"purchasable","13":"product-type-simple"},"yoast_head":"<!-- This site is optimized with the Yoast SEO plugin v26.8 - https:\/\/yoast.com\/product\/yoast-seo-wordpress\/ -->\n<title>Zna\u010dkov\u00fd Matice \u0161estihrann\u00e1, M 5, DIN 934, t\u0159.8, ZB, blistr 200ks | element-shop.cz -<\/title>\n<meta name=\"robots\" content=\"index, follow, max-snippet:-1, max-image-preview:large, max-video-preview:-1\" \/>\n<link rel=\"canonical\" href=\"https:\/\/www.domkraftpro.com\/index.php\/produkt\/znackovy-matice-sestihranna-m-5-din-934-tr-8-zb-blistr-200ks-element-shop-cz-49738\/\" \/>\n<meta property=\"og:locale\" content=\"cs_CZ\" \/>\n<meta property=\"og:type\" content=\"article\" \/>\n<meta property=\"og:title\" content=\"Zna\u010dkov\u00fd Matice \u0161estihrann\u00e1, M 5, DIN 934, t\u0159.8, ZB, blistr 200ks | element-shop.cz -\" \/>\n<meta property=\"og:description\" content=\"Detailn\u00ed popis produktu \u0160estihrann\u00e1 matice DIN 934 M5 z kvalitn\u00ed oceli t\u0159\u00eddy 8 s povrchovou \u00fapravou zinek b\u00edl\u00fd (ZB) je ur\u010dena pro \u0161irok\u00e9 spektrum spojovac\u00edch aplikac\u00ed. Nab\u00edz\u00ed vysokou pevnost, p\u0159esn\u00e9 zpracov\u00e1n\u00ed z\u00e1vitu a odolnost proti korozi, co\u017e ji \u010din\u00ed vhodnou pro pr\u016fmyslov\u00e9 i dom\u00e1c\u00ed pou\u017eit\u00ed.D\u00edky norm\u011b DIN 934 \/ \u010cSN 021401 je kompatibiln\u00ed s b\u011b\u017en\u00fdmi [&hellip;]\" \/>\n<meta property=\"og:url\" content=\"https:\/\/www.domkraftpro.com\/index.php\/produkt\/znackovy-matice-sestihranna-m-5-din-934-tr-8-zb-blistr-200ks-element-shop-cz-49738\/\" \/>\n<meta property=\"og:image\" content=\"https:\/\/www.domkraftpro.com\/wp-content\/uploads\/2026\/SK0008154-CZ20260425-092522-0-1777080324-122134_rewrite-225142-12600ks.webp\" \/>\n\t<meta property=\"og:image:width\" content=\"1000\" \/>\n\t<meta property=\"og:image:height\" content=\"750\" \/>\n\t<meta property=\"og:image:type\" content=\"image\/webp\" \/>\n<meta name=\"twitter:card\" content=\"summary_large_image\" \/>\n<meta name=\"twitter:label1\" content=\"Odhadovan\u00e1 doba \u010dten\u00ed\" \/>\n\t<meta name=\"twitter:data1\" content=\"1 minuta\" \/>\n<script type=\"application\/ld+json\" class=\"yoast-schema-graph\">{\"@context\":\"https:\/\/schema.org\",\"@graph\":[{\"@type\":\"WebPage\",\"@id\":\"https:\/\/www.domkraftpro.com\/index.php\/produkt\/znackovy-matice-sestihranna-m-5-din-934-tr-8-zb-blistr-200ks-element-shop-cz-49738\/\",\"url\":\"https:\/\/www.domkraftpro.com\/index.php\/produkt\/znackovy-matice-sestihranna-m-5-din-934-tr-8-zb-blistr-200ks-element-shop-cz-49738\/\",\"name\":\"Zna\u010dkov\u00fd Matice \u0161estihrann\u00e1, M 5, DIN 934, t\u0159.8, ZB, blistr 200ks | element-shop.cz -\",\"isPartOf\":{\"@id\":\"https:\/\/www.domkraftpro.com\/#website\"},\"primaryImageOfPage\":{\"@id\":\"https:\/\/www.domkraftpro.com\/index.php\/produkt\/znackovy-matice-sestihranna-m-5-din-934-tr-8-zb-blistr-200ks-element-shop-cz-49738\/#primaryimage\"},\"image\":{\"@id\":\"https:\/\/www.domkraftpro.com\/index.php\/produkt\/znackovy-matice-sestihranna-m-5-din-934-tr-8-zb-blistr-200ks-element-shop-cz-49738\/#primaryimage\"},\"thumbnailUrl\":\"https:\/\/www.domkraftpro.com\/wp-content\/uploads\/2026\/SK0008154-CZ20260425-092522-0-1777080324-122134_rewrite-225142-12600ks.webp\",\"datePublished\":\"2026-04-27T04:42:37+00:00\",\"breadcrumb\":{\"@id\":\"https:\/\/www.domkraftpro.com\/index.php\/produkt\/znackovy-matice-sestihranna-m-5-din-934-tr-8-zb-blistr-200ks-element-shop-cz-49738\/#breadcrumb\"},\"inLanguage\":\"cs\",\"potentialAction\":[{\"@type\":\"ReadAction\",\"target\":[\"https:\/\/www.domkraftpro.com\/index.php\/produkt\/znackovy-matice-sestihranna-m-5-din-934-tr-8-zb-blistr-200ks-element-shop-cz-49738\/\"]}]},{\"@type\":\"ImageObject\",\"inLanguage\":\"cs\",\"@id\":\"https:\/\/www.domkraftpro.com\/index.php\/produkt\/znackovy-matice-sestihranna-m-5-din-934-tr-8-zb-blistr-200ks-element-shop-cz-49738\/#primaryimage\",\"url\":\"https:\/\/www.domkraftpro.com\/wp-content\/uploads\/2026\/SK0008154-CZ20260425-092522-0-1777080324-122134_rewrite-225142-12600ks.webp\",\"contentUrl\":\"https:\/\/www.domkraftpro.com\/wp-content\/uploads\/2026\/SK0008154-CZ20260425-092522-0-1777080324-122134_rewrite-225142-12600ks.webp\",\"width\":1000,\"height\":750},{\"@type\":\"BreadcrumbList\",\"@id\":\"https:\/\/www.domkraftpro.com\/index.php\/produkt\/znackovy-matice-sestihranna-m-5-din-934-tr-8-zb-blistr-200ks-element-shop-cz-49738\/#breadcrumb\",\"itemListElement\":[{\"@type\":\"ListItem\",\"position\":1,\"name\":\"Home\",\"item\":\"https:\/\/www.domkraftpro.com\/\"},{\"@type\":\"ListItem\",\"position\":2,\"name\":\"Products\",\"item\":\"https:\/\/www.domkraftpro.com\/index.php\/products\/\"},{\"@type\":\"ListItem\",\"position\":3,\"name\":\"Zna\u010dkov\u00fd Matice \u0161estihrann\u00e1, M 5, DIN 934, t\u0159.8, ZB, blistr 200ks | element-shop.cz\"}]},{\"@type\":\"WebSite\",\"@id\":\"https:\/\/www.domkraftpro.com\/#website\",\"url\":\"https:\/\/www.domkraftpro.com\/\",\"name\":\"\",\"description\":\"\",\"potentialAction\":[{\"@type\":\"SearchAction\",\"target\":{\"@type\":\"EntryPoint\",\"urlTemplate\":\"https:\/\/www.domkraftpro.com\/?s={search_term_string}\"},\"query-input\":{\"@type\":\"PropertyValueSpecification\",\"valueRequired\":true,\"valueName\":\"search_term_string\"}}],\"inLanguage\":\"cs\"}]}<\/script>\n<!-- \/ Yoast SEO plugin. -->","yoast_head_json":{"title":"Zna\u010dkov\u00fd Matice \u0161estihrann\u00e1, M 5, DIN 934, t\u0159.8, ZB, blistr 200ks | element-shop.cz -","robots":{"index":"index","follow":"follow","max-snippet":"max-snippet:-1","max-image-preview":"max-image-preview:large","max-video-preview":"max-video-preview:-1"},"canonical":"https:\/\/www.domkraftpro.com\/index.php\/produkt\/znackovy-matice-sestihranna-m-5-din-934-tr-8-zb-blistr-200ks-element-shop-cz-49738\/","og_locale":"cs_CZ","og_type":"article","og_title":"Zna\u010dkov\u00fd Matice \u0161estihrann\u00e1, M 5, DIN 934, t\u0159.8, ZB, blistr 200ks | element-shop.cz -","og_description":"Detailn\u00ed popis produktu \u0160estihrann\u00e1 matice DIN 934 M5 z kvalitn\u00ed oceli t\u0159\u00eddy 8 s povrchovou \u00fapravou zinek b\u00edl\u00fd (ZB) je ur\u010dena pro \u0161irok\u00e9 spektrum spojovac\u00edch aplikac\u00ed. Nab\u00edz\u00ed vysokou pevnost, p\u0159esn\u00e9 zpracov\u00e1n\u00ed z\u00e1vitu a odolnost proti korozi, co\u017e ji \u010din\u00ed vhodnou pro pr\u016fmyslov\u00e9 i dom\u00e1c\u00ed pou\u017eit\u00ed.D\u00edky norm\u011b DIN 934 \/ \u010cSN 021401 je kompatibiln\u00ed s b\u011b\u017en\u00fdmi [&hellip;]","og_url":"https:\/\/www.domkraftpro.com\/index.php\/produkt\/znackovy-matice-sestihranna-m-5-din-934-tr-8-zb-blistr-200ks-element-shop-cz-49738\/","og_image":[{"width":1000,"height":750,"url":"https:\/\/www.domkraftpro.com\/wp-content\/uploads\/2026\/SK0008154-CZ20260425-092522-0-1777080324-122134_rewrite-225142-12600ks.webp","type":"image\/webp"}],"twitter_card":"summary_large_image","twitter_misc":{"Odhadovan\u00e1 doba \u010dten\u00ed":"1 minuta"},"schema":{"@context":"https:\/\/schema.org","@graph":[{"@type":"WebPage","@id":"https:\/\/www.domkraftpro.com\/index.php\/produkt\/znackovy-matice-sestihranna-m-5-din-934-tr-8-zb-blistr-200ks-element-shop-cz-49738\/","url":"https:\/\/www.domkraftpro.com\/index.php\/produkt\/znackovy-matice-sestihranna-m-5-din-934-tr-8-zb-blistr-200ks-element-shop-cz-49738\/","name":"Zna\u010dkov\u00fd Matice \u0161estihrann\u00e1, M 5, DIN 934, t\u0159.8, ZB, blistr 200ks | element-shop.cz -","isPartOf":{"@id":"https:\/\/www.domkraftpro.com\/#website"},"primaryImageOfPage":{"@id":"https:\/\/www.domkraftpro.com\/index.php\/produkt\/znackovy-matice-sestihranna-m-5-din-934-tr-8-zb-blistr-200ks-element-shop-cz-49738\/#primaryimage"},"image":{"@id":"https:\/\/www.domkraftpro.com\/index.php\/produkt\/znackovy-matice-sestihranna-m-5-din-934-tr-8-zb-blistr-200ks-element-shop-cz-49738\/#primaryimage"},"thumbnailUrl":"https:\/\/www.domkraftpro.com\/wp-content\/uploads\/2026\/SK0008154-CZ20260425-092522-0-1777080324-122134_rewrite-225142-12600ks.webp","datePublished":"2026-04-27T04:42:37+00:00","breadcrumb":{"@id":"https:\/\/www.domkraftpro.com\/index.php\/produkt\/znackovy-matice-sestihranna-m-5-din-934-tr-8-zb-blistr-200ks-element-shop-cz-49738\/#breadcrumb"},"inLanguage":"cs","potentialAction":[{"@type":"ReadAction","target":["https:\/\/www.domkraftpro.com\/index.php\/produkt\/znackovy-matice-sestihranna-m-5-din-934-tr-8-zb-blistr-200ks-element-shop-cz-49738\/"]}]},{"@type":"ImageObject","inLanguage":"cs","@id":"https:\/\/www.domkraftpro.com\/index.php\/produkt\/znackovy-matice-sestihranna-m-5-din-934-tr-8-zb-blistr-200ks-element-shop-cz-49738\/#primaryimage","url":"https:\/\/www.domkraftpro.com\/wp-content\/uploads\/2026\/SK0008154-CZ20260425-092522-0-1777080324-122134_rewrite-225142-12600ks.webp","contentUrl":"https:\/\/www.domkraftpro.com\/wp-content\/uploads\/2026\/SK0008154-CZ20260425-092522-0-1777080324-122134_rewrite-225142-12600ks.webp","width":1000,"height":750},{"@type":"BreadcrumbList","@id":"https:\/\/www.domkraftpro.com\/index.php\/produkt\/znackovy-matice-sestihranna-m-5-din-934-tr-8-zb-blistr-200ks-element-shop-cz-49738\/#breadcrumb","itemListElement":[{"@type":"ListItem","position":1,"name":"Home","item":"https:\/\/www.domkraftpro.com\/"},{"@type":"ListItem","position":2,"name":"Products","item":"https:\/\/www.domkraftpro.com\/index.php\/products\/"},{"@type":"ListItem","position":3,"name":"Zna\u010dkov\u00fd Matice \u0161estihrann\u00e1, M 5, DIN 934, t\u0159.8, ZB, blistr 200ks | element-shop.cz"}]},{"@type":"WebSite","@id":"https:\/\/www.domkraftpro.com\/#website","url":"https:\/\/www.domkraftpro.com\/","name":"","description":"","potentialAction":[{"@type":"SearchAction","target":{"@type":"EntryPoint","urlTemplate":"https:\/\/www.domkraftpro.com\/?s={search_term_string}"},"query-input":{"@type":"PropertyValueSpecification","valueRequired":true,"valueName":"search_term_string"}}],"inLanguage":"cs"}]}},"_links":{"self":[{"href":"https:\/\/www.domkraftpro.com\/index.php\/wp-json\/wp\/v2\/product\/49738","targetHints":{"allow":["GET"]}}],"collection":[{"href":"https:\/\/www.domkraftpro.com\/index.php\/wp-json\/wp\/v2\/product"}],"about":[{"href":"https:\/\/www.domkraftpro.com\/index.php\/wp-json\/wp\/v2\/types\/product"}],"replies":[{"embeddable":true,"href":"https:\/\/www.domkraftpro.com\/index.php\/wp-json\/wp\/v2\/comments?post=49738"}],"wp:featuredmedia":[{"embeddable":true,"href":"https:\/\/www.domkraftpro.com\/index.php\/wp-json\/wp\/v2\/media\/49838"}],"wp:attachment":[{"href":"https:\/\/www.domkraftpro.com\/index.php\/wp-json\/wp\/v2\/media?parent=49738"}],"wp:term":[{"taxonomy":"product_brand","embeddable":true,"href":"https:\/\/www.domkraftpro.com\/index.php\/wp-json\/wp\/v2\/product_brand?post=49738"},{"taxonomy":"product_cat","embeddable":true,"href":"https:\/\/www.domkraftpro.com\/index.php\/wp-json\/wp\/v2\/product_cat?post=49738"},{"taxonomy":"product_tag","embeddable":true,"href":"https:\/\/www.domkraftpro.com\/index.php\/wp-json\/wp\/v2\/product_tag?post=49738"}],"curies":[{"name":"wp","href":"https:\/\/api.w.org\/{rel}","templated":true}]}}