{"id":49536,"date":"2026-04-27T04:42:37","date_gmt":"2026-04-27T04:42:37","guid":{"rendered":""},"modified":"2026-04-27T04:42:37","modified_gmt":"2026-04-27T04:42:37","slug":"dobijecka-autobaterii-solarni-1-5w-100ma-extol-craft-element-shop-cz-odeslani-ihned-49536","status":"publish","type":"product","link":"https:\/\/www.domkraftpro.com\/index.php\/produkt\/dobijecka-autobaterii-solarni-1-5w-100ma-extol-craft-element-shop-cz-odeslani-ihned-49536\/","title":{"rendered":"Dob\u00edje\u010dka autobateri\u00ed, sol\u00e1rn\u00ed, 1,5W, 100mA, EXTOL CRAFT | element-shop.cz Odesl\u00e1n\u00ed Ihned"},"content":{"rendered":"<div class=\"basic-description\">\n<h3>Detailn\u00ed popis produktu<\/h3>\n<p>                                    Sol\u00e1rn\u00ed udr\u017eovac\u00ed dob\u00edje\u010dka autobateri\u00ed EXTOL CRAFT 1,5 W \/ 100 mA je inteligentn\u00ed za\u0159\u00edzen\u00ed ur\u010den\u00e9 k dlouhodob\u00e9mu udr\u017eovac\u00edmu dob\u00edjen\u00ed 12V <span class=\"show-tooltip\" title=\"Olovo je chemick\u00fd prvek se symboly Pb (z latinsk\u00e9ho plumbum) a atomov\u00fdm \u010d\u00edslem 82.Je to t\u011b\u017ek\u00fd kov, kter\u00fd m\u00e1 m\u011bkkou a ohebnou texturu.&amp;nbsp;M\u00e1 relativn\u011b n\u00edzkou&amp;nbsp;teplotu t\u00e1n\u00ed,&amp;nbsp;je dob\u0159e kujn\u00fd i p\u0159i&amp;nbsp;pokojov\u00e9 teplot\u011b&amp;nbsp;a odoln\u00fd v\u016f\u010di&amp;hellip;\">olov\u011bn\u00fdch<\/span> <span class=\"show-tooltip\" title=\"Akumul\u00e1tor je za\u0159\u00edzen\u00ed slou\u017e\u00edc\u00ed k uchov\u00e1v\u00e1n\u00ed elektrick\u00e9 energie.&amp;nbsp;\u058d Jeho hlavn\u00ed funkc\u00ed je p\u0159em\u011bnit elektrickou energii do chemick\u00e9 energie b\u011bhem nab\u00edjen\u00ed a n\u00e1sledn\u011b zp\u011bt na elektrickou energii b\u011bhem vyb\u00edjen\u00ed.\u058d Akumul\u00e1tory jsou \u0161iroce&amp;hellip;\">akumul\u00e1tor\u016f<\/span> \u2013 ide\u00e1ln\u00ed pro automobily, lod\u011b, karavany a dal\u0161\u00ed vozidla, kter\u00e1 jsou del\u0161\u00ed dobu mimo provoz. Pomoc\u00ed denn\u00edho <span class=\"show-tooltip\" title=\"Sv\u011btlo je viditeln\u00e1 \u010d\u00e1st elektromagnetick\u00e9ho z\u00e1\u0159en\u00ed.&amp;nbsp;\u058d V elektromagnetick\u00e9m spektru se sv\u011btlo nach\u00e1z\u00ed mezi infra\u010derven\u00fdm a ultrafialov\u00fdm.\u058d Charakterizuje se r\u016fzn\u00fdmi vlastnostmi, v\u010detn\u011b vlnov\u00e9 d\u00e9lky, frekvence, intenzity a polarizace.\u058d&amp;hellip;\">sv\u011btla<\/span> br\u00e1n\u00ed p\u0159irozen\u00e9mu samovyb\u00edjen\u00ed baterie a zamezuje pot\u00ed\u017e\u00edm se startov\u00e1n\u00edm po del\u0161\u00edm odstaven\u00ed. M\u00e1 robustn\u00ed konstrukci s pojistkou a LED indikac\u00ed stavu nab\u00edjen\u00ed pro pohodln\u00e9 a bezpe\u010dn\u00e9 pou\u017e\u00edv\u00e1n\u00ed. Kl\u00ed\u010dov\u00e9 vlastnosti&#8226; N\u00edzk\u00fd <span class=\"show-tooltip\" title=\"V\u00fdkon je fyzik\u00e1ln\u00ed veli\u010dina, kter\u00e1 vyjad\u0159uje, jak rychle nebo efektivn\u011b se pr\u00e1ce prov\u00e1d\u00ed nebo jak rychle se p\u0159emis\u0165uje energie. Jedn\u00e1 se o skal\u00e1rn\u00ed veli\u010dinu, co\u017e znamen\u00e1, \u017ee m\u00e1 pouze velikost, nikoli sm\u011br. Z\u00e1kladn\u00ed jednotkou v\u00fdkonu v mezin\u00e1rodn\u00edm&amp;hellip;\">v\u00fdkon<\/span> 1,5 W \/ 100 mA \u2013 bezpe\u010dn\u00e9, pomal\u00e9 a \u0161etrn\u00e9 nab\u00edjen\u00ed (trickle charge). &#8226; Sol\u00e1rn\u00ed panel vyu\u017e\u00edv\u00e1 p\u0159irozen\u00e9 denn\u00ed sv\u011btlo \u2013 ide\u00e1ln\u00ed i p\u0159i zata\u017een\u00e9 obloze nebo z gar\u00e1\u017ee. &#8226; LED indikace \u2013 blikaj\u00edc\u00ed dioda signalizuje p\u0159\u00edtomnost <span class=\"show-tooltip\" title=\"Nap\u011bt\u00ed, tak\u00e9 naz\u00fdvan\u00e9 elektrick\u00e9 nap\u011bt\u00ed, je fyzik\u00e1ln\u00ed veli\u010dina, kter\u00e1 vyjad\u0159uje potenci\u00e1ln\u00ed rozd\u00edl mezi dv\u011bma body v elektrick\u00e9m obvodu. Jedn\u00e1 se o skal\u00e1rn\u00ed veli\u010dinu, co\u017e znamen\u00e1, \u017ee m\u00e1 pouze velikost a nem\u00e1 sm\u011br.Nap\u011bt\u00ed je zp\u016fsobeno rozd\u00edlem&amp;hellip;\">nap\u011bt\u00ed<\/span> na v\u00fdstupn\u00ed konektor (z\u00e1suvka cigaretov\u00e9ho zapalova\u010de). &#8226; Bezpe\u010dn\u00e9 dlouhodob\u00e9 p\u0159ipojen\u00ed \u2013 d\u00edky <span class=\"show-tooltip\" title=\"Regulace je proces nebo mechanismus, kter\u00fd slou\u017e\u00ed k udr\u017een\u00ed, \u0159\u00edzen\u00ed nebo stabilizaci ur\u010dit\u00e9ho parametru, stavu nebo syst\u00e9mu. C\u00edlem regulace je dos\u00e1hnout specifick\u00e9ho v\u00fdsledku nebo udr\u017eet dan\u00fd stav v souladu s ur\u010dit\u00fdmi normami, po\u017eadavky nebo&amp;hellip;\">regulaci<\/span> a pojistce nedoch\u00e1z\u00ed k p\u0159ebit\u00ed akumul\u00e1toru. &#8226; <span class=\"show-tooltip\" title=\"Kompatibilita ozna\u010duje schopnost dvou nebo v\u00edce prvk\u016f, syst\u00e9m\u016f nebo za\u0159\u00edzen\u00ed pracovat spolu bezkonfliktn\u011b nebo vz\u00e1jemn\u011b se dopl\u0148ovat. V kontextu technologi\u00ed nebo za\u0159\u00edzen\u00ed to znamen\u00e1, \u017ee jsou schopny spolupracovat a vz\u00e1jemn\u011b&amp;hellip;\">Kompatibiln\u00ed<\/span> se v\u0161emi typy 12 V olov\u011bn\u00fdch akumul\u00e1tor\u016f \u2013 gelov\u00e9, AGM, SLA apod. &#10004; Prevence vyb\u00edjen\u00ed b\u011bhem odstaven\u00ed \u2013 baterie z\u016fst\u00e1v\u00e1 p\u0159ipraven\u00e1 ke startu, bez nutnosti extern\u00edho dob\u00edjen\u00ed.&#10004; N\u00edzk\u00e9 provozn\u00ed n\u00e1klady \u2013 pouze energie ze <span class=\"show-tooltip\" title=\"Slunce je centr\u00e1ln\u00ed hv\u011bzda slune\u010dn\u00ed soustavy, kter\u00e1 poskytuje energii prost\u0159ednictv\u00edm jadern\u00fdch reakc\u00ed termojadern\u00e9 f\u00faze. Jeho vlastnosti, velikost, st\u00e1\u0159\u00ed a v\u00fdznam jsou kl\u00ed\u010dov\u00e9 pro ch\u00e1p\u00e1n\u00ed \u017eivota na Zemi a v na\u0161\u00ed slune\u010dn\u00ed soustav\u011b.&amp;nbsp;Slunce je&amp;hellip;\">slunce<\/span>! &#10004; Snadn\u00e1 instalace \u2013 sta\u010d\u00ed polo\u017eit na palubn\u00ed desku nebo <span class=\"show-tooltip\" title=\"Sklo&amp;nbsp;je homogenn\u00ed,&amp;nbsp;amorfn\u00ed&amp;nbsp;(tj. nekrystalick\u00e1) pevn\u00e1 l\u00e1tka, kter\u00e1 se vyzna\u010duje tvrdost\u00ed, k\u0159ehkost\u00ed a pr\u016fhlednost\u00ed. Hlavn\u00ed slo\u017ekou skla je&amp;nbsp;oxid k\u0159emi\u010dit\u00fd&amp;nbsp;(SiO2) a vyr\u00e1b\u00ed se taven\u00edm k\u0159emi\u010dit\u00e9ho&amp;nbsp;skl\u00e1\u0159sk\u00e9ho&amp;hellip;\">sklo<\/span> a p\u0159ipojit k z\u00e1suvce 12 V.&#10004; Bez obav o p\u0159ebit\u00ed d\u00edky \u0161etrn\u00e9mu re\u017eimu a pojistce.Technick\u00e1 specifikace&#8226; Zna\u010dka \/ model: EXTOL CRAFT 417310 &#8226; Typ: sol\u00e1rn\u00ed udr\u017eovac\u00ed nab\u00edje\u010dka autobateri\u00ed &#8226; V\u00fdkon: 1,5 W &#8226; Nab\u00edjec\u00ed proud: 100 mA &#8226; Nap\u011bt\u00ed: 12 V &#8226; Indikace: LED dioda (signalizace nap\u011bt\u00ed)&#8226; P\u0159ipojen\u00ed: z\u00e1suvka autozapalova\u010de 12 V &#8226; Funkce: udr\u017eovac\u00ed nab\u00edjen\u00ed \u2013 br\u00e1n\u00ed vybit\u00ed, nepo\u0161kozuje akumul\u00e1tor&#8226; Kompatibilita: v\u0161echny typy 12V olov\u011bn\u00fdch akumul\u00e1tor\u016f (klasick\u00e9, gelov\u00e9, AGM, SLA)&#8226; Bezpe\u010dnost: vestav\u011bn\u00e1 pojistka, ochrana proti p\u0159ebit\u00ed                            <\/div>\n","protected":false},"excerpt":{"rendered":"<p>Detailn\u00ed popis produktu Sol\u00e1rn\u00ed udr\u017eovac\u00ed dob\u00edje\u010dka autobateri\u00ed EXTOL CRAFT 1,5 W \/ 100 mA je inteligentn\u00ed za\u0159\u00edzen\u00ed ur\u010den\u00e9 k dlouhodob\u00e9mu udr\u017eovac\u00edmu dob\u00edjen\u00ed 12V olov\u011bn\u00fdch akumul\u00e1tor\u016f \u2013 ide\u00e1ln\u00ed pro automobily, lod\u011b, karavany a dal\u0161\u00ed vozidla, kter\u00e1 jsou del\u0161\u00ed dobu mimo provoz. Pomoc\u00ed denn\u00edho sv\u011btla br\u00e1n\u00ed p\u0159irozen\u00e9mu samovyb\u00edjen\u00ed baterie a zamezuje pot\u00ed\u017e\u00edm se startov\u00e1n\u00edm po del\u0161\u00edm odstaven\u00ed. [&hellip;]<\/p>\n","protected":false},"featured_media":49636,"comment_status":"open","ping_status":"open","template":"","meta":[],"product_brand":[],"product_cat":[63],"product_tag":[],"class_list":{"0":"post-49536","1":"product","2":"type-product","3":"status-publish","4":"has-post-thumbnail","6":"product_cat-automotive","8":"first","9":"instock","10":"sale","11":"shipping-taxable","12":"purchasable","13":"product-type-simple"},"yoast_head":"<!-- This site is optimized with the Yoast SEO plugin v26.8 - https:\/\/yoast.com\/product\/yoast-seo-wordpress\/ -->\n<title>Dob\u00edje\u010dka autobateri\u00ed, sol\u00e1rn\u00ed, 1,5W, 100mA, EXTOL CRAFT | element-shop.cz Odesl\u00e1n\u00ed Ihned -<\/title>\n<meta name=\"robots\" content=\"index, follow, max-snippet:-1, max-image-preview:large, max-video-preview:-1\" \/>\n<link rel=\"canonical\" href=\"https:\/\/www.domkraftpro.com\/index.php\/produkt\/dobijecka-autobaterii-solarni-1-5w-100ma-extol-craft-element-shop-cz-odeslani-ihned-49536\/\" \/>\n<meta property=\"og:locale\" content=\"cs_CZ\" \/>\n<meta property=\"og:type\" content=\"article\" \/>\n<meta property=\"og:title\" content=\"Dob\u00edje\u010dka autobateri\u00ed, sol\u00e1rn\u00ed, 1,5W, 100mA, EXTOL CRAFT | element-shop.cz Odesl\u00e1n\u00ed Ihned -\" \/>\n<meta property=\"og:description\" content=\"Detailn\u00ed popis produktu Sol\u00e1rn\u00ed udr\u017eovac\u00ed dob\u00edje\u010dka autobateri\u00ed EXTOL CRAFT 1,5 W \/ 100 mA je inteligentn\u00ed za\u0159\u00edzen\u00ed ur\u010den\u00e9 k dlouhodob\u00e9mu udr\u017eovac\u00edmu dob\u00edjen\u00ed 12V olov\u011bn\u00fdch akumul\u00e1tor\u016f \u2013 ide\u00e1ln\u00ed pro automobily, lod\u011b, karavany a dal\u0161\u00ed vozidla, kter\u00e1 jsou del\u0161\u00ed dobu mimo provoz. Pomoc\u00ed denn\u00edho sv\u011btla br\u00e1n\u00ed p\u0159irozen\u00e9mu samovyb\u00edjen\u00ed baterie a zamezuje pot\u00ed\u017e\u00edm se startov\u00e1n\u00edm po del\u0161\u00edm odstaven\u00ed. [&hellip;]\" \/>\n<meta property=\"og:url\" content=\"https:\/\/www.domkraftpro.com\/index.php\/produkt\/dobijecka-autobaterii-solarni-1-5w-100ma-extol-craft-element-shop-cz-odeslani-ihned-49536\/\" \/>\n<meta property=\"og:image\" content=\"https:\/\/www.domkraftpro.com\/wp-content\/uploads\/2026\/SK0008052-CZ20260425-092522-0-1777080324-121744_rewrite-118378-417310.webp\" \/>\n\t<meta property=\"og:image:width\" content=\"1000\" \/>\n\t<meta property=\"og:image:height\" content=\"750\" \/>\n\t<meta property=\"og:image:type\" content=\"image\/webp\" \/>\n<meta name=\"twitter:card\" content=\"summary_large_image\" \/>\n<meta name=\"twitter:label1\" content=\"Odhadovan\u00e1 doba \u010dten\u00ed\" \/>\n\t<meta name=\"twitter:data1\" content=\"2 minuty\" \/>\n<script type=\"application\/ld+json\" class=\"yoast-schema-graph\">{\"@context\":\"https:\/\/schema.org\",\"@graph\":[{\"@type\":\"WebPage\",\"@id\":\"https:\/\/www.domkraftpro.com\/index.php\/produkt\/dobijecka-autobaterii-solarni-1-5w-100ma-extol-craft-element-shop-cz-odeslani-ihned-49536\/\",\"url\":\"https:\/\/www.domkraftpro.com\/index.php\/produkt\/dobijecka-autobaterii-solarni-1-5w-100ma-extol-craft-element-shop-cz-odeslani-ihned-49536\/\",\"name\":\"Dob\u00edje\u010dka autobateri\u00ed, sol\u00e1rn\u00ed, 1,5W, 100mA, EXTOL CRAFT | element-shop.cz Odesl\u00e1n\u00ed Ihned -\",\"isPartOf\":{\"@id\":\"https:\/\/www.domkraftpro.com\/#website\"},\"primaryImageOfPage\":{\"@id\":\"https:\/\/www.domkraftpro.com\/index.php\/produkt\/dobijecka-autobaterii-solarni-1-5w-100ma-extol-craft-element-shop-cz-odeslani-ihned-49536\/#primaryimage\"},\"image\":{\"@id\":\"https:\/\/www.domkraftpro.com\/index.php\/produkt\/dobijecka-autobaterii-solarni-1-5w-100ma-extol-craft-element-shop-cz-odeslani-ihned-49536\/#primaryimage\"},\"thumbnailUrl\":\"https:\/\/www.domkraftpro.com\/wp-content\/uploads\/2026\/SK0008052-CZ20260425-092522-0-1777080324-121744_rewrite-118378-417310.webp\",\"datePublished\":\"2026-04-27T04:42:37+00:00\",\"breadcrumb\":{\"@id\":\"https:\/\/www.domkraftpro.com\/index.php\/produkt\/dobijecka-autobaterii-solarni-1-5w-100ma-extol-craft-element-shop-cz-odeslani-ihned-49536\/#breadcrumb\"},\"inLanguage\":\"cs\",\"potentialAction\":[{\"@type\":\"ReadAction\",\"target\":[\"https:\/\/www.domkraftpro.com\/index.php\/produkt\/dobijecka-autobaterii-solarni-1-5w-100ma-extol-craft-element-shop-cz-odeslani-ihned-49536\/\"]}]},{\"@type\":\"ImageObject\",\"inLanguage\":\"cs\",\"@id\":\"https:\/\/www.domkraftpro.com\/index.php\/produkt\/dobijecka-autobaterii-solarni-1-5w-100ma-extol-craft-element-shop-cz-odeslani-ihned-49536\/#primaryimage\",\"url\":\"https:\/\/www.domkraftpro.com\/wp-content\/uploads\/2026\/SK0008052-CZ20260425-092522-0-1777080324-121744_rewrite-118378-417310.webp\",\"contentUrl\":\"https:\/\/www.domkraftpro.com\/wp-content\/uploads\/2026\/SK0008052-CZ20260425-092522-0-1777080324-121744_rewrite-118378-417310.webp\",\"width\":1000,\"height\":750},{\"@type\":\"BreadcrumbList\",\"@id\":\"https:\/\/www.domkraftpro.com\/index.php\/produkt\/dobijecka-autobaterii-solarni-1-5w-100ma-extol-craft-element-shop-cz-odeslani-ihned-49536\/#breadcrumb\",\"itemListElement\":[{\"@type\":\"ListItem\",\"position\":1,\"name\":\"Home\",\"item\":\"https:\/\/www.domkraftpro.com\/\"},{\"@type\":\"ListItem\",\"position\":2,\"name\":\"Products\",\"item\":\"https:\/\/www.domkraftpro.com\/index.php\/products\/\"},{\"@type\":\"ListItem\",\"position\":3,\"name\":\"Dob\u00edje\u010dka autobateri\u00ed, sol\u00e1rn\u00ed, 1,5W, 100mA, EXTOL CRAFT | element-shop.cz Odesl\u00e1n\u00ed Ihned\"}]},{\"@type\":\"WebSite\",\"@id\":\"https:\/\/www.domkraftpro.com\/#website\",\"url\":\"https:\/\/www.domkraftpro.com\/\",\"name\":\"\",\"description\":\"\",\"potentialAction\":[{\"@type\":\"SearchAction\",\"target\":{\"@type\":\"EntryPoint\",\"urlTemplate\":\"https:\/\/www.domkraftpro.com\/?s={search_term_string}\"},\"query-input\":{\"@type\":\"PropertyValueSpecification\",\"valueRequired\":true,\"valueName\":\"search_term_string\"}}],\"inLanguage\":\"cs\"}]}<\/script>\n<!-- \/ Yoast SEO plugin. -->","yoast_head_json":{"title":"Dob\u00edje\u010dka autobateri\u00ed, sol\u00e1rn\u00ed, 1,5W, 100mA, EXTOL CRAFT | element-shop.cz Odesl\u00e1n\u00ed Ihned -","robots":{"index":"index","follow":"follow","max-snippet":"max-snippet:-1","max-image-preview":"max-image-preview:large","max-video-preview":"max-video-preview:-1"},"canonical":"https:\/\/www.domkraftpro.com\/index.php\/produkt\/dobijecka-autobaterii-solarni-1-5w-100ma-extol-craft-element-shop-cz-odeslani-ihned-49536\/","og_locale":"cs_CZ","og_type":"article","og_title":"Dob\u00edje\u010dka autobateri\u00ed, sol\u00e1rn\u00ed, 1,5W, 100mA, EXTOL CRAFT | element-shop.cz Odesl\u00e1n\u00ed Ihned -","og_description":"Detailn\u00ed popis produktu Sol\u00e1rn\u00ed udr\u017eovac\u00ed dob\u00edje\u010dka autobateri\u00ed EXTOL CRAFT 1,5 W \/ 100 mA je inteligentn\u00ed za\u0159\u00edzen\u00ed ur\u010den\u00e9 k dlouhodob\u00e9mu udr\u017eovac\u00edmu dob\u00edjen\u00ed 12V olov\u011bn\u00fdch akumul\u00e1tor\u016f \u2013 ide\u00e1ln\u00ed pro automobily, lod\u011b, karavany a dal\u0161\u00ed vozidla, kter\u00e1 jsou del\u0161\u00ed dobu mimo provoz. Pomoc\u00ed denn\u00edho sv\u011btla br\u00e1n\u00ed p\u0159irozen\u00e9mu samovyb\u00edjen\u00ed baterie a zamezuje pot\u00ed\u017e\u00edm se startov\u00e1n\u00edm po del\u0161\u00edm odstaven\u00ed. [&hellip;]","og_url":"https:\/\/www.domkraftpro.com\/index.php\/produkt\/dobijecka-autobaterii-solarni-1-5w-100ma-extol-craft-element-shop-cz-odeslani-ihned-49536\/","og_image":[{"width":1000,"height":750,"url":"https:\/\/www.domkraftpro.com\/wp-content\/uploads\/2026\/SK0008052-CZ20260425-092522-0-1777080324-121744_rewrite-118378-417310.webp","type":"image\/webp"}],"twitter_card":"summary_large_image","twitter_misc":{"Odhadovan\u00e1 doba \u010dten\u00ed":"2 minuty"},"schema":{"@context":"https:\/\/schema.org","@graph":[{"@type":"WebPage","@id":"https:\/\/www.domkraftpro.com\/index.php\/produkt\/dobijecka-autobaterii-solarni-1-5w-100ma-extol-craft-element-shop-cz-odeslani-ihned-49536\/","url":"https:\/\/www.domkraftpro.com\/index.php\/produkt\/dobijecka-autobaterii-solarni-1-5w-100ma-extol-craft-element-shop-cz-odeslani-ihned-49536\/","name":"Dob\u00edje\u010dka autobateri\u00ed, sol\u00e1rn\u00ed, 1,5W, 100mA, EXTOL CRAFT | element-shop.cz Odesl\u00e1n\u00ed Ihned -","isPartOf":{"@id":"https:\/\/www.domkraftpro.com\/#website"},"primaryImageOfPage":{"@id":"https:\/\/www.domkraftpro.com\/index.php\/produkt\/dobijecka-autobaterii-solarni-1-5w-100ma-extol-craft-element-shop-cz-odeslani-ihned-49536\/#primaryimage"},"image":{"@id":"https:\/\/www.domkraftpro.com\/index.php\/produkt\/dobijecka-autobaterii-solarni-1-5w-100ma-extol-craft-element-shop-cz-odeslani-ihned-49536\/#primaryimage"},"thumbnailUrl":"https:\/\/www.domkraftpro.com\/wp-content\/uploads\/2026\/SK0008052-CZ20260425-092522-0-1777080324-121744_rewrite-118378-417310.webp","datePublished":"2026-04-27T04:42:37+00:00","breadcrumb":{"@id":"https:\/\/www.domkraftpro.com\/index.php\/produkt\/dobijecka-autobaterii-solarni-1-5w-100ma-extol-craft-element-shop-cz-odeslani-ihned-49536\/#breadcrumb"},"inLanguage":"cs","potentialAction":[{"@type":"ReadAction","target":["https:\/\/www.domkraftpro.com\/index.php\/produkt\/dobijecka-autobaterii-solarni-1-5w-100ma-extol-craft-element-shop-cz-odeslani-ihned-49536\/"]}]},{"@type":"ImageObject","inLanguage":"cs","@id":"https:\/\/www.domkraftpro.com\/index.php\/produkt\/dobijecka-autobaterii-solarni-1-5w-100ma-extol-craft-element-shop-cz-odeslani-ihned-49536\/#primaryimage","url":"https:\/\/www.domkraftpro.com\/wp-content\/uploads\/2026\/SK0008052-CZ20260425-092522-0-1777080324-121744_rewrite-118378-417310.webp","contentUrl":"https:\/\/www.domkraftpro.com\/wp-content\/uploads\/2026\/SK0008052-CZ20260425-092522-0-1777080324-121744_rewrite-118378-417310.webp","width":1000,"height":750},{"@type":"BreadcrumbList","@id":"https:\/\/www.domkraftpro.com\/index.php\/produkt\/dobijecka-autobaterii-solarni-1-5w-100ma-extol-craft-element-shop-cz-odeslani-ihned-49536\/#breadcrumb","itemListElement":[{"@type":"ListItem","position":1,"name":"Home","item":"https:\/\/www.domkraftpro.com\/"},{"@type":"ListItem","position":2,"name":"Products","item":"https:\/\/www.domkraftpro.com\/index.php\/products\/"},{"@type":"ListItem","position":3,"name":"Dob\u00edje\u010dka autobateri\u00ed, sol\u00e1rn\u00ed, 1,5W, 100mA, EXTOL CRAFT | element-shop.cz Odesl\u00e1n\u00ed Ihned"}]},{"@type":"WebSite","@id":"https:\/\/www.domkraftpro.com\/#website","url":"https:\/\/www.domkraftpro.com\/","name":"","description":"","potentialAction":[{"@type":"SearchAction","target":{"@type":"EntryPoint","urlTemplate":"https:\/\/www.domkraftpro.com\/?s={search_term_string}"},"query-input":{"@type":"PropertyValueSpecification","valueRequired":true,"valueName":"search_term_string"}}],"inLanguage":"cs"}]}},"_links":{"self":[{"href":"https:\/\/www.domkraftpro.com\/index.php\/wp-json\/wp\/v2\/product\/49536","targetHints":{"allow":["GET"]}}],"collection":[{"href":"https:\/\/www.domkraftpro.com\/index.php\/wp-json\/wp\/v2\/product"}],"about":[{"href":"https:\/\/www.domkraftpro.com\/index.php\/wp-json\/wp\/v2\/types\/product"}],"replies":[{"embeddable":true,"href":"https:\/\/www.domkraftpro.com\/index.php\/wp-json\/wp\/v2\/comments?post=49536"}],"wp:featuredmedia":[{"embeddable":true,"href":"https:\/\/www.domkraftpro.com\/index.php\/wp-json\/wp\/v2\/media\/49636"}],"wp:attachment":[{"href":"https:\/\/www.domkraftpro.com\/index.php\/wp-json\/wp\/v2\/media?parent=49536"}],"wp:term":[{"taxonomy":"product_brand","embeddable":true,"href":"https:\/\/www.domkraftpro.com\/index.php\/wp-json\/wp\/v2\/product_brand?post=49536"},{"taxonomy":"product_cat","embeddable":true,"href":"https:\/\/www.domkraftpro.com\/index.php\/wp-json\/wp\/v2\/product_cat?post=49536"},{"taxonomy":"product_tag","embeddable":true,"href":"https:\/\/www.domkraftpro.com\/index.php\/wp-json\/wp\/v2\/product_tag?post=49536"}],"curies":[{"name":"wp","href":"https:\/\/api.w.org\/{rel}","templated":true}]}}