{"id":49498,"date":"2026-04-27T04:42:37","date_gmt":"2026-04-27T04:42:37","guid":{"rendered":""},"modified":"2026-04-27T04:42:37","modified_gmt":"2026-04-27T04:42:37","slug":"akce-magnet-s-vesakem-16mm-max-6kg-extra-silny-bal-4ks-strend-pro-element-shop-cz-49498","status":"publish","type":"product","link":"https:\/\/www.domkraftpro.com\/index.php\/produkt\/akce-magnet-s-vesakem-16mm-max-6kg-extra-silny-bal-4ks-strend-pro-element-shop-cz-49498\/","title":{"rendered":"Akce Magnet s v\u011b\u0161\u00e1kem, 16mm, max. 6kg, extra siln\u00fd, bal. 4ks, STREND PRO | element-shop.cz"},"content":{"rendered":"<div class=\"basic-description\">\n<h3>Detailn\u00ed popis produktu<\/h3>\n<p>                                    Strend Pro extra <span class=\"show-tooltip\" title=\"S\u00edla je fyzik\u00e1ln\u00ed veli\u010dina, kter\u00e1 popisuje interakci mezi t\u011blesy nebo objekty. Je to vektorov\u00e1 veli\u010dina, co\u017e znamen\u00e1, \u017ee krom\u011b velikosti m\u00e1 tak\u00e9 sm\u011br a smysl (sm\u011br, kter\u00fdm s\u00edla p\u016fsob\u00ed). Jednotkou s\u00edly v mezin\u00e1rodn\u00edm syst\u00e9mu jednotek (SI) je newton&amp;hellip;\">siln\u00fd<\/span> magnet s dr\u017e\u00e1kem 16 mm \u2013 balen\u00ed 4 ks, <span class=\"show-tooltip\" title=\"Nosnost&amp;nbsp;resp.&amp;nbsp;\u00fanosnost&amp;nbsp;je obecn\u00e1 charakteristika, kter\u00e1 vyjad\u0159uje vzdor (kapacitu) dan\u00e9ho&amp;nbsp;objektu&amp;nbsp;nebo&amp;nbsp;p\u0159edm\u011btu&amp;nbsp;(nap\u0159. stavebn\u00ed konstrukce, z\u00e1kladov\u00e9 p\u016fdy,&amp;nbsp;dopravn\u00edho prost\u0159edku, apod.) v\u016f\u010di p\u016fsoben\u00ed n\u011bjak\u00fdch&amp;hellip;\">nosnost<\/span> a\u017e 6 kgExtra siln\u00fd neodymov\u00fd magnet Strend Pro s robustn\u00edm <span class=\"show-tooltip\" title=\"Ocel je slitina \u017eeleza s mal\u00fdm obsahem uhl\u00edku a dal\u0161\u00edmi p\u0159\u00edm\u011bsemi. Je to jeden z nejb\u011b\u017en\u011bji pou\u017e\u00edvan\u00fdch materi\u00e1l\u016f v pr\u016fmyslu a&amp;nbsp;stavebnictv\u00ed d\u00edky sv\u00fdm vlastnostem, kter\u00e9 zahrnuj\u00ed pevnost, tv\u00e1rnost a odolnost.&amp;nbsp;Z\u00e1kladn\u00ed slo\u017ekou&amp;hellip;\">ocelov\u00fdm<\/span> z\u00e1v\u011bsn\u00fdm h\u00e1\u010dkem a vysokou nosnost\u00ed je ide\u00e1ln\u00ed pro praktick\u00e9 i dom\u00e1c\u00ed vyu\u017eit\u00ed. D\u00edky pr\u016fm\u011bru 16 mm a siln\u00e9mu magnetick\u00e9mu poli (nosnost a\u017e 6 kg) se snadno zav\u011bs\u00ed na kovov\u00e9 povrchy, stropy, reg\u00e1ly \u010di gar\u00e1\u017eov\u00e1 vrata.Hlavn\u00ed vlastnosti:&#8226; Neodymov\u00e1 s\u00edla: Spolehliv\u00e9 dr\u017een\u00ed a\u017e 6 kg na <span class=\"show-tooltip\" title=\"Kovy&amp;nbsp;tvo\u0159\u00ed spole\u010dn\u011b s&amp;nbsp;polokovy&amp;nbsp;a&amp;nbsp;nekovy&amp;nbsp;t\u0159i hlavn\u00ed skupiny&amp;nbsp;chemick\u00fdch prvk\u016f. Rozd\u011blen\u00ed je prov\u00e1d\u011bno s ohledem na&amp;nbsp;vazebn\u00e9&amp;nbsp;a&amp;nbsp;ioniza\u010dn\u00ed&amp;nbsp;vlastnosti prvk\u016f. Kovy jsou charakterizovan\u00e9&amp;hellip;\">kovov\u00fdch<\/span> ploch\u00e1ch&#8226; <span class=\"show-tooltip\" title=\"Pr\u016fm\u011br kruhu a kru\u017enice je d\u00e9lka \u00fase\u010dky, kter\u00e1 proch\u00e1z\u00ed st\u0159edem kruhu a spojuje dva body na jeho obvodu. Zkr\u00e1cen\u011b se pr\u016fm\u011br kruhu ozna\u010duje symbolem &quot;d&quot;.Vztah mezi pr\u016fm\u011brem kruhu a jeho polom\u011brem &quot;r&quot; je n\u00e1sleduj\u00edc\u00ed: d = 2 * rKde &quot;d&quot; je&amp;hellip;\">Pr\u016fm\u011br<\/span> magnetu: 16 mm \u2013 optim\u00e1ln\u011b kompaktn\u00ed, p\u0159esto <span class=\"show-tooltip\" title=\"V\u00fdkon je fyzik\u00e1ln\u00ed veli\u010dina, kter\u00e1 vyjad\u0159uje, jak rychle nebo efektivn\u011b se pr\u00e1ce prov\u00e1d\u00ed nebo jak rychle se p\u0159emis\u0165uje energie. Jedn\u00e1 se o skal\u00e1rn\u00ed veli\u010dinu, co\u017e znamen\u00e1, \u017ee m\u00e1 pouze velikost, nikoli sm\u011br. Z\u00e1kladn\u00ed jednotkou v\u00fdkonu v mezin\u00e1rodn\u00edm&amp;hellip;\">v\u00fdkonn\u00fd<\/span>&#8226; Ocelov\u00fd h\u00e1\u010dek (v\u011b\u0161\u00e1k): Pohodln\u00e1 mont\u00e1\u017e a zav\u011b\u0161en\u00ed drobn\u011bj\u0161\u00edch p\u0159edm\u011bt\u016f&#8226; Odoln\u00e9 slo\u017een\u00ed: <span class=\"show-tooltip\" title=\"Pevnost je materi\u00e1lov\u00e1 vlastnost charakterizuj\u00edc\u00ed schopnost materi\u00e1lu odol\u00e1vat vn\u011bj\u0161\u00edm sil\u00e1m, kter\u00e9 by mohly zp\u016fsobit jeho deformaci, roztr\u017een\u00ed nebo jin\u00e9 formy selh\u00e1n\u00ed.Pevnost je z\u00e1kladn\u00edm parametrem pro posouzen\u00ed odolnosti materi\u00e1l\u016f v konstrukci a&amp;hellip;\">Pevn\u00e1<\/span> pru\u017einov\u00e1 <span class=\"show-tooltip\" title=\"Konstrukce je proces tvorby a sestaven\u00ed r\u016fzn\u00fdch prvk\u016f nebo sou\u010d\u00e1st\u00ed do funk\u010dn\u00edho celku, kter\u00fd m\u016f\u017ee slou\u017eit k ur\u010dit\u00e9mu \u00fa\u010delu. V kontextu stavebnictv\u00ed a in\u017een\u00fdrstv\u00ed zahrnuje konstrukce tvorbu budov, most\u016f, silnic, pr\u016fmyslov\u00fdch za\u0159\u00edzen\u00ed,&amp;hellip;\">konstrukce<\/span>, odoln\u00e1 v\u016f\u010di korozi&#8226; Balen\u00ed 4 ks: Vhodn\u00e9 pro v\u00edcebodov\u00e9 uchycen\u00ed \u2013 ide\u00e1ln\u00ed pro kuchyni, d\u00edlnu \u010di gar\u00e1\u017eIde\u00e1ln\u00ed pou\u017eit\u00ed:&#8226; Zav\u011b\u0161en\u00ed kl\u00ed\u010d\u016f, kovov\u00fdch <span class=\"show-tooltip\" title=\"N\u00e1stroj&amp;nbsp;je pracovn\u00ed prost\u0159edek, pom\u016fcka k zpracov\u00e1n\u00ed n\u011b\u010deho (pracovn\u00ed n\u00e1stroj, \u0159emeslnick\u00fd n\u00e1stroj, chirurgick\u00fd n\u00e1stroj aj.), p\u0159\u00edp. v\u00fdrobn\u00ed pom\u016fcka slou\u017e\u00edc\u00ed p\u0159i ru\u010dn\u00edm nebo strojn\u00edm obr\u00e1b\u011bn\u00ed ke zm\u011bn\u011b velikosti nebo tvaru opracov\u00e1van\u00e9ho&amp;hellip;\">n\u00e1\u0159ad\u00ed<\/span>, osv\u011btlen\u00ed, hadic, had\u0159\u00edk\u016f, n\u00e1stroj\u016f&#8226; Do d\u00edlny, gar\u00e1\u017ee, zahrady, na kovov\u00e9 struktury \u010di sk\u0159\u00edn\u011b&#8226; Pro organizaci pracovn\u00edho prostoru: p\u0159ehledn\u011b a efektivn\u011bMagnet Strend Pro extra siln\u00fd p\u0159edstavuje perfektn\u00ed kombinaci maxim\u00e1ln\u00ed p\u0159ilnavosti, odolnosti a prakti\u010dnosti \u2013 v\u00fdborn\u00fd pomocn\u00edk v ka\u017ed\u00e9 dom\u00e1cnosti i d\u00edln\u011b.                            <\/div>\n","protected":false},"excerpt":{"rendered":"<p>Detailn\u00ed popis produktu Strend Pro extra siln\u00fd magnet s dr\u017e\u00e1kem 16 mm \u2013 balen\u00ed 4 ks, nosnost a\u017e 6 kgExtra siln\u00fd neodymov\u00fd magnet Strend Pro s robustn\u00edm ocelov\u00fdm z\u00e1v\u011bsn\u00fdm h\u00e1\u010dkem a vysokou nosnost\u00ed je ide\u00e1ln\u00ed pro praktick\u00e9 i dom\u00e1c\u00ed vyu\u017eit\u00ed. D\u00edky pr\u016fm\u011bru 16 mm a siln\u00e9mu magnetick\u00e9mu poli (nosnost a\u017e 6 kg) se snadno zav\u011bs\u00ed [&hellip;]<\/p>\n","protected":false},"featured_media":49598,"comment_status":"open","ping_status":"open","template":"","meta":[],"product_brand":[],"product_cat":[52],"product_tag":[],"class_list":{"0":"post-49498","1":"product","2":"type-product","3":"status-publish","4":"has-post-thumbnail","6":"product_cat-naradi","8":"first","9":"instock","10":"sale","11":"shipping-taxable","12":"purchasable","13":"product-type-simple"},"yoast_head":"<!-- This site is optimized with the Yoast SEO plugin v26.8 - https:\/\/yoast.com\/product\/yoast-seo-wordpress\/ -->\n<title>Akce Magnet s v\u011b\u0161\u00e1kem, 16mm, max. 6kg, extra siln\u00fd, bal. 4ks, STREND PRO | element-shop.cz -<\/title>\n<meta name=\"robots\" content=\"index, follow, max-snippet:-1, max-image-preview:large, max-video-preview:-1\" \/>\n<link rel=\"canonical\" href=\"https:\/\/www.domkraftpro.com\/index.php\/produkt\/akce-magnet-s-vesakem-16mm-max-6kg-extra-silny-bal-4ks-strend-pro-element-shop-cz-49498\/\" \/>\n<meta property=\"og:locale\" content=\"cs_CZ\" \/>\n<meta property=\"og:type\" content=\"article\" \/>\n<meta property=\"og:title\" content=\"Akce Magnet s v\u011b\u0161\u00e1kem, 16mm, max. 6kg, extra siln\u00fd, bal. 4ks, STREND PRO | element-shop.cz -\" \/>\n<meta property=\"og:description\" content=\"Detailn\u00ed popis produktu Strend Pro extra siln\u00fd magnet s dr\u017e\u00e1kem 16 mm \u2013 balen\u00ed 4 ks, nosnost a\u017e 6 kgExtra siln\u00fd neodymov\u00fd magnet Strend Pro s robustn\u00edm ocelov\u00fdm z\u00e1v\u011bsn\u00fdm h\u00e1\u010dkem a vysokou nosnost\u00ed je ide\u00e1ln\u00ed pro praktick\u00e9 i dom\u00e1c\u00ed vyu\u017eit\u00ed. D\u00edky pr\u016fm\u011bru 16 mm a siln\u00e9mu magnetick\u00e9mu poli (nosnost a\u017e 6 kg) se snadno zav\u011bs\u00ed [&hellip;]\" \/>\n<meta property=\"og:url\" content=\"https:\/\/www.domkraftpro.com\/index.php\/produkt\/akce-magnet-s-vesakem-16mm-max-6kg-extra-silny-bal-4ks-strend-pro-element-shop-cz-49498\/\" \/>\n<meta property=\"og:image\" content=\"https:\/\/www.domkraftpro.com\/wp-content\/uploads\/2026\/SK0008014-CZ20260425-092522-0-1777080324-121540_rewrite-134891-2121008.webp\" \/>\n\t<meta property=\"og:image:width\" content=\"1000\" \/>\n\t<meta property=\"og:image:height\" content=\"750\" \/>\n\t<meta property=\"og:image:type\" content=\"image\/webp\" \/>\n<meta name=\"twitter:card\" content=\"summary_large_image\" \/>\n<meta name=\"twitter:label1\" content=\"Odhadovan\u00e1 doba \u010dten\u00ed\" \/>\n\t<meta name=\"twitter:data1\" content=\"1 minuta\" \/>\n<script type=\"application\/ld+json\" class=\"yoast-schema-graph\">{\"@context\":\"https:\/\/schema.org\",\"@graph\":[{\"@type\":\"WebPage\",\"@id\":\"https:\/\/www.domkraftpro.com\/index.php\/produkt\/akce-magnet-s-vesakem-16mm-max-6kg-extra-silny-bal-4ks-strend-pro-element-shop-cz-49498\/\",\"url\":\"https:\/\/www.domkraftpro.com\/index.php\/produkt\/akce-magnet-s-vesakem-16mm-max-6kg-extra-silny-bal-4ks-strend-pro-element-shop-cz-49498\/\",\"name\":\"Akce Magnet s v\u011b\u0161\u00e1kem, 16mm, max. 6kg, extra siln\u00fd, bal. 4ks, STREND PRO | element-shop.cz -\",\"isPartOf\":{\"@id\":\"https:\/\/www.domkraftpro.com\/#website\"},\"primaryImageOfPage\":{\"@id\":\"https:\/\/www.domkraftpro.com\/index.php\/produkt\/akce-magnet-s-vesakem-16mm-max-6kg-extra-silny-bal-4ks-strend-pro-element-shop-cz-49498\/#primaryimage\"},\"image\":{\"@id\":\"https:\/\/www.domkraftpro.com\/index.php\/produkt\/akce-magnet-s-vesakem-16mm-max-6kg-extra-silny-bal-4ks-strend-pro-element-shop-cz-49498\/#primaryimage\"},\"thumbnailUrl\":\"https:\/\/www.domkraftpro.com\/wp-content\/uploads\/2026\/SK0008014-CZ20260425-092522-0-1777080324-121540_rewrite-134891-2121008.webp\",\"datePublished\":\"2026-04-27T04:42:37+00:00\",\"breadcrumb\":{\"@id\":\"https:\/\/www.domkraftpro.com\/index.php\/produkt\/akce-magnet-s-vesakem-16mm-max-6kg-extra-silny-bal-4ks-strend-pro-element-shop-cz-49498\/#breadcrumb\"},\"inLanguage\":\"cs\",\"potentialAction\":[{\"@type\":\"ReadAction\",\"target\":[\"https:\/\/www.domkraftpro.com\/index.php\/produkt\/akce-magnet-s-vesakem-16mm-max-6kg-extra-silny-bal-4ks-strend-pro-element-shop-cz-49498\/\"]}]},{\"@type\":\"ImageObject\",\"inLanguage\":\"cs\",\"@id\":\"https:\/\/www.domkraftpro.com\/index.php\/produkt\/akce-magnet-s-vesakem-16mm-max-6kg-extra-silny-bal-4ks-strend-pro-element-shop-cz-49498\/#primaryimage\",\"url\":\"https:\/\/www.domkraftpro.com\/wp-content\/uploads\/2026\/SK0008014-CZ20260425-092522-0-1777080324-121540_rewrite-134891-2121008.webp\",\"contentUrl\":\"https:\/\/www.domkraftpro.com\/wp-content\/uploads\/2026\/SK0008014-CZ20260425-092522-0-1777080324-121540_rewrite-134891-2121008.webp\",\"width\":1000,\"height\":750},{\"@type\":\"BreadcrumbList\",\"@id\":\"https:\/\/www.domkraftpro.com\/index.php\/produkt\/akce-magnet-s-vesakem-16mm-max-6kg-extra-silny-bal-4ks-strend-pro-element-shop-cz-49498\/#breadcrumb\",\"itemListElement\":[{\"@type\":\"ListItem\",\"position\":1,\"name\":\"Home\",\"item\":\"https:\/\/www.domkraftpro.com\/\"},{\"@type\":\"ListItem\",\"position\":2,\"name\":\"Products\",\"item\":\"https:\/\/www.domkraftpro.com\/index.php\/products\/\"},{\"@type\":\"ListItem\",\"position\":3,\"name\":\"Akce Magnet s v\u011b\u0161\u00e1kem, 16mm, max. 6kg, extra siln\u00fd, bal. 4ks, STREND PRO | element-shop.cz\"}]},{\"@type\":\"WebSite\",\"@id\":\"https:\/\/www.domkraftpro.com\/#website\",\"url\":\"https:\/\/www.domkraftpro.com\/\",\"name\":\"\",\"description\":\"\",\"potentialAction\":[{\"@type\":\"SearchAction\",\"target\":{\"@type\":\"EntryPoint\",\"urlTemplate\":\"https:\/\/www.domkraftpro.com\/?s={search_term_string}\"},\"query-input\":{\"@type\":\"PropertyValueSpecification\",\"valueRequired\":true,\"valueName\":\"search_term_string\"}}],\"inLanguage\":\"cs\"}]}<\/script>\n<!-- \/ Yoast SEO plugin. -->","yoast_head_json":{"title":"Akce Magnet s v\u011b\u0161\u00e1kem, 16mm, max. 6kg, extra siln\u00fd, bal. 4ks, STREND PRO | element-shop.cz -","robots":{"index":"index","follow":"follow","max-snippet":"max-snippet:-1","max-image-preview":"max-image-preview:large","max-video-preview":"max-video-preview:-1"},"canonical":"https:\/\/www.domkraftpro.com\/index.php\/produkt\/akce-magnet-s-vesakem-16mm-max-6kg-extra-silny-bal-4ks-strend-pro-element-shop-cz-49498\/","og_locale":"cs_CZ","og_type":"article","og_title":"Akce Magnet s v\u011b\u0161\u00e1kem, 16mm, max. 6kg, extra siln\u00fd, bal. 4ks, STREND PRO | element-shop.cz -","og_description":"Detailn\u00ed popis produktu Strend Pro extra siln\u00fd magnet s dr\u017e\u00e1kem 16 mm \u2013 balen\u00ed 4 ks, nosnost a\u017e 6 kgExtra siln\u00fd neodymov\u00fd magnet Strend Pro s robustn\u00edm ocelov\u00fdm z\u00e1v\u011bsn\u00fdm h\u00e1\u010dkem a vysokou nosnost\u00ed je ide\u00e1ln\u00ed pro praktick\u00e9 i dom\u00e1c\u00ed vyu\u017eit\u00ed. D\u00edky pr\u016fm\u011bru 16 mm a siln\u00e9mu magnetick\u00e9mu poli (nosnost a\u017e 6 kg) se snadno zav\u011bs\u00ed [&hellip;]","og_url":"https:\/\/www.domkraftpro.com\/index.php\/produkt\/akce-magnet-s-vesakem-16mm-max-6kg-extra-silny-bal-4ks-strend-pro-element-shop-cz-49498\/","og_image":[{"width":1000,"height":750,"url":"https:\/\/www.domkraftpro.com\/wp-content\/uploads\/2026\/SK0008014-CZ20260425-092522-0-1777080324-121540_rewrite-134891-2121008.webp","type":"image\/webp"}],"twitter_card":"summary_large_image","twitter_misc":{"Odhadovan\u00e1 doba \u010dten\u00ed":"1 minuta"},"schema":{"@context":"https:\/\/schema.org","@graph":[{"@type":"WebPage","@id":"https:\/\/www.domkraftpro.com\/index.php\/produkt\/akce-magnet-s-vesakem-16mm-max-6kg-extra-silny-bal-4ks-strend-pro-element-shop-cz-49498\/","url":"https:\/\/www.domkraftpro.com\/index.php\/produkt\/akce-magnet-s-vesakem-16mm-max-6kg-extra-silny-bal-4ks-strend-pro-element-shop-cz-49498\/","name":"Akce Magnet s v\u011b\u0161\u00e1kem, 16mm, max. 6kg, extra siln\u00fd, bal. 4ks, STREND PRO | element-shop.cz -","isPartOf":{"@id":"https:\/\/www.domkraftpro.com\/#website"},"primaryImageOfPage":{"@id":"https:\/\/www.domkraftpro.com\/index.php\/produkt\/akce-magnet-s-vesakem-16mm-max-6kg-extra-silny-bal-4ks-strend-pro-element-shop-cz-49498\/#primaryimage"},"image":{"@id":"https:\/\/www.domkraftpro.com\/index.php\/produkt\/akce-magnet-s-vesakem-16mm-max-6kg-extra-silny-bal-4ks-strend-pro-element-shop-cz-49498\/#primaryimage"},"thumbnailUrl":"https:\/\/www.domkraftpro.com\/wp-content\/uploads\/2026\/SK0008014-CZ20260425-092522-0-1777080324-121540_rewrite-134891-2121008.webp","datePublished":"2026-04-27T04:42:37+00:00","breadcrumb":{"@id":"https:\/\/www.domkraftpro.com\/index.php\/produkt\/akce-magnet-s-vesakem-16mm-max-6kg-extra-silny-bal-4ks-strend-pro-element-shop-cz-49498\/#breadcrumb"},"inLanguage":"cs","potentialAction":[{"@type":"ReadAction","target":["https:\/\/www.domkraftpro.com\/index.php\/produkt\/akce-magnet-s-vesakem-16mm-max-6kg-extra-silny-bal-4ks-strend-pro-element-shop-cz-49498\/"]}]},{"@type":"ImageObject","inLanguage":"cs","@id":"https:\/\/www.domkraftpro.com\/index.php\/produkt\/akce-magnet-s-vesakem-16mm-max-6kg-extra-silny-bal-4ks-strend-pro-element-shop-cz-49498\/#primaryimage","url":"https:\/\/www.domkraftpro.com\/wp-content\/uploads\/2026\/SK0008014-CZ20260425-092522-0-1777080324-121540_rewrite-134891-2121008.webp","contentUrl":"https:\/\/www.domkraftpro.com\/wp-content\/uploads\/2026\/SK0008014-CZ20260425-092522-0-1777080324-121540_rewrite-134891-2121008.webp","width":1000,"height":750},{"@type":"BreadcrumbList","@id":"https:\/\/www.domkraftpro.com\/index.php\/produkt\/akce-magnet-s-vesakem-16mm-max-6kg-extra-silny-bal-4ks-strend-pro-element-shop-cz-49498\/#breadcrumb","itemListElement":[{"@type":"ListItem","position":1,"name":"Home","item":"https:\/\/www.domkraftpro.com\/"},{"@type":"ListItem","position":2,"name":"Products","item":"https:\/\/www.domkraftpro.com\/index.php\/products\/"},{"@type":"ListItem","position":3,"name":"Akce Magnet s v\u011b\u0161\u00e1kem, 16mm, max. 6kg, extra siln\u00fd, bal. 4ks, STREND PRO | element-shop.cz"}]},{"@type":"WebSite","@id":"https:\/\/www.domkraftpro.com\/#website","url":"https:\/\/www.domkraftpro.com\/","name":"","description":"","potentialAction":[{"@type":"SearchAction","target":{"@type":"EntryPoint","urlTemplate":"https:\/\/www.domkraftpro.com\/?s={search_term_string}"},"query-input":{"@type":"PropertyValueSpecification","valueRequired":true,"valueName":"search_term_string"}}],"inLanguage":"cs"}]}},"_links":{"self":[{"href":"https:\/\/www.domkraftpro.com\/index.php\/wp-json\/wp\/v2\/product\/49498","targetHints":{"allow":["GET"]}}],"collection":[{"href":"https:\/\/www.domkraftpro.com\/index.php\/wp-json\/wp\/v2\/product"}],"about":[{"href":"https:\/\/www.domkraftpro.com\/index.php\/wp-json\/wp\/v2\/types\/product"}],"replies":[{"embeddable":true,"href":"https:\/\/www.domkraftpro.com\/index.php\/wp-json\/wp\/v2\/comments?post=49498"}],"wp:featuredmedia":[{"embeddable":true,"href":"https:\/\/www.domkraftpro.com\/index.php\/wp-json\/wp\/v2\/media\/49598"}],"wp:attachment":[{"href":"https:\/\/www.domkraftpro.com\/index.php\/wp-json\/wp\/v2\/media?parent=49498"}],"wp:term":[{"taxonomy":"product_brand","embeddable":true,"href":"https:\/\/www.domkraftpro.com\/index.php\/wp-json\/wp\/v2\/product_brand?post=49498"},{"taxonomy":"product_cat","embeddable":true,"href":"https:\/\/www.domkraftpro.com\/index.php\/wp-json\/wp\/v2\/product_cat?post=49498"},{"taxonomy":"product_tag","embeddable":true,"href":"https:\/\/www.domkraftpro.com\/index.php\/wp-json\/wp\/v2\/product_tag?post=49498"}],"curies":[{"name":"wp","href":"https:\/\/api.w.org\/{rel}","templated":true}]}}