{"id":49381,"date":"2026-04-27T04:42:36","date_gmt":"2026-04-27T04:42:36","guid":{"rendered":""},"modified":"2026-04-27T04:42:36","modified_gmt":"2026-04-27T04:42:36","slug":"akce-tona-expert-e030604-sada-pro-opravu-1-4-racny-s-prepinacim-koleckem-49381","status":"publish","type":"product","link":"https:\/\/www.domkraftpro.com\/produkt\/akce-tona-expert-e030604-sada-pro-opravu-1-4-racny-s-prepinacim-koleckem-49381\/","title":{"rendered":"Akce TONA EXPERT E030604 Sada pro opravu 1\/4&#8243; r\u00e1\u010dny s p\u0159ep\u00ednac\u00edm kole\u010dkem"},"content":{"rendered":"<table>\n<div class=\"tab-pane active product-description\" id=\"popis\" role=\"tabpanel\">\n<div class=\"short-description\" itemprop=\"description\"><\/div>\n<div class=\"description\"><span class='bullet-line'>Ovl\u00e1dac\u00ed \u010dty\u0159hran, z\u00e1padka, pru\u017einka srdcov\u00e9ho tvaru<\/span><\/div>\n<\/table>\n","protected":false},"excerpt":{"rendered":"<p>Ovl\u00e1dac\u00ed \u010dty\u0159hran, z\u00e1padka, pru\u017einka srdcov\u00e9ho tvaru<\/p>\n","protected":false},"featured_media":49481,"comment_status":"open","ping_status":"open","template":"","meta":[],"product_brand":[],"product_cat":[52],"product_tag":[],"class_list":{"0":"post-49381","1":"product","2":"type-product","3":"status-publish","4":"has-post-thumbnail","6":"product_cat-naradi","8":"first","9":"instock","10":"sale","11":"shipping-taxable","12":"purchasable","13":"product-type-simple"},"yoast_head":"<!-- This site is optimized with the Yoast SEO plugin v26.8 - https:\/\/yoast.com\/product\/yoast-seo-wordpress\/ -->\n<title>Akce TONA EXPERT E030604 Sada pro opravu 1\/4&quot; r\u00e1\u010dny s p\u0159ep\u00ednac\u00edm kole\u010dkem -<\/title>\n<meta name=\"robots\" content=\"index, follow, max-snippet:-1, max-image-preview:large, max-video-preview:-1\" \/>\n<link rel=\"canonical\" href=\"https:\/\/www.domkraftpro.com\/index.php\/produkt\/akce-tona-expert-e030604-sada-pro-opravu-1-4-racny-s-prepinacim-koleckem-49381\/\" \/>\n<meta property=\"og:locale\" content=\"cs_CZ\" \/>\n<meta property=\"og:type\" content=\"article\" \/>\n<meta property=\"og:title\" content=\"Akce TONA EXPERT E030604 Sada pro opravu 1\/4&quot; r\u00e1\u010dny s p\u0159ep\u00ednac\u00edm kole\u010dkem -\" \/>\n<meta property=\"og:description\" content=\"Ovl\u00e1dac\u00ed \u010dty\u0159hran, z\u00e1padka, pru\u017einka srdcov\u00e9ho tvaru\" \/>\n<meta property=\"og:url\" content=\"https:\/\/www.domkraftpro.com\/index.php\/produkt\/akce-tona-expert-e030604-sada-pro-opravu-1-4-racny-s-prepinacim-koleckem-49381\/\" \/>\n<meta property=\"og:image\" content=\"https:\/\/www.domkraftpro.com\/wp-content\/uploads\/2026\/SK0009518-CZ20260425-092328-0-1777080210-e030604.webp\" \/>\n\t<meta property=\"og:image:width\" content=\"250\" \/>\n\t<meta property=\"og:image:height\" content=\"250\" \/>\n\t<meta property=\"og:image:type\" content=\"image\/webp\" \/>\n<meta name=\"twitter:card\" content=\"summary_large_image\" \/>\n<script type=\"application\/ld+json\" class=\"yoast-schema-graph\">{\"@context\":\"https:\/\/schema.org\",\"@graph\":[{\"@type\":\"WebPage\",\"@id\":\"https:\/\/www.domkraftpro.com\/index.php\/produkt\/akce-tona-expert-e030604-sada-pro-opravu-1-4-racny-s-prepinacim-koleckem-49381\/\",\"url\":\"https:\/\/www.domkraftpro.com\/index.php\/produkt\/akce-tona-expert-e030604-sada-pro-opravu-1-4-racny-s-prepinacim-koleckem-49381\/\",\"name\":\"Akce TONA EXPERT E030604 Sada pro opravu 1\/4\\\" r\u00e1\u010dny s p\u0159ep\u00ednac\u00edm kole\u010dkem -\",\"isPartOf\":{\"@id\":\"https:\/\/www.domkraftpro.com\/#website\"},\"primaryImageOfPage\":{\"@id\":\"https:\/\/www.domkraftpro.com\/index.php\/produkt\/akce-tona-expert-e030604-sada-pro-opravu-1-4-racny-s-prepinacim-koleckem-49381\/#primaryimage\"},\"image\":{\"@id\":\"https:\/\/www.domkraftpro.com\/index.php\/produkt\/akce-tona-expert-e030604-sada-pro-opravu-1-4-racny-s-prepinacim-koleckem-49381\/#primaryimage\"},\"thumbnailUrl\":\"https:\/\/www.domkraftpro.com\/wp-content\/uploads\/2026\/SK0009518-CZ20260425-092328-0-1777080210-e030604.webp\",\"datePublished\":\"2026-04-27T04:42:36+00:00\",\"breadcrumb\":{\"@id\":\"https:\/\/www.domkraftpro.com\/index.php\/produkt\/akce-tona-expert-e030604-sada-pro-opravu-1-4-racny-s-prepinacim-koleckem-49381\/#breadcrumb\"},\"inLanguage\":\"cs\",\"potentialAction\":[{\"@type\":\"ReadAction\",\"target\":[\"https:\/\/www.domkraftpro.com\/index.php\/produkt\/akce-tona-expert-e030604-sada-pro-opravu-1-4-racny-s-prepinacim-koleckem-49381\/\"]}]},{\"@type\":\"ImageObject\",\"inLanguage\":\"cs\",\"@id\":\"https:\/\/www.domkraftpro.com\/index.php\/produkt\/akce-tona-expert-e030604-sada-pro-opravu-1-4-racny-s-prepinacim-koleckem-49381\/#primaryimage\",\"url\":\"https:\/\/www.domkraftpro.com\/wp-content\/uploads\/2026\/SK0009518-CZ20260425-092328-0-1777080210-e030604.webp\",\"contentUrl\":\"https:\/\/www.domkraftpro.com\/wp-content\/uploads\/2026\/SK0009518-CZ20260425-092328-0-1777080210-e030604.webp\",\"width\":250,\"height\":250},{\"@type\":\"BreadcrumbList\",\"@id\":\"https:\/\/www.domkraftpro.com\/index.php\/produkt\/akce-tona-expert-e030604-sada-pro-opravu-1-4-racny-s-prepinacim-koleckem-49381\/#breadcrumb\",\"itemListElement\":[{\"@type\":\"ListItem\",\"position\":1,\"name\":\"Home\",\"item\":\"https:\/\/www.domkraftpro.com\/\"},{\"@type\":\"ListItem\",\"position\":2,\"name\":\"Products\",\"item\":\"https:\/\/www.domkraftpro.com\/products\/\"},{\"@type\":\"ListItem\",\"position\":3,\"name\":\"Akce TONA EXPERT E030604 Sada pro opravu 1\/4&#8243; r\u00e1\u010dny s p\u0159ep\u00ednac\u00edm kole\u010dkem\"}]},{\"@type\":\"WebSite\",\"@id\":\"https:\/\/www.domkraftpro.com\/#website\",\"url\":\"https:\/\/www.domkraftpro.com\/\",\"name\":\"\",\"description\":\"\",\"potentialAction\":[{\"@type\":\"SearchAction\",\"target\":{\"@type\":\"EntryPoint\",\"urlTemplate\":\"https:\/\/www.domkraftpro.com\/?s={search_term_string}\"},\"query-input\":{\"@type\":\"PropertyValueSpecification\",\"valueRequired\":true,\"valueName\":\"search_term_string\"}}],\"inLanguage\":\"cs\"}]}<\/script>\n<!-- \/ Yoast SEO plugin. -->","yoast_head_json":{"title":"Akce TONA EXPERT E030604 Sada pro opravu 1\/4\" r\u00e1\u010dny s p\u0159ep\u00ednac\u00edm kole\u010dkem -","robots":{"index":"index","follow":"follow","max-snippet":"max-snippet:-1","max-image-preview":"max-image-preview:large","max-video-preview":"max-video-preview:-1"},"canonical":"https:\/\/www.domkraftpro.com\/index.php\/produkt\/akce-tona-expert-e030604-sada-pro-opravu-1-4-racny-s-prepinacim-koleckem-49381\/","og_locale":"cs_CZ","og_type":"article","og_title":"Akce TONA EXPERT E030604 Sada pro opravu 1\/4\" r\u00e1\u010dny s p\u0159ep\u00ednac\u00edm kole\u010dkem -","og_description":"Ovl\u00e1dac\u00ed \u010dty\u0159hran, z\u00e1padka, pru\u017einka srdcov\u00e9ho tvaru","og_url":"https:\/\/www.domkraftpro.com\/index.php\/produkt\/akce-tona-expert-e030604-sada-pro-opravu-1-4-racny-s-prepinacim-koleckem-49381\/","og_image":[{"width":250,"height":250,"url":"https:\/\/www.domkraftpro.com\/wp-content\/uploads\/2026\/SK0009518-CZ20260425-092328-0-1777080210-e030604.webp","type":"image\/webp"}],"twitter_card":"summary_large_image","schema":{"@context":"https:\/\/schema.org","@graph":[{"@type":"WebPage","@id":"https:\/\/www.domkraftpro.com\/index.php\/produkt\/akce-tona-expert-e030604-sada-pro-opravu-1-4-racny-s-prepinacim-koleckem-49381\/","url":"https:\/\/www.domkraftpro.com\/index.php\/produkt\/akce-tona-expert-e030604-sada-pro-opravu-1-4-racny-s-prepinacim-koleckem-49381\/","name":"Akce TONA EXPERT E030604 Sada pro opravu 1\/4\" r\u00e1\u010dny s p\u0159ep\u00ednac\u00edm kole\u010dkem -","isPartOf":{"@id":"https:\/\/www.domkraftpro.com\/#website"},"primaryImageOfPage":{"@id":"https:\/\/www.domkraftpro.com\/index.php\/produkt\/akce-tona-expert-e030604-sada-pro-opravu-1-4-racny-s-prepinacim-koleckem-49381\/#primaryimage"},"image":{"@id":"https:\/\/www.domkraftpro.com\/index.php\/produkt\/akce-tona-expert-e030604-sada-pro-opravu-1-4-racny-s-prepinacim-koleckem-49381\/#primaryimage"},"thumbnailUrl":"https:\/\/www.domkraftpro.com\/wp-content\/uploads\/2026\/SK0009518-CZ20260425-092328-0-1777080210-e030604.webp","datePublished":"2026-04-27T04:42:36+00:00","breadcrumb":{"@id":"https:\/\/www.domkraftpro.com\/index.php\/produkt\/akce-tona-expert-e030604-sada-pro-opravu-1-4-racny-s-prepinacim-koleckem-49381\/#breadcrumb"},"inLanguage":"cs","potentialAction":[{"@type":"ReadAction","target":["https:\/\/www.domkraftpro.com\/index.php\/produkt\/akce-tona-expert-e030604-sada-pro-opravu-1-4-racny-s-prepinacim-koleckem-49381\/"]}]},{"@type":"ImageObject","inLanguage":"cs","@id":"https:\/\/www.domkraftpro.com\/index.php\/produkt\/akce-tona-expert-e030604-sada-pro-opravu-1-4-racny-s-prepinacim-koleckem-49381\/#primaryimage","url":"https:\/\/www.domkraftpro.com\/wp-content\/uploads\/2026\/SK0009518-CZ20260425-092328-0-1777080210-e030604.webp","contentUrl":"https:\/\/www.domkraftpro.com\/wp-content\/uploads\/2026\/SK0009518-CZ20260425-092328-0-1777080210-e030604.webp","width":250,"height":250},{"@type":"BreadcrumbList","@id":"https:\/\/www.domkraftpro.com\/index.php\/produkt\/akce-tona-expert-e030604-sada-pro-opravu-1-4-racny-s-prepinacim-koleckem-49381\/#breadcrumb","itemListElement":[{"@type":"ListItem","position":1,"name":"Home","item":"https:\/\/www.domkraftpro.com\/"},{"@type":"ListItem","position":2,"name":"Products","item":"https:\/\/www.domkraftpro.com\/products\/"},{"@type":"ListItem","position":3,"name":"Akce TONA EXPERT E030604 Sada pro opravu 1\/4&#8243; r\u00e1\u010dny s p\u0159ep\u00ednac\u00edm kole\u010dkem"}]},{"@type":"WebSite","@id":"https:\/\/www.domkraftpro.com\/#website","url":"https:\/\/www.domkraftpro.com\/","name":"","description":"","potentialAction":[{"@type":"SearchAction","target":{"@type":"EntryPoint","urlTemplate":"https:\/\/www.domkraftpro.com\/?s={search_term_string}"},"query-input":{"@type":"PropertyValueSpecification","valueRequired":true,"valueName":"search_term_string"}}],"inLanguage":"cs"}]}},"_links":{"self":[{"href":"https:\/\/www.domkraftpro.com\/wp-json\/wp\/v2\/product\/49381","targetHints":{"allow":["GET"]}}],"collection":[{"href":"https:\/\/www.domkraftpro.com\/wp-json\/wp\/v2\/product"}],"about":[{"href":"https:\/\/www.domkraftpro.com\/wp-json\/wp\/v2\/types\/product"}],"replies":[{"embeddable":true,"href":"https:\/\/www.domkraftpro.com\/wp-json\/wp\/v2\/comments?post=49381"}],"wp:featuredmedia":[{"embeddable":true,"href":"https:\/\/www.domkraftpro.com\/wp-json\/wp\/v2\/media\/49481"}],"wp:attachment":[{"href":"https:\/\/www.domkraftpro.com\/wp-json\/wp\/v2\/media?parent=49381"}],"wp:term":[{"taxonomy":"product_brand","embeddable":true,"href":"https:\/\/www.domkraftpro.com\/wp-json\/wp\/v2\/product_brand?post=49381"},{"taxonomy":"product_cat","embeddable":true,"href":"https:\/\/www.domkraftpro.com\/wp-json\/wp\/v2\/product_cat?post=49381"},{"taxonomy":"product_tag","embeddable":true,"href":"https:\/\/www.domkraftpro.com\/wp-json\/wp\/v2\/product_tag?post=49381"}],"curies":[{"name":"wp","href":"https:\/\/api.w.org\/{rel}","templated":true}]}}