{"id":48754,"date":"2026-04-27T04:42:34","date_gmt":"2026-04-27T04:42:34","guid":{"rendered":""},"modified":"2026-04-27T04:42:34","modified_gmt":"2026-04-27T04:42:34","slug":"akce-tona-expert-e187470-nastavitelny-klic-250-mm-48754","status":"publish","type":"product","link":"https:\/\/www.domkraftpro.com\/produkt\/akce-tona-expert-e187470-nastavitelny-klic-250-mm-48754\/","title":{"rendered":"Akce TONA EXPERT E187470 Nastaviteln\u00fd kl\u00ed\u010d 250 mm"},"content":{"rendered":"<table>\n<div class=\"tab-pane active product-description\" id=\"popis\" role=\"tabpanel\">\n<div class=\"short-description\" itemprop=\"description\"><\/div>\n<div class=\"description\"><span class='bullet-line'>ISO 6787 &#8211; DIN 3117<br \/><\/span><span class='bullet-line'>Hlava kl\u00ed\u010de vyklon\u011bn\u00e1 o 15\u00b0 od osy t\u011bla kl\u00ed\u010de (pracovn\u00ed \u00fahel 30\u00b0)<br \/><\/span><span class='bullet-line'>Vykovan\u00e9 z chrom-vanadov\u00e9 oceli<br \/><\/span><span class='bullet-line'>Chromovan\u00fd povrch s le\u0161t\u011bn\u00fdmi \u010delistmi<br \/><\/span><span class='bullet-line'>Pravoto\u010div\u00fd sm\u011br rotace nastavovac\u00edho \u0161neku<br \/><\/span><span class='bullet-line'>Z\u00e1v\u011bsn\u00e9 o\u010dko v rukojeti usnad\u0148uj\u00edc\u00ed ulo\u017een\u00ed kl\u00ed\u010de<br \/><\/span><span class='bullet-line'>\u0160t\u00edhl\u00e9 \u010delisti \u00fast\u00ed usnad\u0148uj\u00ed pr\u00e1ci v prostorech s omezen\u00fdm p\u0159\u00edstupem<br \/><\/span><span class='bullet-line'>Zaoblen\u00e1 ergonomicky tvarovan\u00e1 rukoje\u0165<br \/><\/span><span class='bullet-line'>Tepeln\u011b zu\u0161lecht\u011bn\u00e9 \u010delisti pro vy\u0161\u0161\u00ed odolnost a pevnost<\/span><\/div>\n<\/table>\n","protected":false},"excerpt":{"rendered":"<p>ISO 6787 &#8211; DIN 3117Hlava kl\u00ed\u010de vyklon\u011bn\u00e1 o 15\u00b0 od osy t\u011bla kl\u00ed\u010de (pracovn\u00ed \u00fahel 30\u00b0)Vykovan\u00e9 z chrom-vanadov\u00e9 oceliChromovan\u00fd povrch s le\u0161t\u011bn\u00fdmi \u010delistmiPravoto\u010div\u00fd sm\u011br rotace nastavovac\u00edho \u0161nekuZ\u00e1v\u011bsn\u00e9 o\u010dko v rukojeti usnad\u0148uj\u00edc\u00ed ulo\u017een\u00ed kl\u00ed\u010de\u0160t\u00edhl\u00e9 \u010delisti \u00fast\u00ed usnad\u0148uj\u00ed pr\u00e1ci v prostorech s omezen\u00fdm p\u0159\u00edstupemZaoblen\u00e1 ergonomicky tvarovan\u00e1 rukoje\u0165Tepeln\u011b zu\u0161lecht\u011bn\u00e9 \u010delisti pro vy\u0161\u0161\u00ed odolnost a pevnost<\/p>\n","protected":false},"featured_media":48854,"comment_status":"open","ping_status":"open","template":"","meta":[],"product_brand":[],"product_cat":[52],"product_tag":[],"class_list":{"0":"post-48754","1":"product","2":"type-product","3":"status-publish","4":"has-post-thumbnail","6":"product_cat-naradi","8":"first","9":"instock","10":"sale","11":"shipping-taxable","12":"purchasable","13":"product-type-simple"},"yoast_head":"<!-- This site is optimized with the Yoast SEO plugin v26.8 - https:\/\/yoast.com\/product\/yoast-seo-wordpress\/ -->\n<title>Akce TONA EXPERT E187470 Nastaviteln\u00fd kl\u00ed\u010d 250 mm -<\/title>\n<meta name=\"robots\" content=\"index, follow, max-snippet:-1, max-image-preview:large, max-video-preview:-1\" \/>\n<link rel=\"canonical\" href=\"https:\/\/www.domkraftpro.com\/index.php\/produkt\/akce-tona-expert-e187470-nastavitelny-klic-250-mm-48754\/\" \/>\n<meta property=\"og:locale\" content=\"cs_CZ\" \/>\n<meta property=\"og:type\" content=\"article\" \/>\n<meta property=\"og:title\" content=\"Akce TONA EXPERT E187470 Nastaviteln\u00fd kl\u00ed\u010d 250 mm -\" \/>\n<meta property=\"og:description\" content=\"ISO 6787 &#8211; DIN 3117Hlava kl\u00ed\u010de vyklon\u011bn\u00e1 o 15\u00b0 od osy t\u011bla kl\u00ed\u010de (pracovn\u00ed \u00fahel 30\u00b0)Vykovan\u00e9 z chrom-vanadov\u00e9 oceliChromovan\u00fd povrch s le\u0161t\u011bn\u00fdmi \u010delistmiPravoto\u010div\u00fd sm\u011br rotace nastavovac\u00edho \u0161nekuZ\u00e1v\u011bsn\u00e9 o\u010dko v rukojeti usnad\u0148uj\u00edc\u00ed ulo\u017een\u00ed kl\u00ed\u010de\u0160t\u00edhl\u00e9 \u010delisti \u00fast\u00ed usnad\u0148uj\u00ed pr\u00e1ci v prostorech s omezen\u00fdm p\u0159\u00edstupemZaoblen\u00e1 ergonomicky tvarovan\u00e1 rukoje\u0165Tepeln\u011b zu\u0161lecht\u011bn\u00e9 \u010delisti pro vy\u0161\u0161\u00ed odolnost a pevnost\" \/>\n<meta property=\"og:url\" content=\"https:\/\/www.domkraftpro.com\/index.php\/produkt\/akce-tona-expert-e187470-nastavitelny-klic-250-mm-48754\/\" \/>\n<meta property=\"og:image\" content=\"https:\/\/www.domkraftpro.com\/wp-content\/uploads\/2026\/SK0009191-CZ20260425-092328-0-1777080210-e187470_ph01_11.webp\" \/>\n\t<meta property=\"og:image:width\" content=\"700\" \/>\n\t<meta property=\"og:image:height\" content=\"293\" \/>\n\t<meta property=\"og:image:type\" content=\"image\/webp\" \/>\n<meta name=\"twitter:card\" content=\"summary_large_image\" \/>\n<script type=\"application\/ld+json\" class=\"yoast-schema-graph\">{\"@context\":\"https:\/\/schema.org\",\"@graph\":[{\"@type\":\"WebPage\",\"@id\":\"https:\/\/www.domkraftpro.com\/index.php\/produkt\/akce-tona-expert-e187470-nastavitelny-klic-250-mm-48754\/\",\"url\":\"https:\/\/www.domkraftpro.com\/index.php\/produkt\/akce-tona-expert-e187470-nastavitelny-klic-250-mm-48754\/\",\"name\":\"Akce TONA EXPERT E187470 Nastaviteln\u00fd kl\u00ed\u010d 250 mm -\",\"isPartOf\":{\"@id\":\"https:\/\/www.domkraftpro.com\/#website\"},\"primaryImageOfPage\":{\"@id\":\"https:\/\/www.domkraftpro.com\/index.php\/produkt\/akce-tona-expert-e187470-nastavitelny-klic-250-mm-48754\/#primaryimage\"},\"image\":{\"@id\":\"https:\/\/www.domkraftpro.com\/index.php\/produkt\/akce-tona-expert-e187470-nastavitelny-klic-250-mm-48754\/#primaryimage\"},\"thumbnailUrl\":\"https:\/\/www.domkraftpro.com\/wp-content\/uploads\/2026\/SK0009191-CZ20260425-092328-0-1777080210-e187470_ph01_11.webp\",\"datePublished\":\"2026-04-27T04:42:34+00:00\",\"breadcrumb\":{\"@id\":\"https:\/\/www.domkraftpro.com\/index.php\/produkt\/akce-tona-expert-e187470-nastavitelny-klic-250-mm-48754\/#breadcrumb\"},\"inLanguage\":\"cs\",\"potentialAction\":[{\"@type\":\"ReadAction\",\"target\":[\"https:\/\/www.domkraftpro.com\/index.php\/produkt\/akce-tona-expert-e187470-nastavitelny-klic-250-mm-48754\/\"]}]},{\"@type\":\"ImageObject\",\"inLanguage\":\"cs\",\"@id\":\"https:\/\/www.domkraftpro.com\/index.php\/produkt\/akce-tona-expert-e187470-nastavitelny-klic-250-mm-48754\/#primaryimage\",\"url\":\"https:\/\/www.domkraftpro.com\/wp-content\/uploads\/2026\/SK0009191-CZ20260425-092328-0-1777080210-e187470_ph01_11.webp\",\"contentUrl\":\"https:\/\/www.domkraftpro.com\/wp-content\/uploads\/2026\/SK0009191-CZ20260425-092328-0-1777080210-e187470_ph01_11.webp\",\"width\":700,\"height\":293},{\"@type\":\"BreadcrumbList\",\"@id\":\"https:\/\/www.domkraftpro.com\/index.php\/produkt\/akce-tona-expert-e187470-nastavitelny-klic-250-mm-48754\/#breadcrumb\",\"itemListElement\":[{\"@type\":\"ListItem\",\"position\":1,\"name\":\"Home\",\"item\":\"https:\/\/www.domkraftpro.com\/\"},{\"@type\":\"ListItem\",\"position\":2,\"name\":\"Products\",\"item\":\"https:\/\/www.domkraftpro.com\/products\/\"},{\"@type\":\"ListItem\",\"position\":3,\"name\":\"Akce TONA EXPERT E187470 Nastaviteln\u00fd kl\u00ed\u010d 250 mm\"}]},{\"@type\":\"WebSite\",\"@id\":\"https:\/\/www.domkraftpro.com\/#website\",\"url\":\"https:\/\/www.domkraftpro.com\/\",\"name\":\"\",\"description\":\"\",\"potentialAction\":[{\"@type\":\"SearchAction\",\"target\":{\"@type\":\"EntryPoint\",\"urlTemplate\":\"https:\/\/www.domkraftpro.com\/?s={search_term_string}\"},\"query-input\":{\"@type\":\"PropertyValueSpecification\",\"valueRequired\":true,\"valueName\":\"search_term_string\"}}],\"inLanguage\":\"cs\"}]}<\/script>\n<!-- \/ Yoast SEO plugin. -->","yoast_head_json":{"title":"Akce TONA EXPERT E187470 Nastaviteln\u00fd kl\u00ed\u010d 250 mm -","robots":{"index":"index","follow":"follow","max-snippet":"max-snippet:-1","max-image-preview":"max-image-preview:large","max-video-preview":"max-video-preview:-1"},"canonical":"https:\/\/www.domkraftpro.com\/index.php\/produkt\/akce-tona-expert-e187470-nastavitelny-klic-250-mm-48754\/","og_locale":"cs_CZ","og_type":"article","og_title":"Akce TONA EXPERT E187470 Nastaviteln\u00fd kl\u00ed\u010d 250 mm -","og_description":"ISO 6787 &#8211; DIN 3117Hlava kl\u00ed\u010de vyklon\u011bn\u00e1 o 15\u00b0 od osy t\u011bla kl\u00ed\u010de (pracovn\u00ed \u00fahel 30\u00b0)Vykovan\u00e9 z chrom-vanadov\u00e9 oceliChromovan\u00fd povrch s le\u0161t\u011bn\u00fdmi \u010delistmiPravoto\u010div\u00fd sm\u011br rotace nastavovac\u00edho \u0161nekuZ\u00e1v\u011bsn\u00e9 o\u010dko v rukojeti usnad\u0148uj\u00edc\u00ed ulo\u017een\u00ed kl\u00ed\u010de\u0160t\u00edhl\u00e9 \u010delisti \u00fast\u00ed usnad\u0148uj\u00ed pr\u00e1ci v prostorech s omezen\u00fdm p\u0159\u00edstupemZaoblen\u00e1 ergonomicky tvarovan\u00e1 rukoje\u0165Tepeln\u011b zu\u0161lecht\u011bn\u00e9 \u010delisti pro vy\u0161\u0161\u00ed odolnost a pevnost","og_url":"https:\/\/www.domkraftpro.com\/index.php\/produkt\/akce-tona-expert-e187470-nastavitelny-klic-250-mm-48754\/","og_image":[{"width":700,"height":293,"url":"https:\/\/www.domkraftpro.com\/wp-content\/uploads\/2026\/SK0009191-CZ20260425-092328-0-1777080210-e187470_ph01_11.webp","type":"image\/webp"}],"twitter_card":"summary_large_image","schema":{"@context":"https:\/\/schema.org","@graph":[{"@type":"WebPage","@id":"https:\/\/www.domkraftpro.com\/index.php\/produkt\/akce-tona-expert-e187470-nastavitelny-klic-250-mm-48754\/","url":"https:\/\/www.domkraftpro.com\/index.php\/produkt\/akce-tona-expert-e187470-nastavitelny-klic-250-mm-48754\/","name":"Akce TONA EXPERT E187470 Nastaviteln\u00fd kl\u00ed\u010d 250 mm -","isPartOf":{"@id":"https:\/\/www.domkraftpro.com\/#website"},"primaryImageOfPage":{"@id":"https:\/\/www.domkraftpro.com\/index.php\/produkt\/akce-tona-expert-e187470-nastavitelny-klic-250-mm-48754\/#primaryimage"},"image":{"@id":"https:\/\/www.domkraftpro.com\/index.php\/produkt\/akce-tona-expert-e187470-nastavitelny-klic-250-mm-48754\/#primaryimage"},"thumbnailUrl":"https:\/\/www.domkraftpro.com\/wp-content\/uploads\/2026\/SK0009191-CZ20260425-092328-0-1777080210-e187470_ph01_11.webp","datePublished":"2026-04-27T04:42:34+00:00","breadcrumb":{"@id":"https:\/\/www.domkraftpro.com\/index.php\/produkt\/akce-tona-expert-e187470-nastavitelny-klic-250-mm-48754\/#breadcrumb"},"inLanguage":"cs","potentialAction":[{"@type":"ReadAction","target":["https:\/\/www.domkraftpro.com\/index.php\/produkt\/akce-tona-expert-e187470-nastavitelny-klic-250-mm-48754\/"]}]},{"@type":"ImageObject","inLanguage":"cs","@id":"https:\/\/www.domkraftpro.com\/index.php\/produkt\/akce-tona-expert-e187470-nastavitelny-klic-250-mm-48754\/#primaryimage","url":"https:\/\/www.domkraftpro.com\/wp-content\/uploads\/2026\/SK0009191-CZ20260425-092328-0-1777080210-e187470_ph01_11.webp","contentUrl":"https:\/\/www.domkraftpro.com\/wp-content\/uploads\/2026\/SK0009191-CZ20260425-092328-0-1777080210-e187470_ph01_11.webp","width":700,"height":293},{"@type":"BreadcrumbList","@id":"https:\/\/www.domkraftpro.com\/index.php\/produkt\/akce-tona-expert-e187470-nastavitelny-klic-250-mm-48754\/#breadcrumb","itemListElement":[{"@type":"ListItem","position":1,"name":"Home","item":"https:\/\/www.domkraftpro.com\/"},{"@type":"ListItem","position":2,"name":"Products","item":"https:\/\/www.domkraftpro.com\/products\/"},{"@type":"ListItem","position":3,"name":"Akce TONA EXPERT E187470 Nastaviteln\u00fd kl\u00ed\u010d 250 mm"}]},{"@type":"WebSite","@id":"https:\/\/www.domkraftpro.com\/#website","url":"https:\/\/www.domkraftpro.com\/","name":"","description":"","potentialAction":[{"@type":"SearchAction","target":{"@type":"EntryPoint","urlTemplate":"https:\/\/www.domkraftpro.com\/?s={search_term_string}"},"query-input":{"@type":"PropertyValueSpecification","valueRequired":true,"valueName":"search_term_string"}}],"inLanguage":"cs"}]}},"_links":{"self":[{"href":"https:\/\/www.domkraftpro.com\/wp-json\/wp\/v2\/product\/48754","targetHints":{"allow":["GET"]}}],"collection":[{"href":"https:\/\/www.domkraftpro.com\/wp-json\/wp\/v2\/product"}],"about":[{"href":"https:\/\/www.domkraftpro.com\/wp-json\/wp\/v2\/types\/product"}],"replies":[{"embeddable":true,"href":"https:\/\/www.domkraftpro.com\/wp-json\/wp\/v2\/comments?post=48754"}],"wp:featuredmedia":[{"embeddable":true,"href":"https:\/\/www.domkraftpro.com\/wp-json\/wp\/v2\/media\/48854"}],"wp:attachment":[{"href":"https:\/\/www.domkraftpro.com\/wp-json\/wp\/v2\/media?parent=48754"}],"wp:term":[{"taxonomy":"product_brand","embeddable":true,"href":"https:\/\/www.domkraftpro.com\/wp-json\/wp\/v2\/product_brand?post=48754"},{"taxonomy":"product_cat","embeddable":true,"href":"https:\/\/www.domkraftpro.com\/wp-json\/wp\/v2\/product_cat?post=48754"},{"taxonomy":"product_tag","embeddable":true,"href":"https:\/\/www.domkraftpro.com\/wp-json\/wp\/v2\/product_tag?post=48754"}],"curies":[{"name":"wp","href":"https:\/\/api.w.org\/{rel}","templated":true}]}}