{"id":48539,"date":"2026-04-27T04:42:34","date_gmt":"2026-04-27T04:42:34","guid":{"rendered":""},"modified":"2026-04-27T04:42:34","modified_gmt":"2026-04-27T04:42:34","slug":"znackovy-bosch-gbg-60-20-stolni-bruska-dvoukotoucova-48539","status":"publish","type":"product","link":"https:\/\/www.domkraftpro.com\/produkt\/znackovy-bosch-gbg-60-20-stolni-bruska-dvoukotoucova-48539\/","title":{"rendered":"Zna\u010dkov\u00fd Bosch GBG 60-20 Stoln\u00ed bruska dvoukotou\u010dov\u00e1"},"content":{"rendered":"<table>\n<div class=\"tab-pane active product-description\" id=\"popis\" role=\"tabpanel\">\n<div class=\"short-description\" itemprop=\"description\">600 W; \u00d8 kotou\u010de 200\/32 mm; 3.000 ot.; AC; krabice<\/div>\n<div class=\"description\">Hlavn\u00ed my\u0161lenka<span class='bullet-line'>V\u00fdkonn\u00e9 a\u00a0robustn\u00ed n\u00e1\u0159ad\u00ed pro nejn\u00e1ro\u010dn\u011bj\u0161\u00ed aplikace<br \/><\/span><br \/>U\u017eivatelsk\u00e9 v\u00fdhody<span class='bullet-line'>V\u00fdkonn\u00fd induk\u010dn\u00ed motor pro r\u016fzn\u00e9 pracovn\u00ed podm\u00ednky a\u00a0pou\u017eit\u00ed<br \/><\/span><span class='bullet-line'>Kompaktn\u00ed t\u011bleso z\u00a0tlakov\u00e9ho odlitku s\u00a0uzav\u0159en\u00fdmi kuli\u010dkov\u00fdmi lo\u017eisky chr\u00e1n\u00ed motor p\u0159ed prachem<br \/><\/span><span class='bullet-line'>Robustn\u00ed a\u00a0pevn\u00fd z\u00e1klad pro dlouhou \u017eivotnost a\u00a0st\u00e1l\u00e9 pracovn\u00ed podm\u00ednky<br \/><\/span><br \/>Dal\u0161\u00ed v\u00fdhody<span class='bullet-line'>Velk\u00e9 a\u00a0snadno nastaviteln\u00e9 ochrann\u00e9 br\u00fdle proti jiskr\u00e1m pro bezpe\u010dnou a\u00a0p\u0159esnou pr\u00e1ci<br \/><\/span><span class='bullet-line'>Robustn\u00ed nastaviteln\u00e9 podp\u011bry obrobk\u016f pro p\u0159esnou pr\u00e1ci<br \/><\/span><span class='bullet-line'>Pry\u017eov\u00e1 noha zaji\u0161\u0165uj\u00edc\u00ed n\u00edzk\u00e9 vibrace<br \/><\/span><span class='bullet-line'>Sp\u00edna\u010d s\u00a0ochranou proti prachu, kter\u00e1 zaji\u0161\u0165uje dlouhou \u017eivotnost<br \/><\/span><span class='bullet-line'>Jednoduch\u00e1 v\u00fdm\u011bna kotou\u010de nab\u00edz\u00ed efektivn\u00ed a\u00a0snadnou pr\u00e1ci<br \/><\/span><br \/>Rozsah dod\u00e1vky<span class='bullet-line'>Brusn\u00fd kotou\u010d s\u00a0norm\u00e1ln\u00ed zrnitost\u00ed Zrnitost 24<br \/><\/span><span class='bullet-line'>Brusn\u00fd kotou\u010d s\u00a0norm\u00e1ln\u00ed zrnitost\u00ed Zrnitost 60<\/span><\/div>\n<div class=\"parameters\">\n<tr>\n<td>\u00d8 brusn\u00fdch kotou\u010d\u016f<\/td>\n<td>200 mm<\/td>\n<\/tr>\n<tr>\n<td>Volnob\u011b\u017en\u00e9 ot\u00e1\u010dky, a\u017e<\/td>\n<td>3600 min-1<\/td>\n<\/tr>\n<tr>\n<td>Volnob\u011b\u017en\u00e9 ot\u00e1\u010dky<\/td>\n<td>3600 min-1<\/td>\n<\/tr>\n<tr>\n<td>\u0160\u00ed\u0159ky brusn\u00fdch kotou\u010d\u016f<\/td>\n<td>25 mm<\/td>\n<\/tr>\n<tr>\n<td>Otvor brusn\u00fdch kotou\u010d\u016f<\/td>\n<td>32 mm<\/td>\n<\/tr>\n<tr>\n<td>Zrnitost<\/td>\n<td>24<\/td>\n<\/tr>\n<tr>\n<td>Zrnitost<\/td>\n<td>60<\/td>\n<\/tr>\n<tr>\n<td>Jmenovit\u00fd p\u0159\u00edkon<\/td>\n<td>600 W<\/td>\n<\/tr>\n<tr>\n<td>Jmenovit\u00e9 ot\u00e1\u010dky<\/td>\n<td>3600 min-1<\/td>\n<\/tr>\n<tr>\n<td>Hmotnost<\/td>\n<td>15,0 kg<\/td>\n<\/tr>\n<tr>\n<td>D\u00e9lka<\/td>\n<td>370 mm<\/td>\n<\/tr>\n<tr>\n<td>\u0160\u00ed\u0159ka<\/td>\n<td>230 mm<\/td>\n<\/tr>\n<tr>\n<td>V\u00fd\u0161ka<\/td>\n<td>260 mm<\/td>\n<\/tr><\/div>\n<\/table>\n","protected":false},"excerpt":{"rendered":"<p>600 W; \u00d8 kotou\u010de 200\/32 mm; 3.000 ot.; AC; krabice Hlavn\u00ed my\u0161lenkaV\u00fdkonn\u00e9 a\u00a0robustn\u00ed n\u00e1\u0159ad\u00ed pro nejn\u00e1ro\u010dn\u011bj\u0161\u00ed aplikaceU\u017eivatelsk\u00e9 v\u00fdhodyV\u00fdkonn\u00fd induk\u010dn\u00ed motor pro r\u016fzn\u00e9 pracovn\u00ed podm\u00ednky a\u00a0pou\u017eit\u00edKompaktn\u00ed t\u011bleso z\u00a0tlakov\u00e9ho odlitku s\u00a0uzav\u0159en\u00fdmi kuli\u010dkov\u00fdmi lo\u017eisky chr\u00e1n\u00ed motor p\u0159ed prachemRobustn\u00ed a\u00a0pevn\u00fd z\u00e1klad pro dlouhou \u017eivotnost a\u00a0st\u00e1l\u00e9 pracovn\u00ed podm\u00ednkyDal\u0161\u00ed v\u00fdhodyVelk\u00e9 a\u00a0snadno nastaviteln\u00e9 ochrann\u00e9 br\u00fdle proti jiskr\u00e1m pro bezpe\u010dnou a\u00a0p\u0159esnou pr\u00e1ciRobustn\u00ed nastaviteln\u00e9 [&hellip;]<\/p>\n","protected":false},"featured_media":48639,"comment_status":"open","ping_status":"open","template":"","meta":[],"product_brand":[],"product_cat":[52],"product_tag":[],"class_list":{"0":"post-48539","1":"product","2":"type-product","3":"status-publish","4":"has-post-thumbnail","6":"product_cat-naradi","8":"first","9":"instock","10":"sale","11":"shipping-taxable","12":"purchasable","13":"product-type-simple"},"yoast_head":"<!-- This site is optimized with the Yoast SEO plugin v26.8 - https:\/\/yoast.com\/product\/yoast-seo-wordpress\/ -->\n<title>Zna\u010dkov\u00fd Bosch GBG 60-20 Stoln\u00ed bruska dvoukotou\u010dov\u00e1 -<\/title>\n<meta name=\"robots\" content=\"index, follow, max-snippet:-1, max-image-preview:large, max-video-preview:-1\" \/>\n<link rel=\"canonical\" href=\"https:\/\/www.domkraftpro.com\/index.php\/produkt\/znackovy-bosch-gbg-60-20-stolni-bruska-dvoukotoucova-48539\/\" \/>\n<meta property=\"og:locale\" content=\"cs_CZ\" \/>\n<meta property=\"og:type\" content=\"article\" \/>\n<meta property=\"og:title\" content=\"Zna\u010dkov\u00fd Bosch GBG 60-20 Stoln\u00ed bruska dvoukotou\u010dov\u00e1 -\" \/>\n<meta property=\"og:description\" content=\"600 W; \u00d8 kotou\u010de 200\/32 mm; 3.000 ot.; AC; krabice Hlavn\u00ed my\u0161lenkaV\u00fdkonn\u00e9 a\u00a0robustn\u00ed n\u00e1\u0159ad\u00ed pro nejn\u00e1ro\u010dn\u011bj\u0161\u00ed aplikaceU\u017eivatelsk\u00e9 v\u00fdhodyV\u00fdkonn\u00fd induk\u010dn\u00ed motor pro r\u016fzn\u00e9 pracovn\u00ed podm\u00ednky a\u00a0pou\u017eit\u00edKompaktn\u00ed t\u011bleso z\u00a0tlakov\u00e9ho odlitku s\u00a0uzav\u0159en\u00fdmi kuli\u010dkov\u00fdmi lo\u017eisky chr\u00e1n\u00ed motor p\u0159ed prachemRobustn\u00ed a\u00a0pevn\u00fd z\u00e1klad pro dlouhou \u017eivotnost a\u00a0st\u00e1l\u00e9 pracovn\u00ed podm\u00ednkyDal\u0161\u00ed v\u00fdhodyVelk\u00e9 a\u00a0snadno nastaviteln\u00e9 ochrann\u00e9 br\u00fdle proti jiskr\u00e1m pro bezpe\u010dnou a\u00a0p\u0159esnou pr\u00e1ciRobustn\u00ed nastaviteln\u00e9 [&hellip;]\" \/>\n<meta property=\"og:url\" content=\"https:\/\/www.domkraftpro.com\/index.php\/produkt\/znackovy-bosch-gbg-60-20-stolni-bruska-dvoukotoucova-48539\/\" \/>\n<meta property=\"og:image\" content=\"https:\/\/www.domkraftpro.com\/wp-content\/uploads\/2026\/SK0009076-CZ20260425-092328-0-1777080210-img-rd-139513-15.webp\" \/>\n\t<meta property=\"og:image:width\" content=\"700\" \/>\n\t<meta property=\"og:image:height\" content=\"511\" \/>\n\t<meta property=\"og:image:type\" content=\"image\/webp\" \/>\n<meta name=\"twitter:card\" content=\"summary_large_image\" \/>\n<meta name=\"twitter:label1\" content=\"Odhadovan\u00e1 doba \u010dten\u00ed\" \/>\n\t<meta name=\"twitter:data1\" content=\"1 minuta\" \/>\n<script type=\"application\/ld+json\" class=\"yoast-schema-graph\">{\"@context\":\"https:\/\/schema.org\",\"@graph\":[{\"@type\":\"WebPage\",\"@id\":\"https:\/\/www.domkraftpro.com\/index.php\/produkt\/znackovy-bosch-gbg-60-20-stolni-bruska-dvoukotoucova-48539\/\",\"url\":\"https:\/\/www.domkraftpro.com\/index.php\/produkt\/znackovy-bosch-gbg-60-20-stolni-bruska-dvoukotoucova-48539\/\",\"name\":\"Zna\u010dkov\u00fd Bosch GBG 60-20 Stoln\u00ed bruska dvoukotou\u010dov\u00e1 -\",\"isPartOf\":{\"@id\":\"https:\/\/www.domkraftpro.com\/#website\"},\"primaryImageOfPage\":{\"@id\":\"https:\/\/www.domkraftpro.com\/index.php\/produkt\/znackovy-bosch-gbg-60-20-stolni-bruska-dvoukotoucova-48539\/#primaryimage\"},\"image\":{\"@id\":\"https:\/\/www.domkraftpro.com\/index.php\/produkt\/znackovy-bosch-gbg-60-20-stolni-bruska-dvoukotoucova-48539\/#primaryimage\"},\"thumbnailUrl\":\"https:\/\/www.domkraftpro.com\/wp-content\/uploads\/2026\/SK0009076-CZ20260425-092328-0-1777080210-img-rd-139513-15.webp\",\"datePublished\":\"2026-04-27T04:42:34+00:00\",\"breadcrumb\":{\"@id\":\"https:\/\/www.domkraftpro.com\/index.php\/produkt\/znackovy-bosch-gbg-60-20-stolni-bruska-dvoukotoucova-48539\/#breadcrumb\"},\"inLanguage\":\"cs\",\"potentialAction\":[{\"@type\":\"ReadAction\",\"target\":[\"https:\/\/www.domkraftpro.com\/index.php\/produkt\/znackovy-bosch-gbg-60-20-stolni-bruska-dvoukotoucova-48539\/\"]}]},{\"@type\":\"ImageObject\",\"inLanguage\":\"cs\",\"@id\":\"https:\/\/www.domkraftpro.com\/index.php\/produkt\/znackovy-bosch-gbg-60-20-stolni-bruska-dvoukotoucova-48539\/#primaryimage\",\"url\":\"https:\/\/www.domkraftpro.com\/wp-content\/uploads\/2026\/SK0009076-CZ20260425-092328-0-1777080210-img-rd-139513-15.webp\",\"contentUrl\":\"https:\/\/www.domkraftpro.com\/wp-content\/uploads\/2026\/SK0009076-CZ20260425-092328-0-1777080210-img-rd-139513-15.webp\",\"width\":700,\"height\":511},{\"@type\":\"BreadcrumbList\",\"@id\":\"https:\/\/www.domkraftpro.com\/index.php\/produkt\/znackovy-bosch-gbg-60-20-stolni-bruska-dvoukotoucova-48539\/#breadcrumb\",\"itemListElement\":[{\"@type\":\"ListItem\",\"position\":1,\"name\":\"Home\",\"item\":\"https:\/\/www.domkraftpro.com\/\"},{\"@type\":\"ListItem\",\"position\":2,\"name\":\"Products\",\"item\":\"https:\/\/www.domkraftpro.com\/products\/\"},{\"@type\":\"ListItem\",\"position\":3,\"name\":\"Zna\u010dkov\u00fd Bosch GBG 60-20 Stoln\u00ed bruska dvoukotou\u010dov\u00e1\"}]},{\"@type\":\"WebSite\",\"@id\":\"https:\/\/www.domkraftpro.com\/#website\",\"url\":\"https:\/\/www.domkraftpro.com\/\",\"name\":\"\",\"description\":\"\",\"potentialAction\":[{\"@type\":\"SearchAction\",\"target\":{\"@type\":\"EntryPoint\",\"urlTemplate\":\"https:\/\/www.domkraftpro.com\/?s={search_term_string}\"},\"query-input\":{\"@type\":\"PropertyValueSpecification\",\"valueRequired\":true,\"valueName\":\"search_term_string\"}}],\"inLanguage\":\"cs\"}]}<\/script>\n<!-- \/ Yoast SEO plugin. -->","yoast_head_json":{"title":"Zna\u010dkov\u00fd Bosch GBG 60-20 Stoln\u00ed bruska dvoukotou\u010dov\u00e1 -","robots":{"index":"index","follow":"follow","max-snippet":"max-snippet:-1","max-image-preview":"max-image-preview:large","max-video-preview":"max-video-preview:-1"},"canonical":"https:\/\/www.domkraftpro.com\/index.php\/produkt\/znackovy-bosch-gbg-60-20-stolni-bruska-dvoukotoucova-48539\/","og_locale":"cs_CZ","og_type":"article","og_title":"Zna\u010dkov\u00fd Bosch GBG 60-20 Stoln\u00ed bruska dvoukotou\u010dov\u00e1 -","og_description":"600 W; \u00d8 kotou\u010de 200\/32 mm; 3.000 ot.; AC; krabice Hlavn\u00ed my\u0161lenkaV\u00fdkonn\u00e9 a\u00a0robustn\u00ed n\u00e1\u0159ad\u00ed pro nejn\u00e1ro\u010dn\u011bj\u0161\u00ed aplikaceU\u017eivatelsk\u00e9 v\u00fdhodyV\u00fdkonn\u00fd induk\u010dn\u00ed motor pro r\u016fzn\u00e9 pracovn\u00ed podm\u00ednky a\u00a0pou\u017eit\u00edKompaktn\u00ed t\u011bleso z\u00a0tlakov\u00e9ho odlitku s\u00a0uzav\u0159en\u00fdmi kuli\u010dkov\u00fdmi lo\u017eisky chr\u00e1n\u00ed motor p\u0159ed prachemRobustn\u00ed a\u00a0pevn\u00fd z\u00e1klad pro dlouhou \u017eivotnost a\u00a0st\u00e1l\u00e9 pracovn\u00ed podm\u00ednkyDal\u0161\u00ed v\u00fdhodyVelk\u00e9 a\u00a0snadno nastaviteln\u00e9 ochrann\u00e9 br\u00fdle proti jiskr\u00e1m pro bezpe\u010dnou a\u00a0p\u0159esnou pr\u00e1ciRobustn\u00ed nastaviteln\u00e9 [&hellip;]","og_url":"https:\/\/www.domkraftpro.com\/index.php\/produkt\/znackovy-bosch-gbg-60-20-stolni-bruska-dvoukotoucova-48539\/","og_image":[{"width":700,"height":511,"url":"https:\/\/www.domkraftpro.com\/wp-content\/uploads\/2026\/SK0009076-CZ20260425-092328-0-1777080210-img-rd-139513-15.webp","type":"image\/webp"}],"twitter_card":"summary_large_image","twitter_misc":{"Odhadovan\u00e1 doba \u010dten\u00ed":"1 minuta"},"schema":{"@context":"https:\/\/schema.org","@graph":[{"@type":"WebPage","@id":"https:\/\/www.domkraftpro.com\/index.php\/produkt\/znackovy-bosch-gbg-60-20-stolni-bruska-dvoukotoucova-48539\/","url":"https:\/\/www.domkraftpro.com\/index.php\/produkt\/znackovy-bosch-gbg-60-20-stolni-bruska-dvoukotoucova-48539\/","name":"Zna\u010dkov\u00fd Bosch GBG 60-20 Stoln\u00ed bruska dvoukotou\u010dov\u00e1 -","isPartOf":{"@id":"https:\/\/www.domkraftpro.com\/#website"},"primaryImageOfPage":{"@id":"https:\/\/www.domkraftpro.com\/index.php\/produkt\/znackovy-bosch-gbg-60-20-stolni-bruska-dvoukotoucova-48539\/#primaryimage"},"image":{"@id":"https:\/\/www.domkraftpro.com\/index.php\/produkt\/znackovy-bosch-gbg-60-20-stolni-bruska-dvoukotoucova-48539\/#primaryimage"},"thumbnailUrl":"https:\/\/www.domkraftpro.com\/wp-content\/uploads\/2026\/SK0009076-CZ20260425-092328-0-1777080210-img-rd-139513-15.webp","datePublished":"2026-04-27T04:42:34+00:00","breadcrumb":{"@id":"https:\/\/www.domkraftpro.com\/index.php\/produkt\/znackovy-bosch-gbg-60-20-stolni-bruska-dvoukotoucova-48539\/#breadcrumb"},"inLanguage":"cs","potentialAction":[{"@type":"ReadAction","target":["https:\/\/www.domkraftpro.com\/index.php\/produkt\/znackovy-bosch-gbg-60-20-stolni-bruska-dvoukotoucova-48539\/"]}]},{"@type":"ImageObject","inLanguage":"cs","@id":"https:\/\/www.domkraftpro.com\/index.php\/produkt\/znackovy-bosch-gbg-60-20-stolni-bruska-dvoukotoucova-48539\/#primaryimage","url":"https:\/\/www.domkraftpro.com\/wp-content\/uploads\/2026\/SK0009076-CZ20260425-092328-0-1777080210-img-rd-139513-15.webp","contentUrl":"https:\/\/www.domkraftpro.com\/wp-content\/uploads\/2026\/SK0009076-CZ20260425-092328-0-1777080210-img-rd-139513-15.webp","width":700,"height":511},{"@type":"BreadcrumbList","@id":"https:\/\/www.domkraftpro.com\/index.php\/produkt\/znackovy-bosch-gbg-60-20-stolni-bruska-dvoukotoucova-48539\/#breadcrumb","itemListElement":[{"@type":"ListItem","position":1,"name":"Home","item":"https:\/\/www.domkraftpro.com\/"},{"@type":"ListItem","position":2,"name":"Products","item":"https:\/\/www.domkraftpro.com\/products\/"},{"@type":"ListItem","position":3,"name":"Zna\u010dkov\u00fd Bosch GBG 60-20 Stoln\u00ed bruska dvoukotou\u010dov\u00e1"}]},{"@type":"WebSite","@id":"https:\/\/www.domkraftpro.com\/#website","url":"https:\/\/www.domkraftpro.com\/","name":"","description":"","potentialAction":[{"@type":"SearchAction","target":{"@type":"EntryPoint","urlTemplate":"https:\/\/www.domkraftpro.com\/?s={search_term_string}"},"query-input":{"@type":"PropertyValueSpecification","valueRequired":true,"valueName":"search_term_string"}}],"inLanguage":"cs"}]}},"_links":{"self":[{"href":"https:\/\/www.domkraftpro.com\/wp-json\/wp\/v2\/product\/48539","targetHints":{"allow":["GET"]}}],"collection":[{"href":"https:\/\/www.domkraftpro.com\/wp-json\/wp\/v2\/product"}],"about":[{"href":"https:\/\/www.domkraftpro.com\/wp-json\/wp\/v2\/types\/product"}],"replies":[{"embeddable":true,"href":"https:\/\/www.domkraftpro.com\/wp-json\/wp\/v2\/comments?post=48539"}],"wp:featuredmedia":[{"embeddable":true,"href":"https:\/\/www.domkraftpro.com\/wp-json\/wp\/v2\/media\/48639"}],"wp:attachment":[{"href":"https:\/\/www.domkraftpro.com\/wp-json\/wp\/v2\/media?parent=48539"}],"wp:term":[{"taxonomy":"product_brand","embeddable":true,"href":"https:\/\/www.domkraftpro.com\/wp-json\/wp\/v2\/product_brand?post=48539"},{"taxonomy":"product_cat","embeddable":true,"href":"https:\/\/www.domkraftpro.com\/wp-json\/wp\/v2\/product_cat?post=48539"},{"taxonomy":"product_tag","embeddable":true,"href":"https:\/\/www.domkraftpro.com\/wp-json\/wp\/v2\/product_tag?post=48539"}],"curies":[{"name":"wp","href":"https:\/\/api.w.org\/{rel}","templated":true}]}}