{"id":48536,"date":"2026-04-27T04:42:34","date_gmt":"2026-04-27T04:42:34","guid":{"rendered":""},"modified":"2026-04-27T04:42:34","modified_gmt":"2026-04-27T04:42:34","slug":"primo-od-vyrobce-bosch-rotacni-tryska-modra-prislusenstvi-vysokotlake-cistice-48536","status":"publish","type":"product","link":"https:\/\/www.domkraftpro.com\/index.php\/produkt\/primo-od-vyrobce-bosch-rotacni-tryska-modra-prislusenstvi-vysokotlake-cistice-48536\/","title":{"rendered":"P\u0159\u00edmo Od V\u00fdrobce Bosch Rota\u010dn\u00ed tryska Modr\u00e1 P\u0159\u00edslu\u0161enstv\u00ed &#8211; vysokotlak\u00e9 \u010disti\u010de"},"content":{"rendered":"<table>\n<div class=\"tab-pane active product-description\" id=\"popis\" role=\"tabpanel\">\n<div class=\"short-description\" itemprop=\"description\">GHP 5-55; <\/div>\n<div class=\"description\">Hlavn\u00ed my\u0161lenka<span class='bullet-line'>P\u0159\u00eddavn\u00e9 p\u0159\u00edslu\u0161enstv\u00ed<\/span><br \/>U\u017eivatelsk\u00e9 v\u00fdhody<span class='bullet-line'>Zvy\u0161uje \u00fa\u010dinnosti vysokotlak\u00fdch \u010disti\u010d\u016f d\u00edky rotuj\u00edc\u00edmu \u00fazk\u00e9mu vodn\u00edmu paprsku s vysokou rychlost\u00ed<\/span><span class='bullet-line'>Odstra\u0148uje i \u00faporn\u00e9 ne\u010distoty<\/span><\/div>\n<div class=\"parameters\">\n<tr>\n<td>hmotnost (bez p\u0159\u00edslu\u0161enstv\u00ed)<\/td>\n<td>1 kg<\/td>\n<\/tr><\/div>\n<\/table>\n","protected":false},"excerpt":{"rendered":"<p>GHP 5-55; Hlavn\u00ed my\u0161lenkaP\u0159\u00eddavn\u00e9 p\u0159\u00edslu\u0161enstv\u00edU\u017eivatelsk\u00e9 v\u00fdhodyZvy\u0161uje \u00fa\u010dinnosti vysokotlak\u00fdch \u010disti\u010d\u016f d\u00edky rotuj\u00edc\u00edmu \u00fazk\u00e9mu vodn\u00edmu paprsku s vysokou rychlost\u00edOdstra\u0148uje i \u00faporn\u00e9 ne\u010distoty hmotnost (bez p\u0159\u00edslu\u0161enstv\u00ed) 1 kg<\/p>\n","protected":false},"featured_media":48636,"comment_status":"open","ping_status":"open","template":"","meta":[],"product_brand":[],"product_cat":[118],"product_tag":[],"class_list":{"0":"post-48536","1":"product","2":"type-product","3":"status-publish","4":"has-post-thumbnail","6":"product_cat-cistici-technika","8":"first","9":"instock","10":"sale","11":"shipping-taxable","12":"purchasable","13":"product-type-simple"},"yoast_head":"<!-- This site is optimized with the Yoast SEO plugin v26.8 - https:\/\/yoast.com\/product\/yoast-seo-wordpress\/ -->\n<title>P\u0159\u00edmo Od V\u00fdrobce Bosch Rota\u010dn\u00ed tryska Modr\u00e1 P\u0159\u00edslu\u0161enstv\u00ed - vysokotlak\u00e9 \u010disti\u010de -<\/title>\n<meta name=\"robots\" content=\"index, follow, max-snippet:-1, max-image-preview:large, max-video-preview:-1\" \/>\n<link rel=\"canonical\" href=\"https:\/\/www.domkraftpro.com\/index.php\/produkt\/primo-od-vyrobce-bosch-rotacni-tryska-modra-prislusenstvi-vysokotlake-cistice-48536\/\" \/>\n<meta property=\"og:locale\" content=\"cs_CZ\" \/>\n<meta property=\"og:type\" content=\"article\" \/>\n<meta property=\"og:title\" content=\"P\u0159\u00edmo Od V\u00fdrobce Bosch Rota\u010dn\u00ed tryska Modr\u00e1 P\u0159\u00edslu\u0161enstv\u00ed - vysokotlak\u00e9 \u010disti\u010de -\" \/>\n<meta property=\"og:description\" content=\"GHP 5-55; Hlavn\u00ed my\u0161lenkaP\u0159\u00eddavn\u00e9 p\u0159\u00edslu\u0161enstv\u00edU\u017eivatelsk\u00e9 v\u00fdhodyZvy\u0161uje \u00fa\u010dinnosti vysokotlak\u00fdch \u010disti\u010d\u016f d\u00edky rotuj\u00edc\u00edmu \u00fazk\u00e9mu vodn\u00edmu paprsku s vysokou rychlost\u00edOdstra\u0148uje i \u00faporn\u00e9 ne\u010distoty hmotnost (bez p\u0159\u00edslu\u0161enstv\u00ed) 1 kg\" \/>\n<meta property=\"og:url\" content=\"https:\/\/www.domkraftpro.com\/index.php\/produkt\/primo-od-vyrobce-bosch-rotacni-tryska-modra-prislusenstvi-vysokotlake-cistice-48536\/\" \/>\n<meta property=\"og:image\" content=\"https:\/\/www.domkraftpro.com\/wp-content\/uploads\/2026\/SK0009073-CZ20260425-092328-0-1777080210-img-rd-110753-15.webp\" \/>\n\t<meta property=\"og:image:width\" content=\"700\" \/>\n\t<meta property=\"og:image:height\" content=\"574\" \/>\n\t<meta property=\"og:image:type\" content=\"image\/webp\" \/>\n<meta name=\"twitter:card\" content=\"summary_large_image\" \/>\n<script type=\"application\/ld+json\" class=\"yoast-schema-graph\">{\"@context\":\"https:\/\/schema.org\",\"@graph\":[{\"@type\":\"WebPage\",\"@id\":\"https:\/\/www.domkraftpro.com\/index.php\/produkt\/primo-od-vyrobce-bosch-rotacni-tryska-modra-prislusenstvi-vysokotlake-cistice-48536\/\",\"url\":\"https:\/\/www.domkraftpro.com\/index.php\/produkt\/primo-od-vyrobce-bosch-rotacni-tryska-modra-prislusenstvi-vysokotlake-cistice-48536\/\",\"name\":\"P\u0159\u00edmo Od V\u00fdrobce Bosch Rota\u010dn\u00ed tryska Modr\u00e1 P\u0159\u00edslu\u0161enstv\u00ed - vysokotlak\u00e9 \u010disti\u010de -\",\"isPartOf\":{\"@id\":\"https:\/\/www.domkraftpro.com\/#website\"},\"primaryImageOfPage\":{\"@id\":\"https:\/\/www.domkraftpro.com\/index.php\/produkt\/primo-od-vyrobce-bosch-rotacni-tryska-modra-prislusenstvi-vysokotlake-cistice-48536\/#primaryimage\"},\"image\":{\"@id\":\"https:\/\/www.domkraftpro.com\/index.php\/produkt\/primo-od-vyrobce-bosch-rotacni-tryska-modra-prislusenstvi-vysokotlake-cistice-48536\/#primaryimage\"},\"thumbnailUrl\":\"https:\/\/www.domkraftpro.com\/wp-content\/uploads\/2026\/SK0009073-CZ20260425-092328-0-1777080210-img-rd-110753-15.webp\",\"datePublished\":\"2026-04-27T04:42:34+00:00\",\"breadcrumb\":{\"@id\":\"https:\/\/www.domkraftpro.com\/index.php\/produkt\/primo-od-vyrobce-bosch-rotacni-tryska-modra-prislusenstvi-vysokotlake-cistice-48536\/#breadcrumb\"},\"inLanguage\":\"cs\",\"potentialAction\":[{\"@type\":\"ReadAction\",\"target\":[\"https:\/\/www.domkraftpro.com\/index.php\/produkt\/primo-od-vyrobce-bosch-rotacni-tryska-modra-prislusenstvi-vysokotlake-cistice-48536\/\"]}]},{\"@type\":\"ImageObject\",\"inLanguage\":\"cs\",\"@id\":\"https:\/\/www.domkraftpro.com\/index.php\/produkt\/primo-od-vyrobce-bosch-rotacni-tryska-modra-prislusenstvi-vysokotlake-cistice-48536\/#primaryimage\",\"url\":\"https:\/\/www.domkraftpro.com\/wp-content\/uploads\/2026\/SK0009073-CZ20260425-092328-0-1777080210-img-rd-110753-15.webp\",\"contentUrl\":\"https:\/\/www.domkraftpro.com\/wp-content\/uploads\/2026\/SK0009073-CZ20260425-092328-0-1777080210-img-rd-110753-15.webp\",\"width\":700,\"height\":574},{\"@type\":\"BreadcrumbList\",\"@id\":\"https:\/\/www.domkraftpro.com\/index.php\/produkt\/primo-od-vyrobce-bosch-rotacni-tryska-modra-prislusenstvi-vysokotlake-cistice-48536\/#breadcrumb\",\"itemListElement\":[{\"@type\":\"ListItem\",\"position\":1,\"name\":\"Home\",\"item\":\"https:\/\/www.domkraftpro.com\/\"},{\"@type\":\"ListItem\",\"position\":2,\"name\":\"Products\",\"item\":\"https:\/\/www.domkraftpro.com\/index.php\/products\/\"},{\"@type\":\"ListItem\",\"position\":3,\"name\":\"P\u0159\u00edmo Od V\u00fdrobce Bosch Rota\u010dn\u00ed tryska Modr\u00e1 P\u0159\u00edslu\u0161enstv\u00ed &#8211; vysokotlak\u00e9 \u010disti\u010de\"}]},{\"@type\":\"WebSite\",\"@id\":\"https:\/\/www.domkraftpro.com\/#website\",\"url\":\"https:\/\/www.domkraftpro.com\/\",\"name\":\"\",\"description\":\"\",\"potentialAction\":[{\"@type\":\"SearchAction\",\"target\":{\"@type\":\"EntryPoint\",\"urlTemplate\":\"https:\/\/www.domkraftpro.com\/?s={search_term_string}\"},\"query-input\":{\"@type\":\"PropertyValueSpecification\",\"valueRequired\":true,\"valueName\":\"search_term_string\"}}],\"inLanguage\":\"cs\"}]}<\/script>\n<!-- \/ Yoast SEO plugin. -->","yoast_head_json":{"title":"P\u0159\u00edmo Od V\u00fdrobce Bosch Rota\u010dn\u00ed tryska Modr\u00e1 P\u0159\u00edslu\u0161enstv\u00ed - vysokotlak\u00e9 \u010disti\u010de -","robots":{"index":"index","follow":"follow","max-snippet":"max-snippet:-1","max-image-preview":"max-image-preview:large","max-video-preview":"max-video-preview:-1"},"canonical":"https:\/\/www.domkraftpro.com\/index.php\/produkt\/primo-od-vyrobce-bosch-rotacni-tryska-modra-prislusenstvi-vysokotlake-cistice-48536\/","og_locale":"cs_CZ","og_type":"article","og_title":"P\u0159\u00edmo Od V\u00fdrobce Bosch Rota\u010dn\u00ed tryska Modr\u00e1 P\u0159\u00edslu\u0161enstv\u00ed - vysokotlak\u00e9 \u010disti\u010de -","og_description":"GHP 5-55; Hlavn\u00ed my\u0161lenkaP\u0159\u00eddavn\u00e9 p\u0159\u00edslu\u0161enstv\u00edU\u017eivatelsk\u00e9 v\u00fdhodyZvy\u0161uje \u00fa\u010dinnosti vysokotlak\u00fdch \u010disti\u010d\u016f d\u00edky rotuj\u00edc\u00edmu \u00fazk\u00e9mu vodn\u00edmu paprsku s vysokou rychlost\u00edOdstra\u0148uje i \u00faporn\u00e9 ne\u010distoty hmotnost (bez p\u0159\u00edslu\u0161enstv\u00ed) 1 kg","og_url":"https:\/\/www.domkraftpro.com\/index.php\/produkt\/primo-od-vyrobce-bosch-rotacni-tryska-modra-prislusenstvi-vysokotlake-cistice-48536\/","og_image":[{"width":700,"height":574,"url":"https:\/\/www.domkraftpro.com\/wp-content\/uploads\/2026\/SK0009073-CZ20260425-092328-0-1777080210-img-rd-110753-15.webp","type":"image\/webp"}],"twitter_card":"summary_large_image","schema":{"@context":"https:\/\/schema.org","@graph":[{"@type":"WebPage","@id":"https:\/\/www.domkraftpro.com\/index.php\/produkt\/primo-od-vyrobce-bosch-rotacni-tryska-modra-prislusenstvi-vysokotlake-cistice-48536\/","url":"https:\/\/www.domkraftpro.com\/index.php\/produkt\/primo-od-vyrobce-bosch-rotacni-tryska-modra-prislusenstvi-vysokotlake-cistice-48536\/","name":"P\u0159\u00edmo Od V\u00fdrobce Bosch Rota\u010dn\u00ed tryska Modr\u00e1 P\u0159\u00edslu\u0161enstv\u00ed - vysokotlak\u00e9 \u010disti\u010de -","isPartOf":{"@id":"https:\/\/www.domkraftpro.com\/#website"},"primaryImageOfPage":{"@id":"https:\/\/www.domkraftpro.com\/index.php\/produkt\/primo-od-vyrobce-bosch-rotacni-tryska-modra-prislusenstvi-vysokotlake-cistice-48536\/#primaryimage"},"image":{"@id":"https:\/\/www.domkraftpro.com\/index.php\/produkt\/primo-od-vyrobce-bosch-rotacni-tryska-modra-prislusenstvi-vysokotlake-cistice-48536\/#primaryimage"},"thumbnailUrl":"https:\/\/www.domkraftpro.com\/wp-content\/uploads\/2026\/SK0009073-CZ20260425-092328-0-1777080210-img-rd-110753-15.webp","datePublished":"2026-04-27T04:42:34+00:00","breadcrumb":{"@id":"https:\/\/www.domkraftpro.com\/index.php\/produkt\/primo-od-vyrobce-bosch-rotacni-tryska-modra-prislusenstvi-vysokotlake-cistice-48536\/#breadcrumb"},"inLanguage":"cs","potentialAction":[{"@type":"ReadAction","target":["https:\/\/www.domkraftpro.com\/index.php\/produkt\/primo-od-vyrobce-bosch-rotacni-tryska-modra-prislusenstvi-vysokotlake-cistice-48536\/"]}]},{"@type":"ImageObject","inLanguage":"cs","@id":"https:\/\/www.domkraftpro.com\/index.php\/produkt\/primo-od-vyrobce-bosch-rotacni-tryska-modra-prislusenstvi-vysokotlake-cistice-48536\/#primaryimage","url":"https:\/\/www.domkraftpro.com\/wp-content\/uploads\/2026\/SK0009073-CZ20260425-092328-0-1777080210-img-rd-110753-15.webp","contentUrl":"https:\/\/www.domkraftpro.com\/wp-content\/uploads\/2026\/SK0009073-CZ20260425-092328-0-1777080210-img-rd-110753-15.webp","width":700,"height":574},{"@type":"BreadcrumbList","@id":"https:\/\/www.domkraftpro.com\/index.php\/produkt\/primo-od-vyrobce-bosch-rotacni-tryska-modra-prislusenstvi-vysokotlake-cistice-48536\/#breadcrumb","itemListElement":[{"@type":"ListItem","position":1,"name":"Home","item":"https:\/\/www.domkraftpro.com\/"},{"@type":"ListItem","position":2,"name":"Products","item":"https:\/\/www.domkraftpro.com\/index.php\/products\/"},{"@type":"ListItem","position":3,"name":"P\u0159\u00edmo Od V\u00fdrobce Bosch Rota\u010dn\u00ed tryska Modr\u00e1 P\u0159\u00edslu\u0161enstv\u00ed &#8211; vysokotlak\u00e9 \u010disti\u010de"}]},{"@type":"WebSite","@id":"https:\/\/www.domkraftpro.com\/#website","url":"https:\/\/www.domkraftpro.com\/","name":"","description":"","potentialAction":[{"@type":"SearchAction","target":{"@type":"EntryPoint","urlTemplate":"https:\/\/www.domkraftpro.com\/?s={search_term_string}"},"query-input":{"@type":"PropertyValueSpecification","valueRequired":true,"valueName":"search_term_string"}}],"inLanguage":"cs"}]}},"_links":{"self":[{"href":"https:\/\/www.domkraftpro.com\/index.php\/wp-json\/wp\/v2\/product\/48536","targetHints":{"allow":["GET"]}}],"collection":[{"href":"https:\/\/www.domkraftpro.com\/index.php\/wp-json\/wp\/v2\/product"}],"about":[{"href":"https:\/\/www.domkraftpro.com\/index.php\/wp-json\/wp\/v2\/types\/product"}],"replies":[{"embeddable":true,"href":"https:\/\/www.domkraftpro.com\/index.php\/wp-json\/wp\/v2\/comments?post=48536"}],"wp:featuredmedia":[{"embeddable":true,"href":"https:\/\/www.domkraftpro.com\/index.php\/wp-json\/wp\/v2\/media\/48636"}],"wp:attachment":[{"href":"https:\/\/www.domkraftpro.com\/index.php\/wp-json\/wp\/v2\/media?parent=48536"}],"wp:term":[{"taxonomy":"product_brand","embeddable":true,"href":"https:\/\/www.domkraftpro.com\/index.php\/wp-json\/wp\/v2\/product_brand?post=48536"},{"taxonomy":"product_cat","embeddable":true,"href":"https:\/\/www.domkraftpro.com\/index.php\/wp-json\/wp\/v2\/product_cat?post=48536"},{"taxonomy":"product_tag","embeddable":true,"href":"https:\/\/www.domkraftpro.com\/index.php\/wp-json\/wp\/v2\/product_tag?post=48536"}],"curies":[{"name":"wp","href":"https:\/\/api.w.org\/{rel}","templated":true}]}}