{"id":48534,"date":"2026-04-27T04:42:34","date_gmt":"2026-04-27T04:42:34","guid":{"rendered":""},"modified":"2026-04-27T04:42:34","modified_gmt":"2026-04-27T04:42:34","slug":"cenova-bomba-bosch-vario-fan-tryska-zelena-prislusenstvi-vysokotlake-cistice-48534","status":"publish","type":"product","link":"https:\/\/www.domkraftpro.com\/index.php\/produkt\/cenova-bomba-bosch-vario-fan-tryska-zelena-prislusenstvi-vysokotlake-cistice-48534\/","title":{"rendered":"Cenov\u00e1 Bomba Bosch Vario Fan tryska Zelen\u00e1 P\u0159\u00edslu\u0161enstv\u00ed &#8211; vysokotlak\u00e9 \u010disti\u010de"},"content":{"rendered":"<table>\n<div class=\"tab-pane active product-description\" id=\"popis\" role=\"tabpanel\">\n<div class=\"short-description\" itemprop=\"description\">GHP 5-55; <\/div>\n<div class=\"description\">Hlavn\u00ed my\u0161lenka<span class='bullet-line'>P\u0159\u00eddavn\u00e9 p\u0159\u00edslu\u0161enstv\u00ed<\/span><br \/>U\u017eivatelsk\u00e9 v\u00fdhody<span class='bullet-line'>Robustn\u00ed a\u00a0vysoce kvalitn\u00ed tryska 3\u00a0v\u00a01 z\u00a0mosazi zaru\u010duje dlouhou \u017eivotnost<\/span><span class='bullet-line'>\u00dahel rozpra\u0161ov\u00e1n\u00ed a\u00a0tlak lze plynule nastavit pomoc\u00ed oto\u010dn\u00e9ho knofl\u00edku. Od bodov\u00e9ho paprsku 0\u00b0 a\u017e po ploch\u00fd paprsek 40\u00b0, pro r\u016fzn\u00e9 \u010di\u0161t\u011bn\u00ed<\/span><span class='bullet-line'>P\u0159i \u00fapln\u011b vyta\u017een\u00e9 trysce m\u00e1te k\u00a0dispozici funkci n\u00edzkotlak\u00e9ho nas\u00e1v\u00e1n\u00ed \u010distic\u00edch prost\u0159edk\u016f, kter\u00e9 m\u016f\u017eete st\u0159\u00edkat pomoc\u00ed n\u00e1dobky na \u010distic\u00ed prost\u0159edky<\/span><br \/>Dal\u0161\u00ed v\u00fdhody<span class='bullet-line'>Zahnut\u00e1 tryska usnad\u0148uje \u010di\u0161t\u011bn\u00ed spodn\u00edch \u010d\u00e1st\u00ed vozidla a\u00a0v\u00fd\u0161e polo\u017een\u00fdch ploch<\/span><span class='bullet-line'>Rozpra\u0161ovac\u00ed trubka 3\u00a0v\u00a01<\/span><span class='bullet-line'>Hod\u00ed se pro GHP 5-55 \/ GHP 500 X<\/span><\/div>\n<div class=\"parameters\">\n<tr>\n<td>hmotnost (bez p\u0159\u00edslu\u0161enstv\u00ed)<\/td>\n<td>1 kg<\/td>\n<\/tr><\/div>\n<\/table>\n","protected":false},"excerpt":{"rendered":"<p>GHP 5-55; Hlavn\u00ed my\u0161lenkaP\u0159\u00eddavn\u00e9 p\u0159\u00edslu\u0161enstv\u00edU\u017eivatelsk\u00e9 v\u00fdhodyRobustn\u00ed a\u00a0vysoce kvalitn\u00ed tryska 3\u00a0v\u00a01 z\u00a0mosazi zaru\u010duje dlouhou \u017eivotnost\u00dahel rozpra\u0161ov\u00e1n\u00ed a\u00a0tlak lze plynule nastavit pomoc\u00ed oto\u010dn\u00e9ho knofl\u00edku. Od bodov\u00e9ho paprsku 0\u00b0 a\u017e po ploch\u00fd paprsek 40\u00b0, pro r\u016fzn\u00e9 \u010di\u0161t\u011bn\u00edP\u0159i \u00fapln\u011b vyta\u017een\u00e9 trysce m\u00e1te k\u00a0dispozici funkci n\u00edzkotlak\u00e9ho nas\u00e1v\u00e1n\u00ed \u010distic\u00edch prost\u0159edk\u016f, kter\u00e9 m\u016f\u017eete st\u0159\u00edkat pomoc\u00ed n\u00e1dobky na \u010distic\u00ed prost\u0159edkyDal\u0161\u00ed v\u00fdhodyZahnut\u00e1 tryska usnad\u0148uje [&hellip;]<\/p>\n","protected":false},"featured_media":48634,"comment_status":"open","ping_status":"open","template":"","meta":[],"product_brand":[],"product_cat":[118],"product_tag":[],"class_list":{"0":"post-48534","1":"product","2":"type-product","3":"status-publish","4":"has-post-thumbnail","6":"product_cat-cistici-technika","8":"first","9":"instock","10":"sale","11":"shipping-taxable","12":"purchasable","13":"product-type-simple"},"yoast_head":"<!-- This site is optimized with the Yoast SEO plugin v26.8 - https:\/\/yoast.com\/product\/yoast-seo-wordpress\/ -->\n<title>Cenov\u00e1 Bomba Bosch Vario Fan tryska Zelen\u00e1 P\u0159\u00edslu\u0161enstv\u00ed - vysokotlak\u00e9 \u010disti\u010de -<\/title>\n<meta name=\"robots\" content=\"index, follow, max-snippet:-1, max-image-preview:large, max-video-preview:-1\" \/>\n<link rel=\"canonical\" href=\"https:\/\/www.domkraftpro.com\/index.php\/produkt\/cenova-bomba-bosch-vario-fan-tryska-zelena-prislusenstvi-vysokotlake-cistice-48534\/\" \/>\n<meta property=\"og:locale\" content=\"cs_CZ\" \/>\n<meta property=\"og:type\" content=\"article\" \/>\n<meta property=\"og:title\" content=\"Cenov\u00e1 Bomba Bosch Vario Fan tryska Zelen\u00e1 P\u0159\u00edslu\u0161enstv\u00ed - vysokotlak\u00e9 \u010disti\u010de -\" \/>\n<meta property=\"og:description\" content=\"GHP 5-55; Hlavn\u00ed my\u0161lenkaP\u0159\u00eddavn\u00e9 p\u0159\u00edslu\u0161enstv\u00edU\u017eivatelsk\u00e9 v\u00fdhodyRobustn\u00ed a\u00a0vysoce kvalitn\u00ed tryska 3\u00a0v\u00a01 z\u00a0mosazi zaru\u010duje dlouhou \u017eivotnost\u00dahel rozpra\u0161ov\u00e1n\u00ed a\u00a0tlak lze plynule nastavit pomoc\u00ed oto\u010dn\u00e9ho knofl\u00edku. Od bodov\u00e9ho paprsku 0\u00b0 a\u017e po ploch\u00fd paprsek 40\u00b0, pro r\u016fzn\u00e9 \u010di\u0161t\u011bn\u00edP\u0159i \u00fapln\u011b vyta\u017een\u00e9 trysce m\u00e1te k\u00a0dispozici funkci n\u00edzkotlak\u00e9ho nas\u00e1v\u00e1n\u00ed \u010distic\u00edch prost\u0159edk\u016f, kter\u00e9 m\u016f\u017eete st\u0159\u00edkat pomoc\u00ed n\u00e1dobky na \u010distic\u00ed prost\u0159edkyDal\u0161\u00ed v\u00fdhodyZahnut\u00e1 tryska usnad\u0148uje [&hellip;]\" \/>\n<meta property=\"og:url\" content=\"https:\/\/www.domkraftpro.com\/index.php\/produkt\/cenova-bomba-bosch-vario-fan-tryska-zelena-prislusenstvi-vysokotlake-cistice-48534\/\" \/>\n<meta property=\"og:image\" content=\"https:\/\/www.domkraftpro.com\/wp-content\/uploads\/2026\/SK0009071-CZ20260425-092328-0-1777080210-img-rd-110749-15.webp\" \/>\n\t<meta property=\"og:image:width\" content=\"700\" \/>\n\t<meta property=\"og:image:height\" content=\"541\" \/>\n\t<meta property=\"og:image:type\" content=\"image\/webp\" \/>\n<meta name=\"twitter:card\" content=\"summary_large_image\" \/>\n<meta name=\"twitter:label1\" content=\"Odhadovan\u00e1 doba \u010dten\u00ed\" \/>\n\t<meta name=\"twitter:data1\" content=\"1 minuta\" \/>\n<script type=\"application\/ld+json\" class=\"yoast-schema-graph\">{\"@context\":\"https:\/\/schema.org\",\"@graph\":[{\"@type\":\"WebPage\",\"@id\":\"https:\/\/www.domkraftpro.com\/index.php\/produkt\/cenova-bomba-bosch-vario-fan-tryska-zelena-prislusenstvi-vysokotlake-cistice-48534\/\",\"url\":\"https:\/\/www.domkraftpro.com\/index.php\/produkt\/cenova-bomba-bosch-vario-fan-tryska-zelena-prislusenstvi-vysokotlake-cistice-48534\/\",\"name\":\"Cenov\u00e1 Bomba Bosch Vario Fan tryska Zelen\u00e1 P\u0159\u00edslu\u0161enstv\u00ed - vysokotlak\u00e9 \u010disti\u010de -\",\"isPartOf\":{\"@id\":\"https:\/\/www.domkraftpro.com\/#website\"},\"primaryImageOfPage\":{\"@id\":\"https:\/\/www.domkraftpro.com\/index.php\/produkt\/cenova-bomba-bosch-vario-fan-tryska-zelena-prislusenstvi-vysokotlake-cistice-48534\/#primaryimage\"},\"image\":{\"@id\":\"https:\/\/www.domkraftpro.com\/index.php\/produkt\/cenova-bomba-bosch-vario-fan-tryska-zelena-prislusenstvi-vysokotlake-cistice-48534\/#primaryimage\"},\"thumbnailUrl\":\"https:\/\/www.domkraftpro.com\/wp-content\/uploads\/2026\/SK0009071-CZ20260425-092328-0-1777080210-img-rd-110749-15.webp\",\"datePublished\":\"2026-04-27T04:42:34+00:00\",\"breadcrumb\":{\"@id\":\"https:\/\/www.domkraftpro.com\/index.php\/produkt\/cenova-bomba-bosch-vario-fan-tryska-zelena-prislusenstvi-vysokotlake-cistice-48534\/#breadcrumb\"},\"inLanguage\":\"cs\",\"potentialAction\":[{\"@type\":\"ReadAction\",\"target\":[\"https:\/\/www.domkraftpro.com\/index.php\/produkt\/cenova-bomba-bosch-vario-fan-tryska-zelena-prislusenstvi-vysokotlake-cistice-48534\/\"]}]},{\"@type\":\"ImageObject\",\"inLanguage\":\"cs\",\"@id\":\"https:\/\/www.domkraftpro.com\/index.php\/produkt\/cenova-bomba-bosch-vario-fan-tryska-zelena-prislusenstvi-vysokotlake-cistice-48534\/#primaryimage\",\"url\":\"https:\/\/www.domkraftpro.com\/wp-content\/uploads\/2026\/SK0009071-CZ20260425-092328-0-1777080210-img-rd-110749-15.webp\",\"contentUrl\":\"https:\/\/www.domkraftpro.com\/wp-content\/uploads\/2026\/SK0009071-CZ20260425-092328-0-1777080210-img-rd-110749-15.webp\",\"width\":700,\"height\":541},{\"@type\":\"BreadcrumbList\",\"@id\":\"https:\/\/www.domkraftpro.com\/index.php\/produkt\/cenova-bomba-bosch-vario-fan-tryska-zelena-prislusenstvi-vysokotlake-cistice-48534\/#breadcrumb\",\"itemListElement\":[{\"@type\":\"ListItem\",\"position\":1,\"name\":\"Home\",\"item\":\"https:\/\/www.domkraftpro.com\/\"},{\"@type\":\"ListItem\",\"position\":2,\"name\":\"Products\",\"item\":\"https:\/\/www.domkraftpro.com\/index.php\/products\/\"},{\"@type\":\"ListItem\",\"position\":3,\"name\":\"Cenov\u00e1 Bomba Bosch Vario Fan tryska Zelen\u00e1 P\u0159\u00edslu\u0161enstv\u00ed &#8211; vysokotlak\u00e9 \u010disti\u010de\"}]},{\"@type\":\"WebSite\",\"@id\":\"https:\/\/www.domkraftpro.com\/#website\",\"url\":\"https:\/\/www.domkraftpro.com\/\",\"name\":\"\",\"description\":\"\",\"potentialAction\":[{\"@type\":\"SearchAction\",\"target\":{\"@type\":\"EntryPoint\",\"urlTemplate\":\"https:\/\/www.domkraftpro.com\/?s={search_term_string}\"},\"query-input\":{\"@type\":\"PropertyValueSpecification\",\"valueRequired\":true,\"valueName\":\"search_term_string\"}}],\"inLanguage\":\"cs\"}]}<\/script>\n<!-- \/ Yoast SEO plugin. -->","yoast_head_json":{"title":"Cenov\u00e1 Bomba Bosch Vario Fan tryska Zelen\u00e1 P\u0159\u00edslu\u0161enstv\u00ed - vysokotlak\u00e9 \u010disti\u010de -","robots":{"index":"index","follow":"follow","max-snippet":"max-snippet:-1","max-image-preview":"max-image-preview:large","max-video-preview":"max-video-preview:-1"},"canonical":"https:\/\/www.domkraftpro.com\/index.php\/produkt\/cenova-bomba-bosch-vario-fan-tryska-zelena-prislusenstvi-vysokotlake-cistice-48534\/","og_locale":"cs_CZ","og_type":"article","og_title":"Cenov\u00e1 Bomba Bosch Vario Fan tryska Zelen\u00e1 P\u0159\u00edslu\u0161enstv\u00ed - vysokotlak\u00e9 \u010disti\u010de -","og_description":"GHP 5-55; Hlavn\u00ed my\u0161lenkaP\u0159\u00eddavn\u00e9 p\u0159\u00edslu\u0161enstv\u00edU\u017eivatelsk\u00e9 v\u00fdhodyRobustn\u00ed a\u00a0vysoce kvalitn\u00ed tryska 3\u00a0v\u00a01 z\u00a0mosazi zaru\u010duje dlouhou \u017eivotnost\u00dahel rozpra\u0161ov\u00e1n\u00ed a\u00a0tlak lze plynule nastavit pomoc\u00ed oto\u010dn\u00e9ho knofl\u00edku. Od bodov\u00e9ho paprsku 0\u00b0 a\u017e po ploch\u00fd paprsek 40\u00b0, pro r\u016fzn\u00e9 \u010di\u0161t\u011bn\u00edP\u0159i \u00fapln\u011b vyta\u017een\u00e9 trysce m\u00e1te k\u00a0dispozici funkci n\u00edzkotlak\u00e9ho nas\u00e1v\u00e1n\u00ed \u010distic\u00edch prost\u0159edk\u016f, kter\u00e9 m\u016f\u017eete st\u0159\u00edkat pomoc\u00ed n\u00e1dobky na \u010distic\u00ed prost\u0159edkyDal\u0161\u00ed v\u00fdhodyZahnut\u00e1 tryska usnad\u0148uje [&hellip;]","og_url":"https:\/\/www.domkraftpro.com\/index.php\/produkt\/cenova-bomba-bosch-vario-fan-tryska-zelena-prislusenstvi-vysokotlake-cistice-48534\/","og_image":[{"width":700,"height":541,"url":"https:\/\/www.domkraftpro.com\/wp-content\/uploads\/2026\/SK0009071-CZ20260425-092328-0-1777080210-img-rd-110749-15.webp","type":"image\/webp"}],"twitter_card":"summary_large_image","twitter_misc":{"Odhadovan\u00e1 doba \u010dten\u00ed":"1 minuta"},"schema":{"@context":"https:\/\/schema.org","@graph":[{"@type":"WebPage","@id":"https:\/\/www.domkraftpro.com\/index.php\/produkt\/cenova-bomba-bosch-vario-fan-tryska-zelena-prislusenstvi-vysokotlake-cistice-48534\/","url":"https:\/\/www.domkraftpro.com\/index.php\/produkt\/cenova-bomba-bosch-vario-fan-tryska-zelena-prislusenstvi-vysokotlake-cistice-48534\/","name":"Cenov\u00e1 Bomba Bosch Vario Fan tryska Zelen\u00e1 P\u0159\u00edslu\u0161enstv\u00ed - vysokotlak\u00e9 \u010disti\u010de -","isPartOf":{"@id":"https:\/\/www.domkraftpro.com\/#website"},"primaryImageOfPage":{"@id":"https:\/\/www.domkraftpro.com\/index.php\/produkt\/cenova-bomba-bosch-vario-fan-tryska-zelena-prislusenstvi-vysokotlake-cistice-48534\/#primaryimage"},"image":{"@id":"https:\/\/www.domkraftpro.com\/index.php\/produkt\/cenova-bomba-bosch-vario-fan-tryska-zelena-prislusenstvi-vysokotlake-cistice-48534\/#primaryimage"},"thumbnailUrl":"https:\/\/www.domkraftpro.com\/wp-content\/uploads\/2026\/SK0009071-CZ20260425-092328-0-1777080210-img-rd-110749-15.webp","datePublished":"2026-04-27T04:42:34+00:00","breadcrumb":{"@id":"https:\/\/www.domkraftpro.com\/index.php\/produkt\/cenova-bomba-bosch-vario-fan-tryska-zelena-prislusenstvi-vysokotlake-cistice-48534\/#breadcrumb"},"inLanguage":"cs","potentialAction":[{"@type":"ReadAction","target":["https:\/\/www.domkraftpro.com\/index.php\/produkt\/cenova-bomba-bosch-vario-fan-tryska-zelena-prislusenstvi-vysokotlake-cistice-48534\/"]}]},{"@type":"ImageObject","inLanguage":"cs","@id":"https:\/\/www.domkraftpro.com\/index.php\/produkt\/cenova-bomba-bosch-vario-fan-tryska-zelena-prislusenstvi-vysokotlake-cistice-48534\/#primaryimage","url":"https:\/\/www.domkraftpro.com\/wp-content\/uploads\/2026\/SK0009071-CZ20260425-092328-0-1777080210-img-rd-110749-15.webp","contentUrl":"https:\/\/www.domkraftpro.com\/wp-content\/uploads\/2026\/SK0009071-CZ20260425-092328-0-1777080210-img-rd-110749-15.webp","width":700,"height":541},{"@type":"BreadcrumbList","@id":"https:\/\/www.domkraftpro.com\/index.php\/produkt\/cenova-bomba-bosch-vario-fan-tryska-zelena-prislusenstvi-vysokotlake-cistice-48534\/#breadcrumb","itemListElement":[{"@type":"ListItem","position":1,"name":"Home","item":"https:\/\/www.domkraftpro.com\/"},{"@type":"ListItem","position":2,"name":"Products","item":"https:\/\/www.domkraftpro.com\/index.php\/products\/"},{"@type":"ListItem","position":3,"name":"Cenov\u00e1 Bomba Bosch Vario Fan tryska Zelen\u00e1 P\u0159\u00edslu\u0161enstv\u00ed &#8211; vysokotlak\u00e9 \u010disti\u010de"}]},{"@type":"WebSite","@id":"https:\/\/www.domkraftpro.com\/#website","url":"https:\/\/www.domkraftpro.com\/","name":"","description":"","potentialAction":[{"@type":"SearchAction","target":{"@type":"EntryPoint","urlTemplate":"https:\/\/www.domkraftpro.com\/?s={search_term_string}"},"query-input":{"@type":"PropertyValueSpecification","valueRequired":true,"valueName":"search_term_string"}}],"inLanguage":"cs"}]}},"_links":{"self":[{"href":"https:\/\/www.domkraftpro.com\/index.php\/wp-json\/wp\/v2\/product\/48534","targetHints":{"allow":["GET"]}}],"collection":[{"href":"https:\/\/www.domkraftpro.com\/index.php\/wp-json\/wp\/v2\/product"}],"about":[{"href":"https:\/\/www.domkraftpro.com\/index.php\/wp-json\/wp\/v2\/types\/product"}],"replies":[{"embeddable":true,"href":"https:\/\/www.domkraftpro.com\/index.php\/wp-json\/wp\/v2\/comments?post=48534"}],"wp:featuredmedia":[{"embeddable":true,"href":"https:\/\/www.domkraftpro.com\/index.php\/wp-json\/wp\/v2\/media\/48634"}],"wp:attachment":[{"href":"https:\/\/www.domkraftpro.com\/index.php\/wp-json\/wp\/v2\/media?parent=48534"}],"wp:term":[{"taxonomy":"product_brand","embeddable":true,"href":"https:\/\/www.domkraftpro.com\/index.php\/wp-json\/wp\/v2\/product_brand?post=48534"},{"taxonomy":"product_cat","embeddable":true,"href":"https:\/\/www.domkraftpro.com\/index.php\/wp-json\/wp\/v2\/product_cat?post=48534"},{"taxonomy":"product_tag","embeddable":true,"href":"https:\/\/www.domkraftpro.com\/index.php\/wp-json\/wp\/v2\/product_tag?post=48534"}],"curies":[{"name":"wp","href":"https:\/\/api.w.org\/{rel}","templated":true}]}}