{"id":48533,"date":"2026-04-27T04:42:34","date_gmt":"2026-04-27T04:42:34","guid":{"rendered":""},"modified":"2026-04-27T04:42:34","modified_gmt":"2026-04-27T04:42:34","slug":"kup-ted-bosch-cistic-odpadu-prislusenstvi-vysokotlake-cistice-48533","status":"publish","type":"product","link":"https:\/\/www.domkraftpro.com\/index.php\/produkt\/kup-ted-bosch-cistic-odpadu-prislusenstvi-vysokotlake-cistice-48533\/","title":{"rendered":"Kup Te\u010f Bosch \u010cisti\u010d odpad\u016f P\u0159\u00edslu\u0161enstv\u00ed &#8211; vysokotlak\u00e9 \u010disti\u010de"},"content":{"rendered":"<table>\n<div class=\"tab-pane active product-description\" id=\"popis\" role=\"tabpanel\">\n<div class=\"short-description\" itemprop=\"description\">GHP 5-55; 5-65; 5-65 X; 5-75; 5-75 X; <\/div>\n<div class=\"description\">Hlavn\u00ed my\u0161lenka<span class='bullet-line'>P\u0159\u00eddavn\u00e9 p\u0159\u00edslu\u0161enstv\u00ed<\/span><br \/>U\u017eivatelsk\u00e9 v\u00fdhody<span class='bullet-line'>\u010cisti\u010d trubek o\u00a0d\u00e9lce 8\u00a0m pro odstra\u0148ov\u00e1n\u00ed ucp\u00e1n\u00ed v\u00a0potrub\u00ed, odtoc\u00edch, toalet\u00e1ch atd.<\/span><span class='bullet-line'>Mosazn\u00e1 tryska se t\u0159emi zp\u011btn\u00fdmi tryskami pro posuv \u010distic\u00ed trysky \u010di\u0161t\u011bnou trubkou<\/span><span class='bullet-line'>Ide\u00e1ln\u00ed pro tlak 100 a\u017e 150\u00a0bar<\/span><br \/>Dal\u0161\u00ed v\u00fdhody<span class='bullet-line'>Hod\u00ed se pro v\u0161echny p\u0159\u00edstroje Prima<\/span><\/div>\n<div class=\"parameters\">\n<tr>\n<td>Max. tlak<\/td>\n<td>150 bar<\/td>\n<\/tr>\n<tr>\n<td>D\u00e9lka hadice<\/td>\n<td>8 m<\/td>\n<\/tr>\n<tr>\n<td>hmotnost (bez p\u0159\u00edslu\u0161enstv\u00ed)<\/td>\n<td>1 kg<\/td>\n<\/tr><\/div>\n<\/table>\n","protected":false},"excerpt":{"rendered":"<p>GHP 5-55; 5-65; 5-65 X; 5-75; 5-75 X; Hlavn\u00ed my\u0161lenkaP\u0159\u00eddavn\u00e9 p\u0159\u00edslu\u0161enstv\u00edU\u017eivatelsk\u00e9 v\u00fdhody\u010cisti\u010d trubek o\u00a0d\u00e9lce 8\u00a0m pro odstra\u0148ov\u00e1n\u00ed ucp\u00e1n\u00ed v\u00a0potrub\u00ed, odtoc\u00edch, toalet\u00e1ch atd.Mosazn\u00e1 tryska se t\u0159emi zp\u011btn\u00fdmi tryskami pro posuv \u010distic\u00ed trysky \u010di\u0161t\u011bnou trubkouIde\u00e1ln\u00ed pro tlak 100 a\u017e 150\u00a0barDal\u0161\u00ed v\u00fdhodyHod\u00ed se pro v\u0161echny p\u0159\u00edstroje Prima Max. tlak 150 bar D\u00e9lka hadice 8 m hmotnost (bez p\u0159\u00edslu\u0161enstv\u00ed) [&hellip;]<\/p>\n","protected":false},"featured_media":48633,"comment_status":"open","ping_status":"open","template":"","meta":[],"product_brand":[],"product_cat":[118],"product_tag":[],"class_list":{"0":"post-48533","1":"product","2":"type-product","3":"status-publish","4":"has-post-thumbnail","6":"product_cat-cistici-technika","8":"first","9":"instock","10":"sale","11":"shipping-taxable","12":"purchasable","13":"product-type-simple"},"yoast_head":"<!-- This site is optimized with the Yoast SEO plugin v26.8 - https:\/\/yoast.com\/product\/yoast-seo-wordpress\/ -->\n<title>Kup Te\u010f Bosch \u010cisti\u010d odpad\u016f P\u0159\u00edslu\u0161enstv\u00ed - vysokotlak\u00e9 \u010disti\u010de -<\/title>\n<meta name=\"robots\" content=\"index, follow, max-snippet:-1, max-image-preview:large, max-video-preview:-1\" \/>\n<link rel=\"canonical\" href=\"https:\/\/www.domkraftpro.com\/index.php\/produkt\/kup-ted-bosch-cistic-odpadu-prislusenstvi-vysokotlake-cistice-48533\/\" \/>\n<meta property=\"og:locale\" content=\"cs_CZ\" \/>\n<meta property=\"og:type\" content=\"article\" \/>\n<meta property=\"og:title\" content=\"Kup Te\u010f Bosch \u010cisti\u010d odpad\u016f P\u0159\u00edslu\u0161enstv\u00ed - vysokotlak\u00e9 \u010disti\u010de -\" \/>\n<meta property=\"og:description\" content=\"GHP 5-55; 5-65; 5-65 X; 5-75; 5-75 X; Hlavn\u00ed my\u0161lenkaP\u0159\u00eddavn\u00e9 p\u0159\u00edslu\u0161enstv\u00edU\u017eivatelsk\u00e9 v\u00fdhody\u010cisti\u010d trubek o\u00a0d\u00e9lce 8\u00a0m pro odstra\u0148ov\u00e1n\u00ed ucp\u00e1n\u00ed v\u00a0potrub\u00ed, odtoc\u00edch, toalet\u00e1ch atd.Mosazn\u00e1 tryska se t\u0159emi zp\u011btn\u00fdmi tryskami pro posuv \u010distic\u00ed trysky \u010di\u0161t\u011bnou trubkouIde\u00e1ln\u00ed pro tlak 100 a\u017e 150\u00a0barDal\u0161\u00ed v\u00fdhodyHod\u00ed se pro v\u0161echny p\u0159\u00edstroje Prima Max. tlak 150 bar D\u00e9lka hadice 8 m hmotnost (bez p\u0159\u00edslu\u0161enstv\u00ed) [&hellip;]\" \/>\n<meta property=\"og:url\" content=\"https:\/\/www.domkraftpro.com\/index.php\/produkt\/kup-ted-bosch-cistic-odpadu-prislusenstvi-vysokotlake-cistice-48533\/\" \/>\n<meta property=\"og:image\" content=\"https:\/\/www.domkraftpro.com\/wp-content\/uploads\/2026\/SK0009070-CZ20260425-092328-0-1777080210-img-rd-110752-15.webp\" \/>\n\t<meta property=\"og:image:width\" content=\"700\" \/>\n\t<meta property=\"og:image:height\" content=\"596\" \/>\n\t<meta property=\"og:image:type\" content=\"image\/webp\" \/>\n<meta name=\"twitter:card\" content=\"summary_large_image\" \/>\n<script type=\"application\/ld+json\" class=\"yoast-schema-graph\">{\"@context\":\"https:\/\/schema.org\",\"@graph\":[{\"@type\":\"WebPage\",\"@id\":\"https:\/\/www.domkraftpro.com\/index.php\/produkt\/kup-ted-bosch-cistic-odpadu-prislusenstvi-vysokotlake-cistice-48533\/\",\"url\":\"https:\/\/www.domkraftpro.com\/index.php\/produkt\/kup-ted-bosch-cistic-odpadu-prislusenstvi-vysokotlake-cistice-48533\/\",\"name\":\"Kup Te\u010f Bosch \u010cisti\u010d odpad\u016f P\u0159\u00edslu\u0161enstv\u00ed - vysokotlak\u00e9 \u010disti\u010de -\",\"isPartOf\":{\"@id\":\"https:\/\/www.domkraftpro.com\/#website\"},\"primaryImageOfPage\":{\"@id\":\"https:\/\/www.domkraftpro.com\/index.php\/produkt\/kup-ted-bosch-cistic-odpadu-prislusenstvi-vysokotlake-cistice-48533\/#primaryimage\"},\"image\":{\"@id\":\"https:\/\/www.domkraftpro.com\/index.php\/produkt\/kup-ted-bosch-cistic-odpadu-prislusenstvi-vysokotlake-cistice-48533\/#primaryimage\"},\"thumbnailUrl\":\"https:\/\/www.domkraftpro.com\/wp-content\/uploads\/2026\/SK0009070-CZ20260425-092328-0-1777080210-img-rd-110752-15.webp\",\"datePublished\":\"2026-04-27T04:42:34+00:00\",\"breadcrumb\":{\"@id\":\"https:\/\/www.domkraftpro.com\/index.php\/produkt\/kup-ted-bosch-cistic-odpadu-prislusenstvi-vysokotlake-cistice-48533\/#breadcrumb\"},\"inLanguage\":\"cs\",\"potentialAction\":[{\"@type\":\"ReadAction\",\"target\":[\"https:\/\/www.domkraftpro.com\/index.php\/produkt\/kup-ted-bosch-cistic-odpadu-prislusenstvi-vysokotlake-cistice-48533\/\"]}]},{\"@type\":\"ImageObject\",\"inLanguage\":\"cs\",\"@id\":\"https:\/\/www.domkraftpro.com\/index.php\/produkt\/kup-ted-bosch-cistic-odpadu-prislusenstvi-vysokotlake-cistice-48533\/#primaryimage\",\"url\":\"https:\/\/www.domkraftpro.com\/wp-content\/uploads\/2026\/SK0009070-CZ20260425-092328-0-1777080210-img-rd-110752-15.webp\",\"contentUrl\":\"https:\/\/www.domkraftpro.com\/wp-content\/uploads\/2026\/SK0009070-CZ20260425-092328-0-1777080210-img-rd-110752-15.webp\",\"width\":700,\"height\":596},{\"@type\":\"BreadcrumbList\",\"@id\":\"https:\/\/www.domkraftpro.com\/index.php\/produkt\/kup-ted-bosch-cistic-odpadu-prislusenstvi-vysokotlake-cistice-48533\/#breadcrumb\",\"itemListElement\":[{\"@type\":\"ListItem\",\"position\":1,\"name\":\"Home\",\"item\":\"https:\/\/www.domkraftpro.com\/\"},{\"@type\":\"ListItem\",\"position\":2,\"name\":\"Products\",\"item\":\"https:\/\/www.domkraftpro.com\/index.php\/products\/\"},{\"@type\":\"ListItem\",\"position\":3,\"name\":\"Kup Te\u010f Bosch \u010cisti\u010d odpad\u016f P\u0159\u00edslu\u0161enstv\u00ed &#8211; vysokotlak\u00e9 \u010disti\u010de\"}]},{\"@type\":\"WebSite\",\"@id\":\"https:\/\/www.domkraftpro.com\/#website\",\"url\":\"https:\/\/www.domkraftpro.com\/\",\"name\":\"\",\"description\":\"\",\"potentialAction\":[{\"@type\":\"SearchAction\",\"target\":{\"@type\":\"EntryPoint\",\"urlTemplate\":\"https:\/\/www.domkraftpro.com\/?s={search_term_string}\"},\"query-input\":{\"@type\":\"PropertyValueSpecification\",\"valueRequired\":true,\"valueName\":\"search_term_string\"}}],\"inLanguage\":\"cs\"}]}<\/script>\n<!-- \/ Yoast SEO plugin. -->","yoast_head_json":{"title":"Kup Te\u010f Bosch \u010cisti\u010d odpad\u016f P\u0159\u00edslu\u0161enstv\u00ed - vysokotlak\u00e9 \u010disti\u010de -","robots":{"index":"index","follow":"follow","max-snippet":"max-snippet:-1","max-image-preview":"max-image-preview:large","max-video-preview":"max-video-preview:-1"},"canonical":"https:\/\/www.domkraftpro.com\/index.php\/produkt\/kup-ted-bosch-cistic-odpadu-prislusenstvi-vysokotlake-cistice-48533\/","og_locale":"cs_CZ","og_type":"article","og_title":"Kup Te\u010f Bosch \u010cisti\u010d odpad\u016f P\u0159\u00edslu\u0161enstv\u00ed - vysokotlak\u00e9 \u010disti\u010de -","og_description":"GHP 5-55; 5-65; 5-65 X; 5-75; 5-75 X; Hlavn\u00ed my\u0161lenkaP\u0159\u00eddavn\u00e9 p\u0159\u00edslu\u0161enstv\u00edU\u017eivatelsk\u00e9 v\u00fdhody\u010cisti\u010d trubek o\u00a0d\u00e9lce 8\u00a0m pro odstra\u0148ov\u00e1n\u00ed ucp\u00e1n\u00ed v\u00a0potrub\u00ed, odtoc\u00edch, toalet\u00e1ch atd.Mosazn\u00e1 tryska se t\u0159emi zp\u011btn\u00fdmi tryskami pro posuv \u010distic\u00ed trysky \u010di\u0161t\u011bnou trubkouIde\u00e1ln\u00ed pro tlak 100 a\u017e 150\u00a0barDal\u0161\u00ed v\u00fdhodyHod\u00ed se pro v\u0161echny p\u0159\u00edstroje Prima Max. tlak 150 bar D\u00e9lka hadice 8 m hmotnost (bez p\u0159\u00edslu\u0161enstv\u00ed) [&hellip;]","og_url":"https:\/\/www.domkraftpro.com\/index.php\/produkt\/kup-ted-bosch-cistic-odpadu-prislusenstvi-vysokotlake-cistice-48533\/","og_image":[{"width":700,"height":596,"url":"https:\/\/www.domkraftpro.com\/wp-content\/uploads\/2026\/SK0009070-CZ20260425-092328-0-1777080210-img-rd-110752-15.webp","type":"image\/webp"}],"twitter_card":"summary_large_image","schema":{"@context":"https:\/\/schema.org","@graph":[{"@type":"WebPage","@id":"https:\/\/www.domkraftpro.com\/index.php\/produkt\/kup-ted-bosch-cistic-odpadu-prislusenstvi-vysokotlake-cistice-48533\/","url":"https:\/\/www.domkraftpro.com\/index.php\/produkt\/kup-ted-bosch-cistic-odpadu-prislusenstvi-vysokotlake-cistice-48533\/","name":"Kup Te\u010f Bosch \u010cisti\u010d odpad\u016f P\u0159\u00edslu\u0161enstv\u00ed - vysokotlak\u00e9 \u010disti\u010de -","isPartOf":{"@id":"https:\/\/www.domkraftpro.com\/#website"},"primaryImageOfPage":{"@id":"https:\/\/www.domkraftpro.com\/index.php\/produkt\/kup-ted-bosch-cistic-odpadu-prislusenstvi-vysokotlake-cistice-48533\/#primaryimage"},"image":{"@id":"https:\/\/www.domkraftpro.com\/index.php\/produkt\/kup-ted-bosch-cistic-odpadu-prislusenstvi-vysokotlake-cistice-48533\/#primaryimage"},"thumbnailUrl":"https:\/\/www.domkraftpro.com\/wp-content\/uploads\/2026\/SK0009070-CZ20260425-092328-0-1777080210-img-rd-110752-15.webp","datePublished":"2026-04-27T04:42:34+00:00","breadcrumb":{"@id":"https:\/\/www.domkraftpro.com\/index.php\/produkt\/kup-ted-bosch-cistic-odpadu-prislusenstvi-vysokotlake-cistice-48533\/#breadcrumb"},"inLanguage":"cs","potentialAction":[{"@type":"ReadAction","target":["https:\/\/www.domkraftpro.com\/index.php\/produkt\/kup-ted-bosch-cistic-odpadu-prislusenstvi-vysokotlake-cistice-48533\/"]}]},{"@type":"ImageObject","inLanguage":"cs","@id":"https:\/\/www.domkraftpro.com\/index.php\/produkt\/kup-ted-bosch-cistic-odpadu-prislusenstvi-vysokotlake-cistice-48533\/#primaryimage","url":"https:\/\/www.domkraftpro.com\/wp-content\/uploads\/2026\/SK0009070-CZ20260425-092328-0-1777080210-img-rd-110752-15.webp","contentUrl":"https:\/\/www.domkraftpro.com\/wp-content\/uploads\/2026\/SK0009070-CZ20260425-092328-0-1777080210-img-rd-110752-15.webp","width":700,"height":596},{"@type":"BreadcrumbList","@id":"https:\/\/www.domkraftpro.com\/index.php\/produkt\/kup-ted-bosch-cistic-odpadu-prislusenstvi-vysokotlake-cistice-48533\/#breadcrumb","itemListElement":[{"@type":"ListItem","position":1,"name":"Home","item":"https:\/\/www.domkraftpro.com\/"},{"@type":"ListItem","position":2,"name":"Products","item":"https:\/\/www.domkraftpro.com\/index.php\/products\/"},{"@type":"ListItem","position":3,"name":"Kup Te\u010f Bosch \u010cisti\u010d odpad\u016f P\u0159\u00edslu\u0161enstv\u00ed &#8211; vysokotlak\u00e9 \u010disti\u010de"}]},{"@type":"WebSite","@id":"https:\/\/www.domkraftpro.com\/#website","url":"https:\/\/www.domkraftpro.com\/","name":"","description":"","potentialAction":[{"@type":"SearchAction","target":{"@type":"EntryPoint","urlTemplate":"https:\/\/www.domkraftpro.com\/?s={search_term_string}"},"query-input":{"@type":"PropertyValueSpecification","valueRequired":true,"valueName":"search_term_string"}}],"inLanguage":"cs"}]}},"_links":{"self":[{"href":"https:\/\/www.domkraftpro.com\/index.php\/wp-json\/wp\/v2\/product\/48533","targetHints":{"allow":["GET"]}}],"collection":[{"href":"https:\/\/www.domkraftpro.com\/index.php\/wp-json\/wp\/v2\/product"}],"about":[{"href":"https:\/\/www.domkraftpro.com\/index.php\/wp-json\/wp\/v2\/types\/product"}],"replies":[{"embeddable":true,"href":"https:\/\/www.domkraftpro.com\/index.php\/wp-json\/wp\/v2\/comments?post=48533"}],"wp:featuredmedia":[{"embeddable":true,"href":"https:\/\/www.domkraftpro.com\/index.php\/wp-json\/wp\/v2\/media\/48633"}],"wp:attachment":[{"href":"https:\/\/www.domkraftpro.com\/index.php\/wp-json\/wp\/v2\/media?parent=48533"}],"wp:term":[{"taxonomy":"product_brand","embeddable":true,"href":"https:\/\/www.domkraftpro.com\/index.php\/wp-json\/wp\/v2\/product_brand?post=48533"},{"taxonomy":"product_cat","embeddable":true,"href":"https:\/\/www.domkraftpro.com\/index.php\/wp-json\/wp\/v2\/product_cat?post=48533"},{"taxonomy":"product_tag","embeddable":true,"href":"https:\/\/www.domkraftpro.com\/index.php\/wp-json\/wp\/v2\/product_tag?post=48533"}],"curies":[{"name":"wp","href":"https:\/\/api.w.org\/{rel}","templated":true}]}}