{"id":48531,"date":"2026-04-27T04:42:34","date_gmt":"2026-04-27T04:42:34","guid":{"rendered":""},"modified":"2026-04-27T04:42:34","modified_gmt":"2026-04-27T04:42:34","slug":"bosch-penova-tryska-ghp-prislusenstvi-vysokotlake-cistice-vyprodej-48531","status":"publish","type":"product","link":"https:\/\/www.domkraftpro.com\/index.php\/produkt\/bosch-penova-tryska-ghp-prislusenstvi-vysokotlake-cistice-vyprodej-48531\/","title":{"rendered":"Bosch P\u011bnov\u00e1 tryska GHP P\u0159\u00edslu\u0161enstv\u00ed &#8211; vysokotlak\u00e9 \u010disti\u010de V\u00fdprodej"},"content":{"rendered":"<table>\n<div class=\"tab-pane active product-description\" id=\"popis\" role=\"tabpanel\">\n<div class=\"short-description\" itemprop=\"description\">GHP; 1 litr; <\/div>\n<div class=\"description\">Hlavn\u00ed my\u0161lenka<span class='bullet-line'>P\u0159\u00eddavn\u00e9 p\u0159\u00edslu\u0161enstv\u00ed<\/span><br \/>U\u017eivatelsk\u00e9 v\u00fdhody<span class='bullet-line'>Rychle vytv\u00e1\u0159\u00ed p\u011bnu, kter\u00e1 dlouho vydr\u017e\u00ed<\/span><span class='bullet-line'>Nastaviteln\u00fd pr\u016ftok a\u00a0\u00fahel rozpra\u0161ov\u00e1n\u00ed umo\u017e\u0148uj\u00ed u\u017eivateli m\u011bnit mno\u017estv\u00ed p\u011bny podle r\u016fzn\u00fdch pot\u0159eb \u010di\u0161t\u011bn\u00ed<\/span><span class='bullet-line'>Z\u00e1sobn\u00ed n\u00e1dr\u017eka s\u00a0mosaznou p\u011bnovac\u00ed tryskou s\u00a0dlouhou \u017eivotnost\u00ed<\/span><br \/>Dal\u0161\u00ed v\u00fdhody<span class='bullet-line'>P\u011bnovac\u00ed l\u00e1hev s\u00a0mosaznou tryskou a\u00a0objemem 1\u00a0l<\/span><span class='bullet-line'>Nastaviteln\u00e9 \u010derpac\u00ed mno\u017estv\u00ed<\/span><span class='bullet-line'>Nastaviteln\u00fd \u00fahel rozpra\u0161ov\u00e1n\u00ed<\/span><span class='bullet-line'>S\u00a0adapt\u00e9rem se hod\u00ed pro v\u0161echna za\u0159\u00edzen\u00ed nov\u00e9 \u0159ady Prima<\/span><span class='bullet-line'>Objednac\u00ed \u010d\u00edslo adapt\u00e9ru: F 016 800 454<\/span><\/div>\n<div class=\"parameters\">\n<tr>\n<td>hmotnost (bez p\u0159\u00edslu\u0161enstv\u00ed)<\/td>\n<td>1 kg<\/td>\n<\/tr><\/div>\n<\/table>\n","protected":false},"excerpt":{"rendered":"<p>GHP; 1 litr; Hlavn\u00ed my\u0161lenkaP\u0159\u00eddavn\u00e9 p\u0159\u00edslu\u0161enstv\u00edU\u017eivatelsk\u00e9 v\u00fdhodyRychle vytv\u00e1\u0159\u00ed p\u011bnu, kter\u00e1 dlouho vydr\u017e\u00edNastaviteln\u00fd pr\u016ftok a\u00a0\u00fahel rozpra\u0161ov\u00e1n\u00ed umo\u017e\u0148uj\u00ed u\u017eivateli m\u011bnit mno\u017estv\u00ed p\u011bny podle r\u016fzn\u00fdch pot\u0159eb \u010di\u0161t\u011bn\u00edZ\u00e1sobn\u00ed n\u00e1dr\u017eka s\u00a0mosaznou p\u011bnovac\u00ed tryskou s\u00a0dlouhou \u017eivotnost\u00edDal\u0161\u00ed v\u00fdhodyP\u011bnovac\u00ed l\u00e1hev s\u00a0mosaznou tryskou a\u00a0objemem 1\u00a0lNastaviteln\u00e9 \u010derpac\u00ed mno\u017estv\u00edNastaviteln\u00fd \u00fahel rozpra\u0161ov\u00e1n\u00edS\u00a0adapt\u00e9rem se hod\u00ed pro v\u0161echna za\u0159\u00edzen\u00ed nov\u00e9 \u0159ady PrimaObjednac\u00ed \u010d\u00edslo adapt\u00e9ru: F 016 800 454 hmotnost [&hellip;]<\/p>\n","protected":false},"featured_media":48631,"comment_status":"open","ping_status":"open","template":"","meta":[],"product_brand":[],"product_cat":[118],"product_tag":[],"class_list":{"0":"post-48531","1":"product","2":"type-product","3":"status-publish","4":"has-post-thumbnail","6":"product_cat-cistici-technika","8":"first","9":"instock","10":"sale","11":"shipping-taxable","12":"purchasable","13":"product-type-simple"},"yoast_head":"<!-- This site is optimized with the Yoast SEO plugin v26.8 - https:\/\/yoast.com\/product\/yoast-seo-wordpress\/ -->\n<title>Bosch P\u011bnov\u00e1 tryska GHP P\u0159\u00edslu\u0161enstv\u00ed - vysokotlak\u00e9 \u010disti\u010de V\u00fdprodej -<\/title>\n<meta name=\"robots\" content=\"index, follow, max-snippet:-1, max-image-preview:large, max-video-preview:-1\" \/>\n<link rel=\"canonical\" href=\"https:\/\/www.domkraftpro.com\/index.php\/produkt\/bosch-penova-tryska-ghp-prislusenstvi-vysokotlake-cistice-vyprodej-48531\/\" \/>\n<meta property=\"og:locale\" content=\"cs_CZ\" \/>\n<meta property=\"og:type\" content=\"article\" \/>\n<meta property=\"og:title\" content=\"Bosch P\u011bnov\u00e1 tryska GHP P\u0159\u00edslu\u0161enstv\u00ed - vysokotlak\u00e9 \u010disti\u010de V\u00fdprodej -\" \/>\n<meta property=\"og:description\" content=\"GHP; 1 litr; Hlavn\u00ed my\u0161lenkaP\u0159\u00eddavn\u00e9 p\u0159\u00edslu\u0161enstv\u00edU\u017eivatelsk\u00e9 v\u00fdhodyRychle vytv\u00e1\u0159\u00ed p\u011bnu, kter\u00e1 dlouho vydr\u017e\u00edNastaviteln\u00fd pr\u016ftok a\u00a0\u00fahel rozpra\u0161ov\u00e1n\u00ed umo\u017e\u0148uj\u00ed u\u017eivateli m\u011bnit mno\u017estv\u00ed p\u011bny podle r\u016fzn\u00fdch pot\u0159eb \u010di\u0161t\u011bn\u00edZ\u00e1sobn\u00ed n\u00e1dr\u017eka s\u00a0mosaznou p\u011bnovac\u00ed tryskou s\u00a0dlouhou \u017eivotnost\u00edDal\u0161\u00ed v\u00fdhodyP\u011bnovac\u00ed l\u00e1hev s\u00a0mosaznou tryskou a\u00a0objemem 1\u00a0lNastaviteln\u00e9 \u010derpac\u00ed mno\u017estv\u00edNastaviteln\u00fd \u00fahel rozpra\u0161ov\u00e1n\u00edS\u00a0adapt\u00e9rem se hod\u00ed pro v\u0161echna za\u0159\u00edzen\u00ed nov\u00e9 \u0159ady PrimaObjednac\u00ed \u010d\u00edslo adapt\u00e9ru: F 016 800 454 hmotnost [&hellip;]\" \/>\n<meta property=\"og:url\" content=\"https:\/\/www.domkraftpro.com\/index.php\/produkt\/bosch-penova-tryska-ghp-prislusenstvi-vysokotlake-cistice-vyprodej-48531\/\" \/>\n<meta property=\"og:image\" content=\"https:\/\/www.domkraftpro.com\/wp-content\/uploads\/2026\/SK0009068-CZ20260425-092328-0-1777080210-img-rd-106766-15.webp\" \/>\n\t<meta property=\"og:image:width\" content=\"487\" \/>\n\t<meta property=\"og:image:height\" content=\"700\" \/>\n\t<meta property=\"og:image:type\" content=\"image\/webp\" \/>\n<meta name=\"twitter:card\" content=\"summary_large_image\" \/>\n<meta name=\"twitter:label1\" content=\"Odhadovan\u00e1 doba \u010dten\u00ed\" \/>\n\t<meta name=\"twitter:data1\" content=\"1 minuta\" \/>\n<script type=\"application\/ld+json\" class=\"yoast-schema-graph\">{\"@context\":\"https:\/\/schema.org\",\"@graph\":[{\"@type\":\"WebPage\",\"@id\":\"https:\/\/www.domkraftpro.com\/index.php\/produkt\/bosch-penova-tryska-ghp-prislusenstvi-vysokotlake-cistice-vyprodej-48531\/\",\"url\":\"https:\/\/www.domkraftpro.com\/index.php\/produkt\/bosch-penova-tryska-ghp-prislusenstvi-vysokotlake-cistice-vyprodej-48531\/\",\"name\":\"Bosch P\u011bnov\u00e1 tryska GHP P\u0159\u00edslu\u0161enstv\u00ed - vysokotlak\u00e9 \u010disti\u010de V\u00fdprodej -\",\"isPartOf\":{\"@id\":\"https:\/\/www.domkraftpro.com\/#website\"},\"primaryImageOfPage\":{\"@id\":\"https:\/\/www.domkraftpro.com\/index.php\/produkt\/bosch-penova-tryska-ghp-prislusenstvi-vysokotlake-cistice-vyprodej-48531\/#primaryimage\"},\"image\":{\"@id\":\"https:\/\/www.domkraftpro.com\/index.php\/produkt\/bosch-penova-tryska-ghp-prislusenstvi-vysokotlake-cistice-vyprodej-48531\/#primaryimage\"},\"thumbnailUrl\":\"https:\/\/www.domkraftpro.com\/wp-content\/uploads\/2026\/SK0009068-CZ20260425-092328-0-1777080210-img-rd-106766-15.webp\",\"datePublished\":\"2026-04-27T04:42:34+00:00\",\"breadcrumb\":{\"@id\":\"https:\/\/www.domkraftpro.com\/index.php\/produkt\/bosch-penova-tryska-ghp-prislusenstvi-vysokotlake-cistice-vyprodej-48531\/#breadcrumb\"},\"inLanguage\":\"cs\",\"potentialAction\":[{\"@type\":\"ReadAction\",\"target\":[\"https:\/\/www.domkraftpro.com\/index.php\/produkt\/bosch-penova-tryska-ghp-prislusenstvi-vysokotlake-cistice-vyprodej-48531\/\"]}]},{\"@type\":\"ImageObject\",\"inLanguage\":\"cs\",\"@id\":\"https:\/\/www.domkraftpro.com\/index.php\/produkt\/bosch-penova-tryska-ghp-prislusenstvi-vysokotlake-cistice-vyprodej-48531\/#primaryimage\",\"url\":\"https:\/\/www.domkraftpro.com\/wp-content\/uploads\/2026\/SK0009068-CZ20260425-092328-0-1777080210-img-rd-106766-15.webp\",\"contentUrl\":\"https:\/\/www.domkraftpro.com\/wp-content\/uploads\/2026\/SK0009068-CZ20260425-092328-0-1777080210-img-rd-106766-15.webp\",\"width\":487,\"height\":700},{\"@type\":\"BreadcrumbList\",\"@id\":\"https:\/\/www.domkraftpro.com\/index.php\/produkt\/bosch-penova-tryska-ghp-prislusenstvi-vysokotlake-cistice-vyprodej-48531\/#breadcrumb\",\"itemListElement\":[{\"@type\":\"ListItem\",\"position\":1,\"name\":\"Home\",\"item\":\"https:\/\/www.domkraftpro.com\/\"},{\"@type\":\"ListItem\",\"position\":2,\"name\":\"Products\",\"item\":\"https:\/\/www.domkraftpro.com\/index.php\/products\/\"},{\"@type\":\"ListItem\",\"position\":3,\"name\":\"Bosch P\u011bnov\u00e1 tryska GHP P\u0159\u00edslu\u0161enstv\u00ed &#8211; vysokotlak\u00e9 \u010disti\u010de V\u00fdprodej\"}]},{\"@type\":\"WebSite\",\"@id\":\"https:\/\/www.domkraftpro.com\/#website\",\"url\":\"https:\/\/www.domkraftpro.com\/\",\"name\":\"\",\"description\":\"\",\"potentialAction\":[{\"@type\":\"SearchAction\",\"target\":{\"@type\":\"EntryPoint\",\"urlTemplate\":\"https:\/\/www.domkraftpro.com\/?s={search_term_string}\"},\"query-input\":{\"@type\":\"PropertyValueSpecification\",\"valueRequired\":true,\"valueName\":\"search_term_string\"}}],\"inLanguage\":\"cs\"}]}<\/script>\n<!-- \/ Yoast SEO plugin. -->","yoast_head_json":{"title":"Bosch P\u011bnov\u00e1 tryska GHP P\u0159\u00edslu\u0161enstv\u00ed - vysokotlak\u00e9 \u010disti\u010de V\u00fdprodej -","robots":{"index":"index","follow":"follow","max-snippet":"max-snippet:-1","max-image-preview":"max-image-preview:large","max-video-preview":"max-video-preview:-1"},"canonical":"https:\/\/www.domkraftpro.com\/index.php\/produkt\/bosch-penova-tryska-ghp-prislusenstvi-vysokotlake-cistice-vyprodej-48531\/","og_locale":"cs_CZ","og_type":"article","og_title":"Bosch P\u011bnov\u00e1 tryska GHP P\u0159\u00edslu\u0161enstv\u00ed - vysokotlak\u00e9 \u010disti\u010de V\u00fdprodej -","og_description":"GHP; 1 litr; Hlavn\u00ed my\u0161lenkaP\u0159\u00eddavn\u00e9 p\u0159\u00edslu\u0161enstv\u00edU\u017eivatelsk\u00e9 v\u00fdhodyRychle vytv\u00e1\u0159\u00ed p\u011bnu, kter\u00e1 dlouho vydr\u017e\u00edNastaviteln\u00fd pr\u016ftok a\u00a0\u00fahel rozpra\u0161ov\u00e1n\u00ed umo\u017e\u0148uj\u00ed u\u017eivateli m\u011bnit mno\u017estv\u00ed p\u011bny podle r\u016fzn\u00fdch pot\u0159eb \u010di\u0161t\u011bn\u00edZ\u00e1sobn\u00ed n\u00e1dr\u017eka s\u00a0mosaznou p\u011bnovac\u00ed tryskou s\u00a0dlouhou \u017eivotnost\u00edDal\u0161\u00ed v\u00fdhodyP\u011bnovac\u00ed l\u00e1hev s\u00a0mosaznou tryskou a\u00a0objemem 1\u00a0lNastaviteln\u00e9 \u010derpac\u00ed mno\u017estv\u00edNastaviteln\u00fd \u00fahel rozpra\u0161ov\u00e1n\u00edS\u00a0adapt\u00e9rem se hod\u00ed pro v\u0161echna za\u0159\u00edzen\u00ed nov\u00e9 \u0159ady PrimaObjednac\u00ed \u010d\u00edslo adapt\u00e9ru: F 016 800 454 hmotnost [&hellip;]","og_url":"https:\/\/www.domkraftpro.com\/index.php\/produkt\/bosch-penova-tryska-ghp-prislusenstvi-vysokotlake-cistice-vyprodej-48531\/","og_image":[{"width":487,"height":700,"url":"https:\/\/www.domkraftpro.com\/wp-content\/uploads\/2026\/SK0009068-CZ20260425-092328-0-1777080210-img-rd-106766-15.webp","type":"image\/webp"}],"twitter_card":"summary_large_image","twitter_misc":{"Odhadovan\u00e1 doba \u010dten\u00ed":"1 minuta"},"schema":{"@context":"https:\/\/schema.org","@graph":[{"@type":"WebPage","@id":"https:\/\/www.domkraftpro.com\/index.php\/produkt\/bosch-penova-tryska-ghp-prislusenstvi-vysokotlake-cistice-vyprodej-48531\/","url":"https:\/\/www.domkraftpro.com\/index.php\/produkt\/bosch-penova-tryska-ghp-prislusenstvi-vysokotlake-cistice-vyprodej-48531\/","name":"Bosch P\u011bnov\u00e1 tryska GHP P\u0159\u00edslu\u0161enstv\u00ed - vysokotlak\u00e9 \u010disti\u010de V\u00fdprodej -","isPartOf":{"@id":"https:\/\/www.domkraftpro.com\/#website"},"primaryImageOfPage":{"@id":"https:\/\/www.domkraftpro.com\/index.php\/produkt\/bosch-penova-tryska-ghp-prislusenstvi-vysokotlake-cistice-vyprodej-48531\/#primaryimage"},"image":{"@id":"https:\/\/www.domkraftpro.com\/index.php\/produkt\/bosch-penova-tryska-ghp-prislusenstvi-vysokotlake-cistice-vyprodej-48531\/#primaryimage"},"thumbnailUrl":"https:\/\/www.domkraftpro.com\/wp-content\/uploads\/2026\/SK0009068-CZ20260425-092328-0-1777080210-img-rd-106766-15.webp","datePublished":"2026-04-27T04:42:34+00:00","breadcrumb":{"@id":"https:\/\/www.domkraftpro.com\/index.php\/produkt\/bosch-penova-tryska-ghp-prislusenstvi-vysokotlake-cistice-vyprodej-48531\/#breadcrumb"},"inLanguage":"cs","potentialAction":[{"@type":"ReadAction","target":["https:\/\/www.domkraftpro.com\/index.php\/produkt\/bosch-penova-tryska-ghp-prislusenstvi-vysokotlake-cistice-vyprodej-48531\/"]}]},{"@type":"ImageObject","inLanguage":"cs","@id":"https:\/\/www.domkraftpro.com\/index.php\/produkt\/bosch-penova-tryska-ghp-prislusenstvi-vysokotlake-cistice-vyprodej-48531\/#primaryimage","url":"https:\/\/www.domkraftpro.com\/wp-content\/uploads\/2026\/SK0009068-CZ20260425-092328-0-1777080210-img-rd-106766-15.webp","contentUrl":"https:\/\/www.domkraftpro.com\/wp-content\/uploads\/2026\/SK0009068-CZ20260425-092328-0-1777080210-img-rd-106766-15.webp","width":487,"height":700},{"@type":"BreadcrumbList","@id":"https:\/\/www.domkraftpro.com\/index.php\/produkt\/bosch-penova-tryska-ghp-prislusenstvi-vysokotlake-cistice-vyprodej-48531\/#breadcrumb","itemListElement":[{"@type":"ListItem","position":1,"name":"Home","item":"https:\/\/www.domkraftpro.com\/"},{"@type":"ListItem","position":2,"name":"Products","item":"https:\/\/www.domkraftpro.com\/index.php\/products\/"},{"@type":"ListItem","position":3,"name":"Bosch P\u011bnov\u00e1 tryska GHP P\u0159\u00edslu\u0161enstv\u00ed &#8211; vysokotlak\u00e9 \u010disti\u010de V\u00fdprodej"}]},{"@type":"WebSite","@id":"https:\/\/www.domkraftpro.com\/#website","url":"https:\/\/www.domkraftpro.com\/","name":"","description":"","potentialAction":[{"@type":"SearchAction","target":{"@type":"EntryPoint","urlTemplate":"https:\/\/www.domkraftpro.com\/?s={search_term_string}"},"query-input":{"@type":"PropertyValueSpecification","valueRequired":true,"valueName":"search_term_string"}}],"inLanguage":"cs"}]}},"_links":{"self":[{"href":"https:\/\/www.domkraftpro.com\/index.php\/wp-json\/wp\/v2\/product\/48531","targetHints":{"allow":["GET"]}}],"collection":[{"href":"https:\/\/www.domkraftpro.com\/index.php\/wp-json\/wp\/v2\/product"}],"about":[{"href":"https:\/\/www.domkraftpro.com\/index.php\/wp-json\/wp\/v2\/types\/product"}],"replies":[{"embeddable":true,"href":"https:\/\/www.domkraftpro.com\/index.php\/wp-json\/wp\/v2\/comments?post=48531"}],"wp:featuredmedia":[{"embeddable":true,"href":"https:\/\/www.domkraftpro.com\/index.php\/wp-json\/wp\/v2\/media\/48631"}],"wp:attachment":[{"href":"https:\/\/www.domkraftpro.com\/index.php\/wp-json\/wp\/v2\/media?parent=48531"}],"wp:term":[{"taxonomy":"product_brand","embeddable":true,"href":"https:\/\/www.domkraftpro.com\/index.php\/wp-json\/wp\/v2\/product_brand?post=48531"},{"taxonomy":"product_cat","embeddable":true,"href":"https:\/\/www.domkraftpro.com\/index.php\/wp-json\/wp\/v2\/product_cat?post=48531"},{"taxonomy":"product_tag","embeddable":true,"href":"https:\/\/www.domkraftpro.com\/index.php\/wp-json\/wp\/v2\/product_tag?post=48531"}],"curies":[{"name":"wp","href":"https:\/\/api.w.org\/{rel}","templated":true}]}}