{"id":48352,"date":"2026-04-27T04:42:33","date_gmt":"2026-04-27T04:42:33","guid":{"rendered":""},"modified":"2026-04-27T04:42:33","modified_gmt":"2026-04-27T04:42:33","slug":"znackovy-bosch-gas-18v-1-solo-vysavac-48352","status":"publish","type":"product","link":"https:\/\/www.domkraftpro.com\/produkt\/znackovy-bosch-gas-18v-1-solo-vysavac-48352\/","title":{"rendered":"Zna\u010dkov\u00fd Bosch GAS 18V-1 (solo) Vysava\u010d"},"content":{"rendered":"<table>\n<div class=\"tab-pane active product-description\" id=\"popis\" role=\"tabpanel\">\n<div class=\"short-description\" itemprop=\"description\">18 V; bez akumul\u00e1toru a nab\u00edje\u010dky; 700 ml; 60 mbar; AC; krabice<\/div>\n<div class=\"description\">Hlavn\u00ed my\u0161lenka<span class='bullet-line'>Nov\u00e1 definice \u010distic\u00edho v\u00fdkonu!<br \/><\/span>S\u00a0novou technologi\u00ed rota\u010dn\u00edho proud\u011bn\u00ed vzduchu.<\/p>\n<p>U\u017eivatelsk\u00e9 v\u00fdhody<span class='bullet-line'>3 siln\u00e9 rota\u010dn\u00ed proudy vzduchu pro vysoce efektivn\u00ed \u010di\u0161t\u011bn\u00ed s\u00a0minim\u00e1ln\u00ed ztr\u00e1tou sac\u00edho v\u00fdkonu b\u011bhem pou\u017e\u00edv\u00e1n\u00ed!<br \/><\/span><span class='bullet-line'>V\u00fdkonn\u00fd motor pracuje s\u00a0podtlakem 6\u00a0 kPa a\u00a0dlouhou dobou chodu se 7\u00a0minutami na Ah<br \/><\/span><span class='bullet-line'>Funkce rychl\u00e9ho vysyp\u00e1n\u00ed prachu a\u00a0omyvateln\u00e1 n\u00e1doba na prach jsou z\u00e1rukou snadn\u00e9ho \u010di\u0161t\u011bn\u00ed n\u00e1\u0159ad\u00ed<br \/><\/span><br \/>Dal\u0161\u00ed v\u00fdhody<span class='bullet-line'>Ergonomick\u00fd design<br \/><\/span><span class='bullet-line'>Flexible Power System<br \/><\/span><span class='bullet-line'>Rota\u010dn\u00ed proud\u011bn\u00ed vzduchu<br \/><\/span><br \/>Rozsah dod\u00e1vky<span class='bullet-line'>Podlahov\u00e1 hubice<br \/><\/span><span class='bullet-line'>Flexibiln\u00ed prodlu\u017eovac\u00ed hubice<br \/><\/span><span class='bullet-line'>\u0160t\u011brbinov\u00e1 hubice<br \/><\/span><span class='bullet-line'>2\u00d7 sac\u00ed trubice<\/span><\/div>\n<div class=\"parameters\">\n<tr>\n<td>Hmotnost bez akumul\u00e1toru<\/td>\n<td>1,3 kg<\/td>\n<\/tr>\n<tr>\n<td>Objem sb\u011brn\u00e9 n\u00e1doby<\/td>\n<td>0,70 l<\/td>\n<\/tr>\n<tr>\n<td>D\u00e9lka<\/td>\n<td>142,0 mm<\/td>\n<\/tr>\n<tr>\n<td>\u0160\u00ed\u0159ka<\/td>\n<td>184,0 mm<\/td>\n<\/tr>\n<tr>\n<td>V\u00fd\u0161ka<\/td>\n<td>121,0 mm<\/td>\n<\/tr>\n<tr>\n<td>Filtra\u010dn\u00ed plocha<\/td>\n<td>55 cm\u00b2<\/td>\n<\/tr>\n<tr>\n<td>Max. objemov\u00fd proud (turb\u00edna)<\/td>\n<td>10,0 l\/sec<\/td>\n<\/tr>\n<tr>\n<td>Max. podtlak (turb\u00edna)<\/td>\n<td>60 mbar<\/td>\n<\/tr>\n<tr>\n<td>Nap\u011bt\u00ed akumul\u00e1toru<\/td>\n<td>18 V<\/td>\n<\/tr><\/div>\n<\/table>\n","protected":false},"excerpt":{"rendered":"<p>18 V; bez akumul\u00e1toru a nab\u00edje\u010dky; 700 ml; 60 mbar; AC; krabice Hlavn\u00ed my\u0161lenkaNov\u00e1 definice \u010distic\u00edho v\u00fdkonu!S\u00a0novou technologi\u00ed rota\u010dn\u00edho proud\u011bn\u00ed vzduchu. U\u017eivatelsk\u00e9 v\u00fdhody3 siln\u00e9 rota\u010dn\u00ed proudy vzduchu pro vysoce efektivn\u00ed \u010di\u0161t\u011bn\u00ed s\u00a0minim\u00e1ln\u00ed ztr\u00e1tou sac\u00edho v\u00fdkonu b\u011bhem pou\u017e\u00edv\u00e1n\u00ed!V\u00fdkonn\u00fd motor pracuje s\u00a0podtlakem 6\u00a0 kPa a\u00a0dlouhou dobou chodu se 7\u00a0minutami na AhFunkce rychl\u00e9ho vysyp\u00e1n\u00ed prachu a\u00a0omyvateln\u00e1 n\u00e1doba na [&hellip;]<\/p>\n","protected":false},"featured_media":48452,"comment_status":"open","ping_status":"open","template":"","meta":[],"product_brand":[],"product_cat":[52],"product_tag":[],"class_list":{"0":"post-48352","1":"product","2":"type-product","3":"status-publish","4":"has-post-thumbnail","6":"product_cat-naradi","8":"first","9":"instock","10":"sale","11":"shipping-taxable","12":"purchasable","13":"product-type-simple"},"yoast_head":"<!-- This site is optimized with the Yoast SEO plugin v26.8 - https:\/\/yoast.com\/product\/yoast-seo-wordpress\/ -->\n<title>Zna\u010dkov\u00fd Bosch GAS 18V-1 (solo) Vysava\u010d -<\/title>\n<meta name=\"robots\" content=\"index, follow, max-snippet:-1, max-image-preview:large, max-video-preview:-1\" \/>\n<link rel=\"canonical\" href=\"https:\/\/www.domkraftpro.com\/index.php\/produkt\/znackovy-bosch-gas-18v-1-solo-vysavac-48352\/\" \/>\n<meta property=\"og:locale\" content=\"cs_CZ\" \/>\n<meta property=\"og:type\" content=\"article\" \/>\n<meta property=\"og:title\" content=\"Zna\u010dkov\u00fd Bosch GAS 18V-1 (solo) Vysava\u010d -\" \/>\n<meta property=\"og:description\" content=\"18 V; bez akumul\u00e1toru a nab\u00edje\u010dky; 700 ml; 60 mbar; AC; krabice Hlavn\u00ed my\u0161lenkaNov\u00e1 definice \u010distic\u00edho v\u00fdkonu!S\u00a0novou technologi\u00ed rota\u010dn\u00edho proud\u011bn\u00ed vzduchu. U\u017eivatelsk\u00e9 v\u00fdhody3 siln\u00e9 rota\u010dn\u00ed proudy vzduchu pro vysoce efektivn\u00ed \u010di\u0161t\u011bn\u00ed s\u00a0minim\u00e1ln\u00ed ztr\u00e1tou sac\u00edho v\u00fdkonu b\u011bhem pou\u017e\u00edv\u00e1n\u00ed!V\u00fdkonn\u00fd motor pracuje s\u00a0podtlakem 6\u00a0 kPa a\u00a0dlouhou dobou chodu se 7\u00a0minutami na AhFunkce rychl\u00e9ho vysyp\u00e1n\u00ed prachu a\u00a0omyvateln\u00e1 n\u00e1doba na [&hellip;]\" \/>\n<meta property=\"og:url\" content=\"https:\/\/www.domkraftpro.com\/index.php\/produkt\/znackovy-bosch-gas-18v-1-solo-vysavac-48352\/\" \/>\n<meta property=\"og:image\" content=\"https:\/\/www.domkraftpro.com\/wp-content\/uploads\/2026\/SK0008986-CZ20260425-092328-0-1777080210-snimek-obrazovky-2023-10-26-135547.webp\" \/>\n\t<meta property=\"og:image:width\" content=\"497\" \/>\n\t<meta property=\"og:image:height\" content=\"368\" \/>\n\t<meta property=\"og:image:type\" content=\"image\/webp\" \/>\n<meta name=\"twitter:card\" content=\"summary_large_image\" \/>\n<meta name=\"twitter:label1\" content=\"Odhadovan\u00e1 doba \u010dten\u00ed\" \/>\n\t<meta name=\"twitter:data1\" content=\"1 minuta\" \/>\n<script type=\"application\/ld+json\" class=\"yoast-schema-graph\">{\"@context\":\"https:\/\/schema.org\",\"@graph\":[{\"@type\":\"WebPage\",\"@id\":\"https:\/\/www.domkraftpro.com\/index.php\/produkt\/znackovy-bosch-gas-18v-1-solo-vysavac-48352\/\",\"url\":\"https:\/\/www.domkraftpro.com\/index.php\/produkt\/znackovy-bosch-gas-18v-1-solo-vysavac-48352\/\",\"name\":\"Zna\u010dkov\u00fd Bosch GAS 18V-1 (solo) Vysava\u010d -\",\"isPartOf\":{\"@id\":\"https:\/\/www.domkraftpro.com\/#website\"},\"primaryImageOfPage\":{\"@id\":\"https:\/\/www.domkraftpro.com\/index.php\/produkt\/znackovy-bosch-gas-18v-1-solo-vysavac-48352\/#primaryimage\"},\"image\":{\"@id\":\"https:\/\/www.domkraftpro.com\/index.php\/produkt\/znackovy-bosch-gas-18v-1-solo-vysavac-48352\/#primaryimage\"},\"thumbnailUrl\":\"https:\/\/www.domkraftpro.com\/wp-content\/uploads\/2026\/SK0008986-CZ20260425-092328-0-1777080210-snimek-obrazovky-2023-10-26-135547.webp\",\"datePublished\":\"2026-04-27T04:42:33+00:00\",\"breadcrumb\":{\"@id\":\"https:\/\/www.domkraftpro.com\/index.php\/produkt\/znackovy-bosch-gas-18v-1-solo-vysavac-48352\/#breadcrumb\"},\"inLanguage\":\"cs\",\"potentialAction\":[{\"@type\":\"ReadAction\",\"target\":[\"https:\/\/www.domkraftpro.com\/index.php\/produkt\/znackovy-bosch-gas-18v-1-solo-vysavac-48352\/\"]}]},{\"@type\":\"ImageObject\",\"inLanguage\":\"cs\",\"@id\":\"https:\/\/www.domkraftpro.com\/index.php\/produkt\/znackovy-bosch-gas-18v-1-solo-vysavac-48352\/#primaryimage\",\"url\":\"https:\/\/www.domkraftpro.com\/wp-content\/uploads\/2026\/SK0008986-CZ20260425-092328-0-1777080210-snimek-obrazovky-2023-10-26-135547.webp\",\"contentUrl\":\"https:\/\/www.domkraftpro.com\/wp-content\/uploads\/2026\/SK0008986-CZ20260425-092328-0-1777080210-snimek-obrazovky-2023-10-26-135547.webp\",\"width\":497,\"height\":368},{\"@type\":\"BreadcrumbList\",\"@id\":\"https:\/\/www.domkraftpro.com\/index.php\/produkt\/znackovy-bosch-gas-18v-1-solo-vysavac-48352\/#breadcrumb\",\"itemListElement\":[{\"@type\":\"ListItem\",\"position\":1,\"name\":\"Home\",\"item\":\"https:\/\/www.domkraftpro.com\/\"},{\"@type\":\"ListItem\",\"position\":2,\"name\":\"Products\",\"item\":\"https:\/\/www.domkraftpro.com\/products\/\"},{\"@type\":\"ListItem\",\"position\":3,\"name\":\"Zna\u010dkov\u00fd Bosch GAS 18V-1 (solo) Vysava\u010d\"}]},{\"@type\":\"WebSite\",\"@id\":\"https:\/\/www.domkraftpro.com\/#website\",\"url\":\"https:\/\/www.domkraftpro.com\/\",\"name\":\"\",\"description\":\"\",\"potentialAction\":[{\"@type\":\"SearchAction\",\"target\":{\"@type\":\"EntryPoint\",\"urlTemplate\":\"https:\/\/www.domkraftpro.com\/?s={search_term_string}\"},\"query-input\":{\"@type\":\"PropertyValueSpecification\",\"valueRequired\":true,\"valueName\":\"search_term_string\"}}],\"inLanguage\":\"cs\"}]}<\/script>\n<!-- \/ Yoast SEO plugin. -->","yoast_head_json":{"title":"Zna\u010dkov\u00fd Bosch GAS 18V-1 (solo) Vysava\u010d -","robots":{"index":"index","follow":"follow","max-snippet":"max-snippet:-1","max-image-preview":"max-image-preview:large","max-video-preview":"max-video-preview:-1"},"canonical":"https:\/\/www.domkraftpro.com\/index.php\/produkt\/znackovy-bosch-gas-18v-1-solo-vysavac-48352\/","og_locale":"cs_CZ","og_type":"article","og_title":"Zna\u010dkov\u00fd Bosch GAS 18V-1 (solo) Vysava\u010d -","og_description":"18 V; bez akumul\u00e1toru a nab\u00edje\u010dky; 700 ml; 60 mbar; AC; krabice Hlavn\u00ed my\u0161lenkaNov\u00e1 definice \u010distic\u00edho v\u00fdkonu!S\u00a0novou technologi\u00ed rota\u010dn\u00edho proud\u011bn\u00ed vzduchu. U\u017eivatelsk\u00e9 v\u00fdhody3 siln\u00e9 rota\u010dn\u00ed proudy vzduchu pro vysoce efektivn\u00ed \u010di\u0161t\u011bn\u00ed s\u00a0minim\u00e1ln\u00ed ztr\u00e1tou sac\u00edho v\u00fdkonu b\u011bhem pou\u017e\u00edv\u00e1n\u00ed!V\u00fdkonn\u00fd motor pracuje s\u00a0podtlakem 6\u00a0 kPa a\u00a0dlouhou dobou chodu se 7\u00a0minutami na AhFunkce rychl\u00e9ho vysyp\u00e1n\u00ed prachu a\u00a0omyvateln\u00e1 n\u00e1doba na [&hellip;]","og_url":"https:\/\/www.domkraftpro.com\/index.php\/produkt\/znackovy-bosch-gas-18v-1-solo-vysavac-48352\/","og_image":[{"width":497,"height":368,"url":"https:\/\/www.domkraftpro.com\/wp-content\/uploads\/2026\/SK0008986-CZ20260425-092328-0-1777080210-snimek-obrazovky-2023-10-26-135547.webp","type":"image\/webp"}],"twitter_card":"summary_large_image","twitter_misc":{"Odhadovan\u00e1 doba \u010dten\u00ed":"1 minuta"},"schema":{"@context":"https:\/\/schema.org","@graph":[{"@type":"WebPage","@id":"https:\/\/www.domkraftpro.com\/index.php\/produkt\/znackovy-bosch-gas-18v-1-solo-vysavac-48352\/","url":"https:\/\/www.domkraftpro.com\/index.php\/produkt\/znackovy-bosch-gas-18v-1-solo-vysavac-48352\/","name":"Zna\u010dkov\u00fd Bosch GAS 18V-1 (solo) Vysava\u010d -","isPartOf":{"@id":"https:\/\/www.domkraftpro.com\/#website"},"primaryImageOfPage":{"@id":"https:\/\/www.domkraftpro.com\/index.php\/produkt\/znackovy-bosch-gas-18v-1-solo-vysavac-48352\/#primaryimage"},"image":{"@id":"https:\/\/www.domkraftpro.com\/index.php\/produkt\/znackovy-bosch-gas-18v-1-solo-vysavac-48352\/#primaryimage"},"thumbnailUrl":"https:\/\/www.domkraftpro.com\/wp-content\/uploads\/2026\/SK0008986-CZ20260425-092328-0-1777080210-snimek-obrazovky-2023-10-26-135547.webp","datePublished":"2026-04-27T04:42:33+00:00","breadcrumb":{"@id":"https:\/\/www.domkraftpro.com\/index.php\/produkt\/znackovy-bosch-gas-18v-1-solo-vysavac-48352\/#breadcrumb"},"inLanguage":"cs","potentialAction":[{"@type":"ReadAction","target":["https:\/\/www.domkraftpro.com\/index.php\/produkt\/znackovy-bosch-gas-18v-1-solo-vysavac-48352\/"]}]},{"@type":"ImageObject","inLanguage":"cs","@id":"https:\/\/www.domkraftpro.com\/index.php\/produkt\/znackovy-bosch-gas-18v-1-solo-vysavac-48352\/#primaryimage","url":"https:\/\/www.domkraftpro.com\/wp-content\/uploads\/2026\/SK0008986-CZ20260425-092328-0-1777080210-snimek-obrazovky-2023-10-26-135547.webp","contentUrl":"https:\/\/www.domkraftpro.com\/wp-content\/uploads\/2026\/SK0008986-CZ20260425-092328-0-1777080210-snimek-obrazovky-2023-10-26-135547.webp","width":497,"height":368},{"@type":"BreadcrumbList","@id":"https:\/\/www.domkraftpro.com\/index.php\/produkt\/znackovy-bosch-gas-18v-1-solo-vysavac-48352\/#breadcrumb","itemListElement":[{"@type":"ListItem","position":1,"name":"Home","item":"https:\/\/www.domkraftpro.com\/"},{"@type":"ListItem","position":2,"name":"Products","item":"https:\/\/www.domkraftpro.com\/products\/"},{"@type":"ListItem","position":3,"name":"Zna\u010dkov\u00fd Bosch GAS 18V-1 (solo) Vysava\u010d"}]},{"@type":"WebSite","@id":"https:\/\/www.domkraftpro.com\/#website","url":"https:\/\/www.domkraftpro.com\/","name":"","description":"","potentialAction":[{"@type":"SearchAction","target":{"@type":"EntryPoint","urlTemplate":"https:\/\/www.domkraftpro.com\/?s={search_term_string}"},"query-input":{"@type":"PropertyValueSpecification","valueRequired":true,"valueName":"search_term_string"}}],"inLanguage":"cs"}]}},"_links":{"self":[{"href":"https:\/\/www.domkraftpro.com\/wp-json\/wp\/v2\/product\/48352","targetHints":{"allow":["GET"]}}],"collection":[{"href":"https:\/\/www.domkraftpro.com\/wp-json\/wp\/v2\/product"}],"about":[{"href":"https:\/\/www.domkraftpro.com\/wp-json\/wp\/v2\/types\/product"}],"replies":[{"embeddable":true,"href":"https:\/\/www.domkraftpro.com\/wp-json\/wp\/v2\/comments?post=48352"}],"wp:featuredmedia":[{"embeddable":true,"href":"https:\/\/www.domkraftpro.com\/wp-json\/wp\/v2\/media\/48452"}],"wp:attachment":[{"href":"https:\/\/www.domkraftpro.com\/wp-json\/wp\/v2\/media?parent=48352"}],"wp:term":[{"taxonomy":"product_brand","embeddable":true,"href":"https:\/\/www.domkraftpro.com\/wp-json\/wp\/v2\/product_brand?post=48352"},{"taxonomy":"product_cat","embeddable":true,"href":"https:\/\/www.domkraftpro.com\/wp-json\/wp\/v2\/product_cat?post=48352"},{"taxonomy":"product_tag","embeddable":true,"href":"https:\/\/www.domkraftpro.com\/wp-json\/wp\/v2\/product_tag?post=48352"}],"curies":[{"name":"wp","href":"https:\/\/api.w.org\/{rel}","templated":true}]}}