{"id":48162,"date":"2026-04-27T04:42:33","date_gmt":"2026-04-27T04:42:33","guid":{"rendered":""},"modified":"2026-04-27T04:42:33","modified_gmt":"2026-04-27T04:42:33","slug":"znackovy-tona-expert-e113229-ockoplochy-klic-din3113-5-5-mm-48162","status":"publish","type":"product","link":"https:\/\/www.domkraftpro.com\/index.php\/produkt\/znackovy-tona-expert-e113229-ockoplochy-klic-din3113-5-5-mm-48162\/","title":{"rendered":"Zna\u010dkov\u00fd TONA EXPERT E113229 O\u010dkoploch\u00fd kl\u00ed\u010d DIN3113, 5,5 mm"},"content":{"rendered":"<table>\n<div class=\"tab-pane active product-description\" id=\"popis\" role=\"tabpanel\">\n<div class=\"short-description\" itemprop=\"description\"><\/div>\n<div class=\"description\"><span class='bullet-line'>ISO 691 &#8211; ISO 1711-1 &#8211; ISO 3318 &#8211; ISO 7738 &#8211; DIN 3113<\/span><span class='bullet-line'>12hrann\u00e9 o\u010dko vyhnut\u00e9 15\u00b0<\/span><span class='bullet-line'>\u00dast\u00ed kl\u00ed\u010de vyklon\u011bn\u00e9 o 15\u00b0 od osy t\u011bla kl\u00ed\u010de (pracovn\u00ed \u00fahel 30\u00b0)<\/span><span class='bullet-line'>Profil o\u010dka zaji\u0161\u0165uje maxim\u00e1ln\u00ed sty\u010dnou plochu p\u0159enosu s\u00edly na matice pro prodlou\u017een\u00ed \u017eivotnosti kl\u00ed\u010de<\/span><span class='bullet-line'>Vykovan\u00e9 z chrom-vanadov\u00e9 oceli<\/span><span class='bullet-line'>Chromovan\u00fd le\u0161t\u011bn\u00fd povrch<\/span><\/div>\n<\/table>\n","protected":false},"excerpt":{"rendered":"<p>ISO 691 &#8211; ISO 1711-1 &#8211; ISO 3318 &#8211; ISO 7738 &#8211; DIN 311312hrann\u00e9 o\u010dko vyhnut\u00e9 15\u00b0\u00dast\u00ed kl\u00ed\u010de vyklon\u011bn\u00e9 o 15\u00b0 od osy t\u011bla kl\u00ed\u010de (pracovn\u00ed \u00fahel 30\u00b0)Profil o\u010dka zaji\u0161\u0165uje maxim\u00e1ln\u00ed sty\u010dnou plochu p\u0159enosu s\u00edly na matice pro prodlou\u017een\u00ed \u017eivotnosti kl\u00ed\u010deVykovan\u00e9 z chrom-vanadov\u00e9 oceliChromovan\u00fd le\u0161t\u011bn\u00fd povrch<\/p>\n","protected":false},"featured_media":48262,"comment_status":"open","ping_status":"open","template":"","meta":[],"product_brand":[],"product_cat":[52],"product_tag":[],"class_list":{"0":"post-48162","1":"product","2":"type-product","3":"status-publish","4":"has-post-thumbnail","6":"product_cat-naradi","8":"first","9":"instock","10":"sale","11":"shipping-taxable","12":"purchasable","13":"product-type-simple"},"yoast_head":"<!-- This site is optimized with the Yoast SEO plugin v26.8 - https:\/\/yoast.com\/product\/yoast-seo-wordpress\/ -->\n<title>Zna\u010dkov\u00fd TONA EXPERT E113229 O\u010dkoploch\u00fd kl\u00ed\u010d DIN3113, 5,5 mm -<\/title>\n<meta name=\"robots\" content=\"index, follow, max-snippet:-1, max-image-preview:large, max-video-preview:-1\" \/>\n<link rel=\"canonical\" href=\"https:\/\/www.domkraftpro.com\/index.php\/produkt\/znackovy-tona-expert-e113229-ockoplochy-klic-din3113-5-5-mm-48162\/\" \/>\n<meta property=\"og:locale\" content=\"cs_CZ\" \/>\n<meta property=\"og:type\" content=\"article\" \/>\n<meta property=\"og:title\" content=\"Zna\u010dkov\u00fd TONA EXPERT E113229 O\u010dkoploch\u00fd kl\u00ed\u010d DIN3113, 5,5 mm -\" \/>\n<meta property=\"og:description\" content=\"ISO 691 &#8211; ISO 1711-1 &#8211; ISO 3318 &#8211; ISO 7738 &#8211; DIN 311312hrann\u00e9 o\u010dko vyhnut\u00e9 15\u00b0\u00dast\u00ed kl\u00ed\u010de vyklon\u011bn\u00e9 o 15\u00b0 od osy t\u011bla kl\u00ed\u010de (pracovn\u00ed \u00fahel 30\u00b0)Profil o\u010dka zaji\u0161\u0165uje maxim\u00e1ln\u00ed sty\u010dnou plochu p\u0159enosu s\u00edly na matice pro prodlou\u017een\u00ed \u017eivotnosti kl\u00ed\u010deVykovan\u00e9 z chrom-vanadov\u00e9 oceliChromovan\u00fd le\u0161t\u011bn\u00fd povrch\" \/>\n<meta property=\"og:url\" content=\"https:\/\/www.domkraftpro.com\/index.php\/produkt\/znackovy-tona-expert-e113229-ockoplochy-klic-din3113-5-5-mm-48162\/\" \/>\n<meta property=\"og:image\" content=\"https:\/\/www.domkraftpro.com\/wp-content\/uploads\/2026\/SK0008896-CZ20260425-092328-0-1777080210-e113208_ph01_1.webp\" \/>\n\t<meta property=\"og:image:width\" content=\"354\" \/>\n\t<meta property=\"og:image:height\" content=\"152\" \/>\n\t<meta property=\"og:image:type\" content=\"image\/webp\" \/>\n<meta name=\"twitter:card\" content=\"summary_large_image\" \/>\n<script type=\"application\/ld+json\" class=\"yoast-schema-graph\">{\"@context\":\"https:\/\/schema.org\",\"@graph\":[{\"@type\":\"WebPage\",\"@id\":\"https:\/\/www.domkraftpro.com\/index.php\/produkt\/znackovy-tona-expert-e113229-ockoplochy-klic-din3113-5-5-mm-48162\/\",\"url\":\"https:\/\/www.domkraftpro.com\/index.php\/produkt\/znackovy-tona-expert-e113229-ockoplochy-klic-din3113-5-5-mm-48162\/\",\"name\":\"Zna\u010dkov\u00fd TONA EXPERT E113229 O\u010dkoploch\u00fd kl\u00ed\u010d DIN3113, 5,5 mm -\",\"isPartOf\":{\"@id\":\"https:\/\/www.domkraftpro.com\/#website\"},\"primaryImageOfPage\":{\"@id\":\"https:\/\/www.domkraftpro.com\/index.php\/produkt\/znackovy-tona-expert-e113229-ockoplochy-klic-din3113-5-5-mm-48162\/#primaryimage\"},\"image\":{\"@id\":\"https:\/\/www.domkraftpro.com\/index.php\/produkt\/znackovy-tona-expert-e113229-ockoplochy-klic-din3113-5-5-mm-48162\/#primaryimage\"},\"thumbnailUrl\":\"https:\/\/www.domkraftpro.com\/wp-content\/uploads\/2026\/SK0008896-CZ20260425-092328-0-1777080210-e113208_ph01_1.webp\",\"datePublished\":\"2026-04-27T04:42:33+00:00\",\"breadcrumb\":{\"@id\":\"https:\/\/www.domkraftpro.com\/index.php\/produkt\/znackovy-tona-expert-e113229-ockoplochy-klic-din3113-5-5-mm-48162\/#breadcrumb\"},\"inLanguage\":\"cs\",\"potentialAction\":[{\"@type\":\"ReadAction\",\"target\":[\"https:\/\/www.domkraftpro.com\/index.php\/produkt\/znackovy-tona-expert-e113229-ockoplochy-klic-din3113-5-5-mm-48162\/\"]}]},{\"@type\":\"ImageObject\",\"inLanguage\":\"cs\",\"@id\":\"https:\/\/www.domkraftpro.com\/index.php\/produkt\/znackovy-tona-expert-e113229-ockoplochy-klic-din3113-5-5-mm-48162\/#primaryimage\",\"url\":\"https:\/\/www.domkraftpro.com\/wp-content\/uploads\/2026\/SK0008896-CZ20260425-092328-0-1777080210-e113208_ph01_1.webp\",\"contentUrl\":\"https:\/\/www.domkraftpro.com\/wp-content\/uploads\/2026\/SK0008896-CZ20260425-092328-0-1777080210-e113208_ph01_1.webp\",\"width\":354,\"height\":152},{\"@type\":\"BreadcrumbList\",\"@id\":\"https:\/\/www.domkraftpro.com\/index.php\/produkt\/znackovy-tona-expert-e113229-ockoplochy-klic-din3113-5-5-mm-48162\/#breadcrumb\",\"itemListElement\":[{\"@type\":\"ListItem\",\"position\":1,\"name\":\"Home\",\"item\":\"https:\/\/www.domkraftpro.com\/\"},{\"@type\":\"ListItem\",\"position\":2,\"name\":\"Products\",\"item\":\"https:\/\/www.domkraftpro.com\/index.php\/products\/\"},{\"@type\":\"ListItem\",\"position\":3,\"name\":\"Zna\u010dkov\u00fd TONA EXPERT E113229 O\u010dkoploch\u00fd kl\u00ed\u010d DIN3113, 5,5 mm\"}]},{\"@type\":\"WebSite\",\"@id\":\"https:\/\/www.domkraftpro.com\/#website\",\"url\":\"https:\/\/www.domkraftpro.com\/\",\"name\":\"\",\"description\":\"\",\"potentialAction\":[{\"@type\":\"SearchAction\",\"target\":{\"@type\":\"EntryPoint\",\"urlTemplate\":\"https:\/\/www.domkraftpro.com\/?s={search_term_string}\"},\"query-input\":{\"@type\":\"PropertyValueSpecification\",\"valueRequired\":true,\"valueName\":\"search_term_string\"}}],\"inLanguage\":\"cs\"}]}<\/script>\n<!-- \/ Yoast SEO plugin. -->","yoast_head_json":{"title":"Zna\u010dkov\u00fd TONA EXPERT E113229 O\u010dkoploch\u00fd kl\u00ed\u010d DIN3113, 5,5 mm -","robots":{"index":"index","follow":"follow","max-snippet":"max-snippet:-1","max-image-preview":"max-image-preview:large","max-video-preview":"max-video-preview:-1"},"canonical":"https:\/\/www.domkraftpro.com\/index.php\/produkt\/znackovy-tona-expert-e113229-ockoplochy-klic-din3113-5-5-mm-48162\/","og_locale":"cs_CZ","og_type":"article","og_title":"Zna\u010dkov\u00fd TONA EXPERT E113229 O\u010dkoploch\u00fd kl\u00ed\u010d DIN3113, 5,5 mm -","og_description":"ISO 691 &#8211; ISO 1711-1 &#8211; ISO 3318 &#8211; ISO 7738 &#8211; DIN 311312hrann\u00e9 o\u010dko vyhnut\u00e9 15\u00b0\u00dast\u00ed kl\u00ed\u010de vyklon\u011bn\u00e9 o 15\u00b0 od osy t\u011bla kl\u00ed\u010de (pracovn\u00ed \u00fahel 30\u00b0)Profil o\u010dka zaji\u0161\u0165uje maxim\u00e1ln\u00ed sty\u010dnou plochu p\u0159enosu s\u00edly na matice pro prodlou\u017een\u00ed \u017eivotnosti kl\u00ed\u010deVykovan\u00e9 z chrom-vanadov\u00e9 oceliChromovan\u00fd le\u0161t\u011bn\u00fd povrch","og_url":"https:\/\/www.domkraftpro.com\/index.php\/produkt\/znackovy-tona-expert-e113229-ockoplochy-klic-din3113-5-5-mm-48162\/","og_image":[{"width":354,"height":152,"url":"https:\/\/www.domkraftpro.com\/wp-content\/uploads\/2026\/SK0008896-CZ20260425-092328-0-1777080210-e113208_ph01_1.webp","type":"image\/webp"}],"twitter_card":"summary_large_image","schema":{"@context":"https:\/\/schema.org","@graph":[{"@type":"WebPage","@id":"https:\/\/www.domkraftpro.com\/index.php\/produkt\/znackovy-tona-expert-e113229-ockoplochy-klic-din3113-5-5-mm-48162\/","url":"https:\/\/www.domkraftpro.com\/index.php\/produkt\/znackovy-tona-expert-e113229-ockoplochy-klic-din3113-5-5-mm-48162\/","name":"Zna\u010dkov\u00fd TONA EXPERT E113229 O\u010dkoploch\u00fd kl\u00ed\u010d DIN3113, 5,5 mm -","isPartOf":{"@id":"https:\/\/www.domkraftpro.com\/#website"},"primaryImageOfPage":{"@id":"https:\/\/www.domkraftpro.com\/index.php\/produkt\/znackovy-tona-expert-e113229-ockoplochy-klic-din3113-5-5-mm-48162\/#primaryimage"},"image":{"@id":"https:\/\/www.domkraftpro.com\/index.php\/produkt\/znackovy-tona-expert-e113229-ockoplochy-klic-din3113-5-5-mm-48162\/#primaryimage"},"thumbnailUrl":"https:\/\/www.domkraftpro.com\/wp-content\/uploads\/2026\/SK0008896-CZ20260425-092328-0-1777080210-e113208_ph01_1.webp","datePublished":"2026-04-27T04:42:33+00:00","breadcrumb":{"@id":"https:\/\/www.domkraftpro.com\/index.php\/produkt\/znackovy-tona-expert-e113229-ockoplochy-klic-din3113-5-5-mm-48162\/#breadcrumb"},"inLanguage":"cs","potentialAction":[{"@type":"ReadAction","target":["https:\/\/www.domkraftpro.com\/index.php\/produkt\/znackovy-tona-expert-e113229-ockoplochy-klic-din3113-5-5-mm-48162\/"]}]},{"@type":"ImageObject","inLanguage":"cs","@id":"https:\/\/www.domkraftpro.com\/index.php\/produkt\/znackovy-tona-expert-e113229-ockoplochy-klic-din3113-5-5-mm-48162\/#primaryimage","url":"https:\/\/www.domkraftpro.com\/wp-content\/uploads\/2026\/SK0008896-CZ20260425-092328-0-1777080210-e113208_ph01_1.webp","contentUrl":"https:\/\/www.domkraftpro.com\/wp-content\/uploads\/2026\/SK0008896-CZ20260425-092328-0-1777080210-e113208_ph01_1.webp","width":354,"height":152},{"@type":"BreadcrumbList","@id":"https:\/\/www.domkraftpro.com\/index.php\/produkt\/znackovy-tona-expert-e113229-ockoplochy-klic-din3113-5-5-mm-48162\/#breadcrumb","itemListElement":[{"@type":"ListItem","position":1,"name":"Home","item":"https:\/\/www.domkraftpro.com\/"},{"@type":"ListItem","position":2,"name":"Products","item":"https:\/\/www.domkraftpro.com\/index.php\/products\/"},{"@type":"ListItem","position":3,"name":"Zna\u010dkov\u00fd TONA EXPERT E113229 O\u010dkoploch\u00fd kl\u00ed\u010d DIN3113, 5,5 mm"}]},{"@type":"WebSite","@id":"https:\/\/www.domkraftpro.com\/#website","url":"https:\/\/www.domkraftpro.com\/","name":"","description":"","potentialAction":[{"@type":"SearchAction","target":{"@type":"EntryPoint","urlTemplate":"https:\/\/www.domkraftpro.com\/?s={search_term_string}"},"query-input":{"@type":"PropertyValueSpecification","valueRequired":true,"valueName":"search_term_string"}}],"inLanguage":"cs"}]}},"_links":{"self":[{"href":"https:\/\/www.domkraftpro.com\/index.php\/wp-json\/wp\/v2\/product\/48162","targetHints":{"allow":["GET"]}}],"collection":[{"href":"https:\/\/www.domkraftpro.com\/index.php\/wp-json\/wp\/v2\/product"}],"about":[{"href":"https:\/\/www.domkraftpro.com\/index.php\/wp-json\/wp\/v2\/types\/product"}],"replies":[{"embeddable":true,"href":"https:\/\/www.domkraftpro.com\/index.php\/wp-json\/wp\/v2\/comments?post=48162"}],"wp:featuredmedia":[{"embeddable":true,"href":"https:\/\/www.domkraftpro.com\/index.php\/wp-json\/wp\/v2\/media\/48262"}],"wp:attachment":[{"href":"https:\/\/www.domkraftpro.com\/index.php\/wp-json\/wp\/v2\/media?parent=48162"}],"wp:term":[{"taxonomy":"product_brand","embeddable":true,"href":"https:\/\/www.domkraftpro.com\/index.php\/wp-json\/wp\/v2\/product_brand?post=48162"},{"taxonomy":"product_cat","embeddable":true,"href":"https:\/\/www.domkraftpro.com\/index.php\/wp-json\/wp\/v2\/product_cat?post=48162"},{"taxonomy":"product_tag","embeddable":true,"href":"https:\/\/www.domkraftpro.com\/index.php\/wp-json\/wp\/v2\/product_tag?post=48162"}],"curies":[{"name":"wp","href":"https:\/\/api.w.org\/{rel}","templated":true}]}}