{"id":48156,"date":"2026-04-27T04:42:33","date_gmt":"2026-04-27T04:42:33","guid":{"rendered":""},"modified":"2026-04-27T04:42:33","modified_gmt":"2026-04-27T04:42:33","slug":"znackovy-bosch-gll-3-80-c-0-601-063-r00-48156","status":"publish","type":"product","link":"https:\/\/www.domkraftpro.com\/produkt\/znackovy-bosch-gll-3-80-c-0-601-063-r00-48156\/","title":{"rendered":"Zna\u010dkov\u00fd Bosch GLL 3-80 C 0 601 063 R00"},"content":{"rendered":"<table>\n<div class=\"tab-pane active product-description\" id=\"popis\" role=\"tabpanel\">\n<div class=\"short-description\" itemprop=\"description\">Prom\u00edt\u00e1n\u00ed paprsku ve 3 os\u00e1ch po \u00fahlem 360\u02da. Pracovn\u00ed rozsah a\u017e 120 m (s p\u0159ij\u00edma\u010dem), indik\u00e1tor kalibrace CAL Guard, Bluetooth, Dual Power, rozsah samonivelace a\u017e \u00b1 4\u00b0, p\u0159esnost nivelace \u00b1 0,2 mm\/m<\/div>\n<div class=\"description\">Hlavn\u00ed my\u0161lenka<span class='bullet-line'>Kompaktn\u00ed multi\u010d\u00e1rov\u00fd laser pro v\u0161echny druhy pou\u017eit\u00ed v\u00a0interi\u00e9ru<br \/><\/span><br \/>U\u017eivatelsk\u00e9 v\u00fdhody<span class='bullet-line'>Konektivita pro bezdotykov\u00e9 ovl\u00e1d\u00e1n\u00ed bez sn\u00ed\u017een\u00ed p\u0159esnosti, v\u00edce funkc\u00ed<br \/><\/span><span class='bullet-line'>Funkce CAL guard pro lep\u0161\u00ed spolehlivost a\u00a0mo\u017enost soust\u0159ed\u011bn\u00ed na pr\u00e1ci<br \/><\/span><span class='bullet-line'>Neomezen\u00e9 mo\u017enosti pou\u017eit\u00ed: Jedna horizont\u00e1ln\u00ed \u010d\u00e1ra a\u00a0dv\u011b vertik\u00e1ln\u00ed \u010d\u00e1ry v\u00a0rozsahu 360\u00b0 umo\u017e\u0148uj\u00ed \u010detn\u00e1 nov\u00e1 pou\u017eit\u00ed pro sou\u010dasn\u00e9 vyzna\u010dov\u00e1n\u00ed, vyrovn\u00e1v\u00e1n\u00ed a\u00a0nivelaci ve vnit\u0159n\u00edm prost\u0159ed\u00ed<br \/><\/span><br \/>Dal\u0161\u00ed v\u00fdhody<span class='bullet-line'>Dual power source: provoz s\u00a0akumul\u00e1torem 12\u00a0V-LI-ion i\u00a0se standardn\u00edmi alkalick\u00fdmi bateriemi<br \/><\/span><span class='bullet-line'>Vysok\u00e1 viditelnost laserov\u00e9 \u010d\u00e1ry s\u00a0pracovn\u00edm dosahem 30\u00a0m (bez p\u0159ij\u00edma\u010de)<br \/><\/span><span class='bullet-line'>Samonivela\u010dn\u00ed (ust\u00e1len\u00ed \u00b14\u00b0 do 4\u00a0s), velmi p\u0159esn\u00fd (\u00b10,2\u00a0mm\/m) a\u00a0s\u00a0pracovn\u00edm rozsahem s\u00a0p\u0159ij\u00edma\u010dem LR\u00a06 nebo LR\u00a07 Professional (voliteln\u00fd) a\u017e 120\u00a0m<br \/><\/span><span class='bullet-line'>Kompaktn\u00ed, jednoduch\u00e1 manipulace a\u00a0mimo\u0159\u00e1dn\u011b robustn\u00ed (IP\u00a054)<br \/><\/span><span class='bullet-line'>Aretace pro bezpe\u010dn\u00fd transport<br \/><\/span><br \/>Rozsah dod\u00e1vky<span class='bullet-line'>4\u00d7 baterie 1,5\u00a0V\u00a0LR6 (AA)<br \/><\/span><span class='bullet-line'>Adapt\u00e9r na alkalick\u00e9 baterie AA1 (1 608 M00 C1B)<br \/><\/span><span class='bullet-line'>C\u00edlov\u00e1 desti\u010dka laseru<br \/><\/span><span class='bullet-line'>Ta\u0161ka<\/span><\/div>\n<div class=\"parameters\">\n<tr>\n<td>Laserov\u00e1 dioda<\/td>\n<td>\u010c\u00e1ra: 630\u2013650 nm, &lt; 10 mW<\/td>\n<\/tr>\n<tr>\n<td>Provozn\u00ed teplota<\/td>\n<td>-10 \u2013 40 \u00b0C<\/td>\n<\/tr>\n<tr>\n<td>Skladovac\u00ed teplota<\/td>\n<td>-20 \u2013 70 \u00b0C<\/td>\n<\/tr>\n<tr>\n<td>T\u0159\u00edda laseru<\/td>\n<td>2<\/td>\n<\/tr>\n<tr>\n<td>Pracovn\u00ed dosah<\/td>\n<td>30 m<\/td>\n<\/tr>\n<tr>\n<td>Pracovn\u00ed rozsah s\u00a0p\u0159ij\u00edma\u010dem<\/td>\n<td>120 m (pr\u016fm\u011br)<\/td>\n<\/tr>\n<tr>\n<td>Pracovn\u00ed rozsah bez p\u0159ij\u00edma\u010de<\/td>\n<td>30 m (r\u00e1dius)<\/td>\n<\/tr>\n<tr>\n<td>P\u0159esnost<\/td>\n<td>\u00b1 0,2 mm na 1 m<\/td>\n<\/tr>\n<tr>\n<td>Rozsah vlastn\u00ed nivelace<\/td>\n<td>\u00b1 4\u00b0<\/td>\n<\/tr>\n<tr>\n<td>Doba nivelace<\/td>\n<td>4 s<\/td>\n<\/tr>\n<tr>\n<td>Ochrana proti prachu a\u00a0vod\u011b<\/td>\n<td>IP 54<\/td>\n<\/tr>\n<tr>\n<td>Nap\u00e1jen\u00ed<\/td>\n<td>Akumul\u00e1tor 12\u00a0V Li-Ion<\/td>\n<\/tr>\n<tr>\n<td>Nap\u00e1jen\u00ed<\/td>\n<td>4x 1,5 V LR6 (AA)<\/td>\n<\/tr>\n<tr>\n<td>Doba provozu (max.)<\/td>\n<td>8 h (Li-Ion) a\u00a06 h (4\u00d7 AA) v\u00a0t\u0159\u00ed\u010d\u00e1rov\u00e9m re\u017eimu<\/td>\n<\/tr>\n<tr>\n<td>Z\u00e1vit stativu<\/td>\n<td>1\/4&#8243;, 5\/8&#8243;<\/td>\n<\/tr>\n<tr>\n<td>Hmotnost, cca.<\/td>\n<td>0,9 kg<\/td>\n<\/tr>\n<tr>\n<td>D\u00e9lka<\/td>\n<td>162 mm<\/td>\n<\/tr>\n<tr>\n<td>\u0160\u00ed\u0159ka<\/td>\n<td>84 mm<\/td>\n<\/tr>\n<tr>\n<td>V\u00fd\u0161ka<\/td>\n<td>148 mm<\/td>\n<\/tr>\n<tr>\n<td>Barva laserov\u00e9 \u010d\u00e1ry<\/td>\n<td>\u010derven\u00e1<\/td>\n<\/tr>\n<tr>\n<td>Prom\u00edt\u00e1n\u00ed<\/td>\n<td>3x \u010d\u00e1ra 360\u00b0<\/td>\n<\/tr><\/div>\n<\/table>\n","protected":false},"excerpt":{"rendered":"<p>Prom\u00edt\u00e1n\u00ed paprsku ve 3 os\u00e1ch po \u00fahlem 360\u02da. Pracovn\u00ed rozsah a\u017e 120 m (s p\u0159ij\u00edma\u010dem), indik\u00e1tor kalibrace CAL Guard, Bluetooth, Dual Power, rozsah samonivelace a\u017e \u00b1 4\u00b0, p\u0159esnost nivelace \u00b1 0,2 mm\/m Hlavn\u00ed my\u0161lenkaKompaktn\u00ed multi\u010d\u00e1rov\u00fd laser pro v\u0161echny druhy pou\u017eit\u00ed v\u00a0interi\u00e9ruU\u017eivatelsk\u00e9 v\u00fdhodyKonektivita pro bezdotykov\u00e9 ovl\u00e1d\u00e1n\u00ed bez sn\u00ed\u017een\u00ed p\u0159esnosti, v\u00edce funkc\u00edFunkce CAL guard pro lep\u0161\u00ed spolehlivost [&hellip;]<\/p>\n","protected":false},"featured_media":48256,"template":"","meta":[],"product_brand":[],"product_cat":[52],"product_tag":[],"class_list":{"0":"post-48156","1":"product","2":"type-product","3":"status-publish","4":"has-post-thumbnail","6":"product_cat-naradi","8":"first","9":"instock","10":"sale","11":"shipping-taxable","12":"purchasable","13":"product-type-simple"},"yoast_head":"<!-- This site is optimized with the Yoast SEO plugin v26.8 - https:\/\/yoast.com\/product\/yoast-seo-wordpress\/ -->\n<title>Zna\u010dkov\u00fd Bosch GLL 3-80 C 0 601 063 R00 - Koupelna &amp; N\u00e1\u0159ad\u00ed &amp; Osv\u011btlen\u00ed a Stavebn\u00ed pot\u0159by<\/title>\n<meta name=\"robots\" content=\"index, follow, max-snippet:-1, max-image-preview:large, max-video-preview:-1\" \/>\n<link rel=\"canonical\" href=\"https:\/\/www.domkraftpro.com\/index.php\/produkt\/znackovy-bosch-gll-3-80-c-0-601-063-r00-48156\/\" \/>\n<meta property=\"og:locale\" content=\"cs_CZ\" \/>\n<meta property=\"og:type\" content=\"article\" \/>\n<meta property=\"og:title\" content=\"Zna\u010dkov\u00fd Bosch GLL 3-80 C 0 601 063 R00 - Koupelna &amp; N\u00e1\u0159ad\u00ed &amp; Osv\u011btlen\u00ed a Stavebn\u00ed pot\u0159by\" \/>\n<meta property=\"og:description\" content=\"Prom\u00edt\u00e1n\u00ed paprsku ve 3 os\u00e1ch po \u00fahlem 360\u02da. Pracovn\u00ed rozsah a\u017e 120 m (s p\u0159ij\u00edma\u010dem), indik\u00e1tor kalibrace CAL Guard, Bluetooth, Dual Power, rozsah samonivelace a\u017e \u00b1 4\u00b0, p\u0159esnost nivelace \u00b1 0,2 mm\/m Hlavn\u00ed my\u0161lenkaKompaktn\u00ed multi\u010d\u00e1rov\u00fd laser pro v\u0161echny druhy pou\u017eit\u00ed v\u00a0interi\u00e9ruU\u017eivatelsk\u00e9 v\u00fdhodyKonektivita pro bezdotykov\u00e9 ovl\u00e1d\u00e1n\u00ed bez sn\u00ed\u017een\u00ed p\u0159esnosti, v\u00edce funkc\u00edFunkce CAL guard pro lep\u0161\u00ed spolehlivost [&hellip;]\" \/>\n<meta property=\"og:url\" content=\"https:\/\/www.domkraftpro.com\/index.php\/produkt\/znackovy-bosch-gll-3-80-c-0-601-063-r00-48156\/\" \/>\n<meta property=\"og:site_name\" content=\"Koupelna &amp; N\u00e1\u0159ad\u00ed &amp; Osv\u011btlen\u00ed a Stavebn\u00ed pot\u0159by\" \/>\n<meta property=\"og:image\" content=\"https:\/\/www.domkraftpro.com\/wp-content\/uploads\/2026\/SK0008889-CZ20260425-092328-0-1777080210-bosch-gll-3-80-c-professional-0-601-063-r00.webp\" \/>\n\t<meta property=\"og:image:width\" content=\"700\" \/>\n\t<meta property=\"og:image:height\" content=\"629\" \/>\n\t<meta property=\"og:image:type\" content=\"image\/webp\" \/>\n<meta name=\"twitter:card\" content=\"summary_large_image\" \/>\n<meta name=\"twitter:label1\" content=\"Odhadovan\u00e1 doba \u010dten\u00ed\" \/>\n\t<meta name=\"twitter:data1\" content=\"2 minuty\" \/>\n<script type=\"application\/ld+json\" class=\"yoast-schema-graph\">{\"@context\":\"https:\/\/schema.org\",\"@graph\":[{\"@type\":\"WebPage\",\"@id\":\"https:\/\/www.domkraftpro.com\/index.php\/produkt\/znackovy-bosch-gll-3-80-c-0-601-063-r00-48156\/\",\"url\":\"https:\/\/www.domkraftpro.com\/index.php\/produkt\/znackovy-bosch-gll-3-80-c-0-601-063-r00-48156\/\",\"name\":\"Zna\u010dkov\u00fd Bosch GLL 3-80 C 0 601 063 R00 - Koupelna &amp; N\u00e1\u0159ad\u00ed &amp; Osv\u011btlen\u00ed a Stavebn\u00ed pot\u0159by\",\"isPartOf\":{\"@id\":\"https:\/\/www.domkraftpro.com\/#website\"},\"primaryImageOfPage\":{\"@id\":\"https:\/\/www.domkraftpro.com\/index.php\/produkt\/znackovy-bosch-gll-3-80-c-0-601-063-r00-48156\/#primaryimage\"},\"image\":{\"@id\":\"https:\/\/www.domkraftpro.com\/index.php\/produkt\/znackovy-bosch-gll-3-80-c-0-601-063-r00-48156\/#primaryimage\"},\"thumbnailUrl\":\"https:\/\/www.domkraftpro.com\/wp-content\/uploads\/2026\/SK0008889-CZ20260425-092328-0-1777080210-bosch-gll-3-80-c-professional-0-601-063-r00.webp\",\"datePublished\":\"2026-04-27T04:42:33+00:00\",\"breadcrumb\":{\"@id\":\"https:\/\/www.domkraftpro.com\/index.php\/produkt\/znackovy-bosch-gll-3-80-c-0-601-063-r00-48156\/#breadcrumb\"},\"inLanguage\":\"cs\",\"potentialAction\":[{\"@type\":\"ReadAction\",\"target\":[\"https:\/\/www.domkraftpro.com\/index.php\/produkt\/znackovy-bosch-gll-3-80-c-0-601-063-r00-48156\/\"]}]},{\"@type\":\"ImageObject\",\"inLanguage\":\"cs\",\"@id\":\"https:\/\/www.domkraftpro.com\/index.php\/produkt\/znackovy-bosch-gll-3-80-c-0-601-063-r00-48156\/#primaryimage\",\"url\":\"https:\/\/www.domkraftpro.com\/wp-content\/uploads\/2026\/SK0008889-CZ20260425-092328-0-1777080210-bosch-gll-3-80-c-professional-0-601-063-r00.webp\",\"contentUrl\":\"https:\/\/www.domkraftpro.com\/wp-content\/uploads\/2026\/SK0008889-CZ20260425-092328-0-1777080210-bosch-gll-3-80-c-professional-0-601-063-r00.webp\",\"width\":700,\"height\":629},{\"@type\":\"BreadcrumbList\",\"@id\":\"https:\/\/www.domkraftpro.com\/index.php\/produkt\/znackovy-bosch-gll-3-80-c-0-601-063-r00-48156\/#breadcrumb\",\"itemListElement\":[{\"@type\":\"ListItem\",\"position\":1,\"name\":\"Home\",\"item\":\"https:\/\/www.domkraftpro.com\/\"},{\"@type\":\"ListItem\",\"position\":2,\"name\":\"Products\",\"item\":\"https:\/\/www.domkraftpro.com\/products\/\"},{\"@type\":\"ListItem\",\"position\":3,\"name\":\"Zna\u010dkov\u00fd Bosch GLL 3-80 C 0 601 063 R00\"}]},{\"@type\":\"WebSite\",\"@id\":\"https:\/\/www.domkraftpro.com\/#website\",\"url\":\"https:\/\/www.domkraftpro.com\/\",\"name\":\"Koupelna &amp; N\u00e1\u0159ad\u00ed &amp; Osv\u011btlen\u00ed a Stavebn\u00ed pot\u0159by\",\"description\":\"Koupelna &amp; N\u00e1\u0159ad\u00ed &amp; Osv\u011btlen\u00ed a Stavebn\u00ed pot\u0159by\",\"publisher\":{\"@id\":\"https:\/\/www.domkraftpro.com\/#organization\"},\"potentialAction\":[{\"@type\":\"SearchAction\",\"target\":{\"@type\":\"EntryPoint\",\"urlTemplate\":\"https:\/\/www.domkraftpro.com\/?s={search_term_string}\"},\"query-input\":{\"@type\":\"PropertyValueSpecification\",\"valueRequired\":true,\"valueName\":\"search_term_string\"}}],\"inLanguage\":\"cs\"},{\"@type\":\"Organization\",\"@id\":\"https:\/\/www.domkraftpro.com\/#organization\",\"name\":\"Koupelna &amp; N\u00e1\u0159ad\u00ed &amp; Osv\u011btlen\u00ed a Stavebn\u00ed pot\u0159by\",\"url\":\"https:\/\/www.domkraftpro.com\/\",\"logo\":{\"@type\":\"ImageObject\",\"inLanguage\":\"cs\",\"@id\":\"https:\/\/www.domkraftpro.com\/#\/schema\/logo\/image\/\",\"url\":\"https:\/\/www.domkraftpro.com\/wp-content\/uploads\/2026\/04\/domkraftpro_logo.svg\",\"contentUrl\":\"https:\/\/www.domkraftpro.com\/wp-content\/uploads\/2026\/04\/domkraftpro_logo.svg\",\"width\":760,\"height\":180,\"caption\":\"Koupelna &amp; N\u00e1\u0159ad\u00ed &amp; Osv\u011btlen\u00ed a Stavebn\u00ed pot\u0159by\"},\"image\":{\"@id\":\"https:\/\/www.domkraftpro.com\/#\/schema\/logo\/image\/\"}}]}<\/script>\n<!-- \/ Yoast SEO plugin. -->","yoast_head_json":{"title":"Zna\u010dkov\u00fd Bosch GLL 3-80 C 0 601 063 R00 - Koupelna &amp; N\u00e1\u0159ad\u00ed &amp; Osv\u011btlen\u00ed a Stavebn\u00ed pot\u0159by","robots":{"index":"index","follow":"follow","max-snippet":"max-snippet:-1","max-image-preview":"max-image-preview:large","max-video-preview":"max-video-preview:-1"},"canonical":"https:\/\/www.domkraftpro.com\/index.php\/produkt\/znackovy-bosch-gll-3-80-c-0-601-063-r00-48156\/","og_locale":"cs_CZ","og_type":"article","og_title":"Zna\u010dkov\u00fd Bosch GLL 3-80 C 0 601 063 R00 - Koupelna &amp; N\u00e1\u0159ad\u00ed &amp; Osv\u011btlen\u00ed a Stavebn\u00ed pot\u0159by","og_description":"Prom\u00edt\u00e1n\u00ed paprsku ve 3 os\u00e1ch po \u00fahlem 360\u02da. Pracovn\u00ed rozsah a\u017e 120 m (s p\u0159ij\u00edma\u010dem), indik\u00e1tor kalibrace CAL Guard, Bluetooth, Dual Power, rozsah samonivelace a\u017e \u00b1 4\u00b0, p\u0159esnost nivelace \u00b1 0,2 mm\/m Hlavn\u00ed my\u0161lenkaKompaktn\u00ed multi\u010d\u00e1rov\u00fd laser pro v\u0161echny druhy pou\u017eit\u00ed v\u00a0interi\u00e9ruU\u017eivatelsk\u00e9 v\u00fdhodyKonektivita pro bezdotykov\u00e9 ovl\u00e1d\u00e1n\u00ed bez sn\u00ed\u017een\u00ed p\u0159esnosti, v\u00edce funkc\u00edFunkce CAL guard pro lep\u0161\u00ed spolehlivost [&hellip;]","og_url":"https:\/\/www.domkraftpro.com\/index.php\/produkt\/znackovy-bosch-gll-3-80-c-0-601-063-r00-48156\/","og_site_name":"Koupelna &amp; N\u00e1\u0159ad\u00ed &amp; Osv\u011btlen\u00ed a Stavebn\u00ed pot\u0159by","og_image":[{"width":700,"height":629,"url":"https:\/\/www.domkraftpro.com\/wp-content\/uploads\/2026\/SK0008889-CZ20260425-092328-0-1777080210-bosch-gll-3-80-c-professional-0-601-063-r00.webp","type":"image\/webp"}],"twitter_card":"summary_large_image","twitter_misc":{"Odhadovan\u00e1 doba \u010dten\u00ed":"2 minuty"},"schema":{"@context":"https:\/\/schema.org","@graph":[{"@type":"WebPage","@id":"https:\/\/www.domkraftpro.com\/index.php\/produkt\/znackovy-bosch-gll-3-80-c-0-601-063-r00-48156\/","url":"https:\/\/www.domkraftpro.com\/index.php\/produkt\/znackovy-bosch-gll-3-80-c-0-601-063-r00-48156\/","name":"Zna\u010dkov\u00fd Bosch GLL 3-80 C 0 601 063 R00 - Koupelna &amp; N\u00e1\u0159ad\u00ed &amp; Osv\u011btlen\u00ed a Stavebn\u00ed pot\u0159by","isPartOf":{"@id":"https:\/\/www.domkraftpro.com\/#website"},"primaryImageOfPage":{"@id":"https:\/\/www.domkraftpro.com\/index.php\/produkt\/znackovy-bosch-gll-3-80-c-0-601-063-r00-48156\/#primaryimage"},"image":{"@id":"https:\/\/www.domkraftpro.com\/index.php\/produkt\/znackovy-bosch-gll-3-80-c-0-601-063-r00-48156\/#primaryimage"},"thumbnailUrl":"https:\/\/www.domkraftpro.com\/wp-content\/uploads\/2026\/SK0008889-CZ20260425-092328-0-1777080210-bosch-gll-3-80-c-professional-0-601-063-r00.webp","datePublished":"2026-04-27T04:42:33+00:00","breadcrumb":{"@id":"https:\/\/www.domkraftpro.com\/index.php\/produkt\/znackovy-bosch-gll-3-80-c-0-601-063-r00-48156\/#breadcrumb"},"inLanguage":"cs","potentialAction":[{"@type":"ReadAction","target":["https:\/\/www.domkraftpro.com\/index.php\/produkt\/znackovy-bosch-gll-3-80-c-0-601-063-r00-48156\/"]}]},{"@type":"ImageObject","inLanguage":"cs","@id":"https:\/\/www.domkraftpro.com\/index.php\/produkt\/znackovy-bosch-gll-3-80-c-0-601-063-r00-48156\/#primaryimage","url":"https:\/\/www.domkraftpro.com\/wp-content\/uploads\/2026\/SK0008889-CZ20260425-092328-0-1777080210-bosch-gll-3-80-c-professional-0-601-063-r00.webp","contentUrl":"https:\/\/www.domkraftpro.com\/wp-content\/uploads\/2026\/SK0008889-CZ20260425-092328-0-1777080210-bosch-gll-3-80-c-professional-0-601-063-r00.webp","width":700,"height":629},{"@type":"BreadcrumbList","@id":"https:\/\/www.domkraftpro.com\/index.php\/produkt\/znackovy-bosch-gll-3-80-c-0-601-063-r00-48156\/#breadcrumb","itemListElement":[{"@type":"ListItem","position":1,"name":"Home","item":"https:\/\/www.domkraftpro.com\/"},{"@type":"ListItem","position":2,"name":"Products","item":"https:\/\/www.domkraftpro.com\/products\/"},{"@type":"ListItem","position":3,"name":"Zna\u010dkov\u00fd Bosch GLL 3-80 C 0 601 063 R00"}]},{"@type":"WebSite","@id":"https:\/\/www.domkraftpro.com\/#website","url":"https:\/\/www.domkraftpro.com\/","name":"Koupelna &amp; N\u00e1\u0159ad\u00ed &amp; Osv\u011btlen\u00ed a Stavebn\u00ed pot\u0159by","description":"Koupelna &amp; N\u00e1\u0159ad\u00ed &amp; Osv\u011btlen\u00ed a Stavebn\u00ed pot\u0159by","publisher":{"@id":"https:\/\/www.domkraftpro.com\/#organization"},"potentialAction":[{"@type":"SearchAction","target":{"@type":"EntryPoint","urlTemplate":"https:\/\/www.domkraftpro.com\/?s={search_term_string}"},"query-input":{"@type":"PropertyValueSpecification","valueRequired":true,"valueName":"search_term_string"}}],"inLanguage":"cs"},{"@type":"Organization","@id":"https:\/\/www.domkraftpro.com\/#organization","name":"Koupelna &amp; N\u00e1\u0159ad\u00ed &amp; Osv\u011btlen\u00ed a Stavebn\u00ed pot\u0159by","url":"https:\/\/www.domkraftpro.com\/","logo":{"@type":"ImageObject","inLanguage":"cs","@id":"https:\/\/www.domkraftpro.com\/#\/schema\/logo\/image\/","url":"https:\/\/www.domkraftpro.com\/wp-content\/uploads\/2026\/04\/domkraftpro_logo.svg","contentUrl":"https:\/\/www.domkraftpro.com\/wp-content\/uploads\/2026\/04\/domkraftpro_logo.svg","width":760,"height":180,"caption":"Koupelna &amp; N\u00e1\u0159ad\u00ed &amp; Osv\u011btlen\u00ed a Stavebn\u00ed pot\u0159by"},"image":{"@id":"https:\/\/www.domkraftpro.com\/#\/schema\/logo\/image\/"}}]}},"_links":{"self":[{"href":"https:\/\/www.domkraftpro.com\/wp-json\/wp\/v2\/product\/48156","targetHints":{"allow":["GET"]}}],"collection":[{"href":"https:\/\/www.domkraftpro.com\/wp-json\/wp\/v2\/product"}],"about":[{"href":"https:\/\/www.domkraftpro.com\/wp-json\/wp\/v2\/types\/product"}],"wp:featuredmedia":[{"embeddable":true,"href":"https:\/\/www.domkraftpro.com\/wp-json\/wp\/v2\/media\/48256"}],"wp:attachment":[{"href":"https:\/\/www.domkraftpro.com\/wp-json\/wp\/v2\/media?parent=48156"}],"wp:term":[{"taxonomy":"product_brand","embeddable":true,"href":"https:\/\/www.domkraftpro.com\/wp-json\/wp\/v2\/product_brand?post=48156"},{"taxonomy":"product_cat","embeddable":true,"href":"https:\/\/www.domkraftpro.com\/wp-json\/wp\/v2\/product_cat?post=48156"},{"taxonomy":"product_tag","embeddable":true,"href":"https:\/\/www.domkraftpro.com\/wp-json\/wp\/v2\/product_tag?post=48156"}],"curies":[{"name":"wp","href":"https:\/\/api.w.org\/{rel}","templated":true}]}}