{"id":48122,"date":"2026-04-27T04:42:33","date_gmt":"2026-04-27T04:42:33","guid":{"rendered":""},"modified":"2026-04-27T04:42:33","modified_gmt":"2026-04-27T04:42:33","slug":"akce-dewalt-dt4543-karbidove-vrtaky-pro-vrtani-otvoru-pro-zavesy-48122","status":"publish","type":"product","link":"https:\/\/www.domkraftpro.com\/index.php\/produkt\/akce-dewalt-dt4543-karbidove-vrtaky-pro-vrtani-otvoru-pro-zavesy-48122\/","title":{"rendered":"Akce DeWalt DT4543 Karbidov\u00e9 vrt\u00e1ky pro vrt\u00e1n\u00ed otvor\u016f pro z\u00e1v\u011bsy"},"content":{"rendered":"<table>\n<div class=\"tab-pane active product-description\" id=\"popis\" role=\"tabpanel\">\n<div class=\"short-description\" itemprop=\"description\">Karbidov\u00e9 vrt\u00e1ky pro vrt\u00e1n\u00ed otvor\u016f pro z\u00e1v\u011bsy \u00d8 35 mm<\/div>\n<div class=\"description\">\n<ul>\n<li>Typick\u00e9 pou\u017eit\u00ed pro konzolov\u00e9 z\u00e1v\u011bsy<\/li>\n<li>Vhodn\u00e9 pro vrt\u00e1n\u00ed d\u0159evovl\u00e1knit\u00fdch desek, p\u0159ekli\u017eky, d\u0159evot\u0159\u00edskov\u00fdch desek a p\u0159\u00edrodn\u00edho tvrd\u00e9ho a m\u011bkk\u00e9ho d\u0159eva<\/li>\n<\/ul>\n<\/div>\n<div class=\"parameters\">\n<tr>\n<td>Pr\u016fm\u011br<\/td>\n<td>35 mm<\/td>\n<\/tr>\n<tr>\n<td>D\u00e9lka<\/td>\n<td>65 mm<\/td>\n<\/tr>\n<tr>\n<td>Po\u010det kus\u016f v balen\u00ed<\/td>\n<td>1<\/td>\n<\/tr><\/div>\n<\/table>\n","protected":false},"excerpt":{"rendered":"<p>Karbidov\u00e9 vrt\u00e1ky pro vrt\u00e1n\u00ed otvor\u016f pro z\u00e1v\u011bsy \u00d8 35 mm Typick\u00e9 pou\u017eit\u00ed pro konzolov\u00e9 z\u00e1v\u011bsy Vhodn\u00e9 pro vrt\u00e1n\u00ed d\u0159evovl\u00e1knit\u00fdch desek, p\u0159ekli\u017eky, d\u0159evot\u0159\u00edskov\u00fdch desek a p\u0159\u00edrodn\u00edho tvrd\u00e9ho a m\u011bkk\u00e9ho d\u0159eva Pr\u016fm\u011br 35 mm D\u00e9lka 65 mm Po\u010det kus\u016f v balen\u00ed 1<\/p>\n","protected":false},"featured_media":48222,"comment_status":"open","ping_status":"open","template":"","meta":[],"product_brand":[],"product_cat":[52],"product_tag":[],"class_list":{"0":"post-48122","1":"product","2":"type-product","3":"status-publish","4":"has-post-thumbnail","6":"product_cat-naradi","8":"first","9":"instock","10":"sale","11":"shipping-taxable","12":"purchasable","13":"product-type-simple"},"yoast_head":"<!-- This site is optimized with the Yoast SEO plugin v26.8 - https:\/\/yoast.com\/product\/yoast-seo-wordpress\/ -->\n<title>Akce DeWalt DT4543 Karbidov\u00e9 vrt\u00e1ky pro vrt\u00e1n\u00ed otvor\u016f pro z\u00e1v\u011bsy -<\/title>\n<meta name=\"robots\" content=\"index, follow, max-snippet:-1, max-image-preview:large, max-video-preview:-1\" \/>\n<link rel=\"canonical\" href=\"https:\/\/www.domkraftpro.com\/index.php\/produkt\/akce-dewalt-dt4543-karbidove-vrtaky-pro-vrtani-otvoru-pro-zavesy-48122\/\" \/>\n<meta property=\"og:locale\" content=\"cs_CZ\" \/>\n<meta property=\"og:type\" content=\"article\" \/>\n<meta property=\"og:title\" content=\"Akce DeWalt DT4543 Karbidov\u00e9 vrt\u00e1ky pro vrt\u00e1n\u00ed otvor\u016f pro z\u00e1v\u011bsy -\" \/>\n<meta property=\"og:description\" content=\"Karbidov\u00e9 vrt\u00e1ky pro vrt\u00e1n\u00ed otvor\u016f pro z\u00e1v\u011bsy \u00d8 35 mm Typick\u00e9 pou\u017eit\u00ed pro konzolov\u00e9 z\u00e1v\u011bsy Vhodn\u00e9 pro vrt\u00e1n\u00ed d\u0159evovl\u00e1knit\u00fdch desek, p\u0159ekli\u017eky, d\u0159evot\u0159\u00edskov\u00fdch desek a p\u0159\u00edrodn\u00edho tvrd\u00e9ho a m\u011bkk\u00e9ho d\u0159eva Pr\u016fm\u011br 35 mm D\u00e9lka 65 mm Po\u010det kus\u016f v balen\u00ed 1\" \/>\n<meta property=\"og:url\" content=\"https:\/\/www.domkraftpro.com\/index.php\/produkt\/akce-dewalt-dt4543-karbidove-vrtaky-pro-vrtani-otvoru-pro-zavesy-48122\/\" \/>\n<meta property=\"og:image\" content=\"https:\/\/www.domkraftpro.com\/wp-content\/uploads\/2026\/SK0008855-CZ20260425-092328-0-1777080210-dt4543.webp\" \/>\n\t<meta property=\"og:image:width\" content=\"800\" \/>\n\t<meta property=\"og:image:height\" content=\"800\" \/>\n\t<meta property=\"og:image:type\" content=\"image\/webp\" \/>\n<meta name=\"twitter:card\" content=\"summary_large_image\" \/>\n<script type=\"application\/ld+json\" class=\"yoast-schema-graph\">{\"@context\":\"https:\/\/schema.org\",\"@graph\":[{\"@type\":\"WebPage\",\"@id\":\"https:\/\/www.domkraftpro.com\/index.php\/produkt\/akce-dewalt-dt4543-karbidove-vrtaky-pro-vrtani-otvoru-pro-zavesy-48122\/\",\"url\":\"https:\/\/www.domkraftpro.com\/index.php\/produkt\/akce-dewalt-dt4543-karbidove-vrtaky-pro-vrtani-otvoru-pro-zavesy-48122\/\",\"name\":\"Akce DeWalt DT4543 Karbidov\u00e9 vrt\u00e1ky pro vrt\u00e1n\u00ed otvor\u016f pro z\u00e1v\u011bsy -\",\"isPartOf\":{\"@id\":\"https:\/\/www.domkraftpro.com\/#website\"},\"primaryImageOfPage\":{\"@id\":\"https:\/\/www.domkraftpro.com\/index.php\/produkt\/akce-dewalt-dt4543-karbidove-vrtaky-pro-vrtani-otvoru-pro-zavesy-48122\/#primaryimage\"},\"image\":{\"@id\":\"https:\/\/www.domkraftpro.com\/index.php\/produkt\/akce-dewalt-dt4543-karbidove-vrtaky-pro-vrtani-otvoru-pro-zavesy-48122\/#primaryimage\"},\"thumbnailUrl\":\"https:\/\/www.domkraftpro.com\/wp-content\/uploads\/2026\/SK0008855-CZ20260425-092328-0-1777080210-dt4543.webp\",\"datePublished\":\"2026-04-27T04:42:33+00:00\",\"breadcrumb\":{\"@id\":\"https:\/\/www.domkraftpro.com\/index.php\/produkt\/akce-dewalt-dt4543-karbidove-vrtaky-pro-vrtani-otvoru-pro-zavesy-48122\/#breadcrumb\"},\"inLanguage\":\"cs\",\"potentialAction\":[{\"@type\":\"ReadAction\",\"target\":[\"https:\/\/www.domkraftpro.com\/index.php\/produkt\/akce-dewalt-dt4543-karbidove-vrtaky-pro-vrtani-otvoru-pro-zavesy-48122\/\"]}]},{\"@type\":\"ImageObject\",\"inLanguage\":\"cs\",\"@id\":\"https:\/\/www.domkraftpro.com\/index.php\/produkt\/akce-dewalt-dt4543-karbidove-vrtaky-pro-vrtani-otvoru-pro-zavesy-48122\/#primaryimage\",\"url\":\"https:\/\/www.domkraftpro.com\/wp-content\/uploads\/2026\/SK0008855-CZ20260425-092328-0-1777080210-dt4543.webp\",\"contentUrl\":\"https:\/\/www.domkraftpro.com\/wp-content\/uploads\/2026\/SK0008855-CZ20260425-092328-0-1777080210-dt4543.webp\",\"width\":800,\"height\":800},{\"@type\":\"BreadcrumbList\",\"@id\":\"https:\/\/www.domkraftpro.com\/index.php\/produkt\/akce-dewalt-dt4543-karbidove-vrtaky-pro-vrtani-otvoru-pro-zavesy-48122\/#breadcrumb\",\"itemListElement\":[{\"@type\":\"ListItem\",\"position\":1,\"name\":\"Home\",\"item\":\"https:\/\/www.domkraftpro.com\/\"},{\"@type\":\"ListItem\",\"position\":2,\"name\":\"Products\",\"item\":\"https:\/\/www.domkraftpro.com\/index.php\/products\/\"},{\"@type\":\"ListItem\",\"position\":3,\"name\":\"Akce DeWalt DT4543 Karbidov\u00e9 vrt\u00e1ky pro vrt\u00e1n\u00ed otvor\u016f pro z\u00e1v\u011bsy\"}]},{\"@type\":\"WebSite\",\"@id\":\"https:\/\/www.domkraftpro.com\/#website\",\"url\":\"https:\/\/www.domkraftpro.com\/\",\"name\":\"\",\"description\":\"\",\"potentialAction\":[{\"@type\":\"SearchAction\",\"target\":{\"@type\":\"EntryPoint\",\"urlTemplate\":\"https:\/\/www.domkraftpro.com\/?s={search_term_string}\"},\"query-input\":{\"@type\":\"PropertyValueSpecification\",\"valueRequired\":true,\"valueName\":\"search_term_string\"}}],\"inLanguage\":\"cs\"}]}<\/script>\n<!-- \/ Yoast SEO plugin. -->","yoast_head_json":{"title":"Akce DeWalt DT4543 Karbidov\u00e9 vrt\u00e1ky pro vrt\u00e1n\u00ed otvor\u016f pro z\u00e1v\u011bsy -","robots":{"index":"index","follow":"follow","max-snippet":"max-snippet:-1","max-image-preview":"max-image-preview:large","max-video-preview":"max-video-preview:-1"},"canonical":"https:\/\/www.domkraftpro.com\/index.php\/produkt\/akce-dewalt-dt4543-karbidove-vrtaky-pro-vrtani-otvoru-pro-zavesy-48122\/","og_locale":"cs_CZ","og_type":"article","og_title":"Akce DeWalt DT4543 Karbidov\u00e9 vrt\u00e1ky pro vrt\u00e1n\u00ed otvor\u016f pro z\u00e1v\u011bsy -","og_description":"Karbidov\u00e9 vrt\u00e1ky pro vrt\u00e1n\u00ed otvor\u016f pro z\u00e1v\u011bsy \u00d8 35 mm Typick\u00e9 pou\u017eit\u00ed pro konzolov\u00e9 z\u00e1v\u011bsy Vhodn\u00e9 pro vrt\u00e1n\u00ed d\u0159evovl\u00e1knit\u00fdch desek, p\u0159ekli\u017eky, d\u0159evot\u0159\u00edskov\u00fdch desek a p\u0159\u00edrodn\u00edho tvrd\u00e9ho a m\u011bkk\u00e9ho d\u0159eva Pr\u016fm\u011br 35 mm D\u00e9lka 65 mm Po\u010det kus\u016f v balen\u00ed 1","og_url":"https:\/\/www.domkraftpro.com\/index.php\/produkt\/akce-dewalt-dt4543-karbidove-vrtaky-pro-vrtani-otvoru-pro-zavesy-48122\/","og_image":[{"width":800,"height":800,"url":"https:\/\/www.domkraftpro.com\/wp-content\/uploads\/2026\/SK0008855-CZ20260425-092328-0-1777080210-dt4543.webp","type":"image\/webp"}],"twitter_card":"summary_large_image","schema":{"@context":"https:\/\/schema.org","@graph":[{"@type":"WebPage","@id":"https:\/\/www.domkraftpro.com\/index.php\/produkt\/akce-dewalt-dt4543-karbidove-vrtaky-pro-vrtani-otvoru-pro-zavesy-48122\/","url":"https:\/\/www.domkraftpro.com\/index.php\/produkt\/akce-dewalt-dt4543-karbidove-vrtaky-pro-vrtani-otvoru-pro-zavesy-48122\/","name":"Akce DeWalt DT4543 Karbidov\u00e9 vrt\u00e1ky pro vrt\u00e1n\u00ed otvor\u016f pro z\u00e1v\u011bsy -","isPartOf":{"@id":"https:\/\/www.domkraftpro.com\/#website"},"primaryImageOfPage":{"@id":"https:\/\/www.domkraftpro.com\/index.php\/produkt\/akce-dewalt-dt4543-karbidove-vrtaky-pro-vrtani-otvoru-pro-zavesy-48122\/#primaryimage"},"image":{"@id":"https:\/\/www.domkraftpro.com\/index.php\/produkt\/akce-dewalt-dt4543-karbidove-vrtaky-pro-vrtani-otvoru-pro-zavesy-48122\/#primaryimage"},"thumbnailUrl":"https:\/\/www.domkraftpro.com\/wp-content\/uploads\/2026\/SK0008855-CZ20260425-092328-0-1777080210-dt4543.webp","datePublished":"2026-04-27T04:42:33+00:00","breadcrumb":{"@id":"https:\/\/www.domkraftpro.com\/index.php\/produkt\/akce-dewalt-dt4543-karbidove-vrtaky-pro-vrtani-otvoru-pro-zavesy-48122\/#breadcrumb"},"inLanguage":"cs","potentialAction":[{"@type":"ReadAction","target":["https:\/\/www.domkraftpro.com\/index.php\/produkt\/akce-dewalt-dt4543-karbidove-vrtaky-pro-vrtani-otvoru-pro-zavesy-48122\/"]}]},{"@type":"ImageObject","inLanguage":"cs","@id":"https:\/\/www.domkraftpro.com\/index.php\/produkt\/akce-dewalt-dt4543-karbidove-vrtaky-pro-vrtani-otvoru-pro-zavesy-48122\/#primaryimage","url":"https:\/\/www.domkraftpro.com\/wp-content\/uploads\/2026\/SK0008855-CZ20260425-092328-0-1777080210-dt4543.webp","contentUrl":"https:\/\/www.domkraftpro.com\/wp-content\/uploads\/2026\/SK0008855-CZ20260425-092328-0-1777080210-dt4543.webp","width":800,"height":800},{"@type":"BreadcrumbList","@id":"https:\/\/www.domkraftpro.com\/index.php\/produkt\/akce-dewalt-dt4543-karbidove-vrtaky-pro-vrtani-otvoru-pro-zavesy-48122\/#breadcrumb","itemListElement":[{"@type":"ListItem","position":1,"name":"Home","item":"https:\/\/www.domkraftpro.com\/"},{"@type":"ListItem","position":2,"name":"Products","item":"https:\/\/www.domkraftpro.com\/index.php\/products\/"},{"@type":"ListItem","position":3,"name":"Akce DeWalt DT4543 Karbidov\u00e9 vrt\u00e1ky pro vrt\u00e1n\u00ed otvor\u016f pro z\u00e1v\u011bsy"}]},{"@type":"WebSite","@id":"https:\/\/www.domkraftpro.com\/#website","url":"https:\/\/www.domkraftpro.com\/","name":"","description":"","potentialAction":[{"@type":"SearchAction","target":{"@type":"EntryPoint","urlTemplate":"https:\/\/www.domkraftpro.com\/?s={search_term_string}"},"query-input":{"@type":"PropertyValueSpecification","valueRequired":true,"valueName":"search_term_string"}}],"inLanguage":"cs"}]}},"_links":{"self":[{"href":"https:\/\/www.domkraftpro.com\/index.php\/wp-json\/wp\/v2\/product\/48122","targetHints":{"allow":["GET"]}}],"collection":[{"href":"https:\/\/www.domkraftpro.com\/index.php\/wp-json\/wp\/v2\/product"}],"about":[{"href":"https:\/\/www.domkraftpro.com\/index.php\/wp-json\/wp\/v2\/types\/product"}],"replies":[{"embeddable":true,"href":"https:\/\/www.domkraftpro.com\/index.php\/wp-json\/wp\/v2\/comments?post=48122"}],"wp:featuredmedia":[{"embeddable":true,"href":"https:\/\/www.domkraftpro.com\/index.php\/wp-json\/wp\/v2\/media\/48222"}],"wp:attachment":[{"href":"https:\/\/www.domkraftpro.com\/index.php\/wp-json\/wp\/v2\/media?parent=48122"}],"wp:term":[{"taxonomy":"product_brand","embeddable":true,"href":"https:\/\/www.domkraftpro.com\/index.php\/wp-json\/wp\/v2\/product_brand?post=48122"},{"taxonomy":"product_cat","embeddable":true,"href":"https:\/\/www.domkraftpro.com\/index.php\/wp-json\/wp\/v2\/product_cat?post=48122"},{"taxonomy":"product_tag","embeddable":true,"href":"https:\/\/www.domkraftpro.com\/index.php\/wp-json\/wp\/v2\/product_tag?post=48122"}],"curies":[{"name":"wp","href":"https:\/\/api.w.org\/{rel}","templated":true}]}}