{"id":47388,"date":"2026-04-27T04:42:30","date_gmt":"2026-04-27T04:42:30","guid":{"rendered":""},"modified":"2026-04-27T04:42:30","modified_gmt":"2026-04-27T04:42:30","slug":"akce-dewalt-dt2344-bimetalove-pilove-listy-pro-akumulatorove-naradi-47388","status":"publish","type":"product","link":"https:\/\/www.domkraftpro.com\/index.php\/produkt\/akce-dewalt-dt2344-bimetalove-pilove-listy-pro-akumulatorove-naradi-47388\/","title":{"rendered":"Akce DeWalt DT2344 Bimetalov\u00e9 pilov\u00e9 listy pro akumul\u00e1torov\u00e9 n\u00e1\u0159ad\u00ed"},"content":{"rendered":"<table>\n<div class=\"tab-pane active product-description\" id=\"popis\" role=\"tabpanel\">\n<div class=\"short-description\" itemprop=\"description\">Do d\u0159eva, hladk\u00e9 a rychl\u00e9 obloukov\u00e9 \u0159ezy, vhodn\u00e9 pro AKU me\u010dov\u00e9 pily, 152 mm &#8211; 5 ks (S711VF)<\/div>\n<div class=\"description\">\n<ul>\n<li>Konstrukce bimetalov\u00e9ho pilov\u00e9ho listu v sob\u011b spojuje vlastnosti rychlo\u0159ezn\u00e9 oceli (HSS) a oceli s vysok\u00fdm obsahem uhl\u00edku (HCS), co\u017e zaru\u010duje v\u011bt\u0161\u00ed flexibilitu a odolnost.<\/li>\n<li>Konstrukce z oceli s vysok\u00fdm obsahem uhl\u00edku.<\/li>\n<li>Univerz\u00e1ln\u00ed up\u00ednac\u00ed stopka vyhovuje pou\u017eit\u00ed se v\u0161emi hlavn\u00edmi zna\u010dkami n\u00e1\u0159ad\u00ed jako jsou D<span style=\"letter-spacing:0;display:inline;font-size:0.8em\">E<\/span>WALT, Bosch, Hitachi, Flex, Makita, Metabo, Skil.<\/li>\n<\/ul>\n<\/div>\n<div class=\"parameters\">\n<tr>\n<td>Pou\u017eit\u00ed<\/td>\n<td>Jemn\u00e9 a rychl\u00e9 \u0159ezy, zejm\u00e9na pro obloukov\u00e9 \u0159ezy d\u0159eva a plast\u016f<\/td>\n<\/tr>\n<tr>\n<td>D\u00e9lka<\/td>\n<td>152 mm<\/td>\n<\/tr>\n<tr>\n<td>Rozte\u010d<\/td>\n<td>3,6 &#8211; 5,1 mm<\/td>\n<\/tr>\n<tr>\n<td>Po\u010det kus\u016f v balen\u00ed<\/td>\n<td>5<\/td>\n<\/tr><\/div>\n<\/table>\n","protected":false},"excerpt":{"rendered":"<p>Do d\u0159eva, hladk\u00e9 a rychl\u00e9 obloukov\u00e9 \u0159ezy, vhodn\u00e9 pro AKU me\u010dov\u00e9 pily, 152 mm &#8211; 5 ks (S711VF) Konstrukce bimetalov\u00e9ho pilov\u00e9ho listu v sob\u011b spojuje vlastnosti rychlo\u0159ezn\u00e9 oceli (HSS) a oceli s vysok\u00fdm obsahem uhl\u00edku (HCS), co\u017e zaru\u010duje v\u011bt\u0161\u00ed flexibilitu a odolnost. Konstrukce z oceli s vysok\u00fdm obsahem uhl\u00edku. Univerz\u00e1ln\u00ed up\u00ednac\u00ed stopka vyhovuje pou\u017eit\u00ed se [&hellip;]<\/p>\n","protected":false},"featured_media":47488,"comment_status":"open","ping_status":"open","template":"","meta":[],"product_brand":[],"product_cat":[52],"product_tag":[],"class_list":{"0":"post-47388","1":"product","2":"type-product","3":"status-publish","4":"has-post-thumbnail","6":"product_cat-naradi","8":"first","9":"instock","10":"sale","11":"shipping-taxable","12":"purchasable","13":"product-type-simple"},"yoast_head":"<!-- This site is optimized with the Yoast SEO plugin v26.8 - https:\/\/yoast.com\/product\/yoast-seo-wordpress\/ -->\n<title>Akce DeWalt DT2344 Bimetalov\u00e9 pilov\u00e9 listy pro akumul\u00e1torov\u00e9 n\u00e1\u0159ad\u00ed -<\/title>\n<meta name=\"robots\" content=\"index, follow, max-snippet:-1, max-image-preview:large, max-video-preview:-1\" \/>\n<link rel=\"canonical\" href=\"https:\/\/www.domkraftpro.com\/index.php\/produkt\/akce-dewalt-dt2344-bimetalove-pilove-listy-pro-akumulatorove-naradi-47388\/\" \/>\n<meta property=\"og:locale\" content=\"cs_CZ\" \/>\n<meta property=\"og:type\" content=\"article\" \/>\n<meta property=\"og:title\" content=\"Akce DeWalt DT2344 Bimetalov\u00e9 pilov\u00e9 listy pro akumul\u00e1torov\u00e9 n\u00e1\u0159ad\u00ed -\" \/>\n<meta property=\"og:description\" content=\"Do d\u0159eva, hladk\u00e9 a rychl\u00e9 obloukov\u00e9 \u0159ezy, vhodn\u00e9 pro AKU me\u010dov\u00e9 pily, 152 mm &#8211; 5 ks (S711VF) Konstrukce bimetalov\u00e9ho pilov\u00e9ho listu v sob\u011b spojuje vlastnosti rychlo\u0159ezn\u00e9 oceli (HSS) a oceli s vysok\u00fdm obsahem uhl\u00edku (HCS), co\u017e zaru\u010duje v\u011bt\u0161\u00ed flexibilitu a odolnost. Konstrukce z oceli s vysok\u00fdm obsahem uhl\u00edku. Univerz\u00e1ln\u00ed up\u00ednac\u00ed stopka vyhovuje pou\u017eit\u00ed se [&hellip;]\" \/>\n<meta property=\"og:url\" content=\"https:\/\/www.domkraftpro.com\/index.php\/produkt\/akce-dewalt-dt2344-bimetalove-pilove-listy-pro-akumulatorove-naradi-47388\/\" \/>\n<meta property=\"og:image\" content=\"https:\/\/www.domkraftpro.com\/wp-content\/uploads\/2026\/SK0008521-CZ20260425-092328-0-1777080210-dt2344.webp\" \/>\n\t<meta property=\"og:image:width\" content=\"800\" \/>\n\t<meta property=\"og:image:height\" content=\"800\" \/>\n\t<meta property=\"og:image:type\" content=\"image\/webp\" \/>\n<meta name=\"twitter:card\" content=\"summary_large_image\" \/>\n<meta name=\"twitter:label1\" content=\"Odhadovan\u00e1 doba \u010dten\u00ed\" \/>\n\t<meta name=\"twitter:data1\" content=\"1 minuta\" \/>\n<script type=\"application\/ld+json\" class=\"yoast-schema-graph\">{\"@context\":\"https:\/\/schema.org\",\"@graph\":[{\"@type\":\"WebPage\",\"@id\":\"https:\/\/www.domkraftpro.com\/index.php\/produkt\/akce-dewalt-dt2344-bimetalove-pilove-listy-pro-akumulatorove-naradi-47388\/\",\"url\":\"https:\/\/www.domkraftpro.com\/index.php\/produkt\/akce-dewalt-dt2344-bimetalove-pilove-listy-pro-akumulatorove-naradi-47388\/\",\"name\":\"Akce DeWalt DT2344 Bimetalov\u00e9 pilov\u00e9 listy pro akumul\u00e1torov\u00e9 n\u00e1\u0159ad\u00ed -\",\"isPartOf\":{\"@id\":\"https:\/\/www.domkraftpro.com\/#website\"},\"primaryImageOfPage\":{\"@id\":\"https:\/\/www.domkraftpro.com\/index.php\/produkt\/akce-dewalt-dt2344-bimetalove-pilove-listy-pro-akumulatorove-naradi-47388\/#primaryimage\"},\"image\":{\"@id\":\"https:\/\/www.domkraftpro.com\/index.php\/produkt\/akce-dewalt-dt2344-bimetalove-pilove-listy-pro-akumulatorove-naradi-47388\/#primaryimage\"},\"thumbnailUrl\":\"https:\/\/www.domkraftpro.com\/wp-content\/uploads\/2026\/SK0008521-CZ20260425-092328-0-1777080210-dt2344.webp\",\"datePublished\":\"2026-04-27T04:42:30+00:00\",\"breadcrumb\":{\"@id\":\"https:\/\/www.domkraftpro.com\/index.php\/produkt\/akce-dewalt-dt2344-bimetalove-pilove-listy-pro-akumulatorove-naradi-47388\/#breadcrumb\"},\"inLanguage\":\"cs\",\"potentialAction\":[{\"@type\":\"ReadAction\",\"target\":[\"https:\/\/www.domkraftpro.com\/index.php\/produkt\/akce-dewalt-dt2344-bimetalove-pilove-listy-pro-akumulatorove-naradi-47388\/\"]}]},{\"@type\":\"ImageObject\",\"inLanguage\":\"cs\",\"@id\":\"https:\/\/www.domkraftpro.com\/index.php\/produkt\/akce-dewalt-dt2344-bimetalove-pilove-listy-pro-akumulatorove-naradi-47388\/#primaryimage\",\"url\":\"https:\/\/www.domkraftpro.com\/wp-content\/uploads\/2026\/SK0008521-CZ20260425-092328-0-1777080210-dt2344.webp\",\"contentUrl\":\"https:\/\/www.domkraftpro.com\/wp-content\/uploads\/2026\/SK0008521-CZ20260425-092328-0-1777080210-dt2344.webp\",\"width\":800,\"height\":800},{\"@type\":\"BreadcrumbList\",\"@id\":\"https:\/\/www.domkraftpro.com\/index.php\/produkt\/akce-dewalt-dt2344-bimetalove-pilove-listy-pro-akumulatorove-naradi-47388\/#breadcrumb\",\"itemListElement\":[{\"@type\":\"ListItem\",\"position\":1,\"name\":\"Home\",\"item\":\"https:\/\/www.domkraftpro.com\/\"},{\"@type\":\"ListItem\",\"position\":2,\"name\":\"Products\",\"item\":\"https:\/\/www.domkraftpro.com\/index.php\/products\/\"},{\"@type\":\"ListItem\",\"position\":3,\"name\":\"Akce DeWalt DT2344 Bimetalov\u00e9 pilov\u00e9 listy pro akumul\u00e1torov\u00e9 n\u00e1\u0159ad\u00ed\"}]},{\"@type\":\"WebSite\",\"@id\":\"https:\/\/www.domkraftpro.com\/#website\",\"url\":\"https:\/\/www.domkraftpro.com\/\",\"name\":\"\",\"description\":\"\",\"potentialAction\":[{\"@type\":\"SearchAction\",\"target\":{\"@type\":\"EntryPoint\",\"urlTemplate\":\"https:\/\/www.domkraftpro.com\/?s={search_term_string}\"},\"query-input\":{\"@type\":\"PropertyValueSpecification\",\"valueRequired\":true,\"valueName\":\"search_term_string\"}}],\"inLanguage\":\"cs\"}]}<\/script>\n<!-- \/ Yoast SEO plugin. -->","yoast_head_json":{"title":"Akce DeWalt DT2344 Bimetalov\u00e9 pilov\u00e9 listy pro akumul\u00e1torov\u00e9 n\u00e1\u0159ad\u00ed -","robots":{"index":"index","follow":"follow","max-snippet":"max-snippet:-1","max-image-preview":"max-image-preview:large","max-video-preview":"max-video-preview:-1"},"canonical":"https:\/\/www.domkraftpro.com\/index.php\/produkt\/akce-dewalt-dt2344-bimetalove-pilove-listy-pro-akumulatorove-naradi-47388\/","og_locale":"cs_CZ","og_type":"article","og_title":"Akce DeWalt DT2344 Bimetalov\u00e9 pilov\u00e9 listy pro akumul\u00e1torov\u00e9 n\u00e1\u0159ad\u00ed -","og_description":"Do d\u0159eva, hladk\u00e9 a rychl\u00e9 obloukov\u00e9 \u0159ezy, vhodn\u00e9 pro AKU me\u010dov\u00e9 pily, 152 mm &#8211; 5 ks (S711VF) Konstrukce bimetalov\u00e9ho pilov\u00e9ho listu v sob\u011b spojuje vlastnosti rychlo\u0159ezn\u00e9 oceli (HSS) a oceli s vysok\u00fdm obsahem uhl\u00edku (HCS), co\u017e zaru\u010duje v\u011bt\u0161\u00ed flexibilitu a odolnost. Konstrukce z oceli s vysok\u00fdm obsahem uhl\u00edku. Univerz\u00e1ln\u00ed up\u00ednac\u00ed stopka vyhovuje pou\u017eit\u00ed se [&hellip;]","og_url":"https:\/\/www.domkraftpro.com\/index.php\/produkt\/akce-dewalt-dt2344-bimetalove-pilove-listy-pro-akumulatorove-naradi-47388\/","og_image":[{"width":800,"height":800,"url":"https:\/\/www.domkraftpro.com\/wp-content\/uploads\/2026\/SK0008521-CZ20260425-092328-0-1777080210-dt2344.webp","type":"image\/webp"}],"twitter_card":"summary_large_image","twitter_misc":{"Odhadovan\u00e1 doba \u010dten\u00ed":"1 minuta"},"schema":{"@context":"https:\/\/schema.org","@graph":[{"@type":"WebPage","@id":"https:\/\/www.domkraftpro.com\/index.php\/produkt\/akce-dewalt-dt2344-bimetalove-pilove-listy-pro-akumulatorove-naradi-47388\/","url":"https:\/\/www.domkraftpro.com\/index.php\/produkt\/akce-dewalt-dt2344-bimetalove-pilove-listy-pro-akumulatorove-naradi-47388\/","name":"Akce DeWalt DT2344 Bimetalov\u00e9 pilov\u00e9 listy pro akumul\u00e1torov\u00e9 n\u00e1\u0159ad\u00ed -","isPartOf":{"@id":"https:\/\/www.domkraftpro.com\/#website"},"primaryImageOfPage":{"@id":"https:\/\/www.domkraftpro.com\/index.php\/produkt\/akce-dewalt-dt2344-bimetalove-pilove-listy-pro-akumulatorove-naradi-47388\/#primaryimage"},"image":{"@id":"https:\/\/www.domkraftpro.com\/index.php\/produkt\/akce-dewalt-dt2344-bimetalove-pilove-listy-pro-akumulatorove-naradi-47388\/#primaryimage"},"thumbnailUrl":"https:\/\/www.domkraftpro.com\/wp-content\/uploads\/2026\/SK0008521-CZ20260425-092328-0-1777080210-dt2344.webp","datePublished":"2026-04-27T04:42:30+00:00","breadcrumb":{"@id":"https:\/\/www.domkraftpro.com\/index.php\/produkt\/akce-dewalt-dt2344-bimetalove-pilove-listy-pro-akumulatorove-naradi-47388\/#breadcrumb"},"inLanguage":"cs","potentialAction":[{"@type":"ReadAction","target":["https:\/\/www.domkraftpro.com\/index.php\/produkt\/akce-dewalt-dt2344-bimetalove-pilove-listy-pro-akumulatorove-naradi-47388\/"]}]},{"@type":"ImageObject","inLanguage":"cs","@id":"https:\/\/www.domkraftpro.com\/index.php\/produkt\/akce-dewalt-dt2344-bimetalove-pilove-listy-pro-akumulatorove-naradi-47388\/#primaryimage","url":"https:\/\/www.domkraftpro.com\/wp-content\/uploads\/2026\/SK0008521-CZ20260425-092328-0-1777080210-dt2344.webp","contentUrl":"https:\/\/www.domkraftpro.com\/wp-content\/uploads\/2026\/SK0008521-CZ20260425-092328-0-1777080210-dt2344.webp","width":800,"height":800},{"@type":"BreadcrumbList","@id":"https:\/\/www.domkraftpro.com\/index.php\/produkt\/akce-dewalt-dt2344-bimetalove-pilove-listy-pro-akumulatorove-naradi-47388\/#breadcrumb","itemListElement":[{"@type":"ListItem","position":1,"name":"Home","item":"https:\/\/www.domkraftpro.com\/"},{"@type":"ListItem","position":2,"name":"Products","item":"https:\/\/www.domkraftpro.com\/index.php\/products\/"},{"@type":"ListItem","position":3,"name":"Akce DeWalt DT2344 Bimetalov\u00e9 pilov\u00e9 listy pro akumul\u00e1torov\u00e9 n\u00e1\u0159ad\u00ed"}]},{"@type":"WebSite","@id":"https:\/\/www.domkraftpro.com\/#website","url":"https:\/\/www.domkraftpro.com\/","name":"","description":"","potentialAction":[{"@type":"SearchAction","target":{"@type":"EntryPoint","urlTemplate":"https:\/\/www.domkraftpro.com\/?s={search_term_string}"},"query-input":{"@type":"PropertyValueSpecification","valueRequired":true,"valueName":"search_term_string"}}],"inLanguage":"cs"}]}},"_links":{"self":[{"href":"https:\/\/www.domkraftpro.com\/index.php\/wp-json\/wp\/v2\/product\/47388","targetHints":{"allow":["GET"]}}],"collection":[{"href":"https:\/\/www.domkraftpro.com\/index.php\/wp-json\/wp\/v2\/product"}],"about":[{"href":"https:\/\/www.domkraftpro.com\/index.php\/wp-json\/wp\/v2\/types\/product"}],"replies":[{"embeddable":true,"href":"https:\/\/www.domkraftpro.com\/index.php\/wp-json\/wp\/v2\/comments?post=47388"}],"wp:featuredmedia":[{"embeddable":true,"href":"https:\/\/www.domkraftpro.com\/index.php\/wp-json\/wp\/v2\/media\/47488"}],"wp:attachment":[{"href":"https:\/\/www.domkraftpro.com\/index.php\/wp-json\/wp\/v2\/media?parent=47388"}],"wp:term":[{"taxonomy":"product_brand","embeddable":true,"href":"https:\/\/www.domkraftpro.com\/index.php\/wp-json\/wp\/v2\/product_brand?post=47388"},{"taxonomy":"product_cat","embeddable":true,"href":"https:\/\/www.domkraftpro.com\/index.php\/wp-json\/wp\/v2\/product_cat?post=47388"},{"taxonomy":"product_tag","embeddable":true,"href":"https:\/\/www.domkraftpro.com\/index.php\/wp-json\/wp\/v2\/product_tag?post=47388"}],"curies":[{"name":"wp","href":"https:\/\/api.w.org\/{rel}","templated":true}]}}