{"id":47362,"date":"2026-04-27T04:42:30","date_gmt":"2026-04-27T04:42:30","guid":{"rendered":""},"modified":"2026-04-27T04:42:30","modified_gmt":"2026-04-27T04:42:30","slug":"znackovy-dewalt-dt60816-20-x-340-x-200-mm-sds-max-xlr-47362","status":"publish","type":"product","link":"https:\/\/www.domkraftpro.com\/produkt\/znackovy-dewalt-dt60816-20-x-340-x-200-mm-sds-max-xlr-47362\/","title":{"rendered":"Zna\u010dkov\u00fd DeWalt DT60816 20 x 340 x 200 mm SDS max XLR"},"content":{"rendered":"<table>\n<div class=\"tab-pane active product-description\" id=\"popis\" role=\"tabpanel\">\n<div class=\"short-description\" itemprop=\"description\">20 x 340 x 200 <\/div>\n<div class=\"description\">\n<ul>\n<li>\u0160pi\u010dka vrt\u00e1ku zaru\u010duje \u00fa\u010dinn\u00e9 vrt\u00e1n a rozb\u00edjen\u00ed materi\u00e1lu.<\/li>\n<li>\u0160pi\u010dka vrt\u00e1ku si d\u00e9le uchov\u00e1v\u00e1 efektivitu vrt\u00e1n\u00ed a pracovn\u00ed hrany jsou del\u0161\u00ed.<\/li>\n<li>\u0160pi\u010dka vrt\u00e1ku se 4 pracovn\u00edmi hranami umo\u017e\u0148uje vrt\u00e1n\u00ed p\u0159esn\u011bj\u0161\u00edch kruhov\u00fdch otvor\u016f.<\/li>\n<li>Ne\u010distoty jsou z vrtan\u00e9ho otvoru odstra\u0148ov\u00e1ny efektivn\u011bji, co\u017e umo\u017e\u0148uje efektivn\u011bj\u0161\u00ed prov\u00e1d\u011bn\u00ed p\u0159\u00edklepu.<\/li>\n<\/ul>\n<\/div>\n<div class=\"parameters\">\n<tr>\n<td>Pr\u016fm\u011br<\/td>\n<td>20 mm<\/td>\n<\/tr>\n<tr>\n<td>D\u00e9lka<\/td>\n<td>340 mm<\/td>\n<\/tr>\n<tr>\n<td>Pracovn\u00ed d\u00e9lka<\/td>\n<td>200 mm<\/td>\n<\/tr>\n<tr>\n<td>B\u0159ity<\/td>\n<td>4<\/td>\n<\/tr>\n<tr>\n<td>Po\u010det kus\u016f v balen\u00ed<\/td>\n<td>1<\/td>\n<\/tr>\n<tr>\n<td>CS Perform &amp; Protect<\/td>\n<td>Ano<\/td>\n<\/tr><\/div>\n<\/table>\n","protected":false},"excerpt":{"rendered":"<p>20 x 340 x 200 \u0160pi\u010dka vrt\u00e1ku zaru\u010duje \u00fa\u010dinn\u00e9 vrt\u00e1n a rozb\u00edjen\u00ed materi\u00e1lu. \u0160pi\u010dka vrt\u00e1ku si d\u00e9le uchov\u00e1v\u00e1 efektivitu vrt\u00e1n\u00ed a pracovn\u00ed hrany jsou del\u0161\u00ed. \u0160pi\u010dka vrt\u00e1ku se 4 pracovn\u00edmi hranami umo\u017e\u0148uje vrt\u00e1n\u00ed p\u0159esn\u011bj\u0161\u00edch kruhov\u00fdch otvor\u016f. Ne\u010distoty jsou z vrtan\u00e9ho otvoru odstra\u0148ov\u00e1ny efektivn\u011bji, co\u017e umo\u017e\u0148uje efektivn\u011bj\u0161\u00ed prov\u00e1d\u011bn\u00ed p\u0159\u00edklepu. Pr\u016fm\u011br 20 mm D\u00e9lka 340 mm Pracovn\u00ed [&hellip;]<\/p>\n","protected":false},"featured_media":47462,"template":"","meta":[],"product_brand":[],"product_cat":[52],"product_tag":[],"class_list":{"0":"post-47362","1":"product","2":"type-product","3":"status-publish","4":"has-post-thumbnail","6":"product_cat-naradi","8":"first","9":"instock","10":"sale","11":"shipping-taxable","12":"purchasable","13":"product-type-simple"},"yoast_head":"<!-- This site is optimized with the Yoast SEO plugin v26.8 - https:\/\/yoast.com\/product\/yoast-seo-wordpress\/ -->\n<title>Zna\u010dkov\u00fd DeWalt DT60816 20 x 340 x 200 mm SDS max XLR - Koupelna &amp; N\u00e1\u0159ad\u00ed &amp; Osv\u011btlen\u00ed a Stavebn\u00ed pot\u0159by<\/title>\n<meta name=\"robots\" content=\"index, follow, max-snippet:-1, max-image-preview:large, max-video-preview:-1\" \/>\n<link rel=\"canonical\" href=\"https:\/\/www.domkraftpro.com\/index.php\/produkt\/znackovy-dewalt-dt60816-20-x-340-x-200-mm-sds-max-xlr-47362\/\" \/>\n<meta property=\"og:locale\" content=\"cs_CZ\" \/>\n<meta property=\"og:type\" content=\"article\" \/>\n<meta property=\"og:title\" content=\"Zna\u010dkov\u00fd DeWalt DT60816 20 x 340 x 200 mm SDS max XLR - Koupelna &amp; N\u00e1\u0159ad\u00ed &amp; Osv\u011btlen\u00ed a Stavebn\u00ed pot\u0159by\" \/>\n<meta property=\"og:description\" content=\"20 x 340 x 200 \u0160pi\u010dka vrt\u00e1ku zaru\u010duje \u00fa\u010dinn\u00e9 vrt\u00e1n a rozb\u00edjen\u00ed materi\u00e1lu. \u0160pi\u010dka vrt\u00e1ku si d\u00e9le uchov\u00e1v\u00e1 efektivitu vrt\u00e1n\u00ed a pracovn\u00ed hrany jsou del\u0161\u00ed. \u0160pi\u010dka vrt\u00e1ku se 4 pracovn\u00edmi hranami umo\u017e\u0148uje vrt\u00e1n\u00ed p\u0159esn\u011bj\u0161\u00edch kruhov\u00fdch otvor\u016f. Ne\u010distoty jsou z vrtan\u00e9ho otvoru odstra\u0148ov\u00e1ny efektivn\u011bji, co\u017e umo\u017e\u0148uje efektivn\u011bj\u0161\u00ed prov\u00e1d\u011bn\u00ed p\u0159\u00edklepu. Pr\u016fm\u011br 20 mm D\u00e9lka 340 mm Pracovn\u00ed [&hellip;]\" \/>\n<meta property=\"og:url\" content=\"https:\/\/www.domkraftpro.com\/index.php\/produkt\/znackovy-dewalt-dt60816-20-x-340-x-200-mm-sds-max-xlr-47362\/\" \/>\n<meta property=\"og:site_name\" content=\"Koupelna &amp; N\u00e1\u0159ad\u00ed &amp; Osv\u011btlen\u00ed a Stavebn\u00ed pot\u0159by\" \/>\n<meta property=\"og:image\" content=\"https:\/\/www.domkraftpro.com\/wp-content\/uploads\/2026\/SK0008495-CZ20260425-092328-0-1777080210-dt60816.webp\" \/>\n\t<meta property=\"og:image:width\" content=\"800\" \/>\n\t<meta property=\"og:image:height\" content=\"800\" \/>\n\t<meta property=\"og:image:type\" content=\"image\/webp\" \/>\n<meta name=\"twitter:card\" content=\"summary_large_image\" \/>\n<script type=\"application\/ld+json\" class=\"yoast-schema-graph\">{\"@context\":\"https:\/\/schema.org\",\"@graph\":[{\"@type\":\"WebPage\",\"@id\":\"https:\/\/www.domkraftpro.com\/index.php\/produkt\/znackovy-dewalt-dt60816-20-x-340-x-200-mm-sds-max-xlr-47362\/\",\"url\":\"https:\/\/www.domkraftpro.com\/index.php\/produkt\/znackovy-dewalt-dt60816-20-x-340-x-200-mm-sds-max-xlr-47362\/\",\"name\":\"Zna\u010dkov\u00fd DeWalt DT60816 20 x 340 x 200 mm SDS max XLR - Koupelna &amp; N\u00e1\u0159ad\u00ed &amp; Osv\u011btlen\u00ed a Stavebn\u00ed pot\u0159by\",\"isPartOf\":{\"@id\":\"https:\/\/www.domkraftpro.com\/#website\"},\"primaryImageOfPage\":{\"@id\":\"https:\/\/www.domkraftpro.com\/index.php\/produkt\/znackovy-dewalt-dt60816-20-x-340-x-200-mm-sds-max-xlr-47362\/#primaryimage\"},\"image\":{\"@id\":\"https:\/\/www.domkraftpro.com\/index.php\/produkt\/znackovy-dewalt-dt60816-20-x-340-x-200-mm-sds-max-xlr-47362\/#primaryimage\"},\"thumbnailUrl\":\"https:\/\/www.domkraftpro.com\/wp-content\/uploads\/2026\/SK0008495-CZ20260425-092328-0-1777080210-dt60816.webp\",\"datePublished\":\"2026-04-27T04:42:30+00:00\",\"breadcrumb\":{\"@id\":\"https:\/\/www.domkraftpro.com\/index.php\/produkt\/znackovy-dewalt-dt60816-20-x-340-x-200-mm-sds-max-xlr-47362\/#breadcrumb\"},\"inLanguage\":\"cs\",\"potentialAction\":[{\"@type\":\"ReadAction\",\"target\":[\"https:\/\/www.domkraftpro.com\/index.php\/produkt\/znackovy-dewalt-dt60816-20-x-340-x-200-mm-sds-max-xlr-47362\/\"]}]},{\"@type\":\"ImageObject\",\"inLanguage\":\"cs\",\"@id\":\"https:\/\/www.domkraftpro.com\/index.php\/produkt\/znackovy-dewalt-dt60816-20-x-340-x-200-mm-sds-max-xlr-47362\/#primaryimage\",\"url\":\"https:\/\/www.domkraftpro.com\/wp-content\/uploads\/2026\/SK0008495-CZ20260425-092328-0-1777080210-dt60816.webp\",\"contentUrl\":\"https:\/\/www.domkraftpro.com\/wp-content\/uploads\/2026\/SK0008495-CZ20260425-092328-0-1777080210-dt60816.webp\",\"width\":800,\"height\":800},{\"@type\":\"BreadcrumbList\",\"@id\":\"https:\/\/www.domkraftpro.com\/index.php\/produkt\/znackovy-dewalt-dt60816-20-x-340-x-200-mm-sds-max-xlr-47362\/#breadcrumb\",\"itemListElement\":[{\"@type\":\"ListItem\",\"position\":1,\"name\":\"Home\",\"item\":\"https:\/\/www.domkraftpro.com\/\"},{\"@type\":\"ListItem\",\"position\":2,\"name\":\"Products\",\"item\":\"https:\/\/www.domkraftpro.com\/products\/\"},{\"@type\":\"ListItem\",\"position\":3,\"name\":\"Zna\u010dkov\u00fd DeWalt DT60816 20 x 340 x 200 mm SDS max XLR\"}]},{\"@type\":\"WebSite\",\"@id\":\"https:\/\/www.domkraftpro.com\/#website\",\"url\":\"https:\/\/www.domkraftpro.com\/\",\"name\":\"Koupelna &amp; N\u00e1\u0159ad\u00ed &amp; Osv\u011btlen\u00ed a Stavebn\u00ed pot\u0159by\",\"description\":\"Koupelna &amp; N\u00e1\u0159ad\u00ed &amp; Osv\u011btlen\u00ed a Stavebn\u00ed pot\u0159by\",\"publisher\":{\"@id\":\"https:\/\/www.domkraftpro.com\/#organization\"},\"potentialAction\":[{\"@type\":\"SearchAction\",\"target\":{\"@type\":\"EntryPoint\",\"urlTemplate\":\"https:\/\/www.domkraftpro.com\/?s={search_term_string}\"},\"query-input\":{\"@type\":\"PropertyValueSpecification\",\"valueRequired\":true,\"valueName\":\"search_term_string\"}}],\"inLanguage\":\"cs\"},{\"@type\":\"Organization\",\"@id\":\"https:\/\/www.domkraftpro.com\/#organization\",\"name\":\"Koupelna &amp; N\u00e1\u0159ad\u00ed &amp; Osv\u011btlen\u00ed a Stavebn\u00ed pot\u0159by\",\"url\":\"https:\/\/www.domkraftpro.com\/\",\"logo\":{\"@type\":\"ImageObject\",\"inLanguage\":\"cs\",\"@id\":\"https:\/\/www.domkraftpro.com\/#\/schema\/logo\/image\/\",\"url\":\"https:\/\/www.domkraftpro.com\/wp-content\/uploads\/2026\/04\/domkraftpro_logo.svg\",\"contentUrl\":\"https:\/\/www.domkraftpro.com\/wp-content\/uploads\/2026\/04\/domkraftpro_logo.svg\",\"width\":760,\"height\":180,\"caption\":\"Koupelna &amp; N\u00e1\u0159ad\u00ed &amp; Osv\u011btlen\u00ed a Stavebn\u00ed pot\u0159by\"},\"image\":{\"@id\":\"https:\/\/www.domkraftpro.com\/#\/schema\/logo\/image\/\"}}]}<\/script>\n<!-- \/ Yoast SEO plugin. -->","yoast_head_json":{"title":"Zna\u010dkov\u00fd DeWalt DT60816 20 x 340 x 200 mm SDS max XLR - Koupelna &amp; N\u00e1\u0159ad\u00ed &amp; Osv\u011btlen\u00ed a Stavebn\u00ed pot\u0159by","robots":{"index":"index","follow":"follow","max-snippet":"max-snippet:-1","max-image-preview":"max-image-preview:large","max-video-preview":"max-video-preview:-1"},"canonical":"https:\/\/www.domkraftpro.com\/index.php\/produkt\/znackovy-dewalt-dt60816-20-x-340-x-200-mm-sds-max-xlr-47362\/","og_locale":"cs_CZ","og_type":"article","og_title":"Zna\u010dkov\u00fd DeWalt DT60816 20 x 340 x 200 mm SDS max XLR - Koupelna &amp; N\u00e1\u0159ad\u00ed &amp; Osv\u011btlen\u00ed a Stavebn\u00ed pot\u0159by","og_description":"20 x 340 x 200 \u0160pi\u010dka vrt\u00e1ku zaru\u010duje \u00fa\u010dinn\u00e9 vrt\u00e1n a rozb\u00edjen\u00ed materi\u00e1lu. \u0160pi\u010dka vrt\u00e1ku si d\u00e9le uchov\u00e1v\u00e1 efektivitu vrt\u00e1n\u00ed a pracovn\u00ed hrany jsou del\u0161\u00ed. \u0160pi\u010dka vrt\u00e1ku se 4 pracovn\u00edmi hranami umo\u017e\u0148uje vrt\u00e1n\u00ed p\u0159esn\u011bj\u0161\u00edch kruhov\u00fdch otvor\u016f. Ne\u010distoty jsou z vrtan\u00e9ho otvoru odstra\u0148ov\u00e1ny efektivn\u011bji, co\u017e umo\u017e\u0148uje efektivn\u011bj\u0161\u00ed prov\u00e1d\u011bn\u00ed p\u0159\u00edklepu. Pr\u016fm\u011br 20 mm D\u00e9lka 340 mm Pracovn\u00ed [&hellip;]","og_url":"https:\/\/www.domkraftpro.com\/index.php\/produkt\/znackovy-dewalt-dt60816-20-x-340-x-200-mm-sds-max-xlr-47362\/","og_site_name":"Koupelna &amp; N\u00e1\u0159ad\u00ed &amp; Osv\u011btlen\u00ed a Stavebn\u00ed pot\u0159by","og_image":[{"width":800,"height":800,"url":"https:\/\/www.domkraftpro.com\/wp-content\/uploads\/2026\/SK0008495-CZ20260425-092328-0-1777080210-dt60816.webp","type":"image\/webp"}],"twitter_card":"summary_large_image","schema":{"@context":"https:\/\/schema.org","@graph":[{"@type":"WebPage","@id":"https:\/\/www.domkraftpro.com\/index.php\/produkt\/znackovy-dewalt-dt60816-20-x-340-x-200-mm-sds-max-xlr-47362\/","url":"https:\/\/www.domkraftpro.com\/index.php\/produkt\/znackovy-dewalt-dt60816-20-x-340-x-200-mm-sds-max-xlr-47362\/","name":"Zna\u010dkov\u00fd DeWalt DT60816 20 x 340 x 200 mm SDS max XLR - Koupelna &amp; N\u00e1\u0159ad\u00ed &amp; Osv\u011btlen\u00ed a Stavebn\u00ed pot\u0159by","isPartOf":{"@id":"https:\/\/www.domkraftpro.com\/#website"},"primaryImageOfPage":{"@id":"https:\/\/www.domkraftpro.com\/index.php\/produkt\/znackovy-dewalt-dt60816-20-x-340-x-200-mm-sds-max-xlr-47362\/#primaryimage"},"image":{"@id":"https:\/\/www.domkraftpro.com\/index.php\/produkt\/znackovy-dewalt-dt60816-20-x-340-x-200-mm-sds-max-xlr-47362\/#primaryimage"},"thumbnailUrl":"https:\/\/www.domkraftpro.com\/wp-content\/uploads\/2026\/SK0008495-CZ20260425-092328-0-1777080210-dt60816.webp","datePublished":"2026-04-27T04:42:30+00:00","breadcrumb":{"@id":"https:\/\/www.domkraftpro.com\/index.php\/produkt\/znackovy-dewalt-dt60816-20-x-340-x-200-mm-sds-max-xlr-47362\/#breadcrumb"},"inLanguage":"cs","potentialAction":[{"@type":"ReadAction","target":["https:\/\/www.domkraftpro.com\/index.php\/produkt\/znackovy-dewalt-dt60816-20-x-340-x-200-mm-sds-max-xlr-47362\/"]}]},{"@type":"ImageObject","inLanguage":"cs","@id":"https:\/\/www.domkraftpro.com\/index.php\/produkt\/znackovy-dewalt-dt60816-20-x-340-x-200-mm-sds-max-xlr-47362\/#primaryimage","url":"https:\/\/www.domkraftpro.com\/wp-content\/uploads\/2026\/SK0008495-CZ20260425-092328-0-1777080210-dt60816.webp","contentUrl":"https:\/\/www.domkraftpro.com\/wp-content\/uploads\/2026\/SK0008495-CZ20260425-092328-0-1777080210-dt60816.webp","width":800,"height":800},{"@type":"BreadcrumbList","@id":"https:\/\/www.domkraftpro.com\/index.php\/produkt\/znackovy-dewalt-dt60816-20-x-340-x-200-mm-sds-max-xlr-47362\/#breadcrumb","itemListElement":[{"@type":"ListItem","position":1,"name":"Home","item":"https:\/\/www.domkraftpro.com\/"},{"@type":"ListItem","position":2,"name":"Products","item":"https:\/\/www.domkraftpro.com\/products\/"},{"@type":"ListItem","position":3,"name":"Zna\u010dkov\u00fd DeWalt DT60816 20 x 340 x 200 mm SDS max XLR"}]},{"@type":"WebSite","@id":"https:\/\/www.domkraftpro.com\/#website","url":"https:\/\/www.domkraftpro.com\/","name":"Koupelna &amp; N\u00e1\u0159ad\u00ed &amp; Osv\u011btlen\u00ed a Stavebn\u00ed pot\u0159by","description":"Koupelna &amp; N\u00e1\u0159ad\u00ed &amp; Osv\u011btlen\u00ed a Stavebn\u00ed pot\u0159by","publisher":{"@id":"https:\/\/www.domkraftpro.com\/#organization"},"potentialAction":[{"@type":"SearchAction","target":{"@type":"EntryPoint","urlTemplate":"https:\/\/www.domkraftpro.com\/?s={search_term_string}"},"query-input":{"@type":"PropertyValueSpecification","valueRequired":true,"valueName":"search_term_string"}}],"inLanguage":"cs"},{"@type":"Organization","@id":"https:\/\/www.domkraftpro.com\/#organization","name":"Koupelna &amp; N\u00e1\u0159ad\u00ed &amp; Osv\u011btlen\u00ed a Stavebn\u00ed pot\u0159by","url":"https:\/\/www.domkraftpro.com\/","logo":{"@type":"ImageObject","inLanguage":"cs","@id":"https:\/\/www.domkraftpro.com\/#\/schema\/logo\/image\/","url":"https:\/\/www.domkraftpro.com\/wp-content\/uploads\/2026\/04\/domkraftpro_logo.svg","contentUrl":"https:\/\/www.domkraftpro.com\/wp-content\/uploads\/2026\/04\/domkraftpro_logo.svg","width":760,"height":180,"caption":"Koupelna &amp; N\u00e1\u0159ad\u00ed &amp; Osv\u011btlen\u00ed a Stavebn\u00ed pot\u0159by"},"image":{"@id":"https:\/\/www.domkraftpro.com\/#\/schema\/logo\/image\/"}}]}},"_links":{"self":[{"href":"https:\/\/www.domkraftpro.com\/wp-json\/wp\/v2\/product\/47362","targetHints":{"allow":["GET"]}}],"collection":[{"href":"https:\/\/www.domkraftpro.com\/wp-json\/wp\/v2\/product"}],"about":[{"href":"https:\/\/www.domkraftpro.com\/wp-json\/wp\/v2\/types\/product"}],"wp:featuredmedia":[{"embeddable":true,"href":"https:\/\/www.domkraftpro.com\/wp-json\/wp\/v2\/media\/47462"}],"wp:attachment":[{"href":"https:\/\/www.domkraftpro.com\/wp-json\/wp\/v2\/media?parent=47362"}],"wp:term":[{"taxonomy":"product_brand","embeddable":true,"href":"https:\/\/www.domkraftpro.com\/wp-json\/wp\/v2\/product_brand?post=47362"},{"taxonomy":"product_cat","embeddable":true,"href":"https:\/\/www.domkraftpro.com\/wp-json\/wp\/v2\/product_cat?post=47362"},{"taxonomy":"product_tag","embeddable":true,"href":"https:\/\/www.domkraftpro.com\/wp-json\/wp\/v2\/product_tag?post=47362"}],"curies":[{"name":"wp","href":"https:\/\/api.w.org\/{rel}","templated":true}]}}