{"id":47145,"date":"2026-04-27T04:42:30","date_gmt":"2026-04-27T04:42:30","guid":{"rendered":""},"modified":"2026-04-27T04:42:30","modified_gmt":"2026-04-27T04:42:30","slug":"akce-dewalt-dt3284-plne-archy-pro-brouseni-oceli-nerezove-oceli-a-nezeleznych-kovu-47145","status":"publish","type":"product","link":"https:\/\/www.domkraftpro.com\/index.php\/produkt\/akce-dewalt-dt3284-plne-archy-pro-brouseni-oceli-nerezove-oceli-a-nezeleznych-kovu-47145\/","title":{"rendered":"Akce DeWalt DT3284 Pln\u00e9 archy pro brou\u0161en\u00ed oceli, nerezov\u00e9 oceli a ne\u017eelezn\u00fdch kov\u016f"},"content":{"rendered":"<table>\n<div class=\"tab-pane active product-description\" id=\"popis\" role=\"tabpanel\">\n<div class=\"short-description\" itemprop=\"description\">P 240, brusn\u00e9 pl\u00e1tno na ocel, nerez,  230 x 280 mm, 10 ks<\/div>\n<div class=\"description\">\n<ul>\n<li>\u0158ada pln\u00fdch arch\u016f pro univerz\u00e1ln\u00ed ru\u010dn\u00ed brou\u0161en\u00ed, such\u00e9 a mokr\u00e9 jemn\u00e9 brou\u0161en\u00ed a brou\u0161en\u00ed kov\u016f<\/li>\n<li>Univerz\u00e1ln\u00ed pap\u00edr s vysoce kvalitn\u00edmi zrny oxidu hlinit\u00e9ho poskytuje dokonalou \u00fapravu povrchu, pevn\u00fd, ale ohebn\u00fd podklad a vrstvu stearanu redukuj\u00edc\u00ed zan\u00e1\u0161en\u00ed (od hrubosti zrna 80 a v\u00fd\u0161e)<\/li>\n<li>Nosn\u00fd, ohebn\u00fd a vod\u011bodoln\u00fd latexov\u00fd pap\u00edr umo\u017e\u0148uje snadn\u011bj\u0161\u00ed brou\u0161en\u00ed tvarovan\u00fdch ploch a vysok\u00e1 odolnost proti p\u016fsoben\u00ed vody zabra\u0148uje kroucen\u00ed pap\u00edru<\/li>\n<li>Pl\u00e1tno pro pr\u00e1ci s kovy s t\u011b\u017ek\u00fdm podkladem umo\u017e\u0148uje n\u00e1ro\u010dn\u00e9 brou\u0161en\u00ed kov\u016f a vynikaj\u00edc\u00ed kvalita zrn oxidu hlinit\u00e9ho zaru\u010duje rychl\u00e9 a agresivn\u00ed odstra\u0148ov\u00e1n\u00ed n\u00e1t\u011br\u016f a brou\u0161en\u00ed<\/li>\n<\/ul>\n<\/div>\n<div class=\"parameters\">\n<tr>\n<td>Po\u010det kus\u016f v balen\u00ed<\/td>\n<td>10<\/td>\n<\/tr>\n<tr>\n<td>D\u00e9lka<\/td>\n<td>280 mm<\/td>\n<\/tr>\n<tr>\n<td>\u0160\u00ed\u0159ka<\/td>\n<td>230 mm<\/td>\n<\/tr>\n<tr>\n<td>Velikost zrna<\/td>\n<td>240<\/td>\n<\/tr><\/div>\n<\/table>\n","protected":false},"excerpt":{"rendered":"<p>P 240, brusn\u00e9 pl\u00e1tno na ocel, nerez, 230 x 280 mm, 10 ks \u0158ada pln\u00fdch arch\u016f pro univerz\u00e1ln\u00ed ru\u010dn\u00ed brou\u0161en\u00ed, such\u00e9 a mokr\u00e9 jemn\u00e9 brou\u0161en\u00ed a brou\u0161en\u00ed kov\u016f Univerz\u00e1ln\u00ed pap\u00edr s vysoce kvalitn\u00edmi zrny oxidu hlinit\u00e9ho poskytuje dokonalou \u00fapravu povrchu, pevn\u00fd, ale ohebn\u00fd podklad a vrstvu stearanu redukuj\u00edc\u00ed zan\u00e1\u0161en\u00ed (od hrubosti zrna 80 a v\u00fd\u0161e) [&hellip;]<\/p>\n","protected":false},"featured_media":47245,"comment_status":"open","ping_status":"open","template":"","meta":[],"product_brand":[],"product_cat":[52],"product_tag":[],"class_list":{"0":"post-47145","1":"product","2":"type-product","3":"status-publish","4":"has-post-thumbnail","6":"product_cat-naradi","8":"first","9":"instock","10":"sale","11":"shipping-taxable","12":"purchasable","13":"product-type-simple"},"yoast_head":"<!-- This site is optimized with the Yoast SEO plugin v26.8 - https:\/\/yoast.com\/product\/yoast-seo-wordpress\/ -->\n<title>Akce DeWalt DT3284 Pln\u00e9 archy pro brou\u0161en\u00ed oceli, nerezov\u00e9 oceli a ne\u017eelezn\u00fdch kov\u016f -<\/title>\n<meta name=\"robots\" content=\"index, follow, max-snippet:-1, max-image-preview:large, max-video-preview:-1\" \/>\n<link rel=\"canonical\" href=\"https:\/\/www.domkraftpro.com\/index.php\/produkt\/akce-dewalt-dt3284-plne-archy-pro-brouseni-oceli-nerezove-oceli-a-nezeleznych-kovu-47145\/\" \/>\n<meta property=\"og:locale\" content=\"cs_CZ\" \/>\n<meta property=\"og:type\" content=\"article\" \/>\n<meta property=\"og:title\" content=\"Akce DeWalt DT3284 Pln\u00e9 archy pro brou\u0161en\u00ed oceli, nerezov\u00e9 oceli a ne\u017eelezn\u00fdch kov\u016f -\" \/>\n<meta property=\"og:description\" content=\"P 240, brusn\u00e9 pl\u00e1tno na ocel, nerez, 230 x 280 mm, 10 ks \u0158ada pln\u00fdch arch\u016f pro univerz\u00e1ln\u00ed ru\u010dn\u00ed brou\u0161en\u00ed, such\u00e9 a mokr\u00e9 jemn\u00e9 brou\u0161en\u00ed a brou\u0161en\u00ed kov\u016f Univerz\u00e1ln\u00ed pap\u00edr s vysoce kvalitn\u00edmi zrny oxidu hlinit\u00e9ho poskytuje dokonalou \u00fapravu povrchu, pevn\u00fd, ale ohebn\u00fd podklad a vrstvu stearanu redukuj\u00edc\u00ed zan\u00e1\u0161en\u00ed (od hrubosti zrna 80 a v\u00fd\u0161e) [&hellip;]\" \/>\n<meta property=\"og:url\" content=\"https:\/\/www.domkraftpro.com\/index.php\/produkt\/akce-dewalt-dt3284-plne-archy-pro-brouseni-oceli-nerezove-oceli-a-nezeleznych-kovu-47145\/\" \/>\n<meta property=\"og:image\" content=\"https:\/\/www.domkraftpro.com\/wp-content\/uploads\/2026\/SK0008378-CZ20260425-092328-0-1777080210-dt3284.webp\" \/>\n\t<meta property=\"og:image:width\" content=\"800\" \/>\n\t<meta property=\"og:image:height\" content=\"800\" \/>\n\t<meta property=\"og:image:type\" content=\"image\/webp\" \/>\n<meta name=\"twitter:card\" content=\"summary_large_image\" \/>\n<meta name=\"twitter:label1\" content=\"Odhadovan\u00e1 doba \u010dten\u00ed\" \/>\n\t<meta name=\"twitter:data1\" content=\"1 minuta\" \/>\n<script type=\"application\/ld+json\" class=\"yoast-schema-graph\">{\"@context\":\"https:\/\/schema.org\",\"@graph\":[{\"@type\":\"WebPage\",\"@id\":\"https:\/\/www.domkraftpro.com\/index.php\/produkt\/akce-dewalt-dt3284-plne-archy-pro-brouseni-oceli-nerezove-oceli-a-nezeleznych-kovu-47145\/\",\"url\":\"https:\/\/www.domkraftpro.com\/index.php\/produkt\/akce-dewalt-dt3284-plne-archy-pro-brouseni-oceli-nerezove-oceli-a-nezeleznych-kovu-47145\/\",\"name\":\"Akce DeWalt DT3284 Pln\u00e9 archy pro brou\u0161en\u00ed oceli, nerezov\u00e9 oceli a ne\u017eelezn\u00fdch kov\u016f -\",\"isPartOf\":{\"@id\":\"https:\/\/www.domkraftpro.com\/#website\"},\"primaryImageOfPage\":{\"@id\":\"https:\/\/www.domkraftpro.com\/index.php\/produkt\/akce-dewalt-dt3284-plne-archy-pro-brouseni-oceli-nerezove-oceli-a-nezeleznych-kovu-47145\/#primaryimage\"},\"image\":{\"@id\":\"https:\/\/www.domkraftpro.com\/index.php\/produkt\/akce-dewalt-dt3284-plne-archy-pro-brouseni-oceli-nerezove-oceli-a-nezeleznych-kovu-47145\/#primaryimage\"},\"thumbnailUrl\":\"https:\/\/www.domkraftpro.com\/wp-content\/uploads\/2026\/SK0008378-CZ20260425-092328-0-1777080210-dt3284.webp\",\"datePublished\":\"2026-04-27T04:42:30+00:00\",\"breadcrumb\":{\"@id\":\"https:\/\/www.domkraftpro.com\/index.php\/produkt\/akce-dewalt-dt3284-plne-archy-pro-brouseni-oceli-nerezove-oceli-a-nezeleznych-kovu-47145\/#breadcrumb\"},\"inLanguage\":\"cs\",\"potentialAction\":[{\"@type\":\"ReadAction\",\"target\":[\"https:\/\/www.domkraftpro.com\/index.php\/produkt\/akce-dewalt-dt3284-plne-archy-pro-brouseni-oceli-nerezove-oceli-a-nezeleznych-kovu-47145\/\"]}]},{\"@type\":\"ImageObject\",\"inLanguage\":\"cs\",\"@id\":\"https:\/\/www.domkraftpro.com\/index.php\/produkt\/akce-dewalt-dt3284-plne-archy-pro-brouseni-oceli-nerezove-oceli-a-nezeleznych-kovu-47145\/#primaryimage\",\"url\":\"https:\/\/www.domkraftpro.com\/wp-content\/uploads\/2026\/SK0008378-CZ20260425-092328-0-1777080210-dt3284.webp\",\"contentUrl\":\"https:\/\/www.domkraftpro.com\/wp-content\/uploads\/2026\/SK0008378-CZ20260425-092328-0-1777080210-dt3284.webp\",\"width\":800,\"height\":800},{\"@type\":\"BreadcrumbList\",\"@id\":\"https:\/\/www.domkraftpro.com\/index.php\/produkt\/akce-dewalt-dt3284-plne-archy-pro-brouseni-oceli-nerezove-oceli-a-nezeleznych-kovu-47145\/#breadcrumb\",\"itemListElement\":[{\"@type\":\"ListItem\",\"position\":1,\"name\":\"Home\",\"item\":\"https:\/\/www.domkraftpro.com\/\"},{\"@type\":\"ListItem\",\"position\":2,\"name\":\"Products\",\"item\":\"https:\/\/www.domkraftpro.com\/index.php\/products\/\"},{\"@type\":\"ListItem\",\"position\":3,\"name\":\"Akce DeWalt DT3284 Pln\u00e9 archy pro brou\u0161en\u00ed oceli, nerezov\u00e9 oceli a ne\u017eelezn\u00fdch kov\u016f\"}]},{\"@type\":\"WebSite\",\"@id\":\"https:\/\/www.domkraftpro.com\/#website\",\"url\":\"https:\/\/www.domkraftpro.com\/\",\"name\":\"\",\"description\":\"\",\"potentialAction\":[{\"@type\":\"SearchAction\",\"target\":{\"@type\":\"EntryPoint\",\"urlTemplate\":\"https:\/\/www.domkraftpro.com\/?s={search_term_string}\"},\"query-input\":{\"@type\":\"PropertyValueSpecification\",\"valueRequired\":true,\"valueName\":\"search_term_string\"}}],\"inLanguage\":\"cs\"}]}<\/script>\n<!-- \/ Yoast SEO plugin. -->","yoast_head_json":{"title":"Akce DeWalt DT3284 Pln\u00e9 archy pro brou\u0161en\u00ed oceli, nerezov\u00e9 oceli a ne\u017eelezn\u00fdch kov\u016f -","robots":{"index":"index","follow":"follow","max-snippet":"max-snippet:-1","max-image-preview":"max-image-preview:large","max-video-preview":"max-video-preview:-1"},"canonical":"https:\/\/www.domkraftpro.com\/index.php\/produkt\/akce-dewalt-dt3284-plne-archy-pro-brouseni-oceli-nerezove-oceli-a-nezeleznych-kovu-47145\/","og_locale":"cs_CZ","og_type":"article","og_title":"Akce DeWalt DT3284 Pln\u00e9 archy pro brou\u0161en\u00ed oceli, nerezov\u00e9 oceli a ne\u017eelezn\u00fdch kov\u016f -","og_description":"P 240, brusn\u00e9 pl\u00e1tno na ocel, nerez, 230 x 280 mm, 10 ks \u0158ada pln\u00fdch arch\u016f pro univerz\u00e1ln\u00ed ru\u010dn\u00ed brou\u0161en\u00ed, such\u00e9 a mokr\u00e9 jemn\u00e9 brou\u0161en\u00ed a brou\u0161en\u00ed kov\u016f Univerz\u00e1ln\u00ed pap\u00edr s vysoce kvalitn\u00edmi zrny oxidu hlinit\u00e9ho poskytuje dokonalou \u00fapravu povrchu, pevn\u00fd, ale ohebn\u00fd podklad a vrstvu stearanu redukuj\u00edc\u00ed zan\u00e1\u0161en\u00ed (od hrubosti zrna 80 a v\u00fd\u0161e) [&hellip;]","og_url":"https:\/\/www.domkraftpro.com\/index.php\/produkt\/akce-dewalt-dt3284-plne-archy-pro-brouseni-oceli-nerezove-oceli-a-nezeleznych-kovu-47145\/","og_image":[{"width":800,"height":800,"url":"https:\/\/www.domkraftpro.com\/wp-content\/uploads\/2026\/SK0008378-CZ20260425-092328-0-1777080210-dt3284.webp","type":"image\/webp"}],"twitter_card":"summary_large_image","twitter_misc":{"Odhadovan\u00e1 doba \u010dten\u00ed":"1 minuta"},"schema":{"@context":"https:\/\/schema.org","@graph":[{"@type":"WebPage","@id":"https:\/\/www.domkraftpro.com\/index.php\/produkt\/akce-dewalt-dt3284-plne-archy-pro-brouseni-oceli-nerezove-oceli-a-nezeleznych-kovu-47145\/","url":"https:\/\/www.domkraftpro.com\/index.php\/produkt\/akce-dewalt-dt3284-plne-archy-pro-brouseni-oceli-nerezove-oceli-a-nezeleznych-kovu-47145\/","name":"Akce DeWalt DT3284 Pln\u00e9 archy pro brou\u0161en\u00ed oceli, nerezov\u00e9 oceli a ne\u017eelezn\u00fdch kov\u016f -","isPartOf":{"@id":"https:\/\/www.domkraftpro.com\/#website"},"primaryImageOfPage":{"@id":"https:\/\/www.domkraftpro.com\/index.php\/produkt\/akce-dewalt-dt3284-plne-archy-pro-brouseni-oceli-nerezove-oceli-a-nezeleznych-kovu-47145\/#primaryimage"},"image":{"@id":"https:\/\/www.domkraftpro.com\/index.php\/produkt\/akce-dewalt-dt3284-plne-archy-pro-brouseni-oceli-nerezove-oceli-a-nezeleznych-kovu-47145\/#primaryimage"},"thumbnailUrl":"https:\/\/www.domkraftpro.com\/wp-content\/uploads\/2026\/SK0008378-CZ20260425-092328-0-1777080210-dt3284.webp","datePublished":"2026-04-27T04:42:30+00:00","breadcrumb":{"@id":"https:\/\/www.domkraftpro.com\/index.php\/produkt\/akce-dewalt-dt3284-plne-archy-pro-brouseni-oceli-nerezove-oceli-a-nezeleznych-kovu-47145\/#breadcrumb"},"inLanguage":"cs","potentialAction":[{"@type":"ReadAction","target":["https:\/\/www.domkraftpro.com\/index.php\/produkt\/akce-dewalt-dt3284-plne-archy-pro-brouseni-oceli-nerezove-oceli-a-nezeleznych-kovu-47145\/"]}]},{"@type":"ImageObject","inLanguage":"cs","@id":"https:\/\/www.domkraftpro.com\/index.php\/produkt\/akce-dewalt-dt3284-plne-archy-pro-brouseni-oceli-nerezove-oceli-a-nezeleznych-kovu-47145\/#primaryimage","url":"https:\/\/www.domkraftpro.com\/wp-content\/uploads\/2026\/SK0008378-CZ20260425-092328-0-1777080210-dt3284.webp","contentUrl":"https:\/\/www.domkraftpro.com\/wp-content\/uploads\/2026\/SK0008378-CZ20260425-092328-0-1777080210-dt3284.webp","width":800,"height":800},{"@type":"BreadcrumbList","@id":"https:\/\/www.domkraftpro.com\/index.php\/produkt\/akce-dewalt-dt3284-plne-archy-pro-brouseni-oceli-nerezove-oceli-a-nezeleznych-kovu-47145\/#breadcrumb","itemListElement":[{"@type":"ListItem","position":1,"name":"Home","item":"https:\/\/www.domkraftpro.com\/"},{"@type":"ListItem","position":2,"name":"Products","item":"https:\/\/www.domkraftpro.com\/index.php\/products\/"},{"@type":"ListItem","position":3,"name":"Akce DeWalt DT3284 Pln\u00e9 archy pro brou\u0161en\u00ed oceli, nerezov\u00e9 oceli a ne\u017eelezn\u00fdch kov\u016f"}]},{"@type":"WebSite","@id":"https:\/\/www.domkraftpro.com\/#website","url":"https:\/\/www.domkraftpro.com\/","name":"","description":"","potentialAction":[{"@type":"SearchAction","target":{"@type":"EntryPoint","urlTemplate":"https:\/\/www.domkraftpro.com\/?s={search_term_string}"},"query-input":{"@type":"PropertyValueSpecification","valueRequired":true,"valueName":"search_term_string"}}],"inLanguage":"cs"}]}},"_links":{"self":[{"href":"https:\/\/www.domkraftpro.com\/index.php\/wp-json\/wp\/v2\/product\/47145","targetHints":{"allow":["GET"]}}],"collection":[{"href":"https:\/\/www.domkraftpro.com\/index.php\/wp-json\/wp\/v2\/product"}],"about":[{"href":"https:\/\/www.domkraftpro.com\/index.php\/wp-json\/wp\/v2\/types\/product"}],"replies":[{"embeddable":true,"href":"https:\/\/www.domkraftpro.com\/index.php\/wp-json\/wp\/v2\/comments?post=47145"}],"wp:featuredmedia":[{"embeddable":true,"href":"https:\/\/www.domkraftpro.com\/index.php\/wp-json\/wp\/v2\/media\/47245"}],"wp:attachment":[{"href":"https:\/\/www.domkraftpro.com\/index.php\/wp-json\/wp\/v2\/media?parent=47145"}],"wp:term":[{"taxonomy":"product_brand","embeddable":true,"href":"https:\/\/www.domkraftpro.com\/index.php\/wp-json\/wp\/v2\/product_brand?post=47145"},{"taxonomy":"product_cat","embeddable":true,"href":"https:\/\/www.domkraftpro.com\/index.php\/wp-json\/wp\/v2\/product_cat?post=47145"},{"taxonomy":"product_tag","embeddable":true,"href":"https:\/\/www.domkraftpro.com\/index.php\/wp-json\/wp\/v2\/product_tag?post=47145"}],"curies":[{"name":"wp","href":"https:\/\/api.w.org\/{rel}","templated":true}]}}