{"id":46971,"date":"2026-04-27T04:42:29","date_gmt":"2026-04-27T04:42:29","guid":{"rendered":""},"modified":"2026-04-27T04:42:29","modified_gmt":"2026-04-27T04:42:29","slug":"akce-dewalt-dt2966-pilove-listy-pro-pilu-alligator-r-46971","status":"publish","type":"product","link":"https:\/\/www.domkraftpro.com\/index.php\/produkt\/akce-dewalt-dt2966-pilove-listy-pro-pilu-alligator-r-46971\/","title":{"rendered":"Akce DeWalt DT2966 Pilov\u00e9 listy pro pilu ALLIGATOR\u00ae"},"content":{"rendered":"<table>\n<div class=\"tab-pane active product-description\" id=\"popis\" role=\"tabpanel\">\n<div class=\"short-description\" itemprop=\"description\"><\/div>\n<div class=\"description\">K tomuto produktu nen\u00ed zad\u00e1n popis.<\/div>\n<div class=\"parameters\">\n<tr>\n<td>Z\u00e1kladn\u00ed pou\u017eit\u00ed<\/td>\n<td>Stavebn\u00ed bloky, t\u0159\u00edda 20 Poroton<\/td>\n<\/tr>\n<tr>\n<td>D\u00e9lka<\/td>\n<td>425 mm<\/td>\n<\/tr>\n<tr>\n<td>Pro pou\u017eit\u00ed s<\/td>\n<td>DW390\/391<\/td>\n<\/tr>\n<tr>\n<td>Materi\u00e1l britu<\/td>\n<td>TCT<\/td>\n<\/tr>\n<tr>\n<td>Po\u010det kus\u016f v balen\u00ed<\/td>\n<td>1<\/td>\n<\/tr><\/div>\n<\/table>\n","protected":false},"excerpt":{"rendered":"<p>K tomuto produktu nen\u00ed zad\u00e1n popis. Z\u00e1kladn\u00ed pou\u017eit\u00ed Stavebn\u00ed bloky, t\u0159\u00edda 20 Poroton D\u00e9lka 425 mm Pro pou\u017eit\u00ed s DW390\/391 Materi\u00e1l britu TCT Po\u010det kus\u016f v balen\u00ed 1<\/p>\n","protected":false},"featured_media":47071,"comment_status":"open","ping_status":"open","template":"","meta":[],"product_brand":[],"product_cat":[52],"product_tag":[],"class_list":{"0":"post-46971","1":"product","2":"type-product","3":"status-publish","4":"has-post-thumbnail","6":"product_cat-naradi","8":"first","9":"instock","10":"sale","11":"shipping-taxable","12":"purchasable","13":"product-type-simple"},"yoast_head":"<!-- This site is optimized with the Yoast SEO plugin v26.8 - https:\/\/yoast.com\/product\/yoast-seo-wordpress\/ -->\n<title>Akce DeWalt DT2966 Pilov\u00e9 listy pro pilu ALLIGATOR\u00ae -<\/title>\n<meta name=\"robots\" content=\"index, follow, max-snippet:-1, max-image-preview:large, max-video-preview:-1\" \/>\n<link rel=\"canonical\" href=\"https:\/\/www.domkraftpro.com\/index.php\/produkt\/akce-dewalt-dt2966-pilove-listy-pro-pilu-alligator-r-46971\/\" \/>\n<meta property=\"og:locale\" content=\"cs_CZ\" \/>\n<meta property=\"og:type\" content=\"article\" \/>\n<meta property=\"og:title\" content=\"Akce DeWalt DT2966 Pilov\u00e9 listy pro pilu ALLIGATOR\u00ae -\" \/>\n<meta property=\"og:description\" content=\"K tomuto produktu nen\u00ed zad\u00e1n popis. Z\u00e1kladn\u00ed pou\u017eit\u00ed Stavebn\u00ed bloky, t\u0159\u00edda 20 Poroton D\u00e9lka 425 mm Pro pou\u017eit\u00ed s DW390\/391 Materi\u00e1l britu TCT Po\u010det kus\u016f v balen\u00ed 1\" \/>\n<meta property=\"og:url\" content=\"https:\/\/www.domkraftpro.com\/index.php\/produkt\/akce-dewalt-dt2966-pilove-listy-pro-pilu-alligator-r-46971\/\" \/>\n<meta property=\"og:image\" content=\"https:\/\/www.domkraftpro.com\/wp-content\/uploads\/2026\/SK0008304-CZ20260425-092328-0-1777080210-dt2966.webp\" \/>\n\t<meta property=\"og:image:width\" content=\"800\" \/>\n\t<meta property=\"og:image:height\" content=\"800\" \/>\n\t<meta property=\"og:image:type\" content=\"image\/webp\" \/>\n<meta name=\"twitter:card\" content=\"summary_large_image\" \/>\n<script type=\"application\/ld+json\" class=\"yoast-schema-graph\">{\"@context\":\"https:\/\/schema.org\",\"@graph\":[{\"@type\":\"WebPage\",\"@id\":\"https:\/\/www.domkraftpro.com\/index.php\/produkt\/akce-dewalt-dt2966-pilove-listy-pro-pilu-alligator-r-46971\/\",\"url\":\"https:\/\/www.domkraftpro.com\/index.php\/produkt\/akce-dewalt-dt2966-pilove-listy-pro-pilu-alligator-r-46971\/\",\"name\":\"Akce DeWalt DT2966 Pilov\u00e9 listy pro pilu ALLIGATOR\u00ae -\",\"isPartOf\":{\"@id\":\"https:\/\/www.domkraftpro.com\/#website\"},\"primaryImageOfPage\":{\"@id\":\"https:\/\/www.domkraftpro.com\/index.php\/produkt\/akce-dewalt-dt2966-pilove-listy-pro-pilu-alligator-r-46971\/#primaryimage\"},\"image\":{\"@id\":\"https:\/\/www.domkraftpro.com\/index.php\/produkt\/akce-dewalt-dt2966-pilove-listy-pro-pilu-alligator-r-46971\/#primaryimage\"},\"thumbnailUrl\":\"https:\/\/www.domkraftpro.com\/wp-content\/uploads\/2026\/SK0008304-CZ20260425-092328-0-1777080210-dt2966.webp\",\"datePublished\":\"2026-04-27T04:42:29+00:00\",\"breadcrumb\":{\"@id\":\"https:\/\/www.domkraftpro.com\/index.php\/produkt\/akce-dewalt-dt2966-pilove-listy-pro-pilu-alligator-r-46971\/#breadcrumb\"},\"inLanguage\":\"cs\",\"potentialAction\":[{\"@type\":\"ReadAction\",\"target\":[\"https:\/\/www.domkraftpro.com\/index.php\/produkt\/akce-dewalt-dt2966-pilove-listy-pro-pilu-alligator-r-46971\/\"]}]},{\"@type\":\"ImageObject\",\"inLanguage\":\"cs\",\"@id\":\"https:\/\/www.domkraftpro.com\/index.php\/produkt\/akce-dewalt-dt2966-pilove-listy-pro-pilu-alligator-r-46971\/#primaryimage\",\"url\":\"https:\/\/www.domkraftpro.com\/wp-content\/uploads\/2026\/SK0008304-CZ20260425-092328-0-1777080210-dt2966.webp\",\"contentUrl\":\"https:\/\/www.domkraftpro.com\/wp-content\/uploads\/2026\/SK0008304-CZ20260425-092328-0-1777080210-dt2966.webp\",\"width\":800,\"height\":800},{\"@type\":\"BreadcrumbList\",\"@id\":\"https:\/\/www.domkraftpro.com\/index.php\/produkt\/akce-dewalt-dt2966-pilove-listy-pro-pilu-alligator-r-46971\/#breadcrumb\",\"itemListElement\":[{\"@type\":\"ListItem\",\"position\":1,\"name\":\"Home\",\"item\":\"https:\/\/www.domkraftpro.com\/\"},{\"@type\":\"ListItem\",\"position\":2,\"name\":\"Products\",\"item\":\"https:\/\/www.domkraftpro.com\/index.php\/products\/\"},{\"@type\":\"ListItem\",\"position\":3,\"name\":\"Akce DeWalt DT2966 Pilov\u00e9 listy pro pilu ALLIGATOR\u00ae\"}]},{\"@type\":\"WebSite\",\"@id\":\"https:\/\/www.domkraftpro.com\/#website\",\"url\":\"https:\/\/www.domkraftpro.com\/\",\"name\":\"\",\"description\":\"\",\"potentialAction\":[{\"@type\":\"SearchAction\",\"target\":{\"@type\":\"EntryPoint\",\"urlTemplate\":\"https:\/\/www.domkraftpro.com\/?s={search_term_string}\"},\"query-input\":{\"@type\":\"PropertyValueSpecification\",\"valueRequired\":true,\"valueName\":\"search_term_string\"}}],\"inLanguage\":\"cs\"}]}<\/script>\n<!-- \/ Yoast SEO plugin. -->","yoast_head_json":{"title":"Akce DeWalt DT2966 Pilov\u00e9 listy pro pilu ALLIGATOR\u00ae -","robots":{"index":"index","follow":"follow","max-snippet":"max-snippet:-1","max-image-preview":"max-image-preview:large","max-video-preview":"max-video-preview:-1"},"canonical":"https:\/\/www.domkraftpro.com\/index.php\/produkt\/akce-dewalt-dt2966-pilove-listy-pro-pilu-alligator-r-46971\/","og_locale":"cs_CZ","og_type":"article","og_title":"Akce DeWalt DT2966 Pilov\u00e9 listy pro pilu ALLIGATOR\u00ae -","og_description":"K tomuto produktu nen\u00ed zad\u00e1n popis. Z\u00e1kladn\u00ed pou\u017eit\u00ed Stavebn\u00ed bloky, t\u0159\u00edda 20 Poroton D\u00e9lka 425 mm Pro pou\u017eit\u00ed s DW390\/391 Materi\u00e1l britu TCT Po\u010det kus\u016f v balen\u00ed 1","og_url":"https:\/\/www.domkraftpro.com\/index.php\/produkt\/akce-dewalt-dt2966-pilove-listy-pro-pilu-alligator-r-46971\/","og_image":[{"width":800,"height":800,"url":"https:\/\/www.domkraftpro.com\/wp-content\/uploads\/2026\/SK0008304-CZ20260425-092328-0-1777080210-dt2966.webp","type":"image\/webp"}],"twitter_card":"summary_large_image","schema":{"@context":"https:\/\/schema.org","@graph":[{"@type":"WebPage","@id":"https:\/\/www.domkraftpro.com\/index.php\/produkt\/akce-dewalt-dt2966-pilove-listy-pro-pilu-alligator-r-46971\/","url":"https:\/\/www.domkraftpro.com\/index.php\/produkt\/akce-dewalt-dt2966-pilove-listy-pro-pilu-alligator-r-46971\/","name":"Akce DeWalt DT2966 Pilov\u00e9 listy pro pilu ALLIGATOR\u00ae -","isPartOf":{"@id":"https:\/\/www.domkraftpro.com\/#website"},"primaryImageOfPage":{"@id":"https:\/\/www.domkraftpro.com\/index.php\/produkt\/akce-dewalt-dt2966-pilove-listy-pro-pilu-alligator-r-46971\/#primaryimage"},"image":{"@id":"https:\/\/www.domkraftpro.com\/index.php\/produkt\/akce-dewalt-dt2966-pilove-listy-pro-pilu-alligator-r-46971\/#primaryimage"},"thumbnailUrl":"https:\/\/www.domkraftpro.com\/wp-content\/uploads\/2026\/SK0008304-CZ20260425-092328-0-1777080210-dt2966.webp","datePublished":"2026-04-27T04:42:29+00:00","breadcrumb":{"@id":"https:\/\/www.domkraftpro.com\/index.php\/produkt\/akce-dewalt-dt2966-pilove-listy-pro-pilu-alligator-r-46971\/#breadcrumb"},"inLanguage":"cs","potentialAction":[{"@type":"ReadAction","target":["https:\/\/www.domkraftpro.com\/index.php\/produkt\/akce-dewalt-dt2966-pilove-listy-pro-pilu-alligator-r-46971\/"]}]},{"@type":"ImageObject","inLanguage":"cs","@id":"https:\/\/www.domkraftpro.com\/index.php\/produkt\/akce-dewalt-dt2966-pilove-listy-pro-pilu-alligator-r-46971\/#primaryimage","url":"https:\/\/www.domkraftpro.com\/wp-content\/uploads\/2026\/SK0008304-CZ20260425-092328-0-1777080210-dt2966.webp","contentUrl":"https:\/\/www.domkraftpro.com\/wp-content\/uploads\/2026\/SK0008304-CZ20260425-092328-0-1777080210-dt2966.webp","width":800,"height":800},{"@type":"BreadcrumbList","@id":"https:\/\/www.domkraftpro.com\/index.php\/produkt\/akce-dewalt-dt2966-pilove-listy-pro-pilu-alligator-r-46971\/#breadcrumb","itemListElement":[{"@type":"ListItem","position":1,"name":"Home","item":"https:\/\/www.domkraftpro.com\/"},{"@type":"ListItem","position":2,"name":"Products","item":"https:\/\/www.domkraftpro.com\/index.php\/products\/"},{"@type":"ListItem","position":3,"name":"Akce DeWalt DT2966 Pilov\u00e9 listy pro pilu ALLIGATOR\u00ae"}]},{"@type":"WebSite","@id":"https:\/\/www.domkraftpro.com\/#website","url":"https:\/\/www.domkraftpro.com\/","name":"","description":"","potentialAction":[{"@type":"SearchAction","target":{"@type":"EntryPoint","urlTemplate":"https:\/\/www.domkraftpro.com\/?s={search_term_string}"},"query-input":{"@type":"PropertyValueSpecification","valueRequired":true,"valueName":"search_term_string"}}],"inLanguage":"cs"}]}},"_links":{"self":[{"href":"https:\/\/www.domkraftpro.com\/index.php\/wp-json\/wp\/v2\/product\/46971","targetHints":{"allow":["GET"]}}],"collection":[{"href":"https:\/\/www.domkraftpro.com\/index.php\/wp-json\/wp\/v2\/product"}],"about":[{"href":"https:\/\/www.domkraftpro.com\/index.php\/wp-json\/wp\/v2\/types\/product"}],"replies":[{"embeddable":true,"href":"https:\/\/www.domkraftpro.com\/index.php\/wp-json\/wp\/v2\/comments?post=46971"}],"wp:featuredmedia":[{"embeddable":true,"href":"https:\/\/www.domkraftpro.com\/index.php\/wp-json\/wp\/v2\/media\/47071"}],"wp:attachment":[{"href":"https:\/\/www.domkraftpro.com\/index.php\/wp-json\/wp\/v2\/media?parent=46971"}],"wp:term":[{"taxonomy":"product_brand","embeddable":true,"href":"https:\/\/www.domkraftpro.com\/index.php\/wp-json\/wp\/v2\/product_brand?post=46971"},{"taxonomy":"product_cat","embeddable":true,"href":"https:\/\/www.domkraftpro.com\/index.php\/wp-json\/wp\/v2\/product_cat?post=46971"},{"taxonomy":"product_tag","embeddable":true,"href":"https:\/\/www.domkraftpro.com\/index.php\/wp-json\/wp\/v2\/product_tag?post=46971"}],"curies":[{"name":"wp","href":"https:\/\/api.w.org\/{rel}","templated":true}]}}