{"id":46768,"date":"2026-04-27T04:42:28","date_gmt":"2026-04-27T04:42:28","guid":{"rendered":""},"modified":"2026-04-27T04:42:28","modified_gmt":"2026-04-27T04:42:28","slug":"znackovy-dewalt-dwv9120-stupnovity-adapter-35-a-38-mm-46768","status":"publish","type":"product","link":"https:\/\/www.domkraftpro.com\/index.php\/produkt\/znackovy-dewalt-dwv9120-stupnovity-adapter-35-a-38-mm-46768\/","title":{"rendered":"Zna\u010dkov\u00fd DeWalt DWV9120 Stup\u0148ovit\u00fd adapt\u00e9r 35 a 38 mm"},"content":{"rendered":"<table>\n<div class=\"tab-pane active product-description\" id=\"popis\" role=\"tabpanel\">\n<div class=\"short-description\" itemprop=\"description\"><\/div>\n<div class=\"description\">Stup\u0148ovit\u00fd adapt\u00e9r 35, 38 mm, pro DWV9000, 1 ks<span class='bullet-line'>Stup\u0148ovit\u00fd adapt\u00e9r pom\u00e1h\u00e1 zvy\u0161ovat flexibilitu syst\u00e9mu a je vhodn\u00fd pro n\u00e1\u0159ad\u00ed s vnit\u0159n\u00edm pr\u016fm\u011brem otvoru pro odvod prachu 35 a 38 mm.<br \/><\/span><span class='bullet-line'>Mo\u017enost ot\u00e1\u010den\u00ed v rozsahu 360 stup\u0148\u016f zabra\u0148uje kroucen\u00ed hadice b\u011bhem pr\u00e1ce.<\/span><\/div>\n<div class=\"parameters\">\n<tr>\n<td>Po\u010det ks v balen\u00ed<\/td>\n<td>1 ks<\/td>\n<\/tr><\/div>\n<\/table>\n","protected":false},"excerpt":{"rendered":"<p>Stup\u0148ovit\u00fd adapt\u00e9r 35, 38 mm, pro DWV9000, 1 ksStup\u0148ovit\u00fd adapt\u00e9r pom\u00e1h\u00e1 zvy\u0161ovat flexibilitu syst\u00e9mu a je vhodn\u00fd pro n\u00e1\u0159ad\u00ed s vnit\u0159n\u00edm pr\u016fm\u011brem otvoru pro odvod prachu 35 a 38 mm.Mo\u017enost ot\u00e1\u010den\u00ed v rozsahu 360 stup\u0148\u016f zabra\u0148uje kroucen\u00ed hadice b\u011bhem pr\u00e1ce. Po\u010det ks v balen\u00ed 1 ks<\/p>\n","protected":false},"featured_media":46868,"comment_status":"open","ping_status":"open","template":"","meta":[],"product_brand":[],"product_cat":[52],"product_tag":[],"class_list":{"0":"post-46768","1":"product","2":"type-product","3":"status-publish","4":"has-post-thumbnail","6":"product_cat-naradi","8":"first","9":"instock","10":"sale","11":"shipping-taxable","12":"purchasable","13":"product-type-simple"},"yoast_head":"<!-- This site is optimized with the Yoast SEO plugin v26.8 - https:\/\/yoast.com\/product\/yoast-seo-wordpress\/ -->\n<title>Zna\u010dkov\u00fd DeWalt DWV9120 Stup\u0148ovit\u00fd adapt\u00e9r 35 a 38 mm -<\/title>\n<meta name=\"robots\" content=\"index, follow, max-snippet:-1, max-image-preview:large, max-video-preview:-1\" \/>\n<link rel=\"canonical\" href=\"https:\/\/www.domkraftpro.com\/index.php\/produkt\/znackovy-dewalt-dwv9120-stupnovity-adapter-35-a-38-mm-46768\/\" \/>\n<meta property=\"og:locale\" content=\"cs_CZ\" \/>\n<meta property=\"og:type\" content=\"article\" \/>\n<meta property=\"og:title\" content=\"Zna\u010dkov\u00fd DeWalt DWV9120 Stup\u0148ovit\u00fd adapt\u00e9r 35 a 38 mm -\" \/>\n<meta property=\"og:description\" content=\"Stup\u0148ovit\u00fd adapt\u00e9r 35, 38 mm, pro DWV9000, 1 ksStup\u0148ovit\u00fd adapt\u00e9r pom\u00e1h\u00e1 zvy\u0161ovat flexibilitu syst\u00e9mu a je vhodn\u00fd pro n\u00e1\u0159ad\u00ed s vnit\u0159n\u00edm pr\u016fm\u011brem otvoru pro odvod prachu 35 a 38 mm.Mo\u017enost ot\u00e1\u010den\u00ed v rozsahu 360 stup\u0148\u016f zabra\u0148uje kroucen\u00ed hadice b\u011bhem pr\u00e1ce. Po\u010det ks v balen\u00ed 1 ks\" \/>\n<meta property=\"og:url\" content=\"https:\/\/www.domkraftpro.com\/index.php\/produkt\/znackovy-dewalt-dwv9120-stupnovity-adapter-35-a-38-mm-46768\/\" \/>\n<meta property=\"og:image\" content=\"https:\/\/www.domkraftpro.com\/wp-content\/uploads\/2026\/SK0008185-CZ20260425-092328-0-1777080210-131417-1_131948.webp\" \/>\n\t<meta property=\"og:image:width\" content=\"600\" \/>\n\t<meta property=\"og:image:height\" content=\"600\" \/>\n\t<meta property=\"og:image:type\" content=\"image\/webp\" \/>\n<meta name=\"twitter:card\" content=\"summary_large_image\" \/>\n<script type=\"application\/ld+json\" class=\"yoast-schema-graph\">{\"@context\":\"https:\/\/schema.org\",\"@graph\":[{\"@type\":\"WebPage\",\"@id\":\"https:\/\/www.domkraftpro.com\/index.php\/produkt\/znackovy-dewalt-dwv9120-stupnovity-adapter-35-a-38-mm-46768\/\",\"url\":\"https:\/\/www.domkraftpro.com\/index.php\/produkt\/znackovy-dewalt-dwv9120-stupnovity-adapter-35-a-38-mm-46768\/\",\"name\":\"Zna\u010dkov\u00fd DeWalt DWV9120 Stup\u0148ovit\u00fd adapt\u00e9r 35 a 38 mm -\",\"isPartOf\":{\"@id\":\"https:\/\/www.domkraftpro.com\/#website\"},\"primaryImageOfPage\":{\"@id\":\"https:\/\/www.domkraftpro.com\/index.php\/produkt\/znackovy-dewalt-dwv9120-stupnovity-adapter-35-a-38-mm-46768\/#primaryimage\"},\"image\":{\"@id\":\"https:\/\/www.domkraftpro.com\/index.php\/produkt\/znackovy-dewalt-dwv9120-stupnovity-adapter-35-a-38-mm-46768\/#primaryimage\"},\"thumbnailUrl\":\"https:\/\/www.domkraftpro.com\/wp-content\/uploads\/2026\/SK0008185-CZ20260425-092328-0-1777080210-131417-1_131948.webp\",\"datePublished\":\"2026-04-27T04:42:28+00:00\",\"breadcrumb\":{\"@id\":\"https:\/\/www.domkraftpro.com\/index.php\/produkt\/znackovy-dewalt-dwv9120-stupnovity-adapter-35-a-38-mm-46768\/#breadcrumb\"},\"inLanguage\":\"cs\",\"potentialAction\":[{\"@type\":\"ReadAction\",\"target\":[\"https:\/\/www.domkraftpro.com\/index.php\/produkt\/znackovy-dewalt-dwv9120-stupnovity-adapter-35-a-38-mm-46768\/\"]}]},{\"@type\":\"ImageObject\",\"inLanguage\":\"cs\",\"@id\":\"https:\/\/www.domkraftpro.com\/index.php\/produkt\/znackovy-dewalt-dwv9120-stupnovity-adapter-35-a-38-mm-46768\/#primaryimage\",\"url\":\"https:\/\/www.domkraftpro.com\/wp-content\/uploads\/2026\/SK0008185-CZ20260425-092328-0-1777080210-131417-1_131948.webp\",\"contentUrl\":\"https:\/\/www.domkraftpro.com\/wp-content\/uploads\/2026\/SK0008185-CZ20260425-092328-0-1777080210-131417-1_131948.webp\",\"width\":600,\"height\":600},{\"@type\":\"BreadcrumbList\",\"@id\":\"https:\/\/www.domkraftpro.com\/index.php\/produkt\/znackovy-dewalt-dwv9120-stupnovity-adapter-35-a-38-mm-46768\/#breadcrumb\",\"itemListElement\":[{\"@type\":\"ListItem\",\"position\":1,\"name\":\"Home\",\"item\":\"https:\/\/www.domkraftpro.com\/\"},{\"@type\":\"ListItem\",\"position\":2,\"name\":\"Products\",\"item\":\"https:\/\/www.domkraftpro.com\/index.php\/products\/\"},{\"@type\":\"ListItem\",\"position\":3,\"name\":\"Zna\u010dkov\u00fd DeWalt DWV9120 Stup\u0148ovit\u00fd adapt\u00e9r 35 a 38 mm\"}]},{\"@type\":\"WebSite\",\"@id\":\"https:\/\/www.domkraftpro.com\/#website\",\"url\":\"https:\/\/www.domkraftpro.com\/\",\"name\":\"\",\"description\":\"\",\"potentialAction\":[{\"@type\":\"SearchAction\",\"target\":{\"@type\":\"EntryPoint\",\"urlTemplate\":\"https:\/\/www.domkraftpro.com\/?s={search_term_string}\"},\"query-input\":{\"@type\":\"PropertyValueSpecification\",\"valueRequired\":true,\"valueName\":\"search_term_string\"}}],\"inLanguage\":\"cs\"}]}<\/script>\n<!-- \/ Yoast SEO plugin. -->","yoast_head_json":{"title":"Zna\u010dkov\u00fd DeWalt DWV9120 Stup\u0148ovit\u00fd adapt\u00e9r 35 a 38 mm -","robots":{"index":"index","follow":"follow","max-snippet":"max-snippet:-1","max-image-preview":"max-image-preview:large","max-video-preview":"max-video-preview:-1"},"canonical":"https:\/\/www.domkraftpro.com\/index.php\/produkt\/znackovy-dewalt-dwv9120-stupnovity-adapter-35-a-38-mm-46768\/","og_locale":"cs_CZ","og_type":"article","og_title":"Zna\u010dkov\u00fd DeWalt DWV9120 Stup\u0148ovit\u00fd adapt\u00e9r 35 a 38 mm -","og_description":"Stup\u0148ovit\u00fd adapt\u00e9r 35, 38 mm, pro DWV9000, 1 ksStup\u0148ovit\u00fd adapt\u00e9r pom\u00e1h\u00e1 zvy\u0161ovat flexibilitu syst\u00e9mu a je vhodn\u00fd pro n\u00e1\u0159ad\u00ed s vnit\u0159n\u00edm pr\u016fm\u011brem otvoru pro odvod prachu 35 a 38 mm.Mo\u017enost ot\u00e1\u010den\u00ed v rozsahu 360 stup\u0148\u016f zabra\u0148uje kroucen\u00ed hadice b\u011bhem pr\u00e1ce. Po\u010det ks v balen\u00ed 1 ks","og_url":"https:\/\/www.domkraftpro.com\/index.php\/produkt\/znackovy-dewalt-dwv9120-stupnovity-adapter-35-a-38-mm-46768\/","og_image":[{"width":600,"height":600,"url":"https:\/\/www.domkraftpro.com\/wp-content\/uploads\/2026\/SK0008185-CZ20260425-092328-0-1777080210-131417-1_131948.webp","type":"image\/webp"}],"twitter_card":"summary_large_image","schema":{"@context":"https:\/\/schema.org","@graph":[{"@type":"WebPage","@id":"https:\/\/www.domkraftpro.com\/index.php\/produkt\/znackovy-dewalt-dwv9120-stupnovity-adapter-35-a-38-mm-46768\/","url":"https:\/\/www.domkraftpro.com\/index.php\/produkt\/znackovy-dewalt-dwv9120-stupnovity-adapter-35-a-38-mm-46768\/","name":"Zna\u010dkov\u00fd DeWalt DWV9120 Stup\u0148ovit\u00fd adapt\u00e9r 35 a 38 mm -","isPartOf":{"@id":"https:\/\/www.domkraftpro.com\/#website"},"primaryImageOfPage":{"@id":"https:\/\/www.domkraftpro.com\/index.php\/produkt\/znackovy-dewalt-dwv9120-stupnovity-adapter-35-a-38-mm-46768\/#primaryimage"},"image":{"@id":"https:\/\/www.domkraftpro.com\/index.php\/produkt\/znackovy-dewalt-dwv9120-stupnovity-adapter-35-a-38-mm-46768\/#primaryimage"},"thumbnailUrl":"https:\/\/www.domkraftpro.com\/wp-content\/uploads\/2026\/SK0008185-CZ20260425-092328-0-1777080210-131417-1_131948.webp","datePublished":"2026-04-27T04:42:28+00:00","breadcrumb":{"@id":"https:\/\/www.domkraftpro.com\/index.php\/produkt\/znackovy-dewalt-dwv9120-stupnovity-adapter-35-a-38-mm-46768\/#breadcrumb"},"inLanguage":"cs","potentialAction":[{"@type":"ReadAction","target":["https:\/\/www.domkraftpro.com\/index.php\/produkt\/znackovy-dewalt-dwv9120-stupnovity-adapter-35-a-38-mm-46768\/"]}]},{"@type":"ImageObject","inLanguage":"cs","@id":"https:\/\/www.domkraftpro.com\/index.php\/produkt\/znackovy-dewalt-dwv9120-stupnovity-adapter-35-a-38-mm-46768\/#primaryimage","url":"https:\/\/www.domkraftpro.com\/wp-content\/uploads\/2026\/SK0008185-CZ20260425-092328-0-1777080210-131417-1_131948.webp","contentUrl":"https:\/\/www.domkraftpro.com\/wp-content\/uploads\/2026\/SK0008185-CZ20260425-092328-0-1777080210-131417-1_131948.webp","width":600,"height":600},{"@type":"BreadcrumbList","@id":"https:\/\/www.domkraftpro.com\/index.php\/produkt\/znackovy-dewalt-dwv9120-stupnovity-adapter-35-a-38-mm-46768\/#breadcrumb","itemListElement":[{"@type":"ListItem","position":1,"name":"Home","item":"https:\/\/www.domkraftpro.com\/"},{"@type":"ListItem","position":2,"name":"Products","item":"https:\/\/www.domkraftpro.com\/index.php\/products\/"},{"@type":"ListItem","position":3,"name":"Zna\u010dkov\u00fd DeWalt DWV9120 Stup\u0148ovit\u00fd adapt\u00e9r 35 a 38 mm"}]},{"@type":"WebSite","@id":"https:\/\/www.domkraftpro.com\/#website","url":"https:\/\/www.domkraftpro.com\/","name":"","description":"","potentialAction":[{"@type":"SearchAction","target":{"@type":"EntryPoint","urlTemplate":"https:\/\/www.domkraftpro.com\/?s={search_term_string}"},"query-input":{"@type":"PropertyValueSpecification","valueRequired":true,"valueName":"search_term_string"}}],"inLanguage":"cs"}]}},"_links":{"self":[{"href":"https:\/\/www.domkraftpro.com\/index.php\/wp-json\/wp\/v2\/product\/46768","targetHints":{"allow":["GET"]}}],"collection":[{"href":"https:\/\/www.domkraftpro.com\/index.php\/wp-json\/wp\/v2\/product"}],"about":[{"href":"https:\/\/www.domkraftpro.com\/index.php\/wp-json\/wp\/v2\/types\/product"}],"replies":[{"embeddable":true,"href":"https:\/\/www.domkraftpro.com\/index.php\/wp-json\/wp\/v2\/comments?post=46768"}],"wp:featuredmedia":[{"embeddable":true,"href":"https:\/\/www.domkraftpro.com\/index.php\/wp-json\/wp\/v2\/media\/46868"}],"wp:attachment":[{"href":"https:\/\/www.domkraftpro.com\/index.php\/wp-json\/wp\/v2\/media?parent=46768"}],"wp:term":[{"taxonomy":"product_brand","embeddable":true,"href":"https:\/\/www.domkraftpro.com\/index.php\/wp-json\/wp\/v2\/product_brand?post=46768"},{"taxonomy":"product_cat","embeddable":true,"href":"https:\/\/www.domkraftpro.com\/index.php\/wp-json\/wp\/v2\/product_cat?post=46768"},{"taxonomy":"product_tag","embeddable":true,"href":"https:\/\/www.domkraftpro.com\/index.php\/wp-json\/wp\/v2\/product_tag?post=46768"}],"curies":[{"name":"wp","href":"https:\/\/api.w.org\/{rel}","templated":true}]}}