{"id":46765,"date":"2026-04-27T04:42:28","date_gmt":"2026-04-27T04:42:28","guid":{"rendered":""},"modified":"2026-04-27T04:42:28","modified_gmt":"2026-04-27T04:42:28","slug":"akce-dewalt-dwe46150-kryt-na-odsavani-pro-brusky-115-125-mm-46765","status":"publish","type":"product","link":"https:\/\/www.domkraftpro.com\/index.php\/produkt\/akce-dewalt-dwe46150-kryt-na-odsavani-pro-brusky-115-125-mm-46765\/","title":{"rendered":"Akce DeWalt DWE46150 Kryt na ods\u00e1v\u00e1n\u00ed pro brusky 115 &#8211; 125 mm"},"content":{"rendered":"<table>\n<div class=\"tab-pane active product-description\" id=\"popis\" role=\"tabpanel\">\n<div class=\"short-description\" itemprop=\"description\"><\/div>\n<div class=\"description\">Kryt na ods\u00e1v\u00e1n\u00ed, pro \u00fahlov\u00e9 brusky 115 a 125 mm<\/p>\n<p>\u25ba Sou\u010d\u00e1st\u00ed dod\u00e1vky je:<span class='bullet-line'>Ochrann\u00fd kryt pro sana\u010dn\u00ed brou\u0161en\u00ed betonu<br \/><\/span><span class='bullet-line'>Pouze pro \u00fahlov\u00e9 brusky DeWALT 115 a 125mm a sana\u010dn\u00ed diamantov\u00e9 kotou\u010de DeWALT<\/span><\/div>\n<div class=\"parameters\">\n<tr>\n<td>Ur\u010deno pro<\/td>\n<td>\u00dahlov\u00e9 brusky 125 mm<\/td>\n<\/tr>\n<tr>\n<td>Balen\u00ed<\/td>\n<td>kartonov\u00e1 krabice<\/td>\n<\/tr><\/div>\n<\/table>\n","protected":false},"excerpt":{"rendered":"<p>Kryt na ods\u00e1v\u00e1n\u00ed, pro \u00fahlov\u00e9 brusky 115 a 125 mm \u25ba Sou\u010d\u00e1st\u00ed dod\u00e1vky je:Ochrann\u00fd kryt pro sana\u010dn\u00ed brou\u0161en\u00ed betonuPouze pro \u00fahlov\u00e9 brusky DeWALT 115 a 125mm a sana\u010dn\u00ed diamantov\u00e9 kotou\u010de DeWALT Ur\u010deno pro \u00dahlov\u00e9 brusky 125 mm Balen\u00ed kartonov\u00e1 krabice<\/p>\n","protected":false},"featured_media":46865,"comment_status":"open","ping_status":"open","template":"","meta":[],"product_brand":[],"product_cat":[52],"product_tag":[],"class_list":{"0":"post-46765","1":"product","2":"type-product","3":"status-publish","4":"has-post-thumbnail","6":"product_cat-naradi","8":"first","9":"instock","10":"sale","11":"shipping-taxable","12":"purchasable","13":"product-type-simple"},"yoast_head":"<!-- This site is optimized with the Yoast SEO plugin v26.8 - https:\/\/yoast.com\/product\/yoast-seo-wordpress\/ -->\n<title>Akce DeWalt DWE46150 Kryt na ods\u00e1v\u00e1n\u00ed pro brusky 115 - 125 mm -<\/title>\n<meta name=\"robots\" content=\"index, follow, max-snippet:-1, max-image-preview:large, max-video-preview:-1\" \/>\n<link rel=\"canonical\" href=\"https:\/\/www.domkraftpro.com\/index.php\/produkt\/akce-dewalt-dwe46150-kryt-na-odsavani-pro-brusky-115-125-mm-46765\/\" \/>\n<meta property=\"og:locale\" content=\"cs_CZ\" \/>\n<meta property=\"og:type\" content=\"article\" \/>\n<meta property=\"og:title\" content=\"Akce DeWalt DWE46150 Kryt na ods\u00e1v\u00e1n\u00ed pro brusky 115 - 125 mm -\" \/>\n<meta property=\"og:description\" content=\"Kryt na ods\u00e1v\u00e1n\u00ed, pro \u00fahlov\u00e9 brusky 115 a 125 mm \u25ba Sou\u010d\u00e1st\u00ed dod\u00e1vky je:Ochrann\u00fd kryt pro sana\u010dn\u00ed brou\u0161en\u00ed betonuPouze pro \u00fahlov\u00e9 brusky DeWALT 115 a 125mm a sana\u010dn\u00ed diamantov\u00e9 kotou\u010de DeWALT Ur\u010deno pro \u00dahlov\u00e9 brusky 125 mm Balen\u00ed kartonov\u00e1 krabice\" \/>\n<meta property=\"og:url\" content=\"https:\/\/www.domkraftpro.com\/index.php\/produkt\/akce-dewalt-dwe46150-kryt-na-odsavani-pro-brusky-115-125-mm-46765\/\" \/>\n<meta property=\"og:image\" content=\"https:\/\/www.domkraftpro.com\/wp-content\/uploads\/2026\/SK0008182-CZ20260425-092328-0-1777080210-131408-1_132249.webp\" \/>\n\t<meta property=\"og:image:width\" content=\"600\" \/>\n\t<meta property=\"og:image:height\" content=\"600\" \/>\n\t<meta property=\"og:image:type\" content=\"image\/webp\" \/>\n<meta name=\"twitter:card\" content=\"summary_large_image\" \/>\n<script type=\"application\/ld+json\" class=\"yoast-schema-graph\">{\"@context\":\"https:\/\/schema.org\",\"@graph\":[{\"@type\":\"WebPage\",\"@id\":\"https:\/\/www.domkraftpro.com\/index.php\/produkt\/akce-dewalt-dwe46150-kryt-na-odsavani-pro-brusky-115-125-mm-46765\/\",\"url\":\"https:\/\/www.domkraftpro.com\/index.php\/produkt\/akce-dewalt-dwe46150-kryt-na-odsavani-pro-brusky-115-125-mm-46765\/\",\"name\":\"Akce DeWalt DWE46150 Kryt na ods\u00e1v\u00e1n\u00ed pro brusky 115 - 125 mm -\",\"isPartOf\":{\"@id\":\"https:\/\/www.domkraftpro.com\/#website\"},\"primaryImageOfPage\":{\"@id\":\"https:\/\/www.domkraftpro.com\/index.php\/produkt\/akce-dewalt-dwe46150-kryt-na-odsavani-pro-brusky-115-125-mm-46765\/#primaryimage\"},\"image\":{\"@id\":\"https:\/\/www.domkraftpro.com\/index.php\/produkt\/akce-dewalt-dwe46150-kryt-na-odsavani-pro-brusky-115-125-mm-46765\/#primaryimage\"},\"thumbnailUrl\":\"https:\/\/www.domkraftpro.com\/wp-content\/uploads\/2026\/SK0008182-CZ20260425-092328-0-1777080210-131408-1_132249.webp\",\"datePublished\":\"2026-04-27T04:42:28+00:00\",\"breadcrumb\":{\"@id\":\"https:\/\/www.domkraftpro.com\/index.php\/produkt\/akce-dewalt-dwe46150-kryt-na-odsavani-pro-brusky-115-125-mm-46765\/#breadcrumb\"},\"inLanguage\":\"cs\",\"potentialAction\":[{\"@type\":\"ReadAction\",\"target\":[\"https:\/\/www.domkraftpro.com\/index.php\/produkt\/akce-dewalt-dwe46150-kryt-na-odsavani-pro-brusky-115-125-mm-46765\/\"]}]},{\"@type\":\"ImageObject\",\"inLanguage\":\"cs\",\"@id\":\"https:\/\/www.domkraftpro.com\/index.php\/produkt\/akce-dewalt-dwe46150-kryt-na-odsavani-pro-brusky-115-125-mm-46765\/#primaryimage\",\"url\":\"https:\/\/www.domkraftpro.com\/wp-content\/uploads\/2026\/SK0008182-CZ20260425-092328-0-1777080210-131408-1_132249.webp\",\"contentUrl\":\"https:\/\/www.domkraftpro.com\/wp-content\/uploads\/2026\/SK0008182-CZ20260425-092328-0-1777080210-131408-1_132249.webp\",\"width\":600,\"height\":600},{\"@type\":\"BreadcrumbList\",\"@id\":\"https:\/\/www.domkraftpro.com\/index.php\/produkt\/akce-dewalt-dwe46150-kryt-na-odsavani-pro-brusky-115-125-mm-46765\/#breadcrumb\",\"itemListElement\":[{\"@type\":\"ListItem\",\"position\":1,\"name\":\"Home\",\"item\":\"https:\/\/www.domkraftpro.com\/\"},{\"@type\":\"ListItem\",\"position\":2,\"name\":\"Products\",\"item\":\"https:\/\/www.domkraftpro.com\/index.php\/products\/\"},{\"@type\":\"ListItem\",\"position\":3,\"name\":\"Akce DeWalt DWE46150 Kryt na ods\u00e1v\u00e1n\u00ed pro brusky 115 &#8211; 125 mm\"}]},{\"@type\":\"WebSite\",\"@id\":\"https:\/\/www.domkraftpro.com\/#website\",\"url\":\"https:\/\/www.domkraftpro.com\/\",\"name\":\"\",\"description\":\"\",\"potentialAction\":[{\"@type\":\"SearchAction\",\"target\":{\"@type\":\"EntryPoint\",\"urlTemplate\":\"https:\/\/www.domkraftpro.com\/?s={search_term_string}\"},\"query-input\":{\"@type\":\"PropertyValueSpecification\",\"valueRequired\":true,\"valueName\":\"search_term_string\"}}],\"inLanguage\":\"cs\"}]}<\/script>\n<!-- \/ Yoast SEO plugin. -->","yoast_head_json":{"title":"Akce DeWalt DWE46150 Kryt na ods\u00e1v\u00e1n\u00ed pro brusky 115 - 125 mm -","robots":{"index":"index","follow":"follow","max-snippet":"max-snippet:-1","max-image-preview":"max-image-preview:large","max-video-preview":"max-video-preview:-1"},"canonical":"https:\/\/www.domkraftpro.com\/index.php\/produkt\/akce-dewalt-dwe46150-kryt-na-odsavani-pro-brusky-115-125-mm-46765\/","og_locale":"cs_CZ","og_type":"article","og_title":"Akce DeWalt DWE46150 Kryt na ods\u00e1v\u00e1n\u00ed pro brusky 115 - 125 mm -","og_description":"Kryt na ods\u00e1v\u00e1n\u00ed, pro \u00fahlov\u00e9 brusky 115 a 125 mm \u25ba Sou\u010d\u00e1st\u00ed dod\u00e1vky je:Ochrann\u00fd kryt pro sana\u010dn\u00ed brou\u0161en\u00ed betonuPouze pro \u00fahlov\u00e9 brusky DeWALT 115 a 125mm a sana\u010dn\u00ed diamantov\u00e9 kotou\u010de DeWALT Ur\u010deno pro \u00dahlov\u00e9 brusky 125 mm Balen\u00ed kartonov\u00e1 krabice","og_url":"https:\/\/www.domkraftpro.com\/index.php\/produkt\/akce-dewalt-dwe46150-kryt-na-odsavani-pro-brusky-115-125-mm-46765\/","og_image":[{"width":600,"height":600,"url":"https:\/\/www.domkraftpro.com\/wp-content\/uploads\/2026\/SK0008182-CZ20260425-092328-0-1777080210-131408-1_132249.webp","type":"image\/webp"}],"twitter_card":"summary_large_image","schema":{"@context":"https:\/\/schema.org","@graph":[{"@type":"WebPage","@id":"https:\/\/www.domkraftpro.com\/index.php\/produkt\/akce-dewalt-dwe46150-kryt-na-odsavani-pro-brusky-115-125-mm-46765\/","url":"https:\/\/www.domkraftpro.com\/index.php\/produkt\/akce-dewalt-dwe46150-kryt-na-odsavani-pro-brusky-115-125-mm-46765\/","name":"Akce DeWalt DWE46150 Kryt na ods\u00e1v\u00e1n\u00ed pro brusky 115 - 125 mm -","isPartOf":{"@id":"https:\/\/www.domkraftpro.com\/#website"},"primaryImageOfPage":{"@id":"https:\/\/www.domkraftpro.com\/index.php\/produkt\/akce-dewalt-dwe46150-kryt-na-odsavani-pro-brusky-115-125-mm-46765\/#primaryimage"},"image":{"@id":"https:\/\/www.domkraftpro.com\/index.php\/produkt\/akce-dewalt-dwe46150-kryt-na-odsavani-pro-brusky-115-125-mm-46765\/#primaryimage"},"thumbnailUrl":"https:\/\/www.domkraftpro.com\/wp-content\/uploads\/2026\/SK0008182-CZ20260425-092328-0-1777080210-131408-1_132249.webp","datePublished":"2026-04-27T04:42:28+00:00","breadcrumb":{"@id":"https:\/\/www.domkraftpro.com\/index.php\/produkt\/akce-dewalt-dwe46150-kryt-na-odsavani-pro-brusky-115-125-mm-46765\/#breadcrumb"},"inLanguage":"cs","potentialAction":[{"@type":"ReadAction","target":["https:\/\/www.domkraftpro.com\/index.php\/produkt\/akce-dewalt-dwe46150-kryt-na-odsavani-pro-brusky-115-125-mm-46765\/"]}]},{"@type":"ImageObject","inLanguage":"cs","@id":"https:\/\/www.domkraftpro.com\/index.php\/produkt\/akce-dewalt-dwe46150-kryt-na-odsavani-pro-brusky-115-125-mm-46765\/#primaryimage","url":"https:\/\/www.domkraftpro.com\/wp-content\/uploads\/2026\/SK0008182-CZ20260425-092328-0-1777080210-131408-1_132249.webp","contentUrl":"https:\/\/www.domkraftpro.com\/wp-content\/uploads\/2026\/SK0008182-CZ20260425-092328-0-1777080210-131408-1_132249.webp","width":600,"height":600},{"@type":"BreadcrumbList","@id":"https:\/\/www.domkraftpro.com\/index.php\/produkt\/akce-dewalt-dwe46150-kryt-na-odsavani-pro-brusky-115-125-mm-46765\/#breadcrumb","itemListElement":[{"@type":"ListItem","position":1,"name":"Home","item":"https:\/\/www.domkraftpro.com\/"},{"@type":"ListItem","position":2,"name":"Products","item":"https:\/\/www.domkraftpro.com\/index.php\/products\/"},{"@type":"ListItem","position":3,"name":"Akce DeWalt DWE46150 Kryt na ods\u00e1v\u00e1n\u00ed pro brusky 115 &#8211; 125 mm"}]},{"@type":"WebSite","@id":"https:\/\/www.domkraftpro.com\/#website","url":"https:\/\/www.domkraftpro.com\/","name":"","description":"","potentialAction":[{"@type":"SearchAction","target":{"@type":"EntryPoint","urlTemplate":"https:\/\/www.domkraftpro.com\/?s={search_term_string}"},"query-input":{"@type":"PropertyValueSpecification","valueRequired":true,"valueName":"search_term_string"}}],"inLanguage":"cs"}]}},"_links":{"self":[{"href":"https:\/\/www.domkraftpro.com\/index.php\/wp-json\/wp\/v2\/product\/46765","targetHints":{"allow":["GET"]}}],"collection":[{"href":"https:\/\/www.domkraftpro.com\/index.php\/wp-json\/wp\/v2\/product"}],"about":[{"href":"https:\/\/www.domkraftpro.com\/index.php\/wp-json\/wp\/v2\/types\/product"}],"replies":[{"embeddable":true,"href":"https:\/\/www.domkraftpro.com\/index.php\/wp-json\/wp\/v2\/comments?post=46765"}],"wp:featuredmedia":[{"embeddable":true,"href":"https:\/\/www.domkraftpro.com\/index.php\/wp-json\/wp\/v2\/media\/46865"}],"wp:attachment":[{"href":"https:\/\/www.domkraftpro.com\/index.php\/wp-json\/wp\/v2\/media?parent=46765"}],"wp:term":[{"taxonomy":"product_brand","embeddable":true,"href":"https:\/\/www.domkraftpro.com\/index.php\/wp-json\/wp\/v2\/product_brand?post=46765"},{"taxonomy":"product_cat","embeddable":true,"href":"https:\/\/www.domkraftpro.com\/index.php\/wp-json\/wp\/v2\/product_cat?post=46765"},{"taxonomy":"product_tag","embeddable":true,"href":"https:\/\/www.domkraftpro.com\/index.php\/wp-json\/wp\/v2\/product_tag?post=46765"}],"curies":[{"name":"wp","href":"https:\/\/api.w.org\/{rel}","templated":true}]}}