{"id":44126,"date":"2026-04-27T04:42:21","date_gmt":"2026-04-27T04:42:21","guid":{"rendered":""},"modified":"2026-04-27T04:42:21","modified_gmt":"2026-04-27T04:42:21","slug":"akce-darkovy-poukaz-v-hodnote-3-000-kc-44126","status":"publish","type":"product","link":"https:\/\/www.domkraftpro.com\/index.php\/produkt\/akce-darkovy-poukaz-v-hodnote-3-000-kc-44126\/","title":{"rendered":"Akce D\u00e1rkov\u00fd poukaz v hodnot\u011b 3.000,- K\u010d"},"content":{"rendered":"<p>D\u00e1rkov\u00fd poukaz v hodnot\u011b 3.000,- K\u010d<\/p>\n","protected":false},"excerpt":{"rendered":"<p>D\u00e1rkov\u00fd poukaz v hodnot\u011b 3.000,- K\u010d<\/p>\n","protected":false},"featured_media":44226,"comment_status":"open","ping_status":"open","template":"","meta":[],"product_brand":[],"product_cat":[33],"product_tag":[],"class_list":{"0":"post-44126","1":"product","2":"type-product","3":"status-publish","4":"has-post-thumbnail","6":"product_cat-specialni-nabidka","8":"first","9":"instock","10":"sale","11":"shipping-taxable","12":"purchasable","13":"product-type-simple"},"yoast_head":"<!-- This site is optimized with the Yoast SEO plugin v26.8 - https:\/\/yoast.com\/product\/yoast-seo-wordpress\/ -->\n<title>Akce D\u00e1rkov\u00fd poukaz v hodnot\u011b 3.000,- K\u010d -<\/title>\n<meta name=\"robots\" content=\"index, follow, max-snippet:-1, max-image-preview:large, max-video-preview:-1\" \/>\n<link rel=\"canonical\" href=\"https:\/\/www.domkraftpro.com\/index.php\/produkt\/akce-darkovy-poukaz-v-hodnote-3-000-kc-44126\/\" \/>\n<meta property=\"og:locale\" content=\"cs_CZ\" \/>\n<meta property=\"og:type\" content=\"article\" \/>\n<meta property=\"og:title\" content=\"Akce D\u00e1rkov\u00fd poukaz v hodnot\u011b 3.000,- K\u010d -\" \/>\n<meta property=\"og:description\" content=\"D\u00e1rkov\u00fd poukaz v hodnot\u011b 3.000,- K\u010d\" \/>\n<meta property=\"og:url\" content=\"https:\/\/www.domkraftpro.com\/index.php\/produkt\/akce-darkovy-poukaz-v-hodnote-3-000-kc-44126\/\" \/>\n<meta property=\"og:image\" content=\"https:\/\/www.domkraftpro.com\/wp-content\/uploads\/2026\/SK0009210-CZ20260425-092044-0-1777080044-3000Kc.webp\" \/>\n\t<meta property=\"og:image:width\" content=\"1000\" \/>\n\t<meta property=\"og:image:height\" content=\"471\" \/>\n\t<meta property=\"og:image:type\" content=\"image\/webp\" \/>\n<meta name=\"twitter:card\" content=\"summary_large_image\" \/>\n<script type=\"application\/ld+json\" class=\"yoast-schema-graph\">{\"@context\":\"https:\/\/schema.org\",\"@graph\":[{\"@type\":\"WebPage\",\"@id\":\"https:\/\/www.domkraftpro.com\/index.php\/produkt\/akce-darkovy-poukaz-v-hodnote-3-000-kc-44126\/\",\"url\":\"https:\/\/www.domkraftpro.com\/index.php\/produkt\/akce-darkovy-poukaz-v-hodnote-3-000-kc-44126\/\",\"name\":\"Akce D\u00e1rkov\u00fd poukaz v hodnot\u011b 3.000,- K\u010d -\",\"isPartOf\":{\"@id\":\"https:\/\/www.domkraftpro.com\/#website\"},\"primaryImageOfPage\":{\"@id\":\"https:\/\/www.domkraftpro.com\/index.php\/produkt\/akce-darkovy-poukaz-v-hodnote-3-000-kc-44126\/#primaryimage\"},\"image\":{\"@id\":\"https:\/\/www.domkraftpro.com\/index.php\/produkt\/akce-darkovy-poukaz-v-hodnote-3-000-kc-44126\/#primaryimage\"},\"thumbnailUrl\":\"https:\/\/www.domkraftpro.com\/wp-content\/uploads\/2026\/SK0009210-CZ20260425-092044-0-1777080044-3000Kc.webp\",\"datePublished\":\"2026-04-27T04:42:21+00:00\",\"breadcrumb\":{\"@id\":\"https:\/\/www.domkraftpro.com\/index.php\/produkt\/akce-darkovy-poukaz-v-hodnote-3-000-kc-44126\/#breadcrumb\"},\"inLanguage\":\"cs\",\"potentialAction\":[{\"@type\":\"ReadAction\",\"target\":[\"https:\/\/www.domkraftpro.com\/index.php\/produkt\/akce-darkovy-poukaz-v-hodnote-3-000-kc-44126\/\"]}]},{\"@type\":\"ImageObject\",\"inLanguage\":\"cs\",\"@id\":\"https:\/\/www.domkraftpro.com\/index.php\/produkt\/akce-darkovy-poukaz-v-hodnote-3-000-kc-44126\/#primaryimage\",\"url\":\"https:\/\/www.domkraftpro.com\/wp-content\/uploads\/2026\/SK0009210-CZ20260425-092044-0-1777080044-3000Kc.webp\",\"contentUrl\":\"https:\/\/www.domkraftpro.com\/wp-content\/uploads\/2026\/SK0009210-CZ20260425-092044-0-1777080044-3000Kc.webp\",\"width\":1000,\"height\":471},{\"@type\":\"BreadcrumbList\",\"@id\":\"https:\/\/www.domkraftpro.com\/index.php\/produkt\/akce-darkovy-poukaz-v-hodnote-3-000-kc-44126\/#breadcrumb\",\"itemListElement\":[{\"@type\":\"ListItem\",\"position\":1,\"name\":\"Home\",\"item\":\"https:\/\/www.domkraftpro.com\/\"},{\"@type\":\"ListItem\",\"position\":2,\"name\":\"Products\",\"item\":\"https:\/\/www.domkraftpro.com\/index.php\/products\/\"},{\"@type\":\"ListItem\",\"position\":3,\"name\":\"Akce D\u00e1rkov\u00fd poukaz v hodnot\u011b 3.000,- K\u010d\"}]},{\"@type\":\"WebSite\",\"@id\":\"https:\/\/www.domkraftpro.com\/#website\",\"url\":\"https:\/\/www.domkraftpro.com\/\",\"name\":\"\",\"description\":\"\",\"potentialAction\":[{\"@type\":\"SearchAction\",\"target\":{\"@type\":\"EntryPoint\",\"urlTemplate\":\"https:\/\/www.domkraftpro.com\/?s={search_term_string}\"},\"query-input\":{\"@type\":\"PropertyValueSpecification\",\"valueRequired\":true,\"valueName\":\"search_term_string\"}}],\"inLanguage\":\"cs\"}]}<\/script>\n<!-- \/ Yoast SEO plugin. -->","yoast_head_json":{"title":"Akce D\u00e1rkov\u00fd poukaz v hodnot\u011b 3.000,- K\u010d -","robots":{"index":"index","follow":"follow","max-snippet":"max-snippet:-1","max-image-preview":"max-image-preview:large","max-video-preview":"max-video-preview:-1"},"canonical":"https:\/\/www.domkraftpro.com\/index.php\/produkt\/akce-darkovy-poukaz-v-hodnote-3-000-kc-44126\/","og_locale":"cs_CZ","og_type":"article","og_title":"Akce D\u00e1rkov\u00fd poukaz v hodnot\u011b 3.000,- K\u010d -","og_description":"D\u00e1rkov\u00fd poukaz v hodnot\u011b 3.000,- K\u010d","og_url":"https:\/\/www.domkraftpro.com\/index.php\/produkt\/akce-darkovy-poukaz-v-hodnote-3-000-kc-44126\/","og_image":[{"width":1000,"height":471,"url":"https:\/\/www.domkraftpro.com\/wp-content\/uploads\/2026\/SK0009210-CZ20260425-092044-0-1777080044-3000Kc.webp","type":"image\/webp"}],"twitter_card":"summary_large_image","schema":{"@context":"https:\/\/schema.org","@graph":[{"@type":"WebPage","@id":"https:\/\/www.domkraftpro.com\/index.php\/produkt\/akce-darkovy-poukaz-v-hodnote-3-000-kc-44126\/","url":"https:\/\/www.domkraftpro.com\/index.php\/produkt\/akce-darkovy-poukaz-v-hodnote-3-000-kc-44126\/","name":"Akce D\u00e1rkov\u00fd poukaz v hodnot\u011b 3.000,- K\u010d -","isPartOf":{"@id":"https:\/\/www.domkraftpro.com\/#website"},"primaryImageOfPage":{"@id":"https:\/\/www.domkraftpro.com\/index.php\/produkt\/akce-darkovy-poukaz-v-hodnote-3-000-kc-44126\/#primaryimage"},"image":{"@id":"https:\/\/www.domkraftpro.com\/index.php\/produkt\/akce-darkovy-poukaz-v-hodnote-3-000-kc-44126\/#primaryimage"},"thumbnailUrl":"https:\/\/www.domkraftpro.com\/wp-content\/uploads\/2026\/SK0009210-CZ20260425-092044-0-1777080044-3000Kc.webp","datePublished":"2026-04-27T04:42:21+00:00","breadcrumb":{"@id":"https:\/\/www.domkraftpro.com\/index.php\/produkt\/akce-darkovy-poukaz-v-hodnote-3-000-kc-44126\/#breadcrumb"},"inLanguage":"cs","potentialAction":[{"@type":"ReadAction","target":["https:\/\/www.domkraftpro.com\/index.php\/produkt\/akce-darkovy-poukaz-v-hodnote-3-000-kc-44126\/"]}]},{"@type":"ImageObject","inLanguage":"cs","@id":"https:\/\/www.domkraftpro.com\/index.php\/produkt\/akce-darkovy-poukaz-v-hodnote-3-000-kc-44126\/#primaryimage","url":"https:\/\/www.domkraftpro.com\/wp-content\/uploads\/2026\/SK0009210-CZ20260425-092044-0-1777080044-3000Kc.webp","contentUrl":"https:\/\/www.domkraftpro.com\/wp-content\/uploads\/2026\/SK0009210-CZ20260425-092044-0-1777080044-3000Kc.webp","width":1000,"height":471},{"@type":"BreadcrumbList","@id":"https:\/\/www.domkraftpro.com\/index.php\/produkt\/akce-darkovy-poukaz-v-hodnote-3-000-kc-44126\/#breadcrumb","itemListElement":[{"@type":"ListItem","position":1,"name":"Home","item":"https:\/\/www.domkraftpro.com\/"},{"@type":"ListItem","position":2,"name":"Products","item":"https:\/\/www.domkraftpro.com\/index.php\/products\/"},{"@type":"ListItem","position":3,"name":"Akce D\u00e1rkov\u00fd poukaz v hodnot\u011b 3.000,- K\u010d"}]},{"@type":"WebSite","@id":"https:\/\/www.domkraftpro.com\/#website","url":"https:\/\/www.domkraftpro.com\/","name":"","description":"","potentialAction":[{"@type":"SearchAction","target":{"@type":"EntryPoint","urlTemplate":"https:\/\/www.domkraftpro.com\/?s={search_term_string}"},"query-input":{"@type":"PropertyValueSpecification","valueRequired":true,"valueName":"search_term_string"}}],"inLanguage":"cs"}]}},"_links":{"self":[{"href":"https:\/\/www.domkraftpro.com\/index.php\/wp-json\/wp\/v2\/product\/44126","targetHints":{"allow":["GET"]}}],"collection":[{"href":"https:\/\/www.domkraftpro.com\/index.php\/wp-json\/wp\/v2\/product"}],"about":[{"href":"https:\/\/www.domkraftpro.com\/index.php\/wp-json\/wp\/v2\/types\/product"}],"replies":[{"embeddable":true,"href":"https:\/\/www.domkraftpro.com\/index.php\/wp-json\/wp\/v2\/comments?post=44126"}],"wp:featuredmedia":[{"embeddable":true,"href":"https:\/\/www.domkraftpro.com\/index.php\/wp-json\/wp\/v2\/media\/44226"}],"wp:attachment":[{"href":"https:\/\/www.domkraftpro.com\/index.php\/wp-json\/wp\/v2\/media?parent=44126"}],"wp:term":[{"taxonomy":"product_brand","embeddable":true,"href":"https:\/\/www.domkraftpro.com\/index.php\/wp-json\/wp\/v2\/product_brand?post=44126"},{"taxonomy":"product_cat","embeddable":true,"href":"https:\/\/www.domkraftpro.com\/index.php\/wp-json\/wp\/v2\/product_cat?post=44126"},{"taxonomy":"product_tag","embeddable":true,"href":"https:\/\/www.domkraftpro.com\/index.php\/wp-json\/wp\/v2\/product_tag?post=44126"}],"curies":[{"name":"wp","href":"https:\/\/api.w.org\/{rel}","templated":true}]}}