{"id":43937,"date":"2026-04-27T04:42:21","date_gmt":"2026-04-27T04:42:21","guid":{"rendered":""},"modified":"2026-04-27T04:42:21","modified_gmt":"2026-04-27T04:42:21","slug":"akce-px-matice-6tihranna-tr-8-zb-m24-din-934-43937","status":"publish","type":"product","link":"https:\/\/www.domkraftpro.com\/index.php\/produkt\/akce-px-matice-6tihranna-tr-8-zb-m24-din-934-43937\/","title":{"rendered":"Akce PX matice 6tihrann\u00e1 t\u0159.8 ZB M24 DIN 934"},"content":{"rendered":"<p>PX matice 6tihrann\u00e1 t\u0159.8 ZB M24 DIN 934<\/p>\n","protected":false},"excerpt":{"rendered":"<p>PX matice 6tihrann\u00e1 t\u0159.8 ZB M24 DIN 934<\/p>\n","protected":false},"featured_media":44037,"comment_status":"open","ping_status":"open","template":"","meta":[],"product_brand":[],"product_cat":[52],"product_tag":[],"class_list":{"0":"post-43937","1":"product","2":"type-product","3":"status-publish","4":"has-post-thumbnail","6":"product_cat-naradi","8":"first","9":"instock","10":"sale","11":"shipping-taxable","12":"purchasable","13":"product-type-simple"},"yoast_head":"<!-- This site is optimized with the Yoast SEO plugin v26.8 - https:\/\/yoast.com\/product\/yoast-seo-wordpress\/ -->\n<title>Akce PX matice 6tihrann\u00e1 t\u0159.8 ZB M24 DIN 934 -<\/title>\n<meta name=\"robots\" content=\"index, follow, max-snippet:-1, max-image-preview:large, max-video-preview:-1\" \/>\n<link rel=\"canonical\" href=\"https:\/\/www.domkraftpro.com\/index.php\/produkt\/akce-px-matice-6tihranna-tr-8-zb-m24-din-934-43937\/\" \/>\n<meta property=\"og:locale\" content=\"cs_CZ\" \/>\n<meta property=\"og:type\" content=\"article\" \/>\n<meta property=\"og:title\" content=\"Akce PX matice 6tihrann\u00e1 t\u0159.8 ZB M24 DIN 934 -\" \/>\n<meta property=\"og:description\" content=\"PX matice 6tihrann\u00e1 t\u0159.8 ZB M24 DIN 934\" \/>\n<meta property=\"og:url\" content=\"https:\/\/www.domkraftpro.com\/index.php\/produkt\/akce-px-matice-6tihranna-tr-8-zb-m24-din-934-43937\/\" \/>\n<meta property=\"og:image\" content=\"https:\/\/www.domkraftpro.com\/wp-content\/uploads\/2026\/SK0009068-CZ20260425-092044-0-1777080044-matice-6tihranna-tr.8-ZB-M-4-DIN-934.webp\" \/>\n\t<meta property=\"og:image:width\" content=\"271\" \/>\n\t<meta property=\"og:image:height\" content=\"217\" \/>\n\t<meta property=\"og:image:type\" content=\"image\/webp\" \/>\n<meta name=\"twitter:card\" content=\"summary_large_image\" \/>\n<script type=\"application\/ld+json\" class=\"yoast-schema-graph\">{\"@context\":\"https:\/\/schema.org\",\"@graph\":[{\"@type\":\"WebPage\",\"@id\":\"https:\/\/www.domkraftpro.com\/index.php\/produkt\/akce-px-matice-6tihranna-tr-8-zb-m24-din-934-43937\/\",\"url\":\"https:\/\/www.domkraftpro.com\/index.php\/produkt\/akce-px-matice-6tihranna-tr-8-zb-m24-din-934-43937\/\",\"name\":\"Akce PX matice 6tihrann\u00e1 t\u0159.8 ZB M24 DIN 934 -\",\"isPartOf\":{\"@id\":\"https:\/\/www.domkraftpro.com\/#website\"},\"primaryImageOfPage\":{\"@id\":\"https:\/\/www.domkraftpro.com\/index.php\/produkt\/akce-px-matice-6tihranna-tr-8-zb-m24-din-934-43937\/#primaryimage\"},\"image\":{\"@id\":\"https:\/\/www.domkraftpro.com\/index.php\/produkt\/akce-px-matice-6tihranna-tr-8-zb-m24-din-934-43937\/#primaryimage\"},\"thumbnailUrl\":\"https:\/\/www.domkraftpro.com\/wp-content\/uploads\/2026\/SK0009068-CZ20260425-092044-0-1777080044-matice-6tihranna-tr.8-ZB-M-4-DIN-934.webp\",\"datePublished\":\"2026-04-27T04:42:21+00:00\",\"breadcrumb\":{\"@id\":\"https:\/\/www.domkraftpro.com\/index.php\/produkt\/akce-px-matice-6tihranna-tr-8-zb-m24-din-934-43937\/#breadcrumb\"},\"inLanguage\":\"cs\",\"potentialAction\":[{\"@type\":\"ReadAction\",\"target\":[\"https:\/\/www.domkraftpro.com\/index.php\/produkt\/akce-px-matice-6tihranna-tr-8-zb-m24-din-934-43937\/\"]}]},{\"@type\":\"ImageObject\",\"inLanguage\":\"cs\",\"@id\":\"https:\/\/www.domkraftpro.com\/index.php\/produkt\/akce-px-matice-6tihranna-tr-8-zb-m24-din-934-43937\/#primaryimage\",\"url\":\"https:\/\/www.domkraftpro.com\/wp-content\/uploads\/2026\/SK0009068-CZ20260425-092044-0-1777080044-matice-6tihranna-tr.8-ZB-M-4-DIN-934.webp\",\"contentUrl\":\"https:\/\/www.domkraftpro.com\/wp-content\/uploads\/2026\/SK0009068-CZ20260425-092044-0-1777080044-matice-6tihranna-tr.8-ZB-M-4-DIN-934.webp\",\"width\":271,\"height\":217},{\"@type\":\"BreadcrumbList\",\"@id\":\"https:\/\/www.domkraftpro.com\/index.php\/produkt\/akce-px-matice-6tihranna-tr-8-zb-m24-din-934-43937\/#breadcrumb\",\"itemListElement\":[{\"@type\":\"ListItem\",\"position\":1,\"name\":\"Home\",\"item\":\"https:\/\/www.domkraftpro.com\/\"},{\"@type\":\"ListItem\",\"position\":2,\"name\":\"Products\",\"item\":\"https:\/\/www.domkraftpro.com\/index.php\/products\/\"},{\"@type\":\"ListItem\",\"position\":3,\"name\":\"Akce PX matice 6tihrann\u00e1 t\u0159.8 ZB M24 DIN 934\"}]},{\"@type\":\"WebSite\",\"@id\":\"https:\/\/www.domkraftpro.com\/#website\",\"url\":\"https:\/\/www.domkraftpro.com\/\",\"name\":\"\",\"description\":\"\",\"potentialAction\":[{\"@type\":\"SearchAction\",\"target\":{\"@type\":\"EntryPoint\",\"urlTemplate\":\"https:\/\/www.domkraftpro.com\/?s={search_term_string}\"},\"query-input\":{\"@type\":\"PropertyValueSpecification\",\"valueRequired\":true,\"valueName\":\"search_term_string\"}}],\"inLanguage\":\"cs\"}]}<\/script>\n<!-- \/ Yoast SEO plugin. -->","yoast_head_json":{"title":"Akce PX matice 6tihrann\u00e1 t\u0159.8 ZB M24 DIN 934 -","robots":{"index":"index","follow":"follow","max-snippet":"max-snippet:-1","max-image-preview":"max-image-preview:large","max-video-preview":"max-video-preview:-1"},"canonical":"https:\/\/www.domkraftpro.com\/index.php\/produkt\/akce-px-matice-6tihranna-tr-8-zb-m24-din-934-43937\/","og_locale":"cs_CZ","og_type":"article","og_title":"Akce PX matice 6tihrann\u00e1 t\u0159.8 ZB M24 DIN 934 -","og_description":"PX matice 6tihrann\u00e1 t\u0159.8 ZB M24 DIN 934","og_url":"https:\/\/www.domkraftpro.com\/index.php\/produkt\/akce-px-matice-6tihranna-tr-8-zb-m24-din-934-43937\/","og_image":[{"width":271,"height":217,"url":"https:\/\/www.domkraftpro.com\/wp-content\/uploads\/2026\/SK0009068-CZ20260425-092044-0-1777080044-matice-6tihranna-tr.8-ZB-M-4-DIN-934.webp","type":"image\/webp"}],"twitter_card":"summary_large_image","schema":{"@context":"https:\/\/schema.org","@graph":[{"@type":"WebPage","@id":"https:\/\/www.domkraftpro.com\/index.php\/produkt\/akce-px-matice-6tihranna-tr-8-zb-m24-din-934-43937\/","url":"https:\/\/www.domkraftpro.com\/index.php\/produkt\/akce-px-matice-6tihranna-tr-8-zb-m24-din-934-43937\/","name":"Akce PX matice 6tihrann\u00e1 t\u0159.8 ZB M24 DIN 934 -","isPartOf":{"@id":"https:\/\/www.domkraftpro.com\/#website"},"primaryImageOfPage":{"@id":"https:\/\/www.domkraftpro.com\/index.php\/produkt\/akce-px-matice-6tihranna-tr-8-zb-m24-din-934-43937\/#primaryimage"},"image":{"@id":"https:\/\/www.domkraftpro.com\/index.php\/produkt\/akce-px-matice-6tihranna-tr-8-zb-m24-din-934-43937\/#primaryimage"},"thumbnailUrl":"https:\/\/www.domkraftpro.com\/wp-content\/uploads\/2026\/SK0009068-CZ20260425-092044-0-1777080044-matice-6tihranna-tr.8-ZB-M-4-DIN-934.webp","datePublished":"2026-04-27T04:42:21+00:00","breadcrumb":{"@id":"https:\/\/www.domkraftpro.com\/index.php\/produkt\/akce-px-matice-6tihranna-tr-8-zb-m24-din-934-43937\/#breadcrumb"},"inLanguage":"cs","potentialAction":[{"@type":"ReadAction","target":["https:\/\/www.domkraftpro.com\/index.php\/produkt\/akce-px-matice-6tihranna-tr-8-zb-m24-din-934-43937\/"]}]},{"@type":"ImageObject","inLanguage":"cs","@id":"https:\/\/www.domkraftpro.com\/index.php\/produkt\/akce-px-matice-6tihranna-tr-8-zb-m24-din-934-43937\/#primaryimage","url":"https:\/\/www.domkraftpro.com\/wp-content\/uploads\/2026\/SK0009068-CZ20260425-092044-0-1777080044-matice-6tihranna-tr.8-ZB-M-4-DIN-934.webp","contentUrl":"https:\/\/www.domkraftpro.com\/wp-content\/uploads\/2026\/SK0009068-CZ20260425-092044-0-1777080044-matice-6tihranna-tr.8-ZB-M-4-DIN-934.webp","width":271,"height":217},{"@type":"BreadcrumbList","@id":"https:\/\/www.domkraftpro.com\/index.php\/produkt\/akce-px-matice-6tihranna-tr-8-zb-m24-din-934-43937\/#breadcrumb","itemListElement":[{"@type":"ListItem","position":1,"name":"Home","item":"https:\/\/www.domkraftpro.com\/"},{"@type":"ListItem","position":2,"name":"Products","item":"https:\/\/www.domkraftpro.com\/index.php\/products\/"},{"@type":"ListItem","position":3,"name":"Akce PX matice 6tihrann\u00e1 t\u0159.8 ZB M24 DIN 934"}]},{"@type":"WebSite","@id":"https:\/\/www.domkraftpro.com\/#website","url":"https:\/\/www.domkraftpro.com\/","name":"","description":"","potentialAction":[{"@type":"SearchAction","target":{"@type":"EntryPoint","urlTemplate":"https:\/\/www.domkraftpro.com\/?s={search_term_string}"},"query-input":{"@type":"PropertyValueSpecification","valueRequired":true,"valueName":"search_term_string"}}],"inLanguage":"cs"}]}},"_links":{"self":[{"href":"https:\/\/www.domkraftpro.com\/index.php\/wp-json\/wp\/v2\/product\/43937","targetHints":{"allow":["GET"]}}],"collection":[{"href":"https:\/\/www.domkraftpro.com\/index.php\/wp-json\/wp\/v2\/product"}],"about":[{"href":"https:\/\/www.domkraftpro.com\/index.php\/wp-json\/wp\/v2\/types\/product"}],"replies":[{"embeddable":true,"href":"https:\/\/www.domkraftpro.com\/index.php\/wp-json\/wp\/v2\/comments?post=43937"}],"wp:featuredmedia":[{"embeddable":true,"href":"https:\/\/www.domkraftpro.com\/index.php\/wp-json\/wp\/v2\/media\/44037"}],"wp:attachment":[{"href":"https:\/\/www.domkraftpro.com\/index.php\/wp-json\/wp\/v2\/media?parent=43937"}],"wp:term":[{"taxonomy":"product_brand","embeddable":true,"href":"https:\/\/www.domkraftpro.com\/index.php\/wp-json\/wp\/v2\/product_brand?post=43937"},{"taxonomy":"product_cat","embeddable":true,"href":"https:\/\/www.domkraftpro.com\/index.php\/wp-json\/wp\/v2\/product_cat?post=43937"},{"taxonomy":"product_tag","embeddable":true,"href":"https:\/\/www.domkraftpro.com\/index.php\/wp-json\/wp\/v2\/product_tag?post=43937"}],"curies":[{"name":"wp","href":"https:\/\/api.w.org\/{rel}","templated":true}]}}