{"id":42559,"date":"2026-04-27T04:42:16","date_gmt":"2026-04-27T04:42:16","guid":{"rendered":""},"modified":"2026-04-27T04:42:16","modified_gmt":"2026-04-27T04:42:16","slug":"znackovy-scobax-steelsafe-954-x-454-mm-42559","status":"publish","type":"product","link":"https:\/\/www.domkraftpro.com\/index.php\/produkt\/znackovy-scobax-steelsafe-954-x-454-mm-42559\/","title":{"rendered":"Zna\u010dkov\u00fd Scobax Steelsafe 954 x 454 mm"},"content":{"rendered":"<div class=\"detail-description__right\">\n<div class=\"parameters\">\n<div class=\"table\">\n<table>\n<tbody>\n<tr class=\"parameters-switch-tr\">\n<td colspan=\"2\" class=\"parameters-switch\">\n<h4>Instalace<\/h4>\n<\/td>\n<\/tr>\n<tr>\n<th>\t\t\t\t\t\t\tKotven\u00ed \t\t\t\t\t\t<\/th>\n<td>\t\t\t\t\t\t\t\t\tbeton\u00e1\u017e\t\t\t\t\t\t<\/td>\n<\/tr>\n<tr>\n<th>\t\t\t\t\t\t\tZadl\u00e1\u017ed\u011bn\u00ed \t\t\t\t\t\t<\/th>\n<td>\t\t\t\t\t\t\t\t\tne\t\t\t\t\t\t<\/td>\n<\/tr>\n<tr class=\"parameters-switch-tr\">\n<td colspan=\"2\" class=\"parameters-switch\">\n<h4>Rozm\u011bry<\/h4>\n<\/td>\n<\/tr>\n<tr>\n<th>\t\t\t\t\t\t\tV\u00fd\u0161ka \t\t\t\t\t\t<\/th>\n<td>\t\t\t\t\t\t\t\t\t40\u00a0mm\t\t\t\t\t\t<\/td>\n<\/tr>\n<tr>\n<th>\t\t\t\t\t\t\tSv\u011btlost \t\t\t\t\t\t<\/th>\n<td>\t\t\t\t\t\t\t\t\t254\u00a0\u00d7\u00a0254\u00a0\u2013 1154\u00a0\u00d7\u00a0754 mm\t\t\t\t\t\t<\/td>\n<\/tr>\n<tr>\n<th>\t\t\t\t\t\t\tVn\u011bj\u0161\u00ed rozm\u011br \t\t\t\t\t\t<\/th>\n<td>\t\t\t\t\t\t\t\t\t300\u00a0\u00d7\u00a0300\u00a0\u2013 1200\u00a0\u00d7\u00a0800 mm\t\t\t\t\t\t<\/td>\n<\/tr>\n<tr>\n<th>\t\t\t\t\t\t\tHmotnost \t\t\t\t\t\t<\/th>\n<td>\t\t\t\t\t\t\t\t\t8\u00a0\u2013 43\u00a0kg\t\t\t\t\t\t<\/td>\n<\/tr>\n<tr class=\"parameters-switch-tr\">\n<td colspan=\"2\" class=\"parameters-switch\">\n<h4>V\u00edko<\/h4>\n<\/td>\n<\/tr>\n<tr>\n<th>\t\t\t\t\t\t\tMateri\u00e1l v\u00edka \t\t\t\t\t\t<\/th>\n<td>\t\t\t\t\t\t\t\t\tocel\t\t\t\t\t\t<\/td>\n<\/tr>\n<tr>\n<th>\t\t\t\t\t\t\tBarva \t\t\t\t\t\t<\/th>\n<td>\t\t\t\t\t\t\t\t\t\u010dern\u00e1\t\t\t\t\t\t<\/td>\n<\/tr>\n<tr>\n<th>\t\t\t\t\t\t\tTvar \t\t\t\t\t\t<\/th>\n<td>\t\t\t\t\t\t\t\t\thranat\u00fd\t\t\t\t\t\t<\/td>\n<\/tr>\n<tr>\n<th>\t\t\t\t\t\t\tAntikorozn\u00ed ochrana \t\t\t\t\t\t<\/th>\n<td>\t\t\t\t\t\t\t\t\tne\t\t\t\t\t\t<\/td>\n<\/tr>\n<tr>\n<th>\t\t\t\t\t\t\tPovrchov\u00e1 \u00faprava \t\t\t\t\t\t<\/th>\n<td>\t\t\t\t\t\t\t\t\tz\u00e1kladn\u00ed barva\t\t\t\t\t\t<\/td>\n<\/tr>\n<tr>\n<th>\t\t\t\t\t\t\tOdv\u011btr\u00e1n\u00ed \t\t\t\t\t\t<\/th>\n<td>\t\t\t\t\t\t\t\t\tano\t\t\t\t\t\t<\/td>\n<\/tr>\n<tr>\n<th>\t\t\t\t\t\t\tOtev\u00edr\u00e1n\u00ed \t\t\t\t\t\t<\/th>\n<td>\t\t\t\t\t\t\t\t\tmadlo\t\t\t\t\t\t<\/td>\n<\/tr>\n<tr class=\"parameters-switch-tr\">\n<td colspan=\"2\" class=\"parameters-switch\">\n<h4>R\u00e1m<\/h4>\n<\/td>\n<\/tr>\n<tr>\n<th>\t\t\t\t\t\t\tMateri\u00e1l r\u00e1mu \t\t\t\t\t\t<\/th>\n<td>\t\t\t\t\t\t\t\t\tocel\t\t\t\t\t\t<\/td>\n<\/tr>\n<tr>\n<th>\t\t\t\t\t\t\tBarva \t\t\t\t\t\t<\/th>\n<td>\t\t\t\t\t\t\t\t\t\u010dern\u00e1\t\t\t\t\t\t<\/td>\n<\/tr>\n<tr>\n<th>\t\t\t\t\t\t\tTvar \t\t\t\t\t\t<\/th>\n<td>\t\t\t\t\t\t\t\t\thranat\u00fd\t\t\t\t\t\t<\/td>\n<\/tr>\n<tr>\n<th>\t\t\t\t\t\t\tSv\u011btlost \t\t\t\t\t\t<\/th>\n<td>\t\t\t\t\t\t\t\t\thranat\u00e1\t\t\t\t\t\t<\/td>\n<\/tr>\n<tr>\n<th>\t\t\t\t\t\t\tL\u00edmec \t\t\t\t\t\t<\/th>\n<td>\t\t\t\t\t\t\t\t\tne\t\t\t\t\t\t<\/td>\n<\/tr>\n<tr>\n<th>\t\t\t\t\t\t\tAntikorozn\u00ed ochrana \t\t\t\t\t\t<\/th>\n<td>\t\t\t\t\t\t\t\t\tne\t\t\t\t\t\t<\/td>\n<\/tr>\n<tr class=\"parameters-switch-tr\">\n<td colspan=\"2\" class=\"parameters-switch\">\n<h4>Zat\u00ed\u017een\u00ed<\/h4>\n<\/td>\n<\/tr>\n<tr>\n<th>\t\t\t\t\t\t\tT\u0159\u00edda zat\u00ed\u017een\u00ed \t\t\t\t\t\t<\/th>\n<td>\t\t\t\t\t\t\t\t\t\u2013\t\t\t\t\t\t<\/td>\n<\/tr>\n<tr>\n<th>\t\t\t\t\t\t\tNosnost \t\t\t\t\t\t<\/th>\n<td>\t\t\t\t\t\t\t\t\t0,15\u00a0\u2013 0,84\u00a0t\t\t\t\t\t\t<\/td>\n<\/tr>\n<tr>\n<th>\t\t\t\t\t\t\tUr\u010den\u00ed \t\t\t\t\t\t<\/th>\n<td>\t\t\t\t\t\t\t\t\t\u0161achty\t\t\t\t\t\t<\/td>\n<\/tr>\n<tr class=\"parameters-switch-tr\">\n<td colspan=\"2\" class=\"parameters-switch\">\n<h4>Proveden\u00ed<\/h4>\n<\/td>\n<\/tr>\n<tr>\n<th>\t\t\t\t\t\t\tProtipo\u017e\u00e1rn\u00ed certifik\u00e1t \t\t\t\t\t\t<\/th>\n<td>\t\t\t\t\t\t\t\t\tne\t\t\t\t\t\t<\/td>\n<\/tr>\n<tr>\n<th>\t\t\t\t\t\t\tAtypick\u00e9 rozm\u011bry \t\t\t\t\t\t<\/th>\n<td>\t\t\t\t\t\t\t\t\tne\t\t\t\t\t\t<\/td>\n<\/tr>\n<tr>\n<th>\t\t\t\t\t\t\tProtipo\u017e\u00e1rn\u00ed \t\t\t\t\t\t<\/th>\n<td>\t\t\t\t\t\t\t\t\tne\t\t\t\t\t\t<\/td>\n<\/tr>\n<tr class=\"parameters-switch-tr\">\n<td colspan=\"2\" class=\"parameters-switch\">\n<h4>V\u00fdbava<\/h4>\n<\/td>\n<\/tr>\n<tr>\n<th>\t\t\t\t\t\t\tZ\u00e1mek \t\t\t\t\t\t<\/th>\n<td>\t\t\t\t\t\t\t\t\tne\t\t\t\t\t\t<\/td>\n<\/tr>\n<tr class=\"parameters-switch-tr\">\n<td colspan=\"2\" class=\"parameters-switch\">\n<h4>Parametry<\/h4>\n<\/td>\n<\/tr>\n<tr>\n<th>P\u016fvod<\/th>\n<td>Vyrobeno v \u010cR<\/td>\n<\/tr>\n<tr>\n<th>Z\u00e1ruka<\/th>\n<td>2 roky<\/td>\n<\/tr>\n<tr>\n<th>Zna\u010dka<\/th>\n<td>Scobax<\/td>\n<\/tr>\n<tr class=\"parameters-switch-tr-last\">\n<th colspan=\"2\"><\/th>\n<\/tr>\n<\/tbody>\n<thead>\n<tr>\n<th colspan=\"2\">Parametry produktu:<\/th>\n<\/tr>\n<\/thead>\n<\/table><\/div>\n<\/div><\/div>\n<div class=\"detail-description__top\">\n<div class=\"rating-promo\">\n<div class=\"raty raty--big\" data-score=\"5\" data-read-only=\"true\" title=\"5\"><\/div>\n<div class=\"rating-promo__number\">\t\t\t<strong>2<\/strong><small>recenze<\/small>\t\t<\/div>\n<div class=\"rating-promo__number\">\t\t\t<strong>2<\/strong><small>z\u00e1kazn\u00edci doporu\u010duj\u00ed<\/small>\t\t<\/div>\n<p>\t\tV\u0161echny recenze\t<\/p><\/div>\n<\/p><\/div>\n<div class=\"detail-description__left\">\n<div class=\"detail-description__left__overflow\">\n<div class=\"detail-description__left__head\">\t\t\t\t\t\tPopis:\t\t\t\t\t<\/div>\n<div class=\"ul-style ul-style--check\">\n<p>Poklop se skl\u00e1d\u00e1 z pochoz\u00edho v\u00edka vyroben\u00e9ho ze slzi\u010dkov\u00e9ho,\u00a0<strong>protiskluzov\u00e9ho plechu\u00a0o tlou\u0161\u0165ce 4 mm<\/strong>\u00a0a\u00a0z obvodov\u00e9ho r\u00e1mu, kter\u00fd je ur\u010den\u00fd pro stavebn\u00ed zabudov\u00e1n\u00ed do podlahy.\u00a0Sou\u010d\u00e1st\u00ed ka\u017ed\u00e9ho poklopu je\u00a0<strong>zapu\u0161t\u011bn\u00e9 madlo s volitelnou mo\u017enost\u00ed odv\u011btr\u00e1v\u00e1n\u00ed.<\/strong>\u00a0Poklopy jsou zaji\u0161t\u011bn\u00e9 proti nedovolen\u00e9mu otev\u0159en\u00ed\u00a0<strong>\u0161roubov\u00fdmi uz\u00e1v\u011bry TORX.<\/strong><\/p>\n<ul class=\"plusminus\">\n<li><i class=\"fas fa-check\"><\/i><span>Protiskluzov\u00fd plech<\/span><\/li>\n<li><i class=\"fas fa-check\"><\/i><span>Areta\u010dn\u00ed v\u00edko<\/span><\/li>\n<\/ul>\n<p>Mont\u00e1\u017e poklopu je jednouch\u00e1,\u00a0je vhodn\u00fd i pro n\u00e1ro\u010dn\u011bj\u0161\u00ed provoz a nevy\u017eaduje \u00fadr\u017ebu.\u00a0R\u00e1m poklopu je p\u0159izp\u016fsoben pro\u00a0<strong>zabetonov\u00e1n\u00ed z profilu\u00a0L<\/strong><strong>\u00a040 x 40 x 3 mm<\/strong><strong>.<\/strong>\u00a0Mont\u00e1\u017e obvodov\u00e9ho r\u00e1mu se prov\u00e1d\u00ed zapu\u0161t\u011bn\u00edm do betonu, p\u0159ilepen\u00edm, p\u0159\u00edpadn\u011b p\u0159ipevn\u011bn\u00edm pomoc\u00ed kotev (nutno p\u0159edvrtat).<\/p>\n<\/div>\n<div class=\"detail-description__left__more\">\t\t\t\t\t\t<span> <\/span><span> <\/span>\t\t\t\t\t<\/div>\n<\/p><\/div>\n<div class=\"extra-note\">\n<p>Z\u00e1kladn\u00ed n\u00e1t\u011br je\u00a0povrchov\u00e1 \u00faprava s omezenou \u017eivotnost\u00ed. Doporu\u010dujeme nan\u00e9st dal\u0161\u00ed n\u00e1t\u011br syntetickou, vodou\u0159editelnou nebo akryl\u00e1tovou barvou.<\/p>\n<\/p><\/div>\n<\/p><\/div>\n<div class=\"detail-description__more\"><span> <\/span><span> <\/span><\/div>\n<\/p><\/div>\n<\/p><\/div>\n<div class=\"tab tab-detail-7\">\n<div class=\"table-size-classic  table-size--selectable\">\n<table>\n<thead>\n<tr>\n<th data-product-code=\"[&quot;K\u00f3d&quot;]\"><span class=\"selected\">Vybr\u00e1no<\/span><span><\/span><\/th>\n<th data-product-code=\"[&quot;POB262&quot;]\"><span class=\"selected\">Vybr\u00e1no<\/span><span>254 x 254<\/span><\/th>\n<th data-product-code=\"[&quot;POB22&quot;]\"><span class=\"selected\">Vybr\u00e1no<\/span><span>354 x 354<\/span><\/th>\n<th data-product-code=\"[&quot;POB20&quot;]\"><span class=\"selected\">Vybr\u00e1no<\/span><span>454 x 354<\/span><\/th>\n<th data-product-code=\"[&quot;POB7&quot;]\"><span class=\"selected\">Vybr\u00e1no<\/span><span>454 x 454<\/span><\/th>\n<th data-product-code=\"[&quot;POB29&quot;]\"><span class=\"selected\">Vybr\u00e1no<\/span><span>554 x 354<\/span><\/th>\n<th data-product-code=\"[&quot;POB17&quot;]\"><span class=\"selected\">Vybr\u00e1no<\/span><span>554 x 454<\/span><\/th>\n<th data-product-code=\"[&quot;POB1&quot;]\"><span class=\"selected\">Vybr\u00e1no<\/span><span>554 x 554<\/span><\/th>\n<th data-product-code=\"[&quot;POB30&quot;]\"><span class=\"selected\">Vybr\u00e1no<\/span><span>654 x 454<\/span><\/th>\n<th data-product-code=\"[&quot;POB16&quot;]\"><span class=\"selected\">Vybr\u00e1no<\/span><span>654 x 554<\/span><\/th>\n<th data-product-code=\"[&quot;POB5&quot;]\"><span class=\"selected\">Vybr\u00e1no<\/span><span>654 x 654<\/span><\/th>\n<th data-product-code=\"[&quot;POB24&quot;]\"><span class=\"selected\">Vybr\u00e1no<\/span><span>754 x 354<\/span><\/th>\n<th data-product-code=\"[&quot;POB15&quot;]\"><span class=\"selected\">Vybr\u00e1no<\/span><span>754 x 454<\/span><\/th>\n<th data-product-code=\"[&quot;POB2&quot;]\"><span class=\"selected\">Vybr\u00e1no<\/span><span>754 x 554<\/span><\/th>\n<th data-product-code=\"[&quot;POB13&quot;]\"><span class=\"selected\">Vybr\u00e1no<\/span><span>754 x 654<\/span><\/th>\n<th data-product-code=\"[&quot;POB3&quot;]\"><span class=\"selected\">Vybr\u00e1no<\/span><span>754 x 754<\/span><\/th>\n<th><\/th>\n<th data-product-code=\"[&quot;POB23&quot;]\"><span class=\"selected\">Vybr\u00e1no<\/span><span>854 x 454<\/span><\/th>\n<th data-product-code=\"[&quot;POB18&quot;]\"><span class=\"selected\">Vybr\u00e1no<\/span><span>854 x 654<\/span><\/th>\n<th data-product-code=\"[&quot;POB14&quot;]\"><span class=\"selected\">Vybr\u00e1no<\/span><span>854 x 754<\/span><\/th>\n<th data-product-code=\"[&quot;POB8&quot;]\"><span class=\"selected\">Vybr\u00e1no<\/span><span>854 x 854<\/span><\/th>\n<th data-product-code=\"[&quot;POB25&quot;]\"><span class=\"selected\">Vybr\u00e1no<\/span><span>954 x 154<\/span><\/th>\n<th data-product-code=\"[&quot;POB27&quot;]\"><span class=\"selected\">Vybr\u00e1no<\/span><span>954 x 454<\/span><\/th>\n<th data-product-code=\"[&quot;POB4&quot;]\"><span class=\"selected\">Vybr\u00e1no<\/span><span>954 x 554<\/span><\/th>\n<th data-product-code=\"[&quot;POB12&quot;]\"><span class=\"selected\">Vybr\u00e1no<\/span><span>954 x 654<\/span><\/th>\n<th data-product-code=\"[&quot;POB9&quot;]\"><span class=\"selected\">Vybr\u00e1no<\/span><span>954 x 754<\/span><\/th>\n<th data-product-code=\"[&quot;POB6&quot;]\"><span class=\"selected\">Vybr\u00e1no<\/span><span>954 x 954<\/span><\/th>\n<th data-product-code=\"[&quot;POB28&quot;]\"><span class=\"selected\">Vybr\u00e1no<\/span><span>1154 x 454<\/span><\/th>\n<th data-product-code=\"[&quot;POB10&quot;]\"><span class=\"selected\">Vybr\u00e1no<\/span><span>1154 x 554<\/span><\/th>\n<th data-product-code=\"[&quot;POB21&quot;]\"><span class=\"selected\">Vybr\u00e1no<\/span><span>1154 x 654<\/span><\/th>\n<th data-product-code=\"[&quot;POB11&quot;]\"><span class=\"selected\">Vybr\u00e1no<\/span><span>1154 x 754<\/span><\/th>\n<\/tr>\n<\/thead>\n<tbody>\n<tr class=\"space\">\n<td><\/td>\n<td><\/td>\n<td><\/td>\n<td><\/td>\n<td><\/td>\n<td><\/td>\n<td><\/td>\n<td><\/td>\n<td><\/td>\n<td><\/td>\n<td><\/td>\n<td><\/td>\n<td><\/td>\n<td><\/td>\n<td><\/td>\n<td><\/td>\n<td><\/td>\n<td><\/td>\n<td><\/td>\n<td><\/td>\n<td><\/td>\n<td><\/td>\n<td><\/td>\n<td><\/td>\n<td><\/td>\n<td><\/td>\n<td><\/td>\n<td><\/td>\n<td><\/td>\n<td><\/td>\n<td><\/td>\n<\/tr>\n<tr>\n<td><strong>Sv\u011btlost<\/strong><\/td>\n<td>254 x 254 mm<\/td>\n<td>354 x 354 mm<\/td>\n<td>454 x 354 mm<\/td>\n<td>454 x 454 mm<\/td>\n<td>554 x 354 mm<\/td>\n<td>554 x 454 mm<\/td>\n<td>554 x 554 mm<\/td>\n<td>654 x 454 mm<\/td>\n<td>654 x 554 mm<\/td>\n<td>654 x 654 mm<\/td>\n<td>754 x 354 mm<\/td>\n<td>754 x 454 mm<\/td>\n<td>754 x 554 mm<\/td>\n<td>754 x 654 mm<\/td>\n<td>754 x 754 mm<\/td>\n<td><\/td>\n<td>854 x 454 mm<\/td>\n<td>854 x 654 mm<\/td>\n<td>854 x 754 mm<\/td>\n<td>854 x 854 mm<\/td>\n<td>954 x 154 mm<\/td>\n<td>954 x 454 mm<\/td>\n<td>954 x 554 mm<\/td>\n<td>954 x 654 mm<\/td>\n<td>954 x 754 mm<\/td>\n<td>954 x 954 mm<\/td>\n<td>1154 x 454 mm<\/td>\n<td>1154 x 554 mm<\/td>\n<td>1154 x 654 mm<\/td>\n<td>1154 x 754 mm<\/td>\n<\/tr>\n<tr>\n<td><strong>Vn\u011bj\u0161\u00ed rozm\u011br<\/strong><\/td>\n<td>300 x 300 mm<\/td>\n<td>400 x 400 mm<\/td>\n<td>500 x 400 mm<\/td>\n<td>500 x 500 mm<\/td>\n<td>600 x 400 mm<\/td>\n<td>600 x 500 mm<\/td>\n<td>600 x 600 mm<\/td>\n<td>700 x 500 mm<\/td>\n<td>700 x 600 mm<\/td>\n<td>700 x 700 mm<\/td>\n<td>800 x 400 mm<\/td>\n<td>800 x 500 mm<\/td>\n<td>800 x 600 mm<\/td>\n<td>800 x 700 mm<\/td>\n<td>800 x 800 mm<\/td>\n<td><\/td>\n<td>900 x 500 mm<\/td>\n<td>900 x 700 mm<\/td>\n<td>900 x 800 mm<\/td>\n<td>900 x 900 mm<\/td>\n<td>1000 x 200 mm<\/td>\n<td>1000 x 500 mm<\/td>\n<td>1000 x 600 mm<\/td>\n<td>1000 x 700 mm<\/td>\n<td>1000 x 800 mm<\/td>\n<td>1000 x 1000 mm<\/td>\n<td>1200 x 500 mm<\/td>\n<td>1200 x 600 mm<\/td>\n<td>1200 x 700 mm<\/td>\n<td>1200 x 800 mm<\/td>\n<\/tr>\n<tr>\n<td><strong>Hmotnost<\/strong><\/td>\n<td>8 kg<\/td>\n<td>12 kg<\/td>\n<td>14 kg<\/td>\n<td>16 kg<\/td>\n<td>15 kg<\/td>\n<td>19 kg<\/td>\n<td>21 kg<\/td>\n<td>21 kg<\/td>\n<td>24 kg<\/td>\n<td>28 kg<\/td>\n<td>21 kg<\/td>\n<td>21 kg<\/td>\n<td>27 kg<\/td>\n<td>30 kg<\/td>\n<td>39 kg<\/td>\n<td><\/td>\n<td>25 kg<\/td>\n<td>32 kg<\/td>\n<td>35 kg<\/td>\n<td>40 kg<\/td>\n<td>16 kg<\/td>\n<td>27 kg<\/td>\n<td>33 kg<\/td>\n<td>37 kg<\/td>\n<td>39 kg<\/td>\n<td>49 kg<\/td>\n<td>29 kg<\/td>\n<td>34 kg<\/td>\n<td>38 kg<\/td>\n<td>43 kg<\/td>\n<\/tr>\n<tr>\n<td><strong>Nosnost<\/strong><\/td>\n<td>0,34 t<\/td>\n<td>0,34 t<\/td>\n<td>0,34 t<\/td>\n<td>0,30 t<\/td>\n<td>0,28 t<\/td>\n<td>0,27 t<\/td>\n<td>0,26 t<\/td>\n<td>0,23 t<\/td>\n<td>0,22 t<\/td>\n<td>0,22t<\/td>\n<td>0,30 t<\/td>\n<td>0,28 t<\/td>\n<td>0,22 t<\/td>\n<td>0,22 t<\/td>\n<td>0,19 t<\/td>\n<td><\/td>\n<td>0,29 t<\/td>\n<td>0,17 t<\/td>\n<td>0,17 t<\/td>\n<td>0,17 t<\/td>\n<td>0,84 t<\/td>\n<td>0,27 t<\/td>\n<td>0,27 t<\/td>\n<td>0,21 t<\/td>\n<td>0,17 t<\/td>\n<td>0,15 t<\/td>\n<td>0,27 t<\/td>\n<td>0,27 t<\/td>\n<td>0,21 t<\/td>\n<td>0,17 t<\/td>\n<\/tr>\n<\/tbody>\n<\/table>\n<\/div><\/div>\n","protected":false},"excerpt":{"rendered":"<p>Instalace Kotven\u00ed beton\u00e1\u017e Zadl\u00e1\u017ed\u011bn\u00ed ne Rozm\u011bry V\u00fd\u0161ka 40\u00a0mm Sv\u011btlost 254\u00a0\u00d7\u00a0254\u00a0\u2013 1154\u00a0\u00d7\u00a0754 mm Vn\u011bj\u0161\u00ed rozm\u011br 300\u00a0\u00d7\u00a0300\u00a0\u2013 1200\u00a0\u00d7\u00a0800 mm Hmotnost 8\u00a0\u2013 43\u00a0kg V\u00edko Materi\u00e1l v\u00edka ocel Barva \u010dern\u00e1 Tvar hranat\u00fd Antikorozn\u00ed ochrana ne Povrchov\u00e1 \u00faprava z\u00e1kladn\u00ed barva Odv\u011btr\u00e1n\u00ed ano Otev\u00edr\u00e1n\u00ed madlo R\u00e1m Materi\u00e1l r\u00e1mu ocel Barva \u010dern\u00e1 Tvar hranat\u00fd Sv\u011btlost hranat\u00e1 L\u00edmec ne Antikorozn\u00ed ochrana ne Zat\u00ed\u017een\u00ed [&hellip;]<\/p>\n","protected":false},"featured_media":42659,"comment_status":"open","ping_status":"open","template":"","meta":[],"product_brand":[],"product_cat":[46],"product_tag":[],"class_list":{"0":"post-42559","1":"product","2":"type-product","3":"status-publish","4":"has-post-thumbnail","6":"product_cat-odvodneni","8":"first","9":"instock","10":"sale","11":"shipping-taxable","12":"purchasable","13":"product-type-simple"},"yoast_head":"<!-- This site is optimized with the Yoast SEO plugin v26.8 - https:\/\/yoast.com\/product\/yoast-seo-wordpress\/ -->\n<title>Zna\u010dkov\u00fd Scobax Steelsafe 954 x 454 mm -<\/title>\n<meta name=\"robots\" content=\"index, follow, max-snippet:-1, max-image-preview:large, max-video-preview:-1\" \/>\n<link rel=\"canonical\" href=\"https:\/\/www.domkraftpro.com\/index.php\/produkt\/znackovy-scobax-steelsafe-954-x-454-mm-42559\/\" \/>\n<meta property=\"og:locale\" content=\"cs_CZ\" \/>\n<meta property=\"og:type\" content=\"article\" \/>\n<meta property=\"og:title\" content=\"Zna\u010dkov\u00fd Scobax Steelsafe 954 x 454 mm -\" \/>\n<meta property=\"og:description\" content=\"Instalace Kotven\u00ed beton\u00e1\u017e Zadl\u00e1\u017ed\u011bn\u00ed ne Rozm\u011bry V\u00fd\u0161ka 40\u00a0mm Sv\u011btlost 254\u00a0\u00d7\u00a0254\u00a0\u2013 1154\u00a0\u00d7\u00a0754 mm Vn\u011bj\u0161\u00ed rozm\u011br 300\u00a0\u00d7\u00a0300\u00a0\u2013 1200\u00a0\u00d7\u00a0800 mm Hmotnost 8\u00a0\u2013 43\u00a0kg V\u00edko Materi\u00e1l v\u00edka ocel Barva \u010dern\u00e1 Tvar hranat\u00fd Antikorozn\u00ed ochrana ne Povrchov\u00e1 \u00faprava z\u00e1kladn\u00ed barva Odv\u011btr\u00e1n\u00ed ano Otev\u00edr\u00e1n\u00ed madlo R\u00e1m Materi\u00e1l r\u00e1mu ocel Barva \u010dern\u00e1 Tvar hranat\u00fd Sv\u011btlost hranat\u00e1 L\u00edmec ne Antikorozn\u00ed ochrana ne Zat\u00ed\u017een\u00ed [&hellip;]\" \/>\n<meta property=\"og:url\" content=\"https:\/\/www.domkraftpro.com\/index.php\/produkt\/znackovy-scobax-steelsafe-954-x-454-mm-42559\/\" \/>\n<meta property=\"og:image\" content=\"https:\/\/www.domkraftpro.com\/wp-content\/uploads\/2026\/SK0010879-CZ20260425-091936-0-1777079982-poklop-scobax-steelsafe-954-x-454-mm-w1200-h628-f8-35cfc322.webp\" \/>\n\t<meta property=\"og:image:width\" content=\"1000\" \/>\n\t<meta property=\"og:image:height\" content=\"523\" \/>\n\t<meta property=\"og:image:type\" content=\"image\/webp\" \/>\n<meta name=\"twitter:card\" content=\"summary_large_image\" \/>\n<meta name=\"twitter:label1\" content=\"Odhadovan\u00e1 doba \u010dten\u00ed\" \/>\n\t<meta name=\"twitter:data1\" content=\"3 minuty\" \/>\n<script type=\"application\/ld+json\" class=\"yoast-schema-graph\">{\"@context\":\"https:\/\/schema.org\",\"@graph\":[{\"@type\":\"WebPage\",\"@id\":\"https:\/\/www.domkraftpro.com\/index.php\/produkt\/znackovy-scobax-steelsafe-954-x-454-mm-42559\/\",\"url\":\"https:\/\/www.domkraftpro.com\/index.php\/produkt\/znackovy-scobax-steelsafe-954-x-454-mm-42559\/\",\"name\":\"Zna\u010dkov\u00fd Scobax Steelsafe 954 x 454 mm -\",\"isPartOf\":{\"@id\":\"https:\/\/www.domkraftpro.com\/#website\"},\"primaryImageOfPage\":{\"@id\":\"https:\/\/www.domkraftpro.com\/index.php\/produkt\/znackovy-scobax-steelsafe-954-x-454-mm-42559\/#primaryimage\"},\"image\":{\"@id\":\"https:\/\/www.domkraftpro.com\/index.php\/produkt\/znackovy-scobax-steelsafe-954-x-454-mm-42559\/#primaryimage\"},\"thumbnailUrl\":\"https:\/\/www.domkraftpro.com\/wp-content\/uploads\/2026\/SK0010879-CZ20260425-091936-0-1777079982-poklop-scobax-steelsafe-954-x-454-mm-w1200-h628-f8-35cfc322.webp\",\"datePublished\":\"2026-04-27T04:42:16+00:00\",\"breadcrumb\":{\"@id\":\"https:\/\/www.domkraftpro.com\/index.php\/produkt\/znackovy-scobax-steelsafe-954-x-454-mm-42559\/#breadcrumb\"},\"inLanguage\":\"cs\",\"potentialAction\":[{\"@type\":\"ReadAction\",\"target\":[\"https:\/\/www.domkraftpro.com\/index.php\/produkt\/znackovy-scobax-steelsafe-954-x-454-mm-42559\/\"]}]},{\"@type\":\"ImageObject\",\"inLanguage\":\"cs\",\"@id\":\"https:\/\/www.domkraftpro.com\/index.php\/produkt\/znackovy-scobax-steelsafe-954-x-454-mm-42559\/#primaryimage\",\"url\":\"https:\/\/www.domkraftpro.com\/wp-content\/uploads\/2026\/SK0010879-CZ20260425-091936-0-1777079982-poklop-scobax-steelsafe-954-x-454-mm-w1200-h628-f8-35cfc322.webp\",\"contentUrl\":\"https:\/\/www.domkraftpro.com\/wp-content\/uploads\/2026\/SK0010879-CZ20260425-091936-0-1777079982-poklop-scobax-steelsafe-954-x-454-mm-w1200-h628-f8-35cfc322.webp\",\"width\":1000,\"height\":523},{\"@type\":\"BreadcrumbList\",\"@id\":\"https:\/\/www.domkraftpro.com\/index.php\/produkt\/znackovy-scobax-steelsafe-954-x-454-mm-42559\/#breadcrumb\",\"itemListElement\":[{\"@type\":\"ListItem\",\"position\":1,\"name\":\"Home\",\"item\":\"https:\/\/www.domkraftpro.com\/\"},{\"@type\":\"ListItem\",\"position\":2,\"name\":\"Products\",\"item\":\"https:\/\/www.domkraftpro.com\/index.php\/products\/\"},{\"@type\":\"ListItem\",\"position\":3,\"name\":\"Zna\u010dkov\u00fd Scobax Steelsafe 954 x 454 mm\"}]},{\"@type\":\"WebSite\",\"@id\":\"https:\/\/www.domkraftpro.com\/#website\",\"url\":\"https:\/\/www.domkraftpro.com\/\",\"name\":\"\",\"description\":\"\",\"potentialAction\":[{\"@type\":\"SearchAction\",\"target\":{\"@type\":\"EntryPoint\",\"urlTemplate\":\"https:\/\/www.domkraftpro.com\/?s={search_term_string}\"},\"query-input\":{\"@type\":\"PropertyValueSpecification\",\"valueRequired\":true,\"valueName\":\"search_term_string\"}}],\"inLanguage\":\"cs\"}]}<\/script>\n<!-- \/ Yoast SEO plugin. -->","yoast_head_json":{"title":"Zna\u010dkov\u00fd Scobax Steelsafe 954 x 454 mm -","robots":{"index":"index","follow":"follow","max-snippet":"max-snippet:-1","max-image-preview":"max-image-preview:large","max-video-preview":"max-video-preview:-1"},"canonical":"https:\/\/www.domkraftpro.com\/index.php\/produkt\/znackovy-scobax-steelsafe-954-x-454-mm-42559\/","og_locale":"cs_CZ","og_type":"article","og_title":"Zna\u010dkov\u00fd Scobax Steelsafe 954 x 454 mm -","og_description":"Instalace Kotven\u00ed beton\u00e1\u017e Zadl\u00e1\u017ed\u011bn\u00ed ne Rozm\u011bry V\u00fd\u0161ka 40\u00a0mm Sv\u011btlost 254\u00a0\u00d7\u00a0254\u00a0\u2013 1154\u00a0\u00d7\u00a0754 mm Vn\u011bj\u0161\u00ed rozm\u011br 300\u00a0\u00d7\u00a0300\u00a0\u2013 1200\u00a0\u00d7\u00a0800 mm Hmotnost 8\u00a0\u2013 43\u00a0kg V\u00edko Materi\u00e1l v\u00edka ocel Barva \u010dern\u00e1 Tvar hranat\u00fd Antikorozn\u00ed ochrana ne Povrchov\u00e1 \u00faprava z\u00e1kladn\u00ed barva Odv\u011btr\u00e1n\u00ed ano Otev\u00edr\u00e1n\u00ed madlo R\u00e1m Materi\u00e1l r\u00e1mu ocel Barva \u010dern\u00e1 Tvar hranat\u00fd Sv\u011btlost hranat\u00e1 L\u00edmec ne Antikorozn\u00ed ochrana ne Zat\u00ed\u017een\u00ed [&hellip;]","og_url":"https:\/\/www.domkraftpro.com\/index.php\/produkt\/znackovy-scobax-steelsafe-954-x-454-mm-42559\/","og_image":[{"width":1000,"height":523,"url":"https:\/\/www.domkraftpro.com\/wp-content\/uploads\/2026\/SK0010879-CZ20260425-091936-0-1777079982-poklop-scobax-steelsafe-954-x-454-mm-w1200-h628-f8-35cfc322.webp","type":"image\/webp"}],"twitter_card":"summary_large_image","twitter_misc":{"Odhadovan\u00e1 doba \u010dten\u00ed":"3 minuty"},"schema":{"@context":"https:\/\/schema.org","@graph":[{"@type":"WebPage","@id":"https:\/\/www.domkraftpro.com\/index.php\/produkt\/znackovy-scobax-steelsafe-954-x-454-mm-42559\/","url":"https:\/\/www.domkraftpro.com\/index.php\/produkt\/znackovy-scobax-steelsafe-954-x-454-mm-42559\/","name":"Zna\u010dkov\u00fd Scobax Steelsafe 954 x 454 mm -","isPartOf":{"@id":"https:\/\/www.domkraftpro.com\/#website"},"primaryImageOfPage":{"@id":"https:\/\/www.domkraftpro.com\/index.php\/produkt\/znackovy-scobax-steelsafe-954-x-454-mm-42559\/#primaryimage"},"image":{"@id":"https:\/\/www.domkraftpro.com\/index.php\/produkt\/znackovy-scobax-steelsafe-954-x-454-mm-42559\/#primaryimage"},"thumbnailUrl":"https:\/\/www.domkraftpro.com\/wp-content\/uploads\/2026\/SK0010879-CZ20260425-091936-0-1777079982-poklop-scobax-steelsafe-954-x-454-mm-w1200-h628-f8-35cfc322.webp","datePublished":"2026-04-27T04:42:16+00:00","breadcrumb":{"@id":"https:\/\/www.domkraftpro.com\/index.php\/produkt\/znackovy-scobax-steelsafe-954-x-454-mm-42559\/#breadcrumb"},"inLanguage":"cs","potentialAction":[{"@type":"ReadAction","target":["https:\/\/www.domkraftpro.com\/index.php\/produkt\/znackovy-scobax-steelsafe-954-x-454-mm-42559\/"]}]},{"@type":"ImageObject","inLanguage":"cs","@id":"https:\/\/www.domkraftpro.com\/index.php\/produkt\/znackovy-scobax-steelsafe-954-x-454-mm-42559\/#primaryimage","url":"https:\/\/www.domkraftpro.com\/wp-content\/uploads\/2026\/SK0010879-CZ20260425-091936-0-1777079982-poklop-scobax-steelsafe-954-x-454-mm-w1200-h628-f8-35cfc322.webp","contentUrl":"https:\/\/www.domkraftpro.com\/wp-content\/uploads\/2026\/SK0010879-CZ20260425-091936-0-1777079982-poklop-scobax-steelsafe-954-x-454-mm-w1200-h628-f8-35cfc322.webp","width":1000,"height":523},{"@type":"BreadcrumbList","@id":"https:\/\/www.domkraftpro.com\/index.php\/produkt\/znackovy-scobax-steelsafe-954-x-454-mm-42559\/#breadcrumb","itemListElement":[{"@type":"ListItem","position":1,"name":"Home","item":"https:\/\/www.domkraftpro.com\/"},{"@type":"ListItem","position":2,"name":"Products","item":"https:\/\/www.domkraftpro.com\/index.php\/products\/"},{"@type":"ListItem","position":3,"name":"Zna\u010dkov\u00fd Scobax Steelsafe 954 x 454 mm"}]},{"@type":"WebSite","@id":"https:\/\/www.domkraftpro.com\/#website","url":"https:\/\/www.domkraftpro.com\/","name":"","description":"","potentialAction":[{"@type":"SearchAction","target":{"@type":"EntryPoint","urlTemplate":"https:\/\/www.domkraftpro.com\/?s={search_term_string}"},"query-input":{"@type":"PropertyValueSpecification","valueRequired":true,"valueName":"search_term_string"}}],"inLanguage":"cs"}]}},"_links":{"self":[{"href":"https:\/\/www.domkraftpro.com\/index.php\/wp-json\/wp\/v2\/product\/42559","targetHints":{"allow":["GET"]}}],"collection":[{"href":"https:\/\/www.domkraftpro.com\/index.php\/wp-json\/wp\/v2\/product"}],"about":[{"href":"https:\/\/www.domkraftpro.com\/index.php\/wp-json\/wp\/v2\/types\/product"}],"replies":[{"embeddable":true,"href":"https:\/\/www.domkraftpro.com\/index.php\/wp-json\/wp\/v2\/comments?post=42559"}],"wp:featuredmedia":[{"embeddable":true,"href":"https:\/\/www.domkraftpro.com\/index.php\/wp-json\/wp\/v2\/media\/42659"}],"wp:attachment":[{"href":"https:\/\/www.domkraftpro.com\/index.php\/wp-json\/wp\/v2\/media?parent=42559"}],"wp:term":[{"taxonomy":"product_brand","embeddable":true,"href":"https:\/\/www.domkraftpro.com\/index.php\/wp-json\/wp\/v2\/product_brand?post=42559"},{"taxonomy":"product_cat","embeddable":true,"href":"https:\/\/www.domkraftpro.com\/index.php\/wp-json\/wp\/v2\/product_cat?post=42559"},{"taxonomy":"product_tag","embeddable":true,"href":"https:\/\/www.domkraftpro.com\/index.php\/wp-json\/wp\/v2\/product_tag?post=42559"}],"curies":[{"name":"wp","href":"https:\/\/api.w.org\/{rel}","templated":true}]}}