{"id":42385,"date":"2026-04-27T04:42:16","date_gmt":"2026-04-27T04:42:16","guid":{"rendered":""},"modified":"2026-04-27T04:42:16","modified_gmt":"2026-04-27T04:42:16","slug":"znackovy-makrolon-7w-bf-16-mm-6000-mm-x-2100-mm-bronz-42385","status":"publish","type":"product","link":"https:\/\/www.domkraftpro.com\/index.php\/produkt\/znackovy-makrolon-7w-bf-16-mm-6000-mm-x-2100-mm-bronz-42385\/","title":{"rendered":"Zna\u010dkov\u00fd Makrolon 7W BF 16 mm 6000 mm x 2100 mm bronz"},"content":{"rendered":"<div class=\"detail-description__right\">\n<div class=\"parameters\">\n<div class=\"table\">\n<table>\n<tbody>\n<tr class=\"parameters-switch-tr\">\n<td colspan=\"2\" class=\"parameters-switch\">\n<h4>Materi\u00e1l<\/h4>\n<\/td>\n<\/tr>\n<tr>\n<th>\t\t\t\t\t\t\tMateri\u00e1l \t\t\t\t\t\t<\/th>\n<td>\t\t\t\t\t\t\t\t\tpolykarbon\u00e1t\t\t\t\t\t\t<\/td>\n<\/tr>\n<tr>\n<th>\t\t\t\t\t\t\tZna\u010dka \t\t\t\t\t\t<\/th>\n<td>\t\t\t\t\t\t\t\t\tCovestro\t\t\t\t\t\t<\/td>\n<\/tr>\n<tr>\n<th>\t\t\t\t\t\t\t\u0158ada \t\t\t\t\t\t<\/th>\n<td>\t\t\t\t\t\t\t\t\tMakrolon\t\t\t\t\t\t<\/td>\n<\/tr>\n<tr>\n<th>\t\t\t\t\t\t\tVyrobeno \t\t\t\t\t\t<\/th>\n<td>\t\t\t\t\t\t\t\t\tN\u011bmecko\t\t\t\t\t\t<\/td>\n<\/tr>\n<tr>\n<th>\t\t\t\t\t\t\tUV povrchov\u00fd filtr \t\t\t\t\t\t<\/th>\n<td>\t\t\t\t\t\t\t\t\t1\u00a0x\t\t\t\t\t\t<\/td>\n<\/tr>\n<tr>\n<th>\t\t\t\t\t\t\tBarva \t\t\t\t\t\t<\/th>\n<td>\t\t\t\t\t\t\t\t\t\u010dir\u00e1, bronz, op\u00e1l\t\t\t\t\t\t<\/td>\n<\/tr>\n<tr>\n<th>\t\t\t\t\t\t\tSZ\u00da zdravotn\u00ed certifikace \t\t\t\t\t\t<\/th>\n<td>\t\t\t\t\t\t\t\t\t\u2013\t\t\t\t\t\t<\/td>\n<\/tr>\n<tr>\n<th>\t\t\t\t\t\t\tTeplotn\u00ed odolnost \t\t\t\t\t\t<\/th>\n<td>\t\t\t\t\t\t\t\t\t\u201340\u00b0C a\u017e + 120\u00b0C\t\t\t\t\t\t<\/td>\n<\/tr>\n<tr>\n<th>\t\t\t\t\t\t\tPo\u017e\u00e1rn\u00ed klasifikace \t\t\t\t\t\t<\/th>\n<td>\t\t\t\t\t\t\t\t\tB, s1, d0\t\t\t\t\t\t<\/td>\n<\/tr>\n<tr>\n<th>\t\t\t\t\t\t\tUV stabiln\u00ed materi\u00e1l \t\t\t\t\t\t<\/th>\n<td>\t\t\t\t\t\t\t\t\tne\t\t\t\t\t\t<\/td>\n<\/tr>\n<tr class=\"parameters-switch-tr\">\n<td colspan=\"2\" class=\"parameters-switch\">\n<h4>Deska<\/h4>\n<\/td>\n<\/tr>\n<tr>\n<th>\t\t\t\t\t\t\tPlo\u0161n\u00e1 hmotnost \t\t\t\t\t\t<\/th>\n<td>\t\t\t\t\t\t\t\t\t2450\u00a0g\/m\u00b2\t\t\t\t\t\t<\/td>\n<\/tr>\n<tr>\n<th>\t\t\t\t\t\t\tZ\u00e1ruka \t\t\t\t\t\t<\/th>\n<td>\t\t\t\t\t\t\t\t\t10\u00a0let\t\t\t\t\t\t<\/td>\n<\/tr>\n<tr>\n<th>\t\t\t\t\t\t\tTvar \t\t\t\t\t\t<\/th>\n<td>\t\t\t\t\t\t\t\t\tdut\u00fd\t\t\t\t\t\t<\/td>\n<\/tr>\n<tr>\n<th>\t\t\t\t\t\t\tKlenba \t\t\t\t\t\t<\/th>\n<td>\t\t\t\t\t\t\t\t\t\u0161estikomorov\u00e1\t\t\t\t\t\t<\/td>\n<\/tr>\n<tr>\n<th>\t\t\t\t\t\t\tTlou\u0161\u0165ka \t\t\t\t\t\t<\/th>\n<td>\t\t\t\t\t\t\t\t\t16\u00a0mm\t\t\t\t\t\t<\/td>\n<\/tr>\n<tr>\n<th>\t\t\t\t\t\t\tD\u00e9lka \t\t\t\t\t\t<\/th>\n<td>\t\t\t\t\t\t\t\t\t2000\u00a0\u2013 13000\u00a0mm\t\t\t\t\t\t<\/td>\n<\/tr>\n<tr>\n<th>\t\t\t\t\t\t\t\u0160\u00ed\u0159ka \t\t\t\t\t\t<\/th>\n<td>\t\t\t\t\t\t\t\t\t1050\u00a0\u2013 2100\u00a0mm\t\t\t\t\t\t<\/td>\n<\/tr>\n<tr>\n<th>\t\t\t\t\t\t\tMin. polom\u011br ohybu \t\t\t\t\t\t<\/th>\n<td>\t\t\t\t\t\t\t\t\t2,4\u00a0m\t\t\t\t\t\t<\/td>\n<\/tr>\n<tr>\n<th>\t\t\t\t\t\t\tSou\u010dinitel prostupu tepla \t\t\t\t\t\t<\/th>\n<td>\t\t\t\t\t\t\t\t\t1,80\u00a0W\/m\u00b2K\t\t\t\t\t\t<\/td>\n<\/tr>\n<tr>\n<th>\t\t\t\t\t\t\tHustota \t\t\t\t\t\t<\/th>\n<td>\t\t\t\t\t\t\t\t\t1200\u00a0g\/m\u00b3\t\t\t\t\t\t<\/td>\n<\/tr>\n<tr class=\"parameters-switch-tr\">\n<td colspan=\"2\" class=\"parameters-switch\">\n<h4>Design<\/h4>\n<\/td>\n<\/tr>\n<tr>\n<th>\t\t\t\t\t\t\tSpodn\u00ed strana \t\t\t\t\t\t<\/th>\n<td>\t\t\t\t\t\t\t\t\thladk\u00e1\t\t\t\t\t\t<\/td>\n<\/tr>\n<tr>\n<th>\t\t\t\t\t\t\tUr\u010den\u00ed \t\t\t\t\t\t<\/th>\n<td>\t\t\t\t\t\t\t\t\tpergoly, sv\u011btl\u00edky\t\t\t\t\t\t<\/td>\n<\/tr>\n<tr>\n<th>\t\t\t\t\t\t\tHorn\u00ed strana \t\t\t\t\t\t<\/th>\n<td>\t\t\t\t\t\t\t\t\thladk\u00e1\t\t\t\t\t\t<\/td>\n<\/tr>\n<tr>\n<th>\t\t\t\t\t\t\tPropustnost sv\u011btla (\u010dir\u00e1) \t\t\t\t\t\t<\/th>\n<td>\t\t\t\t\t\t\t\t\t56\u00a0%\t\t\t\t\t\t<\/td>\n<\/tr>\n<tr>\n<th>\t\t\t\t\t\t\tPropustnost sv\u011btla (bronz) \t\t\t\t\t\t<\/th>\n<td>\t\t\t\t\t\t\t\t\t\u2013\t\t\t\t\t\t<\/td>\n<\/tr>\n<tr>\n<th>\t\t\t\t\t\t\tPropustnost sv\u011btla (op\u00e1l) \t\t\t\t\t\t<\/th>\n<td>\t\t\t\t\t\t\t\t\t46\u00a0%\t\t\t\t\t\t<\/td>\n<\/tr>\n<tr class=\"parameters-switch-tr\">\n<td colspan=\"2\" class=\"parameters-switch\">\n<h4>Instalace<\/h4>\n<\/td>\n<\/tr>\n<tr>\n<th>\t\t\t\t\t\t\tP\u0159\u00ed\u010dn\u00e9 la\u0165ov\u00e1n\u00ed \t\t\t\t\t\t<\/th>\n<td>\t\t\t\t\t\t\t\t\t500\u00a0mm\t\t\t\t\t\t<\/td>\n<\/tr>\n<tr>\n<th>\t\t\t\t\t\t\tKrokve \t\t\t\t\t\t<\/th>\n<td>\t\t\t\t\t\t\t\t\t1000\u00a0mm\t\t\t\t\t\t<\/td>\n<\/tr>\n<tr>\n<th>\t\t\t\t\t\t\tK\u0159\u00ed\u017een\u00ed \t\t\t\t\t\t<\/th>\n<td>\t\t\t\t\t\t\t\t\tzapu\u0161t\u011bn\u00edm lat\u00ed\t\t\t\t\t\t<\/td>\n<\/tr>\n<tr>\n<th>\t\t\t\t\t\t\tSpojov\u00e1n\u00ed \t\t\t\t\t\t<\/th>\n<td>\t\t\t\t\t\t\t\t\tp\u0159\u00edtla\u010dn\u00e1 li\u0161ta\t\t\t\t\t\t<\/td>\n<\/tr>\n<tr>\n<th>\t\t\t\t\t\t\tMinim\u00e1ln\u00ed sklon \t\t\t\t\t\t<\/th>\n<td>\t\t\t\t\t\t\t\t\t5\u00a0\u00b0\t\t\t\t\t\t<\/td>\n<\/tr>\n<tr>\n<th>\t\t\t\t\t\t\tMetoda fixace (na d\u0159evo) \t\t\t\t\t\t<\/th>\n<td>\t\t\t\t\t\t\t\t\tvrut skrz li\u0161tu\t\t\t\t\t\t<\/td>\n<\/tr>\n<tr>\n<th>\t\t\t\t\t\t\tSpot\u0159eba vrut\u016f \t\t\t\t\t\t<\/th>\n<td>\t\t\t\t\t\t\t\t\t3\u00a0ks \/ bm\t\t\t\t\t\t<\/td>\n<\/tr>\n<tr>\n<th>\t\t\t\t\t\t\tPodklad \t\t\t\t\t\t<\/th>\n<td>\t\t\t\t\t\t\t\t\tp\u011bnov\u00e1 p\u00e1ska\t\t\t\t\t\t<\/td>\n<\/tr>\n<tr class=\"parameters-switch-tr\">\n<td colspan=\"2\" class=\"parameters-switch\">\n<h4>\u0158ez na m\u00edru<\/h4>\n<\/td>\n<\/tr>\n<tr>\n<th>\t\t\t\t\t\t\tZkr\u00e1cen\u00ed \t\t\t\t\t\t<\/th>\n<td>\t\t\t\t\t\t\t\t\tano\t\t\t\t\t\t<\/td>\n<\/tr>\n<tr>\n<th>\t\t\t\t\t\t\tZ\u00fa\u017een\u00ed \t\t\t\t\t\t<\/th>\n<td>\t\t\t\t\t\t\t\t\tano\t\t\t\t\t\t<\/td>\n<\/tr>\n<tr>\n<th>\t\t\t\t\t\t\tTolerance \t\t\t\t\t\t<\/th>\n<td>\t\t\t\t\t\t\t\t\t2\u00a0\u2013 5\u00a0mm na \u0159ez\t\t\t\t\t\t<\/td>\n<\/tr>\n<tr>\n<th>\t\t\t\t\t\t\tDoba p\u0159\u00edpravy \t\t\t\t\t\t<\/th>\n<td>\t\t\t\t\t\t\t\t\tcca 3\u00a0pracovn\u00ed dny\t\t\t\t\t\t<\/td>\n<\/tr>\n<tr class=\"parameters-switch-tr\">\n<td colspan=\"2\" class=\"parameters-switch\">\n<h4>Parametry<\/h4>\n<\/td>\n<\/tr>\n<tr>\n<th>P\u016fvod<\/th>\n<td>Vyrobeno v DE<\/td>\n<\/tr>\n<tr>\n<th>Z\u00e1ruka<\/th>\n<td>10 let dle v\u00fdrobce<\/td>\n<\/tr>\n<tr>\n<th>Zna\u010dka<\/th>\n<td>Makrolon<\/td>\n<\/tr>\n<tr class=\"parameters-switch-tr-last\">\n<th colspan=\"2\"><\/th>\n<\/tr>\n<\/tbody>\n<thead>\n<tr>\n<th colspan=\"2\">Parametry produktu:<\/th>\n<\/tr>\n<\/thead>\n<\/table><\/div>\n<\/div><\/div>\n<div class=\"detail-description__top\">\n<div class=\"rating-promo\">\n<div class=\"raty raty--big\" data-score=\"5\" data-read-only=\"true\" title=\"5\"><\/div>\n<div class=\"rating-promo__number\">\t\t\t<strong>2<\/strong><small>recenze<\/small>\t\t<\/div>\n<div class=\"rating-promo__number\">\t\t\t<strong>2<\/strong><small>z\u00e1kazn\u00edci doporu\u010duj\u00ed<\/small>\t\t<\/div>\n<p>\t\tV\u0161echny recenze\t<\/p><\/div>\n<\/p><\/div>\n<div class=\"detail-description__left\">\n<div class=\"detail-description__left__overflow\">\n<div class=\"detail-description__left__head\">\t\t\t\t\t\tPopis:\t\t\t\t\t<\/div>\n<div class=\"ul-style ul-style--check\">\n<p>Deska je nav\u00edc <strong>p\u0159\u00edjemn\u011b lehk\u00e1, ale z\u00e1rove\u0148 velmi pevn\u00e1 a odoln\u00e1 proti n\u00e1raz\u016fm.<\/strong> Desky jsou vyr\u00e1b\u011bny s koextrudovanou UV-ochrannou vrstvou. Tato strana optat\u0159en\u00e1 UV-ochranou mus\u00ed b\u00fdt instalov\u00e1na nahoru\/sm\u011brem ven. T\u00edm z\u00edsk\u00e1v\u00e1 deska vysokou a \u00fa\u010dinnou ochranu p\u0159ed pov\u011btrnostn\u00edmi vlivy<\/p>\n<ul class=\"plusminus\">\n<li><i class=\"fas fa-check\"><\/i><span>Vysok\u00e1 sv\u011bteln\u00e1 prostupnost<\/span><\/li>\n<\/ul>\n<div class='videoWrapper'><\/div>\n<\/div>\n<div class=\"extra-links\">\t\t<strong>Dal\u0161\u00ed kategorie<\/strong>\t\t<\/p>\n<ul>\n<li>Pergola<\/li>\n<li>Sv\u011btl\u00edk<\/li>\n<\/ul><\/div>\n<div class=\"detail-description__left__more\">\t\t\t\t\t\t<span> <\/span><span> <\/span>\t\t\t\t\t<\/div>\n<\/p><\/div>\n<div class=\"extra-note\">\n<p>Rozm\u011bry desek 7000 a 13000 mm jsou prim\u00e1rn\u011b ur\u010deny pro form\u00e1tov\u00e1n\u00ed na men\u0161\u00ed kusy. Z technick\u00fdch d\u016fvod\u016f jsme schopni dodat desky d\u00e9lky 6000 mm a krat\u0161\u00ed. V p\u0159\u00edpad\u011b z\u00e1jmu o del\u0161\u00ed kusy je mo\u017en\u00fd osobn\u00ed odb\u011br v\u00a0na\u0161ich skladech.<\/p>\n<\/p><\/div>\n<\/p><\/div>\n<div class=\"detail-description__more\"><span> <\/span><span> <\/span><\/div>\n<\/p><\/div>\n<\/p><\/div>\n","protected":false},"excerpt":{"rendered":"<p>Materi\u00e1l Materi\u00e1l polykarbon\u00e1t Zna\u010dka Covestro \u0158ada Makrolon Vyrobeno N\u011bmecko UV povrchov\u00fd filtr 1\u00a0x Barva \u010dir\u00e1, bronz, op\u00e1l SZ\u00da zdravotn\u00ed certifikace \u2013 Teplotn\u00ed odolnost \u201340\u00b0C a\u017e + 120\u00b0C Po\u017e\u00e1rn\u00ed klasifikace B, s1, d0 UV stabiln\u00ed materi\u00e1l ne Deska Plo\u0161n\u00e1 hmotnost 2450\u00a0g\/m\u00b2 Z\u00e1ruka 10\u00a0let Tvar dut\u00fd Klenba \u0161estikomorov\u00e1 Tlou\u0161\u0165ka 16\u00a0mm D\u00e9lka 2000\u00a0\u2013 13000\u00a0mm \u0160\u00ed\u0159ka 1050\u00a0\u2013 2100\u00a0mm Min. [&hellip;]<\/p>\n","protected":false},"featured_media":42485,"comment_status":"open","ping_status":"open","template":"","meta":[],"product_brand":[],"product_cat":[51],"product_tag":[],"class_list":{"0":"post-42385","1":"product","2":"type-product","3":"status-publish","4":"has-post-thumbnail","6":"product_cat-plasty","8":"first","9":"instock","10":"sale","11":"shipping-taxable","12":"purchasable","13":"product-type-simple"},"yoast_head":"<!-- This site is optimized with the Yoast SEO plugin v26.8 - https:\/\/yoast.com\/product\/yoast-seo-wordpress\/ -->\n<title>Zna\u010dkov\u00fd Makrolon 7W BF 16 mm 6000 mm x 2100 mm bronz -<\/title>\n<meta name=\"robots\" content=\"index, follow, max-snippet:-1, max-image-preview:large, max-video-preview:-1\" \/>\n<link rel=\"canonical\" href=\"https:\/\/www.domkraftpro.com\/index.php\/produkt\/znackovy-makrolon-7w-bf-16-mm-6000-mm-x-2100-mm-bronz-42385\/\" \/>\n<meta property=\"og:locale\" content=\"cs_CZ\" \/>\n<meta property=\"og:type\" content=\"article\" \/>\n<meta property=\"og:title\" content=\"Zna\u010dkov\u00fd Makrolon 7W BF 16 mm 6000 mm x 2100 mm bronz -\" \/>\n<meta property=\"og:description\" content=\"Materi\u00e1l Materi\u00e1l polykarbon\u00e1t Zna\u010dka Covestro \u0158ada Makrolon Vyrobeno N\u011bmecko UV povrchov\u00fd filtr 1\u00a0x Barva \u010dir\u00e1, bronz, op\u00e1l SZ\u00da zdravotn\u00ed certifikace \u2013 Teplotn\u00ed odolnost \u201340\u00b0C a\u017e + 120\u00b0C Po\u017e\u00e1rn\u00ed klasifikace B, s1, d0 UV stabiln\u00ed materi\u00e1l ne Deska Plo\u0161n\u00e1 hmotnost 2450\u00a0g\/m\u00b2 Z\u00e1ruka 10\u00a0let Tvar dut\u00fd Klenba \u0161estikomorov\u00e1 Tlou\u0161\u0165ka 16\u00a0mm D\u00e9lka 2000\u00a0\u2013 13000\u00a0mm \u0160\u00ed\u0159ka 1050\u00a0\u2013 2100\u00a0mm Min. [&hellip;]\" \/>\n<meta property=\"og:url\" content=\"https:\/\/www.domkraftpro.com\/index.php\/produkt\/znackovy-makrolon-7w-bf-16-mm-6000-mm-x-2100-mm-bronz-42385\/\" \/>\n<meta property=\"og:image\" content=\"https:\/\/www.domkraftpro.com\/wp-content\/uploads\/2026\/SK0010805-CZ20260425-091936-0-1777079982-polykarbonatova-deska-makrolon-7w-bf-16-mm-6000-mm-x-2100-m.webp\" \/>\n\t<meta property=\"og:image:width\" content=\"1000\" \/>\n\t<meta property=\"og:image:height\" content=\"523\" \/>\n\t<meta property=\"og:image:type\" content=\"image\/webp\" \/>\n<meta name=\"twitter:card\" content=\"summary_large_image\" \/>\n<meta name=\"twitter:label1\" content=\"Odhadovan\u00e1 doba \u010dten\u00ed\" \/>\n\t<meta name=\"twitter:data1\" content=\"2 minuty\" \/>\n<script type=\"application\/ld+json\" class=\"yoast-schema-graph\">{\"@context\":\"https:\/\/schema.org\",\"@graph\":[{\"@type\":\"WebPage\",\"@id\":\"https:\/\/www.domkraftpro.com\/index.php\/produkt\/znackovy-makrolon-7w-bf-16-mm-6000-mm-x-2100-mm-bronz-42385\/\",\"url\":\"https:\/\/www.domkraftpro.com\/index.php\/produkt\/znackovy-makrolon-7w-bf-16-mm-6000-mm-x-2100-mm-bronz-42385\/\",\"name\":\"Zna\u010dkov\u00fd Makrolon 7W BF 16 mm 6000 mm x 2100 mm bronz -\",\"isPartOf\":{\"@id\":\"https:\/\/www.domkraftpro.com\/#website\"},\"primaryImageOfPage\":{\"@id\":\"https:\/\/www.domkraftpro.com\/index.php\/produkt\/znackovy-makrolon-7w-bf-16-mm-6000-mm-x-2100-mm-bronz-42385\/#primaryimage\"},\"image\":{\"@id\":\"https:\/\/www.domkraftpro.com\/index.php\/produkt\/znackovy-makrolon-7w-bf-16-mm-6000-mm-x-2100-mm-bronz-42385\/#primaryimage\"},\"thumbnailUrl\":\"https:\/\/www.domkraftpro.com\/wp-content\/uploads\/2026\/SK0010805-CZ20260425-091936-0-1777079982-polykarbonatova-deska-makrolon-7w-bf-16-mm-6000-mm-x-2100-m.webp\",\"datePublished\":\"2026-04-27T04:42:16+00:00\",\"breadcrumb\":{\"@id\":\"https:\/\/www.domkraftpro.com\/index.php\/produkt\/znackovy-makrolon-7w-bf-16-mm-6000-mm-x-2100-mm-bronz-42385\/#breadcrumb\"},\"inLanguage\":\"cs\",\"potentialAction\":[{\"@type\":\"ReadAction\",\"target\":[\"https:\/\/www.domkraftpro.com\/index.php\/produkt\/znackovy-makrolon-7w-bf-16-mm-6000-mm-x-2100-mm-bronz-42385\/\"]}]},{\"@type\":\"ImageObject\",\"inLanguage\":\"cs\",\"@id\":\"https:\/\/www.domkraftpro.com\/index.php\/produkt\/znackovy-makrolon-7w-bf-16-mm-6000-mm-x-2100-mm-bronz-42385\/#primaryimage\",\"url\":\"https:\/\/www.domkraftpro.com\/wp-content\/uploads\/2026\/SK0010805-CZ20260425-091936-0-1777079982-polykarbonatova-deska-makrolon-7w-bf-16-mm-6000-mm-x-2100-m.webp\",\"contentUrl\":\"https:\/\/www.domkraftpro.com\/wp-content\/uploads\/2026\/SK0010805-CZ20260425-091936-0-1777079982-polykarbonatova-deska-makrolon-7w-bf-16-mm-6000-mm-x-2100-m.webp\",\"width\":1000,\"height\":523},{\"@type\":\"BreadcrumbList\",\"@id\":\"https:\/\/www.domkraftpro.com\/index.php\/produkt\/znackovy-makrolon-7w-bf-16-mm-6000-mm-x-2100-mm-bronz-42385\/#breadcrumb\",\"itemListElement\":[{\"@type\":\"ListItem\",\"position\":1,\"name\":\"Home\",\"item\":\"https:\/\/www.domkraftpro.com\/\"},{\"@type\":\"ListItem\",\"position\":2,\"name\":\"Products\",\"item\":\"https:\/\/www.domkraftpro.com\/index.php\/products\/\"},{\"@type\":\"ListItem\",\"position\":3,\"name\":\"Zna\u010dkov\u00fd Makrolon 7W BF 16 mm 6000 mm x 2100 mm bronz\"}]},{\"@type\":\"WebSite\",\"@id\":\"https:\/\/www.domkraftpro.com\/#website\",\"url\":\"https:\/\/www.domkraftpro.com\/\",\"name\":\"\",\"description\":\"\",\"potentialAction\":[{\"@type\":\"SearchAction\",\"target\":{\"@type\":\"EntryPoint\",\"urlTemplate\":\"https:\/\/www.domkraftpro.com\/?s={search_term_string}\"},\"query-input\":{\"@type\":\"PropertyValueSpecification\",\"valueRequired\":true,\"valueName\":\"search_term_string\"}}],\"inLanguage\":\"cs\"}]}<\/script>\n<!-- \/ Yoast SEO plugin. -->","yoast_head_json":{"title":"Zna\u010dkov\u00fd Makrolon 7W BF 16 mm 6000 mm x 2100 mm bronz -","robots":{"index":"index","follow":"follow","max-snippet":"max-snippet:-1","max-image-preview":"max-image-preview:large","max-video-preview":"max-video-preview:-1"},"canonical":"https:\/\/www.domkraftpro.com\/index.php\/produkt\/znackovy-makrolon-7w-bf-16-mm-6000-mm-x-2100-mm-bronz-42385\/","og_locale":"cs_CZ","og_type":"article","og_title":"Zna\u010dkov\u00fd Makrolon 7W BF 16 mm 6000 mm x 2100 mm bronz -","og_description":"Materi\u00e1l Materi\u00e1l polykarbon\u00e1t Zna\u010dka Covestro \u0158ada Makrolon Vyrobeno N\u011bmecko UV povrchov\u00fd filtr 1\u00a0x Barva \u010dir\u00e1, bronz, op\u00e1l SZ\u00da zdravotn\u00ed certifikace \u2013 Teplotn\u00ed odolnost \u201340\u00b0C a\u017e + 120\u00b0C Po\u017e\u00e1rn\u00ed klasifikace B, s1, d0 UV stabiln\u00ed materi\u00e1l ne Deska Plo\u0161n\u00e1 hmotnost 2450\u00a0g\/m\u00b2 Z\u00e1ruka 10\u00a0let Tvar dut\u00fd Klenba \u0161estikomorov\u00e1 Tlou\u0161\u0165ka 16\u00a0mm D\u00e9lka 2000\u00a0\u2013 13000\u00a0mm \u0160\u00ed\u0159ka 1050\u00a0\u2013 2100\u00a0mm Min. [&hellip;]","og_url":"https:\/\/www.domkraftpro.com\/index.php\/produkt\/znackovy-makrolon-7w-bf-16-mm-6000-mm-x-2100-mm-bronz-42385\/","og_image":[{"width":1000,"height":523,"url":"https:\/\/www.domkraftpro.com\/wp-content\/uploads\/2026\/SK0010805-CZ20260425-091936-0-1777079982-polykarbonatova-deska-makrolon-7w-bf-16-mm-6000-mm-x-2100-m.webp","type":"image\/webp"}],"twitter_card":"summary_large_image","twitter_misc":{"Odhadovan\u00e1 doba \u010dten\u00ed":"2 minuty"},"schema":{"@context":"https:\/\/schema.org","@graph":[{"@type":"WebPage","@id":"https:\/\/www.domkraftpro.com\/index.php\/produkt\/znackovy-makrolon-7w-bf-16-mm-6000-mm-x-2100-mm-bronz-42385\/","url":"https:\/\/www.domkraftpro.com\/index.php\/produkt\/znackovy-makrolon-7w-bf-16-mm-6000-mm-x-2100-mm-bronz-42385\/","name":"Zna\u010dkov\u00fd Makrolon 7W BF 16 mm 6000 mm x 2100 mm bronz -","isPartOf":{"@id":"https:\/\/www.domkraftpro.com\/#website"},"primaryImageOfPage":{"@id":"https:\/\/www.domkraftpro.com\/index.php\/produkt\/znackovy-makrolon-7w-bf-16-mm-6000-mm-x-2100-mm-bronz-42385\/#primaryimage"},"image":{"@id":"https:\/\/www.domkraftpro.com\/index.php\/produkt\/znackovy-makrolon-7w-bf-16-mm-6000-mm-x-2100-mm-bronz-42385\/#primaryimage"},"thumbnailUrl":"https:\/\/www.domkraftpro.com\/wp-content\/uploads\/2026\/SK0010805-CZ20260425-091936-0-1777079982-polykarbonatova-deska-makrolon-7w-bf-16-mm-6000-mm-x-2100-m.webp","datePublished":"2026-04-27T04:42:16+00:00","breadcrumb":{"@id":"https:\/\/www.domkraftpro.com\/index.php\/produkt\/znackovy-makrolon-7w-bf-16-mm-6000-mm-x-2100-mm-bronz-42385\/#breadcrumb"},"inLanguage":"cs","potentialAction":[{"@type":"ReadAction","target":["https:\/\/www.domkraftpro.com\/index.php\/produkt\/znackovy-makrolon-7w-bf-16-mm-6000-mm-x-2100-mm-bronz-42385\/"]}]},{"@type":"ImageObject","inLanguage":"cs","@id":"https:\/\/www.domkraftpro.com\/index.php\/produkt\/znackovy-makrolon-7w-bf-16-mm-6000-mm-x-2100-mm-bronz-42385\/#primaryimage","url":"https:\/\/www.domkraftpro.com\/wp-content\/uploads\/2026\/SK0010805-CZ20260425-091936-0-1777079982-polykarbonatova-deska-makrolon-7w-bf-16-mm-6000-mm-x-2100-m.webp","contentUrl":"https:\/\/www.domkraftpro.com\/wp-content\/uploads\/2026\/SK0010805-CZ20260425-091936-0-1777079982-polykarbonatova-deska-makrolon-7w-bf-16-mm-6000-mm-x-2100-m.webp","width":1000,"height":523},{"@type":"BreadcrumbList","@id":"https:\/\/www.domkraftpro.com\/index.php\/produkt\/znackovy-makrolon-7w-bf-16-mm-6000-mm-x-2100-mm-bronz-42385\/#breadcrumb","itemListElement":[{"@type":"ListItem","position":1,"name":"Home","item":"https:\/\/www.domkraftpro.com\/"},{"@type":"ListItem","position":2,"name":"Products","item":"https:\/\/www.domkraftpro.com\/index.php\/products\/"},{"@type":"ListItem","position":3,"name":"Zna\u010dkov\u00fd Makrolon 7W BF 16 mm 6000 mm x 2100 mm bronz"}]},{"@type":"WebSite","@id":"https:\/\/www.domkraftpro.com\/#website","url":"https:\/\/www.domkraftpro.com\/","name":"","description":"","potentialAction":[{"@type":"SearchAction","target":{"@type":"EntryPoint","urlTemplate":"https:\/\/www.domkraftpro.com\/?s={search_term_string}"},"query-input":{"@type":"PropertyValueSpecification","valueRequired":true,"valueName":"search_term_string"}}],"inLanguage":"cs"}]}},"_links":{"self":[{"href":"https:\/\/www.domkraftpro.com\/index.php\/wp-json\/wp\/v2\/product\/42385","targetHints":{"allow":["GET"]}}],"collection":[{"href":"https:\/\/www.domkraftpro.com\/index.php\/wp-json\/wp\/v2\/product"}],"about":[{"href":"https:\/\/www.domkraftpro.com\/index.php\/wp-json\/wp\/v2\/types\/product"}],"replies":[{"embeddable":true,"href":"https:\/\/www.domkraftpro.com\/index.php\/wp-json\/wp\/v2\/comments?post=42385"}],"wp:featuredmedia":[{"embeddable":true,"href":"https:\/\/www.domkraftpro.com\/index.php\/wp-json\/wp\/v2\/media\/42485"}],"wp:attachment":[{"href":"https:\/\/www.domkraftpro.com\/index.php\/wp-json\/wp\/v2\/media?parent=42385"}],"wp:term":[{"taxonomy":"product_brand","embeddable":true,"href":"https:\/\/www.domkraftpro.com\/index.php\/wp-json\/wp\/v2\/product_brand?post=42385"},{"taxonomy":"product_cat","embeddable":true,"href":"https:\/\/www.domkraftpro.com\/index.php\/wp-json\/wp\/v2\/product_cat?post=42385"},{"taxonomy":"product_tag","embeddable":true,"href":"https:\/\/www.domkraftpro.com\/index.php\/wp-json\/wp\/v2\/product_tag?post=42385"}],"curies":[{"name":"wp","href":"https:\/\/api.w.org\/{rel}","templated":true}]}}