{"id":42301,"date":"2026-04-27T04:42:16","date_gmt":"2026-04-27T04:42:16","guid":{"rendered":""},"modified":"2026-04-27T04:42:16","modified_gmt":"2026-04-27T04:42:16","slug":"akce-scobax-riwiera-hexagon-svetle-bezova-42301","status":"publish","type":"product","link":"https:\/\/www.domkraftpro.com\/index.php\/produkt\/akce-scobax-riwiera-hexagon-svetle-bezova-42301\/","title":{"rendered":"Akce Scobax Riwiera Hexagon sv\u011btle b\u00e9\u017eov\u00e1"},"content":{"rendered":"<div class=\"detail-description__right\">\n<div class=\"parameters\">\n<div class=\"table table--simple\">\n<table>\n<tbody>\n<tr>\n<td colspan=\"2\">\n<h4>Parametry<\/h4>\n<\/td>\n<\/tr>\n<tr>\n<td>Materi\u00e1l<\/td>\n<td>pls\u0165<\/td>\n<\/tr>\n<tr data-perex=\"1\">\n<td>Rozm\u011bry<\/td>\n<td>6\u00a0\u00d7\u00a015 cm<\/td>\n<\/tr>\n<tr>\n<td>Tlou\u0161\u0165ka<\/td>\n<td>5 cm<\/td>\n<\/tr>\n<tr>\n<td>Hmotnost<\/td>\n<td>0,23\u00a0kg<\/td>\n<\/tr>\n<tr>\n<td>Tvar<\/td>\n<td>\u0161esti\u00faheln\u00edk<\/td>\n<\/tr>\n<tr data-perex=\"1\">\n<td>Tkanina<\/td>\n<td>jemn\u00e1<\/td>\n<\/tr>\n<tr>\n<td>Vyu\u017eit\u00ed<\/td>\n<td>interi\u00e9r<\/td>\n<\/tr>\n<tr>\n<td>Mont\u00e1\u017e<\/td>\n<td>such\u00fd zip \/ lepidlo<\/td>\n<\/tr>\n<tr>\n<td>Plocha v\u00a0balen\u00ed<\/td>\n<td>0,58\u00a0m\u00b2<\/td>\n<\/tr>\n<tr>\n<td colspan=\"2\">\n<h4>Parametry<\/h4>\n<\/td>\n<\/tr>\n<tr>\n<td>Z\u00e1ruka<\/td>\n<td>2 roky<\/td>\n<\/tr>\n<tr>\n<td>Zna\u010dka<\/td>\n<td>Scobax<\/td>\n<\/tr>\n<\/tbody>\n<\/table><\/div>\n<\/div><\/div>\n<div class=\"detail-description__top\">\n<div class=\"rating-promo\">\n<div class=\"raty raty--big\" data-score=\"5\" data-read-only=\"true\" title=\"5\"><\/div>\n<div class=\"rating-promo__number\">\t\t\t<strong>2<\/strong><small>recenze<\/small>\t\t<\/div>\n<div class=\"rating-promo__number\">\t\t\t<strong>2<\/strong><small>z\u00e1kazn\u00edci doporu\u010duj\u00ed<\/small>\t\t<\/div>\n<p>\t\tV\u0161echny recenze\t<\/p><\/div>\n<\/p><\/div>\n<div class=\"detail-description__left\">\n<div class=\"detail-description__left__overflow\">\n<div class=\"detail-description__left__head\">\t\t\t\t\t\tPopis:\t\t\t\t\t<\/div>\n<div class=\"ul-style ul-style--check\">\n<p>Panely jsou vyrobeny z\u00a0plst\u011bn\u00e9ho materi\u00e1lu, kter\u00fd\u00a0<strong>absorbuje zvukov\u00e9 vlny<\/strong>\u00a0a sni\u017euje jejich odraz od st\u011bn. D\u00edky t\u00e9to vlastnosti se v m\u00edstnosti v\u00fdrazn\u011b\u00a0zlep\u0161uje akustika.\u00a0\u00a0Panely proto b\u00fdvaj\u00ed\u00a0vyu\u017e\u00edv\u00e1ny v prostorech, kde je d\u016fle\u017eit\u00e1 kvalita akustiky, nap\u0159\u00edklad v\u00a0<strong>nahr\u00e1vac\u00edch studi\u00edch, kancel\u00e1\u0159\u00edch nebo konferen\u010dn\u00edch m\u00edstnostech.<\/strong>\u00a0Jsou tak\u00e9 vhodnou volbou do\u00a0<strong>b\u011b\u017en\u00fdch dom\u00e1cnost\u00ed.<\/strong><\/p>\n<ul class=\"plusminus\">\n<li><i class=\"fas fa-check\"><\/i><span>Jednoduch\u00e1 instalace<\/span><\/li>\n<li><i class=\"fas fa-check\"><\/i><span>Snadn\u00e9 \u010di\u0161t\u011bn\u00ed<\/span><\/li>\n<li><i class=\"fas fa-check\"><\/i><span>Hydrofobn\u00ed povrchov\u00e1 \u00faprava<\/span><\/li>\n<\/ul>\n<p>\u010caloun\u011bn\u00e9 panely maj\u00ed tak\u00e9 estetickou funkci a slou\u017e\u00ed jako dekorativn\u00ed prvky interi\u00e9ru.\u00a0D\u00edky\u00a0\u0161irok\u00e9mu v\u00fdb\u011bru barev a vzor\u016f lze panel snadno sladit s dal\u0161\u00edmi prvky interi\u00e9ru a\u00a0<strong>vytv\u00e1\u0159et tak jedine\u010dn\u00e9 kompozice st\u011bn.<\/strong>\u00a0Instalace panel\u016f je velmi jednoduch\u00e1,\u00a0<strong>lze je snadno p\u0159ipevnit na jak\u00fdkoliv povrch st\u011bny<\/strong>\u00a0sadou odoln\u00fdch p\u00e1sek\u00a0nebo mont\u00e1\u017en\u00edm lepidlem.<\/p>\n<div class=\"content-flickity content-flickity--3\">\n<div class=\"content-flickity__body\">\n<div class=\"carousel-item\">\t\t\t\t\t\t\t\t\t\t\t\t\t\t\t\t\t\t\t\t\t\t\t<\/div>\n<div class=\"carousel-item\">\t\t\t\t\t\t\t\t\t\t\t\t\t\t\t\t\t\t\t\t\t\t\t<\/div>\n<div class=\"carousel-item\">\t\t\t\t\t\t\t\t\t\t\t\t\t\t\t\t\t\t\t\t\t\t\t<\/div>\n<\/div>\n<div class=\"content-flickity__caption\">N\u00e1st\u011bnn\u00fd panel Scobax Riwiera Hexagon<\/div>\n<\/div>\n<\/div>\n<div class=\"detail-description__left__more\">\t\t\t\t\t\t<span> <\/span><span> <\/span>\t\t\t\t\t<\/div>\n<\/p><\/div>\n<\/p><\/div>\n<div class=\"detail-description__more\"><span> <\/span><span> <\/span><\/div>\n<\/p><\/div>\n<\/p><\/div>\n","protected":false},"excerpt":{"rendered":"<p>Parametry Materi\u00e1l pls\u0165 Rozm\u011bry 6\u00a0\u00d7\u00a015 cm Tlou\u0161\u0165ka 5 cm Hmotnost 0,23\u00a0kg Tvar \u0161esti\u00faheln\u00edk Tkanina jemn\u00e1 Vyu\u017eit\u00ed interi\u00e9r Mont\u00e1\u017e such\u00fd zip \/ lepidlo Plocha v\u00a0balen\u00ed 0,58\u00a0m\u00b2 Parametry Z\u00e1ruka 2 roky Zna\u010dka Scobax 2recenze 2z\u00e1kazn\u00edci doporu\u010duj\u00ed V\u0161echny recenze Popis: Panely jsou vyrobeny z\u00a0plst\u011bn\u00e9ho materi\u00e1lu, kter\u00fd\u00a0absorbuje zvukov\u00e9 vlny\u00a0a sni\u017euje jejich odraz od st\u011bn. D\u00edky t\u00e9to vlastnosti se v [&hellip;]<\/p>\n","protected":false},"featured_media":42401,"comment_status":"open","ping_status":"open","template":"","meta":[],"product_brand":[],"product_cat":[45],"product_tag":[],"class_list":{"0":"post-42301","1":"product","2":"type-product","3":"status-publish","4":"has-post-thumbnail","6":"product_cat-bydleni","8":"first","9":"instock","10":"sale","11":"shipping-taxable","12":"purchasable","13":"product-type-simple"},"yoast_head":"<!-- This site is optimized with the Yoast SEO plugin v26.8 - https:\/\/yoast.com\/product\/yoast-seo-wordpress\/ -->\n<title>Akce Scobax Riwiera Hexagon sv\u011btle b\u00e9\u017eov\u00e1 -<\/title>\n<meta name=\"robots\" content=\"index, follow, max-snippet:-1, max-image-preview:large, max-video-preview:-1\" \/>\n<link rel=\"canonical\" href=\"https:\/\/www.domkraftpro.com\/index.php\/produkt\/akce-scobax-riwiera-hexagon-svetle-bezova-42301\/\" \/>\n<meta property=\"og:locale\" content=\"cs_CZ\" \/>\n<meta property=\"og:type\" content=\"article\" \/>\n<meta property=\"og:title\" content=\"Akce Scobax Riwiera Hexagon sv\u011btle b\u00e9\u017eov\u00e1 -\" \/>\n<meta property=\"og:description\" content=\"Parametry Materi\u00e1l pls\u0165 Rozm\u011bry 6\u00a0\u00d7\u00a015 cm Tlou\u0161\u0165ka 5 cm Hmotnost 0,23\u00a0kg Tvar \u0161esti\u00faheln\u00edk Tkanina jemn\u00e1 Vyu\u017eit\u00ed interi\u00e9r Mont\u00e1\u017e such\u00fd zip \/ lepidlo Plocha v\u00a0balen\u00ed 0,58\u00a0m\u00b2 Parametry Z\u00e1ruka 2 roky Zna\u010dka Scobax 2recenze 2z\u00e1kazn\u00edci doporu\u010duj\u00ed V\u0161echny recenze Popis: Panely jsou vyrobeny z\u00a0plst\u011bn\u00e9ho materi\u00e1lu, kter\u00fd\u00a0absorbuje zvukov\u00e9 vlny\u00a0a sni\u017euje jejich odraz od st\u011bn. D\u00edky t\u00e9to vlastnosti se v [&hellip;]\" \/>\n<meta property=\"og:url\" content=\"https:\/\/www.domkraftpro.com\/index.php\/produkt\/akce-scobax-riwiera-hexagon-svetle-bezova-42301\/\" \/>\n<meta property=\"og:image\" content=\"https:\/\/www.domkraftpro.com\/wp-content\/uploads\/2026\/SK0010721-CZ20260425-091936-0-1777079982-nastenny-panel-scobax-riwiera-hexagon-svetle-bezova-w1200-h.webp\" \/>\n\t<meta property=\"og:image:width\" content=\"1000\" \/>\n\t<meta property=\"og:image:height\" content=\"523\" \/>\n\t<meta property=\"og:image:type\" content=\"image\/webp\" \/>\n<meta name=\"twitter:card\" content=\"summary_large_image\" \/>\n<meta name=\"twitter:label1\" content=\"Odhadovan\u00e1 doba \u010dten\u00ed\" \/>\n\t<meta name=\"twitter:data1\" content=\"1 minuta\" \/>\n<script type=\"application\/ld+json\" class=\"yoast-schema-graph\">{\"@context\":\"https:\/\/schema.org\",\"@graph\":[{\"@type\":\"WebPage\",\"@id\":\"https:\/\/www.domkraftpro.com\/index.php\/produkt\/akce-scobax-riwiera-hexagon-svetle-bezova-42301\/\",\"url\":\"https:\/\/www.domkraftpro.com\/index.php\/produkt\/akce-scobax-riwiera-hexagon-svetle-bezova-42301\/\",\"name\":\"Akce Scobax Riwiera Hexagon sv\u011btle b\u00e9\u017eov\u00e1 -\",\"isPartOf\":{\"@id\":\"https:\/\/www.domkraftpro.com\/#website\"},\"primaryImageOfPage\":{\"@id\":\"https:\/\/www.domkraftpro.com\/index.php\/produkt\/akce-scobax-riwiera-hexagon-svetle-bezova-42301\/#primaryimage\"},\"image\":{\"@id\":\"https:\/\/www.domkraftpro.com\/index.php\/produkt\/akce-scobax-riwiera-hexagon-svetle-bezova-42301\/#primaryimage\"},\"thumbnailUrl\":\"https:\/\/www.domkraftpro.com\/wp-content\/uploads\/2026\/SK0010721-CZ20260425-091936-0-1777079982-nastenny-panel-scobax-riwiera-hexagon-svetle-bezova-w1200-h.webp\",\"datePublished\":\"2026-04-27T04:42:16+00:00\",\"breadcrumb\":{\"@id\":\"https:\/\/www.domkraftpro.com\/index.php\/produkt\/akce-scobax-riwiera-hexagon-svetle-bezova-42301\/#breadcrumb\"},\"inLanguage\":\"cs\",\"potentialAction\":[{\"@type\":\"ReadAction\",\"target\":[\"https:\/\/www.domkraftpro.com\/index.php\/produkt\/akce-scobax-riwiera-hexagon-svetle-bezova-42301\/\"]}]},{\"@type\":\"ImageObject\",\"inLanguage\":\"cs\",\"@id\":\"https:\/\/www.domkraftpro.com\/index.php\/produkt\/akce-scobax-riwiera-hexagon-svetle-bezova-42301\/#primaryimage\",\"url\":\"https:\/\/www.domkraftpro.com\/wp-content\/uploads\/2026\/SK0010721-CZ20260425-091936-0-1777079982-nastenny-panel-scobax-riwiera-hexagon-svetle-bezova-w1200-h.webp\",\"contentUrl\":\"https:\/\/www.domkraftpro.com\/wp-content\/uploads\/2026\/SK0010721-CZ20260425-091936-0-1777079982-nastenny-panel-scobax-riwiera-hexagon-svetle-bezova-w1200-h.webp\",\"width\":1000,\"height\":523},{\"@type\":\"BreadcrumbList\",\"@id\":\"https:\/\/www.domkraftpro.com\/index.php\/produkt\/akce-scobax-riwiera-hexagon-svetle-bezova-42301\/#breadcrumb\",\"itemListElement\":[{\"@type\":\"ListItem\",\"position\":1,\"name\":\"Home\",\"item\":\"https:\/\/www.domkraftpro.com\/\"},{\"@type\":\"ListItem\",\"position\":2,\"name\":\"Products\",\"item\":\"https:\/\/www.domkraftpro.com\/index.php\/products\/\"},{\"@type\":\"ListItem\",\"position\":3,\"name\":\"Akce Scobax Riwiera Hexagon sv\u011btle b\u00e9\u017eov\u00e1\"}]},{\"@type\":\"WebSite\",\"@id\":\"https:\/\/www.domkraftpro.com\/#website\",\"url\":\"https:\/\/www.domkraftpro.com\/\",\"name\":\"\",\"description\":\"\",\"potentialAction\":[{\"@type\":\"SearchAction\",\"target\":{\"@type\":\"EntryPoint\",\"urlTemplate\":\"https:\/\/www.domkraftpro.com\/?s={search_term_string}\"},\"query-input\":{\"@type\":\"PropertyValueSpecification\",\"valueRequired\":true,\"valueName\":\"search_term_string\"}}],\"inLanguage\":\"cs\"}]}<\/script>\n<!-- \/ Yoast SEO plugin. -->","yoast_head_json":{"title":"Akce Scobax Riwiera Hexagon sv\u011btle b\u00e9\u017eov\u00e1 -","robots":{"index":"index","follow":"follow","max-snippet":"max-snippet:-1","max-image-preview":"max-image-preview:large","max-video-preview":"max-video-preview:-1"},"canonical":"https:\/\/www.domkraftpro.com\/index.php\/produkt\/akce-scobax-riwiera-hexagon-svetle-bezova-42301\/","og_locale":"cs_CZ","og_type":"article","og_title":"Akce Scobax Riwiera Hexagon sv\u011btle b\u00e9\u017eov\u00e1 -","og_description":"Parametry Materi\u00e1l pls\u0165 Rozm\u011bry 6\u00a0\u00d7\u00a015 cm Tlou\u0161\u0165ka 5 cm Hmotnost 0,23\u00a0kg Tvar \u0161esti\u00faheln\u00edk Tkanina jemn\u00e1 Vyu\u017eit\u00ed interi\u00e9r Mont\u00e1\u017e such\u00fd zip \/ lepidlo Plocha v\u00a0balen\u00ed 0,58\u00a0m\u00b2 Parametry Z\u00e1ruka 2 roky Zna\u010dka Scobax 2recenze 2z\u00e1kazn\u00edci doporu\u010duj\u00ed V\u0161echny recenze Popis: Panely jsou vyrobeny z\u00a0plst\u011bn\u00e9ho materi\u00e1lu, kter\u00fd\u00a0absorbuje zvukov\u00e9 vlny\u00a0a sni\u017euje jejich odraz od st\u011bn. D\u00edky t\u00e9to vlastnosti se v [&hellip;]","og_url":"https:\/\/www.domkraftpro.com\/index.php\/produkt\/akce-scobax-riwiera-hexagon-svetle-bezova-42301\/","og_image":[{"width":1000,"height":523,"url":"https:\/\/www.domkraftpro.com\/wp-content\/uploads\/2026\/SK0010721-CZ20260425-091936-0-1777079982-nastenny-panel-scobax-riwiera-hexagon-svetle-bezova-w1200-h.webp","type":"image\/webp"}],"twitter_card":"summary_large_image","twitter_misc":{"Odhadovan\u00e1 doba \u010dten\u00ed":"1 minuta"},"schema":{"@context":"https:\/\/schema.org","@graph":[{"@type":"WebPage","@id":"https:\/\/www.domkraftpro.com\/index.php\/produkt\/akce-scobax-riwiera-hexagon-svetle-bezova-42301\/","url":"https:\/\/www.domkraftpro.com\/index.php\/produkt\/akce-scobax-riwiera-hexagon-svetle-bezova-42301\/","name":"Akce Scobax Riwiera Hexagon sv\u011btle b\u00e9\u017eov\u00e1 -","isPartOf":{"@id":"https:\/\/www.domkraftpro.com\/#website"},"primaryImageOfPage":{"@id":"https:\/\/www.domkraftpro.com\/index.php\/produkt\/akce-scobax-riwiera-hexagon-svetle-bezova-42301\/#primaryimage"},"image":{"@id":"https:\/\/www.domkraftpro.com\/index.php\/produkt\/akce-scobax-riwiera-hexagon-svetle-bezova-42301\/#primaryimage"},"thumbnailUrl":"https:\/\/www.domkraftpro.com\/wp-content\/uploads\/2026\/SK0010721-CZ20260425-091936-0-1777079982-nastenny-panel-scobax-riwiera-hexagon-svetle-bezova-w1200-h.webp","datePublished":"2026-04-27T04:42:16+00:00","breadcrumb":{"@id":"https:\/\/www.domkraftpro.com\/index.php\/produkt\/akce-scobax-riwiera-hexagon-svetle-bezova-42301\/#breadcrumb"},"inLanguage":"cs","potentialAction":[{"@type":"ReadAction","target":["https:\/\/www.domkraftpro.com\/index.php\/produkt\/akce-scobax-riwiera-hexagon-svetle-bezova-42301\/"]}]},{"@type":"ImageObject","inLanguage":"cs","@id":"https:\/\/www.domkraftpro.com\/index.php\/produkt\/akce-scobax-riwiera-hexagon-svetle-bezova-42301\/#primaryimage","url":"https:\/\/www.domkraftpro.com\/wp-content\/uploads\/2026\/SK0010721-CZ20260425-091936-0-1777079982-nastenny-panel-scobax-riwiera-hexagon-svetle-bezova-w1200-h.webp","contentUrl":"https:\/\/www.domkraftpro.com\/wp-content\/uploads\/2026\/SK0010721-CZ20260425-091936-0-1777079982-nastenny-panel-scobax-riwiera-hexagon-svetle-bezova-w1200-h.webp","width":1000,"height":523},{"@type":"BreadcrumbList","@id":"https:\/\/www.domkraftpro.com\/index.php\/produkt\/akce-scobax-riwiera-hexagon-svetle-bezova-42301\/#breadcrumb","itemListElement":[{"@type":"ListItem","position":1,"name":"Home","item":"https:\/\/www.domkraftpro.com\/"},{"@type":"ListItem","position":2,"name":"Products","item":"https:\/\/www.domkraftpro.com\/index.php\/products\/"},{"@type":"ListItem","position":3,"name":"Akce Scobax Riwiera Hexagon sv\u011btle b\u00e9\u017eov\u00e1"}]},{"@type":"WebSite","@id":"https:\/\/www.domkraftpro.com\/#website","url":"https:\/\/www.domkraftpro.com\/","name":"","description":"","potentialAction":[{"@type":"SearchAction","target":{"@type":"EntryPoint","urlTemplate":"https:\/\/www.domkraftpro.com\/?s={search_term_string}"},"query-input":{"@type":"PropertyValueSpecification","valueRequired":true,"valueName":"search_term_string"}}],"inLanguage":"cs"}]}},"_links":{"self":[{"href":"https:\/\/www.domkraftpro.com\/index.php\/wp-json\/wp\/v2\/product\/42301","targetHints":{"allow":["GET"]}}],"collection":[{"href":"https:\/\/www.domkraftpro.com\/index.php\/wp-json\/wp\/v2\/product"}],"about":[{"href":"https:\/\/www.domkraftpro.com\/index.php\/wp-json\/wp\/v2\/types\/product"}],"replies":[{"embeddable":true,"href":"https:\/\/www.domkraftpro.com\/index.php\/wp-json\/wp\/v2\/comments?post=42301"}],"wp:featuredmedia":[{"embeddable":true,"href":"https:\/\/www.domkraftpro.com\/index.php\/wp-json\/wp\/v2\/media\/42401"}],"wp:attachment":[{"href":"https:\/\/www.domkraftpro.com\/index.php\/wp-json\/wp\/v2\/media?parent=42301"}],"wp:term":[{"taxonomy":"product_brand","embeddable":true,"href":"https:\/\/www.domkraftpro.com\/index.php\/wp-json\/wp\/v2\/product_brand?post=42301"},{"taxonomy":"product_cat","embeddable":true,"href":"https:\/\/www.domkraftpro.com\/index.php\/wp-json\/wp\/v2\/product_cat?post=42301"},{"taxonomy":"product_tag","embeddable":true,"href":"https:\/\/www.domkraftpro.com\/index.php\/wp-json\/wp\/v2\/product_tag?post=42301"}],"curies":[{"name":"wp","href":"https:\/\/api.w.org\/{rel}","templated":true}]}}