{"id":42101,"date":"2026-04-27T04:42:15","date_gmt":"2026-04-27T04:42:15","guid":{"rendered":""},"modified":"2026-04-27T04:42:15","modified_gmt":"2026-04-27T04:42:15","slug":"akce-chudej-cove-300-mm-ocel-42101","status":"publish","type":"product","link":"https:\/\/www.domkraftpro.com\/index.php\/produkt\/akce-chudej-cove-300-mm-ocel-42101\/","title":{"rendered":"Akce Chud\u011bj Cove 300 mm ocel"},"content":{"rendered":"<div class=\"detail-description__right\">\n<div class=\"parameters\">\n<div class=\"table table--simple\">\n<table>\n<tbody>\n<tr>\n<td colspan=\"2\">\n<h4>Parametry<\/h4>\n<\/td>\n<\/tr>\n<tr data-perex=\"1\">\n<td>Materi\u00e1l<\/td>\n<td>ocel<\/td>\n<\/tr>\n<tr data-perex=\"1\">\n<td>T\u0159\u00edda zat\u00ed\u017een\u00ed<\/td>\n<td>K3<\/td>\n<\/tr>\n<tr>\n<td>Model<\/td>\n<td>COVE<\/td>\n<\/tr>\n<tr>\n<td>Antikorozn\u00ed ochrana<\/td>\n<td>&#8211;<\/td>\n<\/tr>\n<tr>\n<td>Barva<\/td>\n<td>st\u0159\u00edbrn\u00e1<\/td>\n<\/tr>\n<tr>\n<td>Tvar<\/td>\n<td>hranat\u00fd<\/td>\n<\/tr>\n<tr>\n<td>Uchycen\u00ed<\/td>\n<td>nacvaknut\u00ed<\/td>\n<\/tr>\n<tr>\n<td colspan=\"2\">\n<h4>Rozm\u011bry<\/h4>\n<\/td>\n<\/tr>\n<tr data-perex=\"1\">\n<td>D\u00e9lka<\/td>\n<td>300\u00a0\u2013 1000\u00a0mm<\/td>\n<\/tr>\n<tr data-perex=\"1\">\n<td>\u0160\u00ed\u0159ka<\/td>\n<td>74 mm<\/td>\n<\/tr>\n<tr>\n<td>V\u00fd\u0161ka<\/td>\n<td>16 mm<\/td>\n<\/tr>\n<tr>\n<td>Tlou\u0161\u0165ka<\/td>\n<td>1,5\u00a0mm<\/td>\n<\/tr>\n<tr>\n<td colspan=\"2\">\n<h4>Parametry<\/h4>\n<\/td>\n<\/tr>\n<tr>\n<td>P\u016fvod<\/td>\n<td>Vyrobeno v\u00a0\u010cR<\/td>\n<\/tr>\n<tr>\n<td>Z\u00e1ruka<\/td>\n<td>2 roky<\/td>\n<\/tr>\n<tr>\n<td>Zna\u010dka<\/td>\n<td>Chud\u011bj<\/td>\n<\/tr>\n<\/tbody>\n<\/table><\/div>\n<\/div><\/div>\n<div class=\"detail-description__top\">\t\t\t\t<\/div>\n<div class=\"detail-description__left\">\n<div class=\"detail-description__left__overflow\">\n<div class=\"detail-description__left__head\">\t\t\t\t\t\tPopis:\t\t\t\t\t<\/div>\n<div class=\"ul-style ul-style--check\">\n<p>M\u0159\u00ed\u017eka\u00a0m\u016fstkov\u00e9ho typu je vyrobena z <strong>nerezov\u00e9 oceli s\u00a0ozna\u010den\u00edm DIN 1.4301<\/strong>,\u00a0kter\u00e9 garantuje vynikaj\u00edc\u00ed odolnost\u00a0v\u016f\u010di korozi p\u0159i kontaktu s vodou. M\u0159\u00ed\u017eka spad\u00e1 do t\u0159\u00eddy zat\u00ed\u017een\u00ed K3, co\u017e umo\u017en\u011bje maxim\u00e1ln\u00ed zat\u00ed\u017een\u00ed 300 kg. Dostupn\u00e9 jsou rozm\u011bry o d\u00e9lce 300 a 1000 mm, kter\u00e9 lze kombinovat se stejn\u011b dlouh\u00fdmi \u017elaby.<\/p>\n<ul class=\"plusminus\">\n<li><i class=\"fas fa-check\"><\/i><span>Nerezov\u00fd materi\u00e1l<\/span><\/li>\n<\/ul>\n<\/div>\n<div class=\"detail-description__left__more\">\t\t\t\t\t\t<span> <\/span><span> <\/span>\t\t\t\t\t<\/div>\n<\/p><\/div>\n<\/p><\/div>\n<div class=\"detail-description__more\"><span> <\/span><span> <\/span><\/div>\n<\/p><\/div>\n<\/p><\/div>\n<div class=\"tab tab-detail-7\">\n<div class=\"table-size-classic  table-size--selectable\">\n<table>\n<thead>\n<tr>\n<th data-product-code=\"[&quot;K\u00f3d&quot;]\"><span class=\"selected\">Vybr\u00e1no<\/span><span>COVE<\/span><\/th>\n<th data-product-code=\"[&quot;31072&quot;]\"><span class=\"selected\">Vybr\u00e1no<\/span><span>300 mm<\/span><\/th>\n<th data-product-code=\"[&quot;31022&quot;]\"><span class=\"selected\">Vybr\u00e1no<\/span><span>1000 mm<\/span><\/th>\n<\/tr>\n<\/thead>\n<tbody>\n<tr class=\"space\">\n<td><\/td>\n<td><\/td>\n<td><\/td>\n<\/tr>\n<tr>\n<td><strong>D\u00e9lka<\/strong><\/td>\n<td>300 mm<\/td>\n<td>1000 mm<\/td>\n<\/tr>\n<tr>\n<td><strong>\u0160\u00ed\u0159ka<\/strong><\/td>\n<td>74 mm<\/td>\n<td>74 mm<\/td>\n<\/tr>\n<tr>\n<td><strong>V\u00fd\u0161ka<\/strong><\/td>\n<td>16 mm<\/td>\n<td>16 mm<\/td>\n<\/tr>\n<tr>\n<td><strong>Tlou\u0161\u0165ka<\/strong><\/td>\n<td>1,5 mm<\/td>\n<td>1,5 mm<\/td>\n<\/tr>\n<tr>\n<td><strong>Tvar ro\u0161tu<\/strong><\/td>\n<td>m\u016fstkov\u00fd<\/td>\n<td>m\u016fstkov\u00fd<\/td>\n<\/tr>\n<tr>\n<td><strong>T\u0159\u00edda zat\u00ed\u017een\u00ed<\/strong><\/td>\n<td>K3<\/td>\n<td>K3<\/td>\n<\/tr>\n<\/tbody>\n<\/table>\n<\/div><\/div>\n","protected":false},"excerpt":{"rendered":"<p>Parametry Materi\u00e1l ocel T\u0159\u00edda zat\u00ed\u017een\u00ed K3 Model COVE Antikorozn\u00ed ochrana &#8211; Barva st\u0159\u00edbrn\u00e1 Tvar hranat\u00fd Uchycen\u00ed nacvaknut\u00ed Rozm\u011bry D\u00e9lka 300\u00a0\u2013 1000\u00a0mm \u0160\u00ed\u0159ka 74 mm V\u00fd\u0161ka 16 mm Tlou\u0161\u0165ka 1,5\u00a0mm Parametry P\u016fvod Vyrobeno v\u00a0\u010cR Z\u00e1ruka 2 roky Zna\u010dka Chud\u011bj Popis: M\u0159\u00ed\u017eka\u00a0m\u016fstkov\u00e9ho typu je vyrobena z nerezov\u00e9 oceli s\u00a0ozna\u010den\u00edm DIN 1.4301,\u00a0kter\u00e9 garantuje vynikaj\u00edc\u00ed odolnost\u00a0v\u016f\u010di korozi p\u0159i kontaktu [&hellip;]<\/p>\n","protected":false},"featured_media":42201,"comment_status":"open","ping_status":"open","template":"","meta":[],"product_brand":[],"product_cat":[46],"product_tag":[],"class_list":{"0":"post-42101","1":"product","2":"type-product","3":"status-publish","4":"has-post-thumbnail","6":"product_cat-odvodneni","8":"first","9":"instock","10":"sale","11":"shipping-taxable","12":"purchasable","13":"product-type-simple"},"yoast_head":"<!-- This site is optimized with the Yoast SEO plugin v26.8 - https:\/\/yoast.com\/product\/yoast-seo-wordpress\/ -->\n<title>Akce Chud\u011bj Cove 300 mm ocel -<\/title>\n<meta name=\"robots\" content=\"index, follow, max-snippet:-1, max-image-preview:large, max-video-preview:-1\" \/>\n<link rel=\"canonical\" href=\"https:\/\/www.domkraftpro.com\/index.php\/produkt\/akce-chudej-cove-300-mm-ocel-42101\/\" \/>\n<meta property=\"og:locale\" content=\"cs_CZ\" \/>\n<meta property=\"og:type\" content=\"article\" \/>\n<meta property=\"og:title\" content=\"Akce Chud\u011bj Cove 300 mm ocel -\" \/>\n<meta property=\"og:description\" content=\"Parametry Materi\u00e1l ocel T\u0159\u00edda zat\u00ed\u017een\u00ed K3 Model COVE Antikorozn\u00ed ochrana &#8211; Barva st\u0159\u00edbrn\u00e1 Tvar hranat\u00fd Uchycen\u00ed nacvaknut\u00ed Rozm\u011bry D\u00e9lka 300\u00a0\u2013 1000\u00a0mm \u0160\u00ed\u0159ka 74 mm V\u00fd\u0161ka 16 mm Tlou\u0161\u0165ka 1,5\u00a0mm Parametry P\u016fvod Vyrobeno v\u00a0\u010cR Z\u00e1ruka 2 roky Zna\u010dka Chud\u011bj Popis: M\u0159\u00ed\u017eka\u00a0m\u016fstkov\u00e9ho typu je vyrobena z nerezov\u00e9 oceli s\u00a0ozna\u010den\u00edm DIN 1.4301,\u00a0kter\u00e9 garantuje vynikaj\u00edc\u00ed odolnost\u00a0v\u016f\u010di korozi p\u0159i kontaktu [&hellip;]\" \/>\n<meta property=\"og:url\" content=\"https:\/\/www.domkraftpro.com\/index.php\/produkt\/akce-chudej-cove-300-mm-ocel-42101\/\" \/>\n<meta property=\"og:image\" content=\"https:\/\/www.domkraftpro.com\/wp-content\/uploads\/2026\/SK0010620-CZ20260425-091936-0-1777079982-mrizka-chudej-cove-300-mm-ocel-w1200-h628-f8-5f6604c3e11f20.webp\" \/>\n\t<meta property=\"og:image:width\" content=\"1000\" \/>\n\t<meta property=\"og:image:height\" content=\"523\" \/>\n\t<meta property=\"og:image:type\" content=\"image\/webp\" \/>\n<meta name=\"twitter:card\" content=\"summary_large_image\" \/>\n<meta name=\"twitter:label1\" content=\"Odhadovan\u00e1 doba \u010dten\u00ed\" \/>\n\t<meta name=\"twitter:data1\" content=\"1 minuta\" \/>\n<script type=\"application\/ld+json\" class=\"yoast-schema-graph\">{\"@context\":\"https:\/\/schema.org\",\"@graph\":[{\"@type\":\"WebPage\",\"@id\":\"https:\/\/www.domkraftpro.com\/index.php\/produkt\/akce-chudej-cove-300-mm-ocel-42101\/\",\"url\":\"https:\/\/www.domkraftpro.com\/index.php\/produkt\/akce-chudej-cove-300-mm-ocel-42101\/\",\"name\":\"Akce Chud\u011bj Cove 300 mm ocel -\",\"isPartOf\":{\"@id\":\"https:\/\/www.domkraftpro.com\/#website\"},\"primaryImageOfPage\":{\"@id\":\"https:\/\/www.domkraftpro.com\/index.php\/produkt\/akce-chudej-cove-300-mm-ocel-42101\/#primaryimage\"},\"image\":{\"@id\":\"https:\/\/www.domkraftpro.com\/index.php\/produkt\/akce-chudej-cove-300-mm-ocel-42101\/#primaryimage\"},\"thumbnailUrl\":\"https:\/\/www.domkraftpro.com\/wp-content\/uploads\/2026\/SK0010620-CZ20260425-091936-0-1777079982-mrizka-chudej-cove-300-mm-ocel-w1200-h628-f8-5f6604c3e11f20.webp\",\"datePublished\":\"2026-04-27T04:42:15+00:00\",\"breadcrumb\":{\"@id\":\"https:\/\/www.domkraftpro.com\/index.php\/produkt\/akce-chudej-cove-300-mm-ocel-42101\/#breadcrumb\"},\"inLanguage\":\"cs\",\"potentialAction\":[{\"@type\":\"ReadAction\",\"target\":[\"https:\/\/www.domkraftpro.com\/index.php\/produkt\/akce-chudej-cove-300-mm-ocel-42101\/\"]}]},{\"@type\":\"ImageObject\",\"inLanguage\":\"cs\",\"@id\":\"https:\/\/www.domkraftpro.com\/index.php\/produkt\/akce-chudej-cove-300-mm-ocel-42101\/#primaryimage\",\"url\":\"https:\/\/www.domkraftpro.com\/wp-content\/uploads\/2026\/SK0010620-CZ20260425-091936-0-1777079982-mrizka-chudej-cove-300-mm-ocel-w1200-h628-f8-5f6604c3e11f20.webp\",\"contentUrl\":\"https:\/\/www.domkraftpro.com\/wp-content\/uploads\/2026\/SK0010620-CZ20260425-091936-0-1777079982-mrizka-chudej-cove-300-mm-ocel-w1200-h628-f8-5f6604c3e11f20.webp\",\"width\":1000,\"height\":523},{\"@type\":\"BreadcrumbList\",\"@id\":\"https:\/\/www.domkraftpro.com\/index.php\/produkt\/akce-chudej-cove-300-mm-ocel-42101\/#breadcrumb\",\"itemListElement\":[{\"@type\":\"ListItem\",\"position\":1,\"name\":\"Home\",\"item\":\"https:\/\/www.domkraftpro.com\/\"},{\"@type\":\"ListItem\",\"position\":2,\"name\":\"Products\",\"item\":\"https:\/\/www.domkraftpro.com\/index.php\/products\/\"},{\"@type\":\"ListItem\",\"position\":3,\"name\":\"Akce Chud\u011bj Cove 300 mm ocel\"}]},{\"@type\":\"WebSite\",\"@id\":\"https:\/\/www.domkraftpro.com\/#website\",\"url\":\"https:\/\/www.domkraftpro.com\/\",\"name\":\"\",\"description\":\"\",\"potentialAction\":[{\"@type\":\"SearchAction\",\"target\":{\"@type\":\"EntryPoint\",\"urlTemplate\":\"https:\/\/www.domkraftpro.com\/?s={search_term_string}\"},\"query-input\":{\"@type\":\"PropertyValueSpecification\",\"valueRequired\":true,\"valueName\":\"search_term_string\"}}],\"inLanguage\":\"cs\"}]}<\/script>\n<!-- \/ Yoast SEO plugin. -->","yoast_head_json":{"title":"Akce Chud\u011bj Cove 300 mm ocel -","robots":{"index":"index","follow":"follow","max-snippet":"max-snippet:-1","max-image-preview":"max-image-preview:large","max-video-preview":"max-video-preview:-1"},"canonical":"https:\/\/www.domkraftpro.com\/index.php\/produkt\/akce-chudej-cove-300-mm-ocel-42101\/","og_locale":"cs_CZ","og_type":"article","og_title":"Akce Chud\u011bj Cove 300 mm ocel -","og_description":"Parametry Materi\u00e1l ocel T\u0159\u00edda zat\u00ed\u017een\u00ed K3 Model COVE Antikorozn\u00ed ochrana &#8211; Barva st\u0159\u00edbrn\u00e1 Tvar hranat\u00fd Uchycen\u00ed nacvaknut\u00ed Rozm\u011bry D\u00e9lka 300\u00a0\u2013 1000\u00a0mm \u0160\u00ed\u0159ka 74 mm V\u00fd\u0161ka 16 mm Tlou\u0161\u0165ka 1,5\u00a0mm Parametry P\u016fvod Vyrobeno v\u00a0\u010cR Z\u00e1ruka 2 roky Zna\u010dka Chud\u011bj Popis: M\u0159\u00ed\u017eka\u00a0m\u016fstkov\u00e9ho typu je vyrobena z nerezov\u00e9 oceli s\u00a0ozna\u010den\u00edm DIN 1.4301,\u00a0kter\u00e9 garantuje vynikaj\u00edc\u00ed odolnost\u00a0v\u016f\u010di korozi p\u0159i kontaktu [&hellip;]","og_url":"https:\/\/www.domkraftpro.com\/index.php\/produkt\/akce-chudej-cove-300-mm-ocel-42101\/","og_image":[{"width":1000,"height":523,"url":"https:\/\/www.domkraftpro.com\/wp-content\/uploads\/2026\/SK0010620-CZ20260425-091936-0-1777079982-mrizka-chudej-cove-300-mm-ocel-w1200-h628-f8-5f6604c3e11f20.webp","type":"image\/webp"}],"twitter_card":"summary_large_image","twitter_misc":{"Odhadovan\u00e1 doba \u010dten\u00ed":"1 minuta"},"schema":{"@context":"https:\/\/schema.org","@graph":[{"@type":"WebPage","@id":"https:\/\/www.domkraftpro.com\/index.php\/produkt\/akce-chudej-cove-300-mm-ocel-42101\/","url":"https:\/\/www.domkraftpro.com\/index.php\/produkt\/akce-chudej-cove-300-mm-ocel-42101\/","name":"Akce Chud\u011bj Cove 300 mm ocel -","isPartOf":{"@id":"https:\/\/www.domkraftpro.com\/#website"},"primaryImageOfPage":{"@id":"https:\/\/www.domkraftpro.com\/index.php\/produkt\/akce-chudej-cove-300-mm-ocel-42101\/#primaryimage"},"image":{"@id":"https:\/\/www.domkraftpro.com\/index.php\/produkt\/akce-chudej-cove-300-mm-ocel-42101\/#primaryimage"},"thumbnailUrl":"https:\/\/www.domkraftpro.com\/wp-content\/uploads\/2026\/SK0010620-CZ20260425-091936-0-1777079982-mrizka-chudej-cove-300-mm-ocel-w1200-h628-f8-5f6604c3e11f20.webp","datePublished":"2026-04-27T04:42:15+00:00","breadcrumb":{"@id":"https:\/\/www.domkraftpro.com\/index.php\/produkt\/akce-chudej-cove-300-mm-ocel-42101\/#breadcrumb"},"inLanguage":"cs","potentialAction":[{"@type":"ReadAction","target":["https:\/\/www.domkraftpro.com\/index.php\/produkt\/akce-chudej-cove-300-mm-ocel-42101\/"]}]},{"@type":"ImageObject","inLanguage":"cs","@id":"https:\/\/www.domkraftpro.com\/index.php\/produkt\/akce-chudej-cove-300-mm-ocel-42101\/#primaryimage","url":"https:\/\/www.domkraftpro.com\/wp-content\/uploads\/2026\/SK0010620-CZ20260425-091936-0-1777079982-mrizka-chudej-cove-300-mm-ocel-w1200-h628-f8-5f6604c3e11f20.webp","contentUrl":"https:\/\/www.domkraftpro.com\/wp-content\/uploads\/2026\/SK0010620-CZ20260425-091936-0-1777079982-mrizka-chudej-cove-300-mm-ocel-w1200-h628-f8-5f6604c3e11f20.webp","width":1000,"height":523},{"@type":"BreadcrumbList","@id":"https:\/\/www.domkraftpro.com\/index.php\/produkt\/akce-chudej-cove-300-mm-ocel-42101\/#breadcrumb","itemListElement":[{"@type":"ListItem","position":1,"name":"Home","item":"https:\/\/www.domkraftpro.com\/"},{"@type":"ListItem","position":2,"name":"Products","item":"https:\/\/www.domkraftpro.com\/index.php\/products\/"},{"@type":"ListItem","position":3,"name":"Akce Chud\u011bj Cove 300 mm ocel"}]},{"@type":"WebSite","@id":"https:\/\/www.domkraftpro.com\/#website","url":"https:\/\/www.domkraftpro.com\/","name":"","description":"","potentialAction":[{"@type":"SearchAction","target":{"@type":"EntryPoint","urlTemplate":"https:\/\/www.domkraftpro.com\/?s={search_term_string}"},"query-input":{"@type":"PropertyValueSpecification","valueRequired":true,"valueName":"search_term_string"}}],"inLanguage":"cs"}]}},"_links":{"self":[{"href":"https:\/\/www.domkraftpro.com\/index.php\/wp-json\/wp\/v2\/product\/42101","targetHints":{"allow":["GET"]}}],"collection":[{"href":"https:\/\/www.domkraftpro.com\/index.php\/wp-json\/wp\/v2\/product"}],"about":[{"href":"https:\/\/www.domkraftpro.com\/index.php\/wp-json\/wp\/v2\/types\/product"}],"replies":[{"embeddable":true,"href":"https:\/\/www.domkraftpro.com\/index.php\/wp-json\/wp\/v2\/comments?post=42101"}],"wp:featuredmedia":[{"embeddable":true,"href":"https:\/\/www.domkraftpro.com\/index.php\/wp-json\/wp\/v2\/media\/42201"}],"wp:attachment":[{"href":"https:\/\/www.domkraftpro.com\/index.php\/wp-json\/wp\/v2\/media?parent=42101"}],"wp:term":[{"taxonomy":"product_brand","embeddable":true,"href":"https:\/\/www.domkraftpro.com\/index.php\/wp-json\/wp\/v2\/product_brand?post=42101"},{"taxonomy":"product_cat","embeddable":true,"href":"https:\/\/www.domkraftpro.com\/index.php\/wp-json\/wp\/v2\/product_cat?post=42101"},{"taxonomy":"product_tag","embeddable":true,"href":"https:\/\/www.domkraftpro.com\/index.php\/wp-json\/wp\/v2\/product_tag?post=42101"}],"curies":[{"name":"wp","href":"https:\/\/api.w.org\/{rel}","templated":true}]}}