{"id":41925,"date":"2026-04-27T04:42:15","date_gmt":"2026-04-27T04:42:15","guid":{"rendered":""},"modified":"2026-04-27T04:42:15","modified_gmt":"2026-04-27T04:42:15","slug":"akce-kasi-ar-v-60-mm-41925","status":"publish","type":"product","link":"https:\/\/www.domkraftpro.com\/index.php\/produkt\/akce-kasi-ar-v-60-mm-41925\/","title":{"rendered":"Akce Kasi AR-V 60 mm"},"content":{"rendered":"<div class=\"detail-description__right\">\n<div class=\"parameters\">\n<div class=\"table table--simple\">\n<table>\n<tbody>\n<tr>\n<td colspan=\"2\">\n<h4>Parametry<\/h4>\n<\/td>\n<\/tr>\n<tr>\n<td>Materi\u00e1l<\/td>\n<td>beton<\/td>\n<\/tr>\n<tr>\n<td>Norma<\/td>\n<td>\u010cSN EN 1917<\/td>\n<\/tr>\n<tr>\n<td>Pevnost betonu<\/td>\n<td>45 MPa<\/td>\n<\/tr>\n<tr>\n<td>T\u0159\u00edda betonu<\/td>\n<td>C 35\/45<\/td>\n<\/tr>\n<tr>\n<td>Chemick\u00e1 odolnost<\/td>\n<td>XF4<\/td>\n<\/tr>\n<tr>\n<td colspan=\"2\">\n<h4>Rozm\u011bry<\/h4>\n<\/td>\n<\/tr>\n<tr>\n<td>V\u00fd\u0161ka<\/td>\n<td>40\u00a0\u2013 120\u00a0mm<\/td>\n<\/tr>\n<tr>\n<td>Vnit\u0159n\u00ed pr\u016fm\u011br<\/td>\n<td>625 mm<\/td>\n<\/tr>\n<tr>\n<td>Vn\u011bj\u0161\u00ed pr\u016fm\u011br<\/td>\n<td>865 mm<\/td>\n<\/tr>\n<tr>\n<td>S\u00edla st\u011bny<\/td>\n<td>120 mm<\/td>\n<\/tr>\n<tr>\n<td colspan=\"2\">\n<h4>Trvanlivost<\/h4>\n<\/td>\n<\/tr>\n<tr>\n<td>T\u0159\u00edda pevnosti<\/td>\n<td>30<\/td>\n<\/tr>\n<tr>\n<td>Vodn\u00ed sou\u010dinitel<\/td>\n<td>0,45<\/td>\n<\/tr>\n<tr>\n<td>Maxim\u00e1ln\u00ed obsah chlorid\u016f v\u00a0betonu<\/td>\n<td>0,40\u00a0%<\/td>\n<\/tr>\n<tr>\n<td>Maxim\u00e1ln\u00ed nas\u00e1kavost<\/td>\n<td>6,00\u00a0%<\/td>\n<\/tr>\n<tr>\n<td colspan=\"2\">\n<h4>Parametry<\/h4>\n<\/td>\n<\/tr>\n<tr>\n<td>P\u016fvod<\/td>\n<td>Vyrobeno v\u00a0\u010cR<\/td>\n<\/tr>\n<tr>\n<td>Z\u00e1ruka<\/td>\n<td>2 roky<\/td>\n<\/tr>\n<tr>\n<td>Zna\u010dka<\/td>\n<td>Kasi<\/td>\n<\/tr>\n<\/tbody>\n<\/table><\/div>\n<\/div><\/div>\n<div class=\"detail-description__top\">\t\t\t\t<\/div>\n<div class=\"detail-description__left\">\n<div class=\"detail-description__left__overflow\">\n<div class=\"detail-description__left__head\">\t\t\t\t\t\tPopis:\t\t\t\t\t<\/div>\n<div class=\"ul-style ul-style--check\">\n<p>Betonov\u00fd vyrovn\u00e1vac\u00ed prstenec <strong>se z\u00e1mkem<\/strong>, kter\u00fd je ve form\u011b osazen\u00ed a zamezuje posuvu jednotliv\u00fdch prvk\u016f mezi sebou. Vyrobeno z <strong>betonu t\u0159\u00eddy C 35\/45<\/strong>.\u00a0Prstence mus\u00ed b\u00fdt pokl\u00e1d\u00e1ny na vrchn\u00ed d\u00edl \u0161achty a na sebe v\u017edy na maltov\u00e9 nebo z\u00e1livkov\u00e9 lo\u017ee s minim\u00e1ln\u00ed pevnost\u00ed 45 MPa a odolnost\u00ed XF4.<\/p>\n<\/div>\n<div class=\"detail-description__left__more\">\t\t\t\t\t\t<span> <\/span><span> <\/span>\t\t\t\t\t<\/div>\n<\/p><\/div>\n<\/p><\/div>\n<div class=\"detail-description__more\"><span> <\/span><span> <\/span><\/div>\n<\/p><\/div>\n<\/p><\/div>\n<div class=\"tab tab-detail-7\">\n<div class=\"table-size-classic  table-size--selectable\">\n<table>\n<thead>\n<tr>\n<th data-product-code=\"[&quot;K\u00f3d&quot;]\"><span class=\"selected\">Vybr\u00e1no<\/span><span>Rozm\u011bry<\/span><\/th>\n<th data-product-code=\"[&quot;BAR-V04&quot;]\"><span class=\"selected\">Vybr\u00e1no<\/span><span>40 mm<\/span><\/th>\n<th data-product-code=\"[&quot;BAR-V06&quot;]\"><span class=\"selected\">Vybr\u00e1no<\/span><span>60 mm<\/span><\/th>\n<th data-product-code=\"[&quot;BAR-V08&quot;]\"><span class=\"selected\">Vybr\u00e1no<\/span><span>80 mm<\/span><\/th>\n<th data-product-code=\"[&quot;BAR-V10&quot;]\"><span class=\"selected\">Vybr\u00e1no<\/span><span>100 mm<\/span><\/th>\n<th data-product-code=\"[&quot;BAR-V12&quot;]\"><span class=\"selected\">Vybr\u00e1no<\/span><span>120 mm<\/span><\/th>\n<\/tr>\n<\/thead>\n<tbody>\n<tr class=\"space\">\n<td><\/td>\n<td><\/td>\n<td><\/td>\n<td><\/td>\n<td><\/td>\n<td><\/td>\n<\/tr>\n<tr>\n<td><strong>Vnit\u0159n\u00ed pr\u016fm\u011br<\/strong><\/td>\n<td>625 mm<\/td>\n<td>625 mm<\/td>\n<td>625 mm<\/td>\n<td>625 mm<\/td>\n<td>625 mm<\/td>\n<\/tr>\n<tr>\n<td><strong>Vn\u011bj\u0161\u00ed pr\u016fm\u011br<\/strong><\/td>\n<td>865 mm<\/td>\n<td>865 mm<\/td>\n<td>865 mm<\/td>\n<td>865 mm<\/td>\n<td>865 mm<\/td>\n<\/tr>\n<tr>\n<td><strong>V\u00fd\u0161ka<\/strong><\/td>\n<td>40 mm<\/td>\n<td>60 mm<\/td>\n<td>80 mm<\/td>\n<td>100 mm<\/td>\n<td>120 mm<\/td>\n<\/tr>\n<tr>\n<td><strong>S\u00edla st\u011bny<\/strong><\/td>\n<td>120 mm<\/td>\n<td>120 mm<\/td>\n<td>120 mm<\/td>\n<td>120 mm<\/td>\n<td>120 mm<\/td>\n<\/tr>\n<tr>\n<td><strong>Hmotnost<\/strong><\/td>\n<td>26 kg<\/td>\n<td>39 kg<\/td>\n<td>52 kg<\/td>\n<td>65 kg<\/td>\n<td>79 kg<\/td>\n<\/tr>\n<\/tbody>\n<\/table>\n<\/div><\/div>\n","protected":false},"excerpt":{"rendered":"<p>Parametry Materi\u00e1l beton Norma \u010cSN EN 1917 Pevnost betonu 45 MPa T\u0159\u00edda betonu C 35\/45 Chemick\u00e1 odolnost XF4 Rozm\u011bry V\u00fd\u0161ka 40\u00a0\u2013 120\u00a0mm Vnit\u0159n\u00ed pr\u016fm\u011br 625 mm Vn\u011bj\u0161\u00ed pr\u016fm\u011br 865 mm S\u00edla st\u011bny 120 mm Trvanlivost T\u0159\u00edda pevnosti 30 Vodn\u00ed sou\u010dinitel 0,45 Maxim\u00e1ln\u00ed obsah chlorid\u016f v\u00a0betonu 0,40\u00a0% Maxim\u00e1ln\u00ed nas\u00e1kavost 6,00\u00a0% Parametry P\u016fvod Vyrobeno v\u00a0\u010cR Z\u00e1ruka 2 [&hellip;]<\/p>\n","protected":false},"featured_media":42025,"comment_status":"open","ping_status":"open","template":"","meta":[],"product_brand":[],"product_cat":[46],"product_tag":[],"class_list":{"0":"post-41925","1":"product","2":"type-product","3":"status-publish","4":"has-post-thumbnail","6":"product_cat-odvodneni","8":"first","9":"instock","10":"sale","11":"shipping-taxable","12":"purchasable","13":"product-type-simple"},"yoast_head":"<!-- This site is optimized with the Yoast SEO plugin v26.8 - https:\/\/yoast.com\/product\/yoast-seo-wordpress\/ -->\n<title>Akce Kasi AR-V 60 mm -<\/title>\n<meta name=\"robots\" content=\"index, follow, max-snippet:-1, max-image-preview:large, max-video-preview:-1\" \/>\n<link rel=\"canonical\" href=\"https:\/\/www.domkraftpro.com\/index.php\/produkt\/akce-kasi-ar-v-60-mm-41925\/\" \/>\n<meta property=\"og:locale\" content=\"cs_CZ\" \/>\n<meta property=\"og:type\" content=\"article\" \/>\n<meta property=\"og:title\" content=\"Akce Kasi AR-V 60 mm -\" \/>\n<meta property=\"og:description\" content=\"Parametry Materi\u00e1l beton Norma \u010cSN EN 1917 Pevnost betonu 45 MPa T\u0159\u00edda betonu C 35\/45 Chemick\u00e1 odolnost XF4 Rozm\u011bry V\u00fd\u0161ka 40\u00a0\u2013 120\u00a0mm Vnit\u0159n\u00ed pr\u016fm\u011br 625 mm Vn\u011bj\u0161\u00ed pr\u016fm\u011br 865 mm S\u00edla st\u011bny 120 mm Trvanlivost T\u0159\u00edda pevnosti 30 Vodn\u00ed sou\u010dinitel 0,45 Maxim\u00e1ln\u00ed obsah chlorid\u016f v\u00a0betonu 0,40\u00a0% Maxim\u00e1ln\u00ed nas\u00e1kavost 6,00\u00a0% Parametry P\u016fvod Vyrobeno v\u00a0\u010cR Z\u00e1ruka 2 [&hellip;]\" \/>\n<meta property=\"og:url\" content=\"https:\/\/www.domkraftpro.com\/index.php\/produkt\/akce-kasi-ar-v-60-mm-41925\/\" \/>\n<meta property=\"og:image\" content=\"https:\/\/www.domkraftpro.com\/wp-content\/uploads\/2026\/SK0010543-CZ20260425-091936-0-1777079982-vyrovnavaci-prstenec-kasi-ar-v-60-mm-w1200-h628-f8-8e22371f.webp\" \/>\n\t<meta property=\"og:image:width\" content=\"1000\" \/>\n\t<meta property=\"og:image:height\" content=\"523\" \/>\n\t<meta property=\"og:image:type\" content=\"image\/webp\" \/>\n<meta name=\"twitter:card\" content=\"summary_large_image\" \/>\n<meta name=\"twitter:label1\" content=\"Odhadovan\u00e1 doba \u010dten\u00ed\" \/>\n\t<meta name=\"twitter:data1\" content=\"1 minuta\" \/>\n<script type=\"application\/ld+json\" class=\"yoast-schema-graph\">{\"@context\":\"https:\/\/schema.org\",\"@graph\":[{\"@type\":\"WebPage\",\"@id\":\"https:\/\/www.domkraftpro.com\/index.php\/produkt\/akce-kasi-ar-v-60-mm-41925\/\",\"url\":\"https:\/\/www.domkraftpro.com\/index.php\/produkt\/akce-kasi-ar-v-60-mm-41925\/\",\"name\":\"Akce Kasi AR-V 60 mm -\",\"isPartOf\":{\"@id\":\"https:\/\/www.domkraftpro.com\/#website\"},\"primaryImageOfPage\":{\"@id\":\"https:\/\/www.domkraftpro.com\/index.php\/produkt\/akce-kasi-ar-v-60-mm-41925\/#primaryimage\"},\"image\":{\"@id\":\"https:\/\/www.domkraftpro.com\/index.php\/produkt\/akce-kasi-ar-v-60-mm-41925\/#primaryimage\"},\"thumbnailUrl\":\"https:\/\/www.domkraftpro.com\/wp-content\/uploads\/2026\/SK0010543-CZ20260425-091936-0-1777079982-vyrovnavaci-prstenec-kasi-ar-v-60-mm-w1200-h628-f8-8e22371f.webp\",\"datePublished\":\"2026-04-27T04:42:15+00:00\",\"breadcrumb\":{\"@id\":\"https:\/\/www.domkraftpro.com\/index.php\/produkt\/akce-kasi-ar-v-60-mm-41925\/#breadcrumb\"},\"inLanguage\":\"cs\",\"potentialAction\":[{\"@type\":\"ReadAction\",\"target\":[\"https:\/\/www.domkraftpro.com\/index.php\/produkt\/akce-kasi-ar-v-60-mm-41925\/\"]}]},{\"@type\":\"ImageObject\",\"inLanguage\":\"cs\",\"@id\":\"https:\/\/www.domkraftpro.com\/index.php\/produkt\/akce-kasi-ar-v-60-mm-41925\/#primaryimage\",\"url\":\"https:\/\/www.domkraftpro.com\/wp-content\/uploads\/2026\/SK0010543-CZ20260425-091936-0-1777079982-vyrovnavaci-prstenec-kasi-ar-v-60-mm-w1200-h628-f8-8e22371f.webp\",\"contentUrl\":\"https:\/\/www.domkraftpro.com\/wp-content\/uploads\/2026\/SK0010543-CZ20260425-091936-0-1777079982-vyrovnavaci-prstenec-kasi-ar-v-60-mm-w1200-h628-f8-8e22371f.webp\",\"width\":1000,\"height\":523},{\"@type\":\"BreadcrumbList\",\"@id\":\"https:\/\/www.domkraftpro.com\/index.php\/produkt\/akce-kasi-ar-v-60-mm-41925\/#breadcrumb\",\"itemListElement\":[{\"@type\":\"ListItem\",\"position\":1,\"name\":\"Home\",\"item\":\"https:\/\/www.domkraftpro.com\/\"},{\"@type\":\"ListItem\",\"position\":2,\"name\":\"Products\",\"item\":\"https:\/\/www.domkraftpro.com\/index.php\/products\/\"},{\"@type\":\"ListItem\",\"position\":3,\"name\":\"Akce Kasi AR-V 60 mm\"}]},{\"@type\":\"WebSite\",\"@id\":\"https:\/\/www.domkraftpro.com\/#website\",\"url\":\"https:\/\/www.domkraftpro.com\/\",\"name\":\"\",\"description\":\"\",\"potentialAction\":[{\"@type\":\"SearchAction\",\"target\":{\"@type\":\"EntryPoint\",\"urlTemplate\":\"https:\/\/www.domkraftpro.com\/?s={search_term_string}\"},\"query-input\":{\"@type\":\"PropertyValueSpecification\",\"valueRequired\":true,\"valueName\":\"search_term_string\"}}],\"inLanguage\":\"cs\"}]}<\/script>\n<!-- \/ Yoast SEO plugin. -->","yoast_head_json":{"title":"Akce Kasi AR-V 60 mm -","robots":{"index":"index","follow":"follow","max-snippet":"max-snippet:-1","max-image-preview":"max-image-preview:large","max-video-preview":"max-video-preview:-1"},"canonical":"https:\/\/www.domkraftpro.com\/index.php\/produkt\/akce-kasi-ar-v-60-mm-41925\/","og_locale":"cs_CZ","og_type":"article","og_title":"Akce Kasi AR-V 60 mm -","og_description":"Parametry Materi\u00e1l beton Norma \u010cSN EN 1917 Pevnost betonu 45 MPa T\u0159\u00edda betonu C 35\/45 Chemick\u00e1 odolnost XF4 Rozm\u011bry V\u00fd\u0161ka 40\u00a0\u2013 120\u00a0mm Vnit\u0159n\u00ed pr\u016fm\u011br 625 mm Vn\u011bj\u0161\u00ed pr\u016fm\u011br 865 mm S\u00edla st\u011bny 120 mm Trvanlivost T\u0159\u00edda pevnosti 30 Vodn\u00ed sou\u010dinitel 0,45 Maxim\u00e1ln\u00ed obsah chlorid\u016f v\u00a0betonu 0,40\u00a0% Maxim\u00e1ln\u00ed nas\u00e1kavost 6,00\u00a0% Parametry P\u016fvod Vyrobeno v\u00a0\u010cR Z\u00e1ruka 2 [&hellip;]","og_url":"https:\/\/www.domkraftpro.com\/index.php\/produkt\/akce-kasi-ar-v-60-mm-41925\/","og_image":[{"width":1000,"height":523,"url":"https:\/\/www.domkraftpro.com\/wp-content\/uploads\/2026\/SK0010543-CZ20260425-091936-0-1777079982-vyrovnavaci-prstenec-kasi-ar-v-60-mm-w1200-h628-f8-8e22371f.webp","type":"image\/webp"}],"twitter_card":"summary_large_image","twitter_misc":{"Odhadovan\u00e1 doba \u010dten\u00ed":"1 minuta"},"schema":{"@context":"https:\/\/schema.org","@graph":[{"@type":"WebPage","@id":"https:\/\/www.domkraftpro.com\/index.php\/produkt\/akce-kasi-ar-v-60-mm-41925\/","url":"https:\/\/www.domkraftpro.com\/index.php\/produkt\/akce-kasi-ar-v-60-mm-41925\/","name":"Akce Kasi AR-V 60 mm -","isPartOf":{"@id":"https:\/\/www.domkraftpro.com\/#website"},"primaryImageOfPage":{"@id":"https:\/\/www.domkraftpro.com\/index.php\/produkt\/akce-kasi-ar-v-60-mm-41925\/#primaryimage"},"image":{"@id":"https:\/\/www.domkraftpro.com\/index.php\/produkt\/akce-kasi-ar-v-60-mm-41925\/#primaryimage"},"thumbnailUrl":"https:\/\/www.domkraftpro.com\/wp-content\/uploads\/2026\/SK0010543-CZ20260425-091936-0-1777079982-vyrovnavaci-prstenec-kasi-ar-v-60-mm-w1200-h628-f8-8e22371f.webp","datePublished":"2026-04-27T04:42:15+00:00","breadcrumb":{"@id":"https:\/\/www.domkraftpro.com\/index.php\/produkt\/akce-kasi-ar-v-60-mm-41925\/#breadcrumb"},"inLanguage":"cs","potentialAction":[{"@type":"ReadAction","target":["https:\/\/www.domkraftpro.com\/index.php\/produkt\/akce-kasi-ar-v-60-mm-41925\/"]}]},{"@type":"ImageObject","inLanguage":"cs","@id":"https:\/\/www.domkraftpro.com\/index.php\/produkt\/akce-kasi-ar-v-60-mm-41925\/#primaryimage","url":"https:\/\/www.domkraftpro.com\/wp-content\/uploads\/2026\/SK0010543-CZ20260425-091936-0-1777079982-vyrovnavaci-prstenec-kasi-ar-v-60-mm-w1200-h628-f8-8e22371f.webp","contentUrl":"https:\/\/www.domkraftpro.com\/wp-content\/uploads\/2026\/SK0010543-CZ20260425-091936-0-1777079982-vyrovnavaci-prstenec-kasi-ar-v-60-mm-w1200-h628-f8-8e22371f.webp","width":1000,"height":523},{"@type":"BreadcrumbList","@id":"https:\/\/www.domkraftpro.com\/index.php\/produkt\/akce-kasi-ar-v-60-mm-41925\/#breadcrumb","itemListElement":[{"@type":"ListItem","position":1,"name":"Home","item":"https:\/\/www.domkraftpro.com\/"},{"@type":"ListItem","position":2,"name":"Products","item":"https:\/\/www.domkraftpro.com\/index.php\/products\/"},{"@type":"ListItem","position":3,"name":"Akce Kasi AR-V 60 mm"}]},{"@type":"WebSite","@id":"https:\/\/www.domkraftpro.com\/#website","url":"https:\/\/www.domkraftpro.com\/","name":"","description":"","potentialAction":[{"@type":"SearchAction","target":{"@type":"EntryPoint","urlTemplate":"https:\/\/www.domkraftpro.com\/?s={search_term_string}"},"query-input":{"@type":"PropertyValueSpecification","valueRequired":true,"valueName":"search_term_string"}}],"inLanguage":"cs"}]}},"_links":{"self":[{"href":"https:\/\/www.domkraftpro.com\/index.php\/wp-json\/wp\/v2\/product\/41925","targetHints":{"allow":["GET"]}}],"collection":[{"href":"https:\/\/www.domkraftpro.com\/index.php\/wp-json\/wp\/v2\/product"}],"about":[{"href":"https:\/\/www.domkraftpro.com\/index.php\/wp-json\/wp\/v2\/types\/product"}],"replies":[{"embeddable":true,"href":"https:\/\/www.domkraftpro.com\/index.php\/wp-json\/wp\/v2\/comments?post=41925"}],"wp:featuredmedia":[{"embeddable":true,"href":"https:\/\/www.domkraftpro.com\/index.php\/wp-json\/wp\/v2\/media\/42025"}],"wp:attachment":[{"href":"https:\/\/www.domkraftpro.com\/index.php\/wp-json\/wp\/v2\/media?parent=41925"}],"wp:term":[{"taxonomy":"product_brand","embeddable":true,"href":"https:\/\/www.domkraftpro.com\/index.php\/wp-json\/wp\/v2\/product_brand?post=41925"},{"taxonomy":"product_cat","embeddable":true,"href":"https:\/\/www.domkraftpro.com\/index.php\/wp-json\/wp\/v2\/product_cat?post=41925"},{"taxonomy":"product_tag","embeddable":true,"href":"https:\/\/www.domkraftpro.com\/index.php\/wp-json\/wp\/v2\/product_tag?post=41925"}],"curies":[{"name":"wp","href":"https:\/\/api.w.org\/{rel}","templated":true}]}}